{"id":4184,"date":"2025-09-11T14:31:10","date_gmt":"2025-09-11T12:31:10","guid":{"rendered":"https:\/\/aufildespierres.com\/?post_type=product&#038;p=4184"},"modified":"2025-09-11T14:31:11","modified_gmt":"2025-09-11T12:31:11","slug":"crocodile-en-malachite","status":"publish","type":"product","link":"https:\/\/aufildespierres.com\/index.php\/product\/crocodile-en-malachite\/","title":{"rendered":"Crocodile en Malachite"},"content":{"rendered":"<p><strong>Crocodile en Malachite\u00a0<\/strong><\/p>\n<p>sculpt\u00e9 \u00e0 la main dans une entreprise qui respecte une bonne \u00e9thique .Belle qualit\u00e9\u00a0 .<\/p>\n<p>177 grammes\u00a0 longueur 13,5 cm\u00a0 \u00e9paisseur environ 2 cm<\/p>\n<h3 data-start=\"258\" data-end=\"309\"><\/h3>\n<p data-start=\"310\" data-end=\"608\">D\u00e9couvrez ce <strong data-start=\"323\" data-end=\"367\">crocodile sculpt\u00e9 en malachite naturelle<\/strong>, une pi\u00e8ce unique qui allie la beaut\u00e9 des pierres aux symboles puissants du r\u00e8gne animal. La malachite, pierre aux <strong data-start=\"483\" data-end=\"522\">nuances vertes profondes et vein\u00e9es<\/strong>, est r\u00e9put\u00e9e depuis l\u2019Antiquit\u00e9 pour ses vertus de transformation et de protection.<\/p>\n<h3 data-start=\"610\" data-end=\"638\">Vertus de la Malachite<\/h3>\n<p data-start=\"639\" data-end=\"728\">En lithoth\u00e9rapie, la malachite est une pierre de gu\u00e9rison et d\u2019\u00e9volution. Elle aide \u00e0 :<\/p>\n<ul data-start=\"729\" data-end=\"936\">\n<li data-start=\"729\" data-end=\"799\">\n<p data-start=\"731\" data-end=\"799\">Lib\u00e9rer les blocages \u00e9motionnels et favoriser la confiance en soi.<\/p>\n<\/li>\n<li data-start=\"800\" data-end=\"866\">\n<p data-start=\"802\" data-end=\"866\">Prot\u00e9ger des \u00e9nergies n\u00e9gatives et des influences ext\u00e9rieures.<\/p>\n<\/li>\n<li data-start=\"867\" data-end=\"936\">\n<p data-start=\"869\" data-end=\"936\">Stimuler la cr\u00e9ativit\u00e9 et accompagner les p\u00e9riodes de changement.<\/p>\n<\/li>\n<\/ul>\n<p data-start=\"938\" data-end=\"1068\">Plac\u00e9e dans un espace de vie ou de travail, elle apporte une \u00e9nergie apaisante et protectrice tout en purifiant l\u2019environnement.<\/p>\n<h3 data-start=\"1070\" data-end=\"1099\">Symbolique du Crocodile<\/h3>\n<p data-start=\"1100\" data-end=\"1413\">Le crocodile est un symbole de <strong data-start=\"1131\" data-end=\"1172\">force, de r\u00e9silience et de protection<\/strong>. Dans de nombreuses cultures, il repr\u00e9sente la puissance int\u00e9rieure, l\u2019instinct et la capacit\u00e9 \u00e0 traverser les \u00e9preuves avec sagesse. Associ\u00e9 \u00e0 la malachite, il devient un <strong data-start=\"1345\" data-end=\"1364\">alli\u00e9 spirituel<\/strong> alliant puissance animale et \u00e9nergie min\u00e9rale.<\/p>\n<h3 data-start=\"1415\" data-end=\"1463\">Un objet unique pour d\u00e9coration et \u00e9nergie<\/h3>\n<p data-start=\"1464\" data-end=\"1788\">Cette sculpture en malachite trouvera sa place aussi bien comme <strong data-start=\"1528\" data-end=\"1555\">objet d\u00e9coratif raffin\u00e9<\/strong> que comme <strong data-start=\"1566\" data-end=\"1587\">outil \u00e9nerg\u00e9tique<\/strong>. Que vous soyez collectionneur, passionn\u00e9 de lithoth\u00e9rapie ou \u00e0 la recherche d\u2019un cadeau original, ce crocodile en malachite apportera <strong data-start=\"1723\" data-end=\"1765\">\u00e9l\u00e9gance, protection et transformation<\/strong> \u00e0 son environnement.<\/p>\n<p data-start=\"1795\" data-end=\"1962\" data-is-last-node=\"\" data-is-only-node=\"\">\n","protected":false},"excerpt":{"rendered":"<p>Crocodile en Malachite\u00a0 sculpt\u00e9 \u00e0 la main dans une entreprise qui respecte une bonne \u00e9thique .Belle qualit\u00e9\u00a0 . 177 grammes\u00a0 longueur 13,5 cm\u00a0 \u00e9paisseur environ 2 cm D\u00e9couvrez ce crocodile sculpt\u00e9 en malachite naturelle, une pi\u00e8ce unique qui allie la beaut\u00e9 des pierres aux symboles puissants du r\u00e8gne animal. La malachite, pierre aux nuances vertes [&hellip;]<\/p>\n","protected":false},"featured_media":4185,"comment_status":"open","ping_status":"closed","template":"","meta":{"site-sidebar-layout":"default","site-content-layout":"","ast-site-content-layout":"default","site-content-style":"default","site-sidebar-style":"default","ast-global-header-display":"","ast-banner-title-visibility":"","ast-main-header-display":"","ast-hfb-above-header-display":"","ast-hfb-below-header-display":"","ast-hfb-mobile-header-display":"","site-post-title":"","ast-breadcrumbs-content":"","ast-featured-img":"","footer-sml-layout":"","ast-disable-related-posts":"","theme-transparent-header-meta":"default","adv-header-id-meta":"","stick-header-meta":"","header-above-stick-meta":"","header-main-stick-meta":"","header-below-stick-meta":"","astra-migrate-meta-layouts":"set","ast-page-background-enabled":"default","ast-page-background-meta":{"desktop":{"background-color":"var(--ast-global-color-4)","background-image":"","background-repeat":"repeat","background-position":"center center","background-size":"auto","background-attachment":"scroll","background-type":"","background-media":"","overlay-type":"","overlay-color":"","overlay-opacity":"","overlay-gradient":""},"tablet":{"background-color":"","background-image":"","background-repeat":"repeat","background-position":"center center","background-size":"auto","background-attachment":"scroll","background-type":"","background-media":"","overlay-type":"","overlay-color":"","overlay-opacity":"","overlay-gradient":""},"mobile":{"background-color":"","background-image":"","background-repeat":"repeat","background-position":"center center","background-size":"auto","background-attachment":"scroll","background-type":"","background-media":"","overlay-type":"","overlay-color":"","overlay-opacity":"","overlay-gradient":""}},"ast-content-background-meta":{"desktop":{"background-color":"var(--ast-global-color-5)","background-image":"","background-repeat":"repeat","background-position":"center center","background-size":"auto","background-attachment":"scroll","background-type":"","background-media":"","overlay-type":"","overlay-color":"","overlay-opacity":"","overlay-gradient":""},"tablet":{"background-color":"var(--ast-global-color-5)","background-image":"","background-repeat":"repeat","background-position":"center center","background-size":"auto","background-attachment":"scroll","background-type":"","background-media":"","overlay-type":"","overlay-color":"","overlay-opacity":"","overlay-gradient":""},"mobile":{"background-color":"var(--ast-global-color-5)","background-image":"","background-repeat":"repeat","background-position":"center center","background-size":"auto","background-attachment":"scroll","background-type":"","background-media":"","overlay-type":"","overlay-color":"","overlay-opacity":"","overlay-gradient":""}},"_glsr_average":0,"_glsr_ranking":0,"_glsr_reviews":0},"product_brand":[],"product_cat":[239,121,32,78],"product_tag":[],"class_list":{"0":"post-4184","1":"product","2":"type-product","3":"status-publish","4":"has-post-thumbnail","6":"product_cat-figurines-et-animaux","7":"product_cat-malachite","8":"product_cat-pierres-polies","9":"product_cat-vert","10":"desktop-align-left","11":"tablet-align-left","12":"mobile-align-left","14":"first","15":"instock","16":"purchasable","17":"product-type-simple"},"yoast_head":"<!-- This site is optimized with the Yoast SEO plugin v27.5 - https:\/\/yoast.com\/product\/yoast-seo-wordpress\/ -->\n<title>Crocodile en Malachite - Au fil des pierres<\/title>\n<meta name=\"description\" content=\"Crocodile en malachite naturelle, sculpture artisanale unique aux reflets verts profonds. Symbole de force et de protection, il apporte \u00e9nergie et \u00e9l\u00e9gance \u00e0 votre int\u00e9rieur.&quot;\" \/>\n<meta name=\"robots\" content=\"index, follow, max-snippet:-1, max-image-preview:large, max-video-preview:-1\" \/>\n<link rel=\"canonical\" href=\"https:\/\/aufildespierres.com\/index.php\/product\/crocodile-en-malachite\/\" \/>\n<meta property=\"og:locale\" content=\"fr_FR\" \/>\n<meta property=\"og:type\" content=\"article\" \/>\n<meta property=\"og:title\" content=\"Crocodile en Malachite - Au fil des pierres\" \/>\n<meta property=\"og:description\" content=\"Crocodile en malachite naturelle, sculpture artisanale unique aux reflets verts profonds. Symbole de force et de protection, il apporte \u00e9nergie et \u00e9l\u00e9gance \u00e0 votre int\u00e9rieur.&quot;\" \/>\n<meta property=\"og:url\" content=\"https:\/\/aufildespierres.com\/index.php\/product\/crocodile-en-malachite\/\" \/>\n<meta property=\"og:site_name\" content=\"Au fil des pierres\" \/>\n<meta property=\"article:modified_time\" content=\"2025-09-11T12:31:11+00:00\" \/>\n<meta property=\"og:image\" content=\"https:\/\/aufildespierres.com\/wp-content\/uploads\/2025\/09\/20250910_174630-scaled.jpg\" \/>\n\t<meta property=\"og:image:width\" content=\"1441\" \/>\n\t<meta property=\"og:image:height\" content=\"2560\" \/>\n\t<meta property=\"og:image:type\" content=\"image\/jpeg\" \/>\n<meta name=\"twitter:card\" content=\"summary_large_image\" \/>\n<meta name=\"twitter:label1\" content=\"Dur\u00e9e de lecture estim\u00e9e\" \/>\n\t<meta name=\"twitter:data1\" content=\"2 minutes\" \/>\n<script type=\"application\/ld+json\" class=\"yoast-schema-graph\">{\"@context\":\"https:\\\/\\\/schema.org\",\"@graph\":[{\"@type\":\"WebPage\",\"@id\":\"https:\\\/\\\/aufildespierres.com\\\/index.php\\\/product\\\/crocodile-en-malachite\\\/\",\"url\":\"https:\\\/\\\/aufildespierres.com\\\/index.php\\\/product\\\/crocodile-en-malachite\\\/\",\"name\":\"Crocodile en Malachite - Au fil des pierres\",\"isPartOf\":{\"@id\":\"https:\\\/\\\/aufildespierres.com\\\/#website\"},\"primaryImageOfPage\":{\"@id\":\"https:\\\/\\\/aufildespierres.com\\\/index.php\\\/product\\\/crocodile-en-malachite\\\/#primaryimage\"},\"image\":{\"@id\":\"https:\\\/\\\/aufildespierres.com\\\/index.php\\\/product\\\/crocodile-en-malachite\\\/#primaryimage\"},\"thumbnailUrl\":\"https:\\\/\\\/aufildespierres.com\\\/wp-content\\\/uploads\\\/2025\\\/09\\\/20250910_174630-scaled.jpg\",\"datePublished\":\"2025-09-11T12:31:10+00:00\",\"dateModified\":\"2025-09-11T12:31:11+00:00\",\"description\":\"Crocodile en malachite naturelle, sculpture artisanale unique aux reflets verts profonds. Symbole de force et de protection, il apporte \u00e9nergie et \u00e9l\u00e9gance \u00e0 votre int\u00e9rieur.\\\"\",\"breadcrumb\":{\"@id\":\"https:\\\/\\\/aufildespierres.com\\\/index.php\\\/product\\\/crocodile-en-malachite\\\/#breadcrumb\"},\"inLanguage\":\"fr-FR\",\"potentialAction\":[{\"@type\":\"ReadAction\",\"target\":[\"https:\\\/\\\/aufildespierres.com\\\/index.php\\\/product\\\/crocodile-en-malachite\\\/\"]}]},{\"@type\":\"ImageObject\",\"inLanguage\":\"fr-FR\",\"@id\":\"https:\\\/\\\/aufildespierres.com\\\/index.php\\\/product\\\/crocodile-en-malachite\\\/#primaryimage\",\"url\":\"https:\\\/\\\/aufildespierres.com\\\/wp-content\\\/uploads\\\/2025\\\/09\\\/20250910_174630-scaled.jpg\",\"contentUrl\":\"https:\\\/\\\/aufildespierres.com\\\/wp-content\\\/uploads\\\/2025\\\/09\\\/20250910_174630-scaled.jpg\",\"width\":1441,\"height\":2560},{\"@type\":\"BreadcrumbList\",\"@id\":\"https:\\\/\\\/aufildespierres.com\\\/index.php\\\/product\\\/crocodile-en-malachite\\\/#breadcrumb\",\"itemListElement\":[{\"@type\":\"ListItem\",\"position\":1,\"name\":\"Accueil\",\"item\":\"https:\\\/\\\/aufildespierres.com\\\/\"},{\"@type\":\"ListItem\",\"position\":2,\"name\":\"Boutique de Lithoth\u00e9rapie\",\"item\":\"https:\\\/\\\/aufildespierres.com\\\/index.php\\\/boutique-de-lithotherapie\\\/\"},{\"@type\":\"ListItem\",\"position\":3,\"name\":\"Crocodile en Malachite\"}]},{\"@type\":\"WebSite\",\"@id\":\"https:\\\/\\\/aufildespierres.com\\\/#website\",\"url\":\"https:\\\/\\\/aufildespierres.com\\\/\",\"name\":\"Au fil des pierres\",\"description\":\"Au fil des pierres\",\"publisher\":{\"@id\":\"https:\\\/\\\/aufildespierres.com\\\/#organization\"},\"potentialAction\":[{\"@type\":\"SearchAction\",\"target\":{\"@type\":\"EntryPoint\",\"urlTemplate\":\"https:\\\/\\\/aufildespierres.com\\\/?s={search_term_string}\"},\"query-input\":{\"@type\":\"PropertyValueSpecification\",\"valueRequired\":true,\"valueName\":\"search_term_string\"}}],\"inLanguage\":\"fr-FR\"},{\"@type\":\"Organization\",\"@id\":\"https:\\\/\\\/aufildespierres.com\\\/#organization\",\"name\":\"Au fil des pierres\",\"url\":\"https:\\\/\\\/aufildespierres.com\\\/\",\"logo\":{\"@type\":\"ImageObject\",\"inLanguage\":\"fr-FR\",\"@id\":\"https:\\\/\\\/aufildespierres.com\\\/#\\\/schema\\\/logo\\\/image\\\/\",\"url\":\"https:\\\/\\\/aufildespierres.com\\\/wp-content\\\/uploads\\\/2023\\\/05\\\/cropped-Logo-PNG-Transparent.png\",\"contentUrl\":\"https:\\\/\\\/aufildespierres.com\\\/wp-content\\\/uploads\\\/2023\\\/05\\\/cropped-Logo-PNG-Transparent.png\",\"width\":1776,\"height\":1625,\"caption\":\"Au fil des pierres\"},\"image\":{\"@id\":\"https:\\\/\\\/aufildespierres.com\\\/#\\\/schema\\\/logo\\\/image\\\/\"}}]}<\/script>\n<!-- \/ Yoast SEO plugin. -->","yoast_head_json":{"title":"Crocodile en Malachite - Au fil des pierres","description":"Crocodile en malachite naturelle, sculpture artisanale unique aux reflets verts profonds. Symbole de force et de protection, il apporte \u00e9nergie et \u00e9l\u00e9gance \u00e0 votre int\u00e9rieur.\"","robots":{"index":"index","follow":"follow","max-snippet":"max-snippet:-1","max-image-preview":"max-image-preview:large","max-video-preview":"max-video-preview:-1"},"canonical":"https:\/\/aufildespierres.com\/index.php\/product\/crocodile-en-malachite\/","og_locale":"fr_FR","og_type":"article","og_title":"Crocodile en Malachite - Au fil des pierres","og_description":"Crocodile en malachite naturelle, sculpture artisanale unique aux reflets verts profonds. Symbole de force et de protection, il apporte \u00e9nergie et \u00e9l\u00e9gance \u00e0 votre int\u00e9rieur.\"","og_url":"https:\/\/aufildespierres.com\/index.php\/product\/crocodile-en-malachite\/","og_site_name":"Au fil des pierres","article_modified_time":"2025-09-11T12:31:11+00:00","og_image":[{"width":1441,"height":2560,"url":"https:\/\/aufildespierres.com\/wp-content\/uploads\/2025\/09\/20250910_174630-scaled.jpg","type":"image\/jpeg"}],"twitter_card":"summary_large_image","twitter_misc":{"Dur\u00e9e de lecture estim\u00e9e":"2 minutes"},"schema":{"@context":"https:\/\/schema.org","@graph":[{"@type":"WebPage","@id":"https:\/\/aufildespierres.com\/index.php\/product\/crocodile-en-malachite\/","url":"https:\/\/aufildespierres.com\/index.php\/product\/crocodile-en-malachite\/","name":"Crocodile en Malachite - Au fil des pierres","isPartOf":{"@id":"https:\/\/aufildespierres.com\/#website"},"primaryImageOfPage":{"@id":"https:\/\/aufildespierres.com\/index.php\/product\/crocodile-en-malachite\/#primaryimage"},"image":{"@id":"https:\/\/aufildespierres.com\/index.php\/product\/crocodile-en-malachite\/#primaryimage"},"thumbnailUrl":"https:\/\/aufildespierres.com\/wp-content\/uploads\/2025\/09\/20250910_174630-scaled.jpg","datePublished":"2025-09-11T12:31:10+00:00","dateModified":"2025-09-11T12:31:11+00:00","description":"Crocodile en malachite naturelle, sculpture artisanale unique aux reflets verts profonds. Symbole de force et de protection, il apporte \u00e9nergie et \u00e9l\u00e9gance \u00e0 votre int\u00e9rieur.\"","breadcrumb":{"@id":"https:\/\/aufildespierres.com\/index.php\/product\/crocodile-en-malachite\/#breadcrumb"},"inLanguage":"fr-FR","potentialAction":[{"@type":"ReadAction","target":["https:\/\/aufildespierres.com\/index.php\/product\/crocodile-en-malachite\/"]}]},{"@type":"ImageObject","inLanguage":"fr-FR","@id":"https:\/\/aufildespierres.com\/index.php\/product\/crocodile-en-malachite\/#primaryimage","url":"https:\/\/aufildespierres.com\/wp-content\/uploads\/2025\/09\/20250910_174630-scaled.jpg","contentUrl":"https:\/\/aufildespierres.com\/wp-content\/uploads\/2025\/09\/20250910_174630-scaled.jpg","width":1441,"height":2560},{"@type":"BreadcrumbList","@id":"https:\/\/aufildespierres.com\/index.php\/product\/crocodile-en-malachite\/#breadcrumb","itemListElement":[{"@type":"ListItem","position":1,"name":"Accueil","item":"https:\/\/aufildespierres.com\/"},{"@type":"ListItem","position":2,"name":"Boutique de Lithoth\u00e9rapie","item":"https:\/\/aufildespierres.com\/index.php\/boutique-de-lithotherapie\/"},{"@type":"ListItem","position":3,"name":"Crocodile en Malachite"}]},{"@type":"WebSite","@id":"https:\/\/aufildespierres.com\/#website","url":"https:\/\/aufildespierres.com\/","name":"Au fil des pierres","description":"Au fil des pierres","publisher":{"@id":"https:\/\/aufildespierres.com\/#organization"},"potentialAction":[{"@type":"SearchAction","target":{"@type":"EntryPoint","urlTemplate":"https:\/\/aufildespierres.com\/?s={search_term_string}"},"query-input":{"@type":"PropertyValueSpecification","valueRequired":true,"valueName":"search_term_string"}}],"inLanguage":"fr-FR"},{"@type":"Organization","@id":"https:\/\/aufildespierres.com\/#organization","name":"Au fil des pierres","url":"https:\/\/aufildespierres.com\/","logo":{"@type":"ImageObject","inLanguage":"fr-FR","@id":"https:\/\/aufildespierres.com\/#\/schema\/logo\/image\/","url":"https:\/\/aufildespierres.com\/wp-content\/uploads\/2023\/05\/cropped-Logo-PNG-Transparent.png","contentUrl":"https:\/\/aufildespierres.com\/wp-content\/uploads\/2023\/05\/cropped-Logo-PNG-Transparent.png","width":1776,"height":1625,"caption":"Au fil des pierres"},"image":{"@id":"https:\/\/aufildespierres.com\/#\/schema\/logo\/image\/"}}]}},"_links":{"self":[{"href":"https:\/\/aufildespierres.com\/index.php\/wp-json\/wp\/v2\/product\/4184","targetHints":{"allow":["GET"]}}],"collection":[{"href":"https:\/\/aufildespierres.com\/index.php\/wp-json\/wp\/v2\/product"}],"about":[{"href":"https:\/\/aufildespierres.com\/index.php\/wp-json\/wp\/v2\/types\/product"}],"replies":[{"embeddable":true,"href":"https:\/\/aufildespierres.com\/index.php\/wp-json\/wp\/v2\/comments?post=4184"}],"wp:featuredmedia":[{"embeddable":true,"href":"https:\/\/aufildespierres.com\/index.php\/wp-json\/wp\/v2\/media\/4185"}],"wp:attachment":[{"href":"https:\/\/aufildespierres.com\/index.php\/wp-json\/wp\/v2\/media?parent=4184"}],"wp:term":[{"taxonomy":"product_brand","embeddable":true,"href":"https:\/\/aufildespierres.com\/index.php\/wp-json\/wp\/v2\/product_brand?post=4184"},{"taxonomy":"product_cat","embeddable":true,"href":"https:\/\/aufildespierres.com\/index.php\/wp-json\/wp\/v2\/product_cat?post=4184"},{"taxonomy":"product_tag","embeddable":true,"href":"https:\/\/aufildespierres.com\/index.php\/wp-json\/wp\/v2\/product_tag?post=4184"}],"curies":[{"name":"wp","href":"https:\/\/api.w.org\/{rel}","templated":true}]}}