{"id":4209,"date":"2025-09-11T18:31:11","date_gmt":"2025-09-11T16:31:11","guid":{"rendered":"https:\/\/aufildespierres.com\/?post_type=product&#038;p=4209"},"modified":"2025-09-15T15:09:53","modified_gmt":"2025-09-15T13:09:53","slug":"bouddha-en-sodalite","status":"publish","type":"product","link":"https:\/\/aufildespierres.com\/index.php\/product\/bouddha-en-sodalite\/","title":{"rendered":"Bouddha en Sodalite"},"content":{"rendered":"<h3 data-start=\"173\" data-end=\"233\">Bouddha en Sodalite \u2013 S\u00e9r\u00e9nit\u00e9, intuition et \u00e9quilibre<\/h3>\n<p data-start=\"235\" data-end=\"627\">Ce <strong data-start=\"238\" data-end=\"261\">Bouddha en Sodalite\u00a0 de 296 grammes<\/strong> est une pi\u00e8ce spirituelle et \u00e9nerg\u00e9tique qui associe la sagesse universelle du Bouddha aux vibrations puissantes de la sodalite. Sculpt\u00e9e dans une pierre naturelle d\u2019un bleu profond vein\u00e9 de blanc, cette statue diffuse une \u00e9nergie apaisante et protectrice. Plac\u00e9e dans votre int\u00e9rieur, elle favorise la m\u00e9ditation, l\u2019\u00e9quilibre \u00e9motionnel et l\u2019harmonie int\u00e9rieure.<\/p>\n<h4 data-start=\"629\" data-end=\"672\">Propri\u00e9t\u00e9s psychiques de la Sodalite<\/h4>\n<p data-start=\"673\" data-end=\"1082\">La sodalite est une pierre li\u00e9e \u00e0 l\u2019<strong data-start=\"709\" data-end=\"735\">\u00e9veil du troisi\u00e8me \u0153il<\/strong>. Elle stimule l\u2019intuition, encourage l\u2019introspection et aide \u00e0 organiser le mental. Elle dissout la rigidit\u00e9 int\u00e9rieure, ouvre \u00e0 une meilleure compr\u00e9hension de soi et du monde et assouplit les id\u00e9es toutes faites ou les conventions sociales. Pierre d\u2019humilit\u00e9, elle favorise la modestie et aide \u00e0 d\u00e9passer les troubles obsessionnels compulsifs.<\/p>\n<p data-start=\"1084\" data-end=\"1667\">Cette pierre apporte <strong data-start=\"1105\" data-end=\"1129\">confiance et courage<\/strong>, mais aussi apaisement et r\u00e9confort. Elle ouvre l\u2019esprit, d\u00e9veloppe la pens\u00e9e rationnelle et d\u00e9ductive et stabilise les \u00e9motions. Elle aide ainsi \u00e0 peser le pour et le contre afin de prendre des d\u00e9cisions claires. Id\u00e9ale pour les personnes hypersensibles, elle canalise les \u00e9motions et apporte du courage. Elle convient aussi bien aux esprits analytiques qu\u2019aux personnes nerveuses ou hypertendues, qu\u2019elle apaise en diminuant leurs r\u00e9actions excessives. M\u00eame les animaux appr\u00e9cient les vibrations douces et rassurantes de la sodalite.<\/p>\n<h4 data-start=\"1669\" data-end=\"1711\">Propri\u00e9t\u00e9s physiques de la Sodalite<\/h4>\n<p data-start=\"1712\" data-end=\"2020\">Sur le plan physique, la sodalite agit positivement sur l\u2019<strong data-start=\"1770\" data-end=\"1786\">hypertension<\/strong>, les affections de la gorge et les troubles oculaires. Elle aide au sommeil, diminue l\u2019hyperactivit\u00e9 et fortifie la thyro\u00efde. Elle favorise aussi une meilleure absorption du calcium, contribuant au renforcement des os et des dents.<\/p>\n<h4 data-start=\"2022\" data-end=\"2053\">Purification et recharge<\/h4>\n<p data-start=\"2054\" data-end=\"2259\">Vous pouvez purifier votre <strong data-start=\"2081\" data-end=\"2104\">Bouddha en Sodalite<\/strong> \u00e0 l\u2019eau distill\u00e9e. Pour le recharger, placez-le sur un amas de quartz ou sous la lumi\u00e8re de la lune, afin qu\u2019il retrouve toute son intensit\u00e9 vibratoire.<\/p>\n<p data-start=\"2261\" data-end=\"2464\">En r\u00e9sum\u00e9, ce <strong data-start=\"2275\" data-end=\"2298\">Bouddha en Sodalite<\/strong> est bien plus qu\u2019une statue d\u00e9corative. C\u2019est un alli\u00e9 spirituel et \u00e9nerg\u00e9tique qui soutient l\u2019intuition, \u00e9quilibre les \u00e9motions et apaise le corps comme l\u2019esprit.<\/p>\n","protected":false},"excerpt":{"rendered":"<p>Bouddha en Sodalite \u2013 S\u00e9r\u00e9nit\u00e9, intuition et \u00e9quilibre Ce Bouddha en Sodalite\u00a0 de 296 grammes est une pi\u00e8ce spirituelle et \u00e9nerg\u00e9tique qui associe la sagesse universelle du Bouddha aux vibrations puissantes de la sodalite. Sculpt\u00e9e dans une pierre naturelle d\u2019un bleu profond vein\u00e9 de blanc, cette statue diffuse une \u00e9nergie apaisante et protectrice. Plac\u00e9e dans [&hellip;]<\/p>\n","protected":false},"featured_media":4210,"comment_status":"open","ping_status":"closed","template":"","meta":{"site-sidebar-layout":"default","site-content-layout":"","ast-site-content-layout":"default","site-content-style":"default","site-sidebar-style":"default","ast-global-header-display":"","ast-banner-title-visibility":"","ast-main-header-display":"","ast-hfb-above-header-display":"","ast-hfb-below-header-display":"","ast-hfb-mobile-header-display":"","site-post-title":"","ast-breadcrumbs-content":"","ast-featured-img":"","footer-sml-layout":"","ast-disable-related-posts":"","theme-transparent-header-meta":"default","adv-header-id-meta":"","stick-header-meta":"","header-above-stick-meta":"","header-main-stick-meta":"","header-below-stick-meta":"","astra-migrate-meta-layouts":"set","ast-page-background-enabled":"default","ast-page-background-meta":{"desktop":{"background-color":"var(--ast-global-color-4)","background-image":"","background-repeat":"repeat","background-position":"center center","background-size":"auto","background-attachment":"scroll","background-type":"","background-media":"","overlay-type":"","overlay-color":"","overlay-opacity":"","overlay-gradient":""},"tablet":{"background-color":"","background-image":"","background-repeat":"repeat","background-position":"center center","background-size":"auto","background-attachment":"scroll","background-type":"","background-media":"","overlay-type":"","overlay-color":"","overlay-opacity":"","overlay-gradient":""},"mobile":{"background-color":"","background-image":"","background-repeat":"repeat","background-position":"center center","background-size":"auto","background-attachment":"scroll","background-type":"","background-media":"","overlay-type":"","overlay-color":"","overlay-opacity":"","overlay-gradient":""}},"ast-content-background-meta":{"desktop":{"background-color":"var(--ast-global-color-5)","background-image":"","background-repeat":"repeat","background-position":"center center","background-size":"auto","background-attachment":"scroll","background-type":"","background-media":"","overlay-type":"","overlay-color":"","overlay-opacity":"","overlay-gradient":""},"tablet":{"background-color":"var(--ast-global-color-5)","background-image":"","background-repeat":"repeat","background-position":"center center","background-size":"auto","background-attachment":"scroll","background-type":"","background-media":"","overlay-type":"","overlay-color":"","overlay-opacity":"","overlay-gradient":""},"mobile":{"background-color":"var(--ast-global-color-5)","background-image":"","background-repeat":"repeat","background-position":"center center","background-size":"auto","background-attachment":"scroll","background-type":"","background-media":"","overlay-type":"","overlay-color":"","overlay-opacity":"","overlay-gradient":""}},"_glsr_average":0,"_glsr_ranking":0,"_glsr_reviews":0},"product_brand":[],"product_cat":[72,49,32,291,200,147,63],"product_tag":[],"class_list":{"0":"post-4209","1":"product","2":"type-product","3":"status-publish","4":"has-post-thumbnail","6":"product_cat-bleu","7":"product_cat-confiance-en-soi","8":"product_cat-pierres-polies","9":"product_cat-promotion","10":"product_cat-sculptees","11":"product_cat-sodalite","12":"product_cat-stress-angoisses","13":"desktop-align-left","14":"tablet-align-left","15":"mobile-align-left","17":"first","18":"instock","19":"sale","20":"purchasable","21":"product-type-simple"},"yoast_head":"<!-- This site is optimized with the Yoast SEO plugin v27.5 - https:\/\/yoast.com\/product\/yoast-seo-wordpress\/ -->\n<title>Bouddha en Sodalite - Au fil des pierres<\/title>\n<meta name=\"description\" content=\"&quot;Bouddha en Sodalite sculpt\u00e9e : une statue apaisante qui favorise la sagesse, la clart\u00e9 d\u2019esprit et l\u2019harmonie int\u00e9rieure, tout en diffusant les \u00e9nergies protectrices de la sodalite.&quot;\" \/>\n<meta name=\"robots\" content=\"index, follow, max-snippet:-1, max-image-preview:large, max-video-preview:-1\" \/>\n<link rel=\"canonical\" href=\"https:\/\/aufildespierres.com\/index.php\/product\/bouddha-en-sodalite\/\" \/>\n<meta property=\"og:locale\" content=\"fr_FR\" \/>\n<meta property=\"og:type\" content=\"article\" \/>\n<meta property=\"og:title\" content=\"Bouddha en Sodalite - Au fil des pierres\" \/>\n<meta property=\"og:description\" content=\"&quot;Bouddha en Sodalite sculpt\u00e9e : une statue apaisante qui favorise la sagesse, la clart\u00e9 d\u2019esprit et l\u2019harmonie int\u00e9rieure, tout en diffusant les \u00e9nergies protectrices de la sodalite.&quot;\" \/>\n<meta property=\"og:url\" content=\"https:\/\/aufildespierres.com\/index.php\/product\/bouddha-en-sodalite\/\" \/>\n<meta property=\"og:site_name\" content=\"Au fil des pierres\" \/>\n<meta property=\"article:modified_time\" content=\"2025-09-15T13:09:53+00:00\" \/>\n<meta property=\"og:image\" content=\"https:\/\/aufildespierres.com\/wp-content\/uploads\/2025\/09\/20250910_174547-scaled.jpg\" \/>\n\t<meta property=\"og:image:width\" content=\"1441\" \/>\n\t<meta property=\"og:image:height\" content=\"2560\" \/>\n\t<meta property=\"og:image:type\" content=\"image\/jpeg\" \/>\n<meta name=\"twitter:card\" content=\"summary_large_image\" \/>\n<meta name=\"twitter:label1\" content=\"Dur\u00e9e de lecture estim\u00e9e\" \/>\n\t<meta name=\"twitter:data1\" content=\"2 minutes\" \/>\n<script type=\"application\/ld+json\" class=\"yoast-schema-graph\">{\"@context\":\"https:\\\/\\\/schema.org\",\"@graph\":[{\"@type\":\"WebPage\",\"@id\":\"https:\\\/\\\/aufildespierres.com\\\/index.php\\\/product\\\/bouddha-en-sodalite\\\/\",\"url\":\"https:\\\/\\\/aufildespierres.com\\\/index.php\\\/product\\\/bouddha-en-sodalite\\\/\",\"name\":\"Bouddha en Sodalite - Au fil des pierres\",\"isPartOf\":{\"@id\":\"https:\\\/\\\/aufildespierres.com\\\/#website\"},\"primaryImageOfPage\":{\"@id\":\"https:\\\/\\\/aufildespierres.com\\\/index.php\\\/product\\\/bouddha-en-sodalite\\\/#primaryimage\"},\"image\":{\"@id\":\"https:\\\/\\\/aufildespierres.com\\\/index.php\\\/product\\\/bouddha-en-sodalite\\\/#primaryimage\"},\"thumbnailUrl\":\"https:\\\/\\\/aufildespierres.com\\\/wp-content\\\/uploads\\\/2025\\\/09\\\/20250910_174547-scaled.jpg\",\"datePublished\":\"2025-09-11T16:31:11+00:00\",\"dateModified\":\"2025-09-15T13:09:53+00:00\",\"description\":\"\\\"Bouddha en Sodalite sculpt\u00e9e : une statue apaisante qui favorise la sagesse, la clart\u00e9 d\u2019esprit et l\u2019harmonie int\u00e9rieure, tout en diffusant les \u00e9nergies protectrices de la sodalite.\\\"\",\"breadcrumb\":{\"@id\":\"https:\\\/\\\/aufildespierres.com\\\/index.php\\\/product\\\/bouddha-en-sodalite\\\/#breadcrumb\"},\"inLanguage\":\"fr-FR\",\"potentialAction\":[{\"@type\":\"ReadAction\",\"target\":[\"https:\\\/\\\/aufildespierres.com\\\/index.php\\\/product\\\/bouddha-en-sodalite\\\/\"]}]},{\"@type\":\"ImageObject\",\"inLanguage\":\"fr-FR\",\"@id\":\"https:\\\/\\\/aufildespierres.com\\\/index.php\\\/product\\\/bouddha-en-sodalite\\\/#primaryimage\",\"url\":\"https:\\\/\\\/aufildespierres.com\\\/wp-content\\\/uploads\\\/2025\\\/09\\\/20250910_174547-scaled.jpg\",\"contentUrl\":\"https:\\\/\\\/aufildespierres.com\\\/wp-content\\\/uploads\\\/2025\\\/09\\\/20250910_174547-scaled.jpg\",\"width\":1441,\"height\":2560},{\"@type\":\"BreadcrumbList\",\"@id\":\"https:\\\/\\\/aufildespierres.com\\\/index.php\\\/product\\\/bouddha-en-sodalite\\\/#breadcrumb\",\"itemListElement\":[{\"@type\":\"ListItem\",\"position\":1,\"name\":\"Accueil\",\"item\":\"https:\\\/\\\/aufildespierres.com\\\/\"},{\"@type\":\"ListItem\",\"position\":2,\"name\":\"Boutique de Lithoth\u00e9rapie\",\"item\":\"https:\\\/\\\/aufildespierres.com\\\/index.php\\\/boutique-de-lithotherapie\\\/\"},{\"@type\":\"ListItem\",\"position\":3,\"name\":\"Bouddha en Sodalite\"}]},{\"@type\":\"WebSite\",\"@id\":\"https:\\\/\\\/aufildespierres.com\\\/#website\",\"url\":\"https:\\\/\\\/aufildespierres.com\\\/\",\"name\":\"Au fil des pierres\",\"description\":\"Au fil des pierres\",\"publisher\":{\"@id\":\"https:\\\/\\\/aufildespierres.com\\\/#organization\"},\"potentialAction\":[{\"@type\":\"SearchAction\",\"target\":{\"@type\":\"EntryPoint\",\"urlTemplate\":\"https:\\\/\\\/aufildespierres.com\\\/?s={search_term_string}\"},\"query-input\":{\"@type\":\"PropertyValueSpecification\",\"valueRequired\":true,\"valueName\":\"search_term_string\"}}],\"inLanguage\":\"fr-FR\"},{\"@type\":\"Organization\",\"@id\":\"https:\\\/\\\/aufildespierres.com\\\/#organization\",\"name\":\"Au fil des pierres\",\"url\":\"https:\\\/\\\/aufildespierres.com\\\/\",\"logo\":{\"@type\":\"ImageObject\",\"inLanguage\":\"fr-FR\",\"@id\":\"https:\\\/\\\/aufildespierres.com\\\/#\\\/schema\\\/logo\\\/image\\\/\",\"url\":\"https:\\\/\\\/aufildespierres.com\\\/wp-content\\\/uploads\\\/2023\\\/05\\\/cropped-Logo-PNG-Transparent.png\",\"contentUrl\":\"https:\\\/\\\/aufildespierres.com\\\/wp-content\\\/uploads\\\/2023\\\/05\\\/cropped-Logo-PNG-Transparent.png\",\"width\":1776,\"height\":1625,\"caption\":\"Au fil des pierres\"},\"image\":{\"@id\":\"https:\\\/\\\/aufildespierres.com\\\/#\\\/schema\\\/logo\\\/image\\\/\"}}]}<\/script>\n<!-- \/ Yoast SEO plugin. -->","yoast_head_json":{"title":"Bouddha en Sodalite - Au fil des pierres","description":"\"Bouddha en Sodalite sculpt\u00e9e : une statue apaisante qui favorise la sagesse, la clart\u00e9 d\u2019esprit et l\u2019harmonie int\u00e9rieure, tout en diffusant les \u00e9nergies protectrices de la sodalite.\"","robots":{"index":"index","follow":"follow","max-snippet":"max-snippet:-1","max-image-preview":"max-image-preview:large","max-video-preview":"max-video-preview:-1"},"canonical":"https:\/\/aufildespierres.com\/index.php\/product\/bouddha-en-sodalite\/","og_locale":"fr_FR","og_type":"article","og_title":"Bouddha en Sodalite - Au fil des pierres","og_description":"\"Bouddha en Sodalite sculpt\u00e9e : une statue apaisante qui favorise la sagesse, la clart\u00e9 d\u2019esprit et l\u2019harmonie int\u00e9rieure, tout en diffusant les \u00e9nergies protectrices de la sodalite.\"","og_url":"https:\/\/aufildespierres.com\/index.php\/product\/bouddha-en-sodalite\/","og_site_name":"Au fil des pierres","article_modified_time":"2025-09-15T13:09:53+00:00","og_image":[{"width":1441,"height":2560,"url":"https:\/\/aufildespierres.com\/wp-content\/uploads\/2025\/09\/20250910_174547-scaled.jpg","type":"image\/jpeg"}],"twitter_card":"summary_large_image","twitter_misc":{"Dur\u00e9e de lecture estim\u00e9e":"2 minutes"},"schema":{"@context":"https:\/\/schema.org","@graph":[{"@type":"WebPage","@id":"https:\/\/aufildespierres.com\/index.php\/product\/bouddha-en-sodalite\/","url":"https:\/\/aufildespierres.com\/index.php\/product\/bouddha-en-sodalite\/","name":"Bouddha en Sodalite - Au fil des pierres","isPartOf":{"@id":"https:\/\/aufildespierres.com\/#website"},"primaryImageOfPage":{"@id":"https:\/\/aufildespierres.com\/index.php\/product\/bouddha-en-sodalite\/#primaryimage"},"image":{"@id":"https:\/\/aufildespierres.com\/index.php\/product\/bouddha-en-sodalite\/#primaryimage"},"thumbnailUrl":"https:\/\/aufildespierres.com\/wp-content\/uploads\/2025\/09\/20250910_174547-scaled.jpg","datePublished":"2025-09-11T16:31:11+00:00","dateModified":"2025-09-15T13:09:53+00:00","description":"\"Bouddha en Sodalite sculpt\u00e9e : une statue apaisante qui favorise la sagesse, la clart\u00e9 d\u2019esprit et l\u2019harmonie int\u00e9rieure, tout en diffusant les \u00e9nergies protectrices de la sodalite.\"","breadcrumb":{"@id":"https:\/\/aufildespierres.com\/index.php\/product\/bouddha-en-sodalite\/#breadcrumb"},"inLanguage":"fr-FR","potentialAction":[{"@type":"ReadAction","target":["https:\/\/aufildespierres.com\/index.php\/product\/bouddha-en-sodalite\/"]}]},{"@type":"ImageObject","inLanguage":"fr-FR","@id":"https:\/\/aufildespierres.com\/index.php\/product\/bouddha-en-sodalite\/#primaryimage","url":"https:\/\/aufildespierres.com\/wp-content\/uploads\/2025\/09\/20250910_174547-scaled.jpg","contentUrl":"https:\/\/aufildespierres.com\/wp-content\/uploads\/2025\/09\/20250910_174547-scaled.jpg","width":1441,"height":2560},{"@type":"BreadcrumbList","@id":"https:\/\/aufildespierres.com\/index.php\/product\/bouddha-en-sodalite\/#breadcrumb","itemListElement":[{"@type":"ListItem","position":1,"name":"Accueil","item":"https:\/\/aufildespierres.com\/"},{"@type":"ListItem","position":2,"name":"Boutique de Lithoth\u00e9rapie","item":"https:\/\/aufildespierres.com\/index.php\/boutique-de-lithotherapie\/"},{"@type":"ListItem","position":3,"name":"Bouddha en Sodalite"}]},{"@type":"WebSite","@id":"https:\/\/aufildespierres.com\/#website","url":"https:\/\/aufildespierres.com\/","name":"Au fil des pierres","description":"Au fil des pierres","publisher":{"@id":"https:\/\/aufildespierres.com\/#organization"},"potentialAction":[{"@type":"SearchAction","target":{"@type":"EntryPoint","urlTemplate":"https:\/\/aufildespierres.com\/?s={search_term_string}"},"query-input":{"@type":"PropertyValueSpecification","valueRequired":true,"valueName":"search_term_string"}}],"inLanguage":"fr-FR"},{"@type":"Organization","@id":"https:\/\/aufildespierres.com\/#organization","name":"Au fil des pierres","url":"https:\/\/aufildespierres.com\/","logo":{"@type":"ImageObject","inLanguage":"fr-FR","@id":"https:\/\/aufildespierres.com\/#\/schema\/logo\/image\/","url":"https:\/\/aufildespierres.com\/wp-content\/uploads\/2023\/05\/cropped-Logo-PNG-Transparent.png","contentUrl":"https:\/\/aufildespierres.com\/wp-content\/uploads\/2023\/05\/cropped-Logo-PNG-Transparent.png","width":1776,"height":1625,"caption":"Au fil des pierres"},"image":{"@id":"https:\/\/aufildespierres.com\/#\/schema\/logo\/image\/"}}]}},"_links":{"self":[{"href":"https:\/\/aufildespierres.com\/index.php\/wp-json\/wp\/v2\/product\/4209","targetHints":{"allow":["GET"]}}],"collection":[{"href":"https:\/\/aufildespierres.com\/index.php\/wp-json\/wp\/v2\/product"}],"about":[{"href":"https:\/\/aufildespierres.com\/index.php\/wp-json\/wp\/v2\/types\/product"}],"replies":[{"embeddable":true,"href":"https:\/\/aufildespierres.com\/index.php\/wp-json\/wp\/v2\/comments?post=4209"}],"wp:featuredmedia":[{"embeddable":true,"href":"https:\/\/aufildespierres.com\/index.php\/wp-json\/wp\/v2\/media\/4210"}],"wp:attachment":[{"href":"https:\/\/aufildespierres.com\/index.php\/wp-json\/wp\/v2\/media?parent=4209"}],"wp:term":[{"taxonomy":"product_brand","embeddable":true,"href":"https:\/\/aufildespierres.com\/index.php\/wp-json\/wp\/v2\/product_brand?post=4209"},{"taxonomy":"product_cat","embeddable":true,"href":"https:\/\/aufildespierres.com\/index.php\/wp-json\/wp\/v2\/product_cat?post=4209"},{"taxonomy":"product_tag","embeddable":true,"href":"https:\/\/aufildespierres.com\/index.php\/wp-json\/wp\/v2\/product_tag?post=4209"}],"curies":[{"name":"wp","href":"https:\/\/api.w.org\/{rel}","templated":true}]}}