{"id":4212,"date":"2025-09-11T19:21:11","date_gmt":"2025-09-11T17:21:11","guid":{"rendered":"https:\/\/aufildespierres.com\/?post_type=product&#038;p=4212"},"modified":"2025-09-11T19:21:11","modified_gmt":"2025-09-11T17:21:11","slug":"plaque-de-selenite","status":"publish","type":"product","link":"https:\/\/aufildespierres.com\/index.php\/product\/plaque-de-selenite\/","title":{"rendered":"Plaque de S\u00e9l\u00e9nite"},"content":{"rendered":"<h3 data-start=\"207\" data-end=\"283\">Plaque de S\u00e9l\u00e9nite \u2013 Pierre de lumi\u00e8re, de s\u00e9r\u00e9nit\u00e9 et de purification<\/h3>\n<p>237 grammes diam\u00e8tre 10 cm \u00e9paisseur 1,2 cm<\/p>\n<p data-start=\"285\" data-end=\"582\">La <strong data-start=\"288\" data-end=\"310\">plaque de S\u00e9l\u00e9nite<\/strong> est un outil incontournable en lithoth\u00e9rapie. Avec sa blancheur nacr\u00e9e et sa vibration douce, elle agit comme une v\u00e9ritable pierre de lumi\u00e8re. Plac\u00e9e dans votre int\u00e9rieur, elle diffuse une \u00e9nergie apaisante qui \u00e9l\u00e8ve l\u2019esprit et purifie les espaces de toute n\u00e9gativit\u00e9.<\/p>\n<h4 data-start=\"584\" data-end=\"627\">Propri\u00e9t\u00e9s psychiques de la S\u00e9l\u00e9nite<\/h4>\n<p data-start=\"628\" data-end=\"1063\">Reli\u00e9e au <strong data-start=\"638\" data-end=\"676\">chakra du c\u0153ur et au troisi\u00e8me \u0153il<\/strong>, la s\u00e9l\u00e9nite favorise un profond sentiment de s\u00e9r\u00e9nit\u00e9. Elle cr\u00e9e une atmosph\u00e8re propice \u00e0 la m\u00e9ditation et au calme int\u00e9rieur. Gr\u00e2ce \u00e0 ses vibrations subtiles, elle aide \u00e0 lib\u00e9rer les blocages enfouis, en particulier ceux li\u00e9s \u00e0 des complexes ou \u00e0 des blessures \u00e9motionnelles. Elle soutient \u00e9galement l\u2019<strong data-start=\"981\" data-end=\"998\">estime de soi<\/strong> et nous guide vers un \u00e9tat d\u2019\u00eatre plus \u00e9lev\u00e9 et plus lumineux.<\/p>\n<p data-start=\"1065\" data-end=\"1297\">La s\u00e9l\u00e9nite accompagne les femmes enceintes tout au long de leur grossesse, en apportant bien-\u00eatre et apaisement. Elle soutient aussi la p\u00e9riode de l\u2019allaitement, en favorisant un lien doux et harmonieux entre la m\u00e8re et l\u2019enfant.<\/p>\n<h4 data-start=\"1299\" data-end=\"1341\">Propri\u00e9t\u00e9s physiques de la S\u00e9l\u00e9nite<\/h4>\n<p data-start=\"1342\" data-end=\"1669\">La <strong data-start=\"1345\" data-end=\"1367\">plaque de S\u00e9l\u00e9nite<\/strong> ne se contente pas d\u2019agir sur l\u2019esprit : elle agit aussi sur le corps et l\u2019environnement. Elle purifie l\u2019air ambiant et apaise les tensions de l\u2019espace. C\u2019est la raison pour laquelle on retrouve souvent des lampes en s\u00e9l\u00e9nite, utilis\u00e9es pour harmoniser la maison et chasser la col\u00e8re ou l\u2019agitation.<\/p>\n<p data-start=\"1671\" data-end=\"1924\">Sur le plan physique, cette pierre soulage les <strong data-start=\"1718\" data-end=\"1773\">douleurs articulaires, abdominales et les migraines<\/strong>. Elle stimule \u00e9galement les pulsions sexuelles et apporte un soutien naturel pour les maladies cutan\u00e9es telles que l\u2019acn\u00e9, l\u2019ecz\u00e9ma ou le psoriasis.<\/p>\n<h4 data-start=\"1926\" data-end=\"1962\">Un support \u00e9nerg\u00e9tique unique<\/h4>\n<p data-start=\"1963\" data-end=\"2216\">Une <strong data-start=\"1967\" data-end=\"1989\">plaque de S\u00e9l\u00e9nite<\/strong> sert aussi de support pour harmoniser\u00a0 vos cristaux. Sa vibration pure et lumineuse redonne vitalit\u00e9 et \u00e9nergie aux pierres qui y sont d\u00e9pos\u00e9es. C\u2019est donc \u00e0 la fois un objet d\u00e9coratif \u00e9l\u00e9gant et un outil \u00e9nerg\u00e9tique qui ne peut pas pour autant purifier et recharger comme les autres m\u00e9thodes.<\/p>\n<p data-start=\"2218\" data-end=\"2445\">En r\u00e9sum\u00e9, la <strong data-start=\"2232\" data-end=\"2254\">plaque de S\u00e9l\u00e9nite<\/strong> incarne la s\u00e9r\u00e9nit\u00e9, la purification et l\u2019\u00e9l\u00e9vation spirituelle. Elle trouve naturellement sa place dans tout espace de m\u00e9ditation, de repos ou de soins, en apportant lumi\u00e8re et \u00e9quilibre.<\/p>\n","protected":false},"excerpt":{"rendered":"<p>Plaque de S\u00e9l\u00e9nite \u2013 Pierre de lumi\u00e8re, de s\u00e9r\u00e9nit\u00e9 et de purification 237 grammes diam\u00e8tre 10 cm \u00e9paisseur 1,2 cm La plaque de S\u00e9l\u00e9nite est un outil incontournable en lithoth\u00e9rapie. Avec sa blancheur nacr\u00e9e et sa vibration douce, elle agit comme une v\u00e9ritable pierre de lumi\u00e8re. Plac\u00e9e dans votre int\u00e9rieur, elle diffuse une \u00e9nergie apaisante [&hellip;]<\/p>\n","protected":false},"featured_media":4213,"comment_status":"open","ping_status":"closed","template":"","meta":{"site-sidebar-layout":"default","site-content-layout":"","ast-site-content-layout":"default","site-content-style":"default","site-sidebar-style":"default","ast-global-header-display":"","ast-banner-title-visibility":"","ast-main-header-display":"","ast-hfb-above-header-display":"","ast-hfb-below-header-display":"","ast-hfb-mobile-header-display":"","site-post-title":"","ast-breadcrumbs-content":"","ast-featured-img":"","footer-sml-layout":"","ast-disable-related-posts":"","theme-transparent-header-meta":"default","adv-header-id-meta":"","stick-header-meta":"","header-above-stick-meta":"","header-main-stick-meta":"","header-below-stick-meta":"","astra-migrate-meta-layouts":"set","ast-page-background-enabled":"default","ast-page-background-meta":{"desktop":{"background-color":"var(--ast-global-color-4)","background-image":"","background-repeat":"repeat","background-position":"center center","background-size":"auto","background-attachment":"scroll","background-type":"","background-media":"","overlay-type":"","overlay-color":"","overlay-opacity":"","overlay-gradient":""},"tablet":{"background-color":"","background-image":"","background-repeat":"repeat","background-position":"center center","background-size":"auto","background-attachment":"scroll","background-type":"","background-media":"","overlay-type":"","overlay-color":"","overlay-opacity":"","overlay-gradient":""},"mobile":{"background-color":"","background-image":"","background-repeat":"repeat","background-position":"center center","background-size":"auto","background-attachment":"scroll","background-type":"","background-media":"","overlay-type":"","overlay-color":"","overlay-opacity":"","overlay-gradient":""}},"ast-content-background-meta":{"desktop":{"background-color":"var(--ast-global-color-5)","background-image":"","background-repeat":"repeat","background-position":"center center","background-size":"auto","background-attachment":"scroll","background-type":"","background-media":"","overlay-type":"","overlay-color":"","overlay-opacity":"","overlay-gradient":""},"tablet":{"background-color":"var(--ast-global-color-5)","background-image":"","background-repeat":"repeat","background-position":"center center","background-size":"auto","background-attachment":"scroll","background-type":"","background-media":"","overlay-type":"","overlay-color":"","overlay-opacity":"","overlay-gradient":""},"mobile":{"background-color":"var(--ast-global-color-5)","background-image":"","background-repeat":"repeat","background-position":"center center","background-size":"auto","background-attachment":"scroll","background-type":"","background-media":"","overlay-type":"","overlay-color":"","overlay-opacity":"","overlay-gradient":""}},"_glsr_average":0,"_glsr_ranking":0,"_glsr_reviews":0},"product_brand":[],"product_cat":[33,34,194],"product_tag":[],"class_list":{"0":"post-4212","1":"product","2":"type-product","3":"status-publish","4":"has-post-thumbnail","6":"product_cat-accessoires-de-lithotherapie","7":"product_cat-purification","8":"product_cat-selenite","9":"desktop-align-left","10":"tablet-align-left","11":"mobile-align-left","13":"first","14":"instock","15":"purchasable","16":"product-type-simple"},"yoast_head":"<!-- This site is optimized with the Yoast SEO plugin v27.5 - https:\/\/yoast.com\/product\/yoast-seo-wordpress\/ -->\n<title>Plaque de S\u00e9l\u00e9nite - Au fil des pierres<\/title>\n<meta name=\"description\" content=\"&quot;Plaque de S\u00e9l\u00e9nite : pierre de lumi\u00e8re et de purification, id\u00e9ale pour recharger vos cristaux, apaiser l\u2019esprit et harmoniser les \u00e9nergies de votre espace.&quot;\" \/>\n<meta name=\"robots\" content=\"index, follow, max-snippet:-1, max-image-preview:large, max-video-preview:-1\" \/>\n<link rel=\"canonical\" href=\"https:\/\/aufildespierres.com\/index.php\/product\/plaque-de-selenite\/\" \/>\n<meta property=\"og:locale\" content=\"fr_FR\" \/>\n<meta property=\"og:type\" content=\"article\" \/>\n<meta property=\"og:title\" content=\"Plaque de S\u00e9l\u00e9nite - Au fil des pierres\" \/>\n<meta property=\"og:description\" content=\"&quot;Plaque de S\u00e9l\u00e9nite : pierre de lumi\u00e8re et de purification, id\u00e9ale pour recharger vos cristaux, apaiser l\u2019esprit et harmoniser les \u00e9nergies de votre espace.&quot;\" \/>\n<meta property=\"og:url\" content=\"https:\/\/aufildespierres.com\/index.php\/product\/plaque-de-selenite\/\" \/>\n<meta property=\"og:site_name\" content=\"Au fil des pierres\" \/>\n<meta property=\"og:image\" content=\"https:\/\/aufildespierres.com\/wp-content\/uploads\/2025\/09\/20250910_174835-scaled.jpg\" \/>\n\t<meta property=\"og:image:width\" content=\"1441\" \/>\n\t<meta property=\"og:image:height\" content=\"2560\" \/>\n\t<meta property=\"og:image:type\" content=\"image\/jpeg\" \/>\n<meta name=\"twitter:card\" content=\"summary_large_image\" \/>\n<meta name=\"twitter:label1\" content=\"Dur\u00e9e de lecture estim\u00e9e\" \/>\n\t<meta name=\"twitter:data1\" content=\"3 minutes\" \/>\n<script type=\"application\/ld+json\" class=\"yoast-schema-graph\">{\"@context\":\"https:\\\/\\\/schema.org\",\"@graph\":[{\"@type\":\"WebPage\",\"@id\":\"https:\\\/\\\/aufildespierres.com\\\/index.php\\\/product\\\/plaque-de-selenite\\\/\",\"url\":\"https:\\\/\\\/aufildespierres.com\\\/index.php\\\/product\\\/plaque-de-selenite\\\/\",\"name\":\"Plaque de S\u00e9l\u00e9nite - Au fil des pierres\",\"isPartOf\":{\"@id\":\"https:\\\/\\\/aufildespierres.com\\\/#website\"},\"primaryImageOfPage\":{\"@id\":\"https:\\\/\\\/aufildespierres.com\\\/index.php\\\/product\\\/plaque-de-selenite\\\/#primaryimage\"},\"image\":{\"@id\":\"https:\\\/\\\/aufildespierres.com\\\/index.php\\\/product\\\/plaque-de-selenite\\\/#primaryimage\"},\"thumbnailUrl\":\"https:\\\/\\\/aufildespierres.com\\\/wp-content\\\/uploads\\\/2025\\\/09\\\/20250910_174835-scaled.jpg\",\"datePublished\":\"2025-09-11T17:21:11+00:00\",\"description\":\"\\\"Plaque de S\u00e9l\u00e9nite : pierre de lumi\u00e8re et de purification, id\u00e9ale pour recharger vos cristaux, apaiser l\u2019esprit et harmoniser les \u00e9nergies de votre espace.\\\"\",\"breadcrumb\":{\"@id\":\"https:\\\/\\\/aufildespierres.com\\\/index.php\\\/product\\\/plaque-de-selenite\\\/#breadcrumb\"},\"inLanguage\":\"fr-FR\",\"potentialAction\":[{\"@type\":\"ReadAction\",\"target\":[\"https:\\\/\\\/aufildespierres.com\\\/index.php\\\/product\\\/plaque-de-selenite\\\/\"]}]},{\"@type\":\"ImageObject\",\"inLanguage\":\"fr-FR\",\"@id\":\"https:\\\/\\\/aufildespierres.com\\\/index.php\\\/product\\\/plaque-de-selenite\\\/#primaryimage\",\"url\":\"https:\\\/\\\/aufildespierres.com\\\/wp-content\\\/uploads\\\/2025\\\/09\\\/20250910_174835-scaled.jpg\",\"contentUrl\":\"https:\\\/\\\/aufildespierres.com\\\/wp-content\\\/uploads\\\/2025\\\/09\\\/20250910_174835-scaled.jpg\",\"width\":1441,\"height\":2560},{\"@type\":\"BreadcrumbList\",\"@id\":\"https:\\\/\\\/aufildespierres.com\\\/index.php\\\/product\\\/plaque-de-selenite\\\/#breadcrumb\",\"itemListElement\":[{\"@type\":\"ListItem\",\"position\":1,\"name\":\"Accueil\",\"item\":\"https:\\\/\\\/aufildespierres.com\\\/\"},{\"@type\":\"ListItem\",\"position\":2,\"name\":\"Boutique de Lithoth\u00e9rapie\",\"item\":\"https:\\\/\\\/aufildespierres.com\\\/index.php\\\/boutique-de-lithotherapie\\\/\"},{\"@type\":\"ListItem\",\"position\":3,\"name\":\"Plaque de S\u00e9l\u00e9nite\"}]},{\"@type\":\"WebSite\",\"@id\":\"https:\\\/\\\/aufildespierres.com\\\/#website\",\"url\":\"https:\\\/\\\/aufildespierres.com\\\/\",\"name\":\"Au fil des pierres\",\"description\":\"Au fil des pierres\",\"publisher\":{\"@id\":\"https:\\\/\\\/aufildespierres.com\\\/#organization\"},\"potentialAction\":[{\"@type\":\"SearchAction\",\"target\":{\"@type\":\"EntryPoint\",\"urlTemplate\":\"https:\\\/\\\/aufildespierres.com\\\/?s={search_term_string}\"},\"query-input\":{\"@type\":\"PropertyValueSpecification\",\"valueRequired\":true,\"valueName\":\"search_term_string\"}}],\"inLanguage\":\"fr-FR\"},{\"@type\":\"Organization\",\"@id\":\"https:\\\/\\\/aufildespierres.com\\\/#organization\",\"name\":\"Au fil des pierres\",\"url\":\"https:\\\/\\\/aufildespierres.com\\\/\",\"logo\":{\"@type\":\"ImageObject\",\"inLanguage\":\"fr-FR\",\"@id\":\"https:\\\/\\\/aufildespierres.com\\\/#\\\/schema\\\/logo\\\/image\\\/\",\"url\":\"https:\\\/\\\/aufildespierres.com\\\/wp-content\\\/uploads\\\/2023\\\/05\\\/cropped-Logo-PNG-Transparent.png\",\"contentUrl\":\"https:\\\/\\\/aufildespierres.com\\\/wp-content\\\/uploads\\\/2023\\\/05\\\/cropped-Logo-PNG-Transparent.png\",\"width\":1776,\"height\":1625,\"caption\":\"Au fil des pierres\"},\"image\":{\"@id\":\"https:\\\/\\\/aufildespierres.com\\\/#\\\/schema\\\/logo\\\/image\\\/\"}}]}<\/script>\n<!-- \/ Yoast SEO plugin. -->","yoast_head_json":{"title":"Plaque de S\u00e9l\u00e9nite - Au fil des pierres","description":"\"Plaque de S\u00e9l\u00e9nite : pierre de lumi\u00e8re et de purification, id\u00e9ale pour recharger vos cristaux, apaiser l\u2019esprit et harmoniser les \u00e9nergies de votre espace.\"","robots":{"index":"index","follow":"follow","max-snippet":"max-snippet:-1","max-image-preview":"max-image-preview:large","max-video-preview":"max-video-preview:-1"},"canonical":"https:\/\/aufildespierres.com\/index.php\/product\/plaque-de-selenite\/","og_locale":"fr_FR","og_type":"article","og_title":"Plaque de S\u00e9l\u00e9nite - Au fil des pierres","og_description":"\"Plaque de S\u00e9l\u00e9nite : pierre de lumi\u00e8re et de purification, id\u00e9ale pour recharger vos cristaux, apaiser l\u2019esprit et harmoniser les \u00e9nergies de votre espace.\"","og_url":"https:\/\/aufildespierres.com\/index.php\/product\/plaque-de-selenite\/","og_site_name":"Au fil des pierres","og_image":[{"width":1441,"height":2560,"url":"https:\/\/aufildespierres.com\/wp-content\/uploads\/2025\/09\/20250910_174835-scaled.jpg","type":"image\/jpeg"}],"twitter_card":"summary_large_image","twitter_misc":{"Dur\u00e9e de lecture estim\u00e9e":"3 minutes"},"schema":{"@context":"https:\/\/schema.org","@graph":[{"@type":"WebPage","@id":"https:\/\/aufildespierres.com\/index.php\/product\/plaque-de-selenite\/","url":"https:\/\/aufildespierres.com\/index.php\/product\/plaque-de-selenite\/","name":"Plaque de S\u00e9l\u00e9nite - Au fil des pierres","isPartOf":{"@id":"https:\/\/aufildespierres.com\/#website"},"primaryImageOfPage":{"@id":"https:\/\/aufildespierres.com\/index.php\/product\/plaque-de-selenite\/#primaryimage"},"image":{"@id":"https:\/\/aufildespierres.com\/index.php\/product\/plaque-de-selenite\/#primaryimage"},"thumbnailUrl":"https:\/\/aufildespierres.com\/wp-content\/uploads\/2025\/09\/20250910_174835-scaled.jpg","datePublished":"2025-09-11T17:21:11+00:00","description":"\"Plaque de S\u00e9l\u00e9nite : pierre de lumi\u00e8re et de purification, id\u00e9ale pour recharger vos cristaux, apaiser l\u2019esprit et harmoniser les \u00e9nergies de votre espace.\"","breadcrumb":{"@id":"https:\/\/aufildespierres.com\/index.php\/product\/plaque-de-selenite\/#breadcrumb"},"inLanguage":"fr-FR","potentialAction":[{"@type":"ReadAction","target":["https:\/\/aufildespierres.com\/index.php\/product\/plaque-de-selenite\/"]}]},{"@type":"ImageObject","inLanguage":"fr-FR","@id":"https:\/\/aufildespierres.com\/index.php\/product\/plaque-de-selenite\/#primaryimage","url":"https:\/\/aufildespierres.com\/wp-content\/uploads\/2025\/09\/20250910_174835-scaled.jpg","contentUrl":"https:\/\/aufildespierres.com\/wp-content\/uploads\/2025\/09\/20250910_174835-scaled.jpg","width":1441,"height":2560},{"@type":"BreadcrumbList","@id":"https:\/\/aufildespierres.com\/index.php\/product\/plaque-de-selenite\/#breadcrumb","itemListElement":[{"@type":"ListItem","position":1,"name":"Accueil","item":"https:\/\/aufildespierres.com\/"},{"@type":"ListItem","position":2,"name":"Boutique de Lithoth\u00e9rapie","item":"https:\/\/aufildespierres.com\/index.php\/boutique-de-lithotherapie\/"},{"@type":"ListItem","position":3,"name":"Plaque de S\u00e9l\u00e9nite"}]},{"@type":"WebSite","@id":"https:\/\/aufildespierres.com\/#website","url":"https:\/\/aufildespierres.com\/","name":"Au fil des pierres","description":"Au fil des pierres","publisher":{"@id":"https:\/\/aufildespierres.com\/#organization"},"potentialAction":[{"@type":"SearchAction","target":{"@type":"EntryPoint","urlTemplate":"https:\/\/aufildespierres.com\/?s={search_term_string}"},"query-input":{"@type":"PropertyValueSpecification","valueRequired":true,"valueName":"search_term_string"}}],"inLanguage":"fr-FR"},{"@type":"Organization","@id":"https:\/\/aufildespierres.com\/#organization","name":"Au fil des pierres","url":"https:\/\/aufildespierres.com\/","logo":{"@type":"ImageObject","inLanguage":"fr-FR","@id":"https:\/\/aufildespierres.com\/#\/schema\/logo\/image\/","url":"https:\/\/aufildespierres.com\/wp-content\/uploads\/2023\/05\/cropped-Logo-PNG-Transparent.png","contentUrl":"https:\/\/aufildespierres.com\/wp-content\/uploads\/2023\/05\/cropped-Logo-PNG-Transparent.png","width":1776,"height":1625,"caption":"Au fil des pierres"},"image":{"@id":"https:\/\/aufildespierres.com\/#\/schema\/logo\/image\/"}}]}},"_links":{"self":[{"href":"https:\/\/aufildespierres.com\/index.php\/wp-json\/wp\/v2\/product\/4212","targetHints":{"allow":["GET"]}}],"collection":[{"href":"https:\/\/aufildespierres.com\/index.php\/wp-json\/wp\/v2\/product"}],"about":[{"href":"https:\/\/aufildespierres.com\/index.php\/wp-json\/wp\/v2\/types\/product"}],"replies":[{"embeddable":true,"href":"https:\/\/aufildespierres.com\/index.php\/wp-json\/wp\/v2\/comments?post=4212"}],"wp:featuredmedia":[{"embeddable":true,"href":"https:\/\/aufildespierres.com\/index.php\/wp-json\/wp\/v2\/media\/4213"}],"wp:attachment":[{"href":"https:\/\/aufildespierres.com\/index.php\/wp-json\/wp\/v2\/media?parent=4212"}],"wp:term":[{"taxonomy":"product_brand","embeddable":true,"href":"https:\/\/aufildespierres.com\/index.php\/wp-json\/wp\/v2\/product_brand?post=4212"},{"taxonomy":"product_cat","embeddable":true,"href":"https:\/\/aufildespierres.com\/index.php\/wp-json\/wp\/v2\/product_cat?post=4212"},{"taxonomy":"product_tag","embeddable":true,"href":"https:\/\/aufildespierres.com\/index.php\/wp-json\/wp\/v2\/product_tag?post=4212"}],"curies":[{"name":"wp","href":"https:\/\/api.w.org\/{rel}","templated":true}]}}