{"id":425,"date":"2023-08-30T17:30:09","date_gmt":"2023-08-30T15:30:09","guid":{"rendered":"https:\/\/aufildespierres.com\/?post_type=product&#038;p=425"},"modified":"2025-09-14T18:08:12","modified_gmt":"2025-09-14T16:08:12","slug":"bracelet-quartz-rose-et-quartz-fraise","status":"publish","type":"product","link":"https:\/\/aufildespierres.com\/index.php\/product\/bracelet-quartz-rose-et-quartz-fraise\/","title":{"rendered":"Bracelet Quartz rose et Quartz fraise"},"content":{"rendered":"<p>Bracelet Amour compos\u00e9 de<\/p>\n<p>8 perles de quartz rose naturel . le quartz rose n&rsquo;est pas teint\u00e9 il est naturellement rose p\u00e2le sauf s&rsquo;il provient de Madagascar . Celui ci est classique<\/p>\n<p>8 perles de quartz fraise<\/p>\n<p>7 rondelles de quartz rose\u00a0 \u00a03 strass fantaisie rose<\/p>\n<p>1 perle cache n\u0153ud Lotus alliage Tib\u00e9tain<\/p>\n<p><strong><em>Le quartz fraise<\/em><\/strong><\/p>\n<ul>\n<li>Pierre d&rsquo;amour qui renforcera la joie amoureuse, le pouvoir d&rsquo;attraction, la sensualit\u00e9, les liens familiaux.<\/li>\n<li>Equilibre le mental et les \u00e9motions<\/li>\n<li>Diminue les tensions et favorise apaisement de l&rsquo;esprit, s\u00e9r\u00e9nit\u00e9.<\/li>\n<li>Renforce le syst\u00e8me immunitaire.<\/li>\n<\/ul>\n<p><strong>\u00a0<\/strong><\/p>\n<p><strong>Quartz rose :\u00a0<\/strong><\/p>\n<p><strong>Propri\u00e9t\u00e9s psychiques\u00a0: <\/strong><\/p>\n<p>&nbsp;<\/p>\n<ul>\n<li>Associ\u00e9e au chakra du c\u0153ur le quartz rose apporte douceur, tendresse, paix et calme int\u00e9rieur, apaise les blessures profondes, les traumas et peines de c\u0153ur r\u00e9cents ou de l\u2019enfance<\/li>\n<li>Aide \u00e0 prendre conscience de l&rsquo;amour de soi et s&rsquo;accepter tel que l&rsquo;on est, apprendre \u00e0 s\u2019aimer et d\u2019avoir une meilleure image de soi<\/li>\n<li>Augmente confiance et estime de soi, s\u00e9curise les enfants jusqu\u2019\u00e0 la pubert\u00e9 (\u00e9nergie d\u2019amour maternel)<\/li>\n<li>Aide \u00e0 pardonne et respecter, redonne tendresse, affection, \u00e9coute et sagesse pour donner et recevoir de l&rsquo;amour.<\/li>\n<li>Aide \u00e0 trouver de l\u2019inspiration cr\u00e9ative.<\/li>\n<\/ul>\n<p><em>Propri\u00e9t\u00e9s physiques :<\/em><\/p>\n<ul>\n<li>Am\u00e9liore le syst\u00e8me circulatoire et apaise les bleus<\/li>\n<li>Diminue la tension art\u00e9rielle et lutte contre les infections ou maladies d\u00e9g\u00e9n\u00e9ratives du syst\u00e8me nerveux<\/li>\n<li>Calme hyperactivit\u00e9, stress, angoisses<\/li>\n<li>Prot\u00e8ge poumons, c\u0153ur et voies respiratoires<\/li>\n<li>R\u00e9duit les ulc\u00e8res dus au stress<\/li>\n<li>Elimine les toxines du corps via les surr\u00e9nales<\/li>\n<li>Augmente la fertilit\u00e9<\/li>\n<li>Aide contre les insomnies et maux de t\u00eate.<\/li>\n<li>Diminue les rides ( appliqu\u00e9 en roll on de massage )<\/li>\n<li>Att\u00e9nue les perturbations g\u00e9o biologiques.<\/li>\n<\/ul>\n<p>&nbsp;<\/p>\n<p>&nbsp;<\/p>\n","protected":false},"excerpt":{"rendered":"<p>Bracelet Amour compos\u00e9 de 8 perles de quartz rose naturel . le quartz rose n&rsquo;est pas teint\u00e9 il est naturellement rose p\u00e2le sauf s&rsquo;il provient de Madagascar . Celui ci est classique 8 perles de quartz fraise 7 rondelles de quartz rose\u00a0 \u00a03 strass fantaisie rose 1 perle cache n\u0153ud Lotus alliage Tib\u00e9tain Le quartz [&hellip;]<\/p>\n","protected":false},"featured_media":426,"comment_status":"open","ping_status":"closed","template":"","meta":{"site-sidebar-layout":"default","site-content-layout":"","ast-site-content-layout":"default","site-content-style":"default","site-sidebar-style":"default","ast-global-header-display":"","ast-banner-title-visibility":"","ast-main-header-display":"","ast-hfb-above-header-display":"","ast-hfb-below-header-display":"","ast-hfb-mobile-header-display":"","site-post-title":"","ast-breadcrumbs-content":"","ast-featured-img":"","footer-sml-layout":"","ast-disable-related-posts":"","theme-transparent-header-meta":"default","adv-header-id-meta":"","stick-header-meta":"","header-above-stick-meta":"","header-main-stick-meta":"","header-below-stick-meta":"","astra-migrate-meta-layouts":"set","ast-page-background-enabled":"default","ast-page-background-meta":{"desktop":{"background-color":"var(--ast-global-color-4)","background-image":"","background-repeat":"repeat","background-position":"center center","background-size":"auto","background-attachment":"scroll","background-type":"","background-media":"","overlay-type":"","overlay-color":"","overlay-opacity":"","overlay-gradient":""},"tablet":{"background-color":"","background-image":"","background-repeat":"repeat","background-position":"center center","background-size":"auto","background-attachment":"scroll","background-type":"","background-media":"","overlay-type":"","overlay-color":"","overlay-opacity":"","overlay-gradient":""},"mobile":{"background-color":"","background-image":"","background-repeat":"repeat","background-position":"center center","background-size":"auto","background-attachment":"scroll","background-type":"","background-media":"","overlay-type":"","overlay-color":"","overlay-opacity":"","overlay-gradient":""}},"ast-content-background-meta":{"desktop":{"background-color":"var(--ast-global-color-5)","background-image":"","background-repeat":"repeat","background-position":"center center","background-size":"auto","background-attachment":"scroll","background-type":"","background-media":"","overlay-type":"","overlay-color":"","overlay-opacity":"","overlay-gradient":""},"tablet":{"background-color":"var(--ast-global-color-5)","background-image":"","background-repeat":"repeat","background-position":"center center","background-size":"auto","background-attachment":"scroll","background-type":"","background-media":"","overlay-type":"","overlay-color":"","overlay-opacity":"","overlay-gradient":""},"mobile":{"background-color":"var(--ast-global-color-5)","background-image":"","background-repeat":"repeat","background-position":"center center","background-size":"auto","background-attachment":"scroll","background-type":"","background-media":"","overlay-type":"","overlay-color":"","overlay-opacity":"","overlay-gradient":""}},"_glsr_average":0,"_glsr_ranking":0,"_glsr_reviews":0},"product_brand":[],"product_cat":[54,299,26,56,290,64,272,65,15],"product_tag":[],"class_list":{"0":"post-425","1":"product","2":"type-product","3":"status-publish","4":"has-post-thumbnail","6":"product_cat-8-mm","7":"product_cat-amour-de-soi","8":"product_cat-bijoux","9":"product_cat-bracelets-de-lithotherapie","10":"product_cat-bracelets-de-lithotherapie-femmes","11":"product_cat-couleurs","12":"product_cat-equilibre-emotionnel","13":"product_cat-rose","14":"product_cat-tout","15":"desktop-align-left","16":"tablet-align-left","17":"mobile-align-left","19":"first","20":"instock","21":"purchasable","22":"product-type-simple"},"yoast_head":"<!-- This site is optimized with the Yoast SEO plugin v27.5 - https:\/\/yoast.com\/product\/yoast-seo-wordpress\/ -->\n<title>Bracelet Quartz rose et Quartz fraise - Au fil des pierres<\/title>\n<meta name=\"robots\" content=\"index, follow, max-snippet:-1, max-image-preview:large, max-video-preview:-1\" \/>\n<link rel=\"canonical\" href=\"https:\/\/aufildespierres.com\/index.php\/product\/bracelet-quartz-rose-et-quartz-fraise\/\" \/>\n<meta property=\"og:locale\" content=\"fr_FR\" \/>\n<meta property=\"og:type\" content=\"article\" \/>\n<meta property=\"og:title\" content=\"Bracelet Quartz rose et Quartz fraise - Au fil des pierres\" \/>\n<meta property=\"og:description\" content=\"Bracelet Amour compos\u00e9 de 8 perles de quartz rose naturel . le quartz rose n&rsquo;est pas teint\u00e9 il est naturellement rose p\u00e2le sauf s&rsquo;il provient de Madagascar . Celui ci est classique 8 perles de quartz fraise 7 rondelles de quartz rose\u00a0 \u00a03 strass fantaisie rose 1 perle cache n\u0153ud Lotus alliage Tib\u00e9tain Le quartz [&hellip;]\" \/>\n<meta property=\"og:url\" content=\"https:\/\/aufildespierres.com\/index.php\/product\/bracelet-quartz-rose-et-quartz-fraise\/\" \/>\n<meta property=\"og:site_name\" content=\"Au fil des pierres\" \/>\n<meta property=\"article:modified_time\" content=\"2025-09-14T16:08:12+00:00\" \/>\n<meta property=\"og:image\" content=\"https:\/\/aufildespierres.com\/wp-content\/uploads\/2023\/08\/20230830_170554.jpg\" \/>\n\t<meta property=\"og:image:width\" content=\"2199\" \/>\n\t<meta property=\"og:image:height\" content=\"1705\" \/>\n\t<meta property=\"og:image:type\" content=\"image\/jpeg\" \/>\n<meta name=\"twitter:card\" content=\"summary_large_image\" \/>\n<meta name=\"twitter:label1\" content=\"Dur\u00e9e de lecture estim\u00e9e\" \/>\n\t<meta name=\"twitter:data1\" content=\"2 minutes\" \/>\n<script type=\"application\/ld+json\" class=\"yoast-schema-graph\">{\"@context\":\"https:\\\/\\\/schema.org\",\"@graph\":[{\"@type\":\"WebPage\",\"@id\":\"https:\\\/\\\/aufildespierres.com\\\/index.php\\\/product\\\/bracelet-quartz-rose-et-quartz-fraise\\\/\",\"url\":\"https:\\\/\\\/aufildespierres.com\\\/index.php\\\/product\\\/bracelet-quartz-rose-et-quartz-fraise\\\/\",\"name\":\"Bracelet Quartz rose et Quartz fraise - Au fil des pierres\",\"isPartOf\":{\"@id\":\"https:\\\/\\\/aufildespierres.com\\\/#website\"},\"primaryImageOfPage\":{\"@id\":\"https:\\\/\\\/aufildespierres.com\\\/index.php\\\/product\\\/bracelet-quartz-rose-et-quartz-fraise\\\/#primaryimage\"},\"image\":{\"@id\":\"https:\\\/\\\/aufildespierres.com\\\/index.php\\\/product\\\/bracelet-quartz-rose-et-quartz-fraise\\\/#primaryimage\"},\"thumbnailUrl\":\"https:\\\/\\\/aufildespierres.com\\\/wp-content\\\/uploads\\\/2023\\\/08\\\/20230830_170554.jpg\",\"datePublished\":\"2023-08-30T15:30:09+00:00\",\"dateModified\":\"2025-09-14T16:08:12+00:00\",\"breadcrumb\":{\"@id\":\"https:\\\/\\\/aufildespierres.com\\\/index.php\\\/product\\\/bracelet-quartz-rose-et-quartz-fraise\\\/#breadcrumb\"},\"inLanguage\":\"fr-FR\",\"potentialAction\":[{\"@type\":\"ReadAction\",\"target\":[\"https:\\\/\\\/aufildespierres.com\\\/index.php\\\/product\\\/bracelet-quartz-rose-et-quartz-fraise\\\/\"]}]},{\"@type\":\"ImageObject\",\"inLanguage\":\"fr-FR\",\"@id\":\"https:\\\/\\\/aufildespierres.com\\\/index.php\\\/product\\\/bracelet-quartz-rose-et-quartz-fraise\\\/#primaryimage\",\"url\":\"https:\\\/\\\/aufildespierres.com\\\/wp-content\\\/uploads\\\/2023\\\/08\\\/20230830_170554.jpg\",\"contentUrl\":\"https:\\\/\\\/aufildespierres.com\\\/wp-content\\\/uploads\\\/2023\\\/08\\\/20230830_170554.jpg\",\"width\":2199,\"height\":1705},{\"@type\":\"BreadcrumbList\",\"@id\":\"https:\\\/\\\/aufildespierres.com\\\/index.php\\\/product\\\/bracelet-quartz-rose-et-quartz-fraise\\\/#breadcrumb\",\"itemListElement\":[{\"@type\":\"ListItem\",\"position\":1,\"name\":\"Accueil\",\"item\":\"https:\\\/\\\/aufildespierres.com\\\/\"},{\"@type\":\"ListItem\",\"position\":2,\"name\":\"Boutique de Lithoth\u00e9rapie\",\"item\":\"https:\\\/\\\/aufildespierres.com\\\/index.php\\\/boutique-de-lithotherapie\\\/\"},{\"@type\":\"ListItem\",\"position\":3,\"name\":\"Bracelet Quartz rose et Quartz fraise\"}]},{\"@type\":\"WebSite\",\"@id\":\"https:\\\/\\\/aufildespierres.com\\\/#website\",\"url\":\"https:\\\/\\\/aufildespierres.com\\\/\",\"name\":\"Au fil des pierres\",\"description\":\"Au fil des pierres\",\"publisher\":{\"@id\":\"https:\\\/\\\/aufildespierres.com\\\/#organization\"},\"potentialAction\":[{\"@type\":\"SearchAction\",\"target\":{\"@type\":\"EntryPoint\",\"urlTemplate\":\"https:\\\/\\\/aufildespierres.com\\\/?s={search_term_string}\"},\"query-input\":{\"@type\":\"PropertyValueSpecification\",\"valueRequired\":true,\"valueName\":\"search_term_string\"}}],\"inLanguage\":\"fr-FR\"},{\"@type\":\"Organization\",\"@id\":\"https:\\\/\\\/aufildespierres.com\\\/#organization\",\"name\":\"Au fil des pierres\",\"url\":\"https:\\\/\\\/aufildespierres.com\\\/\",\"logo\":{\"@type\":\"ImageObject\",\"inLanguage\":\"fr-FR\",\"@id\":\"https:\\\/\\\/aufildespierres.com\\\/#\\\/schema\\\/logo\\\/image\\\/\",\"url\":\"https:\\\/\\\/aufildespierres.com\\\/wp-content\\\/uploads\\\/2023\\\/05\\\/cropped-Logo-PNG-Transparent.png\",\"contentUrl\":\"https:\\\/\\\/aufildespierres.com\\\/wp-content\\\/uploads\\\/2023\\\/05\\\/cropped-Logo-PNG-Transparent.png\",\"width\":1776,\"height\":1625,\"caption\":\"Au fil des pierres\"},\"image\":{\"@id\":\"https:\\\/\\\/aufildespierres.com\\\/#\\\/schema\\\/logo\\\/image\\\/\"}}]}<\/script>\n<!-- \/ Yoast SEO plugin. -->","yoast_head_json":{"title":"Bracelet Quartz rose et Quartz fraise - Au fil des pierres","robots":{"index":"index","follow":"follow","max-snippet":"max-snippet:-1","max-image-preview":"max-image-preview:large","max-video-preview":"max-video-preview:-1"},"canonical":"https:\/\/aufildespierres.com\/index.php\/product\/bracelet-quartz-rose-et-quartz-fraise\/","og_locale":"fr_FR","og_type":"article","og_title":"Bracelet Quartz rose et Quartz fraise - Au fil des pierres","og_description":"Bracelet Amour compos\u00e9 de 8 perles de quartz rose naturel . le quartz rose n&rsquo;est pas teint\u00e9 il est naturellement rose p\u00e2le sauf s&rsquo;il provient de Madagascar . Celui ci est classique 8 perles de quartz fraise 7 rondelles de quartz rose\u00a0 \u00a03 strass fantaisie rose 1 perle cache n\u0153ud Lotus alliage Tib\u00e9tain Le quartz [&hellip;]","og_url":"https:\/\/aufildespierres.com\/index.php\/product\/bracelet-quartz-rose-et-quartz-fraise\/","og_site_name":"Au fil des pierres","article_modified_time":"2025-09-14T16:08:12+00:00","og_image":[{"width":2199,"height":1705,"url":"https:\/\/aufildespierres.com\/wp-content\/uploads\/2023\/08\/20230830_170554.jpg","type":"image\/jpeg"}],"twitter_card":"summary_large_image","twitter_misc":{"Dur\u00e9e de lecture estim\u00e9e":"2 minutes"},"schema":{"@context":"https:\/\/schema.org","@graph":[{"@type":"WebPage","@id":"https:\/\/aufildespierres.com\/index.php\/product\/bracelet-quartz-rose-et-quartz-fraise\/","url":"https:\/\/aufildespierres.com\/index.php\/product\/bracelet-quartz-rose-et-quartz-fraise\/","name":"Bracelet Quartz rose et Quartz fraise - Au fil des pierres","isPartOf":{"@id":"https:\/\/aufildespierres.com\/#website"},"primaryImageOfPage":{"@id":"https:\/\/aufildespierres.com\/index.php\/product\/bracelet-quartz-rose-et-quartz-fraise\/#primaryimage"},"image":{"@id":"https:\/\/aufildespierres.com\/index.php\/product\/bracelet-quartz-rose-et-quartz-fraise\/#primaryimage"},"thumbnailUrl":"https:\/\/aufildespierres.com\/wp-content\/uploads\/2023\/08\/20230830_170554.jpg","datePublished":"2023-08-30T15:30:09+00:00","dateModified":"2025-09-14T16:08:12+00:00","breadcrumb":{"@id":"https:\/\/aufildespierres.com\/index.php\/product\/bracelet-quartz-rose-et-quartz-fraise\/#breadcrumb"},"inLanguage":"fr-FR","potentialAction":[{"@type":"ReadAction","target":["https:\/\/aufildespierres.com\/index.php\/product\/bracelet-quartz-rose-et-quartz-fraise\/"]}]},{"@type":"ImageObject","inLanguage":"fr-FR","@id":"https:\/\/aufildespierres.com\/index.php\/product\/bracelet-quartz-rose-et-quartz-fraise\/#primaryimage","url":"https:\/\/aufildespierres.com\/wp-content\/uploads\/2023\/08\/20230830_170554.jpg","contentUrl":"https:\/\/aufildespierres.com\/wp-content\/uploads\/2023\/08\/20230830_170554.jpg","width":2199,"height":1705},{"@type":"BreadcrumbList","@id":"https:\/\/aufildespierres.com\/index.php\/product\/bracelet-quartz-rose-et-quartz-fraise\/#breadcrumb","itemListElement":[{"@type":"ListItem","position":1,"name":"Accueil","item":"https:\/\/aufildespierres.com\/"},{"@type":"ListItem","position":2,"name":"Boutique de Lithoth\u00e9rapie","item":"https:\/\/aufildespierres.com\/index.php\/boutique-de-lithotherapie\/"},{"@type":"ListItem","position":3,"name":"Bracelet Quartz rose et Quartz fraise"}]},{"@type":"WebSite","@id":"https:\/\/aufildespierres.com\/#website","url":"https:\/\/aufildespierres.com\/","name":"Au fil des pierres","description":"Au fil des pierres","publisher":{"@id":"https:\/\/aufildespierres.com\/#organization"},"potentialAction":[{"@type":"SearchAction","target":{"@type":"EntryPoint","urlTemplate":"https:\/\/aufildespierres.com\/?s={search_term_string}"},"query-input":{"@type":"PropertyValueSpecification","valueRequired":true,"valueName":"search_term_string"}}],"inLanguage":"fr-FR"},{"@type":"Organization","@id":"https:\/\/aufildespierres.com\/#organization","name":"Au fil des pierres","url":"https:\/\/aufildespierres.com\/","logo":{"@type":"ImageObject","inLanguage":"fr-FR","@id":"https:\/\/aufildespierres.com\/#\/schema\/logo\/image\/","url":"https:\/\/aufildespierres.com\/wp-content\/uploads\/2023\/05\/cropped-Logo-PNG-Transparent.png","contentUrl":"https:\/\/aufildespierres.com\/wp-content\/uploads\/2023\/05\/cropped-Logo-PNG-Transparent.png","width":1776,"height":1625,"caption":"Au fil des pierres"},"image":{"@id":"https:\/\/aufildespierres.com\/#\/schema\/logo\/image\/"}}]}},"_links":{"self":[{"href":"https:\/\/aufildespierres.com\/index.php\/wp-json\/wp\/v2\/product\/425","targetHints":{"allow":["GET"]}}],"collection":[{"href":"https:\/\/aufildespierres.com\/index.php\/wp-json\/wp\/v2\/product"}],"about":[{"href":"https:\/\/aufildespierres.com\/index.php\/wp-json\/wp\/v2\/types\/product"}],"replies":[{"embeddable":true,"href":"https:\/\/aufildespierres.com\/index.php\/wp-json\/wp\/v2\/comments?post=425"}],"wp:featuredmedia":[{"embeddable":true,"href":"https:\/\/aufildespierres.com\/index.php\/wp-json\/wp\/v2\/media\/426"}],"wp:attachment":[{"href":"https:\/\/aufildespierres.com\/index.php\/wp-json\/wp\/v2\/media?parent=425"}],"wp:term":[{"taxonomy":"product_brand","embeddable":true,"href":"https:\/\/aufildespierres.com\/index.php\/wp-json\/wp\/v2\/product_brand?post=425"},{"taxonomy":"product_cat","embeddable":true,"href":"https:\/\/aufildespierres.com\/index.php\/wp-json\/wp\/v2\/product_cat?post=425"},{"taxonomy":"product_tag","embeddable":true,"href":"https:\/\/aufildespierres.com\/index.php\/wp-json\/wp\/v2\/product_tag?post=425"}],"curies":[{"name":"wp","href":"https:\/\/api.w.org\/{rel}","templated":true}]}}