{"id":4322,"date":"2025-10-10T10:11:05","date_gmt":"2025-10-10T08:11:05","guid":{"rendered":"https:\/\/aufildespierres.com\/?post_type=product&#038;p=4322"},"modified":"2026-01-13T20:07:27","modified_gmt":"2026-01-13T19:07:27","slug":"crane-en-unakite","status":"publish","type":"product","link":"https:\/\/aufildespierres.com\/index.php\/product\/crane-en-unakite\/","title":{"rendered":"Crane en Unakite"},"content":{"rendered":"<h2 data-start=\"209\" data-end=\"230\">Crane en Unakite<\/h2>\n<p data-start=\"231\" data-end=\"259\"><strong data-start=\"231\" data-end=\"259\">40 x 45 mm \u2013 119 grammes<\/strong><\/p>\n<p data-start=\"261\" data-end=\"712\">L\u2019<strong data-start=\"263\" data-end=\"274\">Unakite<\/strong> est une pierre n\u00e9e de la rencontre de trois min\u00e9raux : le <strong data-start=\"333\" data-end=\"351\">feldspath rose<\/strong>, l\u2019<strong data-start=\"355\" data-end=\"372\">\u00e9pidote verte<\/strong> et le <strong data-start=\"379\" data-end=\"389\">quartz<\/strong>. Elle se forme lentement dans les roches m\u00e9tamorphiques, lorsque la chaleur et la pression transforment progressivement ces \u00e9l\u00e9ments en un ensemble harmonieux. Ainsi, cette union naturelle de couleurs et d\u2019\u00e9nergies symbolise l\u2019\u00e9quilibre entre le c\u0153ur et la raison, mais aussi entre le monde mat\u00e9riel et le monde int\u00e9rieur.<\/p>\n<p data-start=\"714\" data-end=\"955\">Pierre d\u2019ancrage douce et bienveillante, l\u2019Unakite agit aussi bien sur le plan \u00e9motionnel que physique. Elle invite \u00e0 l\u2019acceptation de soi et accompagne la gu\u00e9rison du pass\u00e9. Par cons\u00e9quent, elle encourage la paix int\u00e9rieure et la stabilit\u00e9.<\/p>\n<hr data-start=\"957\" data-end=\"960\" \/>\n<h3 data-start=\"962\" data-end=\"987\">Propri\u00e9t\u00e9s psychiques<\/h3>\n<p data-start=\"989\" data-end=\"1218\">Tout d\u2019abord, l\u2019Unakite renforce la <strong data-start=\"1025\" data-end=\"1045\">confiance en soi<\/strong> et aide \u00e0 diminuer la timidit\u00e9. Ensuite, elle apaise le stress et canalise les \u00e9motions. De plus, elle soutient les p\u00e9riodes sensibles, comme un deuil ou une convalescence.<\/p>\n<p data-start=\"1220\" data-end=\"1531\">Ainsi, elle devient une pierre de <strong data-start=\"1254\" data-end=\"1286\">r\u00e9conciliation avec soi-m\u00eame<\/strong>, car elle favorise le lien int\u00e9rieur et l\u2019ouverture aux autres. En outre, elle convient particuli\u00e8rement aux personnes qui doutent d\u2019elles-m\u00eames ou qui se d\u00e9pr\u00e9cient. De m\u00eame, elle aide \u00e0 traverser les \u00e9checs du pass\u00e9 avec davantage de douceur.<\/p>\n<p data-start=\"1533\" data-end=\"1741\">Enfin, l\u2019Unakite aide \u00e0 temp\u00e9rer la jalousie et la col\u00e8re. En parall\u00e8le, elle encourage l\u2019introspection et d\u00e9veloppe la connaissance de soi. Elle accompagne donc celles et ceux qui souhaitent se reconstruire.<\/p>\n<hr data-start=\"1743\" data-end=\"1746\" \/>\n<h3 data-start=\"1748\" data-end=\"1772\">Propri\u00e9t\u00e9s physiques<\/h3>\n<p data-start=\"1774\" data-end=\"2075\">Sur le plan physique, l\u2019Unakite soutient l\u2019organisme avec une \u00e9nergie stable. Elle agit notamment sur certains troubles osseux, comme les fractures, la d\u00e9calcification ou les rhumatismes. Par ailleurs, elle soutient le bon fonctionnement des poumons, du foie, de la v\u00e9sicule biliaire et des intestins.<\/p>\n<p data-start=\"2077\" data-end=\"2328\">En plus de cela, elle favorise l\u2019\u00e9limination des graisses et des toxines. De ce fait, elle accompagne les d\u00e9marches de nettoyage du corps. De plus, elle contribue \u00e0 diminuer l\u2019hypertension, \u00e0 soulager les ulc\u00e8res et \u00e0 renforcer le syst\u00e8me immunitaire.<\/p>\n<p data-start=\"2330\" data-end=\"2475\">Enfin, l\u2019Unakite am\u00e9liore la dur\u00e9e d\u2019endormissement et la qualit\u00e9 du sommeil. Ainsi, elle apporte un apaisement global au corps comme \u00e0 l\u2019esprit.<\/p>\n<hr data-start=\"2477\" data-end=\"2480\" \/>\n<h2 data-start=\"2482\" data-end=\"2504\">Symbolisme du cr\u00e2ne<\/h2>\n<p data-start=\"2506\" data-end=\"2786\">Sous sa forme de <strong data-start=\"2523\" data-end=\"2532\">cr\u00e2ne<\/strong>, la pierre prend une dimension spirituelle encore plus puissante. En effet, le cr\u00e2ne symbolise la transformation, la conscience et la sagesse. Il rappelle la fragilit\u00e9 de la vie, tout en honorant la connaissance int\u00e9rieure et la capacit\u00e9 de renaissance.<\/p>\n<p data-start=\"2788\" data-end=\"3022\">Ce crane en Unakite\u00a0 devient alors un v\u00e9ritable outil d\u2019\u00e9volution personnelle. Il guide pour d\u00e9passer les blessures du pass\u00e9, retrouver confiance en soi et avancer avec lucidit\u00e9. Et surtout, il invite \u00e0 cheminer avec douceur.<\/p>\n<hr data-start=\"3024\" data-end=\"3027\" \/>\n<p data-start=\"3029\" data-end=\"3191\" data-is-last-node=\"\" data-is-only-node=\"\">\n","protected":false},"excerpt":{"rendered":"<p>Crane en Unakite 40 x 45 mm \u2013 119 grammes L\u2019Unakite est une pierre n\u00e9e de la rencontre de trois min\u00e9raux : le feldspath rose, l\u2019\u00e9pidote verte et le quartz. Elle se forme lentement dans les roches m\u00e9tamorphiques, lorsque la chaleur et la pression transforment progressivement ces \u00e9l\u00e9ments en un ensemble harmonieux. Ainsi, cette union [&hellip;]<\/p>\n","protected":false},"featured_media":4324,"comment_status":"open","ping_status":"closed","template":"","meta":{"site-sidebar-layout":"default","site-content-layout":"","ast-site-content-layout":"default","site-content-style":"default","site-sidebar-style":"default","ast-global-header-display":"","ast-banner-title-visibility":"","ast-main-header-display":"","ast-hfb-above-header-display":"","ast-hfb-below-header-display":"","ast-hfb-mobile-header-display":"","site-post-title":"","ast-breadcrumbs-content":"","ast-featured-img":"","footer-sml-layout":"","ast-disable-related-posts":"","theme-transparent-header-meta":"default","adv-header-id-meta":"","stick-header-meta":"","header-above-stick-meta":"","header-main-stick-meta":"","header-below-stick-meta":"","astra-migrate-meta-layouts":"set","ast-page-background-enabled":"default","ast-page-background-meta":{"desktop":{"background-color":"var(--ast-global-color-4)","background-image":"","background-repeat":"repeat","background-position":"center center","background-size":"auto","background-attachment":"scroll","background-type":"","background-media":"","overlay-type":"","overlay-color":"","overlay-opacity":"","overlay-gradient":""},"tablet":{"background-color":"","background-image":"","background-repeat":"repeat","background-position":"center center","background-size":"auto","background-attachment":"scroll","background-type":"","background-media":"","overlay-type":"","overlay-color":"","overlay-opacity":"","overlay-gradient":""},"mobile":{"background-color":"","background-image":"","background-repeat":"repeat","background-position":"center center","background-size":"auto","background-attachment":"scroll","background-type":"","background-media":"","overlay-type":"","overlay-color":"","overlay-opacity":"","overlay-gradient":""}},"ast-content-background-meta":{"desktop":{"background-color":"var(--ast-global-color-5)","background-image":"","background-repeat":"repeat","background-position":"center center","background-size":"auto","background-attachment":"scroll","background-type":"","background-media":"","overlay-type":"","overlay-color":"","overlay-opacity":"","overlay-gradient":""},"tablet":{"background-color":"var(--ast-global-color-5)","background-image":"","background-repeat":"repeat","background-position":"center center","background-size":"auto","background-attachment":"scroll","background-type":"","background-media":"","overlay-type":"","overlay-color":"","overlay-opacity":"","overlay-gradient":""},"mobile":{"background-color":"var(--ast-global-color-5)","background-image":"","background-repeat":"repeat","background-position":"center center","background-size":"auto","background-attachment":"scroll","background-type":"","background-media":"","overlay-type":"","overlay-color":"","overlay-opacity":"","overlay-gradient":""}},"_glsr_average":0,"_glsr_ranking":0,"_glsr_reviews":0},"product_brand":[],"product_cat":[299,272,239,65,83,78],"product_tag":[],"class_list":{"0":"post-4322","1":"product","2":"type-product","3":"status-publish","4":"has-post-thumbnail","6":"product_cat-amour-de-soi","7":"product_cat-equilibre-emotionnel","8":"product_cat-figurines-et-animaux","9":"product_cat-rose","10":"product_cat-unakite","11":"product_cat-vert","12":"desktop-align-left","13":"tablet-align-left","14":"mobile-align-left","16":"first","17":"instock","18":"purchasable","19":"product-type-simple"},"yoast_head":"<!-- This site is optimized with the Yoast SEO plugin v27.5 - https:\/\/yoast.com\/product\/yoast-seo-wordpress\/ -->\n<title>Crane en Unakite - Au fil des pierres<\/title>\n<meta name=\"description\" content=\"Crane en Unakite \u2013 Symbole d\u2019\u00e9quilibre et de transformation int\u00e9rieure. Pierre d\u2019ancrage et de gu\u00e9rison \u00e9motionnelle, l\u2019Unakite aide \u00e0 harmoniser le c\u0153ur et l\u2019esprit. Pi\u00e8ce unique, id\u00e9ale pour la m\u00e9ditation et l\u2019\u00e9nergie positive.\" \/>\n<meta name=\"robots\" content=\"index, follow, max-snippet:-1, max-image-preview:large, max-video-preview:-1\" \/>\n<link rel=\"canonical\" href=\"https:\/\/aufildespierres.com\/index.php\/product\/crane-en-unakite\/\" \/>\n<meta property=\"og:locale\" content=\"fr_FR\" \/>\n<meta property=\"og:type\" content=\"article\" \/>\n<meta property=\"og:title\" content=\"Crane en Unakite - Au fil des pierres\" \/>\n<meta property=\"og:description\" content=\"Crane en Unakite \u2013 Symbole d\u2019\u00e9quilibre et de transformation int\u00e9rieure. Pierre d\u2019ancrage et de gu\u00e9rison \u00e9motionnelle, l\u2019Unakite aide \u00e0 harmoniser le c\u0153ur et l\u2019esprit. Pi\u00e8ce unique, id\u00e9ale pour la m\u00e9ditation et l\u2019\u00e9nergie positive.\" \/>\n<meta property=\"og:url\" content=\"https:\/\/aufildespierres.com\/index.php\/product\/crane-en-unakite\/\" \/>\n<meta property=\"og:site_name\" content=\"Au fil des pierres\" \/>\n<meta property=\"article:modified_time\" content=\"2026-01-13T19:07:27+00:00\" \/>\n<meta property=\"og:image\" content=\"https:\/\/aufildespierres.com\/wp-content\/uploads\/2025\/10\/20251008_170324-scaled.jpg\" \/>\n\t<meta property=\"og:image:width\" content=\"1441\" \/>\n\t<meta property=\"og:image:height\" content=\"2560\" \/>\n\t<meta property=\"og:image:type\" content=\"image\/jpeg\" \/>\n<meta name=\"twitter:card\" content=\"summary_large_image\" \/>\n<meta name=\"twitter:label1\" content=\"Dur\u00e9e de lecture estim\u00e9e\" \/>\n\t<meta name=\"twitter:data1\" content=\"3 minutes\" \/>\n<script type=\"application\/ld+json\" class=\"yoast-schema-graph\">{\"@context\":\"https:\\\/\\\/schema.org\",\"@graph\":[{\"@type\":\"WebPage\",\"@id\":\"https:\\\/\\\/aufildespierres.com\\\/index.php\\\/product\\\/crane-en-unakite\\\/\",\"url\":\"https:\\\/\\\/aufildespierres.com\\\/index.php\\\/product\\\/crane-en-unakite\\\/\",\"name\":\"Crane en Unakite - Au fil des pierres\",\"isPartOf\":{\"@id\":\"https:\\\/\\\/aufildespierres.com\\\/#website\"},\"primaryImageOfPage\":{\"@id\":\"https:\\\/\\\/aufildespierres.com\\\/index.php\\\/product\\\/crane-en-unakite\\\/#primaryimage\"},\"image\":{\"@id\":\"https:\\\/\\\/aufildespierres.com\\\/index.php\\\/product\\\/crane-en-unakite\\\/#primaryimage\"},\"thumbnailUrl\":\"https:\\\/\\\/aufildespierres.com\\\/wp-content\\\/uploads\\\/2025\\\/10\\\/20251008_170324-scaled.jpg\",\"datePublished\":\"2025-10-10T08:11:05+00:00\",\"dateModified\":\"2026-01-13T19:07:27+00:00\",\"description\":\"Crane en Unakite \u2013 Symbole d\u2019\u00e9quilibre et de transformation int\u00e9rieure. Pierre d\u2019ancrage et de gu\u00e9rison \u00e9motionnelle, l\u2019Unakite aide \u00e0 harmoniser le c\u0153ur et l\u2019esprit. Pi\u00e8ce unique, id\u00e9ale pour la m\u00e9ditation et l\u2019\u00e9nergie positive.\",\"breadcrumb\":{\"@id\":\"https:\\\/\\\/aufildespierres.com\\\/index.php\\\/product\\\/crane-en-unakite\\\/#breadcrumb\"},\"inLanguage\":\"fr-FR\",\"potentialAction\":[{\"@type\":\"ReadAction\",\"target\":[\"https:\\\/\\\/aufildespierres.com\\\/index.php\\\/product\\\/crane-en-unakite\\\/\"]}]},{\"@type\":\"ImageObject\",\"inLanguage\":\"fr-FR\",\"@id\":\"https:\\\/\\\/aufildespierres.com\\\/index.php\\\/product\\\/crane-en-unakite\\\/#primaryimage\",\"url\":\"https:\\\/\\\/aufildespierres.com\\\/wp-content\\\/uploads\\\/2025\\\/10\\\/20251008_170324-scaled.jpg\",\"contentUrl\":\"https:\\\/\\\/aufildespierres.com\\\/wp-content\\\/uploads\\\/2025\\\/10\\\/20251008_170324-scaled.jpg\",\"width\":1441,\"height\":2560},{\"@type\":\"BreadcrumbList\",\"@id\":\"https:\\\/\\\/aufildespierres.com\\\/index.php\\\/product\\\/crane-en-unakite\\\/#breadcrumb\",\"itemListElement\":[{\"@type\":\"ListItem\",\"position\":1,\"name\":\"Accueil\",\"item\":\"https:\\\/\\\/aufildespierres.com\\\/\"},{\"@type\":\"ListItem\",\"position\":2,\"name\":\"Boutique de Lithoth\u00e9rapie\",\"item\":\"https:\\\/\\\/aufildespierres.com\\\/index.php\\\/boutique-de-lithotherapie\\\/\"},{\"@type\":\"ListItem\",\"position\":3,\"name\":\"Crane en Unakite\"}]},{\"@type\":\"WebSite\",\"@id\":\"https:\\\/\\\/aufildespierres.com\\\/#website\",\"url\":\"https:\\\/\\\/aufildespierres.com\\\/\",\"name\":\"Au fil des pierres\",\"description\":\"Au fil des pierres\",\"publisher\":{\"@id\":\"https:\\\/\\\/aufildespierres.com\\\/#organization\"},\"potentialAction\":[{\"@type\":\"SearchAction\",\"target\":{\"@type\":\"EntryPoint\",\"urlTemplate\":\"https:\\\/\\\/aufildespierres.com\\\/?s={search_term_string}\"},\"query-input\":{\"@type\":\"PropertyValueSpecification\",\"valueRequired\":true,\"valueName\":\"search_term_string\"}}],\"inLanguage\":\"fr-FR\"},{\"@type\":\"Organization\",\"@id\":\"https:\\\/\\\/aufildespierres.com\\\/#organization\",\"name\":\"Au fil des pierres\",\"url\":\"https:\\\/\\\/aufildespierres.com\\\/\",\"logo\":{\"@type\":\"ImageObject\",\"inLanguage\":\"fr-FR\",\"@id\":\"https:\\\/\\\/aufildespierres.com\\\/#\\\/schema\\\/logo\\\/image\\\/\",\"url\":\"https:\\\/\\\/aufildespierres.com\\\/wp-content\\\/uploads\\\/2023\\\/05\\\/cropped-Logo-PNG-Transparent.png\",\"contentUrl\":\"https:\\\/\\\/aufildespierres.com\\\/wp-content\\\/uploads\\\/2023\\\/05\\\/cropped-Logo-PNG-Transparent.png\",\"width\":1776,\"height\":1625,\"caption\":\"Au fil des pierres\"},\"image\":{\"@id\":\"https:\\\/\\\/aufildespierres.com\\\/#\\\/schema\\\/logo\\\/image\\\/\"}}]}<\/script>\n<!-- \/ Yoast SEO plugin. -->","yoast_head_json":{"title":"Crane en Unakite - Au fil des pierres","description":"Crane en Unakite \u2013 Symbole d\u2019\u00e9quilibre et de transformation int\u00e9rieure. Pierre d\u2019ancrage et de gu\u00e9rison \u00e9motionnelle, l\u2019Unakite aide \u00e0 harmoniser le c\u0153ur et l\u2019esprit. Pi\u00e8ce unique, id\u00e9ale pour la m\u00e9ditation et l\u2019\u00e9nergie positive.","robots":{"index":"index","follow":"follow","max-snippet":"max-snippet:-1","max-image-preview":"max-image-preview:large","max-video-preview":"max-video-preview:-1"},"canonical":"https:\/\/aufildespierres.com\/index.php\/product\/crane-en-unakite\/","og_locale":"fr_FR","og_type":"article","og_title":"Crane en Unakite - Au fil des pierres","og_description":"Crane en Unakite \u2013 Symbole d\u2019\u00e9quilibre et de transformation int\u00e9rieure. Pierre d\u2019ancrage et de gu\u00e9rison \u00e9motionnelle, l\u2019Unakite aide \u00e0 harmoniser le c\u0153ur et l\u2019esprit. Pi\u00e8ce unique, id\u00e9ale pour la m\u00e9ditation et l\u2019\u00e9nergie positive.","og_url":"https:\/\/aufildespierres.com\/index.php\/product\/crane-en-unakite\/","og_site_name":"Au fil des pierres","article_modified_time":"2026-01-13T19:07:27+00:00","og_image":[{"width":1441,"height":2560,"url":"https:\/\/aufildespierres.com\/wp-content\/uploads\/2025\/10\/20251008_170324-scaled.jpg","type":"image\/jpeg"}],"twitter_card":"summary_large_image","twitter_misc":{"Dur\u00e9e de lecture estim\u00e9e":"3 minutes"},"schema":{"@context":"https:\/\/schema.org","@graph":[{"@type":"WebPage","@id":"https:\/\/aufildespierres.com\/index.php\/product\/crane-en-unakite\/","url":"https:\/\/aufildespierres.com\/index.php\/product\/crane-en-unakite\/","name":"Crane en Unakite - Au fil des pierres","isPartOf":{"@id":"https:\/\/aufildespierres.com\/#website"},"primaryImageOfPage":{"@id":"https:\/\/aufildespierres.com\/index.php\/product\/crane-en-unakite\/#primaryimage"},"image":{"@id":"https:\/\/aufildespierres.com\/index.php\/product\/crane-en-unakite\/#primaryimage"},"thumbnailUrl":"https:\/\/aufildespierres.com\/wp-content\/uploads\/2025\/10\/20251008_170324-scaled.jpg","datePublished":"2025-10-10T08:11:05+00:00","dateModified":"2026-01-13T19:07:27+00:00","description":"Crane en Unakite \u2013 Symbole d\u2019\u00e9quilibre et de transformation int\u00e9rieure. Pierre d\u2019ancrage et de gu\u00e9rison \u00e9motionnelle, l\u2019Unakite aide \u00e0 harmoniser le c\u0153ur et l\u2019esprit. Pi\u00e8ce unique, id\u00e9ale pour la m\u00e9ditation et l\u2019\u00e9nergie positive.","breadcrumb":{"@id":"https:\/\/aufildespierres.com\/index.php\/product\/crane-en-unakite\/#breadcrumb"},"inLanguage":"fr-FR","potentialAction":[{"@type":"ReadAction","target":["https:\/\/aufildespierres.com\/index.php\/product\/crane-en-unakite\/"]}]},{"@type":"ImageObject","inLanguage":"fr-FR","@id":"https:\/\/aufildespierres.com\/index.php\/product\/crane-en-unakite\/#primaryimage","url":"https:\/\/aufildespierres.com\/wp-content\/uploads\/2025\/10\/20251008_170324-scaled.jpg","contentUrl":"https:\/\/aufildespierres.com\/wp-content\/uploads\/2025\/10\/20251008_170324-scaled.jpg","width":1441,"height":2560},{"@type":"BreadcrumbList","@id":"https:\/\/aufildespierres.com\/index.php\/product\/crane-en-unakite\/#breadcrumb","itemListElement":[{"@type":"ListItem","position":1,"name":"Accueil","item":"https:\/\/aufildespierres.com\/"},{"@type":"ListItem","position":2,"name":"Boutique de Lithoth\u00e9rapie","item":"https:\/\/aufildespierres.com\/index.php\/boutique-de-lithotherapie\/"},{"@type":"ListItem","position":3,"name":"Crane en Unakite"}]},{"@type":"WebSite","@id":"https:\/\/aufildespierres.com\/#website","url":"https:\/\/aufildespierres.com\/","name":"Au fil des pierres","description":"Au fil des pierres","publisher":{"@id":"https:\/\/aufildespierres.com\/#organization"},"potentialAction":[{"@type":"SearchAction","target":{"@type":"EntryPoint","urlTemplate":"https:\/\/aufildespierres.com\/?s={search_term_string}"},"query-input":{"@type":"PropertyValueSpecification","valueRequired":true,"valueName":"search_term_string"}}],"inLanguage":"fr-FR"},{"@type":"Organization","@id":"https:\/\/aufildespierres.com\/#organization","name":"Au fil des pierres","url":"https:\/\/aufildespierres.com\/","logo":{"@type":"ImageObject","inLanguage":"fr-FR","@id":"https:\/\/aufildespierres.com\/#\/schema\/logo\/image\/","url":"https:\/\/aufildespierres.com\/wp-content\/uploads\/2023\/05\/cropped-Logo-PNG-Transparent.png","contentUrl":"https:\/\/aufildespierres.com\/wp-content\/uploads\/2023\/05\/cropped-Logo-PNG-Transparent.png","width":1776,"height":1625,"caption":"Au fil des pierres"},"image":{"@id":"https:\/\/aufildespierres.com\/#\/schema\/logo\/image\/"}}]}},"_links":{"self":[{"href":"https:\/\/aufildespierres.com\/index.php\/wp-json\/wp\/v2\/product\/4322","targetHints":{"allow":["GET"]}}],"collection":[{"href":"https:\/\/aufildespierres.com\/index.php\/wp-json\/wp\/v2\/product"}],"about":[{"href":"https:\/\/aufildespierres.com\/index.php\/wp-json\/wp\/v2\/types\/product"}],"replies":[{"embeddable":true,"href":"https:\/\/aufildespierres.com\/index.php\/wp-json\/wp\/v2\/comments?post=4322"}],"wp:featuredmedia":[{"embeddable":true,"href":"https:\/\/aufildespierres.com\/index.php\/wp-json\/wp\/v2\/media\/4324"}],"wp:attachment":[{"href":"https:\/\/aufildespierres.com\/index.php\/wp-json\/wp\/v2\/media?parent=4322"}],"wp:term":[{"taxonomy":"product_brand","embeddable":true,"href":"https:\/\/aufildespierres.com\/index.php\/wp-json\/wp\/v2\/product_brand?post=4322"},{"taxonomy":"product_cat","embeddable":true,"href":"https:\/\/aufildespierres.com\/index.php\/wp-json\/wp\/v2\/product_cat?post=4322"},{"taxonomy":"product_tag","embeddable":true,"href":"https:\/\/aufildespierres.com\/index.php\/wp-json\/wp\/v2\/product_tag?post=4322"}],"curies":[{"name":"wp","href":"https:\/\/api.w.org\/{rel}","templated":true}]}}