{"id":4467,"date":"2025-11-05T17:35:27","date_gmt":"2025-11-05T16:35:27","guid":{"rendered":"https:\/\/aufildespierres.com\/?post_type=product&#038;p=4467"},"modified":"2026-01-12T14:43:22","modified_gmt":"2026-01-12T13:43:22","slug":"pendentif-jaspe-k2","status":"publish","type":"product","link":"https:\/\/aufildespierres.com\/index.php\/product\/pendentif-jaspe-k2\/","title":{"rendered":"Pendentif Jaspe K2"},"content":{"rendered":"<h2 data-start=\"188\" data-end=\"233\">Jaspe K2 \u2013 \u00c9quilibre entre ciel et terre<\/h2>\n<p>4,5 x 2 cm<\/p>\n<p data-start=\"235\" data-end=\"594\">Le <strong data-start=\"238\" data-end=\"250\">Jaspe K2<\/strong>, aussi appel\u00e9 <strong data-start=\"265\" data-end=\"279\">K2 granite<\/strong> ou <strong data-start=\"283\" data-end=\"297\">Azurite K2<\/strong>, est une pierre rare et fascinante d\u00e9couverte au pied du mont K2, l\u2019un des sommets les plus hauts du monde, entre le Pakistan et la Chine. Cette pierre unique associe la <strong data-start=\"468\" data-end=\"488\">force du granite<\/strong> \u00e0 la <strong data-start=\"494\" data-end=\"518\">douceur de l\u2019azurite<\/strong>, cr\u00e9ant un \u00e9quilibre parfait entre enracinement et \u00e9l\u00e9vation spirituelle.<\/p>\n<h3 data-start=\"596\" data-end=\"633\">Vertus et bienfaits du Jaspe K2<\/h3>\n<p data-start=\"635\" data-end=\"1057\">Le Jaspe K2 aide \u00e0 <strong data-start=\"654\" data-end=\"701\">relier les \u00e9nergies du corps et de l\u2019esprit<\/strong>. Gr\u00e2ce \u00e0 la pr\u00e9sence du granite, il favorise la <strong data-start=\"750\" data-end=\"776\">stabilit\u00e9 \u00e9motionnelle<\/strong>, la <strong data-start=\"781\" data-end=\"801\">confiance en soi<\/strong> et la <strong data-start=\"808\" data-end=\"828\">force int\u00e9rieure<\/strong>. En m\u00eame temps, l\u2019azurite stimule la <strong data-start=\"866\" data-end=\"884\">clart\u00e9 mentale<\/strong>, l\u2019<strong data-start=\"888\" data-end=\"901\">intuition<\/strong> et la <strong data-start=\"908\" data-end=\"937\">communication spirituelle<\/strong>. Cette combinaison rare en fait une pierre id\u00e9ale pour les personnes en qu\u00eate d\u2019<strong data-start=\"1018\" data-end=\"1054\">harmonie entre mati\u00e8re et esprit<\/strong>.<\/p>\n<p data-start=\"1059\" data-end=\"1376\">Sur le plan \u00e9nerg\u00e9tique, le Jaspe K2 agit \u00e0 la fois sur le <strong data-start=\"1118\" data-end=\"1135\">chakra racine<\/strong> et le <strong data-start=\"1142\" data-end=\"1169\">chakra du troisi\u00e8me \u0153il<\/strong>. Il aide \u00e0 rester ancr\u00e9 tout en gardant l\u2019esprit ouvert aux messages de l\u2019intuition. Ainsi, il soutient ceux qui cherchent \u00e0 avancer avec discernement tout en restant connect\u00e9s \u00e0 leur guidance int\u00e9rieure.<\/p>\n<h3 data-start=\"1378\" data-end=\"1407\">Utilisation du Jaspe K2<\/h3>\n<p data-start=\"1409\" data-end=\"1692\">Pour profiter de ses bienfaits, tu peux porter le Jaspe K2 en <strong data-start=\"1471\" data-end=\"1511\">bracelet, pendentif ou pierre roul\u00e9e<\/strong>. Plac\u00e9 sur le bureau, il favorise la <strong data-start=\"1549\" data-end=\"1566\">concentration<\/strong> et la <strong data-start=\"1573\" data-end=\"1594\">stabilit\u00e9 mentale<\/strong>. Utilis\u00e9 en m\u00e9ditation, il aide \u00e0 <strong data-start=\"1629\" data-end=\"1659\">trouver le calme int\u00e9rieur<\/strong> et \u00e0 <strong data-start=\"1665\" data-end=\"1689\">aligner les \u00e9nergies<\/strong>.<\/p>\n<h3 data-start=\"1694\" data-end=\"1709\">En r\u00e9sum\u00e9<\/h3>\n<p data-start=\"1711\" data-end=\"1947\">Pierre d\u2019<strong data-start=\"1720\" data-end=\"1756\">\u00e9quilibre et d\u2019ancrage spirituel<\/strong>, le Jaspe K2 relie le <strong data-start=\"1779\" data-end=\"1799\">ciel et la terre<\/strong>. Il invite \u00e0 la <strong data-start=\"1816\" data-end=\"1828\">s\u00e9r\u00e9nit\u00e9<\/strong>, \u00e0 la <strong data-start=\"1835\" data-end=\"1848\">confiance<\/strong> et \u00e0 la <strong data-start=\"1857\" data-end=\"1879\">sagesse int\u00e9rieure<\/strong>, soutenant chacun sur son chemin de transformation et d\u2019harmonie.<\/p>\n","protected":false},"excerpt":{"rendered":"<p>Jaspe K2 \u2013 \u00c9quilibre entre ciel et terre 4,5 x 2 cm Le Jaspe K2, aussi appel\u00e9 K2 granite ou Azurite K2, est une pierre rare et fascinante d\u00e9couverte au pied du mont K2, l\u2019un des sommets les plus hauts du monde, entre le Pakistan et la Chine. Cette pierre unique associe la force du [&hellip;]<\/p>\n","protected":false},"featured_media":4468,"comment_status":"open","ping_status":"closed","template":"","meta":{"site-sidebar-layout":"default","site-content-layout":"","ast-site-content-layout":"default","site-content-style":"default","site-sidebar-style":"default","ast-global-header-display":"","ast-banner-title-visibility":"","ast-main-header-display":"","ast-hfb-above-header-display":"","ast-hfb-below-header-display":"","ast-hfb-mobile-header-display":"","site-post-title":"","ast-breadcrumbs-content":"","ast-featured-img":"","footer-sml-layout":"","ast-disable-related-posts":"","theme-transparent-header-meta":"default","adv-header-id-meta":"","stick-header-meta":"","header-above-stick-meta":"","header-main-stick-meta":"","header-below-stick-meta":"","astra-migrate-meta-layouts":"set","ast-page-background-enabled":"default","ast-page-background-meta":{"desktop":{"background-color":"var(--ast-global-color-4)","background-image":"","background-repeat":"repeat","background-position":"center center","background-size":"auto","background-attachment":"scroll","background-type":"","background-media":"","overlay-type":"","overlay-color":"","overlay-opacity":"","overlay-gradient":""},"tablet":{"background-color":"","background-image":"","background-repeat":"repeat","background-position":"center center","background-size":"auto","background-attachment":"scroll","background-type":"","background-media":"","overlay-type":"","overlay-color":"","overlay-opacity":"","overlay-gradient":""},"mobile":{"background-color":"","background-image":"","background-repeat":"repeat","background-position":"center center","background-size":"auto","background-attachment":"scroll","background-type":"","background-media":"","overlay-type":"","overlay-color":"","overlay-opacity":"","overlay-gradient":""}},"ast-content-background-meta":{"desktop":{"background-color":"var(--ast-global-color-5)","background-image":"","background-repeat":"repeat","background-position":"center center","background-size":"auto","background-attachment":"scroll","background-type":"","background-media":"","overlay-type":"","overlay-color":"","overlay-opacity":"","overlay-gradient":""},"tablet":{"background-color":"var(--ast-global-color-5)","background-image":"","background-repeat":"repeat","background-position":"center center","background-size":"auto","background-attachment":"scroll","background-type":"","background-media":"","overlay-type":"","overlay-color":"","overlay-opacity":"","overlay-gradient":""},"mobile":{"background-color":"var(--ast-global-color-5)","background-image":"","background-repeat":"repeat","background-position":"center center","background-size":"auto","background-attachment":"scroll","background-type":"","background-media":"","overlay-type":"","overlay-color":"","overlay-opacity":"","overlay-gradient":""}},"_glsr_average":0,"_glsr_ranking":0,"_glsr_reviews":0},"product_brand":[],"product_cat":[136,72,49,137,21,41],"product_tag":[],"class_list":{"0":"post-4467","1":"product","2":"type-product","3":"status-publish","4":"has-post-thumbnail","6":"product_cat-beige","7":"product_cat-bleu","8":"product_cat-confiance-en-soi","9":"product_cat-jaspe-k2","10":"product_cat-pendentifs-de-lithotherapie","11":"product_cat-vitalite","12":"desktop-align-left","13":"tablet-align-left","14":"mobile-align-left","16":"first","17":"instock","18":"purchasable","19":"product-type-simple"},"yoast_head":"<!-- This site is optimized with the Yoast SEO plugin v27.5 - https:\/\/yoast.com\/product\/yoast-seo-wordpress\/ -->\n<title>Pendentif Jaspe K2 - Au fil des pierres<\/title>\n<meta name=\"description\" content=\"Le Jaspe K2 unit ciel et terre. Pierre d\u2019\u00e9quilibre, d\u2019ancrage et d\u2019intuition, elle harmonise le corps, l\u2019esprit et les \u00e9motions.\" \/>\n<meta name=\"robots\" content=\"index, follow, max-snippet:-1, max-image-preview:large, max-video-preview:-1\" \/>\n<link rel=\"canonical\" href=\"https:\/\/aufildespierres.com\/index.php\/product\/pendentif-jaspe-k2\/\" \/>\n<meta property=\"og:locale\" content=\"fr_FR\" \/>\n<meta property=\"og:type\" content=\"article\" \/>\n<meta property=\"og:title\" content=\"Pendentif Jaspe K2 - Au fil des pierres\" \/>\n<meta property=\"og:description\" content=\"Le Jaspe K2 unit ciel et terre. Pierre d\u2019\u00e9quilibre, d\u2019ancrage et d\u2019intuition, elle harmonise le corps, l\u2019esprit et les \u00e9motions.\" \/>\n<meta property=\"og:url\" content=\"https:\/\/aufildespierres.com\/index.php\/product\/pendentif-jaspe-k2\/\" \/>\n<meta property=\"og:site_name\" content=\"Au fil des pierres\" \/>\n<meta property=\"article:modified_time\" content=\"2026-01-12T13:43:22+00:00\" \/>\n<meta property=\"og:image\" content=\"https:\/\/aufildespierres.com\/wp-content\/uploads\/2025\/11\/20251105_115324.jpg\" \/>\n\t<meta property=\"og:image:width\" content=\"2296\" \/>\n\t<meta property=\"og:image:height\" content=\"2102\" \/>\n\t<meta property=\"og:image:type\" content=\"image\/jpeg\" \/>\n<meta name=\"twitter:card\" content=\"summary_large_image\" \/>\n<meta name=\"twitter:label1\" content=\"Dur\u00e9e de lecture estim\u00e9e\" \/>\n\t<meta name=\"twitter:data1\" content=\"2 minutes\" \/>\n<script type=\"application\/ld+json\" class=\"yoast-schema-graph\">{\"@context\":\"https:\\\/\\\/schema.org\",\"@graph\":[{\"@type\":\"WebPage\",\"@id\":\"https:\\\/\\\/aufildespierres.com\\\/index.php\\\/product\\\/pendentif-jaspe-k2\\\/\",\"url\":\"https:\\\/\\\/aufildespierres.com\\\/index.php\\\/product\\\/pendentif-jaspe-k2\\\/\",\"name\":\"Pendentif Jaspe K2 - Au fil des pierres\",\"isPartOf\":{\"@id\":\"https:\\\/\\\/aufildespierres.com\\\/#website\"},\"primaryImageOfPage\":{\"@id\":\"https:\\\/\\\/aufildespierres.com\\\/index.php\\\/product\\\/pendentif-jaspe-k2\\\/#primaryimage\"},\"image\":{\"@id\":\"https:\\\/\\\/aufildespierres.com\\\/index.php\\\/product\\\/pendentif-jaspe-k2\\\/#primaryimage\"},\"thumbnailUrl\":\"https:\\\/\\\/aufildespierres.com\\\/wp-content\\\/uploads\\\/2025\\\/11\\\/20251105_115324.jpg\",\"datePublished\":\"2025-11-05T16:35:27+00:00\",\"dateModified\":\"2026-01-12T13:43:22+00:00\",\"description\":\"Le Jaspe K2 unit ciel et terre. Pierre d\u2019\u00e9quilibre, d\u2019ancrage et d\u2019intuition, elle harmonise le corps, l\u2019esprit et les \u00e9motions.\",\"breadcrumb\":{\"@id\":\"https:\\\/\\\/aufildespierres.com\\\/index.php\\\/product\\\/pendentif-jaspe-k2\\\/#breadcrumb\"},\"inLanguage\":\"fr-FR\",\"potentialAction\":[{\"@type\":\"ReadAction\",\"target\":[\"https:\\\/\\\/aufildespierres.com\\\/index.php\\\/product\\\/pendentif-jaspe-k2\\\/\"]}]},{\"@type\":\"ImageObject\",\"inLanguage\":\"fr-FR\",\"@id\":\"https:\\\/\\\/aufildespierres.com\\\/index.php\\\/product\\\/pendentif-jaspe-k2\\\/#primaryimage\",\"url\":\"https:\\\/\\\/aufildespierres.com\\\/wp-content\\\/uploads\\\/2025\\\/11\\\/20251105_115324.jpg\",\"contentUrl\":\"https:\\\/\\\/aufildespierres.com\\\/wp-content\\\/uploads\\\/2025\\\/11\\\/20251105_115324.jpg\",\"width\":2296,\"height\":2102},{\"@type\":\"BreadcrumbList\",\"@id\":\"https:\\\/\\\/aufildespierres.com\\\/index.php\\\/product\\\/pendentif-jaspe-k2\\\/#breadcrumb\",\"itemListElement\":[{\"@type\":\"ListItem\",\"position\":1,\"name\":\"Accueil\",\"item\":\"https:\\\/\\\/aufildespierres.com\\\/\"},{\"@type\":\"ListItem\",\"position\":2,\"name\":\"Boutique de Lithoth\u00e9rapie\",\"item\":\"https:\\\/\\\/aufildespierres.com\\\/index.php\\\/boutique-de-lithotherapie\\\/\"},{\"@type\":\"ListItem\",\"position\":3,\"name\":\"Pendentif Jaspe K2\"}]},{\"@type\":\"WebSite\",\"@id\":\"https:\\\/\\\/aufildespierres.com\\\/#website\",\"url\":\"https:\\\/\\\/aufildespierres.com\\\/\",\"name\":\"Au fil des pierres\",\"description\":\"Au fil des pierres\",\"publisher\":{\"@id\":\"https:\\\/\\\/aufildespierres.com\\\/#organization\"},\"potentialAction\":[{\"@type\":\"SearchAction\",\"target\":{\"@type\":\"EntryPoint\",\"urlTemplate\":\"https:\\\/\\\/aufildespierres.com\\\/?s={search_term_string}\"},\"query-input\":{\"@type\":\"PropertyValueSpecification\",\"valueRequired\":true,\"valueName\":\"search_term_string\"}}],\"inLanguage\":\"fr-FR\"},{\"@type\":\"Organization\",\"@id\":\"https:\\\/\\\/aufildespierres.com\\\/#organization\",\"name\":\"Au fil des pierres\",\"url\":\"https:\\\/\\\/aufildespierres.com\\\/\",\"logo\":{\"@type\":\"ImageObject\",\"inLanguage\":\"fr-FR\",\"@id\":\"https:\\\/\\\/aufildespierres.com\\\/#\\\/schema\\\/logo\\\/image\\\/\",\"url\":\"https:\\\/\\\/aufildespierres.com\\\/wp-content\\\/uploads\\\/2023\\\/05\\\/cropped-Logo-PNG-Transparent.png\",\"contentUrl\":\"https:\\\/\\\/aufildespierres.com\\\/wp-content\\\/uploads\\\/2023\\\/05\\\/cropped-Logo-PNG-Transparent.png\",\"width\":1776,\"height\":1625,\"caption\":\"Au fil des pierres\"},\"image\":{\"@id\":\"https:\\\/\\\/aufildespierres.com\\\/#\\\/schema\\\/logo\\\/image\\\/\"}}]}<\/script>\n<!-- \/ Yoast SEO plugin. -->","yoast_head_json":{"title":"Pendentif Jaspe K2 - Au fil des pierres","description":"Le Jaspe K2 unit ciel et terre. Pierre d\u2019\u00e9quilibre, d\u2019ancrage et d\u2019intuition, elle harmonise le corps, l\u2019esprit et les \u00e9motions.","robots":{"index":"index","follow":"follow","max-snippet":"max-snippet:-1","max-image-preview":"max-image-preview:large","max-video-preview":"max-video-preview:-1"},"canonical":"https:\/\/aufildespierres.com\/index.php\/product\/pendentif-jaspe-k2\/","og_locale":"fr_FR","og_type":"article","og_title":"Pendentif Jaspe K2 - Au fil des pierres","og_description":"Le Jaspe K2 unit ciel et terre. Pierre d\u2019\u00e9quilibre, d\u2019ancrage et d\u2019intuition, elle harmonise le corps, l\u2019esprit et les \u00e9motions.","og_url":"https:\/\/aufildespierres.com\/index.php\/product\/pendentif-jaspe-k2\/","og_site_name":"Au fil des pierres","article_modified_time":"2026-01-12T13:43:22+00:00","og_image":[{"width":2296,"height":2102,"url":"https:\/\/aufildespierres.com\/wp-content\/uploads\/2025\/11\/20251105_115324.jpg","type":"image\/jpeg"}],"twitter_card":"summary_large_image","twitter_misc":{"Dur\u00e9e de lecture estim\u00e9e":"2 minutes"},"schema":{"@context":"https:\/\/schema.org","@graph":[{"@type":"WebPage","@id":"https:\/\/aufildespierres.com\/index.php\/product\/pendentif-jaspe-k2\/","url":"https:\/\/aufildespierres.com\/index.php\/product\/pendentif-jaspe-k2\/","name":"Pendentif Jaspe K2 - Au fil des pierres","isPartOf":{"@id":"https:\/\/aufildespierres.com\/#website"},"primaryImageOfPage":{"@id":"https:\/\/aufildespierres.com\/index.php\/product\/pendentif-jaspe-k2\/#primaryimage"},"image":{"@id":"https:\/\/aufildespierres.com\/index.php\/product\/pendentif-jaspe-k2\/#primaryimage"},"thumbnailUrl":"https:\/\/aufildespierres.com\/wp-content\/uploads\/2025\/11\/20251105_115324.jpg","datePublished":"2025-11-05T16:35:27+00:00","dateModified":"2026-01-12T13:43:22+00:00","description":"Le Jaspe K2 unit ciel et terre. Pierre d\u2019\u00e9quilibre, d\u2019ancrage et d\u2019intuition, elle harmonise le corps, l\u2019esprit et les \u00e9motions.","breadcrumb":{"@id":"https:\/\/aufildespierres.com\/index.php\/product\/pendentif-jaspe-k2\/#breadcrumb"},"inLanguage":"fr-FR","potentialAction":[{"@type":"ReadAction","target":["https:\/\/aufildespierres.com\/index.php\/product\/pendentif-jaspe-k2\/"]}]},{"@type":"ImageObject","inLanguage":"fr-FR","@id":"https:\/\/aufildespierres.com\/index.php\/product\/pendentif-jaspe-k2\/#primaryimage","url":"https:\/\/aufildespierres.com\/wp-content\/uploads\/2025\/11\/20251105_115324.jpg","contentUrl":"https:\/\/aufildespierres.com\/wp-content\/uploads\/2025\/11\/20251105_115324.jpg","width":2296,"height":2102},{"@type":"BreadcrumbList","@id":"https:\/\/aufildespierres.com\/index.php\/product\/pendentif-jaspe-k2\/#breadcrumb","itemListElement":[{"@type":"ListItem","position":1,"name":"Accueil","item":"https:\/\/aufildespierres.com\/"},{"@type":"ListItem","position":2,"name":"Boutique de Lithoth\u00e9rapie","item":"https:\/\/aufildespierres.com\/index.php\/boutique-de-lithotherapie\/"},{"@type":"ListItem","position":3,"name":"Pendentif Jaspe K2"}]},{"@type":"WebSite","@id":"https:\/\/aufildespierres.com\/#website","url":"https:\/\/aufildespierres.com\/","name":"Au fil des pierres","description":"Au fil des pierres","publisher":{"@id":"https:\/\/aufildespierres.com\/#organization"},"potentialAction":[{"@type":"SearchAction","target":{"@type":"EntryPoint","urlTemplate":"https:\/\/aufildespierres.com\/?s={search_term_string}"},"query-input":{"@type":"PropertyValueSpecification","valueRequired":true,"valueName":"search_term_string"}}],"inLanguage":"fr-FR"},{"@type":"Organization","@id":"https:\/\/aufildespierres.com\/#organization","name":"Au fil des pierres","url":"https:\/\/aufildespierres.com\/","logo":{"@type":"ImageObject","inLanguage":"fr-FR","@id":"https:\/\/aufildespierres.com\/#\/schema\/logo\/image\/","url":"https:\/\/aufildespierres.com\/wp-content\/uploads\/2023\/05\/cropped-Logo-PNG-Transparent.png","contentUrl":"https:\/\/aufildespierres.com\/wp-content\/uploads\/2023\/05\/cropped-Logo-PNG-Transparent.png","width":1776,"height":1625,"caption":"Au fil des pierres"},"image":{"@id":"https:\/\/aufildespierres.com\/#\/schema\/logo\/image\/"}}]}},"_links":{"self":[{"href":"https:\/\/aufildespierres.com\/index.php\/wp-json\/wp\/v2\/product\/4467","targetHints":{"allow":["GET"]}}],"collection":[{"href":"https:\/\/aufildespierres.com\/index.php\/wp-json\/wp\/v2\/product"}],"about":[{"href":"https:\/\/aufildespierres.com\/index.php\/wp-json\/wp\/v2\/types\/product"}],"replies":[{"embeddable":true,"href":"https:\/\/aufildespierres.com\/index.php\/wp-json\/wp\/v2\/comments?post=4467"}],"wp:featuredmedia":[{"embeddable":true,"href":"https:\/\/aufildespierres.com\/index.php\/wp-json\/wp\/v2\/media\/4468"}],"wp:attachment":[{"href":"https:\/\/aufildespierres.com\/index.php\/wp-json\/wp\/v2\/media?parent=4467"}],"wp:term":[{"taxonomy":"product_brand","embeddable":true,"href":"https:\/\/aufildespierres.com\/index.php\/wp-json\/wp\/v2\/product_brand?post=4467"},{"taxonomy":"product_cat","embeddable":true,"href":"https:\/\/aufildespierres.com\/index.php\/wp-json\/wp\/v2\/product_cat?post=4467"},{"taxonomy":"product_tag","embeddable":true,"href":"https:\/\/aufildespierres.com\/index.php\/wp-json\/wp\/v2\/product_tag?post=4467"}],"curies":[{"name":"wp","href":"https:\/\/api.w.org\/{rel}","templated":true}]}}