{"id":4482,"date":"2025-11-16T20:11:18","date_gmt":"2025-11-16T19:11:18","guid":{"rendered":"https:\/\/aufildespierres.com\/?post_type=product&#038;p=4482"},"modified":"2025-11-16T20:11:46","modified_gmt":"2025-11-16T19:11:46","slug":"pendentif-ormeau-et-nacre","status":"publish","type":"product","link":"https:\/\/aufildespierres.com\/index.php\/product\/pendentif-ormeau-et-nacre\/","title":{"rendered":"Pendentif Ormeau et Nacre"},"content":{"rendered":"<p>&nbsp;<\/p>\n<h2 data-start=\"145\" data-end=\"222\"><strong data-start=\"148\" data-end=\"222\">Pendentif Ormeau et\u00a0 Nacre<\/strong><\/h2>\n<p>Pendentif doublage avec ormeau sur sa face sur support nacre au dos .<\/p>\n<p>Arbre de vie en laiton\u00a0 5&#215;4 cm<\/p>\n<h2 data-start=\"145\" data-end=\"222\"><strong data-start=\"148\" data-end=\"222\">\u2013 Protection, apaisement et \u00e9nergie oc\u00e9anique<\/strong><\/h2>\n<p data-start=\"224\" data-end=\"838\">Le pendentif Ormeau et\u00a0 Nacre offre une alliance naturelle d\u2019une beaut\u00e9 unique. Sculpt\u00e9 dans la coquille d\u2019ormeau et enrichi de nacre iris\u00e9e, il refl\u00e8te les couleurs profondes de l\u2019oc\u00e9an. Chaque pi\u00e8ce provient d\u2019ormeaux issus de zones c\u00f4ti\u00e8res reconnues pour la qualit\u00e9 de leurs eaux, ce qui garantit une mati\u00e8re premi\u00e8re pure et lumineuse. La nacre, quant \u00e0 elle, se forme dans la coquille de certains mollusques, o\u00f9 elle prot\u00e8ge naturellement leur int\u00e9rieur gr\u00e2ce \u00e0 sa structure r\u00e9sistante et brillante.<br data-start=\"727\" data-end=\"730\" \/>Ainsi, ce pendentif associe deux mati\u00e8res marines compl\u00e9mentaires, offrant une \u00e9nergie douce et protectrice.<\/p>\n<h3 data-start=\"840\" data-end=\"882\"><strong data-start=\"844\" data-end=\"882\">Origine de l\u2019Ormeau et de la Nacre<\/strong><\/h3>\n<p data-start=\"884\" data-end=\"1291\">L\u2019ormeau, \u00e9galement appel\u00e9 <em data-start=\"911\" data-end=\"920\">abalone<\/em>, est un coquillage pr\u00e9sent dans les eaux froides et temp\u00e9r\u00e9es, notamment en Australie, en Nouvelle-Z\u00e9lande et en Afrique du Sud. Sa coquille color\u00e9e est utilis\u00e9e depuis des si\u00e8cles dans les cultures oc\u00e9aniques pour ses propri\u00e9t\u00e9s spirituelles et d\u00e9coratives.<br data-start=\"1179\" data-end=\"1182\" \/>La nacre, issue du m\u00eame milieu marin, repr\u00e9sente quant \u00e0 elle un symbole universel de puret\u00e9 et de renouveau.<\/p>\n<h3 data-start=\"1293\" data-end=\"1324\"><strong data-start=\"1297\" data-end=\"1324\">Vertus en lithoth\u00e9rapie<\/strong><\/h3>\n<p data-start=\"1326\" data-end=\"1736\">En lithoth\u00e9rapie, l\u2019Ormeau et la Nacre agissent conjointement pour favoriser l\u2019\u00e9quilibre \u00e9motionnel. D\u2019une part, l\u2019Ormeau soutient la lib\u00e9ration des tensions et aide \u00e0 apaiser les \u00e9motions fortes. Il encourage \u00e9galement la confiance int\u00e9rieure, en renfor\u00e7ant la stabilit\u00e9 \u00e9motionnelle. D\u2019autre part, la Nacre diffuse une \u00e9nergie r\u00e9confortante et maternelle, tout en favorisant la douceur dans la communication.<\/p>\n<p data-start=\"1738\" data-end=\"1767\">Ensemble, ces deux mati\u00e8res :<\/p>\n<ul data-start=\"1769\" data-end=\"1986\">\n<li data-start=\"1769\" data-end=\"1803\">\n<p data-start=\"1771\" data-end=\"1803\">apaisent les pens\u00e9es agit\u00e9es ;<\/p>\n<\/li>\n<li data-start=\"1804\" data-end=\"1847\">\n<p data-start=\"1806\" data-end=\"1847\">renforcent la protection \u00e9motionnelle ;<\/p>\n<\/li>\n<li data-start=\"1848\" data-end=\"1885\">\n<p data-start=\"1850\" data-end=\"1885\">stimulent l\u2019harmonie int\u00e9rieure ;<\/p>\n<\/li>\n<li data-start=\"1886\" data-end=\"1927\">\n<p data-start=\"1888\" data-end=\"1927\">favorisent l\u2019expression authentique ;<\/p>\n<\/li>\n<li data-start=\"1928\" data-end=\"1986\">\n<p data-start=\"1930\" data-end=\"1986\">accompagnent les transitions personnelles avec s\u00e9r\u00e9nit\u00e9.<\/p>\n<\/li>\n<\/ul>\n<h3 data-start=\"1988\" data-end=\"2027\"><strong data-start=\"1992\" data-end=\"2027\">Pourquoi choisir ce pendentif ?<\/strong><\/h3>\n<p data-start=\"2029\" data-end=\"2341\">Gr\u00e2ce \u00e0 son \u00e9clat naturel et \u00e0 son \u00e9nergie marine, ce pendentif Ormeau et Nacre accompagne au quotidien celles et ceux qui recherchent apaisement, harmonie et douceur. Il s\u2019adapte \u00e0 tous les styles tout en portant une symbolique forte : celle du retour \u00e0 soi, en profondeur, comme un ancrage au rythme de l\u2019oc\u00e9an.<\/p>\n<p>&nbsp;<\/p>\n","protected":false},"excerpt":{"rendered":"<p>&nbsp; Pendentif Ormeau et\u00a0 Nacre Pendentif doublage avec ormeau sur sa face sur support nacre au dos . Arbre de vie en laiton\u00a0 5&#215;4 cm \u2013 Protection, apaisement et \u00e9nergie oc\u00e9anique Le pendentif Ormeau et\u00a0 Nacre offre une alliance naturelle d\u2019une beaut\u00e9 unique. Sculpt\u00e9 dans la coquille d\u2019ormeau et enrichi de nacre iris\u00e9e, il refl\u00e8te [&hellip;]<\/p>\n","protected":false},"featured_media":4483,"comment_status":"open","ping_status":"closed","template":"","meta":{"site-sidebar-layout":"default","site-content-layout":"","ast-site-content-layout":"default","site-content-style":"default","site-sidebar-style":"default","ast-global-header-display":"","ast-banner-title-visibility":"","ast-main-header-display":"","ast-hfb-above-header-display":"","ast-hfb-below-header-display":"","ast-hfb-mobile-header-display":"","site-post-title":"","ast-breadcrumbs-content":"","ast-featured-img":"","footer-sml-layout":"","ast-disable-related-posts":"","theme-transparent-header-meta":"default","adv-header-id-meta":"","stick-header-meta":"","header-above-stick-meta":"","header-main-stick-meta":"","header-below-stick-meta":"","astra-migrate-meta-layouts":"set","ast-page-background-enabled":"default","ast-page-background-meta":{"desktop":{"background-color":"var(--ast-global-color-4)","background-image":"","background-repeat":"repeat","background-position":"center center","background-size":"auto","background-attachment":"scroll","background-type":"","background-media":"","overlay-type":"","overlay-color":"","overlay-opacity":"","overlay-gradient":""},"tablet":{"background-color":"","background-image":"","background-repeat":"repeat","background-position":"center center","background-size":"auto","background-attachment":"scroll","background-type":"","background-media":"","overlay-type":"","overlay-color":"","overlay-opacity":"","overlay-gradient":""},"mobile":{"background-color":"","background-image":"","background-repeat":"repeat","background-position":"center center","background-size":"auto","background-attachment":"scroll","background-type":"","background-media":"","overlay-type":"","overlay-color":"","overlay-opacity":"","overlay-gradient":""}},"ast-content-background-meta":{"desktop":{"background-color":"var(--ast-global-color-5)","background-image":"","background-repeat":"repeat","background-position":"center center","background-size":"auto","background-attachment":"scroll","background-type":"","background-media":"","overlay-type":"","overlay-color":"","overlay-opacity":"","overlay-gradient":""},"tablet":{"background-color":"var(--ast-global-color-5)","background-image":"","background-repeat":"repeat","background-position":"center center","background-size":"auto","background-attachment":"scroll","background-type":"","background-media":"","overlay-type":"","overlay-color":"","overlay-opacity":"","overlay-gradient":""},"mobile":{"background-color":"var(--ast-global-color-5)","background-image":"","background-repeat":"repeat","background-position":"center center","background-size":"auto","background-attachment":"scroll","background-type":"","background-media":"","overlay-type":"","overlay-color":"","overlay-opacity":"","overlay-gradient":""}},"_glsr_average":0,"_glsr_ranking":0,"_glsr_reviews":0},"product_brand":[],"product_cat":[26,158,304,21],"product_tag":[],"class_list":{"0":"post-4482","1":"product","2":"type-product","3":"status-publish","4":"has-post-thumbnail","6":"product_cat-bijoux","7":"product_cat-nacre","8":"product_cat-ormeau","9":"product_cat-pendentifs-de-lithotherapie","10":"desktop-align-left","11":"tablet-align-left","12":"mobile-align-left","14":"first","15":"instock","16":"purchasable","17":"product-type-simple"},"yoast_head":"<!-- This site is optimized with the Yoast SEO plugin v27.5 - https:\/\/yoast.com\/product\/yoast-seo-wordpress\/ -->\n<title>Pendentif Ormeau et Nacre - Au fil des pierres<\/title>\n<meta name=\"description\" content=\"Pendentif Ormeau et Nacre alliant protection, apaisement et \u00e9nergie marine. D\u00e9couvrez ses origines, ses vertus en lithoth\u00e9rapie et son \u00e9clat naturel pour un bijou harmonisant au quotidien.\" \/>\n<meta name=\"robots\" content=\"index, follow, max-snippet:-1, max-image-preview:large, max-video-preview:-1\" \/>\n<link rel=\"canonical\" href=\"https:\/\/aufildespierres.com\/index.php\/product\/pendentif-ormeau-et-nacre\/\" \/>\n<meta property=\"og:locale\" content=\"fr_FR\" \/>\n<meta property=\"og:type\" content=\"article\" \/>\n<meta property=\"og:title\" content=\"Pendentif Ormeau et Nacre - Au fil des pierres\" \/>\n<meta property=\"og:description\" content=\"Pendentif Ormeau et Nacre alliant protection, apaisement et \u00e9nergie marine. D\u00e9couvrez ses origines, ses vertus en lithoth\u00e9rapie et son \u00e9clat naturel pour un bijou harmonisant au quotidien.\" \/>\n<meta property=\"og:url\" content=\"https:\/\/aufildespierres.com\/index.php\/product\/pendentif-ormeau-et-nacre\/\" \/>\n<meta property=\"og:site_name\" content=\"Au fil des pierres\" \/>\n<meta property=\"article:modified_time\" content=\"2025-11-16T19:11:46+00:00\" \/>\n<meta property=\"og:image\" content=\"https:\/\/aufildespierres.com\/wp-content\/uploads\/2025\/11\/20251105_115703.jpg\" \/>\n\t<meta property=\"og:image:width\" content=\"2296\" \/>\n\t<meta property=\"og:image:height\" content=\"2334\" \/>\n\t<meta property=\"og:image:type\" content=\"image\/jpeg\" \/>\n<meta name=\"twitter:card\" content=\"summary_large_image\" \/>\n<meta name=\"twitter:label1\" content=\"Dur\u00e9e de lecture estim\u00e9e\" \/>\n\t<meta name=\"twitter:data1\" content=\"2 minutes\" \/>\n<script type=\"application\/ld+json\" class=\"yoast-schema-graph\">{\"@context\":\"https:\\\/\\\/schema.org\",\"@graph\":[{\"@type\":\"WebPage\",\"@id\":\"https:\\\/\\\/aufildespierres.com\\\/index.php\\\/product\\\/pendentif-ormeau-et-nacre\\\/\",\"url\":\"https:\\\/\\\/aufildespierres.com\\\/index.php\\\/product\\\/pendentif-ormeau-et-nacre\\\/\",\"name\":\"Pendentif Ormeau et Nacre - Au fil des pierres\",\"isPartOf\":{\"@id\":\"https:\\\/\\\/aufildespierres.com\\\/#website\"},\"primaryImageOfPage\":{\"@id\":\"https:\\\/\\\/aufildespierres.com\\\/index.php\\\/product\\\/pendentif-ormeau-et-nacre\\\/#primaryimage\"},\"image\":{\"@id\":\"https:\\\/\\\/aufildespierres.com\\\/index.php\\\/product\\\/pendentif-ormeau-et-nacre\\\/#primaryimage\"},\"thumbnailUrl\":\"https:\\\/\\\/aufildespierres.com\\\/wp-content\\\/uploads\\\/2025\\\/11\\\/20251105_115703.jpg\",\"datePublished\":\"2025-11-16T19:11:18+00:00\",\"dateModified\":\"2025-11-16T19:11:46+00:00\",\"description\":\"Pendentif Ormeau et Nacre alliant protection, apaisement et \u00e9nergie marine. D\u00e9couvrez ses origines, ses vertus en lithoth\u00e9rapie et son \u00e9clat naturel pour un bijou harmonisant au quotidien.\",\"breadcrumb\":{\"@id\":\"https:\\\/\\\/aufildespierres.com\\\/index.php\\\/product\\\/pendentif-ormeau-et-nacre\\\/#breadcrumb\"},\"inLanguage\":\"fr-FR\",\"potentialAction\":[{\"@type\":\"ReadAction\",\"target\":[\"https:\\\/\\\/aufildespierres.com\\\/index.php\\\/product\\\/pendentif-ormeau-et-nacre\\\/\"]}]},{\"@type\":\"ImageObject\",\"inLanguage\":\"fr-FR\",\"@id\":\"https:\\\/\\\/aufildespierres.com\\\/index.php\\\/product\\\/pendentif-ormeau-et-nacre\\\/#primaryimage\",\"url\":\"https:\\\/\\\/aufildespierres.com\\\/wp-content\\\/uploads\\\/2025\\\/11\\\/20251105_115703.jpg\",\"contentUrl\":\"https:\\\/\\\/aufildespierres.com\\\/wp-content\\\/uploads\\\/2025\\\/11\\\/20251105_115703.jpg\",\"width\":2296,\"height\":2334},{\"@type\":\"BreadcrumbList\",\"@id\":\"https:\\\/\\\/aufildespierres.com\\\/index.php\\\/product\\\/pendentif-ormeau-et-nacre\\\/#breadcrumb\",\"itemListElement\":[{\"@type\":\"ListItem\",\"position\":1,\"name\":\"Accueil\",\"item\":\"https:\\\/\\\/aufildespierres.com\\\/\"},{\"@type\":\"ListItem\",\"position\":2,\"name\":\"Boutique de Lithoth\u00e9rapie\",\"item\":\"https:\\\/\\\/aufildespierres.com\\\/index.php\\\/boutique-de-lithotherapie\\\/\"},{\"@type\":\"ListItem\",\"position\":3,\"name\":\"Pendentif Ormeau et Nacre\"}]},{\"@type\":\"WebSite\",\"@id\":\"https:\\\/\\\/aufildespierres.com\\\/#website\",\"url\":\"https:\\\/\\\/aufildespierres.com\\\/\",\"name\":\"Au fil des pierres\",\"description\":\"Au fil des pierres\",\"publisher\":{\"@id\":\"https:\\\/\\\/aufildespierres.com\\\/#organization\"},\"potentialAction\":[{\"@type\":\"SearchAction\",\"target\":{\"@type\":\"EntryPoint\",\"urlTemplate\":\"https:\\\/\\\/aufildespierres.com\\\/?s={search_term_string}\"},\"query-input\":{\"@type\":\"PropertyValueSpecification\",\"valueRequired\":true,\"valueName\":\"search_term_string\"}}],\"inLanguage\":\"fr-FR\"},{\"@type\":\"Organization\",\"@id\":\"https:\\\/\\\/aufildespierres.com\\\/#organization\",\"name\":\"Au fil des pierres\",\"url\":\"https:\\\/\\\/aufildespierres.com\\\/\",\"logo\":{\"@type\":\"ImageObject\",\"inLanguage\":\"fr-FR\",\"@id\":\"https:\\\/\\\/aufildespierres.com\\\/#\\\/schema\\\/logo\\\/image\\\/\",\"url\":\"https:\\\/\\\/aufildespierres.com\\\/wp-content\\\/uploads\\\/2023\\\/05\\\/cropped-Logo-PNG-Transparent.png\",\"contentUrl\":\"https:\\\/\\\/aufildespierres.com\\\/wp-content\\\/uploads\\\/2023\\\/05\\\/cropped-Logo-PNG-Transparent.png\",\"width\":1776,\"height\":1625,\"caption\":\"Au fil des pierres\"},\"image\":{\"@id\":\"https:\\\/\\\/aufildespierres.com\\\/#\\\/schema\\\/logo\\\/image\\\/\"}}]}<\/script>\n<!-- \/ Yoast SEO plugin. -->","yoast_head_json":{"title":"Pendentif Ormeau et Nacre - Au fil des pierres","description":"Pendentif Ormeau et Nacre alliant protection, apaisement et \u00e9nergie marine. D\u00e9couvrez ses origines, ses vertus en lithoth\u00e9rapie et son \u00e9clat naturel pour un bijou harmonisant au quotidien.","robots":{"index":"index","follow":"follow","max-snippet":"max-snippet:-1","max-image-preview":"max-image-preview:large","max-video-preview":"max-video-preview:-1"},"canonical":"https:\/\/aufildespierres.com\/index.php\/product\/pendentif-ormeau-et-nacre\/","og_locale":"fr_FR","og_type":"article","og_title":"Pendentif Ormeau et Nacre - Au fil des pierres","og_description":"Pendentif Ormeau et Nacre alliant protection, apaisement et \u00e9nergie marine. D\u00e9couvrez ses origines, ses vertus en lithoth\u00e9rapie et son \u00e9clat naturel pour un bijou harmonisant au quotidien.","og_url":"https:\/\/aufildespierres.com\/index.php\/product\/pendentif-ormeau-et-nacre\/","og_site_name":"Au fil des pierres","article_modified_time":"2025-11-16T19:11:46+00:00","og_image":[{"width":2296,"height":2334,"url":"https:\/\/aufildespierres.com\/wp-content\/uploads\/2025\/11\/20251105_115703.jpg","type":"image\/jpeg"}],"twitter_card":"summary_large_image","twitter_misc":{"Dur\u00e9e de lecture estim\u00e9e":"2 minutes"},"schema":{"@context":"https:\/\/schema.org","@graph":[{"@type":"WebPage","@id":"https:\/\/aufildespierres.com\/index.php\/product\/pendentif-ormeau-et-nacre\/","url":"https:\/\/aufildespierres.com\/index.php\/product\/pendentif-ormeau-et-nacre\/","name":"Pendentif Ormeau et Nacre - Au fil des pierres","isPartOf":{"@id":"https:\/\/aufildespierres.com\/#website"},"primaryImageOfPage":{"@id":"https:\/\/aufildespierres.com\/index.php\/product\/pendentif-ormeau-et-nacre\/#primaryimage"},"image":{"@id":"https:\/\/aufildespierres.com\/index.php\/product\/pendentif-ormeau-et-nacre\/#primaryimage"},"thumbnailUrl":"https:\/\/aufildespierres.com\/wp-content\/uploads\/2025\/11\/20251105_115703.jpg","datePublished":"2025-11-16T19:11:18+00:00","dateModified":"2025-11-16T19:11:46+00:00","description":"Pendentif Ormeau et Nacre alliant protection, apaisement et \u00e9nergie marine. D\u00e9couvrez ses origines, ses vertus en lithoth\u00e9rapie et son \u00e9clat naturel pour un bijou harmonisant au quotidien.","breadcrumb":{"@id":"https:\/\/aufildespierres.com\/index.php\/product\/pendentif-ormeau-et-nacre\/#breadcrumb"},"inLanguage":"fr-FR","potentialAction":[{"@type":"ReadAction","target":["https:\/\/aufildespierres.com\/index.php\/product\/pendentif-ormeau-et-nacre\/"]}]},{"@type":"ImageObject","inLanguage":"fr-FR","@id":"https:\/\/aufildespierres.com\/index.php\/product\/pendentif-ormeau-et-nacre\/#primaryimage","url":"https:\/\/aufildespierres.com\/wp-content\/uploads\/2025\/11\/20251105_115703.jpg","contentUrl":"https:\/\/aufildespierres.com\/wp-content\/uploads\/2025\/11\/20251105_115703.jpg","width":2296,"height":2334},{"@type":"BreadcrumbList","@id":"https:\/\/aufildespierres.com\/index.php\/product\/pendentif-ormeau-et-nacre\/#breadcrumb","itemListElement":[{"@type":"ListItem","position":1,"name":"Accueil","item":"https:\/\/aufildespierres.com\/"},{"@type":"ListItem","position":2,"name":"Boutique de Lithoth\u00e9rapie","item":"https:\/\/aufildespierres.com\/index.php\/boutique-de-lithotherapie\/"},{"@type":"ListItem","position":3,"name":"Pendentif Ormeau et Nacre"}]},{"@type":"WebSite","@id":"https:\/\/aufildespierres.com\/#website","url":"https:\/\/aufildespierres.com\/","name":"Au fil des pierres","description":"Au fil des pierres","publisher":{"@id":"https:\/\/aufildespierres.com\/#organization"},"potentialAction":[{"@type":"SearchAction","target":{"@type":"EntryPoint","urlTemplate":"https:\/\/aufildespierres.com\/?s={search_term_string}"},"query-input":{"@type":"PropertyValueSpecification","valueRequired":true,"valueName":"search_term_string"}}],"inLanguage":"fr-FR"},{"@type":"Organization","@id":"https:\/\/aufildespierres.com\/#organization","name":"Au fil des pierres","url":"https:\/\/aufildespierres.com\/","logo":{"@type":"ImageObject","inLanguage":"fr-FR","@id":"https:\/\/aufildespierres.com\/#\/schema\/logo\/image\/","url":"https:\/\/aufildespierres.com\/wp-content\/uploads\/2023\/05\/cropped-Logo-PNG-Transparent.png","contentUrl":"https:\/\/aufildespierres.com\/wp-content\/uploads\/2023\/05\/cropped-Logo-PNG-Transparent.png","width":1776,"height":1625,"caption":"Au fil des pierres"},"image":{"@id":"https:\/\/aufildespierres.com\/#\/schema\/logo\/image\/"}}]}},"_links":{"self":[{"href":"https:\/\/aufildespierres.com\/index.php\/wp-json\/wp\/v2\/product\/4482","targetHints":{"allow":["GET"]}}],"collection":[{"href":"https:\/\/aufildespierres.com\/index.php\/wp-json\/wp\/v2\/product"}],"about":[{"href":"https:\/\/aufildespierres.com\/index.php\/wp-json\/wp\/v2\/types\/product"}],"replies":[{"embeddable":true,"href":"https:\/\/aufildespierres.com\/index.php\/wp-json\/wp\/v2\/comments?post=4482"}],"wp:featuredmedia":[{"embeddable":true,"href":"https:\/\/aufildespierres.com\/index.php\/wp-json\/wp\/v2\/media\/4483"}],"wp:attachment":[{"href":"https:\/\/aufildespierres.com\/index.php\/wp-json\/wp\/v2\/media?parent=4482"}],"wp:term":[{"taxonomy":"product_brand","embeddable":true,"href":"https:\/\/aufildespierres.com\/index.php\/wp-json\/wp\/v2\/product_brand?post=4482"},{"taxonomy":"product_cat","embeddable":true,"href":"https:\/\/aufildespierres.com\/index.php\/wp-json\/wp\/v2\/product_cat?post=4482"},{"taxonomy":"product_tag","embeddable":true,"href":"https:\/\/aufildespierres.com\/index.php\/wp-json\/wp\/v2\/product_tag?post=4482"}],"curies":[{"name":"wp","href":"https:\/\/api.w.org\/{rel}","templated":true}]}}