{"id":4488,"date":"2025-11-16T21:10:35","date_gmt":"2025-11-16T20:10:35","guid":{"rendered":"https:\/\/aufildespierres.com\/?post_type=product&#038;p=4488"},"modified":"2026-04-13T22:28:55","modified_gmt":"2026-04-13T20:28:55","slug":"pendentif-racine-de-palmier-fossilisee","status":"publish","type":"product","link":"https:\/\/aufildespierres.com\/index.php\/product\/pendentif-racine-de-palmier-fossilisee\/","title":{"rendered":"Pendentif racine de palmier fossilis\u00e9e"},"content":{"rendered":"<h2 data-start=\"226\" data-end=\"272\">Pendentif en Racine de Palmier Fossilis\u00e9e<\/h2>\n<p data-start=\"273\" data-end=\"328\"><strong data-start=\"273\" data-end=\"328\">Stabilit\u00e9, m\u00e9moire de la Terre et \u00e9nergie d\u2019ancrage<\/strong><\/p>\n<p data-start=\"330\" data-end=\"652\">Ce <strong data-start=\"333\" data-end=\"378\">pendentif en racine de palmier fossilis\u00e9e<\/strong> se distingue par son aspect unique. Il attire aussi par sa profondeur \u00e9nerg\u00e9tique. En effet, ce v\u00e9g\u00e9tal ancien a v\u00e9cu un lent processus de fossilisation. Avec le temps, il s\u2019est transform\u00e9 en une mati\u00e8re dense et solide. Il porte \u00e9galement une empreinte min\u00e9rale puissante.<\/p>\n<p data-start=\"654\" data-end=\"963\">Chaque pendentif r\u00e9v\u00e8le des <strong data-start=\"682\" data-end=\"707\">motifs naturels fig\u00e9s<\/strong> dans le temps. Les teintes varient, du brun au noir. Parfois, elles deviennent plus claires. Ainsi, la pierre raconte une histoire mill\u00e9naire. Port\u00e9 sur le c\u0153ur, ce bijou associe force et symbolique. De plus, il offre une beaut\u00e9 organique tr\u00e8s singuli\u00e8re.<\/p>\n<h2 data-start=\"970\" data-end=\"1015\">Origine de la Racine de Palmier Fossilis\u00e9e<\/h2>\n<p data-start=\"1017\" data-end=\"1361\">La racine de palmier fossilis\u00e9e provient principalement d\u2019<strong data-start=\"1075\" data-end=\"1088\">Indon\u00e9sie<\/strong>. Cette r\u00e9gion est connue pour ses sols volcaniques. Elle poss\u00e8de aussi une grande richesse g\u00e9ologique. Gr\u00e2ce \u00e0 ces conditions, certains v\u00e9g\u00e9taux se min\u00e9ralisent lentement. Les racines de palmier se fossilisent alors sous pression. Ce processus prend des milliers d\u2019ann\u00e9es.<\/p>\n<p data-start=\"1363\" data-end=\"1639\">Ensuite, le mat\u00e9riau est r\u00e9colt\u00e9 avec soin. Puis, des artisans indon\u00e9siens le travaillent \u00e0 la main. Leur savoir-faire met en valeur les dessins naturels de la fossilisation. Ainsi, chaque pendentif devient une pi\u00e8ce unique. Et surtout, il porte une vraie m\u00e9moire de la Terre.<\/p>\n<h2 data-start=\"1646\" data-end=\"1672\">Vertus en lithoth\u00e9rapie<\/h2>\n<p data-start=\"1674\" data-end=\"1947\">En lithoth\u00e9rapie, la racine de palmier fossilis\u00e9e diffuse une \u00e9nergie stable. Elle agit aussi comme une pierre d\u2019ancrage profond. Comme elle traverse les \u00e2ges, elle inspire patience et solidit\u00e9. Par cons\u00e9quent, elle aide \u00e0 retrouver son centre. Elle apaise aussi le mental.<\/p>\n<p data-start=\"1949\" data-end=\"1985\">Port\u00e9 au quotidien, ce pendentif :<\/p>\n<ul data-start=\"1986\" data-end=\"2228\">\n<li data-start=\"1986\" data-end=\"2034\">\n<p data-start=\"1988\" data-end=\"2034\">favorise un <strong data-start=\"2000\" data-end=\"2019\">ancrage profond<\/strong> et durable ;<\/p>\n<\/li>\n<li data-start=\"2035\" data-end=\"2075\">\n<p data-start=\"2037\" data-end=\"2075\">aide \u00e0 <strong data-start=\"2044\" data-end=\"2071\">stabiliser les \u00e9motions<\/strong> ;<\/p>\n<\/li>\n<li data-start=\"2076\" data-end=\"2135\">\n<p data-start=\"2078\" data-end=\"2135\">renforce la <strong data-start=\"2090\" data-end=\"2107\">concentration<\/strong> et la clart\u00e9 int\u00e9rieure ;<\/p>\n<\/li>\n<li data-start=\"2136\" data-end=\"2175\">\n<p data-start=\"2138\" data-end=\"2175\">soutient les phases de changement ;<\/p>\n<\/li>\n<li data-start=\"2176\" data-end=\"2228\">\n<p data-start=\"2178\" data-end=\"2228\">apporte une <strong data-start=\"2190\" data-end=\"2227\">sensation de s\u00e9curit\u00e9 \u00e9nerg\u00e9tique<\/strong>.<\/p>\n<\/li>\n<\/ul>\n<p data-start=\"2230\" data-end=\"2411\">De plus, son \u00e9nergie invite \u00e0 ralentir. Elle reconnecte aux cycles naturels. Ainsi, elle encourage l\u2019\u00e9coute des rythmes int\u00e9rieurs. Enfin, elle rappelle la puissance des fondations.<\/p>\n<h2 data-start=\"2418\" data-end=\"2484\">Pourquoi choisir ce pendentif en Racine de Palmier Fossilis\u00e9e ?<\/h2>\n<p data-start=\"2486\" data-end=\"2793\">Choisir ce pendentif, c\u2019est opter pour un bijou authentique. C\u2019est aussi choisir une mati\u00e8re rare. Elle allie esth\u00e9tique naturelle et ancrage durable. En outre, ce pendentif accompagne les personnes sensibles. Il soutient celles et ceux qui cherchent stabilit\u00e9. Il aide aussi \u00e0 retrouver un calme int\u00e9rieur.<\/p>\n<p data-start=\"2795\" data-end=\"2872\">Ainsi, vous portez un bijou intemporel. Et vous gardez la Terre pr\u00e8s de vous.<\/p>\n","protected":false},"excerpt":{"rendered":"<p>Pendentif en Racine de Palmier Fossilis\u00e9e Stabilit\u00e9, m\u00e9moire de la Terre et \u00e9nergie d\u2019ancrage Ce pendentif en racine de palmier fossilis\u00e9e se distingue par son aspect unique. Il attire aussi par sa profondeur \u00e9nerg\u00e9tique. En effet, ce v\u00e9g\u00e9tal ancien a v\u00e9cu un lent processus de fossilisation. Avec le temps, il s\u2019est transform\u00e9 en une mati\u00e8re [&hellip;]<\/p>\n","protected":false},"featured_media":4489,"comment_status":"open","ping_status":"closed","template":"","meta":{"site-sidebar-layout":"default","site-content-layout":"","ast-site-content-layout":"default","site-content-style":"default","site-sidebar-style":"default","ast-global-header-display":"","ast-banner-title-visibility":"","ast-main-header-display":"","ast-hfb-above-header-display":"","ast-hfb-below-header-display":"","ast-hfb-mobile-header-display":"","site-post-title":"","ast-breadcrumbs-content":"","ast-featured-img":"","footer-sml-layout":"","ast-disable-related-posts":"","theme-transparent-header-meta":"default","adv-header-id-meta":"","stick-header-meta":"","header-above-stick-meta":"","header-main-stick-meta":"","header-below-stick-meta":"","astra-migrate-meta-layouts":"set","ast-page-background-enabled":"default","ast-page-background-meta":{"desktop":{"background-color":"var(--ast-global-color-4)","background-image":"","background-repeat":"repeat","background-position":"center center","background-size":"auto","background-attachment":"scroll","background-type":"","background-media":"","overlay-type":"","overlay-color":"","overlay-opacity":"","overlay-gradient":""},"tablet":{"background-color":"","background-image":"","background-repeat":"repeat","background-position":"center center","background-size":"auto","background-attachment":"scroll","background-type":"","background-media":"","overlay-type":"","overlay-color":"","overlay-opacity":"","overlay-gradient":""},"mobile":{"background-color":"","background-image":"","background-repeat":"repeat","background-position":"center center","background-size":"auto","background-attachment":"scroll","background-type":"","background-media":"","overlay-type":"","overlay-color":"","overlay-opacity":"","overlay-gradient":""}},"ast-content-background-meta":{"desktop":{"background-color":"var(--ast-global-color-5)","background-image":"","background-repeat":"repeat","background-position":"center center","background-size":"auto","background-attachment":"scroll","background-type":"","background-media":"","overlay-type":"","overlay-color":"","overlay-opacity":"","overlay-gradient":""},"tablet":{"background-color":"var(--ast-global-color-5)","background-image":"","background-repeat":"repeat","background-position":"center center","background-size":"auto","background-attachment":"scroll","background-type":"","background-media":"","overlay-type":"","overlay-color":"","overlay-opacity":"","overlay-gradient":""},"mobile":{"background-color":"var(--ast-global-color-5)","background-image":"","background-repeat":"repeat","background-position":"center center","background-size":"auto","background-attachment":"scroll","background-type":"","background-media":"","overlay-type":"","overlay-color":"","overlay-opacity":"","overlay-gradient":""}},"_glsr_average":0,"_glsr_ranking":0,"_glsr_reviews":0},"product_brand":[],"product_cat":[26,135,66,21,291,294,15],"product_tag":[],"class_list":{"0":"post-4488","1":"product","2":"type-product","3":"status-publish","4":"has-post-thumbnail","6":"product_cat-bijoux","7":"product_cat-bois-fossile","8":"product_cat-noir","9":"product_cat-pendentifs-de-lithotherapie","10":"product_cat-promotion","11":"product_cat-promotions","12":"product_cat-tout","13":"desktop-align-left","14":"tablet-align-left","15":"mobile-align-left","17":"first","18":"instock","19":"sale","20":"purchasable","21":"product-type-simple"},"yoast_head":"<!-- This site is optimized with the Yoast SEO plugin v27.5 - https:\/\/yoast.com\/product\/yoast-seo-wordpress\/ -->\n<title>Pendentif racine de palmier fossilis\u00e9e - Au fil des pierres<\/title>\n<meta name=\"description\" content=\"Pendentif en racine de palmier fossilis\u00e9e d\u2019Indon\u00e9sie, symbole d\u2019ancrage et de stabilit\u00e9. D\u00e9couvrez son origine, ses propri\u00e9t\u00e9s \u00e9nerg\u00e9tiques et ses vertus en lithoth\u00e9rapie pour un \u00e9quilibre profond au quotidien.\" \/>\n<meta name=\"robots\" content=\"index, follow, max-snippet:-1, max-image-preview:large, max-video-preview:-1\" \/>\n<link rel=\"canonical\" href=\"https:\/\/aufildespierres.com\/index.php\/product\/pendentif-racine-de-palmier-fossilisee\/\" \/>\n<meta property=\"og:locale\" content=\"fr_FR\" \/>\n<meta property=\"og:type\" content=\"article\" \/>\n<meta property=\"og:title\" content=\"Pendentif racine de palmier fossilis\u00e9e - Au fil des pierres\" \/>\n<meta property=\"og:description\" content=\"Pendentif en racine de palmier fossilis\u00e9e d\u2019Indon\u00e9sie, symbole d\u2019ancrage et de stabilit\u00e9. D\u00e9couvrez son origine, ses propri\u00e9t\u00e9s \u00e9nerg\u00e9tiques et ses vertus en lithoth\u00e9rapie pour un \u00e9quilibre profond au quotidien.\" \/>\n<meta property=\"og:url\" content=\"https:\/\/aufildespierres.com\/index.php\/product\/pendentif-racine-de-palmier-fossilisee\/\" \/>\n<meta property=\"og:site_name\" content=\"Au fil des pierres\" \/>\n<meta property=\"article:modified_time\" content=\"2026-04-13T20:28:55+00:00\" \/>\n<meta property=\"og:image\" content=\"https:\/\/aufildespierres.com\/wp-content\/uploads\/2025\/11\/20251105_115741.jpg\" \/>\n\t<meta property=\"og:image:width\" content=\"2296\" \/>\n\t<meta property=\"og:image:height\" content=\"1852\" \/>\n\t<meta property=\"og:image:type\" content=\"image\/jpeg\" \/>\n<meta name=\"twitter:card\" content=\"summary_large_image\" \/>\n<meta name=\"twitter:label1\" content=\"Dur\u00e9e de lecture estim\u00e9e\" \/>\n\t<meta name=\"twitter:data1\" content=\"3 minutes\" \/>\n<script type=\"application\/ld+json\" class=\"yoast-schema-graph\">{\"@context\":\"https:\\\/\\\/schema.org\",\"@graph\":[{\"@type\":\"WebPage\",\"@id\":\"https:\\\/\\\/aufildespierres.com\\\/index.php\\\/product\\\/pendentif-racine-de-palmier-fossilisee\\\/\",\"url\":\"https:\\\/\\\/aufildespierres.com\\\/index.php\\\/product\\\/pendentif-racine-de-palmier-fossilisee\\\/\",\"name\":\"Pendentif racine de palmier fossilis\u00e9e - Au fil des pierres\",\"isPartOf\":{\"@id\":\"https:\\\/\\\/aufildespierres.com\\\/#website\"},\"primaryImageOfPage\":{\"@id\":\"https:\\\/\\\/aufildespierres.com\\\/index.php\\\/product\\\/pendentif-racine-de-palmier-fossilisee\\\/#primaryimage\"},\"image\":{\"@id\":\"https:\\\/\\\/aufildespierres.com\\\/index.php\\\/product\\\/pendentif-racine-de-palmier-fossilisee\\\/#primaryimage\"},\"thumbnailUrl\":\"https:\\\/\\\/aufildespierres.com\\\/wp-content\\\/uploads\\\/2025\\\/11\\\/20251105_115741.jpg\",\"datePublished\":\"2025-11-16T20:10:35+00:00\",\"dateModified\":\"2026-04-13T20:28:55+00:00\",\"description\":\"Pendentif en racine de palmier fossilis\u00e9e d\u2019Indon\u00e9sie, symbole d\u2019ancrage et de stabilit\u00e9. D\u00e9couvrez son origine, ses propri\u00e9t\u00e9s \u00e9nerg\u00e9tiques et ses vertus en lithoth\u00e9rapie pour un \u00e9quilibre profond au quotidien.\",\"breadcrumb\":{\"@id\":\"https:\\\/\\\/aufildespierres.com\\\/index.php\\\/product\\\/pendentif-racine-de-palmier-fossilisee\\\/#breadcrumb\"},\"inLanguage\":\"fr-FR\",\"potentialAction\":[{\"@type\":\"ReadAction\",\"target\":[\"https:\\\/\\\/aufildespierres.com\\\/index.php\\\/product\\\/pendentif-racine-de-palmier-fossilisee\\\/\"]}]},{\"@type\":\"ImageObject\",\"inLanguage\":\"fr-FR\",\"@id\":\"https:\\\/\\\/aufildespierres.com\\\/index.php\\\/product\\\/pendentif-racine-de-palmier-fossilisee\\\/#primaryimage\",\"url\":\"https:\\\/\\\/aufildespierres.com\\\/wp-content\\\/uploads\\\/2025\\\/11\\\/20251105_115741.jpg\",\"contentUrl\":\"https:\\\/\\\/aufildespierres.com\\\/wp-content\\\/uploads\\\/2025\\\/11\\\/20251105_115741.jpg\",\"width\":2296,\"height\":1852},{\"@type\":\"BreadcrumbList\",\"@id\":\"https:\\\/\\\/aufildespierres.com\\\/index.php\\\/product\\\/pendentif-racine-de-palmier-fossilisee\\\/#breadcrumb\",\"itemListElement\":[{\"@type\":\"ListItem\",\"position\":1,\"name\":\"Accueil\",\"item\":\"https:\\\/\\\/aufildespierres.com\\\/\"},{\"@type\":\"ListItem\",\"position\":2,\"name\":\"Boutique de Lithoth\u00e9rapie\",\"item\":\"https:\\\/\\\/aufildespierres.com\\\/index.php\\\/boutique-de-lithotherapie\\\/\"},{\"@type\":\"ListItem\",\"position\":3,\"name\":\"Pendentif racine de palmier fossilis\u00e9e\"}]},{\"@type\":\"WebSite\",\"@id\":\"https:\\\/\\\/aufildespierres.com\\\/#website\",\"url\":\"https:\\\/\\\/aufildespierres.com\\\/\",\"name\":\"Au fil des pierres\",\"description\":\"Au fil des pierres\",\"publisher\":{\"@id\":\"https:\\\/\\\/aufildespierres.com\\\/#organization\"},\"potentialAction\":[{\"@type\":\"SearchAction\",\"target\":{\"@type\":\"EntryPoint\",\"urlTemplate\":\"https:\\\/\\\/aufildespierres.com\\\/?s={search_term_string}\"},\"query-input\":{\"@type\":\"PropertyValueSpecification\",\"valueRequired\":true,\"valueName\":\"search_term_string\"}}],\"inLanguage\":\"fr-FR\"},{\"@type\":\"Organization\",\"@id\":\"https:\\\/\\\/aufildespierres.com\\\/#organization\",\"name\":\"Au fil des pierres\",\"url\":\"https:\\\/\\\/aufildespierres.com\\\/\",\"logo\":{\"@type\":\"ImageObject\",\"inLanguage\":\"fr-FR\",\"@id\":\"https:\\\/\\\/aufildespierres.com\\\/#\\\/schema\\\/logo\\\/image\\\/\",\"url\":\"https:\\\/\\\/aufildespierres.com\\\/wp-content\\\/uploads\\\/2023\\\/05\\\/cropped-Logo-PNG-Transparent.png\",\"contentUrl\":\"https:\\\/\\\/aufildespierres.com\\\/wp-content\\\/uploads\\\/2023\\\/05\\\/cropped-Logo-PNG-Transparent.png\",\"width\":1776,\"height\":1625,\"caption\":\"Au fil des pierres\"},\"image\":{\"@id\":\"https:\\\/\\\/aufildespierres.com\\\/#\\\/schema\\\/logo\\\/image\\\/\"}}]}<\/script>\n<!-- \/ Yoast SEO plugin. -->","yoast_head_json":{"title":"Pendentif racine de palmier fossilis\u00e9e - Au fil des pierres","description":"Pendentif en racine de palmier fossilis\u00e9e d\u2019Indon\u00e9sie, symbole d\u2019ancrage et de stabilit\u00e9. D\u00e9couvrez son origine, ses propri\u00e9t\u00e9s \u00e9nerg\u00e9tiques et ses vertus en lithoth\u00e9rapie pour un \u00e9quilibre profond au quotidien.","robots":{"index":"index","follow":"follow","max-snippet":"max-snippet:-1","max-image-preview":"max-image-preview:large","max-video-preview":"max-video-preview:-1"},"canonical":"https:\/\/aufildespierres.com\/index.php\/product\/pendentif-racine-de-palmier-fossilisee\/","og_locale":"fr_FR","og_type":"article","og_title":"Pendentif racine de palmier fossilis\u00e9e - Au fil des pierres","og_description":"Pendentif en racine de palmier fossilis\u00e9e d\u2019Indon\u00e9sie, symbole d\u2019ancrage et de stabilit\u00e9. D\u00e9couvrez son origine, ses propri\u00e9t\u00e9s \u00e9nerg\u00e9tiques et ses vertus en lithoth\u00e9rapie pour un \u00e9quilibre profond au quotidien.","og_url":"https:\/\/aufildespierres.com\/index.php\/product\/pendentif-racine-de-palmier-fossilisee\/","og_site_name":"Au fil des pierres","article_modified_time":"2026-04-13T20:28:55+00:00","og_image":[{"width":2296,"height":1852,"url":"https:\/\/aufildespierres.com\/wp-content\/uploads\/2025\/11\/20251105_115741.jpg","type":"image\/jpeg"}],"twitter_card":"summary_large_image","twitter_misc":{"Dur\u00e9e de lecture estim\u00e9e":"3 minutes"},"schema":{"@context":"https:\/\/schema.org","@graph":[{"@type":"WebPage","@id":"https:\/\/aufildespierres.com\/index.php\/product\/pendentif-racine-de-palmier-fossilisee\/","url":"https:\/\/aufildespierres.com\/index.php\/product\/pendentif-racine-de-palmier-fossilisee\/","name":"Pendentif racine de palmier fossilis\u00e9e - Au fil des pierres","isPartOf":{"@id":"https:\/\/aufildespierres.com\/#website"},"primaryImageOfPage":{"@id":"https:\/\/aufildespierres.com\/index.php\/product\/pendentif-racine-de-palmier-fossilisee\/#primaryimage"},"image":{"@id":"https:\/\/aufildespierres.com\/index.php\/product\/pendentif-racine-de-palmier-fossilisee\/#primaryimage"},"thumbnailUrl":"https:\/\/aufildespierres.com\/wp-content\/uploads\/2025\/11\/20251105_115741.jpg","datePublished":"2025-11-16T20:10:35+00:00","dateModified":"2026-04-13T20:28:55+00:00","description":"Pendentif en racine de palmier fossilis\u00e9e d\u2019Indon\u00e9sie, symbole d\u2019ancrage et de stabilit\u00e9. D\u00e9couvrez son origine, ses propri\u00e9t\u00e9s \u00e9nerg\u00e9tiques et ses vertus en lithoth\u00e9rapie pour un \u00e9quilibre profond au quotidien.","breadcrumb":{"@id":"https:\/\/aufildespierres.com\/index.php\/product\/pendentif-racine-de-palmier-fossilisee\/#breadcrumb"},"inLanguage":"fr-FR","potentialAction":[{"@type":"ReadAction","target":["https:\/\/aufildespierres.com\/index.php\/product\/pendentif-racine-de-palmier-fossilisee\/"]}]},{"@type":"ImageObject","inLanguage":"fr-FR","@id":"https:\/\/aufildespierres.com\/index.php\/product\/pendentif-racine-de-palmier-fossilisee\/#primaryimage","url":"https:\/\/aufildespierres.com\/wp-content\/uploads\/2025\/11\/20251105_115741.jpg","contentUrl":"https:\/\/aufildespierres.com\/wp-content\/uploads\/2025\/11\/20251105_115741.jpg","width":2296,"height":1852},{"@type":"BreadcrumbList","@id":"https:\/\/aufildespierres.com\/index.php\/product\/pendentif-racine-de-palmier-fossilisee\/#breadcrumb","itemListElement":[{"@type":"ListItem","position":1,"name":"Accueil","item":"https:\/\/aufildespierres.com\/"},{"@type":"ListItem","position":2,"name":"Boutique de Lithoth\u00e9rapie","item":"https:\/\/aufildespierres.com\/index.php\/boutique-de-lithotherapie\/"},{"@type":"ListItem","position":3,"name":"Pendentif racine de palmier fossilis\u00e9e"}]},{"@type":"WebSite","@id":"https:\/\/aufildespierres.com\/#website","url":"https:\/\/aufildespierres.com\/","name":"Au fil des pierres","description":"Au fil des pierres","publisher":{"@id":"https:\/\/aufildespierres.com\/#organization"},"potentialAction":[{"@type":"SearchAction","target":{"@type":"EntryPoint","urlTemplate":"https:\/\/aufildespierres.com\/?s={search_term_string}"},"query-input":{"@type":"PropertyValueSpecification","valueRequired":true,"valueName":"search_term_string"}}],"inLanguage":"fr-FR"},{"@type":"Organization","@id":"https:\/\/aufildespierres.com\/#organization","name":"Au fil des pierres","url":"https:\/\/aufildespierres.com\/","logo":{"@type":"ImageObject","inLanguage":"fr-FR","@id":"https:\/\/aufildespierres.com\/#\/schema\/logo\/image\/","url":"https:\/\/aufildespierres.com\/wp-content\/uploads\/2023\/05\/cropped-Logo-PNG-Transparent.png","contentUrl":"https:\/\/aufildespierres.com\/wp-content\/uploads\/2023\/05\/cropped-Logo-PNG-Transparent.png","width":1776,"height":1625,"caption":"Au fil des pierres"},"image":{"@id":"https:\/\/aufildespierres.com\/#\/schema\/logo\/image\/"}}]}},"_links":{"self":[{"href":"https:\/\/aufildespierres.com\/index.php\/wp-json\/wp\/v2\/product\/4488","targetHints":{"allow":["GET"]}}],"collection":[{"href":"https:\/\/aufildespierres.com\/index.php\/wp-json\/wp\/v2\/product"}],"about":[{"href":"https:\/\/aufildespierres.com\/index.php\/wp-json\/wp\/v2\/types\/product"}],"replies":[{"embeddable":true,"href":"https:\/\/aufildespierres.com\/index.php\/wp-json\/wp\/v2\/comments?post=4488"}],"wp:featuredmedia":[{"embeddable":true,"href":"https:\/\/aufildespierres.com\/index.php\/wp-json\/wp\/v2\/media\/4489"}],"wp:attachment":[{"href":"https:\/\/aufildespierres.com\/index.php\/wp-json\/wp\/v2\/media?parent=4488"}],"wp:term":[{"taxonomy":"product_brand","embeddable":true,"href":"https:\/\/aufildespierres.com\/index.php\/wp-json\/wp\/v2\/product_brand?post=4488"},{"taxonomy":"product_cat","embeddable":true,"href":"https:\/\/aufildespierres.com\/index.php\/wp-json\/wp\/v2\/product_cat?post=4488"},{"taxonomy":"product_tag","embeddable":true,"href":"https:\/\/aufildespierres.com\/index.php\/wp-json\/wp\/v2\/product_tag?post=4488"}],"curies":[{"name":"wp","href":"https:\/\/api.w.org\/{rel}","templated":true}]}}