{"id":4499,"date":"2025-11-18T22:08:14","date_gmt":"2025-11-18T21:08:14","guid":{"rendered":"https:\/\/aufildespierres.com\/?post_type=product&#038;p=4499"},"modified":"2025-11-18T22:08:54","modified_gmt":"2025-11-18T21:08:54","slug":"grenat-brut","status":"publish","type":"product","link":"https:\/\/aufildespierres.com\/index.php\/product\/grenat-brut\/","title":{"rendered":"Grenat brut"},"content":{"rendered":"<h2 data-start=\"191\" data-end=\"240\"><strong data-start=\"194\" data-end=\"240\">Grenat Brut<\/strong><\/h2>\n<p>155 grammes origine Madagascar belle qualit\u00e9<\/p>\n<h2 data-start=\"191\" data-end=\"240\"><strong data-start=\"194\" data-end=\"240\">\u00a0Vitalit\u00e9, Ancrage et Passion<\/strong><\/h2>\n<p data-start=\"242\" data-end=\"584\">Le grenat brut est une pierre fascinante que l\u2019on associe souvent \u00e0 un rouge profond. Pourtant, cette gemme existe en de nombreuses nuances : brune, verte, violac\u00e9e, jaune, rouge ros\u00e9 ou encore rouge orang\u00e9. Chaque vari\u00e9t\u00e9 porte une \u00e9nergie vibrante qui agit en profondeur, particuli\u00e8rement sur le <strong data-start=\"540\" data-end=\"556\">chakra sacr\u00e9<\/strong> et le <strong data-start=\"563\" data-end=\"581\">plexus solaire<\/strong>.<\/p>\n<h3 data-start=\"586\" data-end=\"629\"><strong data-start=\"590\" data-end=\"629\">Bienfaits psychiques du Grenat brut<\/strong><\/h3>\n<p data-start=\"631\" data-end=\"970\">Le grenat brut diffuse une \u00e9nergie positive et dynamique. Il apporte de la force, du courage et stimule la <strong data-start=\"738\" data-end=\"758\">confiance en soi<\/strong>. Gr\u00e2ce \u00e0 son action r\u00e9chauffante, il augmente la volont\u00e9 et ravive la joie de vivre. Cette pierre renforce \u00e9galement le respect de soi et aide \u00e0 stabiliser les \u00e9motions, ce qui permet d\u2019avancer plus sereinement.<\/p>\n<p data-start=\"972\" data-end=\"1457\">De plus, le grenat soutient l\u2019assurance et accompagne chaque projet vers la r\u00e9ussite. Il favorise aussi l\u2019amour d\u2019autrui en encourageant la compassion, l\u2019\u00e9coute et l\u2019ouverture du c\u0153ur. Associ\u00e9 \u00e0 la passion, il stimule l\u2019intimit\u00e9 et l\u2019\u00e9nergie sexuelle, ce qui en fait un alli\u00e9 puissant pour raviver la flamme int\u00e9rieure. Enfin, il soutient les engagements, favorise l\u2019ancrage et apaise les tensions. Le grenat aide \u00e0 surmonter les difficult\u00e9s et permet de ressortir grandi des \u00e9preuves.<\/p>\n<h3 data-start=\"1459\" data-end=\"1501\"><strong data-start=\"1463\" data-end=\"1501\">Bienfaits physiques du Grenat brut<\/strong><\/h3>\n<p data-start=\"1503\" data-end=\"1790\">Sur le plan physique, cette pierre agit comme un v\u00e9ritable tonique naturel. Elle revigore le corps, en particulier le foie, la rate et les reins. Le grenat stimule le c\u0153ur et purifie le sang. Il est donc utile pour r\u00e9duire les sensations de jambes lourdes ou les insuffisances veineuses.<\/p>\n<p data-start=\"1792\" data-end=\"2141\">Il agit \u00e9galement sur l\u2019an\u00e9mie, l\u2019hypotension et certaines inflammations. En renfor\u00e7ant les os, il contribue \u00e0 diminuer les douleurs li\u00e9es \u00e0 l\u2019arthrite ou \u00e0 l\u2019arthrose. Il aide aussi \u00e0 consolider les fractures et soulage les tensions de la colonne vert\u00e9brale. En purifiant les chakras, il r\u00e9active la vitalit\u00e9, le d\u00e9sir et le sentiment de s\u00e9duction.<\/p>\n<p data-start=\"2143\" data-end=\"2293\"><strong data-start=\"2143\" data-end=\"2156\">Attention<\/strong> : cette pierre reste d\u00e9conseill\u00e9e aux personnes col\u00e9riques, impulsives, jalouses ou hypertendues, car elle pourrait amplifier ces \u00e9tats.<\/p>\n<h3 data-start=\"2295\" data-end=\"2332\"><strong data-start=\"2299\" data-end=\"2332\">Correspondances astrologiques<\/strong><\/h3>\n<p data-start=\"2334\" data-end=\"2468\">Le grenat r\u00e9sonne particuli\u00e8rement avec les <strong data-start=\"2378\" data-end=\"2416\">signes du Verseau et du Capricorne<\/strong>, auxquels il apporte ancrage, structure et \u00e9nergie.<\/p>\n","protected":false},"excerpt":{"rendered":"<p>Grenat Brut 155 grammes origine Madagascar belle qualit\u00e9 \u00a0Vitalit\u00e9, Ancrage et Passion Le grenat brut est une pierre fascinante que l\u2019on associe souvent \u00e0 un rouge profond. Pourtant, cette gemme existe en de nombreuses nuances : brune, verte, violac\u00e9e, jaune, rouge ros\u00e9 ou encore rouge orang\u00e9. Chaque vari\u00e9t\u00e9 porte une \u00e9nergie vibrante qui agit en [&hellip;]<\/p>\n","protected":false},"featured_media":4500,"comment_status":"open","ping_status":"closed","template":"","meta":{"site-sidebar-layout":"default","site-content-layout":"","ast-site-content-layout":"default","site-content-style":"default","site-sidebar-style":"default","ast-global-header-display":"","ast-banner-title-visibility":"","ast-main-header-display":"","ast-hfb-above-header-display":"","ast-hfb-below-header-display":"","ast-hfb-mobile-header-display":"","site-post-title":"","ast-breadcrumbs-content":"","ast-featured-img":"","footer-sml-layout":"","ast-disable-related-posts":"","theme-transparent-header-meta":"default","adv-header-id-meta":"","stick-header-meta":"","header-above-stick-meta":"","header-main-stick-meta":"","header-below-stick-meta":"","astra-migrate-meta-layouts":"set","ast-page-background-enabled":"default","ast-page-background-meta":{"desktop":{"background-color":"var(--ast-global-color-4)","background-image":"","background-repeat":"repeat","background-position":"center center","background-size":"auto","background-attachment":"scroll","background-type":"","background-media":"","overlay-type":"","overlay-color":"","overlay-opacity":"","overlay-gradient":""},"tablet":{"background-color":"","background-image":"","background-repeat":"repeat","background-position":"center center","background-size":"auto","background-attachment":"scroll","background-type":"","background-media":"","overlay-type":"","overlay-color":"","overlay-opacity":"","overlay-gradient":""},"mobile":{"background-color":"","background-image":"","background-repeat":"repeat","background-position":"center center","background-size":"auto","background-attachment":"scroll","background-type":"","background-media":"","overlay-type":"","overlay-color":"","overlay-opacity":"","overlay-gradient":""}},"ast-content-background-meta":{"desktop":{"background-color":"var(--ast-global-color-5)","background-image":"","background-repeat":"repeat","background-position":"center center","background-size":"auto","background-attachment":"scroll","background-type":"","background-media":"","overlay-type":"","overlay-color":"","overlay-opacity":"","overlay-gradient":""},"tablet":{"background-color":"var(--ast-global-color-5)","background-image":"","background-repeat":"repeat","background-position":"center center","background-size":"auto","background-attachment":"scroll","background-type":"","background-media":"","overlay-type":"","overlay-color":"","overlay-opacity":"","overlay-gradient":""},"mobile":{"background-color":"var(--ast-global-color-5)","background-image":"","background-repeat":"repeat","background-position":"center center","background-size":"auto","background-attachment":"scroll","background-type":"","background-media":"","overlay-type":"","overlay-color":"","overlay-opacity":"","overlay-gradient":""}},"_glsr_average":0,"_glsr_ranking":0,"_glsr_reviews":0},"product_brand":[],"product_cat":[102,100,31,41],"product_tag":[],"class_list":{"0":"post-4499","1":"product","2":"type-product","3":"status-publish","4":"has-post-thumbnail","6":"product_cat-bordeaux","7":"product_cat-grenat","8":"product_cat-pierres-brutes","9":"product_cat-vitalite","10":"desktop-align-left","11":"tablet-align-left","12":"mobile-align-left","14":"first","15":"instock","16":"purchasable","17":"product-type-simple"},"yoast_head":"<!-- This site is optimized with the Yoast SEO plugin v27.5 - https:\/\/yoast.com\/product\/yoast-seo-wordpress\/ -->\n<title>Grenat brut - Au fil des pierres<\/title>\n<meta name=\"description\" content=\"&quot;Grenat brut naturel : pierre d\u2019ancrage et de vitalit\u00e9, id\u00e9ale pour stimuler l\u2019\u00e9nergie, renforcer la confiance et \u00e9quilibrer le chakra racine. Parfait pour vos rituels et pratiques de lithoth\u00e9rapie.&quot;\" \/>\n<meta name=\"robots\" content=\"index, follow, max-snippet:-1, max-image-preview:large, max-video-preview:-1\" \/>\n<link rel=\"canonical\" href=\"https:\/\/aufildespierres.com\/index.php\/product\/grenat-brut\/\" \/>\n<meta property=\"og:locale\" content=\"fr_FR\" \/>\n<meta property=\"og:type\" content=\"article\" \/>\n<meta property=\"og:title\" content=\"Grenat brut - Au fil des pierres\" \/>\n<meta property=\"og:description\" content=\"&quot;Grenat brut naturel : pierre d\u2019ancrage et de vitalit\u00e9, id\u00e9ale pour stimuler l\u2019\u00e9nergie, renforcer la confiance et \u00e9quilibrer le chakra racine. Parfait pour vos rituels et pratiques de lithoth\u00e9rapie.&quot;\" \/>\n<meta property=\"og:url\" content=\"https:\/\/aufildespierres.com\/index.php\/product\/grenat-brut\/\" \/>\n<meta property=\"og:site_name\" content=\"Au fil des pierres\" \/>\n<meta property=\"article:modified_time\" content=\"2025-11-18T21:08:54+00:00\" \/>\n<meta property=\"og:image\" content=\"https:\/\/aufildespierres.com\/wp-content\/uploads\/2025\/11\/20251118_140606.jpg\" \/>\n\t<meta property=\"og:image:width\" content=\"2296\" \/>\n\t<meta property=\"og:image:height\" content=\"2166\" \/>\n\t<meta property=\"og:image:type\" content=\"image\/jpeg\" \/>\n<meta name=\"twitter:card\" content=\"summary_large_image\" \/>\n<meta name=\"twitter:label1\" content=\"Dur\u00e9e de lecture estim\u00e9e\" \/>\n\t<meta name=\"twitter:data1\" content=\"2 minutes\" \/>\n<script type=\"application\/ld+json\" class=\"yoast-schema-graph\">{\"@context\":\"https:\\\/\\\/schema.org\",\"@graph\":[{\"@type\":\"WebPage\",\"@id\":\"https:\\\/\\\/aufildespierres.com\\\/index.php\\\/product\\\/grenat-brut\\\/\",\"url\":\"https:\\\/\\\/aufildespierres.com\\\/index.php\\\/product\\\/grenat-brut\\\/\",\"name\":\"Grenat brut - Au fil des pierres\",\"isPartOf\":{\"@id\":\"https:\\\/\\\/aufildespierres.com\\\/#website\"},\"primaryImageOfPage\":{\"@id\":\"https:\\\/\\\/aufildespierres.com\\\/index.php\\\/product\\\/grenat-brut\\\/#primaryimage\"},\"image\":{\"@id\":\"https:\\\/\\\/aufildespierres.com\\\/index.php\\\/product\\\/grenat-brut\\\/#primaryimage\"},\"thumbnailUrl\":\"https:\\\/\\\/aufildespierres.com\\\/wp-content\\\/uploads\\\/2025\\\/11\\\/20251118_140606.jpg\",\"datePublished\":\"2025-11-18T21:08:14+00:00\",\"dateModified\":\"2025-11-18T21:08:54+00:00\",\"description\":\"\\\"Grenat brut naturel : pierre d\u2019ancrage et de vitalit\u00e9, id\u00e9ale pour stimuler l\u2019\u00e9nergie, renforcer la confiance et \u00e9quilibrer le chakra racine. Parfait pour vos rituels et pratiques de lithoth\u00e9rapie.\\\"\",\"breadcrumb\":{\"@id\":\"https:\\\/\\\/aufildespierres.com\\\/index.php\\\/product\\\/grenat-brut\\\/#breadcrumb\"},\"inLanguage\":\"fr-FR\",\"potentialAction\":[{\"@type\":\"ReadAction\",\"target\":[\"https:\\\/\\\/aufildespierres.com\\\/index.php\\\/product\\\/grenat-brut\\\/\"]}]},{\"@type\":\"ImageObject\",\"inLanguage\":\"fr-FR\",\"@id\":\"https:\\\/\\\/aufildespierres.com\\\/index.php\\\/product\\\/grenat-brut\\\/#primaryimage\",\"url\":\"https:\\\/\\\/aufildespierres.com\\\/wp-content\\\/uploads\\\/2025\\\/11\\\/20251118_140606.jpg\",\"contentUrl\":\"https:\\\/\\\/aufildespierres.com\\\/wp-content\\\/uploads\\\/2025\\\/11\\\/20251118_140606.jpg\",\"width\":2296,\"height\":2166},{\"@type\":\"BreadcrumbList\",\"@id\":\"https:\\\/\\\/aufildespierres.com\\\/index.php\\\/product\\\/grenat-brut\\\/#breadcrumb\",\"itemListElement\":[{\"@type\":\"ListItem\",\"position\":1,\"name\":\"Accueil\",\"item\":\"https:\\\/\\\/aufildespierres.com\\\/\"},{\"@type\":\"ListItem\",\"position\":2,\"name\":\"Boutique de Lithoth\u00e9rapie\",\"item\":\"https:\\\/\\\/aufildespierres.com\\\/index.php\\\/boutique-de-lithotherapie\\\/\"},{\"@type\":\"ListItem\",\"position\":3,\"name\":\"Grenat brut\"}]},{\"@type\":\"WebSite\",\"@id\":\"https:\\\/\\\/aufildespierres.com\\\/#website\",\"url\":\"https:\\\/\\\/aufildespierres.com\\\/\",\"name\":\"Au fil des pierres\",\"description\":\"Au fil des pierres\",\"publisher\":{\"@id\":\"https:\\\/\\\/aufildespierres.com\\\/#organization\"},\"potentialAction\":[{\"@type\":\"SearchAction\",\"target\":{\"@type\":\"EntryPoint\",\"urlTemplate\":\"https:\\\/\\\/aufildespierres.com\\\/?s={search_term_string}\"},\"query-input\":{\"@type\":\"PropertyValueSpecification\",\"valueRequired\":true,\"valueName\":\"search_term_string\"}}],\"inLanguage\":\"fr-FR\"},{\"@type\":\"Organization\",\"@id\":\"https:\\\/\\\/aufildespierres.com\\\/#organization\",\"name\":\"Au fil des pierres\",\"url\":\"https:\\\/\\\/aufildespierres.com\\\/\",\"logo\":{\"@type\":\"ImageObject\",\"inLanguage\":\"fr-FR\",\"@id\":\"https:\\\/\\\/aufildespierres.com\\\/#\\\/schema\\\/logo\\\/image\\\/\",\"url\":\"https:\\\/\\\/aufildespierres.com\\\/wp-content\\\/uploads\\\/2023\\\/05\\\/cropped-Logo-PNG-Transparent.png\",\"contentUrl\":\"https:\\\/\\\/aufildespierres.com\\\/wp-content\\\/uploads\\\/2023\\\/05\\\/cropped-Logo-PNG-Transparent.png\",\"width\":1776,\"height\":1625,\"caption\":\"Au fil des pierres\"},\"image\":{\"@id\":\"https:\\\/\\\/aufildespierres.com\\\/#\\\/schema\\\/logo\\\/image\\\/\"}}]}<\/script>\n<!-- \/ Yoast SEO plugin. -->","yoast_head_json":{"title":"Grenat brut - Au fil des pierres","description":"\"Grenat brut naturel : pierre d\u2019ancrage et de vitalit\u00e9, id\u00e9ale pour stimuler l\u2019\u00e9nergie, renforcer la confiance et \u00e9quilibrer le chakra racine. Parfait pour vos rituels et pratiques de lithoth\u00e9rapie.\"","robots":{"index":"index","follow":"follow","max-snippet":"max-snippet:-1","max-image-preview":"max-image-preview:large","max-video-preview":"max-video-preview:-1"},"canonical":"https:\/\/aufildespierres.com\/index.php\/product\/grenat-brut\/","og_locale":"fr_FR","og_type":"article","og_title":"Grenat brut - Au fil des pierres","og_description":"\"Grenat brut naturel : pierre d\u2019ancrage et de vitalit\u00e9, id\u00e9ale pour stimuler l\u2019\u00e9nergie, renforcer la confiance et \u00e9quilibrer le chakra racine. Parfait pour vos rituels et pratiques de lithoth\u00e9rapie.\"","og_url":"https:\/\/aufildespierres.com\/index.php\/product\/grenat-brut\/","og_site_name":"Au fil des pierres","article_modified_time":"2025-11-18T21:08:54+00:00","og_image":[{"width":2296,"height":2166,"url":"https:\/\/aufildespierres.com\/wp-content\/uploads\/2025\/11\/20251118_140606.jpg","type":"image\/jpeg"}],"twitter_card":"summary_large_image","twitter_misc":{"Dur\u00e9e de lecture estim\u00e9e":"2 minutes"},"schema":{"@context":"https:\/\/schema.org","@graph":[{"@type":"WebPage","@id":"https:\/\/aufildespierres.com\/index.php\/product\/grenat-brut\/","url":"https:\/\/aufildespierres.com\/index.php\/product\/grenat-brut\/","name":"Grenat brut - Au fil des pierres","isPartOf":{"@id":"https:\/\/aufildespierres.com\/#website"},"primaryImageOfPage":{"@id":"https:\/\/aufildespierres.com\/index.php\/product\/grenat-brut\/#primaryimage"},"image":{"@id":"https:\/\/aufildespierres.com\/index.php\/product\/grenat-brut\/#primaryimage"},"thumbnailUrl":"https:\/\/aufildespierres.com\/wp-content\/uploads\/2025\/11\/20251118_140606.jpg","datePublished":"2025-11-18T21:08:14+00:00","dateModified":"2025-11-18T21:08:54+00:00","description":"\"Grenat brut naturel : pierre d\u2019ancrage et de vitalit\u00e9, id\u00e9ale pour stimuler l\u2019\u00e9nergie, renforcer la confiance et \u00e9quilibrer le chakra racine. Parfait pour vos rituels et pratiques de lithoth\u00e9rapie.\"","breadcrumb":{"@id":"https:\/\/aufildespierres.com\/index.php\/product\/grenat-brut\/#breadcrumb"},"inLanguage":"fr-FR","potentialAction":[{"@type":"ReadAction","target":["https:\/\/aufildespierres.com\/index.php\/product\/grenat-brut\/"]}]},{"@type":"ImageObject","inLanguage":"fr-FR","@id":"https:\/\/aufildespierres.com\/index.php\/product\/grenat-brut\/#primaryimage","url":"https:\/\/aufildespierres.com\/wp-content\/uploads\/2025\/11\/20251118_140606.jpg","contentUrl":"https:\/\/aufildespierres.com\/wp-content\/uploads\/2025\/11\/20251118_140606.jpg","width":2296,"height":2166},{"@type":"BreadcrumbList","@id":"https:\/\/aufildespierres.com\/index.php\/product\/grenat-brut\/#breadcrumb","itemListElement":[{"@type":"ListItem","position":1,"name":"Accueil","item":"https:\/\/aufildespierres.com\/"},{"@type":"ListItem","position":2,"name":"Boutique de Lithoth\u00e9rapie","item":"https:\/\/aufildespierres.com\/index.php\/boutique-de-lithotherapie\/"},{"@type":"ListItem","position":3,"name":"Grenat brut"}]},{"@type":"WebSite","@id":"https:\/\/aufildespierres.com\/#website","url":"https:\/\/aufildespierres.com\/","name":"Au fil des pierres","description":"Au fil des pierres","publisher":{"@id":"https:\/\/aufildespierres.com\/#organization"},"potentialAction":[{"@type":"SearchAction","target":{"@type":"EntryPoint","urlTemplate":"https:\/\/aufildespierres.com\/?s={search_term_string}"},"query-input":{"@type":"PropertyValueSpecification","valueRequired":true,"valueName":"search_term_string"}}],"inLanguage":"fr-FR"},{"@type":"Organization","@id":"https:\/\/aufildespierres.com\/#organization","name":"Au fil des pierres","url":"https:\/\/aufildespierres.com\/","logo":{"@type":"ImageObject","inLanguage":"fr-FR","@id":"https:\/\/aufildespierres.com\/#\/schema\/logo\/image\/","url":"https:\/\/aufildespierres.com\/wp-content\/uploads\/2023\/05\/cropped-Logo-PNG-Transparent.png","contentUrl":"https:\/\/aufildespierres.com\/wp-content\/uploads\/2023\/05\/cropped-Logo-PNG-Transparent.png","width":1776,"height":1625,"caption":"Au fil des pierres"},"image":{"@id":"https:\/\/aufildespierres.com\/#\/schema\/logo\/image\/"}}]}},"_links":{"self":[{"href":"https:\/\/aufildespierres.com\/index.php\/wp-json\/wp\/v2\/product\/4499","targetHints":{"allow":["GET"]}}],"collection":[{"href":"https:\/\/aufildespierres.com\/index.php\/wp-json\/wp\/v2\/product"}],"about":[{"href":"https:\/\/aufildespierres.com\/index.php\/wp-json\/wp\/v2\/types\/product"}],"replies":[{"embeddable":true,"href":"https:\/\/aufildespierres.com\/index.php\/wp-json\/wp\/v2\/comments?post=4499"}],"wp:featuredmedia":[{"embeddable":true,"href":"https:\/\/aufildespierres.com\/index.php\/wp-json\/wp\/v2\/media\/4500"}],"wp:attachment":[{"href":"https:\/\/aufildespierres.com\/index.php\/wp-json\/wp\/v2\/media?parent=4499"}],"wp:term":[{"taxonomy":"product_brand","embeddable":true,"href":"https:\/\/aufildespierres.com\/index.php\/wp-json\/wp\/v2\/product_brand?post=4499"},{"taxonomy":"product_cat","embeddable":true,"href":"https:\/\/aufildespierres.com\/index.php\/wp-json\/wp\/v2\/product_cat?post=4499"},{"taxonomy":"product_tag","embeddable":true,"href":"https:\/\/aufildespierres.com\/index.php\/wp-json\/wp\/v2\/product_tag?post=4499"}],"curies":[{"name":"wp","href":"https:\/\/api.w.org\/{rel}","templated":true}]}}