{"id":4505,"date":"2025-11-18T22:34:18","date_gmt":"2025-11-18T21:34:18","guid":{"rendered":"https:\/\/aufildespierres.com\/?post_type=product&#038;p=4505"},"modified":"2026-01-13T19:57:14","modified_gmt":"2026-01-13T18:57:14","slug":"plaque-de-charoite-2","status":"publish","type":"product","link":"https:\/\/aufildespierres.com\/index.php\/product\/plaque-de-charoite-2\/","title":{"rendered":"Plaque de Charoite"},"content":{"rendered":"<h2 data-start=\"290\" data-end=\"313\">Plaque de Charo\u00efte<\/h2>\n<p data-start=\"314\" data-end=\"405\"><strong data-start=\"314\" data-end=\"358\">172 grammes \u2013 6,5 x 14 cm (en diagonale)<\/strong><br data-start=\"358\" data-end=\"361\" \/><strong data-start=\"361\" data-end=\"405\">Sagesse, intuition et apaisement profond<\/strong><\/p>\n<p data-start=\"407\" data-end=\"791\">La <strong data-start=\"410\" data-end=\"422\">Charo\u00efte<\/strong> est une pierre exceptionnelle, reconnaissable \u00e0 ses reflets violets intenses et \u00e0 ses volutes uniques. Sous forme de plaque, elle diffuse une \u00e9nergie douce mais puissante. Ainsi, elle aide \u00e0 harmoniser l\u2019esprit, purifier les \u00e9motions et soutenir la transformation int\u00e9rieure. En profondeur, elle clarifie les pens\u00e9es, renforce l\u2019intuition et installe un calme durable.<\/p>\n<hr data-start=\"793\" data-end=\"796\" \/>\n<h2 data-start=\"798\" data-end=\"836\">Bienfaits psychiques de la Charo\u00efte<\/h2>\n<p data-start=\"838\" data-end=\"1320\">La Charo\u00efte d\u00e9veloppe le sens de l\u2019observation et affine la perception. Par cons\u00e9quent, elle am\u00e9liore l\u2019analyse, la synth\u00e8se et la compr\u00e9hension globale d\u2019une situation. Gr\u00e2ce \u00e0 sa vibration intuitive, elle stimule la vision int\u00e9rieure et renforce l\u2019intuition spirituelle. De plus, elle accompagne la prise de d\u00e9cisions \u00e9clair\u00e9es et favorise une purification de l\u2019inconscient. Cette action lib\u00e8re progressivement les contenus \u00e9motionnels n\u00e9gatifs et soutient la gu\u00e9rison int\u00e9rieure.<\/p>\n<p data-start=\"1322\" data-end=\"1632\">En parall\u00e8le, elle apaise les angoisses, le stress quotidien et les pens\u00e9es envahissantes. Elle facilite \u00e9galement l\u2019endormissement et aide \u00e0 r\u00e9duire le somnambulisme, les cauchemars et les tensions nocturnes. En calmant les peurs issues du subconscient, elle installe un vrai sentiment de s\u00e9curit\u00e9 int\u00e9rieure.<\/p>\n<p data-start=\"1634\" data-end=\"2063\">V\u00e9ritable pierre de sagesse, la Charo\u00efte aide \u00e0 mieux g\u00e9rer les \u00e9motions et \u00e0 rel\u00e2cher les tensions nerveuses. Par ailleurs, elle ouvre la porte aux perceptions extra-sensorielles et renforce la confiance, l\u2019assurance et la d\u00e9termination. Ainsi, elle \u00e9vite de se sentir submerg\u00e9 par les \u00e9v\u00e9nements et dissipe la tristesse. Son \u00e9nergie se r\u00e9v\u00e8le particuli\u00e8rement utile en cas de burn-out, de surmenage ou de charge mentale \u00e9lev\u00e9e.<\/p>\n<p data-start=\"2065\" data-end=\"2513\">Enfin, cette pierre diminue les fixations et att\u00e9nue les obsessions envers une personne ou une situation. D\u2019une part, elle aide \u00e0 prendre du recul, \u00e0 aborder les d\u00e9fis avec s\u00e9r\u00e9nit\u00e9 et \u00e0 l\u00e2cher prise, m\u00eame lors de p\u00e9riodes charg\u00e9es. D\u2019autre part, elle soutient les personnes influenc\u00e9es par l\u2019opinion des autres, en les aidant \u00e0 rester fid\u00e8les \u00e0 leurs id\u00e9es. Elle encourage \u00e9galement la constance et permet d\u2019aller au bout de ce qui a \u00e9t\u00e9 commenc\u00e9.<\/p>\n<hr data-start=\"2515\" data-end=\"2518\" \/>\n<h2 data-start=\"2520\" data-end=\"2557\">Bienfaits physiques de la Charo\u00efte<\/h2>\n<p data-start=\"2559\" data-end=\"2867\">Sur le plan physique, la Charo\u00efte stimule le go\u00fbt et l\u2019odorat. Elle calme le syst\u00e8me nerveux, r\u00e9duit les douleurs et soulage les crampes. En outre, elle diminue les tensions cervicales ou lombaires et aide \u00e0 apaiser les spasmes musculaires et digestifs. Elle peut aussi accompagner les douleurs menstruelles.<\/p>\n<p data-start=\"2869\" data-end=\"3146\">De plus, elle dynamise le corps physique et renforce la motivation. Elle att\u00e9nue les maux de t\u00eate, soutient le syst\u00e8me immunitaire et contribue \u00e0 purifier le foie, les reins et le pancr\u00e9as. En d\u00e9toxifiant les graisses et les toxines, elle peut accompagner un programme minceur.<\/p>\n<p data-start=\"3148\" data-end=\"3582\">Enfin, elle aide \u00e0 purifier la circulation sanguine, r\u00e9gule la pression art\u00e9rielle et fortifie le muscle cardiaque. Elle r\u00e9duit les crampes chez les sportifs et encourage la reprise d\u2019activit\u00e9. Elle am\u00e9liore aussi la qualit\u00e9 du sommeil et participe \u00e0 r\u00e9tablir l\u2019\u00e9quilibre acido-basique gr\u00e2ce \u00e0 son pH naturellement alcalin. Pour terminer, son \u00e9nergie apaisante et structurante peut soutenir certaines personnes autistes ou bipolaires.<\/p>\n","protected":false},"excerpt":{"rendered":"<p>Plaque de Charo\u00efte 172 grammes \u2013 6,5 x 14 cm (en diagonale)Sagesse, intuition et apaisement profond La Charo\u00efte est une pierre exceptionnelle, reconnaissable \u00e0 ses reflets violets intenses et \u00e0 ses volutes uniques. Sous forme de plaque, elle diffuse une \u00e9nergie douce mais puissante. Ainsi, elle aide \u00e0 harmoniser l\u2019esprit, purifier les \u00e9motions et soutenir [&hellip;]<\/p>\n","protected":false},"featured_media":4507,"comment_status":"open","ping_status":"closed","template":"","meta":{"site-sidebar-layout":"default","site-content-layout":"","ast-site-content-layout":"default","site-content-style":"default","site-sidebar-style":"default","ast-global-header-display":"","ast-banner-title-visibility":"","ast-main-header-display":"","ast-hfb-above-header-display":"","ast-hfb-below-header-display":"","ast-hfb-mobile-header-display":"","site-post-title":"","ast-breadcrumbs-content":"","ast-featured-img":"","footer-sml-layout":"","ast-disable-related-posts":"","theme-transparent-header-meta":"default","adv-header-id-meta":"","stick-header-meta":"","header-above-stick-meta":"","header-main-stick-meta":"","header-below-stick-meta":"","astra-migrate-meta-layouts":"set","ast-page-background-enabled":"default","ast-page-background-meta":{"desktop":{"background-color":"var(--ast-global-color-4)","background-image":"","background-repeat":"repeat","background-position":"center center","background-size":"auto","background-attachment":"scroll","background-type":"","background-media":"","overlay-type":"","overlay-color":"","overlay-opacity":"","overlay-gradient":""},"tablet":{"background-color":"","background-image":"","background-repeat":"repeat","background-position":"center center","background-size":"auto","background-attachment":"scroll","background-type":"","background-media":"","overlay-type":"","overlay-color":"","overlay-opacity":"","overlay-gradient":""},"mobile":{"background-color":"","background-image":"","background-repeat":"repeat","background-position":"center center","background-size":"auto","background-attachment":"scroll","background-type":"","background-media":"","overlay-type":"","overlay-color":"","overlay-opacity":"","overlay-gradient":""}},"ast-content-background-meta":{"desktop":{"background-color":"var(--ast-global-color-5)","background-image":"","background-repeat":"repeat","background-position":"center center","background-size":"auto","background-attachment":"scroll","background-type":"","background-media":"","overlay-type":"","overlay-color":"","overlay-opacity":"","overlay-gradient":""},"tablet":{"background-color":"var(--ast-global-color-5)","background-image":"","background-repeat":"repeat","background-position":"center center","background-size":"auto","background-attachment":"scroll","background-type":"","background-media":"","overlay-type":"","overlay-color":"","overlay-opacity":"","overlay-gradient":""},"mobile":{"background-color":"var(--ast-global-color-5)","background-image":"","background-repeat":"repeat","background-position":"center center","background-size":"auto","background-attachment":"scroll","background-type":"","background-media":"","overlay-type":"","overlay-color":"","overlay-opacity":"","overlay-gradient":""}},"_glsr_average":0,"_glsr_ranking":0,"_glsr_reviews":0},"product_brand":[],"product_cat":[133,81,272,179,32,63,69],"product_tag":[],"class_list":{"0":"post-4505","1":"product","2":"type-product","3":"status-publish","4":"has-post-thumbnail","6":"product_cat-charoite","7":"product_cat-connexion-spirituelle","8":"product_cat-equilibre-emotionnel","9":"product_cat-formes-libres","10":"product_cat-pierres-polies","11":"product_cat-stress-angoisses","12":"product_cat-violet","13":"desktop-align-left","14":"tablet-align-left","15":"mobile-align-left","17":"first","18":"instock","19":"purchasable","20":"product-type-simple"},"yoast_head":"<!-- This site is optimized with the Yoast SEO plugin v27.5 - https:\/\/yoast.com\/product\/yoast-seo-wordpress\/ -->\n<title>Plaque de Charoite - Au fil des pierres<\/title>\n<meta name=\"description\" content=\"Plaque de Charoite : pierre de sagesse et d\u2019apaisement qui purifie l\u2019inconscient, calme le stress, renforce l\u2019intuition et soutient le corps. Id\u00e9ale pour recentrer l\u2019esprit et retrouver \u00e9quilibre.&quot;\" \/>\n<meta name=\"robots\" content=\"index, follow, max-snippet:-1, max-image-preview:large, max-video-preview:-1\" \/>\n<link rel=\"canonical\" href=\"https:\/\/aufildespierres.com\/index.php\/product\/plaque-de-charoite-2\/\" \/>\n<meta property=\"og:locale\" content=\"fr_FR\" \/>\n<meta property=\"og:type\" content=\"article\" \/>\n<meta property=\"og:title\" content=\"Plaque de Charoite - Au fil des pierres\" \/>\n<meta property=\"og:description\" content=\"Plaque de Charoite : pierre de sagesse et d\u2019apaisement qui purifie l\u2019inconscient, calme le stress, renforce l\u2019intuition et soutient le corps. Id\u00e9ale pour recentrer l\u2019esprit et retrouver \u00e9quilibre.&quot;\" \/>\n<meta property=\"og:url\" content=\"https:\/\/aufildespierres.com\/index.php\/product\/plaque-de-charoite-2\/\" \/>\n<meta property=\"og:site_name\" content=\"Au fil des pierres\" \/>\n<meta property=\"article:modified_time\" content=\"2026-01-13T18:57:14+00:00\" \/>\n<meta property=\"og:image\" content=\"https:\/\/aufildespierres.com\/wp-content\/uploads\/2025\/11\/20251118_140016-scaled.jpg\" \/>\n\t<meta property=\"og:image:width\" content=\"1898\" \/>\n\t<meta property=\"og:image:height\" content=\"2560\" \/>\n\t<meta property=\"og:image:type\" content=\"image\/jpeg\" \/>\n<meta name=\"twitter:card\" content=\"summary_large_image\" \/>\n<meta name=\"twitter:label1\" content=\"Dur\u00e9e de lecture estim\u00e9e\" \/>\n\t<meta name=\"twitter:data1\" content=\"3 minutes\" \/>\n<script type=\"application\/ld+json\" class=\"yoast-schema-graph\">{\"@context\":\"https:\\\/\\\/schema.org\",\"@graph\":[{\"@type\":\"WebPage\",\"@id\":\"https:\\\/\\\/aufildespierres.com\\\/index.php\\\/product\\\/plaque-de-charoite-2\\\/\",\"url\":\"https:\\\/\\\/aufildespierres.com\\\/index.php\\\/product\\\/plaque-de-charoite-2\\\/\",\"name\":\"Plaque de Charoite - Au fil des pierres\",\"isPartOf\":{\"@id\":\"https:\\\/\\\/aufildespierres.com\\\/#website\"},\"primaryImageOfPage\":{\"@id\":\"https:\\\/\\\/aufildespierres.com\\\/index.php\\\/product\\\/plaque-de-charoite-2\\\/#primaryimage\"},\"image\":{\"@id\":\"https:\\\/\\\/aufildespierres.com\\\/index.php\\\/product\\\/plaque-de-charoite-2\\\/#primaryimage\"},\"thumbnailUrl\":\"https:\\\/\\\/aufildespierres.com\\\/wp-content\\\/uploads\\\/2025\\\/11\\\/20251118_140016-scaled.jpg\",\"datePublished\":\"2025-11-18T21:34:18+00:00\",\"dateModified\":\"2026-01-13T18:57:14+00:00\",\"description\":\"Plaque de Charoite : pierre de sagesse et d\u2019apaisement qui purifie l\u2019inconscient, calme le stress, renforce l\u2019intuition et soutient le corps. Id\u00e9ale pour recentrer l\u2019esprit et retrouver \u00e9quilibre.\\\"\",\"breadcrumb\":{\"@id\":\"https:\\\/\\\/aufildespierres.com\\\/index.php\\\/product\\\/plaque-de-charoite-2\\\/#breadcrumb\"},\"inLanguage\":\"fr-FR\",\"potentialAction\":[{\"@type\":\"ReadAction\",\"target\":[\"https:\\\/\\\/aufildespierres.com\\\/index.php\\\/product\\\/plaque-de-charoite-2\\\/\"]}]},{\"@type\":\"ImageObject\",\"inLanguage\":\"fr-FR\",\"@id\":\"https:\\\/\\\/aufildespierres.com\\\/index.php\\\/product\\\/plaque-de-charoite-2\\\/#primaryimage\",\"url\":\"https:\\\/\\\/aufildespierres.com\\\/wp-content\\\/uploads\\\/2025\\\/11\\\/20251118_140016-scaled.jpg\",\"contentUrl\":\"https:\\\/\\\/aufildespierres.com\\\/wp-content\\\/uploads\\\/2025\\\/11\\\/20251118_140016-scaled.jpg\",\"width\":1898,\"height\":2560},{\"@type\":\"BreadcrumbList\",\"@id\":\"https:\\\/\\\/aufildespierres.com\\\/index.php\\\/product\\\/plaque-de-charoite-2\\\/#breadcrumb\",\"itemListElement\":[{\"@type\":\"ListItem\",\"position\":1,\"name\":\"Accueil\",\"item\":\"https:\\\/\\\/aufildespierres.com\\\/\"},{\"@type\":\"ListItem\",\"position\":2,\"name\":\"Boutique de Lithoth\u00e9rapie\",\"item\":\"https:\\\/\\\/aufildespierres.com\\\/index.php\\\/boutique-de-lithotherapie\\\/\"},{\"@type\":\"ListItem\",\"position\":3,\"name\":\"Plaque de Charoite\"}]},{\"@type\":\"WebSite\",\"@id\":\"https:\\\/\\\/aufildespierres.com\\\/#website\",\"url\":\"https:\\\/\\\/aufildespierres.com\\\/\",\"name\":\"Au fil des pierres\",\"description\":\"Au fil des pierres\",\"publisher\":{\"@id\":\"https:\\\/\\\/aufildespierres.com\\\/#organization\"},\"potentialAction\":[{\"@type\":\"SearchAction\",\"target\":{\"@type\":\"EntryPoint\",\"urlTemplate\":\"https:\\\/\\\/aufildespierres.com\\\/?s={search_term_string}\"},\"query-input\":{\"@type\":\"PropertyValueSpecification\",\"valueRequired\":true,\"valueName\":\"search_term_string\"}}],\"inLanguage\":\"fr-FR\"},{\"@type\":\"Organization\",\"@id\":\"https:\\\/\\\/aufildespierres.com\\\/#organization\",\"name\":\"Au fil des pierres\",\"url\":\"https:\\\/\\\/aufildespierres.com\\\/\",\"logo\":{\"@type\":\"ImageObject\",\"inLanguage\":\"fr-FR\",\"@id\":\"https:\\\/\\\/aufildespierres.com\\\/#\\\/schema\\\/logo\\\/image\\\/\",\"url\":\"https:\\\/\\\/aufildespierres.com\\\/wp-content\\\/uploads\\\/2023\\\/05\\\/cropped-Logo-PNG-Transparent.png\",\"contentUrl\":\"https:\\\/\\\/aufildespierres.com\\\/wp-content\\\/uploads\\\/2023\\\/05\\\/cropped-Logo-PNG-Transparent.png\",\"width\":1776,\"height\":1625,\"caption\":\"Au fil des pierres\"},\"image\":{\"@id\":\"https:\\\/\\\/aufildespierres.com\\\/#\\\/schema\\\/logo\\\/image\\\/\"}}]}<\/script>\n<!-- \/ Yoast SEO plugin. -->","yoast_head_json":{"title":"Plaque de Charoite - Au fil des pierres","description":"Plaque de Charoite : pierre de sagesse et d\u2019apaisement qui purifie l\u2019inconscient, calme le stress, renforce l\u2019intuition et soutient le corps. Id\u00e9ale pour recentrer l\u2019esprit et retrouver \u00e9quilibre.\"","robots":{"index":"index","follow":"follow","max-snippet":"max-snippet:-1","max-image-preview":"max-image-preview:large","max-video-preview":"max-video-preview:-1"},"canonical":"https:\/\/aufildespierres.com\/index.php\/product\/plaque-de-charoite-2\/","og_locale":"fr_FR","og_type":"article","og_title":"Plaque de Charoite - Au fil des pierres","og_description":"Plaque de Charoite : pierre de sagesse et d\u2019apaisement qui purifie l\u2019inconscient, calme le stress, renforce l\u2019intuition et soutient le corps. Id\u00e9ale pour recentrer l\u2019esprit et retrouver \u00e9quilibre.\"","og_url":"https:\/\/aufildespierres.com\/index.php\/product\/plaque-de-charoite-2\/","og_site_name":"Au fil des pierres","article_modified_time":"2026-01-13T18:57:14+00:00","og_image":[{"width":1898,"height":2560,"url":"https:\/\/aufildespierres.com\/wp-content\/uploads\/2025\/11\/20251118_140016-scaled.jpg","type":"image\/jpeg"}],"twitter_card":"summary_large_image","twitter_misc":{"Dur\u00e9e de lecture estim\u00e9e":"3 minutes"},"schema":{"@context":"https:\/\/schema.org","@graph":[{"@type":"WebPage","@id":"https:\/\/aufildespierres.com\/index.php\/product\/plaque-de-charoite-2\/","url":"https:\/\/aufildespierres.com\/index.php\/product\/plaque-de-charoite-2\/","name":"Plaque de Charoite - Au fil des pierres","isPartOf":{"@id":"https:\/\/aufildespierres.com\/#website"},"primaryImageOfPage":{"@id":"https:\/\/aufildespierres.com\/index.php\/product\/plaque-de-charoite-2\/#primaryimage"},"image":{"@id":"https:\/\/aufildespierres.com\/index.php\/product\/plaque-de-charoite-2\/#primaryimage"},"thumbnailUrl":"https:\/\/aufildespierres.com\/wp-content\/uploads\/2025\/11\/20251118_140016-scaled.jpg","datePublished":"2025-11-18T21:34:18+00:00","dateModified":"2026-01-13T18:57:14+00:00","description":"Plaque de Charoite : pierre de sagesse et d\u2019apaisement qui purifie l\u2019inconscient, calme le stress, renforce l\u2019intuition et soutient le corps. Id\u00e9ale pour recentrer l\u2019esprit et retrouver \u00e9quilibre.\"","breadcrumb":{"@id":"https:\/\/aufildespierres.com\/index.php\/product\/plaque-de-charoite-2\/#breadcrumb"},"inLanguage":"fr-FR","potentialAction":[{"@type":"ReadAction","target":["https:\/\/aufildespierres.com\/index.php\/product\/plaque-de-charoite-2\/"]}]},{"@type":"ImageObject","inLanguage":"fr-FR","@id":"https:\/\/aufildespierres.com\/index.php\/product\/plaque-de-charoite-2\/#primaryimage","url":"https:\/\/aufildespierres.com\/wp-content\/uploads\/2025\/11\/20251118_140016-scaled.jpg","contentUrl":"https:\/\/aufildespierres.com\/wp-content\/uploads\/2025\/11\/20251118_140016-scaled.jpg","width":1898,"height":2560},{"@type":"BreadcrumbList","@id":"https:\/\/aufildespierres.com\/index.php\/product\/plaque-de-charoite-2\/#breadcrumb","itemListElement":[{"@type":"ListItem","position":1,"name":"Accueil","item":"https:\/\/aufildespierres.com\/"},{"@type":"ListItem","position":2,"name":"Boutique de Lithoth\u00e9rapie","item":"https:\/\/aufildespierres.com\/index.php\/boutique-de-lithotherapie\/"},{"@type":"ListItem","position":3,"name":"Plaque de Charoite"}]},{"@type":"WebSite","@id":"https:\/\/aufildespierres.com\/#website","url":"https:\/\/aufildespierres.com\/","name":"Au fil des pierres","description":"Au fil des pierres","publisher":{"@id":"https:\/\/aufildespierres.com\/#organization"},"potentialAction":[{"@type":"SearchAction","target":{"@type":"EntryPoint","urlTemplate":"https:\/\/aufildespierres.com\/?s={search_term_string}"},"query-input":{"@type":"PropertyValueSpecification","valueRequired":true,"valueName":"search_term_string"}}],"inLanguage":"fr-FR"},{"@type":"Organization","@id":"https:\/\/aufildespierres.com\/#organization","name":"Au fil des pierres","url":"https:\/\/aufildespierres.com\/","logo":{"@type":"ImageObject","inLanguage":"fr-FR","@id":"https:\/\/aufildespierres.com\/#\/schema\/logo\/image\/","url":"https:\/\/aufildespierres.com\/wp-content\/uploads\/2023\/05\/cropped-Logo-PNG-Transparent.png","contentUrl":"https:\/\/aufildespierres.com\/wp-content\/uploads\/2023\/05\/cropped-Logo-PNG-Transparent.png","width":1776,"height":1625,"caption":"Au fil des pierres"},"image":{"@id":"https:\/\/aufildespierres.com\/#\/schema\/logo\/image\/"}}]}},"_links":{"self":[{"href":"https:\/\/aufildespierres.com\/index.php\/wp-json\/wp\/v2\/product\/4505","targetHints":{"allow":["GET"]}}],"collection":[{"href":"https:\/\/aufildespierres.com\/index.php\/wp-json\/wp\/v2\/product"}],"about":[{"href":"https:\/\/aufildespierres.com\/index.php\/wp-json\/wp\/v2\/types\/product"}],"replies":[{"embeddable":true,"href":"https:\/\/aufildespierres.com\/index.php\/wp-json\/wp\/v2\/comments?post=4505"}],"wp:featuredmedia":[{"embeddable":true,"href":"https:\/\/aufildespierres.com\/index.php\/wp-json\/wp\/v2\/media\/4507"}],"wp:attachment":[{"href":"https:\/\/aufildespierres.com\/index.php\/wp-json\/wp\/v2\/media?parent=4505"}],"wp:term":[{"taxonomy":"product_brand","embeddable":true,"href":"https:\/\/aufildespierres.com\/index.php\/wp-json\/wp\/v2\/product_brand?post=4505"},{"taxonomy":"product_cat","embeddable":true,"href":"https:\/\/aufildespierres.com\/index.php\/wp-json\/wp\/v2\/product_cat?post=4505"},{"taxonomy":"product_tag","embeddable":true,"href":"https:\/\/aufildespierres.com\/index.php\/wp-json\/wp\/v2\/product_tag?post=4505"}],"curies":[{"name":"wp","href":"https:\/\/api.w.org\/{rel}","templated":true}]}}