{"id":4509,"date":"2025-11-20T22:08:07","date_gmt":"2025-11-20T21:08:07","guid":{"rendered":"https:\/\/aufildespierres.com\/?post_type=product&#038;p=4509"},"modified":"2025-11-20T22:08:07","modified_gmt":"2025-11-20T21:08:07","slug":"pierre-roulee-oeil-de-tigre","status":"publish","type":"product","link":"https:\/\/aufildespierres.com\/index.php\/product\/pierre-roulee-oeil-de-tigre\/","title":{"rendered":"Pierre roul\u00e9e \u0152il de tigre"},"content":{"rendered":"<h3 data-start=\"215\" data-end=\"284\"><strong data-start=\"219\" data-end=\"284\">Pierre roul\u00e9e \u0152il de Tigre<\/strong><\/h3>\n<p>5x3x1,5 cm<\/p>\n<h3 data-start=\"215\" data-end=\"284\"><strong data-start=\"219\" data-end=\"284\">\u2013 Pierre de Protection et d\u2019Alignement Int\u00e9rieur<\/strong><\/h3>\n<p data-start=\"286\" data-end=\"631\">La pierre roul\u00e9e \u0152il de tigre\u00a0 est une pierre incontournable pour toute personne souhaitant se prot\u00e9ger des influences ext\u00e9rieures tout en apaisant son propre mal-\u00eatre. Port\u00e9e au quotidien, elle cr\u00e9e un v\u00e9ritable bouclier \u00e9nerg\u00e9tique. Plac\u00e9e dans une maison, notamment pr\u00e8s de l\u2019entr\u00e9e, elle contribue \u00e0 s\u00e9curiser le lieu et \u00e0 maintenir un environnement serein.<\/p>\n<h4 data-start=\"633\" data-end=\"663\"><strong data-start=\"638\" data-end=\"663\">Propri\u00e9t\u00e9s psychiques<\/strong><\/h4>\n<p data-start=\"665\" data-end=\"976\">Pierre de protection par excellence, l\u2019\u0152il de Tigre agit contre le n\u00e9gatif et le mauvais \u0153il. Elle renvoie naturellement les pens\u00e9es n\u00e9fastes \u00e0 leur \u00e9metteur, ce qui l\u2019aide \u00e0 prendre conscience de l\u2019impact de ses intentions. Elle augmente la chance, les ondes positives et soutient un \u00e9tat d\u2019esprit plus stable.<\/p>\n<p data-start=\"978\" data-end=\"1307\">Gr\u00e2ce \u00e0 son \u00e9nergie structurante, elle permet de rester soi-m\u00eame, surtout lorsque l\u2019on est tr\u00e8s empathique. De plus, elle apporte courage et audace. Elle renforce la confiance en soi, r\u00e9duit stress, peurs et angoisses, tout en stimulant la pers\u00e9v\u00e9rance. Elle contribue ainsi \u00e0 \u00e9loigner les sentiments d\u2019ins\u00e9curit\u00e9 ou de timidit\u00e9.<\/p>\n<p data-start=\"1309\" data-end=\"1873\">Cette pierre diminue les barri\u00e8res personnelles, encourage la remise en question lorsque cela s\u2019av\u00e8re n\u00e9cessaire et aide \u00e0 reconna\u00eetre ses qualit\u00e9s. Elle rend plus optimiste et favorise les d\u00e9cisions align\u00e9es avec ses valeurs. Elle r\u00e9gule les \u00e9motions, d\u00e9tend le mental et aide \u00e0 dissoudre des blocages \u00e9motionnels, tout en offrant autonomie et souplesse. Par ailleurs, elle \u00e9quilibre le yin et le yang. Enfin, elle soutient l\u2019imagination, la cr\u00e9ativit\u00e9 et facilite l\u2019ouverture \u00e0 de nouvelles id\u00e9es. Elle apporte aussi dynamisme et favorise les relations humaines.<\/p>\n<h4 data-start=\"1875\" data-end=\"1904\"><strong data-start=\"1880\" data-end=\"1904\">Propri\u00e9t\u00e9s physiques<\/strong><\/h4>\n<p data-start=\"1906\" data-end=\"2282\">L\u2019\u0152il de Tigre accompagne la bonne sant\u00e9 des articulations, en particulier celles du genou, et soutient la mobilit\u00e9 g\u00e9n\u00e9rale. Elle peut aider \u00e0 diminuer les maux de t\u00eate. De plus, elle facilite la digestion, apaise les acidit\u00e9s gastriques et limite les troubles li\u00e9s au stress. Elle agit \u00e9galement sur l\u2019asthme, l\u2019hypertension et soutient les surr\u00e9nales ainsi que l\u2019hypophyse.<\/p>\n<p data-start=\"2284\" data-end=\"2535\">Elle aide \u00e0 r\u00e9cup\u00e9rer apr\u00e8s une p\u00e9riode de fatigue, un trouble du sommeil ou une phase \u00e9motionnellement difficile. En parall\u00e8le, elle ouvre le chakra du plexus solaire et contribue au maintien d\u2019une bonne acuit\u00e9 visuelle, y compris la vision nocturne.<\/p>\n","protected":false},"excerpt":{"rendered":"<p>Pierre roul\u00e9e \u0152il de Tigre 5x3x1,5 cm \u2013 Pierre de Protection et d\u2019Alignement Int\u00e9rieur La pierre roul\u00e9e \u0152il de tigre\u00a0 est une pierre incontournable pour toute personne souhaitant se prot\u00e9ger des influences ext\u00e9rieures tout en apaisant son propre mal-\u00eatre. Port\u00e9e au quotidien, elle cr\u00e9e un v\u00e9ritable bouclier \u00e9nerg\u00e9tique. Plac\u00e9e dans une maison, notamment pr\u00e8s de [&hellip;]<\/p>\n","protected":false},"featured_media":4511,"comment_status":"open","ping_status":"closed","template":"","meta":{"site-sidebar-layout":"default","site-content-layout":"","ast-site-content-layout":"default","site-content-style":"default","site-sidebar-style":"default","ast-global-header-display":"","ast-banner-title-visibility":"","ast-main-header-display":"","ast-hfb-above-header-display":"","ast-hfb-below-header-display":"","ast-hfb-mobile-header-display":"","site-post-title":"","ast-breadcrumbs-content":"","ast-featured-img":"","footer-sml-layout":"","ast-disable-related-posts":"","theme-transparent-header-meta":"default","adv-header-id-meta":"","stick-header-meta":"","header-above-stick-meta":"","header-main-stick-meta":"","header-below-stick-meta":"","astra-migrate-meta-layouts":"set","ast-page-background-enabled":"default","ast-page-background-meta":{"desktop":{"background-color":"var(--ast-global-color-4)","background-image":"","background-repeat":"repeat","background-position":"center center","background-size":"auto","background-attachment":"scroll","background-type":"","background-media":"","overlay-type":"","overlay-color":"","overlay-opacity":"","overlay-gradient":""},"tablet":{"background-color":"","background-image":"","background-repeat":"repeat","background-position":"center center","background-size":"auto","background-attachment":"scroll","background-type":"","background-media":"","overlay-type":"","overlay-color":"","overlay-opacity":"","overlay-gradient":""},"mobile":{"background-color":"","background-image":"","background-repeat":"repeat","background-position":"center center","background-size":"auto","background-attachment":"scroll","background-type":"","background-media":"","overlay-type":"","overlay-color":"","overlay-opacity":"","overlay-gradient":""}},"ast-content-background-meta":{"desktop":{"background-color":"var(--ast-global-color-5)","background-image":"","background-repeat":"repeat","background-position":"center center","background-size":"auto","background-attachment":"scroll","background-type":"","background-media":"","overlay-type":"","overlay-color":"","overlay-opacity":"","overlay-gradient":""},"tablet":{"background-color":"var(--ast-global-color-5)","background-image":"","background-repeat":"repeat","background-position":"center center","background-size":"auto","background-attachment":"scroll","background-type":"","background-media":"","overlay-type":"","overlay-color":"","overlay-opacity":"","overlay-gradient":""},"mobile":{"background-color":"var(--ast-global-color-5)","background-image":"","background-repeat":"repeat","background-position":"center center","background-size":"auto","background-attachment":"scroll","background-type":"","background-media":"","overlay-type":"","overlay-color":"","overlay-opacity":"","overlay-gradient":""}},"_glsr_average":0,"_glsr_ranking":0,"_glsr_reviews":0},"product_brand":[],"product_cat":[49,198,84,103,37,32,42,274,41],"product_tag":[],"class_list":{"0":"post-4509","1":"product","2":"type-product","3":"status-publish","4":"has-post-thumbnail","6":"product_cat-confiance-en-soi","7":"product_cat-galets","8":"product_cat-jaune","9":"product_cat-marron","10":"product_cat-oeil-de-tigre","11":"product_cat-pierres-polies","12":"product_cat-protection","13":"product_cat-soin-du-systeme-digestif","14":"product_cat-vitalite","15":"desktop-align-left","16":"tablet-align-left","17":"mobile-align-left","19":"first","20":"instock","21":"purchasable","22":"product-type-simple"},"yoast_head":"<!-- This site is optimized with the Yoast SEO plugin v27.5 - https:\/\/yoast.com\/product\/yoast-seo-wordpress\/ -->\n<title>Pierre roul\u00e9e \u0152il de tigre - Au fil des pierres<\/title>\n<meta name=\"description\" content=\"Pierre roul\u00e9e \u0152il de Tigre : pierre de protection puissante, elle renforce confiance, courage et \u00e9quilibre \u00e9motionnel tout en apaisant le stress. Id\u00e9ale \u00e0 porter ou \u00e0 placer chez soi pour harmoniser l\u2019\u00e9nergie au quotidien.\" \/>\n<meta name=\"robots\" content=\"index, follow, max-snippet:-1, max-image-preview:large, max-video-preview:-1\" \/>\n<link rel=\"canonical\" href=\"https:\/\/aufildespierres.com\/index.php\/product\/pierre-roulee-oeil-de-tigre\/\" \/>\n<meta property=\"og:locale\" content=\"fr_FR\" \/>\n<meta property=\"og:type\" content=\"article\" \/>\n<meta property=\"og:title\" content=\"Pierre roul\u00e9e \u0152il de tigre - Au fil des pierres\" \/>\n<meta property=\"og:description\" content=\"Pierre roul\u00e9e \u0152il de Tigre : pierre de protection puissante, elle renforce confiance, courage et \u00e9quilibre \u00e9motionnel tout en apaisant le stress. Id\u00e9ale \u00e0 porter ou \u00e0 placer chez soi pour harmoniser l\u2019\u00e9nergie au quotidien.\" \/>\n<meta property=\"og:url\" content=\"https:\/\/aufildespierres.com\/index.php\/product\/pierre-roulee-oeil-de-tigre\/\" \/>\n<meta property=\"og:site_name\" content=\"Au fil des pierres\" \/>\n<meta property=\"og:image\" content=\"https:\/\/aufildespierres.com\/wp-content\/uploads\/2025\/11\/20251118_135654.jpg\" \/>\n\t<meta property=\"og:image:width\" content=\"2296\" \/>\n\t<meta property=\"og:image:height\" content=\"2344\" \/>\n\t<meta property=\"og:image:type\" content=\"image\/jpeg\" \/>\n<meta name=\"twitter:card\" content=\"summary_large_image\" \/>\n<meta name=\"twitter:label1\" content=\"Dur\u00e9e de lecture estim\u00e9e\" \/>\n\t<meta name=\"twitter:data1\" content=\"3 minutes\" \/>\n<script type=\"application\/ld+json\" class=\"yoast-schema-graph\">{\"@context\":\"https:\\\/\\\/schema.org\",\"@graph\":[{\"@type\":\"WebPage\",\"@id\":\"https:\\\/\\\/aufildespierres.com\\\/index.php\\\/product\\\/pierre-roulee-oeil-de-tigre\\\/\",\"url\":\"https:\\\/\\\/aufildespierres.com\\\/index.php\\\/product\\\/pierre-roulee-oeil-de-tigre\\\/\",\"name\":\"Pierre roul\u00e9e \u0152il de tigre - Au fil des pierres\",\"isPartOf\":{\"@id\":\"https:\\\/\\\/aufildespierres.com\\\/#website\"},\"primaryImageOfPage\":{\"@id\":\"https:\\\/\\\/aufildespierres.com\\\/index.php\\\/product\\\/pierre-roulee-oeil-de-tigre\\\/#primaryimage\"},\"image\":{\"@id\":\"https:\\\/\\\/aufildespierres.com\\\/index.php\\\/product\\\/pierre-roulee-oeil-de-tigre\\\/#primaryimage\"},\"thumbnailUrl\":\"https:\\\/\\\/aufildespierres.com\\\/wp-content\\\/uploads\\\/2025\\\/11\\\/20251118_135654.jpg\",\"datePublished\":\"2025-11-20T21:08:07+00:00\",\"description\":\"Pierre roul\u00e9e \u0152il de Tigre : pierre de protection puissante, elle renforce confiance, courage et \u00e9quilibre \u00e9motionnel tout en apaisant le stress. Id\u00e9ale \u00e0 porter ou \u00e0 placer chez soi pour harmoniser l\u2019\u00e9nergie au quotidien.\",\"breadcrumb\":{\"@id\":\"https:\\\/\\\/aufildespierres.com\\\/index.php\\\/product\\\/pierre-roulee-oeil-de-tigre\\\/#breadcrumb\"},\"inLanguage\":\"fr-FR\",\"potentialAction\":[{\"@type\":\"ReadAction\",\"target\":[\"https:\\\/\\\/aufildespierres.com\\\/index.php\\\/product\\\/pierre-roulee-oeil-de-tigre\\\/\"]}]},{\"@type\":\"ImageObject\",\"inLanguage\":\"fr-FR\",\"@id\":\"https:\\\/\\\/aufildespierres.com\\\/index.php\\\/product\\\/pierre-roulee-oeil-de-tigre\\\/#primaryimage\",\"url\":\"https:\\\/\\\/aufildespierres.com\\\/wp-content\\\/uploads\\\/2025\\\/11\\\/20251118_135654.jpg\",\"contentUrl\":\"https:\\\/\\\/aufildespierres.com\\\/wp-content\\\/uploads\\\/2025\\\/11\\\/20251118_135654.jpg\",\"width\":2296,\"height\":2344},{\"@type\":\"BreadcrumbList\",\"@id\":\"https:\\\/\\\/aufildespierres.com\\\/index.php\\\/product\\\/pierre-roulee-oeil-de-tigre\\\/#breadcrumb\",\"itemListElement\":[{\"@type\":\"ListItem\",\"position\":1,\"name\":\"Accueil\",\"item\":\"https:\\\/\\\/aufildespierres.com\\\/\"},{\"@type\":\"ListItem\",\"position\":2,\"name\":\"Boutique de Lithoth\u00e9rapie\",\"item\":\"https:\\\/\\\/aufildespierres.com\\\/index.php\\\/boutique-de-lithotherapie\\\/\"},{\"@type\":\"ListItem\",\"position\":3,\"name\":\"Pierre roul\u00e9e \u0152il de tigre\"}]},{\"@type\":\"WebSite\",\"@id\":\"https:\\\/\\\/aufildespierres.com\\\/#website\",\"url\":\"https:\\\/\\\/aufildespierres.com\\\/\",\"name\":\"Au fil des pierres\",\"description\":\"Au fil des pierres\",\"publisher\":{\"@id\":\"https:\\\/\\\/aufildespierres.com\\\/#organization\"},\"potentialAction\":[{\"@type\":\"SearchAction\",\"target\":{\"@type\":\"EntryPoint\",\"urlTemplate\":\"https:\\\/\\\/aufildespierres.com\\\/?s={search_term_string}\"},\"query-input\":{\"@type\":\"PropertyValueSpecification\",\"valueRequired\":true,\"valueName\":\"search_term_string\"}}],\"inLanguage\":\"fr-FR\"},{\"@type\":\"Organization\",\"@id\":\"https:\\\/\\\/aufildespierres.com\\\/#organization\",\"name\":\"Au fil des pierres\",\"url\":\"https:\\\/\\\/aufildespierres.com\\\/\",\"logo\":{\"@type\":\"ImageObject\",\"inLanguage\":\"fr-FR\",\"@id\":\"https:\\\/\\\/aufildespierres.com\\\/#\\\/schema\\\/logo\\\/image\\\/\",\"url\":\"https:\\\/\\\/aufildespierres.com\\\/wp-content\\\/uploads\\\/2023\\\/05\\\/cropped-Logo-PNG-Transparent.png\",\"contentUrl\":\"https:\\\/\\\/aufildespierres.com\\\/wp-content\\\/uploads\\\/2023\\\/05\\\/cropped-Logo-PNG-Transparent.png\",\"width\":1776,\"height\":1625,\"caption\":\"Au fil des pierres\"},\"image\":{\"@id\":\"https:\\\/\\\/aufildespierres.com\\\/#\\\/schema\\\/logo\\\/image\\\/\"}}]}<\/script>\n<!-- \/ Yoast SEO plugin. -->","yoast_head_json":{"title":"Pierre roul\u00e9e \u0152il de tigre - Au fil des pierres","description":"Pierre roul\u00e9e \u0152il de Tigre : pierre de protection puissante, elle renforce confiance, courage et \u00e9quilibre \u00e9motionnel tout en apaisant le stress. Id\u00e9ale \u00e0 porter ou \u00e0 placer chez soi pour harmoniser l\u2019\u00e9nergie au quotidien.","robots":{"index":"index","follow":"follow","max-snippet":"max-snippet:-1","max-image-preview":"max-image-preview:large","max-video-preview":"max-video-preview:-1"},"canonical":"https:\/\/aufildespierres.com\/index.php\/product\/pierre-roulee-oeil-de-tigre\/","og_locale":"fr_FR","og_type":"article","og_title":"Pierre roul\u00e9e \u0152il de tigre - Au fil des pierres","og_description":"Pierre roul\u00e9e \u0152il de Tigre : pierre de protection puissante, elle renforce confiance, courage et \u00e9quilibre \u00e9motionnel tout en apaisant le stress. Id\u00e9ale \u00e0 porter ou \u00e0 placer chez soi pour harmoniser l\u2019\u00e9nergie au quotidien.","og_url":"https:\/\/aufildespierres.com\/index.php\/product\/pierre-roulee-oeil-de-tigre\/","og_site_name":"Au fil des pierres","og_image":[{"width":2296,"height":2344,"url":"https:\/\/aufildespierres.com\/wp-content\/uploads\/2025\/11\/20251118_135654.jpg","type":"image\/jpeg"}],"twitter_card":"summary_large_image","twitter_misc":{"Dur\u00e9e de lecture estim\u00e9e":"3 minutes"},"schema":{"@context":"https:\/\/schema.org","@graph":[{"@type":"WebPage","@id":"https:\/\/aufildespierres.com\/index.php\/product\/pierre-roulee-oeil-de-tigre\/","url":"https:\/\/aufildespierres.com\/index.php\/product\/pierre-roulee-oeil-de-tigre\/","name":"Pierre roul\u00e9e \u0152il de tigre - Au fil des pierres","isPartOf":{"@id":"https:\/\/aufildespierres.com\/#website"},"primaryImageOfPage":{"@id":"https:\/\/aufildespierres.com\/index.php\/product\/pierre-roulee-oeil-de-tigre\/#primaryimage"},"image":{"@id":"https:\/\/aufildespierres.com\/index.php\/product\/pierre-roulee-oeil-de-tigre\/#primaryimage"},"thumbnailUrl":"https:\/\/aufildespierres.com\/wp-content\/uploads\/2025\/11\/20251118_135654.jpg","datePublished":"2025-11-20T21:08:07+00:00","description":"Pierre roul\u00e9e \u0152il de Tigre : pierre de protection puissante, elle renforce confiance, courage et \u00e9quilibre \u00e9motionnel tout en apaisant le stress. Id\u00e9ale \u00e0 porter ou \u00e0 placer chez soi pour harmoniser l\u2019\u00e9nergie au quotidien.","breadcrumb":{"@id":"https:\/\/aufildespierres.com\/index.php\/product\/pierre-roulee-oeil-de-tigre\/#breadcrumb"},"inLanguage":"fr-FR","potentialAction":[{"@type":"ReadAction","target":["https:\/\/aufildespierres.com\/index.php\/product\/pierre-roulee-oeil-de-tigre\/"]}]},{"@type":"ImageObject","inLanguage":"fr-FR","@id":"https:\/\/aufildespierres.com\/index.php\/product\/pierre-roulee-oeil-de-tigre\/#primaryimage","url":"https:\/\/aufildespierres.com\/wp-content\/uploads\/2025\/11\/20251118_135654.jpg","contentUrl":"https:\/\/aufildespierres.com\/wp-content\/uploads\/2025\/11\/20251118_135654.jpg","width":2296,"height":2344},{"@type":"BreadcrumbList","@id":"https:\/\/aufildespierres.com\/index.php\/product\/pierre-roulee-oeil-de-tigre\/#breadcrumb","itemListElement":[{"@type":"ListItem","position":1,"name":"Accueil","item":"https:\/\/aufildespierres.com\/"},{"@type":"ListItem","position":2,"name":"Boutique de Lithoth\u00e9rapie","item":"https:\/\/aufildespierres.com\/index.php\/boutique-de-lithotherapie\/"},{"@type":"ListItem","position":3,"name":"Pierre roul\u00e9e \u0152il de tigre"}]},{"@type":"WebSite","@id":"https:\/\/aufildespierres.com\/#website","url":"https:\/\/aufildespierres.com\/","name":"Au fil des pierres","description":"Au fil des pierres","publisher":{"@id":"https:\/\/aufildespierres.com\/#organization"},"potentialAction":[{"@type":"SearchAction","target":{"@type":"EntryPoint","urlTemplate":"https:\/\/aufildespierres.com\/?s={search_term_string}"},"query-input":{"@type":"PropertyValueSpecification","valueRequired":true,"valueName":"search_term_string"}}],"inLanguage":"fr-FR"},{"@type":"Organization","@id":"https:\/\/aufildespierres.com\/#organization","name":"Au fil des pierres","url":"https:\/\/aufildespierres.com\/","logo":{"@type":"ImageObject","inLanguage":"fr-FR","@id":"https:\/\/aufildespierres.com\/#\/schema\/logo\/image\/","url":"https:\/\/aufildespierres.com\/wp-content\/uploads\/2023\/05\/cropped-Logo-PNG-Transparent.png","contentUrl":"https:\/\/aufildespierres.com\/wp-content\/uploads\/2023\/05\/cropped-Logo-PNG-Transparent.png","width":1776,"height":1625,"caption":"Au fil des pierres"},"image":{"@id":"https:\/\/aufildespierres.com\/#\/schema\/logo\/image\/"}}]}},"_links":{"self":[{"href":"https:\/\/aufildespierres.com\/index.php\/wp-json\/wp\/v2\/product\/4509","targetHints":{"allow":["GET"]}}],"collection":[{"href":"https:\/\/aufildespierres.com\/index.php\/wp-json\/wp\/v2\/product"}],"about":[{"href":"https:\/\/aufildespierres.com\/index.php\/wp-json\/wp\/v2\/types\/product"}],"replies":[{"embeddable":true,"href":"https:\/\/aufildespierres.com\/index.php\/wp-json\/wp\/v2\/comments?post=4509"}],"wp:featuredmedia":[{"embeddable":true,"href":"https:\/\/aufildespierres.com\/index.php\/wp-json\/wp\/v2\/media\/4511"}],"wp:attachment":[{"href":"https:\/\/aufildespierres.com\/index.php\/wp-json\/wp\/v2\/media?parent=4509"}],"wp:term":[{"taxonomy":"product_brand","embeddable":true,"href":"https:\/\/aufildespierres.com\/index.php\/wp-json\/wp\/v2\/product_brand?post=4509"},{"taxonomy":"product_cat","embeddable":true,"href":"https:\/\/aufildespierres.com\/index.php\/wp-json\/wp\/v2\/product_cat?post=4509"},{"taxonomy":"product_tag","embeddable":true,"href":"https:\/\/aufildespierres.com\/index.php\/wp-json\/wp\/v2\/product_tag?post=4509"}],"curies":[{"name":"wp","href":"https:\/\/api.w.org\/{rel}","templated":true}]}}