{"id":4566,"date":"2026-01-13T20:22:33","date_gmt":"2026-01-13T19:22:33","guid":{"rendered":"https:\/\/aufildespierres.com\/?post_type=product&#038;p=4566"},"modified":"2026-01-13T20:22:33","modified_gmt":"2026-01-13T19:22:33","slug":"tour-en-afghanite","status":"publish","type":"product","link":"https:\/\/aufildespierres.com\/index.php\/product\/tour-en-afghanite\/","title":{"rendered":"Tour en Afghanite"},"content":{"rendered":"<h2 data-start=\"270\" data-end=\"314\">Tour en Afghanite<\/h2>\n<p>555 grammes 20 x 4 x 3 cm<\/p>\n<h2 data-start=\"270\" data-end=\"314\">Tour de clart\u00e9 et d\u2019\u00e9l\u00e9vation<\/h2>\n<p data-start=\"316\" data-end=\"685\">D\u00e9couvrez cette <strong data-start=\"332\" data-end=\"353\">tour en Afghanite<\/strong>, une pierre naturelle <strong data-start=\"376\" data-end=\"384\">rare<\/strong> que je vous pr\u00e9sente ici dans un <strong data-start=\"418\" data-end=\"436\">grand sp\u00e9cimen<\/strong>. Peu connue, l\u2019Afghanite poss\u00e8de pourtant une vibration remarquable. Sa <strong data-start=\"509\" data-end=\"534\">teinte bleue profonde<\/strong>, parfois marbr\u00e9e de blanc ou de gris, invite imm\u00e9diatement au calme int\u00e9rieur. Ainsi, elle soutient l\u2019ouverture de la conscience et la clart\u00e9 mentale.<\/p>\n<h3 data-start=\"687\" data-end=\"713\">Origine de l\u2019Afghanite<\/h3>\n<p data-start=\"714\" data-end=\"1172\">Comme son nom l\u2019indique, l\u2019Afghanite a \u00e9t\u00e9 d\u00e9couverte en <strong data-start=\"771\" data-end=\"786\">Afghanistan<\/strong>. Elle provient de zones montagneuses riches en min\u00e9raux rares. Elle se forme dans des conditions g\u00e9ologiques sp\u00e9cifiques. On la trouve souvent pr\u00e8s de la <strong data-start=\"941\" data-end=\"953\">lazurite<\/strong> ou de la <strong data-start=\"963\" data-end=\"975\">sodalite<\/strong>. Par cons\u00e9quent, elle r\u00e9sonne fortement avec les \u00e9nergies du mental et de la spiritualit\u00e9. De plus, sa raret\u00e9 la rend tr\u00e8s recherch\u00e9e. Elle s\u00e9duit autant par sa beaut\u00e9 que par son \u00e9nergie subtile.<\/p>\n<h3 data-start=\"1174\" data-end=\"1219\">Bienfaits de l\u2019Afghanite en lithoth\u00e9rapie<\/h3>\n<p data-start=\"1220\" data-end=\"1434\">L\u2019Afghanite agit principalement sur le <strong data-start=\"1259\" data-end=\"1286\">chakra du troisi\u00e8me \u0153il<\/strong> et le <strong data-start=\"1293\" data-end=\"1315\">chakra de la gorge<\/strong>. Elle favorise donc l\u2019intuition et l\u2019expression juste. Elle aide aussi \u00e0 aligner ce que l\u2019on pense et ce que l\u2019on dit.<\/p>\n<p data-start=\"1436\" data-end=\"1477\">On lui attribue notamment ces bienfaits :<\/p>\n<ul data-start=\"1478\" data-end=\"1766\">\n<li data-start=\"1478\" data-end=\"1544\">\n<p data-start=\"1480\" data-end=\"1544\">stimule la <strong data-start=\"1491\" data-end=\"1509\">clart\u00e9 mentale<\/strong> et la compr\u00e9hension int\u00e9rieure ;<\/p>\n<\/li>\n<li data-start=\"1545\" data-end=\"1595\">\n<p data-start=\"1547\" data-end=\"1595\">structure les pens\u00e9es et r\u00e9duit la confusion ;<\/p>\n<\/li>\n<li data-start=\"1596\" data-end=\"1644\">\n<p data-start=\"1598\" data-end=\"1644\">soutient une <strong data-start=\"1611\" data-end=\"1640\">communication authentique<\/strong> ;<\/p>\n<\/li>\n<li data-start=\"1645\" data-end=\"1711\">\n<p data-start=\"1647\" data-end=\"1711\">renforce l\u2019intuition, le discernement et l\u2019\u00e9coute int\u00e9rieure ;<\/p>\n<\/li>\n<li data-start=\"1712\" data-end=\"1766\">\n<p data-start=\"1714\" data-end=\"1766\">encourage la m\u00e9ditation et le recentrage \u00e9motionnel.<\/p>\n<\/li>\n<\/ul>\n<p data-start=\"1768\" data-end=\"1927\">Ainsi, cette pierre convient parfaitement aux personnes qui souhaitent mieux comprendre leurs ressentis. Elle aide \u00e9galement \u00e0 exprimer sa v\u00e9rit\u00e9 avec douceur.<\/p>\n<h3 data-start=\"1929\" data-end=\"1973\">Pourquoi choisir une tour en Afghanite ?<\/h3>\n<p data-start=\"1974\" data-end=\"2349\">La forme <strong data-start=\"1983\" data-end=\"1991\">tour<\/strong> (ou pointe) amplifie le travail \u00e9nerg\u00e9tique. En effet, elle canalise l\u2019\u00e9nergie vers le haut. Elle favorise donc l\u2019\u00e9l\u00e9vation vibratoire. De plus, elle structure les \u00e9nergies dans un lieu. Plac\u00e9e dans une pi\u00e8ce, elle diffuse une \u00e9nergie stable et harmonieuse. Utilis\u00e9e en m\u00e9ditation, elle soutient la concentration. Elle renforce aussi l\u2019alignement int\u00e9rieur.<\/p>\n<p data-start=\"2351\" data-end=\"2560\">En r\u00e9sum\u00e9, la <strong data-start=\"2365\" data-end=\"2385\">tour d\u2019Afghanite<\/strong> accompagne celles et ceux qui recherchent <strong data-start=\"2428\" data-end=\"2463\">lucidit\u00e9, pr\u00e9sence et coh\u00e9rence<\/strong>. Elle invite \u00e0 avancer avec plus de clart\u00e9. Et elle guide, pas \u00e0 pas, vers un esprit plus calme.<\/p>\n<hr data-start=\"2562\" data-end=\"2565\" \/>\n<p data-start=\"2567\" data-end=\"2708\" data-is-last-node=\"\" data-is-only-node=\"\">Si tu veux, je peux aussi te proposer :<\/p>\n","protected":false},"excerpt":{"rendered":"<p>Tour en Afghanite 555 grammes 20 x 4 x 3 cm Tour de clart\u00e9 et d\u2019\u00e9l\u00e9vation D\u00e9couvrez cette tour en Afghanite, une pierre naturelle rare que je vous pr\u00e9sente ici dans un grand sp\u00e9cimen. Peu connue, l\u2019Afghanite poss\u00e8de pourtant une vibration remarquable. Sa teinte bleue profonde, parfois marbr\u00e9e de blanc ou de gris, invite imm\u00e9diatement [&hellip;]<\/p>\n","protected":false},"featured_media":4568,"comment_status":"open","ping_status":"closed","template":"","meta":{"site-sidebar-layout":"default","site-content-layout":"","ast-site-content-layout":"default","site-content-style":"default","site-sidebar-style":"default","ast-global-header-display":"","ast-banner-title-visibility":"","ast-main-header-display":"","ast-hfb-above-header-display":"","ast-hfb-below-header-display":"","ast-hfb-mobile-header-display":"","site-post-title":"","ast-breadcrumbs-content":"","ast-featured-img":"","footer-sml-layout":"","ast-disable-related-posts":"","theme-transparent-header-meta":"default","adv-header-id-meta":"","stick-header-meta":"","header-above-stick-meta":"","header-main-stick-meta":"","header-below-stick-meta":"","astra-migrate-meta-layouts":"set","ast-page-background-enabled":"default","ast-page-background-meta":{"desktop":{"background-color":"var(--ast-global-color-4)","background-image":"","background-repeat":"repeat","background-position":"center center","background-size":"auto","background-attachment":"scroll","background-type":"","background-media":"","overlay-type":"","overlay-color":"","overlay-opacity":"","overlay-gradient":""},"tablet":{"background-color":"","background-image":"","background-repeat":"repeat","background-position":"center center","background-size":"auto","background-attachment":"scroll","background-type":"","background-media":"","overlay-type":"","overlay-color":"","overlay-opacity":"","overlay-gradient":""},"mobile":{"background-color":"","background-image":"","background-repeat":"repeat","background-position":"center center","background-size":"auto","background-attachment":"scroll","background-type":"","background-media":"","overlay-type":"","overlay-color":"","overlay-opacity":"","overlay-gradient":""}},"ast-content-background-meta":{"desktop":{"background-color":"var(--ast-global-color-5)","background-image":"","background-repeat":"repeat","background-position":"center center","background-size":"auto","background-attachment":"scroll","background-type":"","background-media":"","overlay-type":"","overlay-color":"","overlay-opacity":"","overlay-gradient":""},"tablet":{"background-color":"var(--ast-global-color-5)","background-image":"","background-repeat":"repeat","background-position":"center center","background-size":"auto","background-attachment":"scroll","background-type":"","background-media":"","overlay-type":"","overlay-color":"","overlay-opacity":"","overlay-gradient":""},"mobile":{"background-color":"var(--ast-global-color-5)","background-image":"","background-repeat":"repeat","background-position":"center center","background-size":"auto","background-attachment":"scroll","background-type":"","background-media":"","overlay-type":"","overlay-color":"","overlay-opacity":"","overlay-gradient":""}},"_glsr_average":0,"_glsr_ranking":0,"_glsr_reviews":0},"product_brand":[],"product_cat":[306,72,71,272,32,199],"product_tag":[],"class_list":{"0":"post-4566","1":"product","2":"type-product","3":"status-publish","4":"has-post-thumbnail","6":"product_cat-afghanite","7":"product_cat-bleu","8":"product_cat-communication","9":"product_cat-equilibre-emotionnel","10":"product_cat-pierres-polies","11":"product_cat-pointes","12":"desktop-align-left","13":"tablet-align-left","14":"mobile-align-left","16":"first","17":"instock","18":"taxable","19":"shipping-taxable","20":"purchasable","21":"product-type-simple"},"yoast_head":"<!-- This site is optimized with the Yoast SEO plugin v27.5 - https:\/\/yoast.com\/product\/yoast-seo-wordpress\/ -->\n<title>Tour en Afghanite - Au fil des pierres<\/title>\n<meta name=\"description\" content=\"Tour en Afghanite, pierre de sagesse et de conscience. Favorise m\u00e9ditation, intuition et connexion spirituelle tout en apaisant le mental.\" \/>\n<meta name=\"robots\" content=\"index, follow, max-snippet:-1, max-image-preview:large, max-video-preview:-1\" \/>\n<link rel=\"canonical\" href=\"https:\/\/aufildespierres.com\/index.php\/product\/tour-en-afghanite\/\" \/>\n<meta property=\"og:locale\" content=\"fr_FR\" \/>\n<meta property=\"og:type\" content=\"article\" \/>\n<meta property=\"og:title\" content=\"Tour en Afghanite - Au fil des pierres\" \/>\n<meta property=\"og:description\" content=\"Tour en Afghanite, pierre de sagesse et de conscience. Favorise m\u00e9ditation, intuition et connexion spirituelle tout en apaisant le mental.\" \/>\n<meta property=\"og:url\" content=\"https:\/\/aufildespierres.com\/index.php\/product\/tour-en-afghanite\/\" \/>\n<meta property=\"og:site_name\" content=\"Au fil des pierres\" \/>\n<meta property=\"og:image\" content=\"https:\/\/aufildespierres.com\/wp-content\/uploads\/2026\/01\/20260109_183347-scaled.jpg\" \/>\n\t<meta property=\"og:image:width\" content=\"1436\" \/>\n\t<meta property=\"og:image:height\" content=\"2560\" \/>\n\t<meta property=\"og:image:type\" content=\"image\/jpeg\" \/>\n<meta name=\"twitter:card\" content=\"summary_large_image\" \/>\n<meta name=\"twitter:label1\" content=\"Dur\u00e9e de lecture estim\u00e9e\" \/>\n\t<meta name=\"twitter:data1\" content=\"2 minutes\" \/>\n<script type=\"application\/ld+json\" class=\"yoast-schema-graph\">{\"@context\":\"https:\\\/\\\/schema.org\",\"@graph\":[{\"@type\":\"WebPage\",\"@id\":\"https:\\\/\\\/aufildespierres.com\\\/index.php\\\/product\\\/tour-en-afghanite\\\/\",\"url\":\"https:\\\/\\\/aufildespierres.com\\\/index.php\\\/product\\\/tour-en-afghanite\\\/\",\"name\":\"Tour en Afghanite - Au fil des pierres\",\"isPartOf\":{\"@id\":\"https:\\\/\\\/aufildespierres.com\\\/#website\"},\"primaryImageOfPage\":{\"@id\":\"https:\\\/\\\/aufildespierres.com\\\/index.php\\\/product\\\/tour-en-afghanite\\\/#primaryimage\"},\"image\":{\"@id\":\"https:\\\/\\\/aufildespierres.com\\\/index.php\\\/product\\\/tour-en-afghanite\\\/#primaryimage\"},\"thumbnailUrl\":\"https:\\\/\\\/aufildespierres.com\\\/wp-content\\\/uploads\\\/2026\\\/01\\\/20260109_183347-scaled.jpg\",\"datePublished\":\"2026-01-13T19:22:33+00:00\",\"description\":\"Tour en Afghanite, pierre de sagesse et de conscience. Favorise m\u00e9ditation, intuition et connexion spirituelle tout en apaisant le mental.\",\"breadcrumb\":{\"@id\":\"https:\\\/\\\/aufildespierres.com\\\/index.php\\\/product\\\/tour-en-afghanite\\\/#breadcrumb\"},\"inLanguage\":\"fr-FR\",\"potentialAction\":[{\"@type\":\"ReadAction\",\"target\":[\"https:\\\/\\\/aufildespierres.com\\\/index.php\\\/product\\\/tour-en-afghanite\\\/\"]}]},{\"@type\":\"ImageObject\",\"inLanguage\":\"fr-FR\",\"@id\":\"https:\\\/\\\/aufildespierres.com\\\/index.php\\\/product\\\/tour-en-afghanite\\\/#primaryimage\",\"url\":\"https:\\\/\\\/aufildespierres.com\\\/wp-content\\\/uploads\\\/2026\\\/01\\\/20260109_183347-scaled.jpg\",\"contentUrl\":\"https:\\\/\\\/aufildespierres.com\\\/wp-content\\\/uploads\\\/2026\\\/01\\\/20260109_183347-scaled.jpg\",\"width\":1436,\"height\":2560,\"caption\":\"Tour en Afghanite\"},{\"@type\":\"BreadcrumbList\",\"@id\":\"https:\\\/\\\/aufildespierres.com\\\/index.php\\\/product\\\/tour-en-afghanite\\\/#breadcrumb\",\"itemListElement\":[{\"@type\":\"ListItem\",\"position\":1,\"name\":\"Accueil\",\"item\":\"https:\\\/\\\/aufildespierres.com\\\/\"},{\"@type\":\"ListItem\",\"position\":2,\"name\":\"Boutique de Lithoth\u00e9rapie\",\"item\":\"https:\\\/\\\/aufildespierres.com\\\/index.php\\\/boutique-de-lithotherapie\\\/\"},{\"@type\":\"ListItem\",\"position\":3,\"name\":\"Tour en Afghanite\"}]},{\"@type\":\"WebSite\",\"@id\":\"https:\\\/\\\/aufildespierres.com\\\/#website\",\"url\":\"https:\\\/\\\/aufildespierres.com\\\/\",\"name\":\"Au fil des pierres\",\"description\":\"Au fil des pierres\",\"publisher\":{\"@id\":\"https:\\\/\\\/aufildespierres.com\\\/#organization\"},\"potentialAction\":[{\"@type\":\"SearchAction\",\"target\":{\"@type\":\"EntryPoint\",\"urlTemplate\":\"https:\\\/\\\/aufildespierres.com\\\/?s={search_term_string}\"},\"query-input\":{\"@type\":\"PropertyValueSpecification\",\"valueRequired\":true,\"valueName\":\"search_term_string\"}}],\"inLanguage\":\"fr-FR\"},{\"@type\":\"Organization\",\"@id\":\"https:\\\/\\\/aufildespierres.com\\\/#organization\",\"name\":\"Au fil des pierres\",\"url\":\"https:\\\/\\\/aufildespierres.com\\\/\",\"logo\":{\"@type\":\"ImageObject\",\"inLanguage\":\"fr-FR\",\"@id\":\"https:\\\/\\\/aufildespierres.com\\\/#\\\/schema\\\/logo\\\/image\\\/\",\"url\":\"https:\\\/\\\/aufildespierres.com\\\/wp-content\\\/uploads\\\/2023\\\/05\\\/cropped-Logo-PNG-Transparent.png\",\"contentUrl\":\"https:\\\/\\\/aufildespierres.com\\\/wp-content\\\/uploads\\\/2023\\\/05\\\/cropped-Logo-PNG-Transparent.png\",\"width\":1776,\"height\":1625,\"caption\":\"Au fil des pierres\"},\"image\":{\"@id\":\"https:\\\/\\\/aufildespierres.com\\\/#\\\/schema\\\/logo\\\/image\\\/\"}}]}<\/script>\n<!-- \/ Yoast SEO plugin. -->","yoast_head_json":{"title":"Tour en Afghanite - Au fil des pierres","description":"Tour en Afghanite, pierre de sagesse et de conscience. Favorise m\u00e9ditation, intuition et connexion spirituelle tout en apaisant le mental.","robots":{"index":"index","follow":"follow","max-snippet":"max-snippet:-1","max-image-preview":"max-image-preview:large","max-video-preview":"max-video-preview:-1"},"canonical":"https:\/\/aufildespierres.com\/index.php\/product\/tour-en-afghanite\/","og_locale":"fr_FR","og_type":"article","og_title":"Tour en Afghanite - Au fil des pierres","og_description":"Tour en Afghanite, pierre de sagesse et de conscience. Favorise m\u00e9ditation, intuition et connexion spirituelle tout en apaisant le mental.","og_url":"https:\/\/aufildespierres.com\/index.php\/product\/tour-en-afghanite\/","og_site_name":"Au fil des pierres","og_image":[{"width":1436,"height":2560,"url":"https:\/\/aufildespierres.com\/wp-content\/uploads\/2026\/01\/20260109_183347-scaled.jpg","type":"image\/jpeg"}],"twitter_card":"summary_large_image","twitter_misc":{"Dur\u00e9e de lecture estim\u00e9e":"2 minutes"},"schema":{"@context":"https:\/\/schema.org","@graph":[{"@type":"WebPage","@id":"https:\/\/aufildespierres.com\/index.php\/product\/tour-en-afghanite\/","url":"https:\/\/aufildespierres.com\/index.php\/product\/tour-en-afghanite\/","name":"Tour en Afghanite - Au fil des pierres","isPartOf":{"@id":"https:\/\/aufildespierres.com\/#website"},"primaryImageOfPage":{"@id":"https:\/\/aufildespierres.com\/index.php\/product\/tour-en-afghanite\/#primaryimage"},"image":{"@id":"https:\/\/aufildespierres.com\/index.php\/product\/tour-en-afghanite\/#primaryimage"},"thumbnailUrl":"https:\/\/aufildespierres.com\/wp-content\/uploads\/2026\/01\/20260109_183347-scaled.jpg","datePublished":"2026-01-13T19:22:33+00:00","description":"Tour en Afghanite, pierre de sagesse et de conscience. Favorise m\u00e9ditation, intuition et connexion spirituelle tout en apaisant le mental.","breadcrumb":{"@id":"https:\/\/aufildespierres.com\/index.php\/product\/tour-en-afghanite\/#breadcrumb"},"inLanguage":"fr-FR","potentialAction":[{"@type":"ReadAction","target":["https:\/\/aufildespierres.com\/index.php\/product\/tour-en-afghanite\/"]}]},{"@type":"ImageObject","inLanguage":"fr-FR","@id":"https:\/\/aufildespierres.com\/index.php\/product\/tour-en-afghanite\/#primaryimage","url":"https:\/\/aufildespierres.com\/wp-content\/uploads\/2026\/01\/20260109_183347-scaled.jpg","contentUrl":"https:\/\/aufildespierres.com\/wp-content\/uploads\/2026\/01\/20260109_183347-scaled.jpg","width":1436,"height":2560,"caption":"Tour en Afghanite"},{"@type":"BreadcrumbList","@id":"https:\/\/aufildespierres.com\/index.php\/product\/tour-en-afghanite\/#breadcrumb","itemListElement":[{"@type":"ListItem","position":1,"name":"Accueil","item":"https:\/\/aufildespierres.com\/"},{"@type":"ListItem","position":2,"name":"Boutique de Lithoth\u00e9rapie","item":"https:\/\/aufildespierres.com\/index.php\/boutique-de-lithotherapie\/"},{"@type":"ListItem","position":3,"name":"Tour en Afghanite"}]},{"@type":"WebSite","@id":"https:\/\/aufildespierres.com\/#website","url":"https:\/\/aufildespierres.com\/","name":"Au fil des pierres","description":"Au fil des pierres","publisher":{"@id":"https:\/\/aufildespierres.com\/#organization"},"potentialAction":[{"@type":"SearchAction","target":{"@type":"EntryPoint","urlTemplate":"https:\/\/aufildespierres.com\/?s={search_term_string}"},"query-input":{"@type":"PropertyValueSpecification","valueRequired":true,"valueName":"search_term_string"}}],"inLanguage":"fr-FR"},{"@type":"Organization","@id":"https:\/\/aufildespierres.com\/#organization","name":"Au fil des pierres","url":"https:\/\/aufildespierres.com\/","logo":{"@type":"ImageObject","inLanguage":"fr-FR","@id":"https:\/\/aufildespierres.com\/#\/schema\/logo\/image\/","url":"https:\/\/aufildespierres.com\/wp-content\/uploads\/2023\/05\/cropped-Logo-PNG-Transparent.png","contentUrl":"https:\/\/aufildespierres.com\/wp-content\/uploads\/2023\/05\/cropped-Logo-PNG-Transparent.png","width":1776,"height":1625,"caption":"Au fil des pierres"},"image":{"@id":"https:\/\/aufildespierres.com\/#\/schema\/logo\/image\/"}}]}},"_links":{"self":[{"href":"https:\/\/aufildespierres.com\/index.php\/wp-json\/wp\/v2\/product\/4566","targetHints":{"allow":["GET"]}}],"collection":[{"href":"https:\/\/aufildespierres.com\/index.php\/wp-json\/wp\/v2\/product"}],"about":[{"href":"https:\/\/aufildespierres.com\/index.php\/wp-json\/wp\/v2\/types\/product"}],"replies":[{"embeddable":true,"href":"https:\/\/aufildespierres.com\/index.php\/wp-json\/wp\/v2\/comments?post=4566"}],"wp:featuredmedia":[{"embeddable":true,"href":"https:\/\/aufildespierres.com\/index.php\/wp-json\/wp\/v2\/media\/4568"}],"wp:attachment":[{"href":"https:\/\/aufildespierres.com\/index.php\/wp-json\/wp\/v2\/media?parent=4566"}],"wp:term":[{"taxonomy":"product_brand","embeddable":true,"href":"https:\/\/aufildespierres.com\/index.php\/wp-json\/wp\/v2\/product_brand?post=4566"},{"taxonomy":"product_cat","embeddable":true,"href":"https:\/\/aufildespierres.com\/index.php\/wp-json\/wp\/v2\/product_cat?post=4566"},{"taxonomy":"product_tag","embeddable":true,"href":"https:\/\/aufildespierres.com\/index.php\/wp-json\/wp\/v2\/product_tag?post=4566"}],"curies":[{"name":"wp","href":"https:\/\/api.w.org\/{rel}","templated":true}]}}