{"id":4569,"date":"2026-01-13T23:37:57","date_gmt":"2026-01-13T22:37:57","guid":{"rendered":"https:\/\/aufildespierres.com\/?post_type=product&#038;p=4569"},"modified":"2026-01-13T23:41:37","modified_gmt":"2026-01-13T22:41:37","slug":"bloc-de-calcite-optique-brute","status":"publish","type":"product","link":"https:\/\/aufildespierres.com\/index.php\/product\/bloc-de-calcite-optique-brute\/","title":{"rendered":"Calcite Optique brute"},"content":{"rendered":"<h3 data-start=\"178\" data-end=\"254\">\u00a0Calcite Optique brute<\/h3>\n<h3 data-start=\"178\" data-end=\"254\">\u2013 Pierre naturelle de clart\u00e9 et de lumi\u00e8re<\/h3>\n<p>130 grammes 6,5 x 3 x2,5 cm<\/p>\n<p data-start=\"256\" data-end=\"545\">D\u00e9couvrez ce bloc de <strong data-start=\"269\" data-end=\"302\">\u00a0Calcite Optique brute<\/strong>, une pierre naturelle fascinante, aussi appel\u00e9e <strong data-start=\"351\" data-end=\"370\">calcite optique<\/strong> ou <strong data-start=\"374\" data-end=\"392\">spat d\u2019Islande<\/strong>. Gr\u00e2ce \u00e0 son aspect translucide, elle capte la lumi\u00e8re avec douceur. Ainsi, elle attire autant les amateurs de min\u00e9raux que les passionn\u00e9s de bien-\u00eatre.<\/p>\n<p data-start=\"256\" data-end=\"545\">Elle tient son nom de sa capacit\u00e9 \u00e0 d\u00e9doubler les images.<\/p>\n<p data-start=\"547\" data-end=\"840\">La calcite optique est appr\u00e9ci\u00e9e pour sa <strong data-start=\"588\" data-end=\"607\">puret\u00e9 visuelle<\/strong>. En effet, ses reflets clairs \u00e9voquent la transparence et l\u2019apaisement. De plus, sa pr\u00e9sence dans un int\u00e9rieur cr\u00e9e une ambiance lumineuse et harmonieuse. Elle trouve facilement sa place sur un autel, un bureau ou une table de nuit.<\/p>\n<p data-start=\"842\" data-end=\"1183\">En lithoth\u00e9rapie, la <strong data-start=\"863\" data-end=\"888\">calcite optique brute<\/strong> est associ\u00e9e \u00e0 la clart\u00e9 mentale. Elle encourage une meilleure compr\u00e9hension de soi. Par cons\u00e9quent, elle peut accompagner les p\u00e9riodes de doute ou de surcharge mentale. Elle aide aussi \u00e0 mettre de l\u2019ordre dans les pens\u00e9es. Autrement dit, elle soutient la concentration et la prise de d\u00e9cision.<\/p>\n<p data-start=\"842\" data-end=\"1183\">Physiquement elle renforce muscles et ligaments, apaise le syst\u00e8me nerveux et am\u00e9liore la dext\u00e9rit\u00e9.<\/p>\n<p data-start=\"1467\" data-end=\"1778\">Chaque bloc est <strong data-start=\"1483\" data-end=\"1501\">brut et unique<\/strong>. Donc, des variations de forme, de teinte ou d\u2019inclusions sont normales. C\u2019est d\u2019ailleurs ce qui fait tout son charme. Enfin, pour pr\u00e9server son \u00e9nergie, pensez \u00e0 la purifier r\u00e9guli\u00e8rement. Vous pouvez utiliser la fumigation ou le son. Puis, rechargez l\u00e0 \u00e0 la lumi\u00e8re lunaire.<\/p>\n","protected":false},"excerpt":{"rendered":"<p>\u00a0Calcite Optique brute \u2013 Pierre naturelle de clart\u00e9 et de lumi\u00e8re 130 grammes 6,5 x 3 x2,5 cm D\u00e9couvrez ce bloc de \u00a0Calcite Optique brute, une pierre naturelle fascinante, aussi appel\u00e9e calcite optique ou spat d\u2019Islande. Gr\u00e2ce \u00e0 son aspect translucide, elle capte la lumi\u00e8re avec douceur. Ainsi, elle attire autant les amateurs de min\u00e9raux [&hellip;]<\/p>\n","protected":false},"featured_media":4571,"comment_status":"open","ping_status":"closed","template":"","meta":{"site-sidebar-layout":"default","site-content-layout":"","ast-site-content-layout":"default","site-content-style":"default","site-sidebar-style":"default","ast-global-header-display":"","ast-banner-title-visibility":"","ast-main-header-display":"","ast-hfb-above-header-display":"","ast-hfb-below-header-display":"","ast-hfb-mobile-header-display":"","site-post-title":"","ast-breadcrumbs-content":"","ast-featured-img":"","footer-sml-layout":"","ast-disable-related-posts":"","theme-transparent-header-meta":"default","adv-header-id-meta":"","stick-header-meta":"","header-above-stick-meta":"","header-main-stick-meta":"","header-below-stick-meta":"","astra-migrate-meta-layouts":"set","ast-page-background-enabled":"default","ast-page-background-meta":{"desktop":{"background-color":"var(--ast-global-color-4)","background-image":"","background-repeat":"repeat","background-position":"center center","background-size":"auto","background-attachment":"scroll","background-type":"","background-media":"","overlay-type":"","overlay-color":"","overlay-opacity":"","overlay-gradient":""},"tablet":{"background-color":"","background-image":"","background-repeat":"repeat","background-position":"center center","background-size":"auto","background-attachment":"scroll","background-type":"","background-media":"","overlay-type":"","overlay-color":"","overlay-opacity":"","overlay-gradient":""},"mobile":{"background-color":"","background-image":"","background-repeat":"repeat","background-position":"center center","background-size":"auto","background-attachment":"scroll","background-type":"","background-media":"","overlay-type":"","overlay-color":"","overlay-opacity":"","overlay-gradient":""}},"ast-content-background-meta":{"desktop":{"background-color":"var(--ast-global-color-5)","background-image":"","background-repeat":"repeat","background-position":"center center","background-size":"auto","background-attachment":"scroll","background-type":"","background-media":"","overlay-type":"","overlay-color":"","overlay-opacity":"","overlay-gradient":""},"tablet":{"background-color":"var(--ast-global-color-5)","background-image":"","background-repeat":"repeat","background-position":"center center","background-size":"auto","background-attachment":"scroll","background-type":"","background-media":"","overlay-type":"","overlay-color":"","overlay-opacity":"","overlay-gradient":""},"mobile":{"background-color":"var(--ast-global-color-5)","background-image":"","background-repeat":"repeat","background-position":"center center","background-size":"auto","background-attachment":"scroll","background-type":"","background-media":"","overlay-type":"","overlay-color":"","overlay-opacity":"","overlay-gradient":""}},"_glsr_average":0,"_glsr_ranking":0,"_glsr_reviews":0},"product_brand":[],"product_cat":[67,307,31],"product_tag":[],"class_list":{"0":"post-4569","1":"product","2":"type-product","3":"status-publish","4":"has-post-thumbnail","6":"product_cat-blanc","7":"product_cat-calcite-optique","8":"product_cat-pierres-brutes","9":"desktop-align-left","10":"tablet-align-left","11":"mobile-align-left","13":"first","14":"instock","15":"purchasable","16":"product-type-simple"},"yoast_head":"<!-- This site is optimized with the Yoast SEO plugin v27.5 - https:\/\/yoast.com\/product\/yoast-seo-wordpress\/ -->\n<title>Calcite Optique brute - Au fil des pierres<\/title>\n<meta name=\"description\" content=\"Bloc de calcite optique brute, pierre naturelle translucide. Parfait pour purifier l\u2019esprit, apaiser l\u2019\u00e9nergie et illuminer votre int\u00e9rieur.\" \/>\n<meta name=\"robots\" content=\"index, follow, max-snippet:-1, max-image-preview:large, max-video-preview:-1\" \/>\n<link rel=\"canonical\" href=\"https:\/\/aufildespierres.com\/index.php\/product\/bloc-de-calcite-optique-brute\/\" \/>\n<meta property=\"og:locale\" content=\"fr_FR\" \/>\n<meta property=\"og:type\" content=\"article\" \/>\n<meta property=\"og:title\" content=\"Calcite Optique brute - Au fil des pierres\" \/>\n<meta property=\"og:description\" content=\"Bloc de calcite optique brute, pierre naturelle translucide. Parfait pour purifier l\u2019esprit, apaiser l\u2019\u00e9nergie et illuminer votre int\u00e9rieur.\" \/>\n<meta property=\"og:url\" content=\"https:\/\/aufildespierres.com\/index.php\/product\/bloc-de-calcite-optique-brute\/\" \/>\n<meta property=\"og:site_name\" content=\"Au fil des pierres\" \/>\n<meta property=\"article:modified_time\" content=\"2026-01-13T22:41:37+00:00\" \/>\n<meta property=\"og:image\" content=\"https:\/\/aufildespierres.com\/wp-content\/uploads\/2026\/01\/20260109_182932.jpg\" \/>\n\t<meta property=\"og:image:width\" content=\"1931\" \/>\n\t<meta property=\"og:image:height\" content=\"1783\" \/>\n\t<meta property=\"og:image:type\" content=\"image\/jpeg\" \/>\n<meta name=\"twitter:card\" content=\"summary_large_image\" \/>\n<meta name=\"twitter:label1\" content=\"Dur\u00e9e de lecture estim\u00e9e\" \/>\n\t<meta name=\"twitter:data1\" content=\"2 minutes\" \/>\n<script type=\"application\/ld+json\" class=\"yoast-schema-graph\">{\"@context\":\"https:\\\/\\\/schema.org\",\"@graph\":[{\"@type\":\"WebPage\",\"@id\":\"https:\\\/\\\/aufildespierres.com\\\/index.php\\\/product\\\/bloc-de-calcite-optique-brute\\\/\",\"url\":\"https:\\\/\\\/aufildespierres.com\\\/index.php\\\/product\\\/bloc-de-calcite-optique-brute\\\/\",\"name\":\"Calcite Optique brute - Au fil des pierres\",\"isPartOf\":{\"@id\":\"https:\\\/\\\/aufildespierres.com\\\/#website\"},\"primaryImageOfPage\":{\"@id\":\"https:\\\/\\\/aufildespierres.com\\\/index.php\\\/product\\\/bloc-de-calcite-optique-brute\\\/#primaryimage\"},\"image\":{\"@id\":\"https:\\\/\\\/aufildespierres.com\\\/index.php\\\/product\\\/bloc-de-calcite-optique-brute\\\/#primaryimage\"},\"thumbnailUrl\":\"https:\\\/\\\/aufildespierres.com\\\/wp-content\\\/uploads\\\/2026\\\/01\\\/20260109_182932.jpg\",\"datePublished\":\"2026-01-13T22:37:57+00:00\",\"dateModified\":\"2026-01-13T22:41:37+00:00\",\"description\":\"Bloc de calcite optique brute, pierre naturelle translucide. Parfait pour purifier l\u2019esprit, apaiser l\u2019\u00e9nergie et illuminer votre int\u00e9rieur.\",\"breadcrumb\":{\"@id\":\"https:\\\/\\\/aufildespierres.com\\\/index.php\\\/product\\\/bloc-de-calcite-optique-brute\\\/#breadcrumb\"},\"inLanguage\":\"fr-FR\",\"potentialAction\":[{\"@type\":\"ReadAction\",\"target\":[\"https:\\\/\\\/aufildespierres.com\\\/index.php\\\/product\\\/bloc-de-calcite-optique-brute\\\/\"]}]},{\"@type\":\"ImageObject\",\"inLanguage\":\"fr-FR\",\"@id\":\"https:\\\/\\\/aufildespierres.com\\\/index.php\\\/product\\\/bloc-de-calcite-optique-brute\\\/#primaryimage\",\"url\":\"https:\\\/\\\/aufildespierres.com\\\/wp-content\\\/uploads\\\/2026\\\/01\\\/20260109_182932.jpg\",\"contentUrl\":\"https:\\\/\\\/aufildespierres.com\\\/wp-content\\\/uploads\\\/2026\\\/01\\\/20260109_182932.jpg\",\"width\":1931,\"height\":1783,\"caption\":\"Calcite optique brute\"},{\"@type\":\"BreadcrumbList\",\"@id\":\"https:\\\/\\\/aufildespierres.com\\\/index.php\\\/product\\\/bloc-de-calcite-optique-brute\\\/#breadcrumb\",\"itemListElement\":[{\"@type\":\"ListItem\",\"position\":1,\"name\":\"Accueil\",\"item\":\"https:\\\/\\\/aufildespierres.com\\\/\"},{\"@type\":\"ListItem\",\"position\":2,\"name\":\"Boutique de Lithoth\u00e9rapie\",\"item\":\"https:\\\/\\\/aufildespierres.com\\\/index.php\\\/boutique-de-lithotherapie\\\/\"},{\"@type\":\"ListItem\",\"position\":3,\"name\":\"Calcite Optique brute\"}]},{\"@type\":\"WebSite\",\"@id\":\"https:\\\/\\\/aufildespierres.com\\\/#website\",\"url\":\"https:\\\/\\\/aufildespierres.com\\\/\",\"name\":\"Au fil des pierres\",\"description\":\"Au fil des pierres\",\"publisher\":{\"@id\":\"https:\\\/\\\/aufildespierres.com\\\/#organization\"},\"potentialAction\":[{\"@type\":\"SearchAction\",\"target\":{\"@type\":\"EntryPoint\",\"urlTemplate\":\"https:\\\/\\\/aufildespierres.com\\\/?s={search_term_string}\"},\"query-input\":{\"@type\":\"PropertyValueSpecification\",\"valueRequired\":true,\"valueName\":\"search_term_string\"}}],\"inLanguage\":\"fr-FR\"},{\"@type\":\"Organization\",\"@id\":\"https:\\\/\\\/aufildespierres.com\\\/#organization\",\"name\":\"Au fil des pierres\",\"url\":\"https:\\\/\\\/aufildespierres.com\\\/\",\"logo\":{\"@type\":\"ImageObject\",\"inLanguage\":\"fr-FR\",\"@id\":\"https:\\\/\\\/aufildespierres.com\\\/#\\\/schema\\\/logo\\\/image\\\/\",\"url\":\"https:\\\/\\\/aufildespierres.com\\\/wp-content\\\/uploads\\\/2023\\\/05\\\/cropped-Logo-PNG-Transparent.png\",\"contentUrl\":\"https:\\\/\\\/aufildespierres.com\\\/wp-content\\\/uploads\\\/2023\\\/05\\\/cropped-Logo-PNG-Transparent.png\",\"width\":1776,\"height\":1625,\"caption\":\"Au fil des pierres\"},\"image\":{\"@id\":\"https:\\\/\\\/aufildespierres.com\\\/#\\\/schema\\\/logo\\\/image\\\/\"}}]}<\/script>\n<!-- \/ Yoast SEO plugin. -->","yoast_head_json":{"title":"Calcite Optique brute - Au fil des pierres","description":"Bloc de calcite optique brute, pierre naturelle translucide. Parfait pour purifier l\u2019esprit, apaiser l\u2019\u00e9nergie et illuminer votre int\u00e9rieur.","robots":{"index":"index","follow":"follow","max-snippet":"max-snippet:-1","max-image-preview":"max-image-preview:large","max-video-preview":"max-video-preview:-1"},"canonical":"https:\/\/aufildespierres.com\/index.php\/product\/bloc-de-calcite-optique-brute\/","og_locale":"fr_FR","og_type":"article","og_title":"Calcite Optique brute - Au fil des pierres","og_description":"Bloc de calcite optique brute, pierre naturelle translucide. Parfait pour purifier l\u2019esprit, apaiser l\u2019\u00e9nergie et illuminer votre int\u00e9rieur.","og_url":"https:\/\/aufildespierres.com\/index.php\/product\/bloc-de-calcite-optique-brute\/","og_site_name":"Au fil des pierres","article_modified_time":"2026-01-13T22:41:37+00:00","og_image":[{"width":1931,"height":1783,"url":"https:\/\/aufildespierres.com\/wp-content\/uploads\/2026\/01\/20260109_182932.jpg","type":"image\/jpeg"}],"twitter_card":"summary_large_image","twitter_misc":{"Dur\u00e9e de lecture estim\u00e9e":"2 minutes"},"schema":{"@context":"https:\/\/schema.org","@graph":[{"@type":"WebPage","@id":"https:\/\/aufildespierres.com\/index.php\/product\/bloc-de-calcite-optique-brute\/","url":"https:\/\/aufildespierres.com\/index.php\/product\/bloc-de-calcite-optique-brute\/","name":"Calcite Optique brute - Au fil des pierres","isPartOf":{"@id":"https:\/\/aufildespierres.com\/#website"},"primaryImageOfPage":{"@id":"https:\/\/aufildespierres.com\/index.php\/product\/bloc-de-calcite-optique-brute\/#primaryimage"},"image":{"@id":"https:\/\/aufildespierres.com\/index.php\/product\/bloc-de-calcite-optique-brute\/#primaryimage"},"thumbnailUrl":"https:\/\/aufildespierres.com\/wp-content\/uploads\/2026\/01\/20260109_182932.jpg","datePublished":"2026-01-13T22:37:57+00:00","dateModified":"2026-01-13T22:41:37+00:00","description":"Bloc de calcite optique brute, pierre naturelle translucide. Parfait pour purifier l\u2019esprit, apaiser l\u2019\u00e9nergie et illuminer votre int\u00e9rieur.","breadcrumb":{"@id":"https:\/\/aufildespierres.com\/index.php\/product\/bloc-de-calcite-optique-brute\/#breadcrumb"},"inLanguage":"fr-FR","potentialAction":[{"@type":"ReadAction","target":["https:\/\/aufildespierres.com\/index.php\/product\/bloc-de-calcite-optique-brute\/"]}]},{"@type":"ImageObject","inLanguage":"fr-FR","@id":"https:\/\/aufildespierres.com\/index.php\/product\/bloc-de-calcite-optique-brute\/#primaryimage","url":"https:\/\/aufildespierres.com\/wp-content\/uploads\/2026\/01\/20260109_182932.jpg","contentUrl":"https:\/\/aufildespierres.com\/wp-content\/uploads\/2026\/01\/20260109_182932.jpg","width":1931,"height":1783,"caption":"Calcite optique brute"},{"@type":"BreadcrumbList","@id":"https:\/\/aufildespierres.com\/index.php\/product\/bloc-de-calcite-optique-brute\/#breadcrumb","itemListElement":[{"@type":"ListItem","position":1,"name":"Accueil","item":"https:\/\/aufildespierres.com\/"},{"@type":"ListItem","position":2,"name":"Boutique de Lithoth\u00e9rapie","item":"https:\/\/aufildespierres.com\/index.php\/boutique-de-lithotherapie\/"},{"@type":"ListItem","position":3,"name":"Calcite Optique brute"}]},{"@type":"WebSite","@id":"https:\/\/aufildespierres.com\/#website","url":"https:\/\/aufildespierres.com\/","name":"Au fil des pierres","description":"Au fil des pierres","publisher":{"@id":"https:\/\/aufildespierres.com\/#organization"},"potentialAction":[{"@type":"SearchAction","target":{"@type":"EntryPoint","urlTemplate":"https:\/\/aufildespierres.com\/?s={search_term_string}"},"query-input":{"@type":"PropertyValueSpecification","valueRequired":true,"valueName":"search_term_string"}}],"inLanguage":"fr-FR"},{"@type":"Organization","@id":"https:\/\/aufildespierres.com\/#organization","name":"Au fil des pierres","url":"https:\/\/aufildespierres.com\/","logo":{"@type":"ImageObject","inLanguage":"fr-FR","@id":"https:\/\/aufildespierres.com\/#\/schema\/logo\/image\/","url":"https:\/\/aufildespierres.com\/wp-content\/uploads\/2023\/05\/cropped-Logo-PNG-Transparent.png","contentUrl":"https:\/\/aufildespierres.com\/wp-content\/uploads\/2023\/05\/cropped-Logo-PNG-Transparent.png","width":1776,"height":1625,"caption":"Au fil des pierres"},"image":{"@id":"https:\/\/aufildespierres.com\/#\/schema\/logo\/image\/"}}]}},"_links":{"self":[{"href":"https:\/\/aufildespierres.com\/index.php\/wp-json\/wp\/v2\/product\/4569","targetHints":{"allow":["GET"]}}],"collection":[{"href":"https:\/\/aufildespierres.com\/index.php\/wp-json\/wp\/v2\/product"}],"about":[{"href":"https:\/\/aufildespierres.com\/index.php\/wp-json\/wp\/v2\/types\/product"}],"replies":[{"embeddable":true,"href":"https:\/\/aufildespierres.com\/index.php\/wp-json\/wp\/v2\/comments?post=4569"}],"wp:featuredmedia":[{"embeddable":true,"href":"https:\/\/aufildespierres.com\/index.php\/wp-json\/wp\/v2\/media\/4571"}],"wp:attachment":[{"href":"https:\/\/aufildespierres.com\/index.php\/wp-json\/wp\/v2\/media?parent=4569"}],"wp:term":[{"taxonomy":"product_brand","embeddable":true,"href":"https:\/\/aufildespierres.com\/index.php\/wp-json\/wp\/v2\/product_brand?post=4569"},{"taxonomy":"product_cat","embeddable":true,"href":"https:\/\/aufildespierres.com\/index.php\/wp-json\/wp\/v2\/product_cat?post=4569"},{"taxonomy":"product_tag","embeddable":true,"href":"https:\/\/aufildespierres.com\/index.php\/wp-json\/wp\/v2\/product_tag?post=4569"}],"curies":[{"name":"wp","href":"https:\/\/api.w.org\/{rel}","templated":true}]}}