{"id":4582,"date":"2026-01-18T11:20:55","date_gmt":"2026-01-18T10:20:55","guid":{"rendered":"https:\/\/aufildespierres.com\/?post_type=product&#038;p=4582"},"modified":"2026-04-05T20:44:49","modified_gmt":"2026-04-05T18:44:49","slug":"labradorite-forme-libre","status":"publish","type":"product","link":"https:\/\/aufildespierres.com\/index.php\/product\/labradorite-forme-libre\/","title":{"rendered":"Labradorite forme libre"},"content":{"rendered":"<p><strong>Labradorite forme libre<\/strong><\/p>\n<p>poids 275 grammes 7,5 x 6 cm<\/p>\n<p>reflet cuivr\u00e9 intense et bleu profond<\/p>\n<p>provenance Madagascar.<\/p>\n<p><strong>Labradorite vertus,\u00a0 protection :\u00a0\u00a0<\/strong><\/p>\n<p><strong><em>Propri\u00e9t\u00e9s psychiques\u00a0: <\/em><\/strong><\/p>\n<ul>\n<li>Prot\u00e8ge des interactions n\u00e9gatives et du mal \u00eatre d&rsquo;autrui en les absorbant<\/li>\n<li>Favorise les liens amicaux et le don de plaire, un rapport aux autres harmonieux lutte contre la solitude<\/li>\n<li>Diminue les ruminations mentales (fixe sur l\u2019essentiel) et s\u00e9curise\u00a0: \u00e0 poser sur le 3 -\u00e8me \u0153il\u00a0 si le mental est satur\u00e9 d\u00e9bord\u00e9<\/li>\n<li>Agit contre le stress, l&rsquo;anxi\u00e9t\u00e9, les id\u00e9es sombres, angoisses<\/li>\n<li>Favorise calme int\u00e9rieur, contr\u00f4le des \u00e9motions et \u00e9coute de soi et de ses besoins<\/li>\n<li>Aide \u00e0 l\u00e2cher prise, rend l\u2019esprit plus clair et plus positif<\/li>\n<li>Favorise l\u2019intuition, la voyance, \u00a0aura et magn\u00e9tisme.<\/li>\n<\/ul>\n<p>Propri\u00e9t\u00e9s physiques\u00a0:<\/p>\n<ul>\n<li>Aide \u00e0 diminuer fatigue et \u00e9puisement physique ou intellectuel<\/li>\n<li>Renforce le syst\u00e8me immunitaire<\/li>\n<li>Stimule la circulation sanguine et art\u00e9rielle<\/li>\n<li>Facilite la digestion, r\u00e9gule les troubles hormonaux<\/li>\n<li>R\u00e9duit migraines et troubles oculaires<\/li>\n<li>Soutient les baisses de moral, fatigue<\/li>\n<li>Prot\u00e8ge des infections surtout en hiver<\/li>\n<li>Agit sur les douleurs rhumatismales osseuses et musculaires<\/li>\n<\/ul>\n<p>Conseill\u00e9e aux th\u00e9rapeutes, professions ayant un contact social m\u00e9dical ou situation difficile pour les prot\u00e9ger du mal \u00eatre d\u2019autrui, \u00a0et aux solitaires qui ont besoin d\u2019\u00eatre s\u00e9curis\u00e9s ou qui ont du mal \u00e0 sortir de leur zone de confort.<\/p>\n<p>Adapt\u00e9 aussi aux hypersensibles.<\/p>\n","protected":false},"excerpt":{"rendered":"<p>Labradorite forme libre poids 275 grammes 7,5 x 6 cm reflet cuivr\u00e9 intense et bleu profond provenance Madagascar. Labradorite vertus,\u00a0 protection :\u00a0\u00a0 Propri\u00e9t\u00e9s psychiques\u00a0: Prot\u00e8ge des interactions n\u00e9gatives et du mal \u00eatre d&rsquo;autrui en les absorbant Favorise les liens amicaux et le don de plaire, un rapport aux autres harmonieux lutte contre la solitude Diminue [&hellip;]<\/p>\n","protected":false},"featured_media":4613,"comment_status":"open","ping_status":"closed","template":"","meta":{"site-sidebar-layout":"default","site-content-layout":"","ast-site-content-layout":"default","site-content-style":"default","site-sidebar-style":"default","ast-global-header-display":"","ast-banner-title-visibility":"","ast-main-header-display":"","ast-hfb-above-header-display":"","ast-hfb-below-header-display":"","ast-hfb-mobile-header-display":"","site-post-title":"","ast-breadcrumbs-content":"","ast-featured-img":"","footer-sml-layout":"","ast-disable-related-posts":"","theme-transparent-header-meta":"default","adv-header-id-meta":"","stick-header-meta":"","header-above-stick-meta":"","header-main-stick-meta":"","header-below-stick-meta":"","astra-migrate-meta-layouts":"set","ast-page-background-enabled":"default","ast-page-background-meta":{"desktop":{"background-color":"var(--ast-global-color-4)","background-image":"","background-repeat":"repeat","background-position":"center center","background-size":"auto","background-attachment":"scroll","background-type":"","background-media":"","overlay-type":"","overlay-color":"","overlay-opacity":"","overlay-gradient":""},"tablet":{"background-color":"","background-image":"","background-repeat":"repeat","background-position":"center center","background-size":"auto","background-attachment":"scroll","background-type":"","background-media":"","overlay-type":"","overlay-color":"","overlay-opacity":"","overlay-gradient":""},"mobile":{"background-color":"","background-image":"","background-repeat":"repeat","background-position":"center center","background-size":"auto","background-attachment":"scroll","background-type":"","background-media":"","overlay-type":"","overlay-color":"","overlay-opacity":"","overlay-gradient":""}},"ast-content-background-meta":{"desktop":{"background-color":"var(--ast-global-color-5)","background-image":"","background-repeat":"repeat","background-position":"center center","background-size":"auto","background-attachment":"scroll","background-type":"","background-media":"","overlay-type":"","overlay-color":"","overlay-opacity":"","overlay-gradient":""},"tablet":{"background-color":"var(--ast-global-color-5)","background-image":"","background-repeat":"repeat","background-position":"center center","background-size":"auto","background-attachment":"scroll","background-type":"","background-media":"","overlay-type":"","overlay-color":"","overlay-opacity":"","overlay-gradient":""},"mobile":{"background-color":"var(--ast-global-color-5)","background-image":"","background-repeat":"repeat","background-position":"center center","background-size":"auto","background-attachment":"scroll","background-type":"","background-media":"","overlay-type":"","overlay-color":"","overlay-opacity":"","overlay-gradient":""}},"_glsr_average":0,"_glsr_ranking":0,"_glsr_reviews":0},"product_brand":[],"product_cat":[272,179,104,32,42,63],"product_tag":[],"class_list":{"0":"post-4582","1":"product","2":"type-product","3":"status-publish","4":"has-post-thumbnail","6":"product_cat-equilibre-emotionnel","7":"product_cat-formes-libres","8":"product_cat-labradorite","9":"product_cat-pierres-polies","10":"product_cat-protection","11":"product_cat-stress-angoisses","12":"desktop-align-left","13":"tablet-align-left","14":"mobile-align-left","16":"first","17":"instock","18":"purchasable","19":"product-type-simple"},"yoast_head":"<!-- This site is optimized with the Yoast SEO plugin v27.5 - https:\/\/yoast.com\/product\/yoast-seo-wordpress\/ -->\n<title>Labradorite forme libre - Au fil des pierres<\/title>\n<meta name=\"description\" content=\"Labradorite forme libre : pierre de protection et d\u2019intuition. D\u00e9couvrez ses reflets uniques, id\u00e9ale pour harmoniser l\u2019\u00e9nergie et apaiser l\u2019esprit.\" \/>\n<meta name=\"robots\" content=\"index, follow, max-snippet:-1, max-image-preview:large, max-video-preview:-1\" \/>\n<link rel=\"canonical\" href=\"https:\/\/aufildespierres.com\/index.php\/product\/labradorite-forme-libre\/\" \/>\n<meta property=\"og:locale\" content=\"fr_FR\" \/>\n<meta property=\"og:type\" content=\"article\" \/>\n<meta property=\"og:title\" content=\"Labradorite forme libre - Au fil des pierres\" \/>\n<meta property=\"og:description\" content=\"Labradorite forme libre : pierre de protection et d\u2019intuition. D\u00e9couvrez ses reflets uniques, id\u00e9ale pour harmoniser l\u2019\u00e9nergie et apaiser l\u2019esprit.\" \/>\n<meta property=\"og:url\" content=\"https:\/\/aufildespierres.com\/index.php\/product\/labradorite-forme-libre\/\" \/>\n<meta property=\"og:site_name\" content=\"Au fil des pierres\" \/>\n<meta property=\"article:modified_time\" content=\"2026-04-05T18:44:49+00:00\" \/>\n<meta property=\"og:image\" content=\"https:\/\/aufildespierres.com\/wp-content\/uploads\/2026\/01\/20260107_165808.jpg\" \/>\n\t<meta property=\"og:image:width\" content=\"1836\" \/>\n\t<meta property=\"og:image:height\" content=\"2503\" \/>\n\t<meta property=\"og:image:type\" content=\"image\/jpeg\" \/>\n<meta name=\"twitter:card\" content=\"summary_large_image\" \/>\n<meta name=\"twitter:label1\" content=\"Dur\u00e9e de lecture estim\u00e9e\" \/>\n\t<meta name=\"twitter:data1\" content=\"2 minutes\" \/>\n<script type=\"application\/ld+json\" class=\"yoast-schema-graph\">{\"@context\":\"https:\\\/\\\/schema.org\",\"@graph\":[{\"@type\":\"WebPage\",\"@id\":\"https:\\\/\\\/aufildespierres.com\\\/index.php\\\/product\\\/labradorite-forme-libre\\\/\",\"url\":\"https:\\\/\\\/aufildespierres.com\\\/index.php\\\/product\\\/labradorite-forme-libre\\\/\",\"name\":\"Labradorite forme libre - Au fil des pierres\",\"isPartOf\":{\"@id\":\"https:\\\/\\\/aufildespierres.com\\\/#website\"},\"primaryImageOfPage\":{\"@id\":\"https:\\\/\\\/aufildespierres.com\\\/index.php\\\/product\\\/labradorite-forme-libre\\\/#primaryimage\"},\"image\":{\"@id\":\"https:\\\/\\\/aufildespierres.com\\\/index.php\\\/product\\\/labradorite-forme-libre\\\/#primaryimage\"},\"thumbnailUrl\":\"https:\\\/\\\/aufildespierres.com\\\/wp-content\\\/uploads\\\/2026\\\/01\\\/20260107_165808.jpg\",\"datePublished\":\"2026-01-18T10:20:55+00:00\",\"dateModified\":\"2026-04-05T18:44:49+00:00\",\"description\":\"Labradorite forme libre : pierre de protection et d\u2019intuition. D\u00e9couvrez ses reflets uniques, id\u00e9ale pour harmoniser l\u2019\u00e9nergie et apaiser l\u2019esprit.\",\"breadcrumb\":{\"@id\":\"https:\\\/\\\/aufildespierres.com\\\/index.php\\\/product\\\/labradorite-forme-libre\\\/#breadcrumb\"},\"inLanguage\":\"fr-FR\",\"potentialAction\":[{\"@type\":\"ReadAction\",\"target\":[\"https:\\\/\\\/aufildespierres.com\\\/index.php\\\/product\\\/labradorite-forme-libre\\\/\"]}]},{\"@type\":\"ImageObject\",\"inLanguage\":\"fr-FR\",\"@id\":\"https:\\\/\\\/aufildespierres.com\\\/index.php\\\/product\\\/labradorite-forme-libre\\\/#primaryimage\",\"url\":\"https:\\\/\\\/aufildespierres.com\\\/wp-content\\\/uploads\\\/2026\\\/01\\\/20260107_165808.jpg\",\"contentUrl\":\"https:\\\/\\\/aufildespierres.com\\\/wp-content\\\/uploads\\\/2026\\\/01\\\/20260107_165808.jpg\",\"width\":1836,\"height\":2503},{\"@type\":\"BreadcrumbList\",\"@id\":\"https:\\\/\\\/aufildespierres.com\\\/index.php\\\/product\\\/labradorite-forme-libre\\\/#breadcrumb\",\"itemListElement\":[{\"@type\":\"ListItem\",\"position\":1,\"name\":\"Accueil\",\"item\":\"https:\\\/\\\/aufildespierres.com\\\/\"},{\"@type\":\"ListItem\",\"position\":2,\"name\":\"Boutique de Lithoth\u00e9rapie\",\"item\":\"https:\\\/\\\/aufildespierres.com\\\/index.php\\\/boutique-de-lithotherapie\\\/\"},{\"@type\":\"ListItem\",\"position\":3,\"name\":\"Labradorite forme libre\"}]},{\"@type\":\"WebSite\",\"@id\":\"https:\\\/\\\/aufildespierres.com\\\/#website\",\"url\":\"https:\\\/\\\/aufildespierres.com\\\/\",\"name\":\"Au fil des pierres\",\"description\":\"Au fil des pierres\",\"publisher\":{\"@id\":\"https:\\\/\\\/aufildespierres.com\\\/#organization\"},\"potentialAction\":[{\"@type\":\"SearchAction\",\"target\":{\"@type\":\"EntryPoint\",\"urlTemplate\":\"https:\\\/\\\/aufildespierres.com\\\/?s={search_term_string}\"},\"query-input\":{\"@type\":\"PropertyValueSpecification\",\"valueRequired\":true,\"valueName\":\"search_term_string\"}}],\"inLanguage\":\"fr-FR\"},{\"@type\":\"Organization\",\"@id\":\"https:\\\/\\\/aufildespierres.com\\\/#organization\",\"name\":\"Au fil des pierres\",\"url\":\"https:\\\/\\\/aufildespierres.com\\\/\",\"logo\":{\"@type\":\"ImageObject\",\"inLanguage\":\"fr-FR\",\"@id\":\"https:\\\/\\\/aufildespierres.com\\\/#\\\/schema\\\/logo\\\/image\\\/\",\"url\":\"https:\\\/\\\/aufildespierres.com\\\/wp-content\\\/uploads\\\/2023\\\/05\\\/cropped-Logo-PNG-Transparent.png\",\"contentUrl\":\"https:\\\/\\\/aufildespierres.com\\\/wp-content\\\/uploads\\\/2023\\\/05\\\/cropped-Logo-PNG-Transparent.png\",\"width\":1776,\"height\":1625,\"caption\":\"Au fil des pierres\"},\"image\":{\"@id\":\"https:\\\/\\\/aufildespierres.com\\\/#\\\/schema\\\/logo\\\/image\\\/\"}}]}<\/script>\n<!-- \/ Yoast SEO plugin. -->","yoast_head_json":{"title":"Labradorite forme libre - Au fil des pierres","description":"Labradorite forme libre : pierre de protection et d\u2019intuition. D\u00e9couvrez ses reflets uniques, id\u00e9ale pour harmoniser l\u2019\u00e9nergie et apaiser l\u2019esprit.","robots":{"index":"index","follow":"follow","max-snippet":"max-snippet:-1","max-image-preview":"max-image-preview:large","max-video-preview":"max-video-preview:-1"},"canonical":"https:\/\/aufildespierres.com\/index.php\/product\/labradorite-forme-libre\/","og_locale":"fr_FR","og_type":"article","og_title":"Labradorite forme libre - Au fil des pierres","og_description":"Labradorite forme libre : pierre de protection et d\u2019intuition. D\u00e9couvrez ses reflets uniques, id\u00e9ale pour harmoniser l\u2019\u00e9nergie et apaiser l\u2019esprit.","og_url":"https:\/\/aufildespierres.com\/index.php\/product\/labradorite-forme-libre\/","og_site_name":"Au fil des pierres","article_modified_time":"2026-04-05T18:44:49+00:00","og_image":[{"width":1836,"height":2503,"url":"https:\/\/aufildespierres.com\/wp-content\/uploads\/2026\/01\/20260107_165808.jpg","type":"image\/jpeg"}],"twitter_card":"summary_large_image","twitter_misc":{"Dur\u00e9e de lecture estim\u00e9e":"2 minutes"},"schema":{"@context":"https:\/\/schema.org","@graph":[{"@type":"WebPage","@id":"https:\/\/aufildespierres.com\/index.php\/product\/labradorite-forme-libre\/","url":"https:\/\/aufildespierres.com\/index.php\/product\/labradorite-forme-libre\/","name":"Labradorite forme libre - Au fil des pierres","isPartOf":{"@id":"https:\/\/aufildespierres.com\/#website"},"primaryImageOfPage":{"@id":"https:\/\/aufildespierres.com\/index.php\/product\/labradorite-forme-libre\/#primaryimage"},"image":{"@id":"https:\/\/aufildespierres.com\/index.php\/product\/labradorite-forme-libre\/#primaryimage"},"thumbnailUrl":"https:\/\/aufildespierres.com\/wp-content\/uploads\/2026\/01\/20260107_165808.jpg","datePublished":"2026-01-18T10:20:55+00:00","dateModified":"2026-04-05T18:44:49+00:00","description":"Labradorite forme libre : pierre de protection et d\u2019intuition. D\u00e9couvrez ses reflets uniques, id\u00e9ale pour harmoniser l\u2019\u00e9nergie et apaiser l\u2019esprit.","breadcrumb":{"@id":"https:\/\/aufildespierres.com\/index.php\/product\/labradorite-forme-libre\/#breadcrumb"},"inLanguage":"fr-FR","potentialAction":[{"@type":"ReadAction","target":["https:\/\/aufildespierres.com\/index.php\/product\/labradorite-forme-libre\/"]}]},{"@type":"ImageObject","inLanguage":"fr-FR","@id":"https:\/\/aufildespierres.com\/index.php\/product\/labradorite-forme-libre\/#primaryimage","url":"https:\/\/aufildespierres.com\/wp-content\/uploads\/2026\/01\/20260107_165808.jpg","contentUrl":"https:\/\/aufildespierres.com\/wp-content\/uploads\/2026\/01\/20260107_165808.jpg","width":1836,"height":2503},{"@type":"BreadcrumbList","@id":"https:\/\/aufildespierres.com\/index.php\/product\/labradorite-forme-libre\/#breadcrumb","itemListElement":[{"@type":"ListItem","position":1,"name":"Accueil","item":"https:\/\/aufildespierres.com\/"},{"@type":"ListItem","position":2,"name":"Boutique de Lithoth\u00e9rapie","item":"https:\/\/aufildespierres.com\/index.php\/boutique-de-lithotherapie\/"},{"@type":"ListItem","position":3,"name":"Labradorite forme libre"}]},{"@type":"WebSite","@id":"https:\/\/aufildespierres.com\/#website","url":"https:\/\/aufildespierres.com\/","name":"Au fil des pierres","description":"Au fil des pierres","publisher":{"@id":"https:\/\/aufildespierres.com\/#organization"},"potentialAction":[{"@type":"SearchAction","target":{"@type":"EntryPoint","urlTemplate":"https:\/\/aufildespierres.com\/?s={search_term_string}"},"query-input":{"@type":"PropertyValueSpecification","valueRequired":true,"valueName":"search_term_string"}}],"inLanguage":"fr-FR"},{"@type":"Organization","@id":"https:\/\/aufildespierres.com\/#organization","name":"Au fil des pierres","url":"https:\/\/aufildespierres.com\/","logo":{"@type":"ImageObject","inLanguage":"fr-FR","@id":"https:\/\/aufildespierres.com\/#\/schema\/logo\/image\/","url":"https:\/\/aufildespierres.com\/wp-content\/uploads\/2023\/05\/cropped-Logo-PNG-Transparent.png","contentUrl":"https:\/\/aufildespierres.com\/wp-content\/uploads\/2023\/05\/cropped-Logo-PNG-Transparent.png","width":1776,"height":1625,"caption":"Au fil des pierres"},"image":{"@id":"https:\/\/aufildespierres.com\/#\/schema\/logo\/image\/"}}]}},"_links":{"self":[{"href":"https:\/\/aufildespierres.com\/index.php\/wp-json\/wp\/v2\/product\/4582","targetHints":{"allow":["GET"]}}],"collection":[{"href":"https:\/\/aufildespierres.com\/index.php\/wp-json\/wp\/v2\/product"}],"about":[{"href":"https:\/\/aufildespierres.com\/index.php\/wp-json\/wp\/v2\/types\/product"}],"replies":[{"embeddable":true,"href":"https:\/\/aufildespierres.com\/index.php\/wp-json\/wp\/v2\/comments?post=4582"}],"wp:featuredmedia":[{"embeddable":true,"href":"https:\/\/aufildespierres.com\/index.php\/wp-json\/wp\/v2\/media\/4613"}],"wp:attachment":[{"href":"https:\/\/aufildespierres.com\/index.php\/wp-json\/wp\/v2\/media?parent=4582"}],"wp:term":[{"taxonomy":"product_brand","embeddable":true,"href":"https:\/\/aufildespierres.com\/index.php\/wp-json\/wp\/v2\/product_brand?post=4582"},{"taxonomy":"product_cat","embeddable":true,"href":"https:\/\/aufildespierres.com\/index.php\/wp-json\/wp\/v2\/product_cat?post=4582"},{"taxonomy":"product_tag","embeddable":true,"href":"https:\/\/aufildespierres.com\/index.php\/wp-json\/wp\/v2\/product_tag?post=4582"}],"curies":[{"name":"wp","href":"https:\/\/api.w.org\/{rel}","templated":true}]}}