{"id":4586,"date":"2026-01-17T12:15:41","date_gmt":"2026-01-17T11:15:41","guid":{"rendered":"https:\/\/aufildespierres.com\/?post_type=product&#038;p=4586"},"modified":"2026-01-17T12:15:41","modified_gmt":"2026-01-17T11:15:41","slug":"pierre-polie-larimar","status":"publish","type":"product","link":"https:\/\/aufildespierres.com\/index.php\/product\/pierre-polie-larimar\/","title":{"rendered":"Pierre polie Larimar"},"content":{"rendered":"<h2 data-start=\"222\" data-end=\"288\">Pierre polie Larimar<\/h2>\n<p>poids 31\u00a0 grammes\u00a0 environ 4,5 x\u00a0 3 cm\u00a0 qualit\u00e9 AAA<\/p>\n<h2 data-start=\"222\" data-end=\"288\"><strong data-start=\"225\" data-end=\"288\">\u2013 Douceur, Harmonie et Lib\u00e9ration \u00e9motionnelle<\/strong><\/h2>\n<p data-start=\"290\" data-end=\"690\">La\u00a0 pierre polie de Larimar <strong data-start=\"293\" data-end=\"309\">\u00a0<\/strong>\u00a0est une pierre rare et lumineuse, reconnue pour sa capacit\u00e9 \u00e0 canaliser les \u00e9nergies du <strong data-start=\"398\" data-end=\"406\">vent<\/strong> et du <strong data-start=\"413\" data-end=\"420\">feu<\/strong> dans le corps physique et \u00e9motionnel. Sa vibration douce et enveloppante aide \u00e0 r\u00e9tablir l\u2019\u00e9quilibre int\u00e9rieur tout en apaisant les tensions profondes. Gr\u00e2ce \u00e0 sa connexion subtile aux \u00e9l\u00e9ments, il accompagne chaque personne vers plus de clart\u00e9, de paix et d\u2019ouverture.<\/p>\n<h3 data-start=\"692\" data-end=\"736\"><strong data-start=\"696\" data-end=\"736\">Bienfaits psychiques du Larimar\u00a0<\/strong><\/h3>\n<p data-start=\"738\" data-end=\"1083\">Le Larimar adoucit l\u2019esprit et installe une v\u00e9ritable <strong data-start=\"792\" data-end=\"811\">paix int\u00e9rieure<\/strong>. Il favorise l\u2019optimisme et aide \u00e0 maintenir un \u00e9tat d\u2019esprit positif, m\u00eame dans les p\u00e9riodes instables. Cette pierre est id\u00e9ale pour les personnes col\u00e9reuses ou impatientes, car elle apaise les r\u00e9actions excessives et permet de retrouver un rythme \u00e9motionnel plus calme.<\/p>\n<p data-start=\"1085\" data-end=\"1398\">Elle stimule l\u2019expression personnelle : le Larimar encourage \u00e0 dire ce que l\u2019on pense, ce que l\u2019on ressent et ce que l\u2019on souhaite r\u00e9ellement. Associ\u00e9e \u00e0 l\u2019\u00e9nergie <strong data-start=\"1249\" data-end=\"1256\">Yin<\/strong>, elle incarne la douceur, la compassion et la tol\u00e9rance. Ainsi, elle harmonise toutes les \u00e9nergies et soutient la concr\u00e9tisation des projets.<\/p>\n<p data-start=\"1400\" data-end=\"1926\">En lib\u00e9rant les col\u00e8res, les angoisses, les culpabilit\u00e9s ou les peurs, cette pierre aide \u00e0 stabiliser les \u00e9motions. Elle invite \u00e0 se lib\u00e9rer des cha\u00eenes et des m\u00e9moires \u00e9motionnelles cristallis\u00e9es qui emp\u00eachent d\u2019avancer. Le Larimar aide \u00e9galement \u00e0 reconna\u00eetre ses erreurs, \u00e0 les accepter et \u00e0 l\u00e2cher prise sans chercher \u00e0 tout contr\u00f4ler. Il enseigne le respect de soi, l\u2019amour de soi et la gratitude pour ce qui existe d\u00e9j\u00e0 dans notre vie. Gr\u00e2ce \u00e0 lui, on comprend mieux notre place dans le monde et le sens de notre chemin.<\/p>\n<h3 data-start=\"1928\" data-end=\"1971\"><strong data-start=\"1932\" data-end=\"1971\">Bienfaits physiques du Larimar\u00a0<\/strong><\/h3>\n<p data-start=\"1973\" data-end=\"2378\">Sur le plan physique, le Larimar soutient les organes tels que le <strong data-start=\"2039\" data-end=\"2047\">foie<\/strong>, la <strong data-start=\"2052\" data-end=\"2060\">rate<\/strong>, la <strong data-start=\"2065\" data-end=\"2086\">v\u00e9sicule biliaire<\/strong> et les <strong data-start=\"2094\" data-end=\"2108\">surr\u00e9nales<\/strong>. Il agit aussi sur la sph\u00e8re ORL et renforce le syst\u00e8me nerveux. Cette pierre am\u00e9liore la souplesse des articulations et des cartilages. Elle aide en cas d\u2019arthrite, de sciatique ou de lumbago. Le Larimar fortifie \u00e9galement les os et soutient la croissance des enfants.<\/p>\n<p data-start=\"2380\" data-end=\"2606\">Il peut apaiser les migraines et les douleurs cervicales li\u00e9es au stress. De plus, il accompagne l\u2019allaitement et r\u00e9duit la d\u00e9pression post-partum. Enfin, il att\u00e9nue les bouff\u00e9es de chaleur gr\u00e2ce \u00e0 son \u00e9nergie rafra\u00eechissante.<\/p>\n","protected":false},"excerpt":{"rendered":"<p>Pierre polie Larimar poids 31\u00a0 grammes\u00a0 environ 4,5 x\u00a0 3 cm\u00a0 qualit\u00e9 AAA \u2013 Douceur, Harmonie et Lib\u00e9ration \u00e9motionnelle La\u00a0 pierre polie de Larimar \u00a0\u00a0est une pierre rare et lumineuse, reconnue pour sa capacit\u00e9 \u00e0 canaliser les \u00e9nergies du vent et du feu dans le corps physique et \u00e9motionnel. Sa vibration douce et enveloppante aide [&hellip;]<\/p>\n","protected":false},"featured_media":4588,"comment_status":"open","ping_status":"closed","template":"","meta":{"site-sidebar-layout":"default","site-content-layout":"","ast-site-content-layout":"default","site-content-style":"default","site-sidebar-style":"default","ast-global-header-display":"","ast-banner-title-visibility":"","ast-main-header-display":"","ast-hfb-above-header-display":"","ast-hfb-below-header-display":"","ast-hfb-mobile-header-display":"","site-post-title":"","ast-breadcrumbs-content":"","ast-featured-img":"","footer-sml-layout":"","ast-disable-related-posts":"","theme-transparent-header-meta":"default","adv-header-id-meta":"","stick-header-meta":"","header-above-stick-meta":"","header-main-stick-meta":"","header-below-stick-meta":"","astra-migrate-meta-layouts":"set","ast-page-background-enabled":"default","ast-page-background-meta":{"desktop":{"background-color":"var(--ast-global-color-4)","background-image":"","background-repeat":"repeat","background-position":"center center","background-size":"auto","background-attachment":"scroll","background-type":"","background-media":"","overlay-type":"","overlay-color":"","overlay-opacity":"","overlay-gradient":""},"tablet":{"background-color":"","background-image":"","background-repeat":"repeat","background-position":"center center","background-size":"auto","background-attachment":"scroll","background-type":"","background-media":"","overlay-type":"","overlay-color":"","overlay-opacity":"","overlay-gradient":""},"mobile":{"background-color":"","background-image":"","background-repeat":"repeat","background-position":"center center","background-size":"auto","background-attachment":"scroll","background-type":"","background-media":"","overlay-type":"","overlay-color":"","overlay-opacity":"","overlay-gradient":""}},"ast-content-background-meta":{"desktop":{"background-color":"var(--ast-global-color-5)","background-image":"","background-repeat":"repeat","background-position":"center center","background-size":"auto","background-attachment":"scroll","background-type":"","background-media":"","overlay-type":"","overlay-color":"","overlay-opacity":"","overlay-gradient":""},"tablet":{"background-color":"var(--ast-global-color-5)","background-image":"","background-repeat":"repeat","background-position":"center center","background-size":"auto","background-attachment":"scroll","background-type":"","background-media":"","overlay-type":"","overlay-color":"","overlay-opacity":"","overlay-gradient":""},"mobile":{"background-color":"var(--ast-global-color-5)","background-image":"","background-repeat":"repeat","background-position":"center center","background-size":"auto","background-attachment":"scroll","background-type":"","background-media":"","overlay-type":"","overlay-color":"","overlay-opacity":"","overlay-gradient":""}},"_glsr_average":0,"_glsr_ranking":0,"_glsr_reviews":0},"product_brand":[],"product_cat":[72,71,272,198,116,32,63,190],"product_tag":[],"class_list":{"0":"post-4586","1":"product","2":"type-product","3":"status-publish","4":"has-post-thumbnail","6":"product_cat-bleu","7":"product_cat-communication","8":"product_cat-equilibre-emotionnel","9":"product_cat-galets","10":"product_cat-larimar","11":"product_cat-pierres-polies","12":"product_cat-stress-angoisses","13":"product_cat-turquoise","14":"desktop-align-left","15":"tablet-align-left","16":"mobile-align-left","18":"first","19":"instock","20":"purchasable","21":"product-type-simple"},"yoast_head":"<!-- This site is optimized with the Yoast SEO plugin v27.5 - https:\/\/yoast.com\/product\/yoast-seo-wordpress\/ -->\n<title>Pierre polie Larimar - Au fil des pierres<\/title>\n<meta name=\"description\" content=\"Sublime pierre polie de Larimar aux reflets bleu lagon : une pierre rare et apaisante, id\u00e9ale pour la s\u00e9r\u00e9nit\u00e9, la douceur et l\u2019expression de soi\" \/>\n<meta name=\"robots\" content=\"index, follow, max-snippet:-1, max-image-preview:large, max-video-preview:-1\" \/>\n<link rel=\"canonical\" href=\"https:\/\/aufildespierres.com\/index.php\/product\/pierre-polie-larimar\/\" \/>\n<meta property=\"og:locale\" content=\"fr_FR\" \/>\n<meta property=\"og:type\" content=\"article\" \/>\n<meta property=\"og:title\" content=\"Pierre polie Larimar - Au fil des pierres\" \/>\n<meta property=\"og:description\" content=\"Sublime pierre polie de Larimar aux reflets bleu lagon : une pierre rare et apaisante, id\u00e9ale pour la s\u00e9r\u00e9nit\u00e9, la douceur et l\u2019expression de soi\" \/>\n<meta property=\"og:url\" content=\"https:\/\/aufildespierres.com\/index.php\/product\/pierre-polie-larimar\/\" \/>\n<meta property=\"og:site_name\" content=\"Au fil des pierres\" \/>\n<meta property=\"og:image\" content=\"https:\/\/aufildespierres.com\/wp-content\/uploads\/2026\/01\/20260109_182612.jpg\" \/>\n\t<meta property=\"og:image:width\" content=\"1792\" \/>\n\t<meta property=\"og:image:height\" content=\"1701\" \/>\n\t<meta property=\"og:image:type\" content=\"image\/jpeg\" \/>\n<meta name=\"twitter:card\" content=\"summary_large_image\" \/>\n<meta name=\"twitter:label1\" content=\"Dur\u00e9e de lecture estim\u00e9e\" \/>\n\t<meta name=\"twitter:data1\" content=\"3 minutes\" \/>\n<script type=\"application\/ld+json\" class=\"yoast-schema-graph\">{\"@context\":\"https:\\\/\\\/schema.org\",\"@graph\":[{\"@type\":\"WebPage\",\"@id\":\"https:\\\/\\\/aufildespierres.com\\\/index.php\\\/product\\\/pierre-polie-larimar\\\/\",\"url\":\"https:\\\/\\\/aufildespierres.com\\\/index.php\\\/product\\\/pierre-polie-larimar\\\/\",\"name\":\"Pierre polie Larimar - Au fil des pierres\",\"isPartOf\":{\"@id\":\"https:\\\/\\\/aufildespierres.com\\\/#website\"},\"primaryImageOfPage\":{\"@id\":\"https:\\\/\\\/aufildespierres.com\\\/index.php\\\/product\\\/pierre-polie-larimar\\\/#primaryimage\"},\"image\":{\"@id\":\"https:\\\/\\\/aufildespierres.com\\\/index.php\\\/product\\\/pierre-polie-larimar\\\/#primaryimage\"},\"thumbnailUrl\":\"https:\\\/\\\/aufildespierres.com\\\/wp-content\\\/uploads\\\/2026\\\/01\\\/20260109_182612.jpg\",\"datePublished\":\"2026-01-17T11:15:41+00:00\",\"description\":\"Sublime pierre polie de Larimar aux reflets bleu lagon : une pierre rare et apaisante, id\u00e9ale pour la s\u00e9r\u00e9nit\u00e9, la douceur et l\u2019expression de soi\",\"breadcrumb\":{\"@id\":\"https:\\\/\\\/aufildespierres.com\\\/index.php\\\/product\\\/pierre-polie-larimar\\\/#breadcrumb\"},\"inLanguage\":\"fr-FR\",\"potentialAction\":[{\"@type\":\"ReadAction\",\"target\":[\"https:\\\/\\\/aufildespierres.com\\\/index.php\\\/product\\\/pierre-polie-larimar\\\/\"]}]},{\"@type\":\"ImageObject\",\"inLanguage\":\"fr-FR\",\"@id\":\"https:\\\/\\\/aufildespierres.com\\\/index.php\\\/product\\\/pierre-polie-larimar\\\/#primaryimage\",\"url\":\"https:\\\/\\\/aufildespierres.com\\\/wp-content\\\/uploads\\\/2026\\\/01\\\/20260109_182612.jpg\",\"contentUrl\":\"https:\\\/\\\/aufildespierres.com\\\/wp-content\\\/uploads\\\/2026\\\/01\\\/20260109_182612.jpg\",\"width\":1792,\"height\":1701},{\"@type\":\"BreadcrumbList\",\"@id\":\"https:\\\/\\\/aufildespierres.com\\\/index.php\\\/product\\\/pierre-polie-larimar\\\/#breadcrumb\",\"itemListElement\":[{\"@type\":\"ListItem\",\"position\":1,\"name\":\"Accueil\",\"item\":\"https:\\\/\\\/aufildespierres.com\\\/\"},{\"@type\":\"ListItem\",\"position\":2,\"name\":\"Boutique de Lithoth\u00e9rapie\",\"item\":\"https:\\\/\\\/aufildespierres.com\\\/index.php\\\/boutique-de-lithotherapie\\\/\"},{\"@type\":\"ListItem\",\"position\":3,\"name\":\"Pierre polie Larimar\"}]},{\"@type\":\"WebSite\",\"@id\":\"https:\\\/\\\/aufildespierres.com\\\/#website\",\"url\":\"https:\\\/\\\/aufildespierres.com\\\/\",\"name\":\"Au fil des pierres\",\"description\":\"Au fil des pierres\",\"publisher\":{\"@id\":\"https:\\\/\\\/aufildespierres.com\\\/#organization\"},\"potentialAction\":[{\"@type\":\"SearchAction\",\"target\":{\"@type\":\"EntryPoint\",\"urlTemplate\":\"https:\\\/\\\/aufildespierres.com\\\/?s={search_term_string}\"},\"query-input\":{\"@type\":\"PropertyValueSpecification\",\"valueRequired\":true,\"valueName\":\"search_term_string\"}}],\"inLanguage\":\"fr-FR\"},{\"@type\":\"Organization\",\"@id\":\"https:\\\/\\\/aufildespierres.com\\\/#organization\",\"name\":\"Au fil des pierres\",\"url\":\"https:\\\/\\\/aufildespierres.com\\\/\",\"logo\":{\"@type\":\"ImageObject\",\"inLanguage\":\"fr-FR\",\"@id\":\"https:\\\/\\\/aufildespierres.com\\\/#\\\/schema\\\/logo\\\/image\\\/\",\"url\":\"https:\\\/\\\/aufildespierres.com\\\/wp-content\\\/uploads\\\/2023\\\/05\\\/cropped-Logo-PNG-Transparent.png\",\"contentUrl\":\"https:\\\/\\\/aufildespierres.com\\\/wp-content\\\/uploads\\\/2023\\\/05\\\/cropped-Logo-PNG-Transparent.png\",\"width\":1776,\"height\":1625,\"caption\":\"Au fil des pierres\"},\"image\":{\"@id\":\"https:\\\/\\\/aufildespierres.com\\\/#\\\/schema\\\/logo\\\/image\\\/\"}}]}<\/script>\n<!-- \/ Yoast SEO plugin. -->","yoast_head_json":{"title":"Pierre polie Larimar - Au fil des pierres","description":"Sublime pierre polie de Larimar aux reflets bleu lagon : une pierre rare et apaisante, id\u00e9ale pour la s\u00e9r\u00e9nit\u00e9, la douceur et l\u2019expression de soi","robots":{"index":"index","follow":"follow","max-snippet":"max-snippet:-1","max-image-preview":"max-image-preview:large","max-video-preview":"max-video-preview:-1"},"canonical":"https:\/\/aufildespierres.com\/index.php\/product\/pierre-polie-larimar\/","og_locale":"fr_FR","og_type":"article","og_title":"Pierre polie Larimar - Au fil des pierres","og_description":"Sublime pierre polie de Larimar aux reflets bleu lagon : une pierre rare et apaisante, id\u00e9ale pour la s\u00e9r\u00e9nit\u00e9, la douceur et l\u2019expression de soi","og_url":"https:\/\/aufildespierres.com\/index.php\/product\/pierre-polie-larimar\/","og_site_name":"Au fil des pierres","og_image":[{"width":1792,"height":1701,"url":"https:\/\/aufildespierres.com\/wp-content\/uploads\/2026\/01\/20260109_182612.jpg","type":"image\/jpeg"}],"twitter_card":"summary_large_image","twitter_misc":{"Dur\u00e9e de lecture estim\u00e9e":"3 minutes"},"schema":{"@context":"https:\/\/schema.org","@graph":[{"@type":"WebPage","@id":"https:\/\/aufildespierres.com\/index.php\/product\/pierre-polie-larimar\/","url":"https:\/\/aufildespierres.com\/index.php\/product\/pierre-polie-larimar\/","name":"Pierre polie Larimar - Au fil des pierres","isPartOf":{"@id":"https:\/\/aufildespierres.com\/#website"},"primaryImageOfPage":{"@id":"https:\/\/aufildespierres.com\/index.php\/product\/pierre-polie-larimar\/#primaryimage"},"image":{"@id":"https:\/\/aufildespierres.com\/index.php\/product\/pierre-polie-larimar\/#primaryimage"},"thumbnailUrl":"https:\/\/aufildespierres.com\/wp-content\/uploads\/2026\/01\/20260109_182612.jpg","datePublished":"2026-01-17T11:15:41+00:00","description":"Sublime pierre polie de Larimar aux reflets bleu lagon : une pierre rare et apaisante, id\u00e9ale pour la s\u00e9r\u00e9nit\u00e9, la douceur et l\u2019expression de soi","breadcrumb":{"@id":"https:\/\/aufildespierres.com\/index.php\/product\/pierre-polie-larimar\/#breadcrumb"},"inLanguage":"fr-FR","potentialAction":[{"@type":"ReadAction","target":["https:\/\/aufildespierres.com\/index.php\/product\/pierre-polie-larimar\/"]}]},{"@type":"ImageObject","inLanguage":"fr-FR","@id":"https:\/\/aufildespierres.com\/index.php\/product\/pierre-polie-larimar\/#primaryimage","url":"https:\/\/aufildespierres.com\/wp-content\/uploads\/2026\/01\/20260109_182612.jpg","contentUrl":"https:\/\/aufildespierres.com\/wp-content\/uploads\/2026\/01\/20260109_182612.jpg","width":1792,"height":1701},{"@type":"BreadcrumbList","@id":"https:\/\/aufildespierres.com\/index.php\/product\/pierre-polie-larimar\/#breadcrumb","itemListElement":[{"@type":"ListItem","position":1,"name":"Accueil","item":"https:\/\/aufildespierres.com\/"},{"@type":"ListItem","position":2,"name":"Boutique de Lithoth\u00e9rapie","item":"https:\/\/aufildespierres.com\/index.php\/boutique-de-lithotherapie\/"},{"@type":"ListItem","position":3,"name":"Pierre polie Larimar"}]},{"@type":"WebSite","@id":"https:\/\/aufildespierres.com\/#website","url":"https:\/\/aufildespierres.com\/","name":"Au fil des pierres","description":"Au fil des pierres","publisher":{"@id":"https:\/\/aufildespierres.com\/#organization"},"potentialAction":[{"@type":"SearchAction","target":{"@type":"EntryPoint","urlTemplate":"https:\/\/aufildespierres.com\/?s={search_term_string}"},"query-input":{"@type":"PropertyValueSpecification","valueRequired":true,"valueName":"search_term_string"}}],"inLanguage":"fr-FR"},{"@type":"Organization","@id":"https:\/\/aufildespierres.com\/#organization","name":"Au fil des pierres","url":"https:\/\/aufildespierres.com\/","logo":{"@type":"ImageObject","inLanguage":"fr-FR","@id":"https:\/\/aufildespierres.com\/#\/schema\/logo\/image\/","url":"https:\/\/aufildespierres.com\/wp-content\/uploads\/2023\/05\/cropped-Logo-PNG-Transparent.png","contentUrl":"https:\/\/aufildespierres.com\/wp-content\/uploads\/2023\/05\/cropped-Logo-PNG-Transparent.png","width":1776,"height":1625,"caption":"Au fil des pierres"},"image":{"@id":"https:\/\/aufildespierres.com\/#\/schema\/logo\/image\/"}}]}},"_links":{"self":[{"href":"https:\/\/aufildespierres.com\/index.php\/wp-json\/wp\/v2\/product\/4586","targetHints":{"allow":["GET"]}}],"collection":[{"href":"https:\/\/aufildespierres.com\/index.php\/wp-json\/wp\/v2\/product"}],"about":[{"href":"https:\/\/aufildespierres.com\/index.php\/wp-json\/wp\/v2\/types\/product"}],"replies":[{"embeddable":true,"href":"https:\/\/aufildespierres.com\/index.php\/wp-json\/wp\/v2\/comments?post=4586"}],"wp:featuredmedia":[{"embeddable":true,"href":"https:\/\/aufildespierres.com\/index.php\/wp-json\/wp\/v2\/media\/4588"}],"wp:attachment":[{"href":"https:\/\/aufildespierres.com\/index.php\/wp-json\/wp\/v2\/media?parent=4586"}],"wp:term":[{"taxonomy":"product_brand","embeddable":true,"href":"https:\/\/aufildespierres.com\/index.php\/wp-json\/wp\/v2\/product_brand?post=4586"},{"taxonomy":"product_cat","embeddable":true,"href":"https:\/\/aufildespierres.com\/index.php\/wp-json\/wp\/v2\/product_cat?post=4586"},{"taxonomy":"product_tag","embeddable":true,"href":"https:\/\/aufildespierres.com\/index.php\/wp-json\/wp\/v2\/product_tag?post=4586"}],"curies":[{"name":"wp","href":"https:\/\/api.w.org\/{rel}","templated":true}]}}