{"id":4598,"date":"2026-01-17T13:24:06","date_gmt":"2026-01-17T12:24:06","guid":{"rendered":"https:\/\/aufildespierres.com\/?post_type=product&#038;p=4598"},"modified":"2026-01-17T13:24:06","modified_gmt":"2026-01-17T12:24:06","slug":"pointe-quartz-fume","status":"publish","type":"product","link":"https:\/\/aufildespierres.com\/index.php\/product\/pointe-quartz-fume\/","title":{"rendered":"Pointe Quartz fum\u00e9"},"content":{"rendered":"<div class=\"relative basis-auto flex-col -mb-(--composer-overlap-px) [--composer-overlap-px:28px] grow flex\">\n<div class=\"flex flex-col text-sm pb-25\">\n<article class=\"text-token-text-primary w-full focus:outline-none [--shadow-height:45px] has-data-writing-block:pointer-events-none has-data-writing-block:-mt-(--shadow-height) has-data-writing-block:pt-(--shadow-height) [&amp;:has([data-writing-block])&gt;*]:pointer-events-auto scroll-mt-[calc(var(--header-height)+min(200px,max(70px,20svh)))]\" dir=\"auto\" tabindex=\"-1\" data-turn-id=\"5a709bd2-e39c-4edd-b1f0-888b575edd79\" data-testid=\"conversation-turn-12\" data-scroll-anchor=\"true\" data-turn=\"assistant\">\n<div class=\"text-base my-auto mx-auto pb-10 [--thread-content-margin:--spacing(4)] @w-sm\/main:[--thread-content-margin:--spacing(6)] @w-lg\/main:[--thread-content-margin:--spacing(16)] px-(--thread-content-margin)\">\n<div class=\"[--thread-content-max-width:40rem] @w-lg\/main:[--thread-content-max-width:48rem] mx-auto max-w-(--thread-content-max-width) flex-1 group\/turn-messages focus-visible:outline-hidden relative flex w-full min-w-0 flex-col agent-turn\" tabindex=\"-1\">\n<div class=\"flex max-w-full flex-col grow\">\n<div class=\"min-h-8 text-message relative flex w-full flex-col items-end gap-2 text-start break-words whitespace-normal [.text-message+&amp;]:mt-1\" dir=\"auto\" data-message-author-role=\"assistant\" data-message-id=\"3f0f565b-5231-404b-96e3-1bd3df95aaee\" data-message-model-slug=\"gpt-5-2\">\n<div class=\"flex w-full flex-col gap-1 empty:hidden first:pt-[1px]\">\n<div class=\"markdown prose dark:prose-invert w-full break-words light markdown-new-styling\">\n<h2 data-start=\"263\" data-end=\"325\">Pointe de Quartz fum\u00e9 brut<\/h2>\n<h2 data-start=\"263\" data-end=\"325\">\u2013 Massif du Mont-Blanc (Tal\u00e8fre), Pierre achet\u00e9e \u00e0 un cristallier<\/h2>\n<p>90 grammes environ 6,5 x3,5 cm<\/p>\n<p>&nbsp;<\/p>\n<p data-start=\"327\" data-end=\"811\">D\u00e9couvre cette <strong data-start=\"342\" data-end=\"372\">pointe de Quartz fum\u00e9 brut<\/strong>, une pi\u00e8ce min\u00e9rale authentique et puissante. Sa forme naturelle conserve tout le caract\u00e8re de la montagne. De plus, ses reflets fum\u00e9s varient du brun clair au gris profond. Chaque pointe reste unique, avec ses reliefs et ses irr\u00e9gularit\u00e9s. <strong data-start=\"614\" data-end=\"753\">Son origine Mont-Blanc, massif de Tal\u00e8fre, lui apporte une vibration rare et tr\u00e8s pure, li\u00e9e \u00e0 l\u2019\u00e9nergie min\u00e9rale des hautes altitudes.<\/strong> Ainsi, vous\u00a0 accueillez chez vous un fragment brut des Alpes.<\/p>\n<h3 data-start=\"813\" data-end=\"843\">Formation du Quartz fum\u00e9<\/h3>\n<p data-start=\"844\" data-end=\"1300\">Le Quartz fum\u00e9 est une vari\u00e9t\u00e9 de quartz. Il se forme dans des fissures et cavit\u00e9s des roches granitiques. Ensuite, il cristallise lentement pendant des milliers d\u2019ann\u00e9es. Sa couleur provient d\u2019un ph\u00e9nom\u00e8ne naturel : des radiations pr\u00e9sentes dans la roche modifient la structure du quartz. Ainsi, la pierre prend ses teintes fum\u00e9es, douces ou intenses. Dans les massifs alpins, la pression, le froid et le temps fa\u00e7onnent des cristaux d\u2019une grande qualit\u00e9.<\/p>\n<h3 data-start=\"1302\" data-end=\"1331\">Vertus en lithoth\u00e9rapie<\/h3>\n<p data-start=\"1332\" data-end=\"1579\">Le Quartz fum\u00e9 agit comme une pierre d\u2019<strong data-start=\"1371\" data-end=\"1390\">ancrage profond<\/strong>. Il aide \u00e0 se recentrer quand tout s\u2019acc\u00e9l\u00e8re. Ensuite, il soutient le mental et dissipe les pens\u00e9es envahissantes. Il accompagne aussi les p\u00e9riodes de stress ou de fatigue \u00e9motionnelle.<\/p>\n<p data-start=\"1581\" data-end=\"1861\">De plus, il favorise le l\u00e2cher-prise. Il aide \u00e0 lib\u00e9rer ce qui p\u00e8se, sans brusquer. Par cons\u00e9quent, il devient un alli\u00e9 pr\u00e9cieux pour retrouver stabilit\u00e9 et lucidit\u00e9. Sa vibration travaille en lien avec le <strong data-start=\"1787\" data-end=\"1804\">chakra racine<\/strong>. Ainsi, il renforce le sentiment de s\u00e9curit\u00e9 int\u00e9rieure.<\/p>\n<p data-start=\"1863\" data-end=\"2056\">Enfin, une pointe brute diffuse l\u2019\u00e9nergie dans une direction pr\u00e9cise. Donc, tu peux l\u2019orienter vers un espace \u00e0 harmoniser. Vous\u00a0 pouvez\u00a0 aussi l\u2019utiliser en m\u00e9ditation ou lors d\u2019un rituel d\u2019ancrage.<\/p>\n<p data-start=\"2058\" data-end=\"2153\">Choisissez cette <strong data-start=\"2072\" data-end=\"2108\">pointe de Quartz fum\u00e9 du Tal\u00e8fre<\/strong> pour avancer avec calme, solidit\u00e9 et clart\u00e9.<\/p>\n<hr data-start=\"2155\" data-end=\"2158\" \/>\n<h3 data-start=\"2160\" data-end=\"2188\"><\/h3>\n<hr data-start=\"2354\" data-end=\"2357\" \/>\n<p data-start=\"2359\" data-end=\"2558\" data-is-last-node=\"\" data-is-only-node=\"\">\n<\/div>\n<\/div>\n<\/div>\n<\/div>\n<div class=\"z-0 flex min-h-[46px] justify-start\"><\/div>\n<div class=\"mt-3 w-full empty:hidden\">\n<div class=\"text-center\"><\/div>\n<\/div>\n<\/div>\n<\/div>\n<\/article>\n<\/div>\n<\/div>\n<div id=\"thread-bottom-container\" class=\"sticky bottom-0 group\/thread-bottom-container relative isolate z-10 w-full basis-auto has-data-has-thread-error:pt-2 has-data-has-thread-error:[box-shadow:var(--sharp-edge-bottom-shadow)] md:border-transparent md:pt-0 dark:border-white\/20 md:dark:border-transparent print:hidden content-fade single-line flex flex-col\">\n<div id=\"thread-bottom\">\n<div class=\"text-base mx-auto [--thread-content-margin:--spacing(4)] @w-sm\/main:[--thread-content-margin:--spacing(6)] @w-lg\/main:[--thread-content-margin:--spacing(16)] px-(--thread-content-margin)\">\n<div class=\"[--thread-content-max-width:40rem] @w-lg\/main:[--thread-content-max-width:48rem] mx-auto max-w-(--thread-content-max-width) flex-1 mb-4\">\n<div class=\"pointer-events-auto relative z-1 flex h-(--composer-container-height,100%) max-w-full flex-(--composer-container-flex,1) flex-col\"><\/div>\n<\/div>\n<\/div>\n<\/div>\n<\/div>\n","protected":false},"excerpt":{"rendered":"<p>Pointe de Quartz fum\u00e9 brut \u2013 Massif du Mont-Blanc (Tal\u00e8fre), Pierre achet\u00e9e \u00e0 un cristallier 90 grammes environ 6,5 x3,5 cm &nbsp; D\u00e9couvre cette pointe de Quartz fum\u00e9 brut, une pi\u00e8ce min\u00e9rale authentique et puissante. Sa forme naturelle conserve tout le caract\u00e8re de la montagne. De plus, ses reflets fum\u00e9s varient du brun clair au [&hellip;]<\/p>\n","protected":false},"featured_media":4601,"comment_status":"open","ping_status":"closed","template":"","meta":{"site-sidebar-layout":"default","site-content-layout":"","ast-site-content-layout":"default","site-content-style":"default","site-sidebar-style":"default","ast-global-header-display":"","ast-banner-title-visibility":"","ast-main-header-display":"","ast-hfb-above-header-display":"","ast-hfb-below-header-display":"","ast-hfb-mobile-header-display":"","site-post-title":"","ast-breadcrumbs-content":"","ast-featured-img":"","footer-sml-layout":"","ast-disable-related-posts":"","theme-transparent-header-meta":"default","adv-header-id-meta":"","stick-header-meta":"","header-above-stick-meta":"","header-main-stick-meta":"","header-below-stick-meta":"","astra-migrate-meta-layouts":"set","ast-page-background-enabled":"default","ast-page-background-meta":{"desktop":{"background-color":"var(--ast-global-color-4)","background-image":"","background-repeat":"repeat","background-position":"center center","background-size":"auto","background-attachment":"scroll","background-type":"","background-media":"","overlay-type":"","overlay-color":"","overlay-opacity":"","overlay-gradient":""},"tablet":{"background-color":"","background-image":"","background-repeat":"repeat","background-position":"center center","background-size":"auto","background-attachment":"scroll","background-type":"","background-media":"","overlay-type":"","overlay-color":"","overlay-opacity":"","overlay-gradient":""},"mobile":{"background-color":"","background-image":"","background-repeat":"repeat","background-position":"center center","background-size":"auto","background-attachment":"scroll","background-type":"","background-media":"","overlay-type":"","overlay-color":"","overlay-opacity":"","overlay-gradient":""}},"ast-content-background-meta":{"desktop":{"background-color":"var(--ast-global-color-5)","background-image":"","background-repeat":"repeat","background-position":"center center","background-size":"auto","background-attachment":"scroll","background-type":"","background-media":"","overlay-type":"","overlay-color":"","overlay-opacity":"","overlay-gradient":""},"tablet":{"background-color":"var(--ast-global-color-5)","background-image":"","background-repeat":"repeat","background-position":"center center","background-size":"auto","background-attachment":"scroll","background-type":"","background-media":"","overlay-type":"","overlay-color":"","overlay-opacity":"","overlay-gradient":""},"mobile":{"background-color":"var(--ast-global-color-5)","background-image":"","background-repeat":"repeat","background-position":"center center","background-size":"auto","background-attachment":"scroll","background-type":"","background-media":"","overlay-type":"","overlay-color":"","overlay-opacity":"","overlay-gradient":""}},"_glsr_average":0,"_glsr_ranking":0,"_glsr_reviews":0},"product_brand":[],"product_cat":[49,81,31,189],"product_tag":[],"class_list":{"0":"post-4598","1":"product","2":"type-product","3":"status-publish","4":"has-post-thumbnail","6":"product_cat-confiance-en-soi","7":"product_cat-connexion-spirituelle","8":"product_cat-pierres-brutes","9":"product_cat-quartz-fume","10":"desktop-align-left","11":"tablet-align-left","12":"mobile-align-left","14":"first","15":"instock","16":"purchasable","17":"product-type-simple"},"yoast_head":"<!-- This site is optimized with the Yoast SEO plugin v27.5 - https:\/\/yoast.com\/product\/yoast-seo-wordpress\/ -->\n<title>Pointe Quartz fum\u00e9 - Au fil des pierres<\/title>\n<meta name=\"description\" content=\"Pointe brute de Quartz fum\u00e9 du Mont-Blanc (massif de Tal\u00e8fre) : pierre naturelle d\u2019ancrage et de protection. Elle apaise le mental et favorise le l\u00e2cher-prise.\" \/>\n<meta name=\"robots\" content=\"index, follow, max-snippet:-1, max-image-preview:large, max-video-preview:-1\" \/>\n<link rel=\"canonical\" href=\"https:\/\/aufildespierres.com\/index.php\/product\/pointe-quartz-fume\/\" \/>\n<meta property=\"og:locale\" content=\"fr_FR\" \/>\n<meta property=\"og:type\" content=\"article\" \/>\n<meta property=\"og:title\" content=\"Pointe Quartz fum\u00e9 - Au fil des pierres\" \/>\n<meta property=\"og:description\" content=\"Pointe brute de Quartz fum\u00e9 du Mont-Blanc (massif de Tal\u00e8fre) : pierre naturelle d\u2019ancrage et de protection. Elle apaise le mental et favorise le l\u00e2cher-prise.\" \/>\n<meta property=\"og:url\" content=\"https:\/\/aufildespierres.com\/index.php\/product\/pointe-quartz-fume\/\" \/>\n<meta property=\"og:site_name\" content=\"Au fil des pierres\" \/>\n<meta property=\"og:image\" content=\"https:\/\/aufildespierres.com\/wp-content\/uploads\/2026\/01\/20260109_183521-scaled.jpg\" \/>\n\t<meta property=\"og:image:width\" content=\"1701\" \/>\n\t<meta property=\"og:image:height\" content=\"2560\" \/>\n\t<meta property=\"og:image:type\" content=\"image\/jpeg\" \/>\n<meta name=\"twitter:card\" content=\"summary_large_image\" \/>\n<meta name=\"twitter:label1\" content=\"Dur\u00e9e de lecture estim\u00e9e\" \/>\n\t<meta name=\"twitter:data1\" content=\"2 minutes\" \/>\n<script type=\"application\/ld+json\" class=\"yoast-schema-graph\">{\"@context\":\"https:\\\/\\\/schema.org\",\"@graph\":[{\"@type\":\"WebPage\",\"@id\":\"https:\\\/\\\/aufildespierres.com\\\/index.php\\\/product\\\/pointe-quartz-fume\\\/\",\"url\":\"https:\\\/\\\/aufildespierres.com\\\/index.php\\\/product\\\/pointe-quartz-fume\\\/\",\"name\":\"Pointe Quartz fum\u00e9 - Au fil des pierres\",\"isPartOf\":{\"@id\":\"https:\\\/\\\/aufildespierres.com\\\/#website\"},\"primaryImageOfPage\":{\"@id\":\"https:\\\/\\\/aufildespierres.com\\\/index.php\\\/product\\\/pointe-quartz-fume\\\/#primaryimage\"},\"image\":{\"@id\":\"https:\\\/\\\/aufildespierres.com\\\/index.php\\\/product\\\/pointe-quartz-fume\\\/#primaryimage\"},\"thumbnailUrl\":\"https:\\\/\\\/aufildespierres.com\\\/wp-content\\\/uploads\\\/2026\\\/01\\\/20260109_183521-scaled.jpg\",\"datePublished\":\"2026-01-17T12:24:06+00:00\",\"description\":\"Pointe brute de Quartz fum\u00e9 du Mont-Blanc (massif de Tal\u00e8fre) : pierre naturelle d\u2019ancrage et de protection. Elle apaise le mental et favorise le l\u00e2cher-prise.\",\"breadcrumb\":{\"@id\":\"https:\\\/\\\/aufildespierres.com\\\/index.php\\\/product\\\/pointe-quartz-fume\\\/#breadcrumb\"},\"inLanguage\":\"fr-FR\",\"potentialAction\":[{\"@type\":\"ReadAction\",\"target\":[\"https:\\\/\\\/aufildespierres.com\\\/index.php\\\/product\\\/pointe-quartz-fume\\\/\"]}]},{\"@type\":\"ImageObject\",\"inLanguage\":\"fr-FR\",\"@id\":\"https:\\\/\\\/aufildespierres.com\\\/index.php\\\/product\\\/pointe-quartz-fume\\\/#primaryimage\",\"url\":\"https:\\\/\\\/aufildespierres.com\\\/wp-content\\\/uploads\\\/2026\\\/01\\\/20260109_183521-scaled.jpg\",\"contentUrl\":\"https:\\\/\\\/aufildespierres.com\\\/wp-content\\\/uploads\\\/2026\\\/01\\\/20260109_183521-scaled.jpg\",\"width\":1701,\"height\":2560,\"caption\":\"pointe quartz fum\u00e9\"},{\"@type\":\"BreadcrumbList\",\"@id\":\"https:\\\/\\\/aufildespierres.com\\\/index.php\\\/product\\\/pointe-quartz-fume\\\/#breadcrumb\",\"itemListElement\":[{\"@type\":\"ListItem\",\"position\":1,\"name\":\"Accueil\",\"item\":\"https:\\\/\\\/aufildespierres.com\\\/\"},{\"@type\":\"ListItem\",\"position\":2,\"name\":\"Boutique de Lithoth\u00e9rapie\",\"item\":\"https:\\\/\\\/aufildespierres.com\\\/index.php\\\/boutique-de-lithotherapie\\\/\"},{\"@type\":\"ListItem\",\"position\":3,\"name\":\"Pointe Quartz fum\u00e9\"}]},{\"@type\":\"WebSite\",\"@id\":\"https:\\\/\\\/aufildespierres.com\\\/#website\",\"url\":\"https:\\\/\\\/aufildespierres.com\\\/\",\"name\":\"Au fil des pierres\",\"description\":\"Au fil des pierres\",\"publisher\":{\"@id\":\"https:\\\/\\\/aufildespierres.com\\\/#organization\"},\"potentialAction\":[{\"@type\":\"SearchAction\",\"target\":{\"@type\":\"EntryPoint\",\"urlTemplate\":\"https:\\\/\\\/aufildespierres.com\\\/?s={search_term_string}\"},\"query-input\":{\"@type\":\"PropertyValueSpecification\",\"valueRequired\":true,\"valueName\":\"search_term_string\"}}],\"inLanguage\":\"fr-FR\"},{\"@type\":\"Organization\",\"@id\":\"https:\\\/\\\/aufildespierres.com\\\/#organization\",\"name\":\"Au fil des pierres\",\"url\":\"https:\\\/\\\/aufildespierres.com\\\/\",\"logo\":{\"@type\":\"ImageObject\",\"inLanguage\":\"fr-FR\",\"@id\":\"https:\\\/\\\/aufildespierres.com\\\/#\\\/schema\\\/logo\\\/image\\\/\",\"url\":\"https:\\\/\\\/aufildespierres.com\\\/wp-content\\\/uploads\\\/2023\\\/05\\\/cropped-Logo-PNG-Transparent.png\",\"contentUrl\":\"https:\\\/\\\/aufildespierres.com\\\/wp-content\\\/uploads\\\/2023\\\/05\\\/cropped-Logo-PNG-Transparent.png\",\"width\":1776,\"height\":1625,\"caption\":\"Au fil des pierres\"},\"image\":{\"@id\":\"https:\\\/\\\/aufildespierres.com\\\/#\\\/schema\\\/logo\\\/image\\\/\"}}]}<\/script>\n<!-- \/ Yoast SEO plugin. -->","yoast_head_json":{"title":"Pointe Quartz fum\u00e9 - Au fil des pierres","description":"Pointe brute de Quartz fum\u00e9 du Mont-Blanc (massif de Tal\u00e8fre) : pierre naturelle d\u2019ancrage et de protection. Elle apaise le mental et favorise le l\u00e2cher-prise.","robots":{"index":"index","follow":"follow","max-snippet":"max-snippet:-1","max-image-preview":"max-image-preview:large","max-video-preview":"max-video-preview:-1"},"canonical":"https:\/\/aufildespierres.com\/index.php\/product\/pointe-quartz-fume\/","og_locale":"fr_FR","og_type":"article","og_title":"Pointe Quartz fum\u00e9 - Au fil des pierres","og_description":"Pointe brute de Quartz fum\u00e9 du Mont-Blanc (massif de Tal\u00e8fre) : pierre naturelle d\u2019ancrage et de protection. Elle apaise le mental et favorise le l\u00e2cher-prise.","og_url":"https:\/\/aufildespierres.com\/index.php\/product\/pointe-quartz-fume\/","og_site_name":"Au fil des pierres","og_image":[{"width":1701,"height":2560,"url":"https:\/\/aufildespierres.com\/wp-content\/uploads\/2026\/01\/20260109_183521-scaled.jpg","type":"image\/jpeg"}],"twitter_card":"summary_large_image","twitter_misc":{"Dur\u00e9e de lecture estim\u00e9e":"2 minutes"},"schema":{"@context":"https:\/\/schema.org","@graph":[{"@type":"WebPage","@id":"https:\/\/aufildespierres.com\/index.php\/product\/pointe-quartz-fume\/","url":"https:\/\/aufildespierres.com\/index.php\/product\/pointe-quartz-fume\/","name":"Pointe Quartz fum\u00e9 - Au fil des pierres","isPartOf":{"@id":"https:\/\/aufildespierres.com\/#website"},"primaryImageOfPage":{"@id":"https:\/\/aufildespierres.com\/index.php\/product\/pointe-quartz-fume\/#primaryimage"},"image":{"@id":"https:\/\/aufildespierres.com\/index.php\/product\/pointe-quartz-fume\/#primaryimage"},"thumbnailUrl":"https:\/\/aufildespierres.com\/wp-content\/uploads\/2026\/01\/20260109_183521-scaled.jpg","datePublished":"2026-01-17T12:24:06+00:00","description":"Pointe brute de Quartz fum\u00e9 du Mont-Blanc (massif de Tal\u00e8fre) : pierre naturelle d\u2019ancrage et de protection. Elle apaise le mental et favorise le l\u00e2cher-prise.","breadcrumb":{"@id":"https:\/\/aufildespierres.com\/index.php\/product\/pointe-quartz-fume\/#breadcrumb"},"inLanguage":"fr-FR","potentialAction":[{"@type":"ReadAction","target":["https:\/\/aufildespierres.com\/index.php\/product\/pointe-quartz-fume\/"]}]},{"@type":"ImageObject","inLanguage":"fr-FR","@id":"https:\/\/aufildespierres.com\/index.php\/product\/pointe-quartz-fume\/#primaryimage","url":"https:\/\/aufildespierres.com\/wp-content\/uploads\/2026\/01\/20260109_183521-scaled.jpg","contentUrl":"https:\/\/aufildespierres.com\/wp-content\/uploads\/2026\/01\/20260109_183521-scaled.jpg","width":1701,"height":2560,"caption":"pointe quartz fum\u00e9"},{"@type":"BreadcrumbList","@id":"https:\/\/aufildespierres.com\/index.php\/product\/pointe-quartz-fume\/#breadcrumb","itemListElement":[{"@type":"ListItem","position":1,"name":"Accueil","item":"https:\/\/aufildespierres.com\/"},{"@type":"ListItem","position":2,"name":"Boutique de Lithoth\u00e9rapie","item":"https:\/\/aufildespierres.com\/index.php\/boutique-de-lithotherapie\/"},{"@type":"ListItem","position":3,"name":"Pointe Quartz fum\u00e9"}]},{"@type":"WebSite","@id":"https:\/\/aufildespierres.com\/#website","url":"https:\/\/aufildespierres.com\/","name":"Au fil des pierres","description":"Au fil des pierres","publisher":{"@id":"https:\/\/aufildespierres.com\/#organization"},"potentialAction":[{"@type":"SearchAction","target":{"@type":"EntryPoint","urlTemplate":"https:\/\/aufildespierres.com\/?s={search_term_string}"},"query-input":{"@type":"PropertyValueSpecification","valueRequired":true,"valueName":"search_term_string"}}],"inLanguage":"fr-FR"},{"@type":"Organization","@id":"https:\/\/aufildespierres.com\/#organization","name":"Au fil des pierres","url":"https:\/\/aufildespierres.com\/","logo":{"@type":"ImageObject","inLanguage":"fr-FR","@id":"https:\/\/aufildespierres.com\/#\/schema\/logo\/image\/","url":"https:\/\/aufildespierres.com\/wp-content\/uploads\/2023\/05\/cropped-Logo-PNG-Transparent.png","contentUrl":"https:\/\/aufildespierres.com\/wp-content\/uploads\/2023\/05\/cropped-Logo-PNG-Transparent.png","width":1776,"height":1625,"caption":"Au fil des pierres"},"image":{"@id":"https:\/\/aufildespierres.com\/#\/schema\/logo\/image\/"}}]}},"_links":{"self":[{"href":"https:\/\/aufildespierres.com\/index.php\/wp-json\/wp\/v2\/product\/4598","targetHints":{"allow":["GET"]}}],"collection":[{"href":"https:\/\/aufildespierres.com\/index.php\/wp-json\/wp\/v2\/product"}],"about":[{"href":"https:\/\/aufildespierres.com\/index.php\/wp-json\/wp\/v2\/types\/product"}],"replies":[{"embeddable":true,"href":"https:\/\/aufildespierres.com\/index.php\/wp-json\/wp\/v2\/comments?post=4598"}],"wp:featuredmedia":[{"embeddable":true,"href":"https:\/\/aufildespierres.com\/index.php\/wp-json\/wp\/v2\/media\/4601"}],"wp:attachment":[{"href":"https:\/\/aufildespierres.com\/index.php\/wp-json\/wp\/v2\/media?parent=4598"}],"wp:term":[{"taxonomy":"product_brand","embeddable":true,"href":"https:\/\/aufildespierres.com\/index.php\/wp-json\/wp\/v2\/product_brand?post=4598"},{"taxonomy":"product_cat","embeddable":true,"href":"https:\/\/aufildespierres.com\/index.php\/wp-json\/wp\/v2\/product_cat?post=4598"},{"taxonomy":"product_tag","embeddable":true,"href":"https:\/\/aufildespierres.com\/index.php\/wp-json\/wp\/v2\/product_tag?post=4598"}],"curies":[{"name":"wp","href":"https:\/\/api.w.org\/{rel}","templated":true}]}}