{"id":4641,"date":"2026-02-09T21:33:00","date_gmt":"2026-02-09T20:33:00","guid":{"rendered":"https:\/\/aufildespierres.com\/?post_type=product&#038;p=4641"},"modified":"2026-02-09T21:33:01","modified_gmt":"2026-02-09T20:33:01","slug":"pendentif-en-emeraude-2","status":"publish","type":"product","link":"https:\/\/aufildespierres.com\/index.php\/product\/pendentif-en-emeraude-2\/","title":{"rendered":"Pendentif en Emeraude"},"content":{"rendered":"<p data-start=\"257\" data-end=\"548\">Ce<strong> Pendentif\u00a0 en Emeraude\u00a0 de 3,5&#215;2 cm( b\u00e9li\u00e8re inclue )\u00a0 <\/strong>\u00a0accompagne celles et ceux qui recherchent l\u2019\u00e9quilibre \u00e9motionnel, la douceur relationnelle et un profond renouveau int\u00e9rieur. Il poss\u00e8de une b\u00e9li\u00e8re en acier inoxydable et sera livr\u00e9 avec un cordon noir.<\/p>\n<p data-start=\"550\" data-end=\"862\">Pierre du c\u0153ur par excellence, l\u2019\u00e9meraude incarne l\u2019espoir et la r\u00e9g\u00e9n\u00e9ration. Elle stimule l\u2019enthousiasme et ravive l\u2019\u00e9lan vital et\u00a0 aide \u00e9galement \u00e0 retrouver confiance face aux d\u00e9fis du quotidien. Ainsi, elle soutient les p\u00e9riodes de transition, de fatigue \u00e9motionnelle ou de remise en question personnelle.<\/p>\n<p data-start=\"864\" data-end=\"1182\">Sur le plan \u00e9motionnel, l\u2019\u00e9meraude renforce les relations amicales, familiales et amoureuses favorisant\u00a0 la compr\u00e9hension mutuelle et encourageant une communication sinc\u00e8re. Elle d\u00e9veloppe aussi la bienveillance et l\u2019\u00e9coute. En parall\u00e8le, elle calme les \u00e9motions excessives et installe un climat int\u00e9rieur plus serein.<\/p>\n<p data-start=\"1184\" data-end=\"1459\">L\u2019\u00e9meraude agit en douceur sur les \u00e9motions refoul\u00e9es. Elle les aide \u00e0 remonter \u00e0 la surface afin de les lib\u00e9rer. Ce processus permet d\u2019accueillir des \u00e9motions plus authentiques et align\u00e9es. Porter une \u00e9meraude encourage \u00e9galement l\u2019amour de soi et l\u2019acceptation personnelle.<\/p>\n<p data-start=\"1461\" data-end=\"1686\">De plus, cette pierre soutient la patience, la m\u00e9moire et la tol\u00e9rance. Elle favorise l\u2019ouverture \u00e0 l\u2019autre et renforce la compassion. Elle peut aussi apporter un soutien \u00e9motionnel aux personnes sujettes \u00e0 la claustrophobie.<\/p>\n<p data-start=\"1688\" data-end=\"1936\">Sur le plan physique, l\u2019\u00e9meraude renforce le syst\u00e8me immunitaire, aide l\u2019organisme \u00e0 lutter contre les infections virales. Elle apaise le syst\u00e8me digestif et soutient le foie ainsi que le pancr\u00e9as et\u00a0 contribue aussi \u00e0 l\u2019\u00e9quilibre cardiaque.<\/p>\n<p data-start=\"1938\" data-end=\"2237\">Cette pierre accompagne efficacement les p\u00e9riodes de convalescence. Elle renforce les articulations, notamment la colonne vert\u00e9brale. Elle aide \u00e0 r\u00e9duire les maux de t\u00eate, les migraines et la nervosit\u00e9. Traditionnellement, elle est associ\u00e9e au soulagement des troubles oculaires, comme la cataracte.<\/p>\n<p data-start=\"2239\" data-end=\"2383\">Enfin, ce pendentif <strong data-start=\"2249\" data-end=\"2273\">\u00a0en Emeraude<\/strong> r\u00e9sonne particuli\u00e8rement avec le <strong data-start=\"2307\" data-end=\"2327\">signe du Taureau<\/strong>, dont il soutient la stabilit\u00e9 et la douceur naturelle.<\/p>\n","protected":false},"excerpt":{"rendered":"<p>Ce Pendentif\u00a0 en Emeraude\u00a0 de 3,5&#215;2 cm( b\u00e9li\u00e8re inclue )\u00a0 \u00a0accompagne celles et ceux qui recherchent l\u2019\u00e9quilibre \u00e9motionnel, la douceur relationnelle et un profond renouveau int\u00e9rieur. Il poss\u00e8de une b\u00e9li\u00e8re en acier inoxydable et sera livr\u00e9 avec un cordon noir. Pierre du c\u0153ur par excellence, l\u2019\u00e9meraude incarne l\u2019espoir et la r\u00e9g\u00e9n\u00e9ration. Elle stimule l\u2019enthousiasme et [&hellip;]<\/p>\n","protected":false},"featured_media":4642,"comment_status":"open","ping_status":"closed","template":"","meta":{"site-sidebar-layout":"default","site-content-layout":"","ast-site-content-layout":"default","site-content-style":"default","site-sidebar-style":"default","ast-global-header-display":"","ast-banner-title-visibility":"","ast-main-header-display":"","ast-hfb-above-header-display":"","ast-hfb-below-header-display":"","ast-hfb-mobile-header-display":"","site-post-title":"","ast-breadcrumbs-content":"","ast-featured-img":"","footer-sml-layout":"","ast-disable-related-posts":"","theme-transparent-header-meta":"default","adv-header-id-meta":"","stick-header-meta":"","header-above-stick-meta":"","header-main-stick-meta":"","header-below-stick-meta":"","astra-migrate-meta-layouts":"set","ast-page-background-enabled":"default","ast-page-background-meta":{"desktop":{"background-color":"var(--ast-global-color-4)","background-image":"","background-repeat":"repeat","background-position":"center center","background-size":"auto","background-attachment":"scroll","background-type":"","background-media":"","overlay-type":"","overlay-color":"","overlay-opacity":"","overlay-gradient":""},"tablet":{"background-color":"","background-image":"","background-repeat":"repeat","background-position":"center center","background-size":"auto","background-attachment":"scroll","background-type":"","background-media":"","overlay-type":"","overlay-color":"","overlay-opacity":"","overlay-gradient":""},"mobile":{"background-color":"","background-image":"","background-repeat":"repeat","background-position":"center center","background-size":"auto","background-attachment":"scroll","background-type":"","background-media":"","overlay-type":"","overlay-color":"","overlay-opacity":"","overlay-gradient":""}},"ast-content-background-meta":{"desktop":{"background-color":"var(--ast-global-color-5)","background-image":"","background-repeat":"repeat","background-position":"center center","background-size":"auto","background-attachment":"scroll","background-type":"","background-media":"","overlay-type":"","overlay-color":"","overlay-opacity":"","overlay-gradient":""},"tablet":{"background-color":"var(--ast-global-color-5)","background-image":"","background-repeat":"repeat","background-position":"center center","background-size":"auto","background-attachment":"scroll","background-type":"","background-media":"","overlay-type":"","overlay-color":"","overlay-opacity":"","overlay-gradient":""},"mobile":{"background-color":"var(--ast-global-color-5)","background-image":"","background-repeat":"repeat","background-position":"center center","background-size":"auto","background-attachment":"scroll","background-type":"","background-media":"","overlay-type":"","overlay-color":"","overlay-opacity":"","overlay-gradient":""}},"_glsr_average":0,"_glsr_ranking":0,"_glsr_reviews":0},"product_brand":[],"product_cat":[299,26,259,272,21,78],"product_tag":[],"class_list":{"0":"post-4641","1":"product","2":"type-product","3":"status-publish","4":"has-post-thumbnail","6":"product_cat-amour-de-soi","7":"product_cat-bijoux","8":"product_cat-emeraude","9":"product_cat-equilibre-emotionnel","10":"product_cat-pendentifs-de-lithotherapie","11":"product_cat-vert","12":"desktop-align-left","13":"tablet-align-left","14":"mobile-align-left","16":"first","17":"instock","18":"purchasable","19":"product-type-simple"},"yoast_head":"<!-- This site is optimized with the Yoast SEO plugin v27.5 - https:\/\/yoast.com\/product\/yoast-seo-wordpress\/ -->\n<title>Pendentif en Emeraude - Au fil des pierres<\/title>\n<meta name=\"description\" content=\"Pendentif en \u00c9meraude naturelle aux nuances vert profond, symbole d\u2019amour, d\u2019harmonie et de renouveau. Une pierre fine \u00e9l\u00e9gante qui soutient le c\u0153ur et sublime votre \u00e9nergie au quotidien.\" \/>\n<meta name=\"robots\" content=\"index, follow, max-snippet:-1, max-image-preview:large, max-video-preview:-1\" \/>\n<link rel=\"canonical\" href=\"https:\/\/aufildespierres.com\/index.php\/product\/pendentif-en-emeraude-2\/\" \/>\n<meta property=\"og:locale\" content=\"fr_FR\" \/>\n<meta property=\"og:type\" content=\"article\" \/>\n<meta property=\"og:title\" content=\"Pendentif en Emeraude - Au fil des pierres\" \/>\n<meta property=\"og:description\" content=\"Pendentif en \u00c9meraude naturelle aux nuances vert profond, symbole d\u2019amour, d\u2019harmonie et de renouveau. Une pierre fine \u00e9l\u00e9gante qui soutient le c\u0153ur et sublime votre \u00e9nergie au quotidien.\" \/>\n<meta property=\"og:url\" content=\"https:\/\/aufildespierres.com\/index.php\/product\/pendentif-en-emeraude-2\/\" \/>\n<meta property=\"og:site_name\" content=\"Au fil des pierres\" \/>\n<meta property=\"article:modified_time\" content=\"2026-02-09T20:33:01+00:00\" \/>\n<meta property=\"og:image\" content=\"https:\/\/aufildespierres.com\/wp-content\/uploads\/2026\/02\/20260209_163902-scaled.jpg\" \/>\n\t<meta property=\"og:image:width\" content=\"1441\" \/>\n\t<meta property=\"og:image:height\" content=\"2560\" \/>\n\t<meta property=\"og:image:type\" content=\"image\/jpeg\" \/>\n<meta name=\"twitter:card\" content=\"summary_large_image\" \/>\n<meta name=\"twitter:label1\" content=\"Dur\u00e9e de lecture estim\u00e9e\" \/>\n\t<meta name=\"twitter:data1\" content=\"2 minutes\" \/>\n<script type=\"application\/ld+json\" class=\"yoast-schema-graph\">{\"@context\":\"https:\\\/\\\/schema.org\",\"@graph\":[{\"@type\":\"WebPage\",\"@id\":\"https:\\\/\\\/aufildespierres.com\\\/index.php\\\/product\\\/pendentif-en-emeraude-2\\\/\",\"url\":\"https:\\\/\\\/aufildespierres.com\\\/index.php\\\/product\\\/pendentif-en-emeraude-2\\\/\",\"name\":\"Pendentif en Emeraude - Au fil des pierres\",\"isPartOf\":{\"@id\":\"https:\\\/\\\/aufildespierres.com\\\/#website\"},\"primaryImageOfPage\":{\"@id\":\"https:\\\/\\\/aufildespierres.com\\\/index.php\\\/product\\\/pendentif-en-emeraude-2\\\/#primaryimage\"},\"image\":{\"@id\":\"https:\\\/\\\/aufildespierres.com\\\/index.php\\\/product\\\/pendentif-en-emeraude-2\\\/#primaryimage\"},\"thumbnailUrl\":\"https:\\\/\\\/aufildespierres.com\\\/wp-content\\\/uploads\\\/2026\\\/02\\\/20260209_163902-scaled.jpg\",\"datePublished\":\"2026-02-09T20:33:00+00:00\",\"dateModified\":\"2026-02-09T20:33:01+00:00\",\"description\":\"Pendentif en \u00c9meraude naturelle aux nuances vert profond, symbole d\u2019amour, d\u2019harmonie et de renouveau. Une pierre fine \u00e9l\u00e9gante qui soutient le c\u0153ur et sublime votre \u00e9nergie au quotidien.\",\"breadcrumb\":{\"@id\":\"https:\\\/\\\/aufildespierres.com\\\/index.php\\\/product\\\/pendentif-en-emeraude-2\\\/#breadcrumb\"},\"inLanguage\":\"fr-FR\",\"potentialAction\":[{\"@type\":\"ReadAction\",\"target\":[\"https:\\\/\\\/aufildespierres.com\\\/index.php\\\/product\\\/pendentif-en-emeraude-2\\\/\"]}]},{\"@type\":\"ImageObject\",\"inLanguage\":\"fr-FR\",\"@id\":\"https:\\\/\\\/aufildespierres.com\\\/index.php\\\/product\\\/pendentif-en-emeraude-2\\\/#primaryimage\",\"url\":\"https:\\\/\\\/aufildespierres.com\\\/wp-content\\\/uploads\\\/2026\\\/02\\\/20260209_163902-scaled.jpg\",\"contentUrl\":\"https:\\\/\\\/aufildespierres.com\\\/wp-content\\\/uploads\\\/2026\\\/02\\\/20260209_163902-scaled.jpg\",\"width\":1441,\"height\":2560,\"caption\":\"Pendentif en Emeraude\"},{\"@type\":\"BreadcrumbList\",\"@id\":\"https:\\\/\\\/aufildespierres.com\\\/index.php\\\/product\\\/pendentif-en-emeraude-2\\\/#breadcrumb\",\"itemListElement\":[{\"@type\":\"ListItem\",\"position\":1,\"name\":\"Accueil\",\"item\":\"https:\\\/\\\/aufildespierres.com\\\/\"},{\"@type\":\"ListItem\",\"position\":2,\"name\":\"Boutique de Lithoth\u00e9rapie\",\"item\":\"https:\\\/\\\/aufildespierres.com\\\/index.php\\\/boutique-de-lithotherapie\\\/\"},{\"@type\":\"ListItem\",\"position\":3,\"name\":\"Pendentif en Emeraude\"}]},{\"@type\":\"WebSite\",\"@id\":\"https:\\\/\\\/aufildespierres.com\\\/#website\",\"url\":\"https:\\\/\\\/aufildespierres.com\\\/\",\"name\":\"Au fil des pierres\",\"description\":\"Au fil des pierres\",\"publisher\":{\"@id\":\"https:\\\/\\\/aufildespierres.com\\\/#organization\"},\"potentialAction\":[{\"@type\":\"SearchAction\",\"target\":{\"@type\":\"EntryPoint\",\"urlTemplate\":\"https:\\\/\\\/aufildespierres.com\\\/?s={search_term_string}\"},\"query-input\":{\"@type\":\"PropertyValueSpecification\",\"valueRequired\":true,\"valueName\":\"search_term_string\"}}],\"inLanguage\":\"fr-FR\"},{\"@type\":\"Organization\",\"@id\":\"https:\\\/\\\/aufildespierres.com\\\/#organization\",\"name\":\"Au fil des pierres\",\"url\":\"https:\\\/\\\/aufildespierres.com\\\/\",\"logo\":{\"@type\":\"ImageObject\",\"inLanguage\":\"fr-FR\",\"@id\":\"https:\\\/\\\/aufildespierres.com\\\/#\\\/schema\\\/logo\\\/image\\\/\",\"url\":\"https:\\\/\\\/aufildespierres.com\\\/wp-content\\\/uploads\\\/2023\\\/05\\\/cropped-Logo-PNG-Transparent.png\",\"contentUrl\":\"https:\\\/\\\/aufildespierres.com\\\/wp-content\\\/uploads\\\/2023\\\/05\\\/cropped-Logo-PNG-Transparent.png\",\"width\":1776,\"height\":1625,\"caption\":\"Au fil des pierres\"},\"image\":{\"@id\":\"https:\\\/\\\/aufildespierres.com\\\/#\\\/schema\\\/logo\\\/image\\\/\"}}]}<\/script>\n<!-- \/ Yoast SEO plugin. -->","yoast_head_json":{"title":"Pendentif en Emeraude - Au fil des pierres","description":"Pendentif en \u00c9meraude naturelle aux nuances vert profond, symbole d\u2019amour, d\u2019harmonie et de renouveau. Une pierre fine \u00e9l\u00e9gante qui soutient le c\u0153ur et sublime votre \u00e9nergie au quotidien.","robots":{"index":"index","follow":"follow","max-snippet":"max-snippet:-1","max-image-preview":"max-image-preview:large","max-video-preview":"max-video-preview:-1"},"canonical":"https:\/\/aufildespierres.com\/index.php\/product\/pendentif-en-emeraude-2\/","og_locale":"fr_FR","og_type":"article","og_title":"Pendentif en Emeraude - Au fil des pierres","og_description":"Pendentif en \u00c9meraude naturelle aux nuances vert profond, symbole d\u2019amour, d\u2019harmonie et de renouveau. Une pierre fine \u00e9l\u00e9gante qui soutient le c\u0153ur et sublime votre \u00e9nergie au quotidien.","og_url":"https:\/\/aufildespierres.com\/index.php\/product\/pendentif-en-emeraude-2\/","og_site_name":"Au fil des pierres","article_modified_time":"2026-02-09T20:33:01+00:00","og_image":[{"width":1441,"height":2560,"url":"https:\/\/aufildespierres.com\/wp-content\/uploads\/2026\/02\/20260209_163902-scaled.jpg","type":"image\/jpeg"}],"twitter_card":"summary_large_image","twitter_misc":{"Dur\u00e9e de lecture estim\u00e9e":"2 minutes"},"schema":{"@context":"https:\/\/schema.org","@graph":[{"@type":"WebPage","@id":"https:\/\/aufildespierres.com\/index.php\/product\/pendentif-en-emeraude-2\/","url":"https:\/\/aufildespierres.com\/index.php\/product\/pendentif-en-emeraude-2\/","name":"Pendentif en Emeraude - Au fil des pierres","isPartOf":{"@id":"https:\/\/aufildespierres.com\/#website"},"primaryImageOfPage":{"@id":"https:\/\/aufildespierres.com\/index.php\/product\/pendentif-en-emeraude-2\/#primaryimage"},"image":{"@id":"https:\/\/aufildespierres.com\/index.php\/product\/pendentif-en-emeraude-2\/#primaryimage"},"thumbnailUrl":"https:\/\/aufildespierres.com\/wp-content\/uploads\/2026\/02\/20260209_163902-scaled.jpg","datePublished":"2026-02-09T20:33:00+00:00","dateModified":"2026-02-09T20:33:01+00:00","description":"Pendentif en \u00c9meraude naturelle aux nuances vert profond, symbole d\u2019amour, d\u2019harmonie et de renouveau. Une pierre fine \u00e9l\u00e9gante qui soutient le c\u0153ur et sublime votre \u00e9nergie au quotidien.","breadcrumb":{"@id":"https:\/\/aufildespierres.com\/index.php\/product\/pendentif-en-emeraude-2\/#breadcrumb"},"inLanguage":"fr-FR","potentialAction":[{"@type":"ReadAction","target":["https:\/\/aufildespierres.com\/index.php\/product\/pendentif-en-emeraude-2\/"]}]},{"@type":"ImageObject","inLanguage":"fr-FR","@id":"https:\/\/aufildespierres.com\/index.php\/product\/pendentif-en-emeraude-2\/#primaryimage","url":"https:\/\/aufildespierres.com\/wp-content\/uploads\/2026\/02\/20260209_163902-scaled.jpg","contentUrl":"https:\/\/aufildespierres.com\/wp-content\/uploads\/2026\/02\/20260209_163902-scaled.jpg","width":1441,"height":2560,"caption":"Pendentif en Emeraude"},{"@type":"BreadcrumbList","@id":"https:\/\/aufildespierres.com\/index.php\/product\/pendentif-en-emeraude-2\/#breadcrumb","itemListElement":[{"@type":"ListItem","position":1,"name":"Accueil","item":"https:\/\/aufildespierres.com\/"},{"@type":"ListItem","position":2,"name":"Boutique de Lithoth\u00e9rapie","item":"https:\/\/aufildespierres.com\/index.php\/boutique-de-lithotherapie\/"},{"@type":"ListItem","position":3,"name":"Pendentif en Emeraude"}]},{"@type":"WebSite","@id":"https:\/\/aufildespierres.com\/#website","url":"https:\/\/aufildespierres.com\/","name":"Au fil des pierres","description":"Au fil des pierres","publisher":{"@id":"https:\/\/aufildespierres.com\/#organization"},"potentialAction":[{"@type":"SearchAction","target":{"@type":"EntryPoint","urlTemplate":"https:\/\/aufildespierres.com\/?s={search_term_string}"},"query-input":{"@type":"PropertyValueSpecification","valueRequired":true,"valueName":"search_term_string"}}],"inLanguage":"fr-FR"},{"@type":"Organization","@id":"https:\/\/aufildespierres.com\/#organization","name":"Au fil des pierres","url":"https:\/\/aufildespierres.com\/","logo":{"@type":"ImageObject","inLanguage":"fr-FR","@id":"https:\/\/aufildespierres.com\/#\/schema\/logo\/image\/","url":"https:\/\/aufildespierres.com\/wp-content\/uploads\/2023\/05\/cropped-Logo-PNG-Transparent.png","contentUrl":"https:\/\/aufildespierres.com\/wp-content\/uploads\/2023\/05\/cropped-Logo-PNG-Transparent.png","width":1776,"height":1625,"caption":"Au fil des pierres"},"image":{"@id":"https:\/\/aufildespierres.com\/#\/schema\/logo\/image\/"}}]}},"_links":{"self":[{"href":"https:\/\/aufildespierres.com\/index.php\/wp-json\/wp\/v2\/product\/4641","targetHints":{"allow":["GET"]}}],"collection":[{"href":"https:\/\/aufildespierres.com\/index.php\/wp-json\/wp\/v2\/product"}],"about":[{"href":"https:\/\/aufildespierres.com\/index.php\/wp-json\/wp\/v2\/types\/product"}],"replies":[{"embeddable":true,"href":"https:\/\/aufildespierres.com\/index.php\/wp-json\/wp\/v2\/comments?post=4641"}],"wp:featuredmedia":[{"embeddable":true,"href":"https:\/\/aufildespierres.com\/index.php\/wp-json\/wp\/v2\/media\/4642"}],"wp:attachment":[{"href":"https:\/\/aufildespierres.com\/index.php\/wp-json\/wp\/v2\/media?parent=4641"}],"wp:term":[{"taxonomy":"product_brand","embeddable":true,"href":"https:\/\/aufildespierres.com\/index.php\/wp-json\/wp\/v2\/product_brand?post=4641"},{"taxonomy":"product_cat","embeddable":true,"href":"https:\/\/aufildespierres.com\/index.php\/wp-json\/wp\/v2\/product_cat?post=4641"},{"taxonomy":"product_tag","embeddable":true,"href":"https:\/\/aufildespierres.com\/index.php\/wp-json\/wp\/v2\/product_tag?post=4641"}],"curies":[{"name":"wp","href":"https:\/\/api.w.org\/{rel}","templated":true}]}}