{"id":4653,"date":"2026-02-15T14:40:57","date_gmt":"2026-02-15T13:40:57","guid":{"rendered":"https:\/\/aufildespierres.com\/?post_type=product&#038;p=4653"},"modified":"2026-02-15T14:47:07","modified_gmt":"2026-02-15T13:47:07","slug":"geode-double-de-cristal-de-roche","status":"publish","type":"product","link":"https:\/\/aufildespierres.com\/index.php\/product\/geode-double-de-cristal-de-roche\/","title":{"rendered":"G\u00e9ode double de Cristal de roche"},"content":{"rendered":"<div class=\"flex h-svh w-screen flex-col\">\n<div class=\"relative z-0 flex min-h-0 w-full flex-1\">\n<div class=\"relative flex min-h-0 w-full flex-1\">\n<div class=\"@container\/main relative flex min-w-0 flex-1 flex-col -translate-y-[calc(env(safe-area-inset-bottom,0px)\/2)] pt-[calc(env(safe-area-inset-bottom,0px)\/2)]\">\n<div class=\"@w-sm\/main:[scrollbar-gutter:stable_both-edges] touch:[scrollbar-width:none] relative flex min-h-0 min-w-0 flex-1 flex-col [scrollbar-gutter:stable] not-print:overflow-x-clip not-print:overflow-y-auto scroll-pt-(--header-height) [--sticky-padding-top:var(--header-height)] has-data-[fixed-header=less-than-xl]:@w-xl\/main:scroll-pt-0 has-data-[fixed-header=less-than-xl]:@w-xl\/main:[--sticky-padding-top:0px] has-data-[fixed-header=less-than-xxl]:@w-2xl\/main:scroll-pt-0 has-data-[fixed-header=less-than-xxl]:@w-2xl\/main:[--sticky-padding-top:0px]\" data-scroll-root=\"\">\n<p>&nbsp;<\/p>\n<div id=\"thread\" class=\"group\/thread flex flex-col min-h-full\">\n<div class=\"composer-parent flex flex-1 flex-col focus-visible:outline-0\" role=\"presentation\">\n<div class=\"relative basis-auto flex-col -mb-(--composer-overlap-px) [--composer-overlap-px:28px] grow flex\">\n<div class=\"flex flex-col text-sm pb-25\">\n<article class=\"text-token-text-primary w-full focus:outline-none [--shadow-height:45px] has-data-writing-block:pointer-events-none has-data-writing-block:-mt-(--shadow-height) has-data-writing-block:pt-(--shadow-height) [&amp;:has([data-writing-block])&gt;*]:pointer-events-auto [content-visibility:auto] supports-[content-visibility:auto]:[contain-intrinsic-size:auto_100lvh] scroll-mt-[calc(var(--header-height)+min(200px,max(70px,20svh)))]\" dir=\"auto\" tabindex=\"-1\" data-turn-id=\"request-WEB:d5c829c0-4ab4-46dd-963b-44f952afc284-0\" data-testid=\"conversation-turn-2\" data-scroll-anchor=\"true\" data-turn=\"assistant\">\n<div class=\"text-base my-auto mx-auto pb-10 [--thread-content-margin:--spacing(4)] @w-sm\/main:[--thread-content-margin:--spacing(6)] @w-lg\/main:[--thread-content-margin:--spacing(16)] px-(--thread-content-margin)\">\n<div class=\"[--thread-content-max-width:40rem] @w-lg\/main:[--thread-content-max-width:48rem] mx-auto max-w-(--thread-content-max-width) flex-1 group\/turn-messages focus-visible:outline-hidden relative flex w-full min-w-0 flex-col agent-turn\" tabindex=\"-1\">\n<div class=\"flex max-w-full flex-col grow\">\n<div class=\"min-h-8 text-message relative flex w-full flex-col items-end gap-2 text-start break-words whitespace-normal [.text-message+&amp;]:mt-1\" dir=\"auto\" data-message-author-role=\"assistant\" data-message-id=\"c43523e9-e77f-429c-8b0d-bfc047ac4658\" data-message-model-slug=\"gpt-5-2\">\n<div class=\"flex w-full flex-col gap-1 empty:hidden first:pt-[1px]\">\n<div class=\"markdown prose dark:prose-invert w-full wrap-break-word light markdown-new-styling\">\n<h3 data-start=\"336\" data-end=\"387\">G\u00e9ode Double de\u00a0 Cristal de Roche<\/h3>\n<p data-start=\"389\" data-end=\"659\">Cette g\u00e9ode double de Cristal de Roche ( quartz\u00a0 ) mesure environ 9,5 x 11 cm et p\u00e8se 625 grammes . Elle r\u00e9v\u00e8le un c\u0153ur tapiss\u00e9 de cristaux lumineux, orient\u00e9s vers son centre. \u00c0 l\u2019ext\u00e9rieur, elle ressemble \u00e0 une roche ordinaire. Pourtant, lorsqu\u2019elle s\u2019ouvre, elle d\u00e9voile une cavit\u00e9 cristalline fascinante.<\/p>\n<p data-start=\"661\" data-end=\"999\">Les g\u00e9odes se forment naturellement dans des roches s\u00e9dimentaires ou dans des coul\u00e9es de lave. Au fil du temps, l\u2019eau riche en silice p\u00e9n\u00e8tre dans une cavit\u00e9. Ensuite, les cristaux de quartz se d\u00e9veloppent lentement vers l\u2019int\u00e9rieur. Ce processus peut durer des milliers d\u2019ann\u00e9es. Ainsi, chaque g\u00e9ode est une cr\u00e9ation unique de la nature.<\/p>\n<p data-start=\"1001\" data-end=\"1270\">En lithoth\u00e9rapie, le quartz blanc, aussi appel\u00e9 cristal de roche, est une pierre de paix et de clart\u00e9. Il diffuse une \u00e9nergie d&rsquo;harmonie dans les pi\u00e8ces o\u00f9 vous le placez. De plus, il agit comme amplificateur \u00e9nerg\u00e9tique. Il capte, transforme et \u00e9l\u00e8ve les vibrations.<\/p>\n<p data-start=\"1272\" data-end=\"1556\">Cette g\u00e9ode favorise la clart\u00e9 mentale et renforce votre capacit\u00e9 de concentration. Elle soutient \u00e9galement l\u2019intuition et la sagesse int\u00e9rieure. Par ailleurs, elle aide \u00e0 apaiser le stress et l\u2019anxi\u00e9t\u00e9. Son \u00e9nergie douce soutient le syst\u00e8me nerveux et am\u00e9liore la qualit\u00e9 du sommeil.<\/p>\n<p data-start=\"1558\" data-end=\"1731\">Le quartz blanc purifie et \u00e9quilibre les chakras. Il facilite le travail spirituel et la m\u00e9ditation. Vous pouvez ainsi vous lib\u00e9rer plus facilement des blocages \u00e9motionnels.<\/p>\n<p data-start=\"1733\" data-end=\"2035\">Pourquoi utiliser une g\u00e9ode pour recharger vos pierres ? C\u2019est une m\u00e9thode simple et universelle. Elle convient \u00e0 toutes les pierres, surtout si vous ignorez leurs besoins sp\u00e9cifiques. Il suffit de d\u00e9poser vos bijoux ou min\u00e9raux dans la cavit\u00e9. En quelques heures, ils retrouvent leur \u00e9nergie optimale.<\/p>\n<p data-start=\"2037\" data-end=\"2167\">Purifiez votre g\u00e9ode \u00e0 la sauge, au palo santo ou sous l\u2019eau claire. Puis rechargez l\u00e0 \u00e0 la lumi\u00e8re douce du soleil ou de la lune.<\/p>\n<p data-start=\"2174\" data-end=\"2378\" data-is-last-node=\"\" data-is-only-node=\"\">\n<\/div>\n<\/div>\n<\/div>\n<\/div>\n<div class=\"z-0 flex min-h-[46px] justify-start\"><\/div>\n<div class=\"mt-3 w-full empty:hidden\">\n<div class=\"text-center\"><\/div>\n<\/div>\n<\/div>\n<\/div>\n<\/article>\n<\/div>\n<div class=\"pointer-events-none h-px w-px absolute bottom-0\" aria-hidden=\"true\" data-edge=\"true\"><\/div>\n<\/div>\n<div id=\"thread-bottom-container\" class=\"sticky bottom-0 group\/thread-bottom-container relative isolate z-10 w-full basis-auto has-data-has-thread-error:pt-2 has-data-has-thread-error:[box-shadow:var(--sharp-edge-bottom-shadow)] md:border-transparent md:pt-0 dark:border-white\/20 md:dark:border-transparent print:hidden content-fade single-line flex flex-col\">\n<div class=\"relative h-0\"><\/div>\n<div id=\"thread-bottom\">\n<div class=\"text-base mx-auto [--thread-content-margin:--spacing(4)] @w-sm\/main:[--thread-content-margin:--spacing(6)] @w-lg\/main:[--thread-content-margin:--spacing(16)] px-(--thread-content-margin)\">\n<div class=\"[--thread-content-max-width:40rem] @w-lg\/main:[--thread-content-max-width:48rem] mx-auto max-w-(--thread-content-max-width) flex-1 mb-4\">\n<div class=\"flex justify-center empty:hidden\"><\/div>\n<\/div>\n<\/div>\n<\/div>\n<\/div>\n<\/div>\n<\/div>\n<p>&nbsp;<\/p>\n<\/div>\n<\/div>\n<\/div>\n<\/div>\n<\/div>\n","protected":false},"excerpt":{"rendered":"<p>&nbsp; G\u00e9ode Double de\u00a0 Cristal de Roche Cette g\u00e9ode double de Cristal de Roche ( quartz\u00a0 ) mesure environ 9,5 x 11 cm et p\u00e8se 625 grammes . Elle r\u00e9v\u00e8le un c\u0153ur tapiss\u00e9 de cristaux lumineux, orient\u00e9s vers son centre. \u00c0 l\u2019ext\u00e9rieur, elle ressemble \u00e0 une roche ordinaire. Pourtant, lorsqu\u2019elle s\u2019ouvre, elle d\u00e9voile une cavit\u00e9 [&hellip;]<\/p>\n","protected":false},"featured_media":4655,"comment_status":"open","ping_status":"closed","template":"","meta":{"site-sidebar-layout":"default","site-content-layout":"","ast-site-content-layout":"default","site-content-style":"default","site-sidebar-style":"default","ast-global-header-display":"","ast-banner-title-visibility":"","ast-main-header-display":"","ast-hfb-above-header-display":"","ast-hfb-below-header-display":"","ast-hfb-mobile-header-display":"","site-post-title":"","ast-breadcrumbs-content":"","ast-featured-img":"","footer-sml-layout":"","ast-disable-related-posts":"","theme-transparent-header-meta":"default","adv-header-id-meta":"","stick-header-meta":"","header-above-stick-meta":"","header-main-stick-meta":"","header-below-stick-meta":"","astra-migrate-meta-layouts":"set","ast-page-background-enabled":"default","ast-page-background-meta":{"desktop":{"background-color":"var(--ast-global-color-4)","background-image":"","background-repeat":"repeat","background-position":"center center","background-size":"auto","background-attachment":"scroll","background-type":"","background-media":"","overlay-type":"","overlay-color":"","overlay-opacity":"","overlay-gradient":""},"tablet":{"background-color":"","background-image":"","background-repeat":"repeat","background-position":"center center","background-size":"auto","background-attachment":"scroll","background-type":"","background-media":"","overlay-type":"","overlay-color":"","overlay-opacity":"","overlay-gradient":""},"mobile":{"background-color":"","background-image":"","background-repeat":"repeat","background-position":"center center","background-size":"auto","background-attachment":"scroll","background-type":"","background-media":"","overlay-type":"","overlay-color":"","overlay-opacity":"","overlay-gradient":""}},"ast-content-background-meta":{"desktop":{"background-color":"var(--ast-global-color-5)","background-image":"","background-repeat":"repeat","background-position":"center center","background-size":"auto","background-attachment":"scroll","background-type":"","background-media":"","overlay-type":"","overlay-color":"","overlay-opacity":"","overlay-gradient":""},"tablet":{"background-color":"var(--ast-global-color-5)","background-image":"","background-repeat":"repeat","background-position":"center center","background-size":"auto","background-attachment":"scroll","background-type":"","background-media":"","overlay-type":"","overlay-color":"","overlay-opacity":"","overlay-gradient":""},"mobile":{"background-color":"var(--ast-global-color-5)","background-image":"","background-repeat":"repeat","background-position":"center center","background-size":"auto","background-attachment":"scroll","background-type":"","background-media":"","overlay-type":"","overlay-color":"","overlay-opacity":"","overlay-gradient":""}},"_glsr_average":0,"_glsr_ranking":0,"_glsr_reviews":0},"product_brand":[],"product_cat":[33,67,93,31,35,251],"product_tag":[],"class_list":{"0":"post-4653","1":"product","2":"type-product","3":"status-publish","4":"has-post-thumbnail","6":"product_cat-accessoires-de-lithotherapie","7":"product_cat-blanc","8":"product_cat-cristal-de-roche","9":"product_cat-pierres-brutes","10":"product_cat-rechargement","11":"product_cat-yooperlite","12":"desktop-align-left","13":"tablet-align-left","14":"mobile-align-left","16":"first","17":"instock","18":"purchasable","19":"product-type-simple"},"yoast_head":"<!-- This site is optimized with the Yoast SEO plugin v27.5 - https:\/\/yoast.com\/product\/yoast-seo-wordpress\/ -->\n<title>G\u00e9ode double de Cristal de roche - Au fil des pierres<\/title>\n<meta name=\"description\" content=\"G\u00e9ode double de quartz blanc 9,5 x 11 cm. Pierre d\u2019harmonisation et d\u2019amplification \u00e9nerg\u00e9tique, id\u00e9ale pour purifier, recharger vos pierres et apaiser votre int\u00e9rieur.\" \/>\n<meta name=\"robots\" content=\"index, follow, max-snippet:-1, max-image-preview:large, max-video-preview:-1\" \/>\n<link rel=\"canonical\" href=\"https:\/\/aufildespierres.com\/index.php\/product\/geode-double-de-cristal-de-roche\/\" \/>\n<meta property=\"og:locale\" content=\"fr_FR\" \/>\n<meta property=\"og:type\" content=\"article\" \/>\n<meta property=\"og:title\" content=\"G\u00e9ode double de Cristal de roche - Au fil des pierres\" \/>\n<meta property=\"og:description\" content=\"G\u00e9ode double de quartz blanc 9,5 x 11 cm. Pierre d\u2019harmonisation et d\u2019amplification \u00e9nerg\u00e9tique, id\u00e9ale pour purifier, recharger vos pierres et apaiser votre int\u00e9rieur.\" \/>\n<meta property=\"og:url\" content=\"https:\/\/aufildespierres.com\/index.php\/product\/geode-double-de-cristal-de-roche\/\" \/>\n<meta property=\"og:site_name\" content=\"Au fil des pierres\" \/>\n<meta property=\"article:modified_time\" content=\"2026-02-15T13:47:07+00:00\" \/>\n<meta property=\"og:image\" content=\"https:\/\/aufildespierres.com\/wp-content\/uploads\/2026\/02\/geode-site-web-.jpeg\" \/>\n\t<meta property=\"og:image:width\" content=\"1152\" \/>\n\t<meta property=\"og:image:height\" content=\"2048\" \/>\n\t<meta property=\"og:image:type\" content=\"image\/jpeg\" \/>\n<meta name=\"twitter:card\" content=\"summary_large_image\" \/>\n<meta name=\"twitter:label1\" content=\"Dur\u00e9e de lecture estim\u00e9e\" \/>\n\t<meta name=\"twitter:data1\" content=\"2 minutes\" \/>\n<script type=\"application\/ld+json\" class=\"yoast-schema-graph\">{\"@context\":\"https:\\\/\\\/schema.org\",\"@graph\":[{\"@type\":\"WebPage\",\"@id\":\"https:\\\/\\\/aufildespierres.com\\\/index.php\\\/product\\\/geode-double-de-cristal-de-roche\\\/\",\"url\":\"https:\\\/\\\/aufildespierres.com\\\/index.php\\\/product\\\/geode-double-de-cristal-de-roche\\\/\",\"name\":\"G\u00e9ode double de Cristal de roche - Au fil des pierres\",\"isPartOf\":{\"@id\":\"https:\\\/\\\/aufildespierres.com\\\/#website\"},\"primaryImageOfPage\":{\"@id\":\"https:\\\/\\\/aufildespierres.com\\\/index.php\\\/product\\\/geode-double-de-cristal-de-roche\\\/#primaryimage\"},\"image\":{\"@id\":\"https:\\\/\\\/aufildespierres.com\\\/index.php\\\/product\\\/geode-double-de-cristal-de-roche\\\/#primaryimage\"},\"thumbnailUrl\":\"https:\\\/\\\/aufildespierres.com\\\/wp-content\\\/uploads\\\/2026\\\/02\\\/geode-site-web-.jpeg\",\"datePublished\":\"2026-02-15T13:40:57+00:00\",\"dateModified\":\"2026-02-15T13:47:07+00:00\",\"description\":\"G\u00e9ode double de quartz blanc 9,5 x 11 cm. Pierre d\u2019harmonisation et d\u2019amplification \u00e9nerg\u00e9tique, id\u00e9ale pour purifier, recharger vos pierres et apaiser votre int\u00e9rieur.\",\"breadcrumb\":{\"@id\":\"https:\\\/\\\/aufildespierres.com\\\/index.php\\\/product\\\/geode-double-de-cristal-de-roche\\\/#breadcrumb\"},\"inLanguage\":\"fr-FR\",\"potentialAction\":[{\"@type\":\"ReadAction\",\"target\":[\"https:\\\/\\\/aufildespierres.com\\\/index.php\\\/product\\\/geode-double-de-cristal-de-roche\\\/\"]}]},{\"@type\":\"ImageObject\",\"inLanguage\":\"fr-FR\",\"@id\":\"https:\\\/\\\/aufildespierres.com\\\/index.php\\\/product\\\/geode-double-de-cristal-de-roche\\\/#primaryimage\",\"url\":\"https:\\\/\\\/aufildespierres.com\\\/wp-content\\\/uploads\\\/2026\\\/02\\\/geode-site-web-.jpeg\",\"contentUrl\":\"https:\\\/\\\/aufildespierres.com\\\/wp-content\\\/uploads\\\/2026\\\/02\\\/geode-site-web-.jpeg\",\"width\":1152,\"height\":2048,\"caption\":\"G\u00e9ode double Cristal de Roche\"},{\"@type\":\"BreadcrumbList\",\"@id\":\"https:\\\/\\\/aufildespierres.com\\\/index.php\\\/product\\\/geode-double-de-cristal-de-roche\\\/#breadcrumb\",\"itemListElement\":[{\"@type\":\"ListItem\",\"position\":1,\"name\":\"Accueil\",\"item\":\"https:\\\/\\\/aufildespierres.com\\\/\"},{\"@type\":\"ListItem\",\"position\":2,\"name\":\"Boutique de Lithoth\u00e9rapie\",\"item\":\"https:\\\/\\\/aufildespierres.com\\\/index.php\\\/boutique-de-lithotherapie\\\/\"},{\"@type\":\"ListItem\",\"position\":3,\"name\":\"G\u00e9ode double de Cristal de roche\"}]},{\"@type\":\"WebSite\",\"@id\":\"https:\\\/\\\/aufildespierres.com\\\/#website\",\"url\":\"https:\\\/\\\/aufildespierres.com\\\/\",\"name\":\"Au fil des pierres\",\"description\":\"Au fil des pierres\",\"publisher\":{\"@id\":\"https:\\\/\\\/aufildespierres.com\\\/#organization\"},\"potentialAction\":[{\"@type\":\"SearchAction\",\"target\":{\"@type\":\"EntryPoint\",\"urlTemplate\":\"https:\\\/\\\/aufildespierres.com\\\/?s={search_term_string}\"},\"query-input\":{\"@type\":\"PropertyValueSpecification\",\"valueRequired\":true,\"valueName\":\"search_term_string\"}}],\"inLanguage\":\"fr-FR\"},{\"@type\":\"Organization\",\"@id\":\"https:\\\/\\\/aufildespierres.com\\\/#organization\",\"name\":\"Au fil des pierres\",\"url\":\"https:\\\/\\\/aufildespierres.com\\\/\",\"logo\":{\"@type\":\"ImageObject\",\"inLanguage\":\"fr-FR\",\"@id\":\"https:\\\/\\\/aufildespierres.com\\\/#\\\/schema\\\/logo\\\/image\\\/\",\"url\":\"https:\\\/\\\/aufildespierres.com\\\/wp-content\\\/uploads\\\/2023\\\/05\\\/cropped-Logo-PNG-Transparent.png\",\"contentUrl\":\"https:\\\/\\\/aufildespierres.com\\\/wp-content\\\/uploads\\\/2023\\\/05\\\/cropped-Logo-PNG-Transparent.png\",\"width\":1776,\"height\":1625,\"caption\":\"Au fil des pierres\"},\"image\":{\"@id\":\"https:\\\/\\\/aufildespierres.com\\\/#\\\/schema\\\/logo\\\/image\\\/\"}}]}<\/script>\n<!-- \/ Yoast SEO plugin. -->","yoast_head_json":{"title":"G\u00e9ode double de Cristal de roche - Au fil des pierres","description":"G\u00e9ode double de quartz blanc 9,5 x 11 cm. Pierre d\u2019harmonisation et d\u2019amplification \u00e9nerg\u00e9tique, id\u00e9ale pour purifier, recharger vos pierres et apaiser votre int\u00e9rieur.","robots":{"index":"index","follow":"follow","max-snippet":"max-snippet:-1","max-image-preview":"max-image-preview:large","max-video-preview":"max-video-preview:-1"},"canonical":"https:\/\/aufildespierres.com\/index.php\/product\/geode-double-de-cristal-de-roche\/","og_locale":"fr_FR","og_type":"article","og_title":"G\u00e9ode double de Cristal de roche - Au fil des pierres","og_description":"G\u00e9ode double de quartz blanc 9,5 x 11 cm. Pierre d\u2019harmonisation et d\u2019amplification \u00e9nerg\u00e9tique, id\u00e9ale pour purifier, recharger vos pierres et apaiser votre int\u00e9rieur.","og_url":"https:\/\/aufildespierres.com\/index.php\/product\/geode-double-de-cristal-de-roche\/","og_site_name":"Au fil des pierres","article_modified_time":"2026-02-15T13:47:07+00:00","og_image":[{"width":1152,"height":2048,"url":"https:\/\/aufildespierres.com\/wp-content\/uploads\/2026\/02\/geode-site-web-.jpeg","type":"image\/jpeg"}],"twitter_card":"summary_large_image","twitter_misc":{"Dur\u00e9e de lecture estim\u00e9e":"2 minutes"},"schema":{"@context":"https:\/\/schema.org","@graph":[{"@type":"WebPage","@id":"https:\/\/aufildespierres.com\/index.php\/product\/geode-double-de-cristal-de-roche\/","url":"https:\/\/aufildespierres.com\/index.php\/product\/geode-double-de-cristal-de-roche\/","name":"G\u00e9ode double de Cristal de roche - Au fil des pierres","isPartOf":{"@id":"https:\/\/aufildespierres.com\/#website"},"primaryImageOfPage":{"@id":"https:\/\/aufildespierres.com\/index.php\/product\/geode-double-de-cristal-de-roche\/#primaryimage"},"image":{"@id":"https:\/\/aufildespierres.com\/index.php\/product\/geode-double-de-cristal-de-roche\/#primaryimage"},"thumbnailUrl":"https:\/\/aufildespierres.com\/wp-content\/uploads\/2026\/02\/geode-site-web-.jpeg","datePublished":"2026-02-15T13:40:57+00:00","dateModified":"2026-02-15T13:47:07+00:00","description":"G\u00e9ode double de quartz blanc 9,5 x 11 cm. Pierre d\u2019harmonisation et d\u2019amplification \u00e9nerg\u00e9tique, id\u00e9ale pour purifier, recharger vos pierres et apaiser votre int\u00e9rieur.","breadcrumb":{"@id":"https:\/\/aufildespierres.com\/index.php\/product\/geode-double-de-cristal-de-roche\/#breadcrumb"},"inLanguage":"fr-FR","potentialAction":[{"@type":"ReadAction","target":["https:\/\/aufildespierres.com\/index.php\/product\/geode-double-de-cristal-de-roche\/"]}]},{"@type":"ImageObject","inLanguage":"fr-FR","@id":"https:\/\/aufildespierres.com\/index.php\/product\/geode-double-de-cristal-de-roche\/#primaryimage","url":"https:\/\/aufildespierres.com\/wp-content\/uploads\/2026\/02\/geode-site-web-.jpeg","contentUrl":"https:\/\/aufildespierres.com\/wp-content\/uploads\/2026\/02\/geode-site-web-.jpeg","width":1152,"height":2048,"caption":"G\u00e9ode double Cristal de Roche"},{"@type":"BreadcrumbList","@id":"https:\/\/aufildespierres.com\/index.php\/product\/geode-double-de-cristal-de-roche\/#breadcrumb","itemListElement":[{"@type":"ListItem","position":1,"name":"Accueil","item":"https:\/\/aufildespierres.com\/"},{"@type":"ListItem","position":2,"name":"Boutique de Lithoth\u00e9rapie","item":"https:\/\/aufildespierres.com\/index.php\/boutique-de-lithotherapie\/"},{"@type":"ListItem","position":3,"name":"G\u00e9ode double de Cristal de roche"}]},{"@type":"WebSite","@id":"https:\/\/aufildespierres.com\/#website","url":"https:\/\/aufildespierres.com\/","name":"Au fil des pierres","description":"Au fil des pierres","publisher":{"@id":"https:\/\/aufildespierres.com\/#organization"},"potentialAction":[{"@type":"SearchAction","target":{"@type":"EntryPoint","urlTemplate":"https:\/\/aufildespierres.com\/?s={search_term_string}"},"query-input":{"@type":"PropertyValueSpecification","valueRequired":true,"valueName":"search_term_string"}}],"inLanguage":"fr-FR"},{"@type":"Organization","@id":"https:\/\/aufildespierres.com\/#organization","name":"Au fil des pierres","url":"https:\/\/aufildespierres.com\/","logo":{"@type":"ImageObject","inLanguage":"fr-FR","@id":"https:\/\/aufildespierres.com\/#\/schema\/logo\/image\/","url":"https:\/\/aufildespierres.com\/wp-content\/uploads\/2023\/05\/cropped-Logo-PNG-Transparent.png","contentUrl":"https:\/\/aufildespierres.com\/wp-content\/uploads\/2023\/05\/cropped-Logo-PNG-Transparent.png","width":1776,"height":1625,"caption":"Au fil des pierres"},"image":{"@id":"https:\/\/aufildespierres.com\/#\/schema\/logo\/image\/"}}]}},"_links":{"self":[{"href":"https:\/\/aufildespierres.com\/index.php\/wp-json\/wp\/v2\/product\/4653","targetHints":{"allow":["GET"]}}],"collection":[{"href":"https:\/\/aufildespierres.com\/index.php\/wp-json\/wp\/v2\/product"}],"about":[{"href":"https:\/\/aufildespierres.com\/index.php\/wp-json\/wp\/v2\/types\/product"}],"replies":[{"embeddable":true,"href":"https:\/\/aufildespierres.com\/index.php\/wp-json\/wp\/v2\/comments?post=4653"}],"wp:featuredmedia":[{"embeddable":true,"href":"https:\/\/aufildespierres.com\/index.php\/wp-json\/wp\/v2\/media\/4655"}],"wp:attachment":[{"href":"https:\/\/aufildespierres.com\/index.php\/wp-json\/wp\/v2\/media?parent=4653"}],"wp:term":[{"taxonomy":"product_brand","embeddable":true,"href":"https:\/\/aufildespierres.com\/index.php\/wp-json\/wp\/v2\/product_brand?post=4653"},{"taxonomy":"product_cat","embeddable":true,"href":"https:\/\/aufildespierres.com\/index.php\/wp-json\/wp\/v2\/product_cat?post=4653"},{"taxonomy":"product_tag","embeddable":true,"href":"https:\/\/aufildespierres.com\/index.php\/wp-json\/wp\/v2\/product_tag?post=4653"}],"curies":[{"name":"wp","href":"https:\/\/api.w.org\/{rel}","templated":true}]}}