{"id":4666,"date":"2026-02-15T16:16:26","date_gmt":"2026-02-15T15:16:26","guid":{"rendered":"https:\/\/aufildespierres.com\/?post_type=product&#038;p=4666"},"modified":"2026-02-15T16:16:26","modified_gmt":"2026-02-15T15:16:26","slug":"cornaline-en-forme-libre","status":"publish","type":"product","link":"https:\/\/aufildespierres.com\/index.php\/product\/cornaline-en-forme-libre\/","title":{"rendered":"Cornaline en forme libre"},"content":{"rendered":"<p data-start=\"82\" data-end=\"408\">La <strong data-start=\"85\" data-end=\"98\">Cornaline<\/strong> en forme libre de 265 grammes qui mesure 7x 6 cm environ,\u00a0 est une pierre chaleureuse et intens\u00e9ment vivifiante. Ses nuances orang\u00e9es \u00e0 rouge profond symbolisent l\u2019\u00e9nergie, la cr\u00e9ativit\u00e9 et l\u2019\u00e9lan de vie. Sa forme libre polie r\u00e9v\u00e8le toute la richesse naturelle de la mati\u00e8re tout en offrant une pr\u00e9sence \u00e9nerg\u00e9tique stable et harmonieuse.<\/p>\n<h3 data-start=\"410\" data-end=\"434\">Formation g\u00e9ologique<\/h3>\n<p data-start=\"436\" data-end=\"638\">La Cornaline appartient \u00e0 la famille des calc\u00e9doines, vari\u00e9t\u00e9 de quartz microcristallin. Elle se forme lorsque des solutions riches en silice se d\u00e9posent dans des cavit\u00e9s volcaniques ou s\u00e9dimentaires.<\/p>\n<p data-start=\"640\" data-end=\"904\">Sa couleur caract\u00e9ristique provient des oxydes de fer pr\u00e9sents lors de sa formation. Selon leur concentration, elle varie de l\u2019orange lumineux au rouge brun profond. La cristallisation lente lui donne sa texture dense et l\u00e9g\u00e8rement translucide sur certaines zones.<\/p>\n<p data-start=\"906\" data-end=\"1002\">Chaque pi\u00e8ce est unique, fa\u00e7onn\u00e9e par la nature puis polie pour sublimer ses nuances naturelles.<\/p>\n<hr data-start=\"1004\" data-end=\"1007\" \/>\n<h2 data-start=\"1009\" data-end=\"1035\">Vertus en lithoth\u00e9rapie<\/h2>\n<p data-start=\"1037\" data-end=\"1364\">Pierre d\u2019action et de stabilit\u00e9, la Cornaline favorise la <strong data-start=\"1095\" data-end=\"1115\">confiance en soi<\/strong> et aide \u00e0 prendre des initiatives avec sens des responsabilit\u00e9s. Elle soutient l\u2019engagement dans de nouvelles perspectives et \u00e9vite de rester fig\u00e9 sur une exp\u00e9rience douloureuse. V\u00e9ritable soutien \u00e9nerg\u00e9tique, elle encourage \u00e0 avancer avec courage.<\/p>\n<p data-start=\"1366\" data-end=\"1668\">Reli\u00e9e au chakra sacr\u00e9, elle permet de vivre pleinement le moment pr\u00e9sent en nous reliant \u00e0 la Terre. Elle apporte r\u00e9confort, apaisement et favorise l\u2019acceptation de soi. De plus, elle aide \u00e0 mieux g\u00e9rer les \u00e9motions et \u00e0 limiter l\u2019agitation mentale afin de retrouver un ressenti corporel plus profond.<\/p>\n<p data-start=\"1670\" data-end=\"1871\">La Cornaline stimule la vitalit\u00e9, la concentration et la m\u00e9moire. Elle accompagne particuli\u00e8rement les personnes distraites ou confuses en les aidant \u00e0 retrouver un sens et une direction dans leur vie.<\/p>\n<p data-start=\"1873\" data-end=\"2086\">Elle dissipe la col\u00e8re, la jalousie et la rancune. Ainsi, elle peut apaiser les temp\u00e9raments col\u00e9riques ou tr\u00e8s \u00e9motifs. Elle lib\u00e8re \u00e9galement les complexes et favorise une meilleure acceptation du corps physique.<\/p>\n<p data-start=\"2088\" data-end=\"2306\">Pierre connue pour son \u00e9nergie chaleureuse, elle stimule la libido, le d\u00e9sir et peut accompagner les p\u00e9riodes de baisse d\u2019\u00e9nergie intime. Elle est traditionnellement associ\u00e9e \u00e0 la fertilit\u00e9 et aux projets de f\u00e9condit\u00e9.<\/p>\n<hr data-start=\"2308\" data-end=\"2311\" \/>\n<h2 data-start=\"2313\" data-end=\"2358\">Propri\u00e9t\u00e9s \u00e9nerg\u00e9tiques et traditionnelles<\/h2>\n<p data-start=\"2360\" data-end=\"2480\">Sur le plan \u00e9nerg\u00e9tique, la Cornaline r\u00e9gule l\u2019\u00e9nergie du corps en absorbant les blocages plut\u00f4t qu\u2019en les amplifiant.<\/p>\n<p data-start=\"2482\" data-end=\"2750\">Dans les traditions de lithoth\u00e9rapie, elle est associ\u00e9e au soutien des cycles f\u00e9minins, \u00e0 l\u2019accompagnement de la m\u00e9nopause et \u00e0 l\u2019harmonisation de la zone des ovaires. Elle est \u00e9galement r\u00e9put\u00e9e pour favoriser la f\u00e9condit\u00e9 et diminuer certains blocages d\u2019ordre intime.<\/p>\n<p data-start=\"2752\" data-end=\"3041\">Elle est traditionnellement li\u00e9e \u00e0 la purification du sang et des liquides corporels, ainsi qu\u2019\u00e0 la stimulation de la circulation sanguine. On l\u2019associe aussi au soutien du syst\u00e8me digestif et pulmonaire (asthme, rhume des foins, bronchite, troubles h\u00e9patiques, colites ou maux de ventre).<\/p>\n<p data-start=\"3043\" data-end=\"3152\">\u00a0Ces indications rel\u00e8vent des traditions de la lithoth\u00e9rapie et ne remplacent en aucun cas un avis m\u00e9dical.<\/p>\n<hr data-start=\"3154\" data-end=\"3157\" \/>\n<h2 data-start=\"3159\" data-end=\"3190\">Purification et rechargement<\/h2>\n<p data-start=\"3192\" data-end=\"3326\">Purifiez votre Cornaline \u00e0 l\u2019eau claire, puis s\u00e9chez l\u00e0 soigneusement. La fumigation \u00e0 la sauge ou au palo santo convient \u00e9galement.<\/p>\n<p data-start=\"3328\" data-end=\"3514\">Rechargez l\u00e0 \u00e0 la lumi\u00e8re du soleil doux, id\u00e9alement le matin. Elle appr\u00e9cie particuli\u00e8rement l\u2019\u00e9nergie solaire. Vous pouvez aussi la d\u00e9poser sur une g\u00e9ode de quartz .<\/p>\n","protected":false},"excerpt":{"rendered":"<p>La Cornaline en forme libre de 265 grammes qui mesure 7x 6 cm environ,\u00a0 est une pierre chaleureuse et intens\u00e9ment vivifiante. Ses nuances orang\u00e9es \u00e0 rouge profond symbolisent l\u2019\u00e9nergie, la cr\u00e9ativit\u00e9 et l\u2019\u00e9lan de vie. Sa forme libre polie r\u00e9v\u00e8le toute la richesse naturelle de la mati\u00e8re tout en offrant une pr\u00e9sence \u00e9nerg\u00e9tique stable et [&hellip;]<\/p>\n","protected":false},"featured_media":4667,"comment_status":"open","ping_status":"closed","template":"","meta":{"site-sidebar-layout":"default","site-content-layout":"","ast-site-content-layout":"default","site-content-style":"default","site-sidebar-style":"default","ast-global-header-display":"","ast-banner-title-visibility":"","ast-main-header-display":"","ast-hfb-above-header-display":"","ast-hfb-below-header-display":"","ast-hfb-mobile-header-display":"","site-post-title":"","ast-breadcrumbs-content":"","ast-featured-img":"","footer-sml-layout":"","ast-disable-related-posts":"","theme-transparent-header-meta":"default","adv-header-id-meta":"","stick-header-meta":"","header-above-stick-meta":"","header-main-stick-meta":"","header-below-stick-meta":"","astra-migrate-meta-layouts":"set","ast-page-background-enabled":"default","ast-page-background-meta":{"desktop":{"background-color":"var(--ast-global-color-4)","background-image":"","background-repeat":"repeat","background-position":"center center","background-size":"auto","background-attachment":"scroll","background-type":"","background-media":"","overlay-type":"","overlay-color":"","overlay-opacity":"","overlay-gradient":""},"tablet":{"background-color":"","background-image":"","background-repeat":"repeat","background-position":"center center","background-size":"auto","background-attachment":"scroll","background-type":"","background-media":"","overlay-type":"","overlay-color":"","overlay-opacity":"","overlay-gradient":""},"mobile":{"background-color":"","background-image":"","background-repeat":"repeat","background-position":"center center","background-size":"auto","background-attachment":"scroll","background-type":"","background-media":"","overlay-type":"","overlay-color":"","overlay-opacity":"","overlay-gradient":""}},"ast-content-background-meta":{"desktop":{"background-color":"var(--ast-global-color-5)","background-image":"","background-repeat":"repeat","background-position":"center center","background-size":"auto","background-attachment":"scroll","background-type":"","background-media":"","overlay-type":"","overlay-color":"","overlay-opacity":"","overlay-gradient":""},"tablet":{"background-color":"var(--ast-global-color-5)","background-image":"","background-repeat":"repeat","background-position":"center center","background-size":"auto","background-attachment":"scroll","background-type":"","background-media":"","overlay-type":"","overlay-color":"","overlay-opacity":"","overlay-gradient":""},"mobile":{"background-color":"var(--ast-global-color-5)","background-image":"","background-repeat":"repeat","background-position":"center center","background-size":"auto","background-attachment":"scroll","background-type":"","background-media":"","overlay-type":"","overlay-color":"","overlay-opacity":"","overlay-gradient":""}},"_glsr_average":0,"_glsr_ranking":0,"_glsr_reviews":0},"product_brand":[],"product_cat":[49,95,179,142,76,200,41],"product_tag":[],"class_list":{"0":"post-4666","1":"product","2":"type-product","3":"status-publish","4":"has-post-thumbnail","6":"product_cat-confiance-en-soi","7":"product_cat-cornaline","8":"product_cat-formes-libres","9":"product_cat-orange","10":"product_cat-rouge","11":"product_cat-sculptees","12":"product_cat-vitalite","13":"desktop-align-left","14":"tablet-align-left","15":"mobile-align-left","17":"first","18":"instock","19":"purchasable","20":"product-type-simple"},"yoast_head":"<!-- This site is optimized with the Yoast SEO plugin v27.4 - https:\/\/yoast.com\/product\/yoast-seo-wordpress\/ -->\n<title>Cornaline en forme libre - Au fil des pierres<\/title>\n<meta name=\"description\" content=\"Cornaline forme libre 265g : pierre de vitalit\u00e9, confiance et cr\u00e9ativit\u00e9. D\u00e9couvrez ses vertus en lithoth\u00e9rapie, ses propri\u00e9t\u00e9s \u00e9nerg\u00e9tiques, ainsi que ses conseils de purification et rechargement.\" \/>\n<meta name=\"robots\" content=\"index, follow, max-snippet:-1, max-image-preview:large, max-video-preview:-1\" \/>\n<link rel=\"canonical\" href=\"https:\/\/aufildespierres.com\/index.php\/product\/cornaline-en-forme-libre\/\" \/>\n<meta property=\"og:locale\" content=\"fr_FR\" \/>\n<meta property=\"og:type\" content=\"article\" \/>\n<meta property=\"og:title\" content=\"Cornaline en forme libre - Au fil des pierres\" \/>\n<meta property=\"og:description\" content=\"Cornaline forme libre 265g : pierre de vitalit\u00e9, confiance et cr\u00e9ativit\u00e9. D\u00e9couvrez ses vertus en lithoth\u00e9rapie, ses propri\u00e9t\u00e9s \u00e9nerg\u00e9tiques, ainsi que ses conseils de purification et rechargement.\" \/>\n<meta property=\"og:url\" content=\"https:\/\/aufildespierres.com\/index.php\/product\/cornaline-en-forme-libre\/\" \/>\n<meta property=\"og:site_name\" content=\"Au fil des pierres\" \/>\n<meta property=\"og:image\" content=\"https:\/\/aufildespierres.com\/wp-content\/uploads\/2026\/02\/20260214_165541-scaled.jpg\" \/>\n\t<meta property=\"og:image:width\" content=\"1864\" \/>\n\t<meta property=\"og:image:height\" content=\"2560\" \/>\n\t<meta property=\"og:image:type\" content=\"image\/jpeg\" \/>\n<meta name=\"twitter:card\" content=\"summary_large_image\" \/>\n<meta name=\"twitter:label1\" content=\"Dur\u00e9e de lecture estim\u00e9e\" \/>\n\t<meta name=\"twitter:data1\" content=\"3 minutes\" \/>\n<script type=\"application\/ld+json\" class=\"yoast-schema-graph\">{\"@context\":\"https:\\\/\\\/schema.org\",\"@graph\":[{\"@type\":\"WebPage\",\"@id\":\"https:\\\/\\\/aufildespierres.com\\\/index.php\\\/product\\\/cornaline-en-forme-libre\\\/\",\"url\":\"https:\\\/\\\/aufildespierres.com\\\/index.php\\\/product\\\/cornaline-en-forme-libre\\\/\",\"name\":\"Cornaline en forme libre - Au fil des pierres\",\"isPartOf\":{\"@id\":\"https:\\\/\\\/aufildespierres.com\\\/#website\"},\"primaryImageOfPage\":{\"@id\":\"https:\\\/\\\/aufildespierres.com\\\/index.php\\\/product\\\/cornaline-en-forme-libre\\\/#primaryimage\"},\"image\":{\"@id\":\"https:\\\/\\\/aufildespierres.com\\\/index.php\\\/product\\\/cornaline-en-forme-libre\\\/#primaryimage\"},\"thumbnailUrl\":\"https:\\\/\\\/aufildespierres.com\\\/wp-content\\\/uploads\\\/2026\\\/02\\\/20260214_165541-scaled.jpg\",\"datePublished\":\"2026-02-15T15:16:26+00:00\",\"description\":\"Cornaline forme libre 265g : pierre de vitalit\u00e9, confiance et cr\u00e9ativit\u00e9. D\u00e9couvrez ses vertus en lithoth\u00e9rapie, ses propri\u00e9t\u00e9s \u00e9nerg\u00e9tiques, ainsi que ses conseils de purification et rechargement.\",\"breadcrumb\":{\"@id\":\"https:\\\/\\\/aufildespierres.com\\\/index.php\\\/product\\\/cornaline-en-forme-libre\\\/#breadcrumb\"},\"inLanguage\":\"fr-FR\",\"potentialAction\":[{\"@type\":\"ReadAction\",\"target\":[\"https:\\\/\\\/aufildespierres.com\\\/index.php\\\/product\\\/cornaline-en-forme-libre\\\/\"]}]},{\"@type\":\"ImageObject\",\"inLanguage\":\"fr-FR\",\"@id\":\"https:\\\/\\\/aufildespierres.com\\\/index.php\\\/product\\\/cornaline-en-forme-libre\\\/#primaryimage\",\"url\":\"https:\\\/\\\/aufildespierres.com\\\/wp-content\\\/uploads\\\/2026\\\/02\\\/20260214_165541-scaled.jpg\",\"contentUrl\":\"https:\\\/\\\/aufildespierres.com\\\/wp-content\\\/uploads\\\/2026\\\/02\\\/20260214_165541-scaled.jpg\",\"width\":1864,\"height\":2560},{\"@type\":\"BreadcrumbList\",\"@id\":\"https:\\\/\\\/aufildespierres.com\\\/index.php\\\/product\\\/cornaline-en-forme-libre\\\/#breadcrumb\",\"itemListElement\":[{\"@type\":\"ListItem\",\"position\":1,\"name\":\"Accueil\",\"item\":\"https:\\\/\\\/aufildespierres.com\\\/\"},{\"@type\":\"ListItem\",\"position\":2,\"name\":\"Boutique de Lithoth\u00e9rapie\",\"item\":\"https:\\\/\\\/aufildespierres.com\\\/index.php\\\/boutique-de-lithotherapie\\\/\"},{\"@type\":\"ListItem\",\"position\":3,\"name\":\"Cornaline en forme libre\"}]},{\"@type\":\"WebSite\",\"@id\":\"https:\\\/\\\/aufildespierres.com\\\/#website\",\"url\":\"https:\\\/\\\/aufildespierres.com\\\/\",\"name\":\"Au fil des pierres\",\"description\":\"Au fil des pierres\",\"publisher\":{\"@id\":\"https:\\\/\\\/aufildespierres.com\\\/#organization\"},\"potentialAction\":[{\"@type\":\"SearchAction\",\"target\":{\"@type\":\"EntryPoint\",\"urlTemplate\":\"https:\\\/\\\/aufildespierres.com\\\/?s={search_term_string}\"},\"query-input\":{\"@type\":\"PropertyValueSpecification\",\"valueRequired\":true,\"valueName\":\"search_term_string\"}}],\"inLanguage\":\"fr-FR\"},{\"@type\":\"Organization\",\"@id\":\"https:\\\/\\\/aufildespierres.com\\\/#organization\",\"name\":\"Au fil des pierres\",\"url\":\"https:\\\/\\\/aufildespierres.com\\\/\",\"logo\":{\"@type\":\"ImageObject\",\"inLanguage\":\"fr-FR\",\"@id\":\"https:\\\/\\\/aufildespierres.com\\\/#\\\/schema\\\/logo\\\/image\\\/\",\"url\":\"https:\\\/\\\/aufildespierres.com\\\/wp-content\\\/uploads\\\/2023\\\/05\\\/cropped-Logo-PNG-Transparent.png\",\"contentUrl\":\"https:\\\/\\\/aufildespierres.com\\\/wp-content\\\/uploads\\\/2023\\\/05\\\/cropped-Logo-PNG-Transparent.png\",\"width\":1776,\"height\":1625,\"caption\":\"Au fil des pierres\"},\"image\":{\"@id\":\"https:\\\/\\\/aufildespierres.com\\\/#\\\/schema\\\/logo\\\/image\\\/\"}}]}<\/script>\n<!-- \/ Yoast SEO plugin. -->","yoast_head_json":{"title":"Cornaline en forme libre - Au fil des pierres","description":"Cornaline forme libre 265g : pierre de vitalit\u00e9, confiance et cr\u00e9ativit\u00e9. D\u00e9couvrez ses vertus en lithoth\u00e9rapie, ses propri\u00e9t\u00e9s \u00e9nerg\u00e9tiques, ainsi que ses conseils de purification et rechargement.","robots":{"index":"index","follow":"follow","max-snippet":"max-snippet:-1","max-image-preview":"max-image-preview:large","max-video-preview":"max-video-preview:-1"},"canonical":"https:\/\/aufildespierres.com\/index.php\/product\/cornaline-en-forme-libre\/","og_locale":"fr_FR","og_type":"article","og_title":"Cornaline en forme libre - Au fil des pierres","og_description":"Cornaline forme libre 265g : pierre de vitalit\u00e9, confiance et cr\u00e9ativit\u00e9. D\u00e9couvrez ses vertus en lithoth\u00e9rapie, ses propri\u00e9t\u00e9s \u00e9nerg\u00e9tiques, ainsi que ses conseils de purification et rechargement.","og_url":"https:\/\/aufildespierres.com\/index.php\/product\/cornaline-en-forme-libre\/","og_site_name":"Au fil des pierres","og_image":[{"width":1864,"height":2560,"url":"https:\/\/aufildespierres.com\/wp-content\/uploads\/2026\/02\/20260214_165541-scaled.jpg","type":"image\/jpeg"}],"twitter_card":"summary_large_image","twitter_misc":{"Dur\u00e9e de lecture estim\u00e9e":"3 minutes"},"schema":{"@context":"https:\/\/schema.org","@graph":[{"@type":"WebPage","@id":"https:\/\/aufildespierres.com\/index.php\/product\/cornaline-en-forme-libre\/","url":"https:\/\/aufildespierres.com\/index.php\/product\/cornaline-en-forme-libre\/","name":"Cornaline en forme libre - Au fil des pierres","isPartOf":{"@id":"https:\/\/aufildespierres.com\/#website"},"primaryImageOfPage":{"@id":"https:\/\/aufildespierres.com\/index.php\/product\/cornaline-en-forme-libre\/#primaryimage"},"image":{"@id":"https:\/\/aufildespierres.com\/index.php\/product\/cornaline-en-forme-libre\/#primaryimage"},"thumbnailUrl":"https:\/\/aufildespierres.com\/wp-content\/uploads\/2026\/02\/20260214_165541-scaled.jpg","datePublished":"2026-02-15T15:16:26+00:00","description":"Cornaline forme libre 265g : pierre de vitalit\u00e9, confiance et cr\u00e9ativit\u00e9. D\u00e9couvrez ses vertus en lithoth\u00e9rapie, ses propri\u00e9t\u00e9s \u00e9nerg\u00e9tiques, ainsi que ses conseils de purification et rechargement.","breadcrumb":{"@id":"https:\/\/aufildespierres.com\/index.php\/product\/cornaline-en-forme-libre\/#breadcrumb"},"inLanguage":"fr-FR","potentialAction":[{"@type":"ReadAction","target":["https:\/\/aufildespierres.com\/index.php\/product\/cornaline-en-forme-libre\/"]}]},{"@type":"ImageObject","inLanguage":"fr-FR","@id":"https:\/\/aufildespierres.com\/index.php\/product\/cornaline-en-forme-libre\/#primaryimage","url":"https:\/\/aufildespierres.com\/wp-content\/uploads\/2026\/02\/20260214_165541-scaled.jpg","contentUrl":"https:\/\/aufildespierres.com\/wp-content\/uploads\/2026\/02\/20260214_165541-scaled.jpg","width":1864,"height":2560},{"@type":"BreadcrumbList","@id":"https:\/\/aufildespierres.com\/index.php\/product\/cornaline-en-forme-libre\/#breadcrumb","itemListElement":[{"@type":"ListItem","position":1,"name":"Accueil","item":"https:\/\/aufildespierres.com\/"},{"@type":"ListItem","position":2,"name":"Boutique de Lithoth\u00e9rapie","item":"https:\/\/aufildespierres.com\/index.php\/boutique-de-lithotherapie\/"},{"@type":"ListItem","position":3,"name":"Cornaline en forme libre"}]},{"@type":"WebSite","@id":"https:\/\/aufildespierres.com\/#website","url":"https:\/\/aufildespierres.com\/","name":"Au fil des pierres","description":"Au fil des pierres","publisher":{"@id":"https:\/\/aufildespierres.com\/#organization"},"potentialAction":[{"@type":"SearchAction","target":{"@type":"EntryPoint","urlTemplate":"https:\/\/aufildespierres.com\/?s={search_term_string}"},"query-input":{"@type":"PropertyValueSpecification","valueRequired":true,"valueName":"search_term_string"}}],"inLanguage":"fr-FR"},{"@type":"Organization","@id":"https:\/\/aufildespierres.com\/#organization","name":"Au fil des pierres","url":"https:\/\/aufildespierres.com\/","logo":{"@type":"ImageObject","inLanguage":"fr-FR","@id":"https:\/\/aufildespierres.com\/#\/schema\/logo\/image\/","url":"https:\/\/aufildespierres.com\/wp-content\/uploads\/2023\/05\/cropped-Logo-PNG-Transparent.png","contentUrl":"https:\/\/aufildespierres.com\/wp-content\/uploads\/2023\/05\/cropped-Logo-PNG-Transparent.png","width":1776,"height":1625,"caption":"Au fil des pierres"},"image":{"@id":"https:\/\/aufildespierres.com\/#\/schema\/logo\/image\/"}}]}},"_links":{"self":[{"href":"https:\/\/aufildespierres.com\/index.php\/wp-json\/wp\/v2\/product\/4666","targetHints":{"allow":["GET"]}}],"collection":[{"href":"https:\/\/aufildespierres.com\/index.php\/wp-json\/wp\/v2\/product"}],"about":[{"href":"https:\/\/aufildespierres.com\/index.php\/wp-json\/wp\/v2\/types\/product"}],"replies":[{"embeddable":true,"href":"https:\/\/aufildespierres.com\/index.php\/wp-json\/wp\/v2\/comments?post=4666"}],"wp:featuredmedia":[{"embeddable":true,"href":"https:\/\/aufildespierres.com\/index.php\/wp-json\/wp\/v2\/media\/4667"}],"wp:attachment":[{"href":"https:\/\/aufildespierres.com\/index.php\/wp-json\/wp\/v2\/media?parent=4666"}],"wp:term":[{"taxonomy":"product_brand","embeddable":true,"href":"https:\/\/aufildespierres.com\/index.php\/wp-json\/wp\/v2\/product_brand?post=4666"},{"taxonomy":"product_cat","embeddable":true,"href":"https:\/\/aufildespierres.com\/index.php\/wp-json\/wp\/v2\/product_cat?post=4666"},{"taxonomy":"product_tag","embeddable":true,"href":"https:\/\/aufildespierres.com\/index.php\/wp-json\/wp\/v2\/product_tag?post=4666"}],"curies":[{"name":"wp","href":"https:\/\/api.w.org\/{rel}","templated":true}]}}