{"id":467,"date":"2023-09-03T14:16:05","date_gmt":"2023-09-03T12:16:05","guid":{"rendered":"https:\/\/aufildespierres.com\/?post_type=product&#038;p=467"},"modified":"2026-01-10T23:08:05","modified_gmt":"2026-01-10T22:08:05","slug":"pierre-roulee-jaspe-kambaba","status":"publish","type":"product","link":"https:\/\/aufildespierres.com\/index.php\/product\/pierre-roulee-jaspe-kambaba\/","title":{"rendered":"Coeur Jaspe Kambaba"},"content":{"rendered":"<p>&nbsp;<\/p>\n<p>Coeur JASPE KAMBABA ou crocodile forme c\u0153ur\u00a0 80x 70 mm\u00a0 \u00a0214 grammes<\/p>\n<p>Propri\u00e9t\u00e9s psychiques :<\/p>\n<ul>\n<li>Soulage les \u00e9tats de mal \u00eatre et burn -out<\/li>\n<li>Favorise ancrage et estime de soi<\/li>\n<li>Pierre qui stimule la volont\u00e9 et le caract\u00e8re<\/li>\n<li>Aide \u00e0 faire face aux soucis et surmonter d\u00e9boires et blessures<\/li>\n<li>affectives comme abandon, rejet, c\u0153ur bris\u00e9.<\/li>\n<li>Pierre de protection, prosp\u00e9rit\u00e9 et richesse<\/li>\n<li>R\u00e9tablit le lien avec la nature<\/li>\n<li>Aide \u00e0 la gestion du stress et des angoisses<\/li>\n<li>Donne la force de relever la t\u00eate et d&rsquo;avancer.<\/li>\n<\/ul>\n<p>Propri\u00e9t\u00e9s physiques :<\/p>\n<ul>\n<li>Traitement des affections de la peau<\/li>\n<li>Inflammations et irritations<\/li>\n<li>Favorise la croissance des ongles et cheveux<\/li>\n<li>Renforce le syst\u00e8me immunitaire<\/li>\n<li>Favorise un sommeil paisible et r\u00e9cup\u00e9rateur et sans cauchemars<\/li>\n<li>Soutient un bon fonctionnement digestif et l&rsquo;assimilation des min\u00e9raux et vitamines<\/li>\n<li>Bloque les nuisances \u00e9lectromagn\u00e9tiques<\/li>\n<li>Conseill\u00e9 pour les adolescents en croissance.<\/li>\n<\/ul>\n<p>&nbsp;<\/p>\n","protected":false},"excerpt":{"rendered":"<p>&nbsp; Coeur JASPE KAMBABA ou crocodile forme c\u0153ur\u00a0 80x 70 mm\u00a0 \u00a0214 grammes Propri\u00e9t\u00e9s psychiques : Soulage les \u00e9tats de mal \u00eatre et burn -out Favorise ancrage et estime de soi Pierre qui stimule la volont\u00e9 et le caract\u00e8re Aide \u00e0 faire face aux soucis et surmonter d\u00e9boires et blessures affectives comme abandon, rejet, c\u0153ur [&hellip;]<\/p>\n","protected":false},"featured_media":466,"comment_status":"open","ping_status":"closed","template":"","meta":{"site-sidebar-layout":"default","site-content-layout":"","ast-site-content-layout":"default","site-content-style":"default","site-sidebar-style":"default","ast-global-header-display":"","ast-banner-title-visibility":"","ast-main-header-display":"","ast-hfb-above-header-display":"","ast-hfb-below-header-display":"","ast-hfb-mobile-header-display":"","site-post-title":"","ast-breadcrumbs-content":"","ast-featured-img":"","footer-sml-layout":"","ast-disable-related-posts":"","theme-transparent-header-meta":"default","adv-header-id-meta":"","stick-header-meta":"","header-above-stick-meta":"","header-main-stick-meta":"","header-below-stick-meta":"","astra-migrate-meta-layouts":"set","ast-page-background-enabled":"default","ast-page-background-meta":{"desktop":{"background-color":"var(--ast-global-color-4)","background-image":"","background-repeat":"repeat","background-position":"center center","background-size":"auto","background-attachment":"scroll","background-type":"","background-media":"","overlay-type":"","overlay-color":"","overlay-opacity":"","overlay-gradient":""},"tablet":{"background-color":"","background-image":"","background-repeat":"repeat","background-position":"center center","background-size":"auto","background-attachment":"scroll","background-type":"","background-media":"","overlay-type":"","overlay-color":"","overlay-opacity":"","overlay-gradient":""},"mobile":{"background-color":"","background-image":"","background-repeat":"repeat","background-position":"center center","background-size":"auto","background-attachment":"scroll","background-type":"","background-media":"","overlay-type":"","overlay-color":"","overlay-opacity":"","overlay-gradient":""}},"ast-content-background-meta":{"desktop":{"background-color":"var(--ast-global-color-5)","background-image":"","background-repeat":"repeat","background-position":"center center","background-size":"auto","background-attachment":"scroll","background-type":"","background-media":"","overlay-type":"","overlay-color":"","overlay-opacity":"","overlay-gradient":""},"tablet":{"background-color":"var(--ast-global-color-5)","background-image":"","background-repeat":"repeat","background-position":"center center","background-size":"auto","background-attachment":"scroll","background-type":"","background-media":"","overlay-type":"","overlay-color":"","overlay-opacity":"","overlay-gradient":""},"mobile":{"background-color":"var(--ast-global-color-5)","background-image":"","background-repeat":"repeat","background-position":"center center","background-size":"auto","background-attachment":"scroll","background-type":"","background-media":"","overlay-type":"","overlay-color":"","overlay-opacity":"","overlay-gradient":""}},"_glsr_average":0,"_glsr_ranking":0,"_glsr_reviews":0},"product_brand":[],"product_cat":[79,30,32,200,78],"product_tag":[],"class_list":{"0":"post-467","1":"product","2":"type-product","3":"status-publish","4":"has-post-thumbnail","6":"product_cat-jaspe-kambaba","7":"product_cat-mineraux","8":"product_cat-pierres-polies","9":"product_cat-sculptees","10":"product_cat-vert","11":"product_shipping_class-lourd","12":"desktop-align-left","13":"tablet-align-left","14":"mobile-align-left","16":"first","17":"instock","18":"purchasable","19":"product-type-simple"},"yoast_head":"<!-- This site is optimized with the Yoast SEO plugin v27.5 - https:\/\/yoast.com\/product\/yoast-seo-wordpress\/ -->\n<title>Coeur Jaspe Kambaba - Au fil des pierres<\/title>\n<meta name=\"robots\" content=\"index, follow, max-snippet:-1, max-image-preview:large, max-video-preview:-1\" \/>\n<link rel=\"canonical\" href=\"https:\/\/aufildespierres.com\/index.php\/product\/pierre-roulee-jaspe-kambaba\/\" \/>\n<meta property=\"og:locale\" content=\"fr_FR\" \/>\n<meta property=\"og:type\" content=\"article\" \/>\n<meta property=\"og:title\" content=\"Coeur Jaspe Kambaba - Au fil des pierres\" \/>\n<meta property=\"og:description\" content=\"&nbsp; Coeur JASPE KAMBABA ou crocodile forme c\u0153ur\u00a0 80x 70 mm\u00a0 \u00a0214 grammes Propri\u00e9t\u00e9s psychiques : Soulage les \u00e9tats de mal \u00eatre et burn -out Favorise ancrage et estime de soi Pierre qui stimule la volont\u00e9 et le caract\u00e8re Aide \u00e0 faire face aux soucis et surmonter d\u00e9boires et blessures affectives comme abandon, rejet, c\u0153ur [&hellip;]\" \/>\n<meta property=\"og:url\" content=\"https:\/\/aufildespierres.com\/index.php\/product\/pierre-roulee-jaspe-kambaba\/\" \/>\n<meta property=\"og:site_name\" content=\"Au fil des pierres\" \/>\n<meta property=\"article:modified_time\" content=\"2026-01-10T22:08:05+00:00\" \/>\n<meta property=\"og:image\" content=\"https:\/\/aufildespierres.com\/wp-content\/uploads\/2023\/09\/20230210_134339.jpg\" \/>\n\t<meta property=\"og:image:width\" content=\"2166\" \/>\n\t<meta property=\"og:image:height\" content=\"2537\" \/>\n\t<meta property=\"og:image:type\" content=\"image\/jpeg\" \/>\n<meta name=\"twitter:card\" content=\"summary_large_image\" \/>\n<meta name=\"twitter:label1\" content=\"Dur\u00e9e de lecture estim\u00e9e\" \/>\n\t<meta name=\"twitter:data1\" content=\"1 minute\" \/>\n<script type=\"application\/ld+json\" class=\"yoast-schema-graph\">{\"@context\":\"https:\\\/\\\/schema.org\",\"@graph\":[{\"@type\":\"WebPage\",\"@id\":\"https:\\\/\\\/aufildespierres.com\\\/index.php\\\/product\\\/pierre-roulee-jaspe-kambaba\\\/\",\"url\":\"https:\\\/\\\/aufildespierres.com\\\/index.php\\\/product\\\/pierre-roulee-jaspe-kambaba\\\/\",\"name\":\"Coeur Jaspe Kambaba - Au fil des pierres\",\"isPartOf\":{\"@id\":\"https:\\\/\\\/aufildespierres.com\\\/#website\"},\"primaryImageOfPage\":{\"@id\":\"https:\\\/\\\/aufildespierres.com\\\/index.php\\\/product\\\/pierre-roulee-jaspe-kambaba\\\/#primaryimage\"},\"image\":{\"@id\":\"https:\\\/\\\/aufildespierres.com\\\/index.php\\\/product\\\/pierre-roulee-jaspe-kambaba\\\/#primaryimage\"},\"thumbnailUrl\":\"https:\\\/\\\/aufildespierres.com\\\/wp-content\\\/uploads\\\/2023\\\/09\\\/20230210_134339.jpg\",\"datePublished\":\"2023-09-03T12:16:05+00:00\",\"dateModified\":\"2026-01-10T22:08:05+00:00\",\"breadcrumb\":{\"@id\":\"https:\\\/\\\/aufildespierres.com\\\/index.php\\\/product\\\/pierre-roulee-jaspe-kambaba\\\/#breadcrumb\"},\"inLanguage\":\"fr-FR\",\"potentialAction\":[{\"@type\":\"ReadAction\",\"target\":[\"https:\\\/\\\/aufildespierres.com\\\/index.php\\\/product\\\/pierre-roulee-jaspe-kambaba\\\/\"]}]},{\"@type\":\"ImageObject\",\"inLanguage\":\"fr-FR\",\"@id\":\"https:\\\/\\\/aufildespierres.com\\\/index.php\\\/product\\\/pierre-roulee-jaspe-kambaba\\\/#primaryimage\",\"url\":\"https:\\\/\\\/aufildespierres.com\\\/wp-content\\\/uploads\\\/2023\\\/09\\\/20230210_134339.jpg\",\"contentUrl\":\"https:\\\/\\\/aufildespierres.com\\\/wp-content\\\/uploads\\\/2023\\\/09\\\/20230210_134339.jpg\",\"width\":2166,\"height\":2537},{\"@type\":\"BreadcrumbList\",\"@id\":\"https:\\\/\\\/aufildespierres.com\\\/index.php\\\/product\\\/pierre-roulee-jaspe-kambaba\\\/#breadcrumb\",\"itemListElement\":[{\"@type\":\"ListItem\",\"position\":1,\"name\":\"Accueil\",\"item\":\"https:\\\/\\\/aufildespierres.com\\\/\"},{\"@type\":\"ListItem\",\"position\":2,\"name\":\"Boutique de Lithoth\u00e9rapie\",\"item\":\"https:\\\/\\\/aufildespierres.com\\\/index.php\\\/boutique-de-lithotherapie\\\/\"},{\"@type\":\"ListItem\",\"position\":3,\"name\":\"Coeur Jaspe Kambaba\"}]},{\"@type\":\"WebSite\",\"@id\":\"https:\\\/\\\/aufildespierres.com\\\/#website\",\"url\":\"https:\\\/\\\/aufildespierres.com\\\/\",\"name\":\"Au fil des pierres\",\"description\":\"Au fil des pierres\",\"publisher\":{\"@id\":\"https:\\\/\\\/aufildespierres.com\\\/#organization\"},\"potentialAction\":[{\"@type\":\"SearchAction\",\"target\":{\"@type\":\"EntryPoint\",\"urlTemplate\":\"https:\\\/\\\/aufildespierres.com\\\/?s={search_term_string}\"},\"query-input\":{\"@type\":\"PropertyValueSpecification\",\"valueRequired\":true,\"valueName\":\"search_term_string\"}}],\"inLanguage\":\"fr-FR\"},{\"@type\":\"Organization\",\"@id\":\"https:\\\/\\\/aufildespierres.com\\\/#organization\",\"name\":\"Au fil des pierres\",\"url\":\"https:\\\/\\\/aufildespierres.com\\\/\",\"logo\":{\"@type\":\"ImageObject\",\"inLanguage\":\"fr-FR\",\"@id\":\"https:\\\/\\\/aufildespierres.com\\\/#\\\/schema\\\/logo\\\/image\\\/\",\"url\":\"https:\\\/\\\/aufildespierres.com\\\/wp-content\\\/uploads\\\/2023\\\/05\\\/cropped-Logo-PNG-Transparent.png\",\"contentUrl\":\"https:\\\/\\\/aufildespierres.com\\\/wp-content\\\/uploads\\\/2023\\\/05\\\/cropped-Logo-PNG-Transparent.png\",\"width\":1776,\"height\":1625,\"caption\":\"Au fil des pierres\"},\"image\":{\"@id\":\"https:\\\/\\\/aufildespierres.com\\\/#\\\/schema\\\/logo\\\/image\\\/\"}}]}<\/script>\n<!-- \/ Yoast SEO plugin. -->","yoast_head_json":{"title":"Coeur Jaspe Kambaba - Au fil des pierres","robots":{"index":"index","follow":"follow","max-snippet":"max-snippet:-1","max-image-preview":"max-image-preview:large","max-video-preview":"max-video-preview:-1"},"canonical":"https:\/\/aufildespierres.com\/index.php\/product\/pierre-roulee-jaspe-kambaba\/","og_locale":"fr_FR","og_type":"article","og_title":"Coeur Jaspe Kambaba - Au fil des pierres","og_description":"&nbsp; Coeur JASPE KAMBABA ou crocodile forme c\u0153ur\u00a0 80x 70 mm\u00a0 \u00a0214 grammes Propri\u00e9t\u00e9s psychiques : Soulage les \u00e9tats de mal \u00eatre et burn -out Favorise ancrage et estime de soi Pierre qui stimule la volont\u00e9 et le caract\u00e8re Aide \u00e0 faire face aux soucis et surmonter d\u00e9boires et blessures affectives comme abandon, rejet, c\u0153ur [&hellip;]","og_url":"https:\/\/aufildespierres.com\/index.php\/product\/pierre-roulee-jaspe-kambaba\/","og_site_name":"Au fil des pierres","article_modified_time":"2026-01-10T22:08:05+00:00","og_image":[{"width":2166,"height":2537,"url":"https:\/\/aufildespierres.com\/wp-content\/uploads\/2023\/09\/20230210_134339.jpg","type":"image\/jpeg"}],"twitter_card":"summary_large_image","twitter_misc":{"Dur\u00e9e de lecture estim\u00e9e":"1 minute"},"schema":{"@context":"https:\/\/schema.org","@graph":[{"@type":"WebPage","@id":"https:\/\/aufildespierres.com\/index.php\/product\/pierre-roulee-jaspe-kambaba\/","url":"https:\/\/aufildespierres.com\/index.php\/product\/pierre-roulee-jaspe-kambaba\/","name":"Coeur Jaspe Kambaba - Au fil des pierres","isPartOf":{"@id":"https:\/\/aufildespierres.com\/#website"},"primaryImageOfPage":{"@id":"https:\/\/aufildespierres.com\/index.php\/product\/pierre-roulee-jaspe-kambaba\/#primaryimage"},"image":{"@id":"https:\/\/aufildespierres.com\/index.php\/product\/pierre-roulee-jaspe-kambaba\/#primaryimage"},"thumbnailUrl":"https:\/\/aufildespierres.com\/wp-content\/uploads\/2023\/09\/20230210_134339.jpg","datePublished":"2023-09-03T12:16:05+00:00","dateModified":"2026-01-10T22:08:05+00:00","breadcrumb":{"@id":"https:\/\/aufildespierres.com\/index.php\/product\/pierre-roulee-jaspe-kambaba\/#breadcrumb"},"inLanguage":"fr-FR","potentialAction":[{"@type":"ReadAction","target":["https:\/\/aufildespierres.com\/index.php\/product\/pierre-roulee-jaspe-kambaba\/"]}]},{"@type":"ImageObject","inLanguage":"fr-FR","@id":"https:\/\/aufildespierres.com\/index.php\/product\/pierre-roulee-jaspe-kambaba\/#primaryimage","url":"https:\/\/aufildespierres.com\/wp-content\/uploads\/2023\/09\/20230210_134339.jpg","contentUrl":"https:\/\/aufildespierres.com\/wp-content\/uploads\/2023\/09\/20230210_134339.jpg","width":2166,"height":2537},{"@type":"BreadcrumbList","@id":"https:\/\/aufildespierres.com\/index.php\/product\/pierre-roulee-jaspe-kambaba\/#breadcrumb","itemListElement":[{"@type":"ListItem","position":1,"name":"Accueil","item":"https:\/\/aufildespierres.com\/"},{"@type":"ListItem","position":2,"name":"Boutique de Lithoth\u00e9rapie","item":"https:\/\/aufildespierres.com\/index.php\/boutique-de-lithotherapie\/"},{"@type":"ListItem","position":3,"name":"Coeur Jaspe Kambaba"}]},{"@type":"WebSite","@id":"https:\/\/aufildespierres.com\/#website","url":"https:\/\/aufildespierres.com\/","name":"Au fil des pierres","description":"Au fil des pierres","publisher":{"@id":"https:\/\/aufildespierres.com\/#organization"},"potentialAction":[{"@type":"SearchAction","target":{"@type":"EntryPoint","urlTemplate":"https:\/\/aufildespierres.com\/?s={search_term_string}"},"query-input":{"@type":"PropertyValueSpecification","valueRequired":true,"valueName":"search_term_string"}}],"inLanguage":"fr-FR"},{"@type":"Organization","@id":"https:\/\/aufildespierres.com\/#organization","name":"Au fil des pierres","url":"https:\/\/aufildespierres.com\/","logo":{"@type":"ImageObject","inLanguage":"fr-FR","@id":"https:\/\/aufildespierres.com\/#\/schema\/logo\/image\/","url":"https:\/\/aufildespierres.com\/wp-content\/uploads\/2023\/05\/cropped-Logo-PNG-Transparent.png","contentUrl":"https:\/\/aufildespierres.com\/wp-content\/uploads\/2023\/05\/cropped-Logo-PNG-Transparent.png","width":1776,"height":1625,"caption":"Au fil des pierres"},"image":{"@id":"https:\/\/aufildespierres.com\/#\/schema\/logo\/image\/"}}]}},"_links":{"self":[{"href":"https:\/\/aufildespierres.com\/index.php\/wp-json\/wp\/v2\/product\/467","targetHints":{"allow":["GET"]}}],"collection":[{"href":"https:\/\/aufildespierres.com\/index.php\/wp-json\/wp\/v2\/product"}],"about":[{"href":"https:\/\/aufildespierres.com\/index.php\/wp-json\/wp\/v2\/types\/product"}],"replies":[{"embeddable":true,"href":"https:\/\/aufildespierres.com\/index.php\/wp-json\/wp\/v2\/comments?post=467"}],"wp:featuredmedia":[{"embeddable":true,"href":"https:\/\/aufildespierres.com\/index.php\/wp-json\/wp\/v2\/media\/466"}],"wp:attachment":[{"href":"https:\/\/aufildespierres.com\/index.php\/wp-json\/wp\/v2\/media?parent=467"}],"wp:term":[{"taxonomy":"product_brand","embeddable":true,"href":"https:\/\/aufildespierres.com\/index.php\/wp-json\/wp\/v2\/product_brand?post=467"},{"taxonomy":"product_cat","embeddable":true,"href":"https:\/\/aufildespierres.com\/index.php\/wp-json\/wp\/v2\/product_cat?post=467"},{"taxonomy":"product_tag","embeddable":true,"href":"https:\/\/aufildespierres.com\/index.php\/wp-json\/wp\/v2\/product_tag?post=467"}],"curies":[{"name":"wp","href":"https:\/\/api.w.org\/{rel}","templated":true}]}}