{"id":4702,"date":"2026-03-26T17:12:23","date_gmt":"2026-03-26T16:12:23","guid":{"rendered":"https:\/\/aufildespierres.com\/?post_type=product&#038;p=4702"},"modified":"2026-03-26T17:12:23","modified_gmt":"2026-03-26T16:12:23","slug":"bracelet-opale-verte-quartz-fume-pierre-de-lune","status":"publish","type":"product","link":"https:\/\/aufildespierres.com\/index.php\/product\/bracelet-opale-verte-quartz-fume-pierre-de-lune\/","title":{"rendered":"Bracelet Opale verte Quartz fum\u00e9 Pierre de lune"},"content":{"rendered":"<p>&nbsp;<\/p>\n<div class=\"relative z-0 flex min-h-0 w-full flex-1\">\n<div class=\"relative flex min-h-0 w-full flex-1\">\n<div class=\"@container\/main relative flex min-w-0 flex-1 flex-col -translate-y-[calc(env(safe-area-inset-bottom,0px)\/2)] pt-[calc(env(safe-area-inset-bottom,0px)\/2)]\">\n<div class=\"@w-sm\/main:[scrollbar-gutter:var(--stage-scroll-gutter)] touch:[scrollbar-width:none] group\/scroll-root relative flex min-h-0 min-w-0 flex-1 flex-col [scrollbar-gutter:stable] not-print:overflow-x-clip not-print:overflow-y-auto group-data-stream-active\/scroll-root:[overflow-anchor:none] scroll-pt-(--header-height) [--sticky-padding-top:var(--header-height)] [--sticky-padding-bottom:0px] [--scroll-root-safe-area-inset-top:calc(var(--sticky-padding-top)+env(safe-area-inset-top,0px))] [--scroll-root-safe-area-inset-bottom:calc(var(--sticky-padding-bottom)+var(--screen-keyboard-height,0px)+env(safe-area-inset-bottom,0px))] [--scroll-root-safe-area-height:calc(100lvh-var(--scroll-root-safe-area-inset-top)-var(--scroll-root-safe-area-inset-bottom))] has-data-[fixed-header=less-than-xl]:@w-xl\/main:scroll-pt-0 has-data-[fixed-header=less-than-xl]:@w-xl\/main:[--sticky-padding-top:0px] has-data-[fixed-header=less-than-xxl]:@w-2xl\/main:scroll-pt-0 has-data-[fixed-header=less-than-xxl]:@w-2xl\/main:[--sticky-padding-top:0px]\" data-scroll-root=\"\" data-scroll-from-top=\"\"><main id=\"main\" class=\"min-h-0 flex-1\"><\/p>\n<div id=\"thread\" class=\"group\/thread flex flex-col min-h-full\">\n<div class=\"composer-parent flex flex-1 flex-col focus-visible:outline-0\" role=\"presentation\">\n<div class=\"relative basis-auto flex-col -mb-(--composer-overlap-px) pb-(--composer-overlap-px) [--composer-overlap-px:28px] grow flex\">\n<div class=\"flex flex-col text-sm pb-25\">\n<section class=\"text-token-text-primary w-full focus:outline-none [--shadow-height:45px] has-data-writing-block:pointer-events-none has-data-writing-block:-mt-(--shadow-height) has-data-writing-block:pt-(--shadow-height) [&amp;:has([data-writing-block])&gt;*]:pointer-events-auto scroll-mt-(--header-height)\" dir=\"auto\" data-turn-id=\"eef8b12b-1899-430b-964e-f6c3c0a641a0\" data-testid=\"conversation-turn-5\" data-scroll-anchor=\"false\" data-turn=\"user\"><\/section>\n<section class=\"text-token-text-primary w-full focus:outline-none [--shadow-height:45px] has-data-writing-block:pointer-events-none has-data-writing-block:-mt-(--shadow-height) has-data-writing-block:pt-(--shadow-height) [&amp;:has([data-writing-block])&gt;*]:pointer-events-auto scroll-mt-[calc(var(--header-height)+min(200px,max(70px,20svh)))]\" dir=\"auto\" data-turn-id=\"request-WEB:7638e75a-2306-42da-9abc-200be50f43c0-2\" data-testid=\"conversation-turn-6\" data-scroll-anchor=\"true\" data-turn=\"assistant\">\n<div class=\"text-base my-auto mx-auto pb-10 [--thread-content-margin:var(--thread-content-margin-xs,calc(var(--spacing)*4))] @w-sm\/main:[--thread-content-margin:var(--thread-content-margin-sm,calc(var(--spacing)*6))] @w-lg\/main:[--thread-content-margin:var(--thread-content-margin-lg,calc(var(--spacing)*16))] px-(--thread-content-margin)\">\n<div class=\"[--thread-content-max-width:40rem] @w-lg\/main:[--thread-content-max-width:48rem] mx-auto max-w-(--thread-content-max-width) flex-1 group\/turn-messages focus-visible:outline-hidden relative flex w-full min-w-0 flex-col agent-turn\">\n<div class=\"flex max-w-full flex-col gap-4 grow\">\n<div class=\"min-h-8 text-message relative flex w-full flex-col items-end gap-2 text-start break-words whitespace-normal outline-none keyboard-focused:focus-ring [.text-message+&amp;]:mt-1\" dir=\"auto\" tabindex=\"0\" data-message-author-role=\"assistant\" data-message-id=\"1af3af2f-3229-4522-af87-7fb82d0ffa78\" data-message-model-slug=\"gpt-5-3\" data-turn-start-message=\"true\">\n<div class=\"flex w-full flex-col gap-1 empty:hidden\">\n<div class=\"markdown prose dark:prose-invert w-full wrap-break-word light markdown-new-styling\">\n<p data-start=\"0\" data-end=\"430\">D\u00e9couvrez ce bracelet en pierres naturelles compos\u00e9 d\u2019Opale verte, de Quartz fum\u00e9 et de Pierre de Lune blanche (perles de 6 mm).\u00a0 Il a \u00e9t\u00e9 con\u00e7u pour accompagner l\u2019ancrage, l\u2019\u00e9quilibre \u00e9motionnel et l\u2019harmonisation \u00e9nerg\u00e9tique au quotidien. Gr\u00e2ce \u00e0 l\u2019association de ces trois min\u00e9raux compl\u00e9mentaires, il offre une synergie id\u00e9ale pour retrouver stabilit\u00e9 et s\u00e9r\u00e9nit\u00e9, notamment lors des p\u00e9riodes de transition.<\/p>\n<p data-start=\"432\" data-end=\"1052\">D\u2019une part, l\u2019Opale verte agit sur le chakra du c\u0153ur. Elle favorise l\u2019apaisement des \u00e9motions, lib\u00e8re les tensions accumul\u00e9es et soutient la r\u00e9g\u00e9n\u00e9ration int\u00e9rieure. Elle encourage \u00e9galement la douceur envers soi-m\u00eame et une meilleure acceptation des changements. D\u2019autre part, le Quartz fum\u00e9 apporte un ancrage profond. Il aide \u00e0 dissiper le stress, \u00e0 calmer les pens\u00e9es envahissantes et \u00e0 renforcer le sentiment de s\u00e9curit\u00e9 int\u00e9rieure. Enfin, la Pierre de Lune blanche accompagne les cycles \u00e9motionnels et d\u00e9veloppe l\u2019intuition. Elle invite \u00e0 l\u2019\u00e9coute de soi et favorise une harmonie globale entre \u00e9motions et \u00e9nergie.<\/p>\n<p data-start=\"1054\" data-end=\"1359\">Ainsi, la combinaison de ces pierres cr\u00e9e un v\u00e9ritable \u00e9quilibre entre stabilit\u00e9, ouverture et fluidit\u00e9. Le Quartz fum\u00e9 ancre, l\u2019Opale verte harmonise le c\u0153ur, tandis que la Pierre de Lune fluidifie les ressentis. Ensemble, elles soutiennent un mieux-\u00eatre global et une r\u00e9gulation \u00e9motionnelle en douceur.<\/p>\n<p data-start=\"1361\" data-end=\"1697\">Ce bracelet s\u2019adresse particuli\u00e8rement aux personnes ressentant du stress, une fatigue \u00e9motionnelle ou une hypersensibilit\u00e9. Il convient aussi \u00e0 celles et ceux qui traversent des changements de vie et souhaitent retrouver calme et \u00e9quilibre int\u00e9rieur. De plus, il peut aider \u00e0 mieux g\u00e9rer les \u00e9motions et \u00e0 renforcer la connexion \u00e0 soi.<\/p>\n<p data-start=\"1699\" data-end=\"1935\">Pour profiter pleinement de ses bienfaits, portez-le au quotidien ou lors de moments de recentrage comme la m\u00e9ditation. Purifiez-le r\u00e9guli\u00e8rement par fumigation ou vibrations sonores, puis rechargez-le \u00e0 la lumi\u00e8re lunaire ou naturelle.<\/p>\n<p data-start=\"1937\" data-end=\"2069\" data-is-last-node=\"\" data-is-only-node=\"\">En r\u00e9sum\u00e9, ce bracelet \u00e9nerg\u00e9tique est un alli\u00e9 pr\u00e9cieux pour cultiver stabilit\u00e9, apaisement et harmonie int\u00e9rieure jour apr\u00e8s jour.<\/p>\n<\/div>\n<\/div>\n<\/div>\n<\/div>\n<div class=\"z-0 flex min-h-[46px] justify-start\"><\/div>\n<\/div>\n<\/div>\n<\/section>\n<\/div>\n<div class=\"pointer-events-none h-px w-px absolute bottom-0\" aria-hidden=\"true\" data-edge=\"true\"><\/div>\n<\/div>\n<div id=\"thread-bottom-container\" class=\"sticky bottom-0 z-10 group\/thread-bottom-container relative isolate w-full basis-auto has-data-has-thread-error:pt-2 has-data-has-thread-error:[box-shadow:var(--sharp-edge-bottom-shadow)] md:border-transparent md:pt-0 dark:border-white\/20 md:dark:border-transparent print:hidden content-fade single-line flex flex-col\">\n<div class=\"relative mx-auto h-0\"><\/div>\n<div id=\"thread-bottom\">\n<div class=\"text-base mx-auto [--thread-content-margin:var(--thread-content-margin-xs,calc(var(--spacing)*4))] @w-sm\/main:[--thread-content-margin:var(--thread-content-margin-sm,calc(var(--spacing)*6))] @w-lg\/main:[--thread-content-margin:var(--thread-content-margin-lg,calc(var(--spacing)*16))] px-(--thread-content-margin)\">\n<div class=\"[--thread-content-max-width:40rem] @w-lg\/main:[--thread-content-max-width:48rem] mx-auto max-w-(--thread-content-max-width) flex-1 mb-[var(--thread-component-gap,1rem)]\">\n<div class=\"flex justify-center empty:hidden\"><\/div>\n<div class=\"pointer-events-auto relative z-1 flex h-(--composer-container-height,100%) max-w-full flex-(--composer-container-flex,1) flex-col\">\n<div class=\"absolute start-0 end-0 bottom-full z-20\"><\/div>\n<form class=\"group\/composer w-full\" data-type=\"unified-composer\" aria-label=\"Discuter avec ChatGPT\">\n<div class=\"hidden\"><\/div>\n<div class=\"\">\n<div class=\"bg-token-bg-primary corner-superellipse\/1.1 cursor-text overflow-clip bg-clip-padding p-2.5 contain-inline-size motion-safe:transition-colors motion-safe:duration-200 motion-safe:ease-in-out dark:bg-[#303030] grid grid-cols-[auto_1fr_auto] [grid-template-areas:'header_header_header'_'leading_primary_trailing'_'._footer_.'] group-data-expanded\/composer:[grid-template-areas:'header_header_header'_'primary_primary_primary'_'leading_footer_trailing'] shadow-short-composer\" data-composer-surface=\"true\">\n<div class=\"flex items-center gap-2 [grid-area:trailing]\">\n<div class=\"ms-auto flex items-center gap-1.5\">\n<div class=\"min-w-9\" data-testid=\"composer-speech-button-container\">\n<div class=\"flex items-center justify-center\"><\/div>\n<\/div>\n<\/div>\n<\/div>\n<\/div>\n<\/div>\n<\/form>\n<\/div>\n<\/div>\n<\/div>\n<\/div>\n<div class=\"-mt-4 text-token-text-secondary relative w-full overflow-hidden text-center text-xs [view-transition-name:var(--vt-disclaimer)] md:px-[60px]\"><\/div>\n<\/div>\n<\/div>\n<\/div>\n<p><\/main><\/div>\n<\/div>\n<\/div>\n<\/div>\n<div>\n<div class=\"z-[100] w-full max-w-full overflow-hidden bg-token-bg-tertiary border-token-border-heavy flex flex-col gap-2 border-t p-4 pb-6\" role=\"dialog\" aria-modal=\"true\" aria-live=\"polite\">\n<div class=\"flex items-center justify-between\">\n<h1 class=\"text-base\"><\/h1>\n<\/div>\n<\/div>\n<\/div>\n","protected":false},"excerpt":{"rendered":"<p>&nbsp; D\u00e9couvrez ce bracelet en pierres naturelles compos\u00e9 d\u2019Opale verte, de Quartz fum\u00e9 et de Pierre de Lune blanche (perles de 6 mm).\u00a0 Il a \u00e9t\u00e9 con\u00e7u pour accompagner l\u2019ancrage, l\u2019\u00e9quilibre \u00e9motionnel et l\u2019harmonisation \u00e9nerg\u00e9tique au quotidien. Gr\u00e2ce \u00e0 l\u2019association de ces trois min\u00e9raux compl\u00e9mentaires, il offre une synergie id\u00e9ale pour retrouver stabilit\u00e9 et s\u00e9r\u00e9nit\u00e9, [&hellip;]<\/p>\n","protected":false},"featured_media":4708,"comment_status":"open","ping_status":"closed","template":"","meta":{"site-sidebar-layout":"default","site-content-layout":"","ast-site-content-layout":"default","site-content-style":"default","site-sidebar-style":"default","ast-global-header-display":"","ast-banner-title-visibility":"","ast-main-header-display":"","ast-hfb-above-header-display":"","ast-hfb-below-header-display":"","ast-hfb-mobile-header-display":"","site-post-title":"","ast-breadcrumbs-content":"","ast-featured-img":"","footer-sml-layout":"","ast-disable-related-posts":"","theme-transparent-header-meta":"default","adv-header-id-meta":"","stick-header-meta":"","header-above-stick-meta":"","header-main-stick-meta":"","header-below-stick-meta":"","astra-migrate-meta-layouts":"set","ast-page-background-enabled":"default","ast-page-background-meta":{"desktop":{"background-color":"var(--ast-global-color-4)","background-image":"","background-repeat":"repeat","background-position":"center center","background-size":"auto","background-attachment":"scroll","background-type":"","background-media":"","overlay-type":"","overlay-color":"","overlay-opacity":"","overlay-gradient":""},"tablet":{"background-color":"","background-image":"","background-repeat":"repeat","background-position":"center center","background-size":"auto","background-attachment":"scroll","background-type":"","background-media":"","overlay-type":"","overlay-color":"","overlay-opacity":"","overlay-gradient":""},"mobile":{"background-color":"","background-image":"","background-repeat":"repeat","background-position":"center center","background-size":"auto","background-attachment":"scroll","background-type":"","background-media":"","overlay-type":"","overlay-color":"","overlay-opacity":"","overlay-gradient":""}},"ast-content-background-meta":{"desktop":{"background-color":"var(--ast-global-color-5)","background-image":"","background-repeat":"repeat","background-position":"center center","background-size":"auto","background-attachment":"scroll","background-type":"","background-media":"","overlay-type":"","overlay-color":"","overlay-opacity":"","overlay-gradient":""},"tablet":{"background-color":"var(--ast-global-color-5)","background-image":"","background-repeat":"repeat","background-position":"center center","background-size":"auto","background-attachment":"scroll","background-type":"","background-media":"","overlay-type":"","overlay-color":"","overlay-opacity":"","overlay-gradient":""},"mobile":{"background-color":"var(--ast-global-color-5)","background-image":"","background-repeat":"repeat","background-position":"center center","background-size":"auto","background-attachment":"scroll","background-type":"","background-media":"","overlay-type":"","overlay-color":"","overlay-opacity":"","overlay-gradient":""}},"_glsr_average":0,"_glsr_ranking":0,"_glsr_reviews":0},"product_brand":[],"product_cat":[53,123,67,297,290,272,103,209,101,189,78],"product_tag":[],"class_list":{"0":"post-4702","1":"product","2":"type-product","3":"status-publish","4":"has-post-thumbnail","6":"product_cat-6-mm","7":"product_cat-ancrage-et-determination","8":"product_cat-blanc","9":"product_cat-bracelets-de-lithotherapie-bracelets-de-lithotherapie","10":"product_cat-bracelets-de-lithotherapie-femmes","11":"product_cat-equilibre-emotionnel","12":"product_cat-marron","13":"product_cat-opale-verte","14":"product_cat-pierre-de-lune","15":"product_cat-quartz-fume","16":"product_cat-vert","17":"desktop-align-left","18":"tablet-align-left","19":"mobile-align-left","21":"first","22":"instock","23":"purchasable","24":"product-type-variable"},"yoast_head":"<!-- This site is optimized with the Yoast SEO plugin v27.5 - https:\/\/yoast.com\/product\/yoast-seo-wordpress\/ -->\n<title>Bracelet Opale verte Quartz fum\u00e9 Pierre de lune - Au fil des pierres<\/title>\n<meta name=\"description\" content=\"Bracelet Opale verte, Quartz fum\u00e9 et Pierre de Lune blanche : favorise l\u2019ancrage, apaise les \u00e9motions et harmonise l\u2019\u00e9nergie pour un \u00e9quilibre int\u00e9rieur durable.\" \/>\n<meta name=\"robots\" content=\"index, follow, max-snippet:-1, max-image-preview:large, max-video-preview:-1\" \/>\n<link rel=\"canonical\" href=\"https:\/\/aufildespierres.com\/index.php\/product\/bracelet-opale-verte-quartz-fume-pierre-de-lune\/\" \/>\n<meta property=\"og:locale\" content=\"fr_FR\" \/>\n<meta property=\"og:type\" content=\"article\" \/>\n<meta property=\"og:title\" content=\"Bracelet Opale verte Quartz fum\u00e9 Pierre de lune - Au fil des pierres\" \/>\n<meta property=\"og:description\" content=\"Bracelet Opale verte, Quartz fum\u00e9 et Pierre de Lune blanche : favorise l\u2019ancrage, apaise les \u00e9motions et harmonise l\u2019\u00e9nergie pour un \u00e9quilibre int\u00e9rieur durable.\" \/>\n<meta property=\"og:url\" content=\"https:\/\/aufildespierres.com\/index.php\/product\/bracelet-opale-verte-quartz-fume-pierre-de-lune\/\" \/>\n<meta property=\"og:site_name\" content=\"Au fil des pierres\" \/>\n<meta property=\"og:image\" content=\"https:\/\/aufildespierres.com\/wp-content\/uploads\/2026\/03\/20260318_161655-scaled.jpg\" \/>\n\t<meta property=\"og:image:width\" content=\"1920\" \/>\n\t<meta property=\"og:image:height\" content=\"2560\" \/>\n\t<meta property=\"og:image:type\" content=\"image\/jpeg\" \/>\n<meta name=\"twitter:card\" content=\"summary_large_image\" \/>\n<meta name=\"twitter:label1\" content=\"Dur\u00e9e de lecture estim\u00e9e\" \/>\n\t<meta name=\"twitter:data1\" content=\"2 minutes\" \/>\n<script type=\"application\/ld+json\" class=\"yoast-schema-graph\">{\"@context\":\"https:\\\/\\\/schema.org\",\"@graph\":[{\"@type\":\"WebPage\",\"@id\":\"https:\\\/\\\/aufildespierres.com\\\/index.php\\\/product\\\/bracelet-opale-verte-quartz-fume-pierre-de-lune\\\/\",\"url\":\"https:\\\/\\\/aufildespierres.com\\\/index.php\\\/product\\\/bracelet-opale-verte-quartz-fume-pierre-de-lune\\\/\",\"name\":\"Bracelet Opale verte Quartz fum\u00e9 Pierre de lune - Au fil des pierres\",\"isPartOf\":{\"@id\":\"https:\\\/\\\/aufildespierres.com\\\/#website\"},\"primaryImageOfPage\":{\"@id\":\"https:\\\/\\\/aufildespierres.com\\\/index.php\\\/product\\\/bracelet-opale-verte-quartz-fume-pierre-de-lune\\\/#primaryimage\"},\"image\":{\"@id\":\"https:\\\/\\\/aufildespierres.com\\\/index.php\\\/product\\\/bracelet-opale-verte-quartz-fume-pierre-de-lune\\\/#primaryimage\"},\"thumbnailUrl\":\"https:\\\/\\\/aufildespierres.com\\\/wp-content\\\/uploads\\\/2026\\\/03\\\/20260318_161655-scaled.jpg\",\"datePublished\":\"2026-03-26T16:12:23+00:00\",\"description\":\"Bracelet Opale verte, Quartz fum\u00e9 et Pierre de Lune blanche : favorise l\u2019ancrage, apaise les \u00e9motions et harmonise l\u2019\u00e9nergie pour un \u00e9quilibre int\u00e9rieur durable.\",\"breadcrumb\":{\"@id\":\"https:\\\/\\\/aufildespierres.com\\\/index.php\\\/product\\\/bracelet-opale-verte-quartz-fume-pierre-de-lune\\\/#breadcrumb\"},\"inLanguage\":\"fr-FR\",\"potentialAction\":[{\"@type\":\"ReadAction\",\"target\":[\"https:\\\/\\\/aufildespierres.com\\\/index.php\\\/product\\\/bracelet-opale-verte-quartz-fume-pierre-de-lune\\\/\"]}]},{\"@type\":\"ImageObject\",\"inLanguage\":\"fr-FR\",\"@id\":\"https:\\\/\\\/aufildespierres.com\\\/index.php\\\/product\\\/bracelet-opale-verte-quartz-fume-pierre-de-lune\\\/#primaryimage\",\"url\":\"https:\\\/\\\/aufildespierres.com\\\/wp-content\\\/uploads\\\/2026\\\/03\\\/20260318_161655-scaled.jpg\",\"contentUrl\":\"https:\\\/\\\/aufildespierres.com\\\/wp-content\\\/uploads\\\/2026\\\/03\\\/20260318_161655-scaled.jpg\",\"width\":1920,\"height\":2560,\"caption\":\"Bracelet Opale verte Quartz fum\u00e9 Pierre de lune\"},{\"@type\":\"BreadcrumbList\",\"@id\":\"https:\\\/\\\/aufildespierres.com\\\/index.php\\\/product\\\/bracelet-opale-verte-quartz-fume-pierre-de-lune\\\/#breadcrumb\",\"itemListElement\":[{\"@type\":\"ListItem\",\"position\":1,\"name\":\"Accueil\",\"item\":\"https:\\\/\\\/aufildespierres.com\\\/\"},{\"@type\":\"ListItem\",\"position\":2,\"name\":\"Boutique de Lithoth\u00e9rapie\",\"item\":\"https:\\\/\\\/aufildespierres.com\\\/index.php\\\/boutique-de-lithotherapie\\\/\"},{\"@type\":\"ListItem\",\"position\":3,\"name\":\"Bracelet Opale verte Quartz fum\u00e9 Pierre de lune\"}]},{\"@type\":\"WebSite\",\"@id\":\"https:\\\/\\\/aufildespierres.com\\\/#website\",\"url\":\"https:\\\/\\\/aufildespierres.com\\\/\",\"name\":\"Au fil des pierres\",\"description\":\"Au fil des pierres\",\"publisher\":{\"@id\":\"https:\\\/\\\/aufildespierres.com\\\/#organization\"},\"potentialAction\":[{\"@type\":\"SearchAction\",\"target\":{\"@type\":\"EntryPoint\",\"urlTemplate\":\"https:\\\/\\\/aufildespierres.com\\\/?s={search_term_string}\"},\"query-input\":{\"@type\":\"PropertyValueSpecification\",\"valueRequired\":true,\"valueName\":\"search_term_string\"}}],\"inLanguage\":\"fr-FR\"},{\"@type\":\"Organization\",\"@id\":\"https:\\\/\\\/aufildespierres.com\\\/#organization\",\"name\":\"Au fil des pierres\",\"url\":\"https:\\\/\\\/aufildespierres.com\\\/\",\"logo\":{\"@type\":\"ImageObject\",\"inLanguage\":\"fr-FR\",\"@id\":\"https:\\\/\\\/aufildespierres.com\\\/#\\\/schema\\\/logo\\\/image\\\/\",\"url\":\"https:\\\/\\\/aufildespierres.com\\\/wp-content\\\/uploads\\\/2023\\\/05\\\/cropped-Logo-PNG-Transparent.png\",\"contentUrl\":\"https:\\\/\\\/aufildespierres.com\\\/wp-content\\\/uploads\\\/2023\\\/05\\\/cropped-Logo-PNG-Transparent.png\",\"width\":1776,\"height\":1625,\"caption\":\"Au fil des pierres\"},\"image\":{\"@id\":\"https:\\\/\\\/aufildespierres.com\\\/#\\\/schema\\\/logo\\\/image\\\/\"}}]}<\/script>\n<!-- \/ Yoast SEO plugin. -->","yoast_head_json":{"title":"Bracelet Opale verte Quartz fum\u00e9 Pierre de lune - Au fil des pierres","description":"Bracelet Opale verte, Quartz fum\u00e9 et Pierre de Lune blanche : favorise l\u2019ancrage, apaise les \u00e9motions et harmonise l\u2019\u00e9nergie pour un \u00e9quilibre int\u00e9rieur durable.","robots":{"index":"index","follow":"follow","max-snippet":"max-snippet:-1","max-image-preview":"max-image-preview:large","max-video-preview":"max-video-preview:-1"},"canonical":"https:\/\/aufildespierres.com\/index.php\/product\/bracelet-opale-verte-quartz-fume-pierre-de-lune\/","og_locale":"fr_FR","og_type":"article","og_title":"Bracelet Opale verte Quartz fum\u00e9 Pierre de lune - Au fil des pierres","og_description":"Bracelet Opale verte, Quartz fum\u00e9 et Pierre de Lune blanche : favorise l\u2019ancrage, apaise les \u00e9motions et harmonise l\u2019\u00e9nergie pour un \u00e9quilibre int\u00e9rieur durable.","og_url":"https:\/\/aufildespierres.com\/index.php\/product\/bracelet-opale-verte-quartz-fume-pierre-de-lune\/","og_site_name":"Au fil des pierres","og_image":[{"width":1920,"height":2560,"url":"https:\/\/aufildespierres.com\/wp-content\/uploads\/2026\/03\/20260318_161655-scaled.jpg","type":"image\/jpeg"}],"twitter_card":"summary_large_image","twitter_misc":{"Dur\u00e9e de lecture estim\u00e9e":"2 minutes"},"schema":{"@context":"https:\/\/schema.org","@graph":[{"@type":"WebPage","@id":"https:\/\/aufildespierres.com\/index.php\/product\/bracelet-opale-verte-quartz-fume-pierre-de-lune\/","url":"https:\/\/aufildespierres.com\/index.php\/product\/bracelet-opale-verte-quartz-fume-pierre-de-lune\/","name":"Bracelet Opale verte Quartz fum\u00e9 Pierre de lune - Au fil des pierres","isPartOf":{"@id":"https:\/\/aufildespierres.com\/#website"},"primaryImageOfPage":{"@id":"https:\/\/aufildespierres.com\/index.php\/product\/bracelet-opale-verte-quartz-fume-pierre-de-lune\/#primaryimage"},"image":{"@id":"https:\/\/aufildespierres.com\/index.php\/product\/bracelet-opale-verte-quartz-fume-pierre-de-lune\/#primaryimage"},"thumbnailUrl":"https:\/\/aufildespierres.com\/wp-content\/uploads\/2026\/03\/20260318_161655-scaled.jpg","datePublished":"2026-03-26T16:12:23+00:00","description":"Bracelet Opale verte, Quartz fum\u00e9 et Pierre de Lune blanche : favorise l\u2019ancrage, apaise les \u00e9motions et harmonise l\u2019\u00e9nergie pour un \u00e9quilibre int\u00e9rieur durable.","breadcrumb":{"@id":"https:\/\/aufildespierres.com\/index.php\/product\/bracelet-opale-verte-quartz-fume-pierre-de-lune\/#breadcrumb"},"inLanguage":"fr-FR","potentialAction":[{"@type":"ReadAction","target":["https:\/\/aufildespierres.com\/index.php\/product\/bracelet-opale-verte-quartz-fume-pierre-de-lune\/"]}]},{"@type":"ImageObject","inLanguage":"fr-FR","@id":"https:\/\/aufildespierres.com\/index.php\/product\/bracelet-opale-verte-quartz-fume-pierre-de-lune\/#primaryimage","url":"https:\/\/aufildespierres.com\/wp-content\/uploads\/2026\/03\/20260318_161655-scaled.jpg","contentUrl":"https:\/\/aufildespierres.com\/wp-content\/uploads\/2026\/03\/20260318_161655-scaled.jpg","width":1920,"height":2560,"caption":"Bracelet Opale verte Quartz fum\u00e9 Pierre de lune"},{"@type":"BreadcrumbList","@id":"https:\/\/aufildespierres.com\/index.php\/product\/bracelet-opale-verte-quartz-fume-pierre-de-lune\/#breadcrumb","itemListElement":[{"@type":"ListItem","position":1,"name":"Accueil","item":"https:\/\/aufildespierres.com\/"},{"@type":"ListItem","position":2,"name":"Boutique de Lithoth\u00e9rapie","item":"https:\/\/aufildespierres.com\/index.php\/boutique-de-lithotherapie\/"},{"@type":"ListItem","position":3,"name":"Bracelet Opale verte Quartz fum\u00e9 Pierre de lune"}]},{"@type":"WebSite","@id":"https:\/\/aufildespierres.com\/#website","url":"https:\/\/aufildespierres.com\/","name":"Au fil des pierres","description":"Au fil des pierres","publisher":{"@id":"https:\/\/aufildespierres.com\/#organization"},"potentialAction":[{"@type":"SearchAction","target":{"@type":"EntryPoint","urlTemplate":"https:\/\/aufildespierres.com\/?s={search_term_string}"},"query-input":{"@type":"PropertyValueSpecification","valueRequired":true,"valueName":"search_term_string"}}],"inLanguage":"fr-FR"},{"@type":"Organization","@id":"https:\/\/aufildespierres.com\/#organization","name":"Au fil des pierres","url":"https:\/\/aufildespierres.com\/","logo":{"@type":"ImageObject","inLanguage":"fr-FR","@id":"https:\/\/aufildespierres.com\/#\/schema\/logo\/image\/","url":"https:\/\/aufildespierres.com\/wp-content\/uploads\/2023\/05\/cropped-Logo-PNG-Transparent.png","contentUrl":"https:\/\/aufildespierres.com\/wp-content\/uploads\/2023\/05\/cropped-Logo-PNG-Transparent.png","width":1776,"height":1625,"caption":"Au fil des pierres"},"image":{"@id":"https:\/\/aufildespierres.com\/#\/schema\/logo\/image\/"}}]}},"_links":{"self":[{"href":"https:\/\/aufildespierres.com\/index.php\/wp-json\/wp\/v2\/product\/4702","targetHints":{"allow":["GET"]}}],"collection":[{"href":"https:\/\/aufildespierres.com\/index.php\/wp-json\/wp\/v2\/product"}],"about":[{"href":"https:\/\/aufildespierres.com\/index.php\/wp-json\/wp\/v2\/types\/product"}],"replies":[{"embeddable":true,"href":"https:\/\/aufildespierres.com\/index.php\/wp-json\/wp\/v2\/comments?post=4702"}],"wp:featuredmedia":[{"embeddable":true,"href":"https:\/\/aufildespierres.com\/index.php\/wp-json\/wp\/v2\/media\/4708"}],"wp:attachment":[{"href":"https:\/\/aufildespierres.com\/index.php\/wp-json\/wp\/v2\/media?parent=4702"}],"wp:term":[{"taxonomy":"product_brand","embeddable":true,"href":"https:\/\/aufildespierres.com\/index.php\/wp-json\/wp\/v2\/product_brand?post=4702"},{"taxonomy":"product_cat","embeddable":true,"href":"https:\/\/aufildespierres.com\/index.php\/wp-json\/wp\/v2\/product_cat?post=4702"},{"taxonomy":"product_tag","embeddable":true,"href":"https:\/\/aufildespierres.com\/index.php\/wp-json\/wp\/v2\/product_tag?post=4702"}],"curies":[{"name":"wp","href":"https:\/\/api.w.org\/{rel}","templated":true}]}}