{"id":5170,"date":"2026-04-15T13:05:38","date_gmt":"2026-04-15T11:05:38","guid":{"rendered":"https:\/\/aufildespierres.com\/?post_type=product&#038;p=5170"},"modified":"2026-04-15T13:14:00","modified_gmt":"2026-04-15T11:14:00","slug":"tourmaline-noire-brute","status":"publish","type":"product","link":"https:\/\/aufildespierres.com\/index.php\/product\/tourmaline-noire-brute\/","title":{"rendered":"Tourmaline noire brute"},"content":{"rendered":"<h3 data-section-id=\"133kngt\" data-start=\"213\" data-end=\"281\">Tourmaline noire brute<\/h3>\n<h3 data-section-id=\"133kngt\" data-start=\"213\" data-end=\"281\">Pierre\u00a0 de protection et d\u2019ancrage<\/h3>\n<p>Bloc brut de 75 grammes 4,5 x 3,5 x 2cm<\/p>\n<p data-start=\"283\" data-end=\"588\">La <strong data-start=\"286\" data-end=\"306\">Tourmaline noire<\/strong>, aussi appel\u00e9e schorl, est une pierre incontournable en lithoth\u00e9rapie. Cette <strong data-start=\"384\" data-end=\"404\">Tourmaline brute<\/strong> se forme dans des roches magmatiques et m\u00e9tamorphiques riches en bore. Sa cristallisation lente lui conf\u00e8re une grande stabilit\u00e9 \u00e9nerg\u00e9tique et une structure particuli\u00e8rement robuste.<\/p>\n<h4 data-start=\"590\" data-end=\"626\">Vertus de la Tourmaline brute<\/h4>\n<p data-start=\"628\" data-end=\"1008\">La <strong data-start=\"631\" data-end=\"651\">Tourmaline brute<\/strong> est reconnue pour sa puissante protection \u00e9nerg\u00e9tique. Elle agit comme un v\u00e9ritable bouclier contre les \u00e9nergies n\u00e9gatives. Ainsi, elle absorbe les influences n\u00e9fastes comme la jalousie, les tensions ou les \u00e9nergies stagnantes. Elle est \u00e9galement tr\u00e8s appr\u00e9ci\u00e9e des personnes \u00e9lectrosensibles, car elle aide \u00e0 limiter l\u2019impact des ondes \u00e9lectromagn\u00e9tiques.<\/p>\n<p data-start=\"1010\" data-end=\"1258\">De plus, cette pierre favorise un ancrage profond. Elle stimule le chakra racine et renforce la connexion \u00e0 la Terre. Gr\u00e2ce \u00e0 cela, vous restez centr\u00e9 et align\u00e9 dans votre quotidien. Elle s\u2019av\u00e8re id\u00e9ale en p\u00e9riode de stress ou de surcharge mentale.<\/p>\n<p data-start=\"1260\" data-end=\"1525\">Sur le plan \u00e9motionnel, la <strong data-start=\"1287\" data-end=\"1307\">Tourmaline noire brute\u00a0<\/strong> apaise les peurs et les pens\u00e9es envahissantes. Elle aide \u00e0 lib\u00e9rer les charges \u00e9motionnelles et favorise un esprit plus calme et lucide. Elle convient particuli\u00e8rement aux personnes actives qui ont besoin de ralentir.<\/p>\n<h4 data-start=\"1527\" data-end=\"1556\">Bienfaits sur le corps<\/h4>\n<p data-start=\"1558\" data-end=\"1763\">La <strong data-start=\"1561\" data-end=\"1581\">Tourmaline brute<\/strong> soutient l\u2019\u00e9quilibre global du corps. Elle stimule la circulation sanguine et renforce le syst\u00e8me immunitaire. De plus, elle accompagne les pratiques de m\u00e9ditation et de recentrage.<\/p>\n<h4 data-start=\"1765\" data-end=\"1794\">Conseils d\u2019utilisation<\/h4>\n<p data-start=\"1796\" data-end=\"1982\">Vous pouvez porter votre <strong data-start=\"1821\" data-end=\"1841\">Tourmaline noire brute<\/strong> en bijou ou la garder dans votre poche pour une protection continue. En m\u00e9ditation, tenez- la dans la main afin de renforcer votre ancrage.<\/p>\n<p data-start=\"1984\" data-end=\"2132\">Dans votre espace, placez une <strong data-start=\"2014\" data-end=\"2034\">Tourmaline brute<\/strong> \u00e0 l\u2019entr\u00e9e ou dans les coins d\u2019une pi\u00e8ce. Cela permet de cr\u00e9er une barri\u00e8re \u00e9nerg\u00e9tique efficace.<\/p>\n<h4 data-start=\"2134\" data-end=\"2173\">Entretien de la Tourmaline brute<\/h4>\n<p data-start=\"2175\" data-end=\"2345\">Purifiez r\u00e9guli\u00e8rement votre pierre \u00e0 l\u2019eau, par fumigation ou dans la terre. Ensuite, rechargez-la \u00e0 la lumi\u00e8re naturelle, en \u00e9vitant une exposition prolong\u00e9e au soleil.<\/p>\n","protected":false},"excerpt":{"rendered":"<p>Tourmaline noire brute Pierre\u00a0 de protection et d\u2019ancrage Bloc brut de 75 grammes 4,5 x 3,5 x 2cm La Tourmaline noire, aussi appel\u00e9e schorl, est une pierre incontournable en lithoth\u00e9rapie. Cette Tourmaline brute se forme dans des roches magmatiques et m\u00e9tamorphiques riches en bore. Sa cristallisation lente lui conf\u00e8re une grande stabilit\u00e9 \u00e9nerg\u00e9tique et une [&hellip;]<\/p>\n","protected":false},"featured_media":5172,"comment_status":"open","ping_status":"closed","template":"","meta":{"site-sidebar-layout":"default","site-content-layout":"","ast-site-content-layout":"default","site-content-style":"default","site-sidebar-style":"default","ast-global-header-display":"","ast-banner-title-visibility":"","ast-main-header-display":"","ast-hfb-above-header-display":"","ast-hfb-below-header-display":"","ast-hfb-mobile-header-display":"","site-post-title":"","ast-breadcrumbs-content":"","ast-featured-img":"","footer-sml-layout":"","ast-disable-related-posts":"","theme-transparent-header-meta":"default","adv-header-id-meta":"","stick-header-meta":"","header-above-stick-meta":"","header-main-stick-meta":"","header-below-stick-meta":"","astra-migrate-meta-layouts":"set","ast-page-background-enabled":"default","ast-page-background-meta":{"desktop":{"background-color":"var(--ast-global-color-4)","background-image":"","background-repeat":"repeat","background-position":"center center","background-size":"auto","background-attachment":"scroll","background-type":"","background-media":"","overlay-type":"","overlay-color":"","overlay-opacity":"","overlay-gradient":""},"tablet":{"background-color":"","background-image":"","background-repeat":"repeat","background-position":"center center","background-size":"auto","background-attachment":"scroll","background-type":"","background-media":"","overlay-type":"","overlay-color":"","overlay-opacity":"","overlay-gradient":""},"mobile":{"background-color":"","background-image":"","background-repeat":"repeat","background-position":"center center","background-size":"auto","background-attachment":"scroll","background-type":"","background-media":"","overlay-type":"","overlay-color":"","overlay-opacity":"","overlay-gradient":""}},"ast-content-background-meta":{"desktop":{"background-color":"var(--ast-global-color-5)","background-image":"","background-repeat":"repeat","background-position":"center center","background-size":"auto","background-attachment":"scroll","background-type":"","background-media":"","overlay-type":"","overlay-color":"","overlay-opacity":"","overlay-gradient":""},"tablet":{"background-color":"var(--ast-global-color-5)","background-image":"","background-repeat":"repeat","background-position":"center center","background-size":"auto","background-attachment":"scroll","background-type":"","background-media":"","overlay-type":"","overlay-color":"","overlay-opacity":"","overlay-gradient":""},"mobile":{"background-color":"var(--ast-global-color-5)","background-image":"","background-repeat":"repeat","background-position":"center center","background-size":"auto","background-attachment":"scroll","background-type":"","background-media":"","overlay-type":"","overlay-color":"","overlay-opacity":"","overlay-gradient":""}},"_glsr_average":0,"_glsr_ranking":0,"_glsr_reviews":0},"product_brand":[],"product_cat":[66,31,68,15],"product_tag":[],"class_list":{"0":"post-5170","1":"product","2":"type-product","3":"status-publish","4":"has-post-thumbnail","6":"product_cat-noir","7":"product_cat-pierres-brutes","8":"product_cat-tourmaline-noire","9":"product_cat-tout","10":"desktop-align-left","11":"tablet-align-left","12":"mobile-align-left","14":"first","15":"instock","16":"taxable","17":"shipping-taxable","18":"purchasable","19":"product-type-simple"},"yoast_head":"<!-- This site is optimized with the Yoast SEO plugin v27.5 - https:\/\/yoast.com\/product\/yoast-seo-wordpress\/ -->\n<title>Tourmaline noire brute - Au fil des pierres<\/title>\n<meta name=\"description\" content=\"D\u00e9couvrez la Tourmaline brute, pierre de protection puissante. La tourmaline noire favorise l\u2019ancrage, absorbe les \u00e9nergies n\u00e9gatives et \u00e9quilibre le corps et l\u2019esprit.\" \/>\n<meta name=\"robots\" content=\"index, follow, max-snippet:-1, max-image-preview:large, max-video-preview:-1\" \/>\n<link rel=\"canonical\" href=\"https:\/\/aufildespierres.com\/index.php\/product\/tourmaline-noire-brute\/\" \/>\n<meta property=\"og:locale\" content=\"fr_FR\" \/>\n<meta property=\"og:type\" content=\"article\" \/>\n<meta property=\"og:title\" content=\"Tourmaline noire brute - Au fil des pierres\" \/>\n<meta property=\"og:description\" content=\"D\u00e9couvrez la Tourmaline brute, pierre de protection puissante. La tourmaline noire favorise l\u2019ancrage, absorbe les \u00e9nergies n\u00e9gatives et \u00e9quilibre le corps et l\u2019esprit.\" \/>\n<meta property=\"og:url\" content=\"https:\/\/aufildespierres.com\/index.php\/product\/tourmaline-noire-brute\/\" \/>\n<meta property=\"og:site_name\" content=\"Au fil des pierres\" \/>\n<meta property=\"article:modified_time\" content=\"2026-04-15T11:14:00+00:00\" \/>\n<meta property=\"og:image\" content=\"https:\/\/aufildespierres.com\/wp-content\/uploads\/2026\/04\/20260414_130511.jpg\" \/>\n\t<meta property=\"og:image:width\" content=\"2296\" \/>\n\t<meta property=\"og:image:height\" content=\"2112\" \/>\n\t<meta property=\"og:image:type\" content=\"image\/jpeg\" \/>\n<meta name=\"twitter:card\" content=\"summary_large_image\" \/>\n<meta name=\"twitter:label1\" content=\"Dur\u00e9e de lecture estim\u00e9e\" \/>\n\t<meta name=\"twitter:data1\" content=\"2 minutes\" \/>\n<script type=\"application\/ld+json\" class=\"yoast-schema-graph\">{\"@context\":\"https:\\\/\\\/schema.org\",\"@graph\":[{\"@type\":\"WebPage\",\"@id\":\"https:\\\/\\\/aufildespierres.com\\\/index.php\\\/product\\\/tourmaline-noire-brute\\\/\",\"url\":\"https:\\\/\\\/aufildespierres.com\\\/index.php\\\/product\\\/tourmaline-noire-brute\\\/\",\"name\":\"Tourmaline noire brute - Au fil des pierres\",\"isPartOf\":{\"@id\":\"https:\\\/\\\/aufildespierres.com\\\/#website\"},\"primaryImageOfPage\":{\"@id\":\"https:\\\/\\\/aufildespierres.com\\\/index.php\\\/product\\\/tourmaline-noire-brute\\\/#primaryimage\"},\"image\":{\"@id\":\"https:\\\/\\\/aufildespierres.com\\\/index.php\\\/product\\\/tourmaline-noire-brute\\\/#primaryimage\"},\"thumbnailUrl\":\"https:\\\/\\\/aufildespierres.com\\\/wp-content\\\/uploads\\\/2026\\\/04\\\/20260414_130511.jpg\",\"datePublished\":\"2026-04-15T11:05:38+00:00\",\"dateModified\":\"2026-04-15T11:14:00+00:00\",\"description\":\"D\u00e9couvrez la Tourmaline brute, pierre de protection puissante. La tourmaline noire favorise l\u2019ancrage, absorbe les \u00e9nergies n\u00e9gatives et \u00e9quilibre le corps et l\u2019esprit.\",\"breadcrumb\":{\"@id\":\"https:\\\/\\\/aufildespierres.com\\\/index.php\\\/product\\\/tourmaline-noire-brute\\\/#breadcrumb\"},\"inLanguage\":\"fr-FR\",\"potentialAction\":[{\"@type\":\"ReadAction\",\"target\":[\"https:\\\/\\\/aufildespierres.com\\\/index.php\\\/product\\\/tourmaline-noire-brute\\\/\"]}]},{\"@type\":\"ImageObject\",\"inLanguage\":\"fr-FR\",\"@id\":\"https:\\\/\\\/aufildespierres.com\\\/index.php\\\/product\\\/tourmaline-noire-brute\\\/#primaryimage\",\"url\":\"https:\\\/\\\/aufildespierres.com\\\/wp-content\\\/uploads\\\/2026\\\/04\\\/20260414_130511.jpg\",\"contentUrl\":\"https:\\\/\\\/aufildespierres.com\\\/wp-content\\\/uploads\\\/2026\\\/04\\\/20260414_130511.jpg\",\"width\":2296,\"height\":2112,\"caption\":\"Tourmaline noire brute\"},{\"@type\":\"BreadcrumbList\",\"@id\":\"https:\\\/\\\/aufildespierres.com\\\/index.php\\\/product\\\/tourmaline-noire-brute\\\/#breadcrumb\",\"itemListElement\":[{\"@type\":\"ListItem\",\"position\":1,\"name\":\"Accueil\",\"item\":\"https:\\\/\\\/aufildespierres.com\\\/\"},{\"@type\":\"ListItem\",\"position\":2,\"name\":\"Boutique de Lithoth\u00e9rapie\",\"item\":\"https:\\\/\\\/aufildespierres.com\\\/index.php\\\/boutique-de-lithotherapie\\\/\"},{\"@type\":\"ListItem\",\"position\":3,\"name\":\"Tourmaline noire brute\"}]},{\"@type\":\"WebSite\",\"@id\":\"https:\\\/\\\/aufildespierres.com\\\/#website\",\"url\":\"https:\\\/\\\/aufildespierres.com\\\/\",\"name\":\"Au fil des pierres\",\"description\":\"Au fil des pierres\",\"publisher\":{\"@id\":\"https:\\\/\\\/aufildespierres.com\\\/#organization\"},\"potentialAction\":[{\"@type\":\"SearchAction\",\"target\":{\"@type\":\"EntryPoint\",\"urlTemplate\":\"https:\\\/\\\/aufildespierres.com\\\/?s={search_term_string}\"},\"query-input\":{\"@type\":\"PropertyValueSpecification\",\"valueRequired\":true,\"valueName\":\"search_term_string\"}}],\"inLanguage\":\"fr-FR\"},{\"@type\":\"Organization\",\"@id\":\"https:\\\/\\\/aufildespierres.com\\\/#organization\",\"name\":\"Au fil des pierres\",\"url\":\"https:\\\/\\\/aufildespierres.com\\\/\",\"logo\":{\"@type\":\"ImageObject\",\"inLanguage\":\"fr-FR\",\"@id\":\"https:\\\/\\\/aufildespierres.com\\\/#\\\/schema\\\/logo\\\/image\\\/\",\"url\":\"https:\\\/\\\/aufildespierres.com\\\/wp-content\\\/uploads\\\/2023\\\/05\\\/cropped-Logo-PNG-Transparent.png\",\"contentUrl\":\"https:\\\/\\\/aufildespierres.com\\\/wp-content\\\/uploads\\\/2023\\\/05\\\/cropped-Logo-PNG-Transparent.png\",\"width\":1776,\"height\":1625,\"caption\":\"Au fil des pierres\"},\"image\":{\"@id\":\"https:\\\/\\\/aufildespierres.com\\\/#\\\/schema\\\/logo\\\/image\\\/\"}}]}<\/script>\n<!-- \/ Yoast SEO plugin. -->","yoast_head_json":{"title":"Tourmaline noire brute - Au fil des pierres","description":"D\u00e9couvrez la Tourmaline brute, pierre de protection puissante. La tourmaline noire favorise l\u2019ancrage, absorbe les \u00e9nergies n\u00e9gatives et \u00e9quilibre le corps et l\u2019esprit.","robots":{"index":"index","follow":"follow","max-snippet":"max-snippet:-1","max-image-preview":"max-image-preview:large","max-video-preview":"max-video-preview:-1"},"canonical":"https:\/\/aufildespierres.com\/index.php\/product\/tourmaline-noire-brute\/","og_locale":"fr_FR","og_type":"article","og_title":"Tourmaline noire brute - Au fil des pierres","og_description":"D\u00e9couvrez la Tourmaline brute, pierre de protection puissante. La tourmaline noire favorise l\u2019ancrage, absorbe les \u00e9nergies n\u00e9gatives et \u00e9quilibre le corps et l\u2019esprit.","og_url":"https:\/\/aufildespierres.com\/index.php\/product\/tourmaline-noire-brute\/","og_site_name":"Au fil des pierres","article_modified_time":"2026-04-15T11:14:00+00:00","og_image":[{"width":2296,"height":2112,"url":"https:\/\/aufildespierres.com\/wp-content\/uploads\/2026\/04\/20260414_130511.jpg","type":"image\/jpeg"}],"twitter_card":"summary_large_image","twitter_misc":{"Dur\u00e9e de lecture estim\u00e9e":"2 minutes"},"schema":{"@context":"https:\/\/schema.org","@graph":[{"@type":"WebPage","@id":"https:\/\/aufildespierres.com\/index.php\/product\/tourmaline-noire-brute\/","url":"https:\/\/aufildespierres.com\/index.php\/product\/tourmaline-noire-brute\/","name":"Tourmaline noire brute - Au fil des pierres","isPartOf":{"@id":"https:\/\/aufildespierres.com\/#website"},"primaryImageOfPage":{"@id":"https:\/\/aufildespierres.com\/index.php\/product\/tourmaline-noire-brute\/#primaryimage"},"image":{"@id":"https:\/\/aufildespierres.com\/index.php\/product\/tourmaline-noire-brute\/#primaryimage"},"thumbnailUrl":"https:\/\/aufildespierres.com\/wp-content\/uploads\/2026\/04\/20260414_130511.jpg","datePublished":"2026-04-15T11:05:38+00:00","dateModified":"2026-04-15T11:14:00+00:00","description":"D\u00e9couvrez la Tourmaline brute, pierre de protection puissante. La tourmaline noire favorise l\u2019ancrage, absorbe les \u00e9nergies n\u00e9gatives et \u00e9quilibre le corps et l\u2019esprit.","breadcrumb":{"@id":"https:\/\/aufildespierres.com\/index.php\/product\/tourmaline-noire-brute\/#breadcrumb"},"inLanguage":"fr-FR","potentialAction":[{"@type":"ReadAction","target":["https:\/\/aufildespierres.com\/index.php\/product\/tourmaline-noire-brute\/"]}]},{"@type":"ImageObject","inLanguage":"fr-FR","@id":"https:\/\/aufildespierres.com\/index.php\/product\/tourmaline-noire-brute\/#primaryimage","url":"https:\/\/aufildespierres.com\/wp-content\/uploads\/2026\/04\/20260414_130511.jpg","contentUrl":"https:\/\/aufildespierres.com\/wp-content\/uploads\/2026\/04\/20260414_130511.jpg","width":2296,"height":2112,"caption":"Tourmaline noire brute"},{"@type":"BreadcrumbList","@id":"https:\/\/aufildespierres.com\/index.php\/product\/tourmaline-noire-brute\/#breadcrumb","itemListElement":[{"@type":"ListItem","position":1,"name":"Accueil","item":"https:\/\/aufildespierres.com\/"},{"@type":"ListItem","position":2,"name":"Boutique de Lithoth\u00e9rapie","item":"https:\/\/aufildespierres.com\/index.php\/boutique-de-lithotherapie\/"},{"@type":"ListItem","position":3,"name":"Tourmaline noire brute"}]},{"@type":"WebSite","@id":"https:\/\/aufildespierres.com\/#website","url":"https:\/\/aufildespierres.com\/","name":"Au fil des pierres","description":"Au fil des pierres","publisher":{"@id":"https:\/\/aufildespierres.com\/#organization"},"potentialAction":[{"@type":"SearchAction","target":{"@type":"EntryPoint","urlTemplate":"https:\/\/aufildespierres.com\/?s={search_term_string}"},"query-input":{"@type":"PropertyValueSpecification","valueRequired":true,"valueName":"search_term_string"}}],"inLanguage":"fr-FR"},{"@type":"Organization","@id":"https:\/\/aufildespierres.com\/#organization","name":"Au fil des pierres","url":"https:\/\/aufildespierres.com\/","logo":{"@type":"ImageObject","inLanguage":"fr-FR","@id":"https:\/\/aufildespierres.com\/#\/schema\/logo\/image\/","url":"https:\/\/aufildespierres.com\/wp-content\/uploads\/2023\/05\/cropped-Logo-PNG-Transparent.png","contentUrl":"https:\/\/aufildespierres.com\/wp-content\/uploads\/2023\/05\/cropped-Logo-PNG-Transparent.png","width":1776,"height":1625,"caption":"Au fil des pierres"},"image":{"@id":"https:\/\/aufildespierres.com\/#\/schema\/logo\/image\/"}}]}},"_links":{"self":[{"href":"https:\/\/aufildespierres.com\/index.php\/wp-json\/wp\/v2\/product\/5170","targetHints":{"allow":["GET"]}}],"collection":[{"href":"https:\/\/aufildespierres.com\/index.php\/wp-json\/wp\/v2\/product"}],"about":[{"href":"https:\/\/aufildespierres.com\/index.php\/wp-json\/wp\/v2\/types\/product"}],"replies":[{"embeddable":true,"href":"https:\/\/aufildespierres.com\/index.php\/wp-json\/wp\/v2\/comments?post=5170"}],"wp:featuredmedia":[{"embeddable":true,"href":"https:\/\/aufildespierres.com\/index.php\/wp-json\/wp\/v2\/media\/5172"}],"wp:attachment":[{"href":"https:\/\/aufildespierres.com\/index.php\/wp-json\/wp\/v2\/media?parent=5170"}],"wp:term":[{"taxonomy":"product_brand","embeddable":true,"href":"https:\/\/aufildespierres.com\/index.php\/wp-json\/wp\/v2\/product_brand?post=5170"},{"taxonomy":"product_cat","embeddable":true,"href":"https:\/\/aufildespierres.com\/index.php\/wp-json\/wp\/v2\/product_cat?post=5170"},{"taxonomy":"product_tag","embeddable":true,"href":"https:\/\/aufildespierres.com\/index.php\/wp-json\/wp\/v2\/product_tag?post=5170"}],"curies":[{"name":"wp","href":"https:\/\/api.w.org\/{rel}","templated":true}]}}