{"id":521,"date":"2023-09-08T20:40:30","date_gmt":"2023-09-08T18:40:30","guid":{"rendered":"https:\/\/aufildespierres.com\/?post_type=product&#038;p=521"},"modified":"2025-09-14T17:55:19","modified_gmt":"2025-09-14T15:55:19","slug":"bracelet-diamant-herckimer","status":"publish","type":"product","link":"https:\/\/aufildespierres.com\/index.php\/product\/bracelet-diamant-herckimer\/","title":{"rendered":"Bracelet Diamant Herkimer"},"content":{"rendered":"<p>Bracelet compos\u00e9 de 22 perles de Diamant de Herkimer<\/p>\n<p>+ 3 perles acier inoxydable\u00a0 Adapt\u00e9 sur le mod\u00e8le pr\u00e9sent\u00e9 \u00e0 un poignet de 17 \u00e0 18 cm.<\/p>\n<p>&nbsp;<\/p>\n<p>Il s\u2019agit d\u2019une vari\u00e9t\u00e9 de cristal de roche qui ressemble au diamant car souvent pur et \u00e9clatant<\/p>\n<p>Il peut avoir des inclusions de carbone \u00e0 l\u2019int\u00e9rieur ou un peu d\u2019opacit\u00e9 du \u00e0 des bulles d\u2019air .<\/p>\n<p>Pierre de m\u00e9ditation qui ouvre les chakras et permet de clarifier ses pens\u00e9es, un \u00e9veil spirituel , du l\u00e2cher prise et de l\u2019ordre<\/p>\n<p>Cristal de roche de grande puret\u00e9 avec une vibration \u00e9lev\u00e9e qui amplifie notre \u00e9nergie personnelle<\/p>\n<p>Pierre de protection et de spiritualit\u00e9 qui d\u00e9veloppe intuition et 6 -\u00e8me sens<\/p>\n<p>&nbsp;<\/p>\n<p>Apporte force et vitalit\u00e9, ouvre les chakras et diminue les blocages \u00e9nerg\u00e9tiques, aide \u00e0 connecter corps et esprit .<\/p>\n<p>Diminue stress et anxi\u00e9t\u00e9,\u00a0 favorise l\u00e2cher prise et m\u00e9ditation<\/p>\n<p>Aide en cas de d\u00e9pendance,\u00a0 augmente la confiance en soi et la clart\u00e9 de l\u2019esprit,\u00a0 aide \u00e0 prendre des d\u00e9cisions r\u00e9fl\u00e9chies<\/p>\n<p>Apprend \u00e0 tirer des le\u00e7ons de son pass\u00e9 pour ne pas reproduire les m\u00eames sch\u00e9mas, aide \u00e0 voir ses tords pour travailler sur soi<\/p>\n<p>Aide \u00e0 se rappeler de ses r\u00eaves<\/p>\n<p>Apprend \u00e0 se connaitre et se r\u00e9aliser,\u00a0 favorise intuition et\u00a0 savoir<\/p>\n<p>Apporte vitalit\u00e9 et oxyg\u00e8ne , aide \u00e0 tourner la page de son pass\u00e9 et apprendre de ses erreurs , voir ses tords pour travailler \u00e0 une meilleure version de nous m\u00eame<\/p>\n<p>Purifie le champ \u00e9nerg\u00e9tique de son porteur .<\/p>\n<p>Soulage les tensions nerveuses, d\u00e9toxifie et renforce les d\u00e9fenses immunitaires .<\/p>\n<p>&nbsp;<\/p>\n","protected":false},"excerpt":{"rendered":"<p>Bracelet compos\u00e9 de 22 perles de Diamant de Herkimer + 3 perles acier inoxydable\u00a0 Adapt\u00e9 sur le mod\u00e8le pr\u00e9sent\u00e9 \u00e0 un poignet de 17 \u00e0 18 cm. &nbsp; Il s\u2019agit d\u2019une vari\u00e9t\u00e9 de cristal de roche qui ressemble au diamant car souvent pur et \u00e9clatant Il peut avoir des inclusions de carbone \u00e0 l\u2019int\u00e9rieur ou [&hellip;]<\/p>\n","protected":false},"featured_media":527,"comment_status":"open","ping_status":"closed","template":"","meta":{"site-sidebar-layout":"default","site-content-layout":"","ast-site-content-layout":"default","site-content-style":"default","site-sidebar-style":"default","ast-global-header-display":"","ast-banner-title-visibility":"","ast-main-header-display":"","ast-hfb-above-header-display":"","ast-hfb-below-header-display":"","ast-hfb-mobile-header-display":"","site-post-title":"","ast-breadcrumbs-content":"","ast-featured-img":"","footer-sml-layout":"","ast-disable-related-posts":"","theme-transparent-header-meta":"default","adv-header-id-meta":"","stick-header-meta":"","header-above-stick-meta":"","header-main-stick-meta":"","header-below-stick-meta":"","astra-migrate-meta-layouts":"set","ast-page-background-enabled":"default","ast-page-background-meta":{"desktop":{"background-color":"var(--ast-global-color-4)","background-image":"","background-repeat":"repeat","background-position":"center center","background-size":"auto","background-attachment":"scroll","background-type":"","background-media":"","overlay-type":"","overlay-color":"","overlay-opacity":"","overlay-gradient":""},"tablet":{"background-color":"","background-image":"","background-repeat":"repeat","background-position":"center center","background-size":"auto","background-attachment":"scroll","background-type":"","background-media":"","overlay-type":"","overlay-color":"","overlay-opacity":"","overlay-gradient":""},"mobile":{"background-color":"","background-image":"","background-repeat":"repeat","background-position":"center center","background-size":"auto","background-attachment":"scroll","background-type":"","background-media":"","overlay-type":"","overlay-color":"","overlay-opacity":"","overlay-gradient":""}},"ast-content-background-meta":{"desktop":{"background-color":"var(--ast-global-color-5)","background-image":"","background-repeat":"repeat","background-position":"center center","background-size":"auto","background-attachment":"scroll","background-type":"","background-media":"","overlay-type":"","overlay-color":"","overlay-opacity":"","overlay-gradient":""},"tablet":{"background-color":"var(--ast-global-color-5)","background-image":"","background-repeat":"repeat","background-position":"center center","background-size":"auto","background-attachment":"scroll","background-type":"","background-media":"","overlay-type":"","overlay-color":"","overlay-opacity":"","overlay-gradient":""},"mobile":{"background-color":"var(--ast-global-color-5)","background-image":"","background-repeat":"repeat","background-position":"center center","background-size":"auto","background-attachment":"scroll","background-type":"","background-media":"","overlay-type":"","overlay-color":"","overlay-opacity":"","overlay-gradient":""}},"_glsr_average":0,"_glsr_ranking":0,"_glsr_reviews":0},"product_brand":[],"product_cat":[54,67,56,290,49,81,91],"product_tag":[],"class_list":{"0":"post-521","1":"product","2":"type-product","3":"status-publish","4":"has-post-thumbnail","6":"product_cat-8-mm","7":"product_cat-blanc","8":"product_cat-bracelets-de-lithotherapie","9":"product_cat-bracelets-de-lithotherapie-femmes","10":"product_cat-confiance-en-soi","11":"product_cat-connexion-spirituelle","12":"product_cat-diamant-herckimer","13":"desktop-align-left","14":"tablet-align-left","15":"mobile-align-left","17":"first","18":"instock","19":"purchasable","20":"product-type-simple"},"yoast_head":"<!-- This site is optimized with the Yoast SEO plugin v27.5 - https:\/\/yoast.com\/product\/yoast-seo-wordpress\/ -->\n<title>Bracelet Diamant Herkimer - Au fil des pierres<\/title>\n<meta name=\"robots\" content=\"index, follow, max-snippet:-1, max-image-preview:large, max-video-preview:-1\" \/>\n<link rel=\"canonical\" href=\"https:\/\/aufildespierres.com\/index.php\/product\/bracelet-diamant-herckimer\/\" \/>\n<meta property=\"og:locale\" content=\"fr_FR\" \/>\n<meta property=\"og:type\" content=\"article\" \/>\n<meta property=\"og:title\" content=\"Bracelet Diamant Herkimer - Au fil des pierres\" \/>\n<meta property=\"og:description\" content=\"Bracelet compos\u00e9 de 22 perles de Diamant de Herkimer + 3 perles acier inoxydable\u00a0 Adapt\u00e9 sur le mod\u00e8le pr\u00e9sent\u00e9 \u00e0 un poignet de 17 \u00e0 18 cm. &nbsp; Il s\u2019agit d\u2019une vari\u00e9t\u00e9 de cristal de roche qui ressemble au diamant car souvent pur et \u00e9clatant Il peut avoir des inclusions de carbone \u00e0 l\u2019int\u00e9rieur ou [&hellip;]\" \/>\n<meta property=\"og:url\" content=\"https:\/\/aufildespierres.com\/index.php\/product\/bracelet-diamant-herckimer\/\" \/>\n<meta property=\"og:site_name\" content=\"Au fil des pierres\" \/>\n<meta property=\"article:modified_time\" content=\"2025-09-14T15:55:19+00:00\" \/>\n<meta property=\"og:image\" content=\"https:\/\/aufildespierres.com\/wp-content\/uploads\/2023\/09\/20230505_094637.jpg\" \/>\n\t<meta property=\"og:image:width\" content=\"2185\" \/>\n\t<meta property=\"og:image:height\" content=\"2458\" \/>\n\t<meta property=\"og:image:type\" content=\"image\/jpeg\" \/>\n<meta name=\"twitter:card\" content=\"summary_large_image\" \/>\n<meta name=\"twitter:label1\" content=\"Dur\u00e9e de lecture estim\u00e9e\" \/>\n\t<meta name=\"twitter:data1\" content=\"2 minutes\" \/>\n<script type=\"application\/ld+json\" class=\"yoast-schema-graph\">{\"@context\":\"https:\\\/\\\/schema.org\",\"@graph\":[{\"@type\":\"WebPage\",\"@id\":\"https:\\\/\\\/aufildespierres.com\\\/index.php\\\/product\\\/bracelet-diamant-herckimer\\\/\",\"url\":\"https:\\\/\\\/aufildespierres.com\\\/index.php\\\/product\\\/bracelet-diamant-herckimer\\\/\",\"name\":\"Bracelet Diamant Herkimer - Au fil des pierres\",\"isPartOf\":{\"@id\":\"https:\\\/\\\/aufildespierres.com\\\/#website\"},\"primaryImageOfPage\":{\"@id\":\"https:\\\/\\\/aufildespierres.com\\\/index.php\\\/product\\\/bracelet-diamant-herckimer\\\/#primaryimage\"},\"image\":{\"@id\":\"https:\\\/\\\/aufildespierres.com\\\/index.php\\\/product\\\/bracelet-diamant-herckimer\\\/#primaryimage\"},\"thumbnailUrl\":\"https:\\\/\\\/aufildespierres.com\\\/wp-content\\\/uploads\\\/2023\\\/09\\\/20230505_094637.jpg\",\"datePublished\":\"2023-09-08T18:40:30+00:00\",\"dateModified\":\"2025-09-14T15:55:19+00:00\",\"breadcrumb\":{\"@id\":\"https:\\\/\\\/aufildespierres.com\\\/index.php\\\/product\\\/bracelet-diamant-herckimer\\\/#breadcrumb\"},\"inLanguage\":\"fr-FR\",\"potentialAction\":[{\"@type\":\"ReadAction\",\"target\":[\"https:\\\/\\\/aufildespierres.com\\\/index.php\\\/product\\\/bracelet-diamant-herckimer\\\/\"]}]},{\"@type\":\"ImageObject\",\"inLanguage\":\"fr-FR\",\"@id\":\"https:\\\/\\\/aufildespierres.com\\\/index.php\\\/product\\\/bracelet-diamant-herckimer\\\/#primaryimage\",\"url\":\"https:\\\/\\\/aufildespierres.com\\\/wp-content\\\/uploads\\\/2023\\\/09\\\/20230505_094637.jpg\",\"contentUrl\":\"https:\\\/\\\/aufildespierres.com\\\/wp-content\\\/uploads\\\/2023\\\/09\\\/20230505_094637.jpg\",\"width\":2185,\"height\":2458},{\"@type\":\"BreadcrumbList\",\"@id\":\"https:\\\/\\\/aufildespierres.com\\\/index.php\\\/product\\\/bracelet-diamant-herckimer\\\/#breadcrumb\",\"itemListElement\":[{\"@type\":\"ListItem\",\"position\":1,\"name\":\"Accueil\",\"item\":\"https:\\\/\\\/aufildespierres.com\\\/\"},{\"@type\":\"ListItem\",\"position\":2,\"name\":\"Boutique de Lithoth\u00e9rapie\",\"item\":\"https:\\\/\\\/aufildespierres.com\\\/index.php\\\/boutique-de-lithotherapie\\\/\"},{\"@type\":\"ListItem\",\"position\":3,\"name\":\"Bracelet Diamant Herkimer\"}]},{\"@type\":\"WebSite\",\"@id\":\"https:\\\/\\\/aufildespierres.com\\\/#website\",\"url\":\"https:\\\/\\\/aufildespierres.com\\\/\",\"name\":\"Au fil des pierres\",\"description\":\"Au fil des pierres\",\"publisher\":{\"@id\":\"https:\\\/\\\/aufildespierres.com\\\/#organization\"},\"potentialAction\":[{\"@type\":\"SearchAction\",\"target\":{\"@type\":\"EntryPoint\",\"urlTemplate\":\"https:\\\/\\\/aufildespierres.com\\\/?s={search_term_string}\"},\"query-input\":{\"@type\":\"PropertyValueSpecification\",\"valueRequired\":true,\"valueName\":\"search_term_string\"}}],\"inLanguage\":\"fr-FR\"},{\"@type\":\"Organization\",\"@id\":\"https:\\\/\\\/aufildespierres.com\\\/#organization\",\"name\":\"Au fil des pierres\",\"url\":\"https:\\\/\\\/aufildespierres.com\\\/\",\"logo\":{\"@type\":\"ImageObject\",\"inLanguage\":\"fr-FR\",\"@id\":\"https:\\\/\\\/aufildespierres.com\\\/#\\\/schema\\\/logo\\\/image\\\/\",\"url\":\"https:\\\/\\\/aufildespierres.com\\\/wp-content\\\/uploads\\\/2023\\\/05\\\/cropped-Logo-PNG-Transparent.png\",\"contentUrl\":\"https:\\\/\\\/aufildespierres.com\\\/wp-content\\\/uploads\\\/2023\\\/05\\\/cropped-Logo-PNG-Transparent.png\",\"width\":1776,\"height\":1625,\"caption\":\"Au fil des pierres\"},\"image\":{\"@id\":\"https:\\\/\\\/aufildespierres.com\\\/#\\\/schema\\\/logo\\\/image\\\/\"}}]}<\/script>\n<!-- \/ Yoast SEO plugin. -->","yoast_head_json":{"title":"Bracelet Diamant Herkimer - Au fil des pierres","robots":{"index":"index","follow":"follow","max-snippet":"max-snippet:-1","max-image-preview":"max-image-preview:large","max-video-preview":"max-video-preview:-1"},"canonical":"https:\/\/aufildespierres.com\/index.php\/product\/bracelet-diamant-herckimer\/","og_locale":"fr_FR","og_type":"article","og_title":"Bracelet Diamant Herkimer - Au fil des pierres","og_description":"Bracelet compos\u00e9 de 22 perles de Diamant de Herkimer + 3 perles acier inoxydable\u00a0 Adapt\u00e9 sur le mod\u00e8le pr\u00e9sent\u00e9 \u00e0 un poignet de 17 \u00e0 18 cm. &nbsp; Il s\u2019agit d\u2019une vari\u00e9t\u00e9 de cristal de roche qui ressemble au diamant car souvent pur et \u00e9clatant Il peut avoir des inclusions de carbone \u00e0 l\u2019int\u00e9rieur ou [&hellip;]","og_url":"https:\/\/aufildespierres.com\/index.php\/product\/bracelet-diamant-herckimer\/","og_site_name":"Au fil des pierres","article_modified_time":"2025-09-14T15:55:19+00:00","og_image":[{"width":2185,"height":2458,"url":"https:\/\/aufildespierres.com\/wp-content\/uploads\/2023\/09\/20230505_094637.jpg","type":"image\/jpeg"}],"twitter_card":"summary_large_image","twitter_misc":{"Dur\u00e9e de lecture estim\u00e9e":"2 minutes"},"schema":{"@context":"https:\/\/schema.org","@graph":[{"@type":"WebPage","@id":"https:\/\/aufildespierres.com\/index.php\/product\/bracelet-diamant-herckimer\/","url":"https:\/\/aufildespierres.com\/index.php\/product\/bracelet-diamant-herckimer\/","name":"Bracelet Diamant Herkimer - Au fil des pierres","isPartOf":{"@id":"https:\/\/aufildespierres.com\/#website"},"primaryImageOfPage":{"@id":"https:\/\/aufildespierres.com\/index.php\/product\/bracelet-diamant-herckimer\/#primaryimage"},"image":{"@id":"https:\/\/aufildespierres.com\/index.php\/product\/bracelet-diamant-herckimer\/#primaryimage"},"thumbnailUrl":"https:\/\/aufildespierres.com\/wp-content\/uploads\/2023\/09\/20230505_094637.jpg","datePublished":"2023-09-08T18:40:30+00:00","dateModified":"2025-09-14T15:55:19+00:00","breadcrumb":{"@id":"https:\/\/aufildespierres.com\/index.php\/product\/bracelet-diamant-herckimer\/#breadcrumb"},"inLanguage":"fr-FR","potentialAction":[{"@type":"ReadAction","target":["https:\/\/aufildespierres.com\/index.php\/product\/bracelet-diamant-herckimer\/"]}]},{"@type":"ImageObject","inLanguage":"fr-FR","@id":"https:\/\/aufildespierres.com\/index.php\/product\/bracelet-diamant-herckimer\/#primaryimage","url":"https:\/\/aufildespierres.com\/wp-content\/uploads\/2023\/09\/20230505_094637.jpg","contentUrl":"https:\/\/aufildespierres.com\/wp-content\/uploads\/2023\/09\/20230505_094637.jpg","width":2185,"height":2458},{"@type":"BreadcrumbList","@id":"https:\/\/aufildespierres.com\/index.php\/product\/bracelet-diamant-herckimer\/#breadcrumb","itemListElement":[{"@type":"ListItem","position":1,"name":"Accueil","item":"https:\/\/aufildespierres.com\/"},{"@type":"ListItem","position":2,"name":"Boutique de Lithoth\u00e9rapie","item":"https:\/\/aufildespierres.com\/index.php\/boutique-de-lithotherapie\/"},{"@type":"ListItem","position":3,"name":"Bracelet Diamant Herkimer"}]},{"@type":"WebSite","@id":"https:\/\/aufildespierres.com\/#website","url":"https:\/\/aufildespierres.com\/","name":"Au fil des pierres","description":"Au fil des pierres","publisher":{"@id":"https:\/\/aufildespierres.com\/#organization"},"potentialAction":[{"@type":"SearchAction","target":{"@type":"EntryPoint","urlTemplate":"https:\/\/aufildespierres.com\/?s={search_term_string}"},"query-input":{"@type":"PropertyValueSpecification","valueRequired":true,"valueName":"search_term_string"}}],"inLanguage":"fr-FR"},{"@type":"Organization","@id":"https:\/\/aufildespierres.com\/#organization","name":"Au fil des pierres","url":"https:\/\/aufildespierres.com\/","logo":{"@type":"ImageObject","inLanguage":"fr-FR","@id":"https:\/\/aufildespierres.com\/#\/schema\/logo\/image\/","url":"https:\/\/aufildespierres.com\/wp-content\/uploads\/2023\/05\/cropped-Logo-PNG-Transparent.png","contentUrl":"https:\/\/aufildespierres.com\/wp-content\/uploads\/2023\/05\/cropped-Logo-PNG-Transparent.png","width":1776,"height":1625,"caption":"Au fil des pierres"},"image":{"@id":"https:\/\/aufildespierres.com\/#\/schema\/logo\/image\/"}}]}},"_links":{"self":[{"href":"https:\/\/aufildespierres.com\/index.php\/wp-json\/wp\/v2\/product\/521","targetHints":{"allow":["GET"]}}],"collection":[{"href":"https:\/\/aufildespierres.com\/index.php\/wp-json\/wp\/v2\/product"}],"about":[{"href":"https:\/\/aufildespierres.com\/index.php\/wp-json\/wp\/v2\/types\/product"}],"replies":[{"embeddable":true,"href":"https:\/\/aufildespierres.com\/index.php\/wp-json\/wp\/v2\/comments?post=521"}],"wp:featuredmedia":[{"embeddable":true,"href":"https:\/\/aufildespierres.com\/index.php\/wp-json\/wp\/v2\/media\/527"}],"wp:attachment":[{"href":"https:\/\/aufildespierres.com\/index.php\/wp-json\/wp\/v2\/media?parent=521"}],"wp:term":[{"taxonomy":"product_brand","embeddable":true,"href":"https:\/\/aufildespierres.com\/index.php\/wp-json\/wp\/v2\/product_brand?post=521"},{"taxonomy":"product_cat","embeddable":true,"href":"https:\/\/aufildespierres.com\/index.php\/wp-json\/wp\/v2\/product_cat?post=521"},{"taxonomy":"product_tag","embeddable":true,"href":"https:\/\/aufildespierres.com\/index.php\/wp-json\/wp\/v2\/product_tag?post=521"}],"curies":[{"name":"wp","href":"https:\/\/api.w.org\/{rel}","templated":true}]}}