{"id":544,"date":"2023-09-09T21:21:36","date_gmt":"2023-09-09T19:21:36","guid":{"rendered":"https:\/\/aufildespierres.com\/?post_type=product&#038;p=544"},"modified":"2025-02-05T12:19:21","modified_gmt":"2025-02-05T11:19:21","slug":"bracelet-duo-howlite-et-pierre-de-lave","status":"publish","type":"product","link":"https:\/\/aufildespierres.com\/index.php\/product\/bracelet-duo-howlite-et-pierre-de-lave\/","title":{"rendered":"Bracelet Duo Howlite et Pierre de Lave"},"content":{"rendered":"<p>Duo\u00a0 de 2 bracelets pour un couple, une amiti\u00e9 ou porter ensemble comme bon vous semble<\/p>\n<p>Bracelet blanc en Howlite et 1 pierre de lave en forme de c\u0153ur<\/p>\n<p>Bracelet noir en Pierre de lave et 1 c\u0153ur de Howlite<\/p>\n<p>le prix correspond aux 2 bracelets.<\/p>\n<p><strong>\u00a0Howlite :\u00a0<\/strong><\/p>\n<p>Vari\u00e9t\u00e9 de Magn\u00e9site blanche plus jolie mais moins efficace que la magn\u00e9site.<\/p>\n<p>Elle est souvent teint\u00e9e pour imiter la turquoise ou cr\u00e9er des coloris vifs.<\/p>\n<p>Le blanc symbolise la paix, puret\u00e9 sagesse et simplicit\u00e9<\/p>\n<p>Le noir est une couleur de v\u00e9rit\u00e9 qui permet de garder les pieds sur terre.<\/p>\n<ul>\n<li>Apporte clart\u00e9 d&rsquo;esprit, concentration et paix int\u00e9rieure<\/li>\n<li>Apaise stress et anxi\u00e9t\u00e9, hypersensibilit\u00e9 et \u00e9motivit\u00e9<\/li>\n<li>Favorise la maitrise des \u00e9motions notamment celles turbulentes, sagesse, patience et indulgence envers soi m\u00eame<\/li>\n<li>Aide \u00e0 s&rsquo;accepter tel que l&rsquo;on est et augmente la confiance en soi<\/li>\n<li>Dissipe les craintes, stabilise pendant des moments difficiles, les tensions nerveuses le stress<\/li>\n<li>Favorise endormissement et utile contre insomnies ( placer sous un oreiller ou sur un chevet).<\/li>\n<\/ul>\n<p><strong>PIERRE DE LAVE<\/strong><\/p>\n<ul>\n<li>Pierre charg\u00e9e de l&rsquo;\u00e9nergie du feu qui stimule et entre en vibration avec notre propre \u00e9nergie<\/li>\n<li>pierre d&rsquo;enracinement qui aide \u00e0 prendre conscience du moment pr\u00e9sent, apporte joie et bonheur<\/li>\n<li>Apaise anxi\u00e9t\u00e9 et mental envahissant ,doutes, stress, questionnements<\/li>\n<li>Absorbe les \u00e9nergies n\u00e9gatives, favorise le sentiment de bien -\u00eatre et s\u00e9curit\u00e9<\/li>\n<li>Am\u00e9liore la vitalit\u00e9 g\u00e9n\u00e9rale, d\u00e9tend les muscles et les tensions en massage<\/li>\n<li>Aide \u00e0 g\u00e9rer la col\u00e8re, d\u00e9passer les croyances limitantes et sortir de sa zone de confort<\/li>\n<li>Aide \u00e0 se reconstruire apr\u00e8s un traumatisme<\/li>\n<li>Apaise la frustration et irritabilit\u00e9<\/li>\n<li>Am\u00e9liore la stabilit\u00e9 \u00e9motionnelle.<\/li>\n<\/ul>\n","protected":false},"excerpt":{"rendered":"<p>Duo\u00a0 de 2 bracelets pour un couple, une amiti\u00e9 ou porter ensemble comme bon vous semble Bracelet blanc en Howlite et 1 pierre de lave en forme de c\u0153ur Bracelet noir en Pierre de lave et 1 c\u0153ur de Howlite le prix correspond aux 2 bracelets. \u00a0Howlite :\u00a0 Vari\u00e9t\u00e9 de Magn\u00e9site blanche plus jolie mais [&hellip;]<\/p>\n","protected":false},"featured_media":2437,"comment_status":"open","ping_status":"closed","template":"","meta":{"site-sidebar-layout":"default","site-content-layout":"","ast-site-content-layout":"default","site-content-style":"default","site-sidebar-style":"default","ast-global-header-display":"","ast-banner-title-visibility":"","ast-main-header-display":"","ast-hfb-above-header-display":"","ast-hfb-below-header-display":"","ast-hfb-mobile-header-display":"","site-post-title":"","ast-breadcrumbs-content":"","ast-featured-img":"","footer-sml-layout":"","ast-disable-related-posts":"","theme-transparent-header-meta":"default","adv-header-id-meta":"","stick-header-meta":"","header-above-stick-meta":"","header-main-stick-meta":"","header-below-stick-meta":"","astra-migrate-meta-layouts":"set","ast-page-background-enabled":"default","ast-page-background-meta":{"desktop":{"background-color":"var(--ast-global-color-4)","background-image":"","background-repeat":"repeat","background-position":"center center","background-size":"auto","background-attachment":"scroll","background-type":"","background-media":"","overlay-type":"","overlay-color":"","overlay-opacity":"","overlay-gradient":""},"tablet":{"background-color":"","background-image":"","background-repeat":"repeat","background-position":"center center","background-size":"auto","background-attachment":"scroll","background-type":"","background-media":"","overlay-type":"","overlay-color":"","overlay-opacity":"","overlay-gradient":""},"mobile":{"background-color":"","background-image":"","background-repeat":"repeat","background-position":"center center","background-size":"auto","background-attachment":"scroll","background-type":"","background-media":"","overlay-type":"","overlay-color":"","overlay-opacity":"","overlay-gradient":""}},"ast-content-background-meta":{"desktop":{"background-color":"var(--ast-global-color-5)","background-image":"","background-repeat":"repeat","background-position":"center center","background-size":"auto","background-attachment":"scroll","background-type":"","background-media":"","overlay-type":"","overlay-color":"","overlay-opacity":"","overlay-gradient":""},"tablet":{"background-color":"var(--ast-global-color-5)","background-image":"","background-repeat":"repeat","background-position":"center center","background-size":"auto","background-attachment":"scroll","background-type":"","background-media":"","overlay-type":"","overlay-color":"","overlay-opacity":"","overlay-gradient":""},"mobile":{"background-color":"var(--ast-global-color-5)","background-image":"","background-repeat":"repeat","background-position":"center center","background-size":"auto","background-attachment":"scroll","background-type":"","background-media":"","overlay-type":"","overlay-color":"","overlay-opacity":"","overlay-gradient":""}},"_glsr_average":0,"_glsr_ranking":0,"_glsr_reviews":0},"product_brand":[],"product_cat":[54,67,56,49,97,66,98,63],"product_tag":[],"class_list":{"0":"post-544","1":"product","2":"type-product","3":"status-publish","4":"has-post-thumbnail","6":"product_cat-8-mm","7":"product_cat-blanc","8":"product_cat-bracelets-de-lithotherapie","9":"product_cat-confiance-en-soi","10":"product_cat-howlite","11":"product_cat-noir","12":"product_cat-pierre-de-lave","13":"product_cat-stress-angoisses","14":"desktop-align-left","15":"tablet-align-left","16":"mobile-align-left","18":"first","19":"instock","20":"purchasable","21":"product-type-simple"},"yoast_head":"<!-- This site is optimized with the Yoast SEO plugin v27.5 - https:\/\/yoast.com\/product\/yoast-seo-wordpress\/ -->\n<title>Bracelet Duo Howlite et Pierre de Lave - Au fil des pierres<\/title>\n<meta name=\"robots\" content=\"index, follow, max-snippet:-1, max-image-preview:large, max-video-preview:-1\" \/>\n<link rel=\"canonical\" href=\"https:\/\/aufildespierres.com\/index.php\/product\/bracelet-duo-howlite-et-pierre-de-lave\/\" \/>\n<meta property=\"og:locale\" content=\"fr_FR\" \/>\n<meta property=\"og:type\" content=\"article\" \/>\n<meta property=\"og:title\" content=\"Bracelet Duo Howlite et Pierre de Lave - Au fil des pierres\" \/>\n<meta property=\"og:description\" content=\"Duo\u00a0 de 2 bracelets pour un couple, une amiti\u00e9 ou porter ensemble comme bon vous semble Bracelet blanc en Howlite et 1 pierre de lave en forme de c\u0153ur Bracelet noir en Pierre de lave et 1 c\u0153ur de Howlite le prix correspond aux 2 bracelets. \u00a0Howlite :\u00a0 Vari\u00e9t\u00e9 de Magn\u00e9site blanche plus jolie mais [&hellip;]\" \/>\n<meta property=\"og:url\" content=\"https:\/\/aufildespierres.com\/index.php\/product\/bracelet-duo-howlite-et-pierre-de-lave\/\" \/>\n<meta property=\"og:site_name\" content=\"Au fil des pierres\" \/>\n<meta property=\"article:modified_time\" content=\"2025-02-05T11:19:21+00:00\" \/>\n<meta property=\"og:image\" content=\"https:\/\/aufildespierres.com\/wp-content\/uploads\/2023\/09\/20240508_184317-scaled.jpg\" \/>\n\t<meta property=\"og:image:width\" content=\"1920\" \/>\n\t<meta property=\"og:image:height\" content=\"2560\" \/>\n\t<meta property=\"og:image:type\" content=\"image\/jpeg\" \/>\n<meta name=\"twitter:card\" content=\"summary_large_image\" \/>\n<meta name=\"twitter:label1\" content=\"Dur\u00e9e de lecture estim\u00e9e\" \/>\n\t<meta name=\"twitter:data1\" content=\"2 minutes\" \/>\n<script type=\"application\/ld+json\" class=\"yoast-schema-graph\">{\"@context\":\"https:\\\/\\\/schema.org\",\"@graph\":[{\"@type\":\"WebPage\",\"@id\":\"https:\\\/\\\/aufildespierres.com\\\/index.php\\\/product\\\/bracelet-duo-howlite-et-pierre-de-lave\\\/\",\"url\":\"https:\\\/\\\/aufildespierres.com\\\/index.php\\\/product\\\/bracelet-duo-howlite-et-pierre-de-lave\\\/\",\"name\":\"Bracelet Duo Howlite et Pierre de Lave - Au fil des pierres\",\"isPartOf\":{\"@id\":\"https:\\\/\\\/aufildespierres.com\\\/#website\"},\"primaryImageOfPage\":{\"@id\":\"https:\\\/\\\/aufildespierres.com\\\/index.php\\\/product\\\/bracelet-duo-howlite-et-pierre-de-lave\\\/#primaryimage\"},\"image\":{\"@id\":\"https:\\\/\\\/aufildespierres.com\\\/index.php\\\/product\\\/bracelet-duo-howlite-et-pierre-de-lave\\\/#primaryimage\"},\"thumbnailUrl\":\"https:\\\/\\\/aufildespierres.com\\\/wp-content\\\/uploads\\\/2023\\\/09\\\/20240508_184317-scaled.jpg\",\"datePublished\":\"2023-09-09T19:21:36+00:00\",\"dateModified\":\"2025-02-05T11:19:21+00:00\",\"breadcrumb\":{\"@id\":\"https:\\\/\\\/aufildespierres.com\\\/index.php\\\/product\\\/bracelet-duo-howlite-et-pierre-de-lave\\\/#breadcrumb\"},\"inLanguage\":\"fr-FR\",\"potentialAction\":[{\"@type\":\"ReadAction\",\"target\":[\"https:\\\/\\\/aufildespierres.com\\\/index.php\\\/product\\\/bracelet-duo-howlite-et-pierre-de-lave\\\/\"]}]},{\"@type\":\"ImageObject\",\"inLanguage\":\"fr-FR\",\"@id\":\"https:\\\/\\\/aufildespierres.com\\\/index.php\\\/product\\\/bracelet-duo-howlite-et-pierre-de-lave\\\/#primaryimage\",\"url\":\"https:\\\/\\\/aufildespierres.com\\\/wp-content\\\/uploads\\\/2023\\\/09\\\/20240508_184317-scaled.jpg\",\"contentUrl\":\"https:\\\/\\\/aufildespierres.com\\\/wp-content\\\/uploads\\\/2023\\\/09\\\/20240508_184317-scaled.jpg\",\"width\":1920,\"height\":2560},{\"@type\":\"BreadcrumbList\",\"@id\":\"https:\\\/\\\/aufildespierres.com\\\/index.php\\\/product\\\/bracelet-duo-howlite-et-pierre-de-lave\\\/#breadcrumb\",\"itemListElement\":[{\"@type\":\"ListItem\",\"position\":1,\"name\":\"Accueil\",\"item\":\"https:\\\/\\\/aufildespierres.com\\\/\"},{\"@type\":\"ListItem\",\"position\":2,\"name\":\"Boutique de Lithoth\u00e9rapie\",\"item\":\"https:\\\/\\\/aufildespierres.com\\\/index.php\\\/boutique-de-lithotherapie\\\/\"},{\"@type\":\"ListItem\",\"position\":3,\"name\":\"Bracelet Duo Howlite et Pierre de Lave\"}]},{\"@type\":\"WebSite\",\"@id\":\"https:\\\/\\\/aufildespierres.com\\\/#website\",\"url\":\"https:\\\/\\\/aufildespierres.com\\\/\",\"name\":\"Au fil des pierres\",\"description\":\"Au fil des pierres\",\"publisher\":{\"@id\":\"https:\\\/\\\/aufildespierres.com\\\/#organization\"},\"potentialAction\":[{\"@type\":\"SearchAction\",\"target\":{\"@type\":\"EntryPoint\",\"urlTemplate\":\"https:\\\/\\\/aufildespierres.com\\\/?s={search_term_string}\"},\"query-input\":{\"@type\":\"PropertyValueSpecification\",\"valueRequired\":true,\"valueName\":\"search_term_string\"}}],\"inLanguage\":\"fr-FR\"},{\"@type\":\"Organization\",\"@id\":\"https:\\\/\\\/aufildespierres.com\\\/#organization\",\"name\":\"Au fil des pierres\",\"url\":\"https:\\\/\\\/aufildespierres.com\\\/\",\"logo\":{\"@type\":\"ImageObject\",\"inLanguage\":\"fr-FR\",\"@id\":\"https:\\\/\\\/aufildespierres.com\\\/#\\\/schema\\\/logo\\\/image\\\/\",\"url\":\"https:\\\/\\\/aufildespierres.com\\\/wp-content\\\/uploads\\\/2023\\\/05\\\/cropped-Logo-PNG-Transparent.png\",\"contentUrl\":\"https:\\\/\\\/aufildespierres.com\\\/wp-content\\\/uploads\\\/2023\\\/05\\\/cropped-Logo-PNG-Transparent.png\",\"width\":1776,\"height\":1625,\"caption\":\"Au fil des pierres\"},\"image\":{\"@id\":\"https:\\\/\\\/aufildespierres.com\\\/#\\\/schema\\\/logo\\\/image\\\/\"}}]}<\/script>\n<!-- \/ Yoast SEO plugin. -->","yoast_head_json":{"title":"Bracelet Duo Howlite et Pierre de Lave - Au fil des pierres","robots":{"index":"index","follow":"follow","max-snippet":"max-snippet:-1","max-image-preview":"max-image-preview:large","max-video-preview":"max-video-preview:-1"},"canonical":"https:\/\/aufildespierres.com\/index.php\/product\/bracelet-duo-howlite-et-pierre-de-lave\/","og_locale":"fr_FR","og_type":"article","og_title":"Bracelet Duo Howlite et Pierre de Lave - Au fil des pierres","og_description":"Duo\u00a0 de 2 bracelets pour un couple, une amiti\u00e9 ou porter ensemble comme bon vous semble Bracelet blanc en Howlite et 1 pierre de lave en forme de c\u0153ur Bracelet noir en Pierre de lave et 1 c\u0153ur de Howlite le prix correspond aux 2 bracelets. \u00a0Howlite :\u00a0 Vari\u00e9t\u00e9 de Magn\u00e9site blanche plus jolie mais [&hellip;]","og_url":"https:\/\/aufildespierres.com\/index.php\/product\/bracelet-duo-howlite-et-pierre-de-lave\/","og_site_name":"Au fil des pierres","article_modified_time":"2025-02-05T11:19:21+00:00","og_image":[{"width":1920,"height":2560,"url":"https:\/\/aufildespierres.com\/wp-content\/uploads\/2023\/09\/20240508_184317-scaled.jpg","type":"image\/jpeg"}],"twitter_card":"summary_large_image","twitter_misc":{"Dur\u00e9e de lecture estim\u00e9e":"2 minutes"},"schema":{"@context":"https:\/\/schema.org","@graph":[{"@type":"WebPage","@id":"https:\/\/aufildespierres.com\/index.php\/product\/bracelet-duo-howlite-et-pierre-de-lave\/","url":"https:\/\/aufildespierres.com\/index.php\/product\/bracelet-duo-howlite-et-pierre-de-lave\/","name":"Bracelet Duo Howlite et Pierre de Lave - Au fil des pierres","isPartOf":{"@id":"https:\/\/aufildespierres.com\/#website"},"primaryImageOfPage":{"@id":"https:\/\/aufildespierres.com\/index.php\/product\/bracelet-duo-howlite-et-pierre-de-lave\/#primaryimage"},"image":{"@id":"https:\/\/aufildespierres.com\/index.php\/product\/bracelet-duo-howlite-et-pierre-de-lave\/#primaryimage"},"thumbnailUrl":"https:\/\/aufildespierres.com\/wp-content\/uploads\/2023\/09\/20240508_184317-scaled.jpg","datePublished":"2023-09-09T19:21:36+00:00","dateModified":"2025-02-05T11:19:21+00:00","breadcrumb":{"@id":"https:\/\/aufildespierres.com\/index.php\/product\/bracelet-duo-howlite-et-pierre-de-lave\/#breadcrumb"},"inLanguage":"fr-FR","potentialAction":[{"@type":"ReadAction","target":["https:\/\/aufildespierres.com\/index.php\/product\/bracelet-duo-howlite-et-pierre-de-lave\/"]}]},{"@type":"ImageObject","inLanguage":"fr-FR","@id":"https:\/\/aufildespierres.com\/index.php\/product\/bracelet-duo-howlite-et-pierre-de-lave\/#primaryimage","url":"https:\/\/aufildespierres.com\/wp-content\/uploads\/2023\/09\/20240508_184317-scaled.jpg","contentUrl":"https:\/\/aufildespierres.com\/wp-content\/uploads\/2023\/09\/20240508_184317-scaled.jpg","width":1920,"height":2560},{"@type":"BreadcrumbList","@id":"https:\/\/aufildespierres.com\/index.php\/product\/bracelet-duo-howlite-et-pierre-de-lave\/#breadcrumb","itemListElement":[{"@type":"ListItem","position":1,"name":"Accueil","item":"https:\/\/aufildespierres.com\/"},{"@type":"ListItem","position":2,"name":"Boutique de Lithoth\u00e9rapie","item":"https:\/\/aufildespierres.com\/index.php\/boutique-de-lithotherapie\/"},{"@type":"ListItem","position":3,"name":"Bracelet Duo Howlite et Pierre de Lave"}]},{"@type":"WebSite","@id":"https:\/\/aufildespierres.com\/#website","url":"https:\/\/aufildespierres.com\/","name":"Au fil des pierres","description":"Au fil des pierres","publisher":{"@id":"https:\/\/aufildespierres.com\/#organization"},"potentialAction":[{"@type":"SearchAction","target":{"@type":"EntryPoint","urlTemplate":"https:\/\/aufildespierres.com\/?s={search_term_string}"},"query-input":{"@type":"PropertyValueSpecification","valueRequired":true,"valueName":"search_term_string"}}],"inLanguage":"fr-FR"},{"@type":"Organization","@id":"https:\/\/aufildespierres.com\/#organization","name":"Au fil des pierres","url":"https:\/\/aufildespierres.com\/","logo":{"@type":"ImageObject","inLanguage":"fr-FR","@id":"https:\/\/aufildespierres.com\/#\/schema\/logo\/image\/","url":"https:\/\/aufildespierres.com\/wp-content\/uploads\/2023\/05\/cropped-Logo-PNG-Transparent.png","contentUrl":"https:\/\/aufildespierres.com\/wp-content\/uploads\/2023\/05\/cropped-Logo-PNG-Transparent.png","width":1776,"height":1625,"caption":"Au fil des pierres"},"image":{"@id":"https:\/\/aufildespierres.com\/#\/schema\/logo\/image\/"}}]}},"_links":{"self":[{"href":"https:\/\/aufildespierres.com\/index.php\/wp-json\/wp\/v2\/product\/544","targetHints":{"allow":["GET"]}}],"collection":[{"href":"https:\/\/aufildespierres.com\/index.php\/wp-json\/wp\/v2\/product"}],"about":[{"href":"https:\/\/aufildespierres.com\/index.php\/wp-json\/wp\/v2\/types\/product"}],"replies":[{"embeddable":true,"href":"https:\/\/aufildespierres.com\/index.php\/wp-json\/wp\/v2\/comments?post=544"}],"wp:featuredmedia":[{"embeddable":true,"href":"https:\/\/aufildespierres.com\/index.php\/wp-json\/wp\/v2\/media\/2437"}],"wp:attachment":[{"href":"https:\/\/aufildespierres.com\/index.php\/wp-json\/wp\/v2\/media?parent=544"}],"wp:term":[{"taxonomy":"product_brand","embeddable":true,"href":"https:\/\/aufildespierres.com\/index.php\/wp-json\/wp\/v2\/product_brand?post=544"},{"taxonomy":"product_cat","embeddable":true,"href":"https:\/\/aufildespierres.com\/index.php\/wp-json\/wp\/v2\/product_cat?post=544"},{"taxonomy":"product_tag","embeddable":true,"href":"https:\/\/aufildespierres.com\/index.php\/wp-json\/wp\/v2\/product_tag?post=544"}],"curies":[{"name":"wp","href":"https:\/\/api.w.org\/{rel}","templated":true}]}}