{"id":555,"date":"2023-09-10T17:51:56","date_gmt":"2023-09-10T15:51:56","guid":{"rendered":"https:\/\/aufildespierres.com\/?post_type=product&#038;p=555"},"modified":"2025-09-14T17:38:33","modified_gmt":"2025-09-14T15:38:33","slug":"bracelet-en-rhodonite-australienne","status":"publish","type":"product","link":"https:\/\/aufildespierres.com\/index.php\/product\/bracelet-en-rhodonite-australienne\/","title":{"rendered":"Bracelet en Rhodonite"},"content":{"rendered":"<p>Bracelet Apaisement des \u00e9motions\u00a0 en Rhodonite provenance Australie compos\u00e9 de :<\/p>\n<p>20 pierres en rhodonite 8mm<\/p>\n<p>1 pierre forme fleur en Rhodonite<\/p>\n<p>Breloque cache n\u0153ud alliage Tib\u00e9tain<\/p>\n<p>Une l\u00e9g\u00e8re variation de couleur est possible sur ce type de produit par rapport \u00e0 la photo.<\/p>\n<p>le produit pr\u00e9sent\u00e9 correspond \u00e0 une mesure de 17 cm de poignet extensible jusqu&rsquo;a 18 cm<\/p>\n<p><u>Propri\u00e9t\u00e9s psychiques\u00a0: <\/u><\/p>\n<p>Apaise les chocs et traumas du pass\u00e9 et favorise l\u2019auto gu\u00e9rison<\/p>\n<ul>\n<li>Pierre de but, de g\u00e9n\u00e9rosit\u00e9 d&rsquo;esprit et d&rsquo;altruisme.<\/li>\n<li>Favorise le pardon et l\u2019amour pour apaiser une ancienne relation, elle agit sur les conflits, les non- dits, peurs, regrets.<\/li>\n<\/ul>\n<ul>\n<li>\u00a0Diminue la col\u00e8re, utile aux personnes nerveuses angoiss\u00e9es, ou ayant des trop plein \u00e9motionnels\u00a0; Aide \u00e0 se r\u00e9concilier avec autrui , \u00e0 maitriser ses \u00e9motions et les canaliser.<\/li>\n<\/ul>\n<ul>\n<li>Apporte confiance en soi, prise de recul et l\u00e2cher prise sur des \u00e9v\u00e8nements angoissants ou situation stressante, diminue les inqui\u00e9tudes .<\/li>\n<li>Calme les nerveux et emport\u00e9s, les sensibles et \u00e9motifs en favorisant \u00e9coute et tol\u00e9rance.<\/li>\n<li>Calme avant un examen ou un concours<\/li>\n<li>Favorise la conciliation et la r\u00e9solution de conflits, limite les craintes amoureuses apporte douceur et tendresse dans le couple. Prot\u00e8ge de la jalousie d\u2019autrui.<\/li>\n<\/ul>\n<ul>\n<li>Aide \u00e0 s\u2019accepter et se r\u00e9concilier avec soi, et d\u00e9gager une aura et un rayonnement personnel ce qui permettra une bonne configuration pour attirer une relation<\/li>\n<li>Soutient l\u2019estime de soi<\/li>\n<li>Renforce un couple existant et permet une relation profonde ou aide pour trouver l\u2019amour ou encourager une relation naissante (en augmentant les vibrations du chakra du c\u0153ur) favorise les rencontres amoureuses et ravive la capacit\u00e9 \u00e0 aimer et a revivre une passion<\/li>\n<\/ul>\n<p>Calme les exc\u00e8s, s\u00e9r\u00e9nit\u00e9 \u00e9quilibre confiance douceur et tendresse.<\/p>\n<p><u>Propri\u00e9t\u00e9s physiques\u00a0: <\/u><\/p>\n<ul>\n<li>Renforce le syst\u00e8me immunitaire et cardiaque ( accidents vasculaires ) et apaise les soucis li\u00e9s au stress ( digestif, cutan\u00e9)<\/li>\n<li>Soulage les tensions articulaires<\/li>\n<li>Favorise l&rsquo;endormissement.<\/li>\n<\/ul>\n","protected":false},"excerpt":{"rendered":"<p>Bracelet Apaisement des \u00e9motions\u00a0 en Rhodonite provenance Australie compos\u00e9 de : 20 pierres en rhodonite 8mm 1 pierre forme fleur en Rhodonite Breloque cache n\u0153ud alliage Tib\u00e9tain Une l\u00e9g\u00e8re variation de couleur est possible sur ce type de produit par rapport \u00e0 la photo. le produit pr\u00e9sent\u00e9 correspond \u00e0 une mesure de 17 cm de [&hellip;]<\/p>\n","protected":false},"featured_media":562,"comment_status":"open","ping_status":"closed","template":"","meta":{"site-sidebar-layout":"default","site-content-layout":"","ast-site-content-layout":"default","site-content-style":"default","site-sidebar-style":"default","ast-global-header-display":"","ast-banner-title-visibility":"","ast-main-header-display":"","ast-hfb-above-header-display":"","ast-hfb-below-header-display":"","ast-hfb-mobile-header-display":"","site-post-title":"","ast-breadcrumbs-content":"","ast-featured-img":"","footer-sml-layout":"","ast-disable-related-posts":"","theme-transparent-header-meta":"default","adv-header-id-meta":"","stick-header-meta":"","header-above-stick-meta":"","header-main-stick-meta":"","header-below-stick-meta":"","astra-migrate-meta-layouts":"set","ast-page-background-enabled":"default","ast-page-background-meta":{"desktop":{"background-color":"var(--ast-global-color-4)","background-image":"","background-repeat":"repeat","background-position":"center center","background-size":"auto","background-attachment":"scroll","background-type":"","background-media":"","overlay-type":"","overlay-color":"","overlay-opacity":"","overlay-gradient":""},"tablet":{"background-color":"","background-image":"","background-repeat":"repeat","background-position":"center center","background-size":"auto","background-attachment":"scroll","background-type":"","background-media":"","overlay-type":"","overlay-color":"","overlay-opacity":"","overlay-gradient":""},"mobile":{"background-color":"","background-image":"","background-repeat":"repeat","background-position":"center center","background-size":"auto","background-attachment":"scroll","background-type":"","background-media":"","overlay-type":"","overlay-color":"","overlay-opacity":"","overlay-gradient":""}},"ast-content-background-meta":{"desktop":{"background-color":"var(--ast-global-color-5)","background-image":"","background-repeat":"repeat","background-position":"center center","background-size":"auto","background-attachment":"scroll","background-type":"","background-media":"","overlay-type":"","overlay-color":"","overlay-opacity":"","overlay-gradient":""},"tablet":{"background-color":"var(--ast-global-color-5)","background-image":"","background-repeat":"repeat","background-position":"center center","background-size":"auto","background-attachment":"scroll","background-type":"","background-media":"","overlay-type":"","overlay-color":"","overlay-opacity":"","overlay-gradient":""},"mobile":{"background-color":"var(--ast-global-color-5)","background-image":"","background-repeat":"repeat","background-position":"center center","background-size":"auto","background-attachment":"scroll","background-type":"","background-media":"","overlay-type":"","overlay-color":"","overlay-opacity":"","overlay-gradient":""}},"_glsr_average":0,"_glsr_ranking":0,"_glsr_reviews":0},"product_brand":[],"product_cat":[54,56,290,90,65,63],"product_tag":[],"class_list":{"0":"post-555","1":"product","2":"type-product","3":"status-publish","4":"has-post-thumbnail","6":"product_cat-8-mm","7":"product_cat-bracelets-de-lithotherapie","8":"product_cat-bracelets-de-lithotherapie-femmes","9":"product_cat-rhodonite","10":"product_cat-rose","11":"product_cat-stress-angoisses","12":"desktop-align-left","13":"tablet-align-left","14":"mobile-align-left","16":"first","17":"instock","18":"purchasable","19":"product-type-variable"},"yoast_head":"<!-- This site is optimized with the Yoast SEO plugin v27.5 - https:\/\/yoast.com\/product\/yoast-seo-wordpress\/ -->\n<title>Bracelet en Rhodonite - Au fil des pierres<\/title>\n<meta name=\"robots\" content=\"index, follow, max-snippet:-1, max-image-preview:large, max-video-preview:-1\" \/>\n<link rel=\"canonical\" href=\"https:\/\/aufildespierres.com\/index.php\/product\/bracelet-en-rhodonite-australienne\/\" \/>\n<meta property=\"og:locale\" content=\"fr_FR\" \/>\n<meta property=\"og:type\" content=\"article\" \/>\n<meta property=\"og:title\" content=\"Bracelet en Rhodonite - Au fil des pierres\" \/>\n<meta property=\"og:description\" content=\"Bracelet Apaisement des \u00e9motions\u00a0 en Rhodonite provenance Australie compos\u00e9 de : 20 pierres en rhodonite 8mm 1 pierre forme fleur en Rhodonite Breloque cache n\u0153ud alliage Tib\u00e9tain Une l\u00e9g\u00e8re variation de couleur est possible sur ce type de produit par rapport \u00e0 la photo. le produit pr\u00e9sent\u00e9 correspond \u00e0 une mesure de 17 cm de [&hellip;]\" \/>\n<meta property=\"og:url\" content=\"https:\/\/aufildespierres.com\/index.php\/product\/bracelet-en-rhodonite-australienne\/\" \/>\n<meta property=\"og:site_name\" content=\"Au fil des pierres\" \/>\n<meta property=\"article:modified_time\" content=\"2025-09-14T15:38:33+00:00\" \/>\n<meta property=\"og:image\" content=\"https:\/\/aufildespierres.com\/wp-content\/uploads\/2023\/09\/20230910_173229.jpg\" \/>\n\t<meta property=\"og:image:width\" content=\"2225\" \/>\n\t<meta property=\"og:image:height\" content=\"2378\" \/>\n\t<meta property=\"og:image:type\" content=\"image\/jpeg\" \/>\n<meta name=\"twitter:card\" content=\"summary_large_image\" \/>\n<meta name=\"twitter:label1\" content=\"Dur\u00e9e de lecture estim\u00e9e\" \/>\n\t<meta name=\"twitter:data1\" content=\"2 minutes\" \/>\n<script type=\"application\/ld+json\" class=\"yoast-schema-graph\">{\"@context\":\"https:\\\/\\\/schema.org\",\"@graph\":[{\"@type\":\"WebPage\",\"@id\":\"https:\\\/\\\/aufildespierres.com\\\/index.php\\\/product\\\/bracelet-en-rhodonite-australienne\\\/\",\"url\":\"https:\\\/\\\/aufildespierres.com\\\/index.php\\\/product\\\/bracelet-en-rhodonite-australienne\\\/\",\"name\":\"Bracelet en Rhodonite - Au fil des pierres\",\"isPartOf\":{\"@id\":\"https:\\\/\\\/aufildespierres.com\\\/#website\"},\"primaryImageOfPage\":{\"@id\":\"https:\\\/\\\/aufildespierres.com\\\/index.php\\\/product\\\/bracelet-en-rhodonite-australienne\\\/#primaryimage\"},\"image\":{\"@id\":\"https:\\\/\\\/aufildespierres.com\\\/index.php\\\/product\\\/bracelet-en-rhodonite-australienne\\\/#primaryimage\"},\"thumbnailUrl\":\"https:\\\/\\\/aufildespierres.com\\\/wp-content\\\/uploads\\\/2023\\\/09\\\/20230910_173229.jpg\",\"datePublished\":\"2023-09-10T15:51:56+00:00\",\"dateModified\":\"2025-09-14T15:38:33+00:00\",\"breadcrumb\":{\"@id\":\"https:\\\/\\\/aufildespierres.com\\\/index.php\\\/product\\\/bracelet-en-rhodonite-australienne\\\/#breadcrumb\"},\"inLanguage\":\"fr-FR\",\"potentialAction\":[{\"@type\":\"ReadAction\",\"target\":[\"https:\\\/\\\/aufildespierres.com\\\/index.php\\\/product\\\/bracelet-en-rhodonite-australienne\\\/\"]}]},{\"@type\":\"ImageObject\",\"inLanguage\":\"fr-FR\",\"@id\":\"https:\\\/\\\/aufildespierres.com\\\/index.php\\\/product\\\/bracelet-en-rhodonite-australienne\\\/#primaryimage\",\"url\":\"https:\\\/\\\/aufildespierres.com\\\/wp-content\\\/uploads\\\/2023\\\/09\\\/20230910_173229.jpg\",\"contentUrl\":\"https:\\\/\\\/aufildespierres.com\\\/wp-content\\\/uploads\\\/2023\\\/09\\\/20230910_173229.jpg\",\"width\":2225,\"height\":2378},{\"@type\":\"BreadcrumbList\",\"@id\":\"https:\\\/\\\/aufildespierres.com\\\/index.php\\\/product\\\/bracelet-en-rhodonite-australienne\\\/#breadcrumb\",\"itemListElement\":[{\"@type\":\"ListItem\",\"position\":1,\"name\":\"Accueil\",\"item\":\"https:\\\/\\\/aufildespierres.com\\\/\"},{\"@type\":\"ListItem\",\"position\":2,\"name\":\"Boutique de Lithoth\u00e9rapie\",\"item\":\"https:\\\/\\\/aufildespierres.com\\\/index.php\\\/boutique-de-lithotherapie\\\/\"},{\"@type\":\"ListItem\",\"position\":3,\"name\":\"Bracelet en Rhodonite\"}]},{\"@type\":\"WebSite\",\"@id\":\"https:\\\/\\\/aufildespierres.com\\\/#website\",\"url\":\"https:\\\/\\\/aufildespierres.com\\\/\",\"name\":\"Au fil des pierres\",\"description\":\"Au fil des pierres\",\"publisher\":{\"@id\":\"https:\\\/\\\/aufildespierres.com\\\/#organization\"},\"potentialAction\":[{\"@type\":\"SearchAction\",\"target\":{\"@type\":\"EntryPoint\",\"urlTemplate\":\"https:\\\/\\\/aufildespierres.com\\\/?s={search_term_string}\"},\"query-input\":{\"@type\":\"PropertyValueSpecification\",\"valueRequired\":true,\"valueName\":\"search_term_string\"}}],\"inLanguage\":\"fr-FR\"},{\"@type\":\"Organization\",\"@id\":\"https:\\\/\\\/aufildespierres.com\\\/#organization\",\"name\":\"Au fil des pierres\",\"url\":\"https:\\\/\\\/aufildespierres.com\\\/\",\"logo\":{\"@type\":\"ImageObject\",\"inLanguage\":\"fr-FR\",\"@id\":\"https:\\\/\\\/aufildespierres.com\\\/#\\\/schema\\\/logo\\\/image\\\/\",\"url\":\"https:\\\/\\\/aufildespierres.com\\\/wp-content\\\/uploads\\\/2023\\\/05\\\/cropped-Logo-PNG-Transparent.png\",\"contentUrl\":\"https:\\\/\\\/aufildespierres.com\\\/wp-content\\\/uploads\\\/2023\\\/05\\\/cropped-Logo-PNG-Transparent.png\",\"width\":1776,\"height\":1625,\"caption\":\"Au fil des pierres\"},\"image\":{\"@id\":\"https:\\\/\\\/aufildespierres.com\\\/#\\\/schema\\\/logo\\\/image\\\/\"}}]}<\/script>\n<!-- \/ Yoast SEO plugin. -->","yoast_head_json":{"title":"Bracelet en Rhodonite - Au fil des pierres","robots":{"index":"index","follow":"follow","max-snippet":"max-snippet:-1","max-image-preview":"max-image-preview:large","max-video-preview":"max-video-preview:-1"},"canonical":"https:\/\/aufildespierres.com\/index.php\/product\/bracelet-en-rhodonite-australienne\/","og_locale":"fr_FR","og_type":"article","og_title":"Bracelet en Rhodonite - Au fil des pierres","og_description":"Bracelet Apaisement des \u00e9motions\u00a0 en Rhodonite provenance Australie compos\u00e9 de : 20 pierres en rhodonite 8mm 1 pierre forme fleur en Rhodonite Breloque cache n\u0153ud alliage Tib\u00e9tain Une l\u00e9g\u00e8re variation de couleur est possible sur ce type de produit par rapport \u00e0 la photo. le produit pr\u00e9sent\u00e9 correspond \u00e0 une mesure de 17 cm de [&hellip;]","og_url":"https:\/\/aufildespierres.com\/index.php\/product\/bracelet-en-rhodonite-australienne\/","og_site_name":"Au fil des pierres","article_modified_time":"2025-09-14T15:38:33+00:00","og_image":[{"width":2225,"height":2378,"url":"https:\/\/aufildespierres.com\/wp-content\/uploads\/2023\/09\/20230910_173229.jpg","type":"image\/jpeg"}],"twitter_card":"summary_large_image","twitter_misc":{"Dur\u00e9e de lecture estim\u00e9e":"2 minutes"},"schema":{"@context":"https:\/\/schema.org","@graph":[{"@type":"WebPage","@id":"https:\/\/aufildespierres.com\/index.php\/product\/bracelet-en-rhodonite-australienne\/","url":"https:\/\/aufildespierres.com\/index.php\/product\/bracelet-en-rhodonite-australienne\/","name":"Bracelet en Rhodonite - Au fil des pierres","isPartOf":{"@id":"https:\/\/aufildespierres.com\/#website"},"primaryImageOfPage":{"@id":"https:\/\/aufildespierres.com\/index.php\/product\/bracelet-en-rhodonite-australienne\/#primaryimage"},"image":{"@id":"https:\/\/aufildespierres.com\/index.php\/product\/bracelet-en-rhodonite-australienne\/#primaryimage"},"thumbnailUrl":"https:\/\/aufildespierres.com\/wp-content\/uploads\/2023\/09\/20230910_173229.jpg","datePublished":"2023-09-10T15:51:56+00:00","dateModified":"2025-09-14T15:38:33+00:00","breadcrumb":{"@id":"https:\/\/aufildespierres.com\/index.php\/product\/bracelet-en-rhodonite-australienne\/#breadcrumb"},"inLanguage":"fr-FR","potentialAction":[{"@type":"ReadAction","target":["https:\/\/aufildespierres.com\/index.php\/product\/bracelet-en-rhodonite-australienne\/"]}]},{"@type":"ImageObject","inLanguage":"fr-FR","@id":"https:\/\/aufildespierres.com\/index.php\/product\/bracelet-en-rhodonite-australienne\/#primaryimage","url":"https:\/\/aufildespierres.com\/wp-content\/uploads\/2023\/09\/20230910_173229.jpg","contentUrl":"https:\/\/aufildespierres.com\/wp-content\/uploads\/2023\/09\/20230910_173229.jpg","width":2225,"height":2378},{"@type":"BreadcrumbList","@id":"https:\/\/aufildespierres.com\/index.php\/product\/bracelet-en-rhodonite-australienne\/#breadcrumb","itemListElement":[{"@type":"ListItem","position":1,"name":"Accueil","item":"https:\/\/aufildespierres.com\/"},{"@type":"ListItem","position":2,"name":"Boutique de Lithoth\u00e9rapie","item":"https:\/\/aufildespierres.com\/index.php\/boutique-de-lithotherapie\/"},{"@type":"ListItem","position":3,"name":"Bracelet en Rhodonite"}]},{"@type":"WebSite","@id":"https:\/\/aufildespierres.com\/#website","url":"https:\/\/aufildespierres.com\/","name":"Au fil des pierres","description":"Au fil des pierres","publisher":{"@id":"https:\/\/aufildespierres.com\/#organization"},"potentialAction":[{"@type":"SearchAction","target":{"@type":"EntryPoint","urlTemplate":"https:\/\/aufildespierres.com\/?s={search_term_string}"},"query-input":{"@type":"PropertyValueSpecification","valueRequired":true,"valueName":"search_term_string"}}],"inLanguage":"fr-FR"},{"@type":"Organization","@id":"https:\/\/aufildespierres.com\/#organization","name":"Au fil des pierres","url":"https:\/\/aufildespierres.com\/","logo":{"@type":"ImageObject","inLanguage":"fr-FR","@id":"https:\/\/aufildespierres.com\/#\/schema\/logo\/image\/","url":"https:\/\/aufildespierres.com\/wp-content\/uploads\/2023\/05\/cropped-Logo-PNG-Transparent.png","contentUrl":"https:\/\/aufildespierres.com\/wp-content\/uploads\/2023\/05\/cropped-Logo-PNG-Transparent.png","width":1776,"height":1625,"caption":"Au fil des pierres"},"image":{"@id":"https:\/\/aufildespierres.com\/#\/schema\/logo\/image\/"}}]}},"_links":{"self":[{"href":"https:\/\/aufildespierres.com\/index.php\/wp-json\/wp\/v2\/product\/555","targetHints":{"allow":["GET"]}}],"collection":[{"href":"https:\/\/aufildespierres.com\/index.php\/wp-json\/wp\/v2\/product"}],"about":[{"href":"https:\/\/aufildespierres.com\/index.php\/wp-json\/wp\/v2\/types\/product"}],"replies":[{"embeddable":true,"href":"https:\/\/aufildespierres.com\/index.php\/wp-json\/wp\/v2\/comments?post=555"}],"wp:featuredmedia":[{"embeddable":true,"href":"https:\/\/aufildespierres.com\/index.php\/wp-json\/wp\/v2\/media\/562"}],"wp:attachment":[{"href":"https:\/\/aufildespierres.com\/index.php\/wp-json\/wp\/v2\/media?parent=555"}],"wp:term":[{"taxonomy":"product_brand","embeddable":true,"href":"https:\/\/aufildespierres.com\/index.php\/wp-json\/wp\/v2\/product_brand?post=555"},{"taxonomy":"product_cat","embeddable":true,"href":"https:\/\/aufildespierres.com\/index.php\/wp-json\/wp\/v2\/product_cat?post=555"},{"taxonomy":"product_tag","embeddable":true,"href":"https:\/\/aufildespierres.com\/index.php\/wp-json\/wp\/v2\/product_tag?post=555"}],"curies":[{"name":"wp","href":"https:\/\/api.w.org\/{rel}","templated":true}]}}