{"id":579,"date":"2023-09-10T18:15:40","date_gmt":"2023-09-10T16:15:40","guid":{"rendered":"https:\/\/aufildespierres.com\/?post_type=product&#038;p=579"},"modified":"2025-04-14T21:14:11","modified_gmt":"2025-04-14T19:14:11","slug":"bracelet-oeil-de-taureau","status":"publish","type":"product","link":"https:\/\/aufildespierres.com\/index.php\/product\/bracelet-oeil-de-taureau\/","title":{"rendered":"Bracelet OEIL DE TAUREAU"},"content":{"rendered":"<p>Bracelet en \u0152il de Taureau compos\u00e9 de :<\/p>\n<p>20 perles en \u0152il de Taureau en 8mm\u00a0 \u00a01 perle en 10 mm\u00a0 \u00a02 rondelles acier inoxydable\u00a0 \u00a01 perle alliage Tib\u00e9tain<\/p>\n<p>Le produit pr\u00e9sent\u00e9 correspond \u00e0 une mesure de poignet de 17 \u00e0 18 cm.<\/p>\n<h3 class=\"\" data-start=\"187\" data-end=\"254\"><strong data-start=\"191\" data-end=\"254\">Bracelet en \u0152il de Taureau \u2013 Force, Protection et Stabilit\u00e9<\/strong><\/h3>\n<p class=\"\" data-start=\"256\" data-end=\"521\">Ce bracelet en <strong data-start=\"271\" data-end=\"289\">\u0153il de taureau<\/strong>, issu de pierres naturelles de qualit\u00e9 sup\u00e9rieure, est un v\u00e9ritable concentr\u00e9 de puissance et d\u2019ancrage. Avec ses reflets brun-rouge profonds, il s\u00e9duit autant par son esth\u00e9tique chaleureuse que par ses propri\u00e9t\u00e9s en lithoth\u00e9rapie.<\/p>\n<p class=\"\" data-start=\"523\" data-end=\"824\">De plus L\u2019<strong data-start=\"525\" data-end=\"543\">\u0153il de taureau<\/strong> est une pierre de <strong data-start=\"562\" data-end=\"576\">protection<\/strong> reconnue. Elle agit comme un <strong data-start=\"606\" data-end=\"630\">bouclier \u00e9nerg\u00e9tique<\/strong>, repoussant les influences n\u00e9gatives et renfor\u00e7ant la stabilit\u00e9 \u00e9motionnelle. C\u2019est \u00e9galement une pierre d\u2019<strong data-start=\"738\" data-end=\"749\">ancrage<\/strong>, id\u00e9ale pour rester connect\u00e9 \u00e0 la r\u00e9alit\u00e9 tout en avan\u00e7ant avec confiance.<\/p>\n<p class=\"\" data-start=\"826\" data-end=\"1078\">Par ailleurs, Sur le plan physique, elle soutient l\u2019<strong data-start=\"864\" data-end=\"877\">endurance<\/strong>, la <strong data-start=\"882\" data-end=\"894\">vitalit\u00e9<\/strong> et peut aider \u00e0 surmonter les p\u00e9riodes de fatigue. Elle est souvent recommand\u00e9e aux personnes actives, ou \u00e0 celles qui traversent des moments de stress, car elle aide \u00e0 garder le cap.<\/p>\n<p class=\"\" data-start=\"1080\" data-end=\"1355\">En compl\u00e9ment, l\u2019\u0153il de taureau favorise la <strong data-start=\"1124\" data-end=\"1141\">d\u00e9termination<\/strong> et la <strong data-start=\"1148\" data-end=\"1164\">pers\u00e9v\u00e9rance<\/strong>. Il stimule la force int\u00e9rieure, tout en apportant calme et s\u00e9curit\u00e9. Ainsi, ce bracelet est parfait pour ceux qui souhaitent avancer avec assurance sans se laisser submerger par les doutes.<\/p>\n<p class=\"\" data-start=\"1357\" data-end=\"1579\">Chaque pierre a \u00e9t\u00e9 s\u00e9lectionn\u00e9e pour sa <strong data-start=\"1398\" data-end=\"1413\">qualit\u00e9 AAA<\/strong>, garantissant un bijou aussi beau qu\u2019efficace sur le plan \u00e9nerg\u00e9tique. Port\u00e9 au quotidien, il devient un alli\u00e9 pr\u00e9cieux pour renforcer son \u00e9quilibre et sa stabilit\u00e9.<\/p>\n","protected":false},"excerpt":{"rendered":"<p>Bracelet en \u0152il de Taureau compos\u00e9 de : 20 perles en \u0152il de Taureau en 8mm\u00a0 \u00a01 perle en 10 mm\u00a0 \u00a02 rondelles acier inoxydable\u00a0 \u00a01 perle alliage Tib\u00e9tain Le produit pr\u00e9sent\u00e9 correspond \u00e0 une mesure de poignet de 17 \u00e0 18 cm. Bracelet en \u0152il de Taureau \u2013 Force, Protection et Stabilit\u00e9 Ce bracelet [&hellip;]<\/p>\n","protected":false},"featured_media":564,"comment_status":"open","ping_status":"closed","template":"","meta":{"site-sidebar-layout":"default","site-content-layout":"","ast-site-content-layout":"default","site-content-style":"default","site-sidebar-style":"default","ast-global-header-display":"","ast-banner-title-visibility":"","ast-main-header-display":"","ast-hfb-above-header-display":"","ast-hfb-below-header-display":"","ast-hfb-mobile-header-display":"","site-post-title":"","ast-breadcrumbs-content":"","ast-featured-img":"","footer-sml-layout":"","ast-disable-related-posts":"","theme-transparent-header-meta":"default","adv-header-id-meta":"","stick-header-meta":"","header-above-stick-meta":"","header-main-stick-meta":"","header-below-stick-meta":"","astra-migrate-meta-layouts":"set","ast-page-background-enabled":"default","ast-page-background-meta":{"desktop":{"background-color":"var(--ast-global-color-4)","background-image":"","background-repeat":"repeat","background-position":"center center","background-size":"auto","background-attachment":"scroll","background-type":"","background-media":"","overlay-type":"","overlay-color":"","overlay-opacity":"","overlay-gradient":""},"tablet":{"background-color":"","background-image":"","background-repeat":"repeat","background-position":"center center","background-size":"auto","background-attachment":"scroll","background-type":"","background-media":"","overlay-type":"","overlay-color":"","overlay-opacity":"","overlay-gradient":""},"mobile":{"background-color":"","background-image":"","background-repeat":"repeat","background-position":"center center","background-size":"auto","background-attachment":"scroll","background-type":"","background-media":"","overlay-type":"","overlay-color":"","overlay-opacity":"","overlay-gradient":""}},"ast-content-background-meta":{"desktop":{"background-color":"var(--ast-global-color-5)","background-image":"","background-repeat":"repeat","background-position":"center center","background-size":"auto","background-attachment":"scroll","background-type":"","background-media":"","overlay-type":"","overlay-color":"","overlay-opacity":"","overlay-gradient":""},"tablet":{"background-color":"var(--ast-global-color-5)","background-image":"","background-repeat":"repeat","background-position":"center center","background-size":"auto","background-attachment":"scroll","background-type":"","background-media":"","overlay-type":"","overlay-color":"","overlay-opacity":"","overlay-gradient":""},"mobile":{"background-color":"var(--ast-global-color-5)","background-image":"","background-repeat":"repeat","background-position":"center center","background-size":"auto","background-attachment":"scroll","background-type":"","background-media":"","overlay-type":"","overlay-color":"","overlay-opacity":"","overlay-gradient":""}},"_glsr_average":0,"_glsr_ranking":0,"_glsr_reviews":0},"product_brand":[],"product_cat":[54,102,56,59,38,42],"product_tag":[],"class_list":{"0":"post-579","1":"product","2":"type-product","3":"status-publish","4":"has-post-thumbnail","6":"product_cat-8-mm","7":"product_cat-bordeaux","8":"product_cat-bracelets-de-lithotherapie","9":"product_cat-bracelets-de-lithotherapie-hommes","10":"product_cat-oeil-de-taureau","11":"product_cat-protection","12":"desktop-align-left","13":"tablet-align-left","14":"mobile-align-left","16":"first","17":"instock","18":"purchasable","19":"product-type-variable"},"yoast_head":"<!-- This site is optimized with the Yoast SEO plugin v27.5 - https:\/\/yoast.com\/product\/yoast-seo-wordpress\/ -->\n<title>Bracelet OEIL DE TAUREAU - Au fil des pierres<\/title>\n<meta name=\"description\" content=\"Bracelet en \u0153il de taureau naturel, qualit\u00e9 sup\u00e9rieure, force int\u00e9rieure, protection et ancrage au quotidien.\" \/>\n<meta name=\"robots\" content=\"index, follow, max-snippet:-1, max-image-preview:large, max-video-preview:-1\" \/>\n<link rel=\"canonical\" href=\"https:\/\/aufildespierres.com\/index.php\/product\/bracelet-oeil-de-taureau\/\" \/>\n<meta property=\"og:locale\" content=\"fr_FR\" \/>\n<meta property=\"og:type\" content=\"article\" \/>\n<meta property=\"og:title\" content=\"Bracelet OEIL DE TAUREAU - Au fil des pierres\" \/>\n<meta property=\"og:description\" content=\"Bracelet en \u0153il de taureau naturel, qualit\u00e9 sup\u00e9rieure, force int\u00e9rieure, protection et ancrage au quotidien.\" \/>\n<meta property=\"og:url\" content=\"https:\/\/aufildespierres.com\/index.php\/product\/bracelet-oeil-de-taureau\/\" \/>\n<meta property=\"og:site_name\" content=\"Au fil des pierres\" \/>\n<meta property=\"article:modified_time\" content=\"2025-04-14T19:14:11+00:00\" \/>\n<meta property=\"og:image\" content=\"https:\/\/aufildespierres.com\/wp-content\/uploads\/2023\/09\/20230910_173403.jpg\" \/>\n\t<meta property=\"og:image:width\" content=\"1905\" \/>\n\t<meta property=\"og:image:height\" content=\"2191\" \/>\n\t<meta property=\"og:image:type\" content=\"image\/jpeg\" \/>\n<meta name=\"twitter:card\" content=\"summary_large_image\" \/>\n<meta name=\"twitter:label1\" content=\"Dur\u00e9e de lecture estim\u00e9e\" \/>\n\t<meta name=\"twitter:data1\" content=\"2 minutes\" \/>\n<script type=\"application\/ld+json\" class=\"yoast-schema-graph\">{\"@context\":\"https:\\\/\\\/schema.org\",\"@graph\":[{\"@type\":\"WebPage\",\"@id\":\"https:\\\/\\\/aufildespierres.com\\\/index.php\\\/product\\\/bracelet-oeil-de-taureau\\\/\",\"url\":\"https:\\\/\\\/aufildespierres.com\\\/index.php\\\/product\\\/bracelet-oeil-de-taureau\\\/\",\"name\":\"Bracelet OEIL DE TAUREAU - Au fil des pierres\",\"isPartOf\":{\"@id\":\"https:\\\/\\\/aufildespierres.com\\\/#website\"},\"primaryImageOfPage\":{\"@id\":\"https:\\\/\\\/aufildespierres.com\\\/index.php\\\/product\\\/bracelet-oeil-de-taureau\\\/#primaryimage\"},\"image\":{\"@id\":\"https:\\\/\\\/aufildespierres.com\\\/index.php\\\/product\\\/bracelet-oeil-de-taureau\\\/#primaryimage\"},\"thumbnailUrl\":\"https:\\\/\\\/aufildespierres.com\\\/wp-content\\\/uploads\\\/2023\\\/09\\\/20230910_173403.jpg\",\"datePublished\":\"2023-09-10T16:15:40+00:00\",\"dateModified\":\"2025-04-14T19:14:11+00:00\",\"description\":\"Bracelet en \u0153il de taureau naturel, qualit\u00e9 sup\u00e9rieure, force int\u00e9rieure, protection et ancrage au quotidien.\",\"breadcrumb\":{\"@id\":\"https:\\\/\\\/aufildespierres.com\\\/index.php\\\/product\\\/bracelet-oeil-de-taureau\\\/#breadcrumb\"},\"inLanguage\":\"fr-FR\",\"potentialAction\":[{\"@type\":\"ReadAction\",\"target\":[\"https:\\\/\\\/aufildespierres.com\\\/index.php\\\/product\\\/bracelet-oeil-de-taureau\\\/\"]}]},{\"@type\":\"ImageObject\",\"inLanguage\":\"fr-FR\",\"@id\":\"https:\\\/\\\/aufildespierres.com\\\/index.php\\\/product\\\/bracelet-oeil-de-taureau\\\/#primaryimage\",\"url\":\"https:\\\/\\\/aufildespierres.com\\\/wp-content\\\/uploads\\\/2023\\\/09\\\/20230910_173403.jpg\",\"contentUrl\":\"https:\\\/\\\/aufildespierres.com\\\/wp-content\\\/uploads\\\/2023\\\/09\\\/20230910_173403.jpg\",\"width\":1905,\"height\":2191},{\"@type\":\"BreadcrumbList\",\"@id\":\"https:\\\/\\\/aufildespierres.com\\\/index.php\\\/product\\\/bracelet-oeil-de-taureau\\\/#breadcrumb\",\"itemListElement\":[{\"@type\":\"ListItem\",\"position\":1,\"name\":\"Accueil\",\"item\":\"https:\\\/\\\/aufildespierres.com\\\/\"},{\"@type\":\"ListItem\",\"position\":2,\"name\":\"Boutique de Lithoth\u00e9rapie\",\"item\":\"https:\\\/\\\/aufildespierres.com\\\/index.php\\\/boutique-de-lithotherapie\\\/\"},{\"@type\":\"ListItem\",\"position\":3,\"name\":\"Bracelet OEIL DE TAUREAU\"}]},{\"@type\":\"WebSite\",\"@id\":\"https:\\\/\\\/aufildespierres.com\\\/#website\",\"url\":\"https:\\\/\\\/aufildespierres.com\\\/\",\"name\":\"Au fil des pierres\",\"description\":\"Au fil des pierres\",\"publisher\":{\"@id\":\"https:\\\/\\\/aufildespierres.com\\\/#organization\"},\"potentialAction\":[{\"@type\":\"SearchAction\",\"target\":{\"@type\":\"EntryPoint\",\"urlTemplate\":\"https:\\\/\\\/aufildespierres.com\\\/?s={search_term_string}\"},\"query-input\":{\"@type\":\"PropertyValueSpecification\",\"valueRequired\":true,\"valueName\":\"search_term_string\"}}],\"inLanguage\":\"fr-FR\"},{\"@type\":\"Organization\",\"@id\":\"https:\\\/\\\/aufildespierres.com\\\/#organization\",\"name\":\"Au fil des pierres\",\"url\":\"https:\\\/\\\/aufildespierres.com\\\/\",\"logo\":{\"@type\":\"ImageObject\",\"inLanguage\":\"fr-FR\",\"@id\":\"https:\\\/\\\/aufildespierres.com\\\/#\\\/schema\\\/logo\\\/image\\\/\",\"url\":\"https:\\\/\\\/aufildespierres.com\\\/wp-content\\\/uploads\\\/2023\\\/05\\\/cropped-Logo-PNG-Transparent.png\",\"contentUrl\":\"https:\\\/\\\/aufildespierres.com\\\/wp-content\\\/uploads\\\/2023\\\/05\\\/cropped-Logo-PNG-Transparent.png\",\"width\":1776,\"height\":1625,\"caption\":\"Au fil des pierres\"},\"image\":{\"@id\":\"https:\\\/\\\/aufildespierres.com\\\/#\\\/schema\\\/logo\\\/image\\\/\"}}]}<\/script>\n<!-- \/ Yoast SEO plugin. -->","yoast_head_json":{"title":"Bracelet OEIL DE TAUREAU - Au fil des pierres","description":"Bracelet en \u0153il de taureau naturel, qualit\u00e9 sup\u00e9rieure, force int\u00e9rieure, protection et ancrage au quotidien.","robots":{"index":"index","follow":"follow","max-snippet":"max-snippet:-1","max-image-preview":"max-image-preview:large","max-video-preview":"max-video-preview:-1"},"canonical":"https:\/\/aufildespierres.com\/index.php\/product\/bracelet-oeil-de-taureau\/","og_locale":"fr_FR","og_type":"article","og_title":"Bracelet OEIL DE TAUREAU - Au fil des pierres","og_description":"Bracelet en \u0153il de taureau naturel, qualit\u00e9 sup\u00e9rieure, force int\u00e9rieure, protection et ancrage au quotidien.","og_url":"https:\/\/aufildespierres.com\/index.php\/product\/bracelet-oeil-de-taureau\/","og_site_name":"Au fil des pierres","article_modified_time":"2025-04-14T19:14:11+00:00","og_image":[{"width":1905,"height":2191,"url":"https:\/\/aufildespierres.com\/wp-content\/uploads\/2023\/09\/20230910_173403.jpg","type":"image\/jpeg"}],"twitter_card":"summary_large_image","twitter_misc":{"Dur\u00e9e de lecture estim\u00e9e":"2 minutes"},"schema":{"@context":"https:\/\/schema.org","@graph":[{"@type":"WebPage","@id":"https:\/\/aufildespierres.com\/index.php\/product\/bracelet-oeil-de-taureau\/","url":"https:\/\/aufildespierres.com\/index.php\/product\/bracelet-oeil-de-taureau\/","name":"Bracelet OEIL DE TAUREAU - Au fil des pierres","isPartOf":{"@id":"https:\/\/aufildespierres.com\/#website"},"primaryImageOfPage":{"@id":"https:\/\/aufildespierres.com\/index.php\/product\/bracelet-oeil-de-taureau\/#primaryimage"},"image":{"@id":"https:\/\/aufildespierres.com\/index.php\/product\/bracelet-oeil-de-taureau\/#primaryimage"},"thumbnailUrl":"https:\/\/aufildespierres.com\/wp-content\/uploads\/2023\/09\/20230910_173403.jpg","datePublished":"2023-09-10T16:15:40+00:00","dateModified":"2025-04-14T19:14:11+00:00","description":"Bracelet en \u0153il de taureau naturel, qualit\u00e9 sup\u00e9rieure, force int\u00e9rieure, protection et ancrage au quotidien.","breadcrumb":{"@id":"https:\/\/aufildespierres.com\/index.php\/product\/bracelet-oeil-de-taureau\/#breadcrumb"},"inLanguage":"fr-FR","potentialAction":[{"@type":"ReadAction","target":["https:\/\/aufildespierres.com\/index.php\/product\/bracelet-oeil-de-taureau\/"]}]},{"@type":"ImageObject","inLanguage":"fr-FR","@id":"https:\/\/aufildespierres.com\/index.php\/product\/bracelet-oeil-de-taureau\/#primaryimage","url":"https:\/\/aufildespierres.com\/wp-content\/uploads\/2023\/09\/20230910_173403.jpg","contentUrl":"https:\/\/aufildespierres.com\/wp-content\/uploads\/2023\/09\/20230910_173403.jpg","width":1905,"height":2191},{"@type":"BreadcrumbList","@id":"https:\/\/aufildespierres.com\/index.php\/product\/bracelet-oeil-de-taureau\/#breadcrumb","itemListElement":[{"@type":"ListItem","position":1,"name":"Accueil","item":"https:\/\/aufildespierres.com\/"},{"@type":"ListItem","position":2,"name":"Boutique de Lithoth\u00e9rapie","item":"https:\/\/aufildespierres.com\/index.php\/boutique-de-lithotherapie\/"},{"@type":"ListItem","position":3,"name":"Bracelet OEIL DE TAUREAU"}]},{"@type":"WebSite","@id":"https:\/\/aufildespierres.com\/#website","url":"https:\/\/aufildespierres.com\/","name":"Au fil des pierres","description":"Au fil des pierres","publisher":{"@id":"https:\/\/aufildespierres.com\/#organization"},"potentialAction":[{"@type":"SearchAction","target":{"@type":"EntryPoint","urlTemplate":"https:\/\/aufildespierres.com\/?s={search_term_string}"},"query-input":{"@type":"PropertyValueSpecification","valueRequired":true,"valueName":"search_term_string"}}],"inLanguage":"fr-FR"},{"@type":"Organization","@id":"https:\/\/aufildespierres.com\/#organization","name":"Au fil des pierres","url":"https:\/\/aufildespierres.com\/","logo":{"@type":"ImageObject","inLanguage":"fr-FR","@id":"https:\/\/aufildespierres.com\/#\/schema\/logo\/image\/","url":"https:\/\/aufildespierres.com\/wp-content\/uploads\/2023\/05\/cropped-Logo-PNG-Transparent.png","contentUrl":"https:\/\/aufildespierres.com\/wp-content\/uploads\/2023\/05\/cropped-Logo-PNG-Transparent.png","width":1776,"height":1625,"caption":"Au fil des pierres"},"image":{"@id":"https:\/\/aufildespierres.com\/#\/schema\/logo\/image\/"}}]}},"_links":{"self":[{"href":"https:\/\/aufildespierres.com\/index.php\/wp-json\/wp\/v2\/product\/579","targetHints":{"allow":["GET"]}}],"collection":[{"href":"https:\/\/aufildespierres.com\/index.php\/wp-json\/wp\/v2\/product"}],"about":[{"href":"https:\/\/aufildespierres.com\/index.php\/wp-json\/wp\/v2\/types\/product"}],"replies":[{"embeddable":true,"href":"https:\/\/aufildespierres.com\/index.php\/wp-json\/wp\/v2\/comments?post=579"}],"wp:featuredmedia":[{"embeddable":true,"href":"https:\/\/aufildespierres.com\/index.php\/wp-json\/wp\/v2\/media\/564"}],"wp:attachment":[{"href":"https:\/\/aufildespierres.com\/index.php\/wp-json\/wp\/v2\/media?parent=579"}],"wp:term":[{"taxonomy":"product_brand","embeddable":true,"href":"https:\/\/aufildespierres.com\/index.php\/wp-json\/wp\/v2\/product_brand?post=579"},{"taxonomy":"product_cat","embeddable":true,"href":"https:\/\/aufildespierres.com\/index.php\/wp-json\/wp\/v2\/product_cat?post=579"},{"taxonomy":"product_tag","embeddable":true,"href":"https:\/\/aufildespierres.com\/index.php\/wp-json\/wp\/v2\/product_tag?post=579"}],"curies":[{"name":"wp","href":"https:\/\/api.w.org\/{rel}","templated":true}]}}