{"id":679,"date":"2023-09-23T14:16:26","date_gmt":"2023-09-23T12:16:26","guid":{"rendered":"https:\/\/aufildespierres.com\/?post_type=product&#038;p=679"},"modified":"2026-02-06T12:33:02","modified_gmt":"2026-02-06T11:33:02","slug":"bracelet-anti-douleurs","status":"publish","type":"product","link":"https:\/\/aufildespierres.com\/index.php\/product\/bracelet-anti-douleurs\/","title":{"rendered":"Bracelet anti douleurs"},"content":{"rendered":"<h1><strong>Bracelet anti douleur\u00a0<\/strong><\/h1>\n<h1>compos\u00e9 de 8 perles de malachite<\/h1>\n<p>6 perles de pierre de lune blanche<\/p>\n<p>4 perles d&rsquo;H\u00e9matite magn\u00e9tique ( interdit aux porteurs de pace maker ou ayant des contre indications \u00e0 utiliser des aimants ).<\/p>\n<p>8 perles d&rsquo;espacement en acier inoxydable\u00a0 \u00a0 1 perle cache noeud en alliage tib\u00e9tain<\/p>\n<p>Bracelet dont la composition agira comme anti douleur contre des douleurs physiques type arthrose, rhumatismes, fracture<\/p>\n<p><strong><u>Malachite : <\/u><\/strong><\/p>\n<p><u>Propri\u00e9t\u00e9s psychiques et \u00e9motionnelles <\/u><\/p>\n<p>Augmente la confiance en soi et encourage \u00e0 trouver les ressources au plus profond de soi pour faire face aux adversit\u00e9s<\/p>\n<p>Aide \u00e0 trouver notre lumi\u00e8re int\u00e9rieure et accepter nos ombres, \u00a0mieux nous aimer<\/p>\n<p>Equilibre entre le mental et les sentiments<\/p>\n<p>Pierre de transformation persuasion et discernement qui encourage aux changements, \u00a0\u00e0 la prise de risques<\/p>\n<p>Augmente l\u2019intuition et observation et permet d\u2019assumer ses responsabilit\u00e9s<\/p>\n<p>Apaisante calmante diminue le stress anxi\u00e9t\u00e9 d\u00e9pression, angoisses et peurs\u00a0 favorise la paix int\u00e9rieure , c\u2019est un anti d\u00e9presseur naturel .Aide \u00e0 la compr\u00e9hension des r\u00eaves.<\/p>\n<p>Ouvre le c\u0153ur \u00e0 l\u2019amour inconditionnel en donnant assurance et \u00e9nergie positive<\/p>\n<p>Lib\u00e8re les blocages \u00e9motionnels du pass\u00e9 enfouis profond\u00e9ment, \u00a0peut faire venir les larmes en lib\u00e9ration\u00a0; utile \u00e0 ceux qui r\u00e9p\u00e8tent les m\u00eames sch\u00e9mas et pour rompre les liens ind\u00e9sirables.<\/p>\n<p><u>Propri\u00e9t\u00e9s physiques <\/u><\/p>\n<p>Efficace contre les douleurs comme rage de dent, arthrose, fractures entorses crampes, colique, h\u00e9matome, otites angines\u00a0; pos\u00e9e sur la douleur elle l\u2019estompera, la laisser en place jusqu\u2019\u00e0 diminution.<\/p>\n<p>Anti inflammatoire naturel , antispasmodique\u00a0; agit sur le syst\u00e8me circulatoire c\u0153ur et sang \u00a0calme le syst\u00e8me nerveux , stimule le syst\u00e8me immunitaire<\/p>\n<p>Diminue les insomnies surtout si li\u00e9es \u00e0 l\u2019anxi\u00e9t\u00e9 (aussi pour les enfants pour diminuer les cauchemars et pour les adapter \u00e0 de nouvelles situations)<\/p>\n<p>Prot\u00e8ge la grossesse et facilite l\u2019accouchement, r\u00e9gule le cycle menstruel<\/p>\n<p>Facilite la \u00a0respiration pulmonaire .<\/p>\n<p>&nbsp;<\/p>\n<p><strong>H\u00e9matite :\u00a0<\/strong><\/p>\n<p>Propri\u00e9t\u00e9s psychiques\u00a0:<\/p>\n<p>Pierre yang qui \u00e9quilibre les m\u00e9ridiens et les d\u00e9s\u00e9quilibres du yin.<\/p>\n<p>D\u00e9veloppe courage, pouvoir de d\u00e9cision, volont\u00e9 et confiance.<\/p>\n<p>Permet l\u2019\u00e9coute et le respect de soi, aide \u00e0 surmonter les situations difficiles.<\/p>\n<p>Aide \u00e0 se faire respecter, consolide sa pens\u00e9e et dissipe la n\u00e9gativit\u00e9.<\/p>\n<p>D\u00e9veloppe la m\u00e9moire et l\u2019esprit.<\/p>\n<p>Propri\u00e9t\u00e9s physiques\u00a0:<\/p>\n<p>D\u00e9toxifie, purifie et dynamise.<\/p>\n<p>Agit sur les probl\u00e8mes circulatoires, stimule l\u2019absorption du fer, r\u00e9gule la chaleur corporelle.<\/p>\n<p>Utile en cas de crampes, h\u00e9matomes, fractures et douleurs chroniques.<\/p>\n<p>Purifie les reins, le foie, lutte contre l\u2019an\u00e9mie et r\u00e9g\u00e9n\u00e8re les tissus.<\/p>\n<p>Surmonte compulsions et d\u00e9pendances, exc\u00e8s et boulimie.<\/p>\n<p>Am\u00e9liore le sommeil combin\u00e9 avec le quartz rose.<\/p>\n<p>&nbsp;<\/p>\n<p><strong>Pierre de lune :\u00a0<\/strong><\/p>\n<p><strong>Propri\u00e9t\u00e9s psychiques\u00a0: <\/strong><\/p>\n<p>Depuis l\u2019Antiquit\u00e9 la pierre de lune est associ\u00e9e \u00e0 la f\u00e9minit\u00e9, clairvoyance et intuition, elle a une \u00e9nergie Yin qui enseigne la patience et l\u2019objectivit\u00e9.<\/p>\n<p>Elle r\u00e9gule le corps astral et mental temporisant les \u00e9motions, elle lie conscient et inconscient et favorise la spiritualit\u00e9<\/p>\n<p>Elle aide \u00e0 se relaxer et s\u2019\u00e9quilibrer diminue col\u00e8re et frustrations facilitant les relations avec autrui<\/p>\n<p>La pierre\u00a0 d\u00e9veloppe spiritualit\u00e9, sinc\u00e9rit\u00e9, r\u00e9ceptivit\u00e9, imagination et cr\u00e9ativit\u00e9<\/p>\n<p>Elle facilite la tol\u00e9rance le pardon et la bienveillance.<\/p>\n<p>Elle favorise le bonheur des couples et encourage la passion amoureuse, stimule l\u2019ouverture d\u2019esprit et diminue la peur de l\u2019autre\u00a0; elle entretient le sentiment de s\u00e9curit\u00e9 et de r\u00e9confort et l\u2019acceptation de soi<\/p>\n<p>Elle apporte douceur et tol\u00e9rance en cas de trop de s\u00e9v\u00e9rit\u00e9<\/p>\n<p>Apporte douceur, tendresse, instinct maternel po\u00e9sie et sensibilit\u00e9\u00a0; elle est conseill\u00e9e aux hypersensibles.<\/p>\n<p>Aide \u00e0 la prise de d\u00e9cision et aide \u00e0 entreprendre encourageant \u00e0 choisir sa voie<\/p>\n<p>Pierre Yin qui stimule chez l\u2019homme les bons c\u00f4t\u00e9s f\u00e9minins en compensation des mauvais c\u00f4t\u00e9s masculins trop d\u00e9velopp\u00e9s et favorise un \u00e9quilibre.<\/p>\n<p>Favorise les r\u00eaves pr\u00e9monitoires, augmente intuition, clairvoyance et capacit\u00e9s r\u00e9ceptives comme m\u00e9diumnit\u00e9.<\/p>\n<p><strong>Propri\u00e9t\u00e9s physiques\u00a0: <\/strong><\/p>\n<p>Elle r\u00e9gules les cycles menstruels et la st\u00e9rilit\u00e9<\/p>\n<p>Soutient la fertilit\u00e9, maternit\u00e9 et \u00a0la lactation<\/p>\n<p>Diminue insomnie et apn\u00e9e du sommeil et hyperactivit\u00e9 mentale \u00a0(placer une pierre de lune dans sa chambre)<\/p>\n<p>R\u00e9gule le syst\u00e8me nerveux, diminue le cortisol li\u00e9 au stress et augmente la dopamine<\/p>\n<p>Stimule la digestion et diminue les soucis digestifs li\u00e9s au stress, et att\u00e9nue les probl\u00e8mes de peau comme l\u2019acn\u00e9 b\u00e9n\u00e9fique aux ongles et cheveux<\/p>\n<p>Equilibre les fluides corporels (ballonnements et r\u00e9tention d\u2019eau)<\/p>\n<p>Peut soulager des soucis oculaires<\/p>\n<p>Agit sur les soucis de tyro\u00efde et hypophyse, r\u00e9gule la pression art\u00e9rielle et temp\u00e8re les hormones de la m\u00e9nopause.<\/p>\n<p>D\u00e9toxifie et relaxe le corps notamment pour les douleurs musculaires et articulaires .<\/p>\n<p>&nbsp;<\/p>\n<p>&nbsp;<\/p>\n<p><u>\u00a0<\/u><\/p>\n<p>&nbsp;<\/p>\n<p>&nbsp;<\/p>\n<p>&nbsp;<\/p>\n<p>&nbsp;<\/p>\n<p>&nbsp;<\/p>\n","protected":false},"excerpt":{"rendered":"<p>Bracelet anti douleur\u00a0 compos\u00e9 de 8 perles de malachite 6 perles de pierre de lune blanche 4 perles d&rsquo;H\u00e9matite magn\u00e9tique ( interdit aux porteurs de pace maker ou ayant des contre indications \u00e0 utiliser des aimants ). 8 perles d&rsquo;espacement en acier inoxydable\u00a0 \u00a0 1 perle cache noeud en alliage tib\u00e9tain Bracelet dont la composition [&hellip;]<\/p>\n","protected":false},"featured_media":681,"comment_status":"open","ping_status":"closed","template":"","meta":{"site-sidebar-layout":"default","site-content-layout":"","ast-site-content-layout":"default","site-content-style":"default","site-sidebar-style":"default","ast-global-header-display":"","ast-banner-title-visibility":"","ast-main-header-display":"","ast-hfb-above-header-display":"","ast-hfb-below-header-display":"","ast-hfb-mobile-header-display":"","site-post-title":"","ast-breadcrumbs-content":"","ast-featured-img":"","footer-sml-layout":"","ast-disable-related-posts":"","theme-transparent-header-meta":"default","adv-header-id-meta":"","stick-header-meta":"","header-above-stick-meta":"","header-main-stick-meta":"","header-below-stick-meta":"","astra-migrate-meta-layouts":"set","ast-page-background-enabled":"default","ast-page-background-meta":{"desktop":{"background-color":"var(--ast-global-color-4)","background-image":"","background-repeat":"repeat","background-position":"center center","background-size":"auto","background-attachment":"scroll","background-type":"","background-media":"","overlay-type":"","overlay-color":"","overlay-opacity":"","overlay-gradient":""},"tablet":{"background-color":"","background-image":"","background-repeat":"repeat","background-position":"center center","background-size":"auto","background-attachment":"scroll","background-type":"","background-media":"","overlay-type":"","overlay-color":"","overlay-opacity":"","overlay-gradient":""},"mobile":{"background-color":"","background-image":"","background-repeat":"repeat","background-position":"center center","background-size":"auto","background-attachment":"scroll","background-type":"","background-media":"","overlay-type":"","overlay-color":"","overlay-opacity":"","overlay-gradient":""}},"ast-content-background-meta":{"desktop":{"background-color":"var(--ast-global-color-5)","background-image":"","background-repeat":"repeat","background-position":"center center","background-size":"auto","background-attachment":"scroll","background-type":"","background-media":"","overlay-type":"","overlay-color":"","overlay-opacity":"","overlay-gradient":""},"tablet":{"background-color":"var(--ast-global-color-5)","background-image":"","background-repeat":"repeat","background-position":"center center","background-size":"auto","background-attachment":"scroll","background-type":"","background-media":"","overlay-type":"","overlay-color":"","overlay-opacity":"","overlay-gradient":""},"mobile":{"background-color":"var(--ast-global-color-5)","background-image":"","background-repeat":"repeat","background-position":"center center","background-size":"auto","background-attachment":"scroll","background-type":"","background-media":"","overlay-type":"","overlay-color":"","overlay-opacity":"","overlay-gradient":""}},"_glsr_average":0,"_glsr_ranking":0,"_glsr_reviews":0},"product_brand":[],"product_cat":[54,26,67,56,290,270,99,122,121,30,101,15,78],"product_tag":[],"class_list":{"0":"post-679","1":"product","2":"type-product","3":"status-publish","4":"has-post-thumbnail","6":"product_cat-8-mm","7":"product_cat-bijoux","8":"product_cat-blanc","9":"product_cat-bracelets-de-lithotherapie","10":"product_cat-bracelets-de-lithotherapie-femmes","11":"product_cat-douleurs","12":"product_cat-gris","13":"product_cat-hematite","14":"product_cat-malachite","15":"product_cat-mineraux","16":"product_cat-pierre-de-lune","17":"product_cat-tout","18":"product_cat-vert","19":"desktop-align-left","20":"tablet-align-left","21":"mobile-align-left","23":"first","24":"outofstock","25":"purchasable","26":"product-type-variable"},"yoast_head":"<!-- This site is optimized with the Yoast SEO plugin v27.3 - https:\/\/yoast.com\/product\/yoast-seo-wordpress\/ -->\n<title>Bracelet anti douleurs - Au fil des pierres<\/title>\n<meta name=\"robots\" content=\"index, follow, max-snippet:-1, max-image-preview:large, max-video-preview:-1\" \/>\n<link rel=\"canonical\" href=\"https:\/\/aufildespierres.com\/index.php\/product\/bracelet-anti-douleurs\/\" \/>\n<meta property=\"og:locale\" content=\"fr_FR\" \/>\n<meta property=\"og:type\" content=\"article\" \/>\n<meta property=\"og:title\" content=\"Bracelet anti douleurs - Au fil des pierres\" \/>\n<meta property=\"og:description\" content=\"Bracelet anti douleur\u00a0 compos\u00e9 de 8 perles de malachite 6 perles de pierre de lune blanche 4 perles d&rsquo;H\u00e9matite magn\u00e9tique ( interdit aux porteurs de pace maker ou ayant des contre indications \u00e0 utiliser des aimants ). 8 perles d&rsquo;espacement en acier inoxydable\u00a0 \u00a0 1 perle cache noeud en alliage tib\u00e9tain Bracelet dont la composition [&hellip;]\" \/>\n<meta property=\"og:url\" content=\"https:\/\/aufildespierres.com\/index.php\/product\/bracelet-anti-douleurs\/\" \/>\n<meta property=\"og:site_name\" content=\"Au fil des pierres\" \/>\n<meta property=\"article:modified_time\" content=\"2026-02-06T11:33:02+00:00\" \/>\n<meta property=\"og:image\" content=\"https:\/\/aufildespierres.com\/wp-content\/uploads\/2023\/09\/bracelet-anti-douleur.jpg\" \/>\n\t<meta property=\"og:image:width\" content=\"2240\" \/>\n\t<meta property=\"og:image:height\" content=\"2551\" \/>\n\t<meta property=\"og:image:type\" content=\"image\/jpeg\" \/>\n<meta name=\"twitter:card\" content=\"summary_large_image\" \/>\n<meta name=\"twitter:label1\" content=\"Dur\u00e9e de lecture estim\u00e9e\" \/>\n\t<meta name=\"twitter:data1\" content=\"4 minutes\" \/>\n<script type=\"application\/ld+json\" class=\"yoast-schema-graph\">{\"@context\":\"https:\\\/\\\/schema.org\",\"@graph\":[{\"@type\":\"WebPage\",\"@id\":\"https:\\\/\\\/aufildespierres.com\\\/index.php\\\/product\\\/bracelet-anti-douleurs\\\/\",\"url\":\"https:\\\/\\\/aufildespierres.com\\\/index.php\\\/product\\\/bracelet-anti-douleurs\\\/\",\"name\":\"Bracelet anti douleurs - Au fil des pierres\",\"isPartOf\":{\"@id\":\"https:\\\/\\\/aufildespierres.com\\\/#website\"},\"primaryImageOfPage\":{\"@id\":\"https:\\\/\\\/aufildespierres.com\\\/index.php\\\/product\\\/bracelet-anti-douleurs\\\/#primaryimage\"},\"image\":{\"@id\":\"https:\\\/\\\/aufildespierres.com\\\/index.php\\\/product\\\/bracelet-anti-douleurs\\\/#primaryimage\"},\"thumbnailUrl\":\"https:\\\/\\\/aufildespierres.com\\\/wp-content\\\/uploads\\\/2023\\\/09\\\/bracelet-anti-douleur.jpg\",\"datePublished\":\"2023-09-23T12:16:26+00:00\",\"dateModified\":\"2026-02-06T11:33:02+00:00\",\"breadcrumb\":{\"@id\":\"https:\\\/\\\/aufildespierres.com\\\/index.php\\\/product\\\/bracelet-anti-douleurs\\\/#breadcrumb\"},\"inLanguage\":\"fr-FR\",\"potentialAction\":[{\"@type\":\"ReadAction\",\"target\":[\"https:\\\/\\\/aufildespierres.com\\\/index.php\\\/product\\\/bracelet-anti-douleurs\\\/\"]}]},{\"@type\":\"ImageObject\",\"inLanguage\":\"fr-FR\",\"@id\":\"https:\\\/\\\/aufildespierres.com\\\/index.php\\\/product\\\/bracelet-anti-douleurs\\\/#primaryimage\",\"url\":\"https:\\\/\\\/aufildespierres.com\\\/wp-content\\\/uploads\\\/2023\\\/09\\\/bracelet-anti-douleur.jpg\",\"contentUrl\":\"https:\\\/\\\/aufildespierres.com\\\/wp-content\\\/uploads\\\/2023\\\/09\\\/bracelet-anti-douleur.jpg\",\"width\":2240,\"height\":2551},{\"@type\":\"BreadcrumbList\",\"@id\":\"https:\\\/\\\/aufildespierres.com\\\/index.php\\\/product\\\/bracelet-anti-douleurs\\\/#breadcrumb\",\"itemListElement\":[{\"@type\":\"ListItem\",\"position\":1,\"name\":\"Accueil\",\"item\":\"https:\\\/\\\/aufildespierres.com\\\/\"},{\"@type\":\"ListItem\",\"position\":2,\"name\":\"Boutique de Lithoth\u00e9rapie\",\"item\":\"https:\\\/\\\/aufildespierres.com\\\/index.php\\\/boutique-de-lithotherapie\\\/\"},{\"@type\":\"ListItem\",\"position\":3,\"name\":\"Bracelet anti douleurs\"}]},{\"@type\":\"WebSite\",\"@id\":\"https:\\\/\\\/aufildespierres.com\\\/#website\",\"url\":\"https:\\\/\\\/aufildespierres.com\\\/\",\"name\":\"Au fil des pierres\",\"description\":\"Au fil des pierres\",\"publisher\":{\"@id\":\"https:\\\/\\\/aufildespierres.com\\\/#organization\"},\"potentialAction\":[{\"@type\":\"SearchAction\",\"target\":{\"@type\":\"EntryPoint\",\"urlTemplate\":\"https:\\\/\\\/aufildespierres.com\\\/?s={search_term_string}\"},\"query-input\":{\"@type\":\"PropertyValueSpecification\",\"valueRequired\":true,\"valueName\":\"search_term_string\"}}],\"inLanguage\":\"fr-FR\"},{\"@type\":\"Organization\",\"@id\":\"https:\\\/\\\/aufildespierres.com\\\/#organization\",\"name\":\"Au fil des pierres\",\"url\":\"https:\\\/\\\/aufildespierres.com\\\/\",\"logo\":{\"@type\":\"ImageObject\",\"inLanguage\":\"fr-FR\",\"@id\":\"https:\\\/\\\/aufildespierres.com\\\/#\\\/schema\\\/logo\\\/image\\\/\",\"url\":\"https:\\\/\\\/aufildespierres.com\\\/wp-content\\\/uploads\\\/2023\\\/05\\\/cropped-Logo-PNG-Transparent.png\",\"contentUrl\":\"https:\\\/\\\/aufildespierres.com\\\/wp-content\\\/uploads\\\/2023\\\/05\\\/cropped-Logo-PNG-Transparent.png\",\"width\":1776,\"height\":1625,\"caption\":\"Au fil des pierres\"},\"image\":{\"@id\":\"https:\\\/\\\/aufildespierres.com\\\/#\\\/schema\\\/logo\\\/image\\\/\"}}]}<\/script>\n<!-- \/ Yoast SEO plugin. -->","yoast_head_json":{"title":"Bracelet anti douleurs - Au fil des pierres","robots":{"index":"index","follow":"follow","max-snippet":"max-snippet:-1","max-image-preview":"max-image-preview:large","max-video-preview":"max-video-preview:-1"},"canonical":"https:\/\/aufildespierres.com\/index.php\/product\/bracelet-anti-douleurs\/","og_locale":"fr_FR","og_type":"article","og_title":"Bracelet anti douleurs - Au fil des pierres","og_description":"Bracelet anti douleur\u00a0 compos\u00e9 de 8 perles de malachite 6 perles de pierre de lune blanche 4 perles d&rsquo;H\u00e9matite magn\u00e9tique ( interdit aux porteurs de pace maker ou ayant des contre indications \u00e0 utiliser des aimants ). 8 perles d&rsquo;espacement en acier inoxydable\u00a0 \u00a0 1 perle cache noeud en alliage tib\u00e9tain Bracelet dont la composition [&hellip;]","og_url":"https:\/\/aufildespierres.com\/index.php\/product\/bracelet-anti-douleurs\/","og_site_name":"Au fil des pierres","article_modified_time":"2026-02-06T11:33:02+00:00","og_image":[{"width":2240,"height":2551,"url":"https:\/\/aufildespierres.com\/wp-content\/uploads\/2023\/09\/bracelet-anti-douleur.jpg","type":"image\/jpeg"}],"twitter_card":"summary_large_image","twitter_misc":{"Dur\u00e9e de lecture estim\u00e9e":"4 minutes"},"schema":{"@context":"https:\/\/schema.org","@graph":[{"@type":"WebPage","@id":"https:\/\/aufildespierres.com\/index.php\/product\/bracelet-anti-douleurs\/","url":"https:\/\/aufildespierres.com\/index.php\/product\/bracelet-anti-douleurs\/","name":"Bracelet anti douleurs - Au fil des pierres","isPartOf":{"@id":"https:\/\/aufildespierres.com\/#website"},"primaryImageOfPage":{"@id":"https:\/\/aufildespierres.com\/index.php\/product\/bracelet-anti-douleurs\/#primaryimage"},"image":{"@id":"https:\/\/aufildespierres.com\/index.php\/product\/bracelet-anti-douleurs\/#primaryimage"},"thumbnailUrl":"https:\/\/aufildespierres.com\/wp-content\/uploads\/2023\/09\/bracelet-anti-douleur.jpg","datePublished":"2023-09-23T12:16:26+00:00","dateModified":"2026-02-06T11:33:02+00:00","breadcrumb":{"@id":"https:\/\/aufildespierres.com\/index.php\/product\/bracelet-anti-douleurs\/#breadcrumb"},"inLanguage":"fr-FR","potentialAction":[{"@type":"ReadAction","target":["https:\/\/aufildespierres.com\/index.php\/product\/bracelet-anti-douleurs\/"]}]},{"@type":"ImageObject","inLanguage":"fr-FR","@id":"https:\/\/aufildespierres.com\/index.php\/product\/bracelet-anti-douleurs\/#primaryimage","url":"https:\/\/aufildespierres.com\/wp-content\/uploads\/2023\/09\/bracelet-anti-douleur.jpg","contentUrl":"https:\/\/aufildespierres.com\/wp-content\/uploads\/2023\/09\/bracelet-anti-douleur.jpg","width":2240,"height":2551},{"@type":"BreadcrumbList","@id":"https:\/\/aufildespierres.com\/index.php\/product\/bracelet-anti-douleurs\/#breadcrumb","itemListElement":[{"@type":"ListItem","position":1,"name":"Accueil","item":"https:\/\/aufildespierres.com\/"},{"@type":"ListItem","position":2,"name":"Boutique de Lithoth\u00e9rapie","item":"https:\/\/aufildespierres.com\/index.php\/boutique-de-lithotherapie\/"},{"@type":"ListItem","position":3,"name":"Bracelet anti douleurs"}]},{"@type":"WebSite","@id":"https:\/\/aufildespierres.com\/#website","url":"https:\/\/aufildespierres.com\/","name":"Au fil des pierres","description":"Au fil des pierres","publisher":{"@id":"https:\/\/aufildespierres.com\/#organization"},"potentialAction":[{"@type":"SearchAction","target":{"@type":"EntryPoint","urlTemplate":"https:\/\/aufildespierres.com\/?s={search_term_string}"},"query-input":{"@type":"PropertyValueSpecification","valueRequired":true,"valueName":"search_term_string"}}],"inLanguage":"fr-FR"},{"@type":"Organization","@id":"https:\/\/aufildespierres.com\/#organization","name":"Au fil des pierres","url":"https:\/\/aufildespierres.com\/","logo":{"@type":"ImageObject","inLanguage":"fr-FR","@id":"https:\/\/aufildespierres.com\/#\/schema\/logo\/image\/","url":"https:\/\/aufildespierres.com\/wp-content\/uploads\/2023\/05\/cropped-Logo-PNG-Transparent.png","contentUrl":"https:\/\/aufildespierres.com\/wp-content\/uploads\/2023\/05\/cropped-Logo-PNG-Transparent.png","width":1776,"height":1625,"caption":"Au fil des pierres"},"image":{"@id":"https:\/\/aufildespierres.com\/#\/schema\/logo\/image\/"}}]}},"_links":{"self":[{"href":"https:\/\/aufildespierres.com\/index.php\/wp-json\/wp\/v2\/product\/679","targetHints":{"allow":["GET"]}}],"collection":[{"href":"https:\/\/aufildespierres.com\/index.php\/wp-json\/wp\/v2\/product"}],"about":[{"href":"https:\/\/aufildespierres.com\/index.php\/wp-json\/wp\/v2\/types\/product"}],"replies":[{"embeddable":true,"href":"https:\/\/aufildespierres.com\/index.php\/wp-json\/wp\/v2\/comments?post=679"}],"wp:featuredmedia":[{"embeddable":true,"href":"https:\/\/aufildespierres.com\/index.php\/wp-json\/wp\/v2\/media\/681"}],"wp:attachment":[{"href":"https:\/\/aufildespierres.com\/index.php\/wp-json\/wp\/v2\/media?parent=679"}],"wp:term":[{"taxonomy":"product_brand","embeddable":true,"href":"https:\/\/aufildespierres.com\/index.php\/wp-json\/wp\/v2\/product_brand?post=679"},{"taxonomy":"product_cat","embeddable":true,"href":"https:\/\/aufildespierres.com\/index.php\/wp-json\/wp\/v2\/product_cat?post=679"},{"taxonomy":"product_tag","embeddable":true,"href":"https:\/\/aufildespierres.com\/index.php\/wp-json\/wp\/v2\/product_tag?post=679"}],"curies":[{"name":"wp","href":"https:\/\/api.w.org\/{rel}","templated":true}]}}