{"id":697,"date":"2023-09-24T14:07:20","date_gmt":"2023-09-24T12:07:20","guid":{"rendered":"https:\/\/aufildespierres.com\/?post_type=product&#038;p=697"},"modified":"2025-09-14T17:41:11","modified_gmt":"2025-09-14T15:41:11","slug":"bracelet-phrenite","status":"publish","type":"product","link":"https:\/\/aufildespierres.com\/index.php\/product\/bracelet-phrenite\/","title":{"rendered":"Bracelet Phr\u00e9nite"},"content":{"rendered":"<p>Bracelet en pierre de Phr\u00e9nite compos\u00e9 de :<\/p>\n<p>13 pierres de Phr\u00e9nite\u00a0 en 10mm<\/p>\n<p>4 pierres en forme galet\u00a0 \u00a01 breloque arbre de vie\u00a0 \u00a0 une b\u00e9li\u00e8re acier\u00a0 \u00a0 4 strass vert<\/p>\n<p><strong>Les perles peuvent varier sensiblement d&rsquo;un bracelet \u00e0 l&rsquo;autre<\/strong><\/p>\n<p><em>Propri\u00e9t\u00e9s psychiques :<\/em><\/p>\n<ul>\n<li>Pierre qui prot\u00e9gera des projections n\u00e9gatives<\/li>\n<li>Calme l&rsquo;esprit lors de situations tendues ,permet de lutter contre peurs et angoisses<\/li>\n<li>Adapt\u00e9 a la tristesse chronique et pour agir sur les blocages \u00e9motionnels du pass\u00e9<\/li>\n<li>Aide \u00e0 pers\u00e9v\u00e9rer et atteindre ses objectifs , favorise l&rsquo;organisation et la clarification des pens\u00e9es .<\/li>\n<li>Favorise prise de conscience et acceptation de soi<\/li>\n<li>Incite \u00e0 vivre le moment pr\u00e9sent dans l&rsquo;optimisme et \u00e0 surmonter ses petits tracas .<\/li>\n<li>Augmente la perception et visualisation , favorise l&rsquo;\u00e9veil spirituel<\/li>\n<li>Augmente intuition et compr\u00e9hension de soi<\/li>\n<li>Favorise l&rsquo;harmonie avec la nature et convient aux personnes qui travaillent \u00e0 son contact .<\/li>\n<li>Aide \u00e0 la clart\u00e9 , rangement , ordre , lucidit\u00e9 ( surtout si paresse )<\/li>\n<li>Augmente la confiance en l&rsquo;univers ,peut r\u00e9parer le sentiment de manque des vies ant\u00e9rieures<\/li>\n<li>Apaise cauchemars , phobies , peurs profondes<\/li>\n<li>Convient aux timides pour s&rsquo;ouvrir aux autres<\/li>\n<\/ul>\n<p><em>Propri\u00e9t\u00e9s physiques<\/em><\/p>\n<ul>\n<li>Soulage reins , vessie , poitrine , poumons, calme les douleurs de l\u2019estomac<\/li>\n<li>goutte<\/li>\n<li>Stimule le m\u00e9tabolisme et peut aider \u00e0 la perte de poids gr\u00e2ce \u00e0 son action sur le syst\u00e8me lymphatique et circulatoire et sur le stockage des graisses<\/li>\n<\/ul>\n","protected":false},"excerpt":{"rendered":"<p>Bracelet en pierre de Phr\u00e9nite compos\u00e9 de : 13 pierres de Phr\u00e9nite\u00a0 en 10mm 4 pierres en forme galet\u00a0 \u00a01 breloque arbre de vie\u00a0 \u00a0 une b\u00e9li\u00e8re acier\u00a0 \u00a0 4 strass vert Les perles peuvent varier sensiblement d&rsquo;un bracelet \u00e0 l&rsquo;autre Propri\u00e9t\u00e9s psychiques : Pierre qui prot\u00e9gera des projections n\u00e9gatives Calme l&rsquo;esprit lors de situations [&hellip;]<\/p>\n","protected":false},"featured_media":703,"comment_status":"open","ping_status":"closed","template":"","meta":{"site-sidebar-layout":"default","site-content-layout":"","ast-site-content-layout":"default","site-content-style":"default","site-sidebar-style":"default","ast-global-header-display":"","ast-banner-title-visibility":"","ast-main-header-display":"","ast-hfb-above-header-display":"","ast-hfb-below-header-display":"","ast-hfb-mobile-header-display":"","site-post-title":"","ast-breadcrumbs-content":"","ast-featured-img":"","footer-sml-layout":"","ast-disable-related-posts":"","theme-transparent-header-meta":"default","adv-header-id-meta":"","stick-header-meta":"","header-above-stick-meta":"","header-main-stick-meta":"","header-below-stick-meta":"","astra-migrate-meta-layouts":"set","ast-page-background-enabled":"default","ast-page-background-meta":{"desktop":{"background-color":"var(--ast-global-color-4)","background-image":"","background-repeat":"repeat","background-position":"center center","background-size":"auto","background-attachment":"scroll","background-type":"","background-media":"","overlay-type":"","overlay-color":"","overlay-opacity":"","overlay-gradient":""},"tablet":{"background-color":"","background-image":"","background-repeat":"repeat","background-position":"center center","background-size":"auto","background-attachment":"scroll","background-type":"","background-media":"","overlay-type":"","overlay-color":"","overlay-opacity":"","overlay-gradient":""},"mobile":{"background-color":"","background-image":"","background-repeat":"repeat","background-position":"center center","background-size":"auto","background-attachment":"scroll","background-type":"","background-media":"","overlay-type":"","overlay-color":"","overlay-opacity":"","overlay-gradient":""}},"ast-content-background-meta":{"desktop":{"background-color":"var(--ast-global-color-5)","background-image":"","background-repeat":"repeat","background-position":"center center","background-size":"auto","background-attachment":"scroll","background-type":"","background-media":"","overlay-type":"","overlay-color":"","overlay-opacity":"","overlay-gradient":""},"tablet":{"background-color":"var(--ast-global-color-5)","background-image":"","background-repeat":"repeat","background-position":"center center","background-size":"auto","background-attachment":"scroll","background-type":"","background-media":"","overlay-type":"","overlay-color":"","overlay-opacity":"","overlay-gradient":""},"mobile":{"background-color":"var(--ast-global-color-5)","background-image":"","background-repeat":"repeat","background-position":"center center","background-size":"auto","background-attachment":"scroll","background-type":"","background-media":"","overlay-type":"","overlay-color":"","overlay-opacity":"","overlay-gradient":""}},"_glsr_average":0,"_glsr_ranking":0,"_glsr_reviews":0},"product_brand":[],"product_cat":[55,56,290,49,127,63,78],"product_tag":[],"class_list":{"0":"post-697","1":"product","2":"type-product","3":"status-publish","4":"has-post-thumbnail","6":"product_cat-10-mm","7":"product_cat-bracelets-de-lithotherapie","8":"product_cat-bracelets-de-lithotherapie-femmes","9":"product_cat-confiance-en-soi","10":"product_cat-prhenite","11":"product_cat-stress-angoisses","12":"product_cat-vert","13":"desktop-align-left","14":"tablet-align-left","15":"mobile-align-left","17":"first","18":"instock","19":"purchasable","20":"product-type-variable"},"yoast_head":"<!-- This site is optimized with the Yoast SEO plugin v27.5 - https:\/\/yoast.com\/product\/yoast-seo-wordpress\/ -->\n<title>Bracelet Phr\u00e9nite - Au fil des pierres<\/title>\n<meta name=\"robots\" content=\"index, follow, max-snippet:-1, max-image-preview:large, max-video-preview:-1\" \/>\n<link rel=\"canonical\" href=\"https:\/\/aufildespierres.com\/index.php\/product\/bracelet-phrenite\/\" \/>\n<meta property=\"og:locale\" content=\"fr_FR\" \/>\n<meta property=\"og:type\" content=\"article\" \/>\n<meta property=\"og:title\" content=\"Bracelet Phr\u00e9nite - Au fil des pierres\" \/>\n<meta property=\"og:description\" content=\"Bracelet en pierre de Phr\u00e9nite compos\u00e9 de : 13 pierres de Phr\u00e9nite\u00a0 en 10mm 4 pierres en forme galet\u00a0 \u00a01 breloque arbre de vie\u00a0 \u00a0 une b\u00e9li\u00e8re acier\u00a0 \u00a0 4 strass vert Les perles peuvent varier sensiblement d&rsquo;un bracelet \u00e0 l&rsquo;autre Propri\u00e9t\u00e9s psychiques : Pierre qui prot\u00e9gera des projections n\u00e9gatives Calme l&rsquo;esprit lors de situations [&hellip;]\" \/>\n<meta property=\"og:url\" content=\"https:\/\/aufildespierres.com\/index.php\/product\/bracelet-phrenite\/\" \/>\n<meta property=\"og:site_name\" content=\"Au fil des pierres\" \/>\n<meta property=\"article:modified_time\" content=\"2025-09-14T15:41:11+00:00\" \/>\n<meta property=\"og:image\" content=\"https:\/\/aufildespierres.com\/wp-content\/uploads\/2023\/09\/20230924_105612-scaled.jpg\" \/>\n\t<meta property=\"og:image:width\" content=\"1820\" \/>\n\t<meta property=\"og:image:height\" content=\"2560\" \/>\n\t<meta property=\"og:image:type\" content=\"image\/jpeg\" \/>\n<meta name=\"twitter:card\" content=\"summary_large_image\" \/>\n<meta name=\"twitter:label1\" content=\"Dur\u00e9e de lecture estim\u00e9e\" \/>\n\t<meta name=\"twitter:data1\" content=\"2 minutes\" \/>\n<script type=\"application\/ld+json\" class=\"yoast-schema-graph\">{\"@context\":\"https:\\\/\\\/schema.org\",\"@graph\":[{\"@type\":\"WebPage\",\"@id\":\"https:\\\/\\\/aufildespierres.com\\\/index.php\\\/product\\\/bracelet-phrenite\\\/\",\"url\":\"https:\\\/\\\/aufildespierres.com\\\/index.php\\\/product\\\/bracelet-phrenite\\\/\",\"name\":\"Bracelet Phr\u00e9nite - Au fil des pierres\",\"isPartOf\":{\"@id\":\"https:\\\/\\\/aufildespierres.com\\\/#website\"},\"primaryImageOfPage\":{\"@id\":\"https:\\\/\\\/aufildespierres.com\\\/index.php\\\/product\\\/bracelet-phrenite\\\/#primaryimage\"},\"image\":{\"@id\":\"https:\\\/\\\/aufildespierres.com\\\/index.php\\\/product\\\/bracelet-phrenite\\\/#primaryimage\"},\"thumbnailUrl\":\"https:\\\/\\\/aufildespierres.com\\\/wp-content\\\/uploads\\\/2023\\\/09\\\/20230924_105612-scaled.jpg\",\"datePublished\":\"2023-09-24T12:07:20+00:00\",\"dateModified\":\"2025-09-14T15:41:11+00:00\",\"breadcrumb\":{\"@id\":\"https:\\\/\\\/aufildespierres.com\\\/index.php\\\/product\\\/bracelet-phrenite\\\/#breadcrumb\"},\"inLanguage\":\"fr-FR\",\"potentialAction\":[{\"@type\":\"ReadAction\",\"target\":[\"https:\\\/\\\/aufildespierres.com\\\/index.php\\\/product\\\/bracelet-phrenite\\\/\"]}]},{\"@type\":\"ImageObject\",\"inLanguage\":\"fr-FR\",\"@id\":\"https:\\\/\\\/aufildespierres.com\\\/index.php\\\/product\\\/bracelet-phrenite\\\/#primaryimage\",\"url\":\"https:\\\/\\\/aufildespierres.com\\\/wp-content\\\/uploads\\\/2023\\\/09\\\/20230924_105612-scaled.jpg\",\"contentUrl\":\"https:\\\/\\\/aufildespierres.com\\\/wp-content\\\/uploads\\\/2023\\\/09\\\/20230924_105612-scaled.jpg\",\"width\":1820,\"height\":2560},{\"@type\":\"BreadcrumbList\",\"@id\":\"https:\\\/\\\/aufildespierres.com\\\/index.php\\\/product\\\/bracelet-phrenite\\\/#breadcrumb\",\"itemListElement\":[{\"@type\":\"ListItem\",\"position\":1,\"name\":\"Accueil\",\"item\":\"https:\\\/\\\/aufildespierres.com\\\/\"},{\"@type\":\"ListItem\",\"position\":2,\"name\":\"Boutique de Lithoth\u00e9rapie\",\"item\":\"https:\\\/\\\/aufildespierres.com\\\/index.php\\\/boutique-de-lithotherapie\\\/\"},{\"@type\":\"ListItem\",\"position\":3,\"name\":\"Bracelet Phr\u00e9nite\"}]},{\"@type\":\"WebSite\",\"@id\":\"https:\\\/\\\/aufildespierres.com\\\/#website\",\"url\":\"https:\\\/\\\/aufildespierres.com\\\/\",\"name\":\"Au fil des pierres\",\"description\":\"Au fil des pierres\",\"publisher\":{\"@id\":\"https:\\\/\\\/aufildespierres.com\\\/#organization\"},\"potentialAction\":[{\"@type\":\"SearchAction\",\"target\":{\"@type\":\"EntryPoint\",\"urlTemplate\":\"https:\\\/\\\/aufildespierres.com\\\/?s={search_term_string}\"},\"query-input\":{\"@type\":\"PropertyValueSpecification\",\"valueRequired\":true,\"valueName\":\"search_term_string\"}}],\"inLanguage\":\"fr-FR\"},{\"@type\":\"Organization\",\"@id\":\"https:\\\/\\\/aufildespierres.com\\\/#organization\",\"name\":\"Au fil des pierres\",\"url\":\"https:\\\/\\\/aufildespierres.com\\\/\",\"logo\":{\"@type\":\"ImageObject\",\"inLanguage\":\"fr-FR\",\"@id\":\"https:\\\/\\\/aufildespierres.com\\\/#\\\/schema\\\/logo\\\/image\\\/\",\"url\":\"https:\\\/\\\/aufildespierres.com\\\/wp-content\\\/uploads\\\/2023\\\/05\\\/cropped-Logo-PNG-Transparent.png\",\"contentUrl\":\"https:\\\/\\\/aufildespierres.com\\\/wp-content\\\/uploads\\\/2023\\\/05\\\/cropped-Logo-PNG-Transparent.png\",\"width\":1776,\"height\":1625,\"caption\":\"Au fil des pierres\"},\"image\":{\"@id\":\"https:\\\/\\\/aufildespierres.com\\\/#\\\/schema\\\/logo\\\/image\\\/\"}}]}<\/script>\n<!-- \/ Yoast SEO plugin. -->","yoast_head_json":{"title":"Bracelet Phr\u00e9nite - Au fil des pierres","robots":{"index":"index","follow":"follow","max-snippet":"max-snippet:-1","max-image-preview":"max-image-preview:large","max-video-preview":"max-video-preview:-1"},"canonical":"https:\/\/aufildespierres.com\/index.php\/product\/bracelet-phrenite\/","og_locale":"fr_FR","og_type":"article","og_title":"Bracelet Phr\u00e9nite - Au fil des pierres","og_description":"Bracelet en pierre de Phr\u00e9nite compos\u00e9 de : 13 pierres de Phr\u00e9nite\u00a0 en 10mm 4 pierres en forme galet\u00a0 \u00a01 breloque arbre de vie\u00a0 \u00a0 une b\u00e9li\u00e8re acier\u00a0 \u00a0 4 strass vert Les perles peuvent varier sensiblement d&rsquo;un bracelet \u00e0 l&rsquo;autre Propri\u00e9t\u00e9s psychiques : Pierre qui prot\u00e9gera des projections n\u00e9gatives Calme l&rsquo;esprit lors de situations [&hellip;]","og_url":"https:\/\/aufildespierres.com\/index.php\/product\/bracelet-phrenite\/","og_site_name":"Au fil des pierres","article_modified_time":"2025-09-14T15:41:11+00:00","og_image":[{"width":1820,"height":2560,"url":"https:\/\/aufildespierres.com\/wp-content\/uploads\/2023\/09\/20230924_105612-scaled.jpg","type":"image\/jpeg"}],"twitter_card":"summary_large_image","twitter_misc":{"Dur\u00e9e de lecture estim\u00e9e":"2 minutes"},"schema":{"@context":"https:\/\/schema.org","@graph":[{"@type":"WebPage","@id":"https:\/\/aufildespierres.com\/index.php\/product\/bracelet-phrenite\/","url":"https:\/\/aufildespierres.com\/index.php\/product\/bracelet-phrenite\/","name":"Bracelet Phr\u00e9nite - Au fil des pierres","isPartOf":{"@id":"https:\/\/aufildespierres.com\/#website"},"primaryImageOfPage":{"@id":"https:\/\/aufildespierres.com\/index.php\/product\/bracelet-phrenite\/#primaryimage"},"image":{"@id":"https:\/\/aufildespierres.com\/index.php\/product\/bracelet-phrenite\/#primaryimage"},"thumbnailUrl":"https:\/\/aufildespierres.com\/wp-content\/uploads\/2023\/09\/20230924_105612-scaled.jpg","datePublished":"2023-09-24T12:07:20+00:00","dateModified":"2025-09-14T15:41:11+00:00","breadcrumb":{"@id":"https:\/\/aufildespierres.com\/index.php\/product\/bracelet-phrenite\/#breadcrumb"},"inLanguage":"fr-FR","potentialAction":[{"@type":"ReadAction","target":["https:\/\/aufildespierres.com\/index.php\/product\/bracelet-phrenite\/"]}]},{"@type":"ImageObject","inLanguage":"fr-FR","@id":"https:\/\/aufildespierres.com\/index.php\/product\/bracelet-phrenite\/#primaryimage","url":"https:\/\/aufildespierres.com\/wp-content\/uploads\/2023\/09\/20230924_105612-scaled.jpg","contentUrl":"https:\/\/aufildespierres.com\/wp-content\/uploads\/2023\/09\/20230924_105612-scaled.jpg","width":1820,"height":2560},{"@type":"BreadcrumbList","@id":"https:\/\/aufildespierres.com\/index.php\/product\/bracelet-phrenite\/#breadcrumb","itemListElement":[{"@type":"ListItem","position":1,"name":"Accueil","item":"https:\/\/aufildespierres.com\/"},{"@type":"ListItem","position":2,"name":"Boutique de Lithoth\u00e9rapie","item":"https:\/\/aufildespierres.com\/index.php\/boutique-de-lithotherapie\/"},{"@type":"ListItem","position":3,"name":"Bracelet Phr\u00e9nite"}]},{"@type":"WebSite","@id":"https:\/\/aufildespierres.com\/#website","url":"https:\/\/aufildespierres.com\/","name":"Au fil des pierres","description":"Au fil des pierres","publisher":{"@id":"https:\/\/aufildespierres.com\/#organization"},"potentialAction":[{"@type":"SearchAction","target":{"@type":"EntryPoint","urlTemplate":"https:\/\/aufildespierres.com\/?s={search_term_string}"},"query-input":{"@type":"PropertyValueSpecification","valueRequired":true,"valueName":"search_term_string"}}],"inLanguage":"fr-FR"},{"@type":"Organization","@id":"https:\/\/aufildespierres.com\/#organization","name":"Au fil des pierres","url":"https:\/\/aufildespierres.com\/","logo":{"@type":"ImageObject","inLanguage":"fr-FR","@id":"https:\/\/aufildespierres.com\/#\/schema\/logo\/image\/","url":"https:\/\/aufildespierres.com\/wp-content\/uploads\/2023\/05\/cropped-Logo-PNG-Transparent.png","contentUrl":"https:\/\/aufildespierres.com\/wp-content\/uploads\/2023\/05\/cropped-Logo-PNG-Transparent.png","width":1776,"height":1625,"caption":"Au fil des pierres"},"image":{"@id":"https:\/\/aufildespierres.com\/#\/schema\/logo\/image\/"}}]}},"_links":{"self":[{"href":"https:\/\/aufildespierres.com\/index.php\/wp-json\/wp\/v2\/product\/697","targetHints":{"allow":["GET"]}}],"collection":[{"href":"https:\/\/aufildespierres.com\/index.php\/wp-json\/wp\/v2\/product"}],"about":[{"href":"https:\/\/aufildespierres.com\/index.php\/wp-json\/wp\/v2\/types\/product"}],"replies":[{"embeddable":true,"href":"https:\/\/aufildespierres.com\/index.php\/wp-json\/wp\/v2\/comments?post=697"}],"wp:featuredmedia":[{"embeddable":true,"href":"https:\/\/aufildespierres.com\/index.php\/wp-json\/wp\/v2\/media\/703"}],"wp:attachment":[{"href":"https:\/\/aufildespierres.com\/index.php\/wp-json\/wp\/v2\/media?parent=697"}],"wp:term":[{"taxonomy":"product_brand","embeddable":true,"href":"https:\/\/aufildespierres.com\/index.php\/wp-json\/wp\/v2\/product_brand?post=697"},{"taxonomy":"product_cat","embeddable":true,"href":"https:\/\/aufildespierres.com\/index.php\/wp-json\/wp\/v2\/product_cat?post=697"},{"taxonomy":"product_tag","embeddable":true,"href":"https:\/\/aufildespierres.com\/index.php\/wp-json\/wp\/v2\/product_tag?post=697"}],"curies":[{"name":"wp","href":"https:\/\/api.w.org\/{rel}","templated":true}]}}