{"id":735,"date":"2023-09-24T16:28:51","date_gmt":"2023-09-24T14:28:51","guid":{"rendered":"https:\/\/aufildespierres.com\/?post_type=product&#038;p=735"},"modified":"2024-09-06T18:48:16","modified_gmt":"2024-09-06T16:48:16","slug":"bracelet-onyx-et-agate","status":"publish","type":"product","link":"https:\/\/aufildespierres.com\/index.php\/product\/bracelet-onyx-et-agate\/","title":{"rendered":"Bracelet Onyx et Agate"},"content":{"rendered":"<p>Bracelet compos\u00e9 de :<\/p>\n<p>6 perles en Agate grise<\/p>\n<p>6 perles en Onyx blanc<\/p>\n<p>9 perles en onyx noir mat<\/p>\n<p>rondelles en acier inoxydable<\/p>\n<p>Bracelet adapt\u00e9 \u00e0 une taille de 17 cm , me contacter pour une autre mesure .<\/p>\n<p><strong>Onyx :\u00a0<\/strong><\/p>\n<p>Dioxyde de silicium . Vari\u00e9t\u00e9 d\u2019Agate<\/p>\n<p>Stabilise et permet un ancrage a la Terre (chakra racine )<\/p>\n<p>Diminue les inconstances et aide \u00e0 avoir confiance et estime de soi<\/p>\n<p>Calme les inqui\u00e9tudes,\u00a0 stress et anxi\u00e9t\u00e9 et aide \u00e0 la concentration,\u00a0 diminuera les ruminations mentales pour les\u00a0 transformer en \u00e9nergie positive.<\/p>\n<p>Permet mod\u00e9ration, contr\u00f4le de soi et augmentation du sens des responsabilit\u00e9s<\/p>\n<p>Aide \u00e0 avancer en limitant les blocages \u00e9nerg\u00e9tiques des blessures du pass\u00e9, l\u2019onyx apportera force et soutien pendant les bouleversements de la vie y compris le deuil .<\/p>\n<p>La pierre\u00a0 permettrait de purifier les \u00e9nergies karmiques pour un travail sur les vies ant\u00e9rieures .<\/p>\n<p>L\u2019onyx peut aider \u00e0 ouvrir son c\u0153ur aux autres, donner et recevoir .<\/p>\n<p>&nbsp;<\/p>\n<p>Am\u00e9liore le fonctionnement des 5 sens, agit sur les oreilles, dents, bouche (probl\u00e8mes vocaux et \u00e9locution, acouph\u00e8nes).<\/p>\n<p>Aide \u00e0 d\u00e9toxifier le corps, soutient rein et foie,\u00a0 limite les allergies<\/p>\n<p>Am\u00e9liore le syst\u00e8me circulatoire .<\/p>\n","protected":false},"excerpt":{"rendered":"<p>Bracelet compos\u00e9 de : 6 perles en Agate grise 6 perles en Onyx blanc 9 perles en onyx noir mat rondelles en acier inoxydable Bracelet adapt\u00e9 \u00e0 une taille de 17 cm , me contacter pour une autre mesure . Onyx :\u00a0 Dioxyde de silicium . Vari\u00e9t\u00e9 d\u2019Agate Stabilise et permet un ancrage a la [&hellip;]<\/p>\n","protected":false},"featured_media":736,"comment_status":"open","ping_status":"closed","template":"","meta":{"site-sidebar-layout":"default","site-content-layout":"","ast-site-content-layout":"default","site-content-style":"default","site-sidebar-style":"default","ast-global-header-display":"","ast-banner-title-visibility":"","ast-main-header-display":"","ast-hfb-above-header-display":"","ast-hfb-below-header-display":"","ast-hfb-mobile-header-display":"","site-post-title":"","ast-breadcrumbs-content":"","ast-featured-img":"","footer-sml-layout":"","ast-disable-related-posts":"","theme-transparent-header-meta":"default","adv-header-id-meta":"","stick-header-meta":"","header-above-stick-meta":"","header-main-stick-meta":"","header-below-stick-meta":"","astra-migrate-meta-layouts":"set","ast-page-background-enabled":"default","ast-page-background-meta":{"desktop":{"background-color":"var(--ast-global-color-4)","background-image":"","background-repeat":"repeat","background-position":"center center","background-size":"auto","background-attachment":"scroll","background-type":"","background-media":"","overlay-type":"","overlay-color":"","overlay-opacity":"","overlay-gradient":""},"tablet":{"background-color":"","background-image":"","background-repeat":"repeat","background-position":"center center","background-size":"auto","background-attachment":"scroll","background-type":"","background-media":"","overlay-type":"","overlay-color":"","overlay-opacity":"","overlay-gradient":""},"mobile":{"background-color":"","background-image":"","background-repeat":"repeat","background-position":"center center","background-size":"auto","background-attachment":"scroll","background-type":"","background-media":"","overlay-type":"","overlay-color":"","overlay-opacity":"","overlay-gradient":""}},"ast-content-background-meta":{"desktop":{"background-color":"var(--ast-global-color-5)","background-image":"","background-repeat":"repeat","background-position":"center center","background-size":"auto","background-attachment":"scroll","background-type":"","background-media":"","overlay-type":"","overlay-color":"","overlay-opacity":"","overlay-gradient":""},"tablet":{"background-color":"var(--ast-global-color-5)","background-image":"","background-repeat":"repeat","background-position":"center center","background-size":"auto","background-attachment":"scroll","background-type":"","background-media":"","overlay-type":"","overlay-color":"","overlay-opacity":"","overlay-gradient":""},"mobile":{"background-color":"var(--ast-global-color-5)","background-image":"","background-repeat":"repeat","background-position":"center center","background-size":"auto","background-attachment":"scroll","background-type":"","background-media":"","overlay-type":"","overlay-color":"","overlay-opacity":"","overlay-gradient":""}},"_glsr_average":0,"_glsr_ranking":0,"_glsr_reviews":0},"product_brand":[],"product_cat":[54,131,67,99,30,66,132,63],"product_tag":[],"class_list":{"0":"post-735","1":"product","2":"type-product","3":"status-publish","4":"has-post-thumbnail","6":"product_cat-8-mm","7":"product_cat-agate-grise","8":"product_cat-blanc","9":"product_cat-gris","10":"product_cat-mineraux","11":"product_cat-noir","12":"product_cat-onyx","13":"product_cat-stress-angoisses","14":"desktop-align-left","15":"tablet-align-left","16":"mobile-align-left","18":"first","19":"instock","20":"purchasable","21":"product-type-simple"},"yoast_head":"<!-- This site is optimized with the Yoast SEO plugin v27.5 - https:\/\/yoast.com\/product\/yoast-seo-wordpress\/ -->\n<title>Bracelet Onyx et Agate - Au fil des pierres<\/title>\n<meta name=\"robots\" content=\"index, follow, max-snippet:-1, max-image-preview:large, max-video-preview:-1\" \/>\n<link rel=\"canonical\" href=\"https:\/\/aufildespierres.com\/index.php\/product\/bracelet-onyx-et-agate\/\" \/>\n<meta property=\"og:locale\" content=\"fr_FR\" \/>\n<meta property=\"og:type\" content=\"article\" \/>\n<meta property=\"og:title\" content=\"Bracelet Onyx et Agate - Au fil des pierres\" \/>\n<meta property=\"og:description\" content=\"Bracelet compos\u00e9 de : 6 perles en Agate grise 6 perles en Onyx blanc 9 perles en onyx noir mat rondelles en acier inoxydable Bracelet adapt\u00e9 \u00e0 une taille de 17 cm , me contacter pour une autre mesure . Onyx :\u00a0 Dioxyde de silicium . Vari\u00e9t\u00e9 d\u2019Agate Stabilise et permet un ancrage a la [&hellip;]\" \/>\n<meta property=\"og:url\" content=\"https:\/\/aufildespierres.com\/index.php\/product\/bracelet-onyx-et-agate\/\" \/>\n<meta property=\"og:site_name\" content=\"Au fil des pierres\" \/>\n<meta property=\"article:modified_time\" content=\"2024-09-06T16:48:16+00:00\" \/>\n<meta property=\"og:image\" content=\"https:\/\/aufildespierres.com\/wp-content\/uploads\/2023\/09\/20230924_131749-scaled.jpg\" \/>\n\t<meta property=\"og:image:width\" content=\"1815\" \/>\n\t<meta property=\"og:image:height\" content=\"2560\" \/>\n\t<meta property=\"og:image:type\" content=\"image\/jpeg\" \/>\n<meta name=\"twitter:card\" content=\"summary_large_image\" \/>\n<meta name=\"twitter:label1\" content=\"Dur\u00e9e de lecture estim\u00e9e\" \/>\n\t<meta name=\"twitter:data1\" content=\"1 minute\" \/>\n<script type=\"application\/ld+json\" class=\"yoast-schema-graph\">{\"@context\":\"https:\\\/\\\/schema.org\",\"@graph\":[{\"@type\":\"WebPage\",\"@id\":\"https:\\\/\\\/aufildespierres.com\\\/index.php\\\/product\\\/bracelet-onyx-et-agate\\\/\",\"url\":\"https:\\\/\\\/aufildespierres.com\\\/index.php\\\/product\\\/bracelet-onyx-et-agate\\\/\",\"name\":\"Bracelet Onyx et Agate - Au fil des pierres\",\"isPartOf\":{\"@id\":\"https:\\\/\\\/aufildespierres.com\\\/#website\"},\"primaryImageOfPage\":{\"@id\":\"https:\\\/\\\/aufildespierres.com\\\/index.php\\\/product\\\/bracelet-onyx-et-agate\\\/#primaryimage\"},\"image\":{\"@id\":\"https:\\\/\\\/aufildespierres.com\\\/index.php\\\/product\\\/bracelet-onyx-et-agate\\\/#primaryimage\"},\"thumbnailUrl\":\"https:\\\/\\\/aufildespierres.com\\\/wp-content\\\/uploads\\\/2023\\\/09\\\/20230924_131749-scaled.jpg\",\"datePublished\":\"2023-09-24T14:28:51+00:00\",\"dateModified\":\"2024-09-06T16:48:16+00:00\",\"breadcrumb\":{\"@id\":\"https:\\\/\\\/aufildespierres.com\\\/index.php\\\/product\\\/bracelet-onyx-et-agate\\\/#breadcrumb\"},\"inLanguage\":\"fr-FR\",\"potentialAction\":[{\"@type\":\"ReadAction\",\"target\":[\"https:\\\/\\\/aufildespierres.com\\\/index.php\\\/product\\\/bracelet-onyx-et-agate\\\/\"]}]},{\"@type\":\"ImageObject\",\"inLanguage\":\"fr-FR\",\"@id\":\"https:\\\/\\\/aufildespierres.com\\\/index.php\\\/product\\\/bracelet-onyx-et-agate\\\/#primaryimage\",\"url\":\"https:\\\/\\\/aufildespierres.com\\\/wp-content\\\/uploads\\\/2023\\\/09\\\/20230924_131749-scaled.jpg\",\"contentUrl\":\"https:\\\/\\\/aufildespierres.com\\\/wp-content\\\/uploads\\\/2023\\\/09\\\/20230924_131749-scaled.jpg\",\"width\":1815,\"height\":2560},{\"@type\":\"BreadcrumbList\",\"@id\":\"https:\\\/\\\/aufildespierres.com\\\/index.php\\\/product\\\/bracelet-onyx-et-agate\\\/#breadcrumb\",\"itemListElement\":[{\"@type\":\"ListItem\",\"position\":1,\"name\":\"Accueil\",\"item\":\"https:\\\/\\\/aufildespierres.com\\\/\"},{\"@type\":\"ListItem\",\"position\":2,\"name\":\"Boutique de Lithoth\u00e9rapie\",\"item\":\"https:\\\/\\\/aufildespierres.com\\\/index.php\\\/boutique-de-lithotherapie\\\/\"},{\"@type\":\"ListItem\",\"position\":3,\"name\":\"Bracelet Onyx et Agate\"}]},{\"@type\":\"WebSite\",\"@id\":\"https:\\\/\\\/aufildespierres.com\\\/#website\",\"url\":\"https:\\\/\\\/aufildespierres.com\\\/\",\"name\":\"Au fil des pierres\",\"description\":\"Au fil des pierres\",\"publisher\":{\"@id\":\"https:\\\/\\\/aufildespierres.com\\\/#organization\"},\"potentialAction\":[{\"@type\":\"SearchAction\",\"target\":{\"@type\":\"EntryPoint\",\"urlTemplate\":\"https:\\\/\\\/aufildespierres.com\\\/?s={search_term_string}\"},\"query-input\":{\"@type\":\"PropertyValueSpecification\",\"valueRequired\":true,\"valueName\":\"search_term_string\"}}],\"inLanguage\":\"fr-FR\"},{\"@type\":\"Organization\",\"@id\":\"https:\\\/\\\/aufildespierres.com\\\/#organization\",\"name\":\"Au fil des pierres\",\"url\":\"https:\\\/\\\/aufildespierres.com\\\/\",\"logo\":{\"@type\":\"ImageObject\",\"inLanguage\":\"fr-FR\",\"@id\":\"https:\\\/\\\/aufildespierres.com\\\/#\\\/schema\\\/logo\\\/image\\\/\",\"url\":\"https:\\\/\\\/aufildespierres.com\\\/wp-content\\\/uploads\\\/2023\\\/05\\\/cropped-Logo-PNG-Transparent.png\",\"contentUrl\":\"https:\\\/\\\/aufildespierres.com\\\/wp-content\\\/uploads\\\/2023\\\/05\\\/cropped-Logo-PNG-Transparent.png\",\"width\":1776,\"height\":1625,\"caption\":\"Au fil des pierres\"},\"image\":{\"@id\":\"https:\\\/\\\/aufildespierres.com\\\/#\\\/schema\\\/logo\\\/image\\\/\"}}]}<\/script>\n<!-- \/ Yoast SEO plugin. -->","yoast_head_json":{"title":"Bracelet Onyx et Agate - Au fil des pierres","robots":{"index":"index","follow":"follow","max-snippet":"max-snippet:-1","max-image-preview":"max-image-preview:large","max-video-preview":"max-video-preview:-1"},"canonical":"https:\/\/aufildespierres.com\/index.php\/product\/bracelet-onyx-et-agate\/","og_locale":"fr_FR","og_type":"article","og_title":"Bracelet Onyx et Agate - Au fil des pierres","og_description":"Bracelet compos\u00e9 de : 6 perles en Agate grise 6 perles en Onyx blanc 9 perles en onyx noir mat rondelles en acier inoxydable Bracelet adapt\u00e9 \u00e0 une taille de 17 cm , me contacter pour une autre mesure . Onyx :\u00a0 Dioxyde de silicium . Vari\u00e9t\u00e9 d\u2019Agate Stabilise et permet un ancrage a la [&hellip;]","og_url":"https:\/\/aufildespierres.com\/index.php\/product\/bracelet-onyx-et-agate\/","og_site_name":"Au fil des pierres","article_modified_time":"2024-09-06T16:48:16+00:00","og_image":[{"width":1815,"height":2560,"url":"https:\/\/aufildespierres.com\/wp-content\/uploads\/2023\/09\/20230924_131749-scaled.jpg","type":"image\/jpeg"}],"twitter_card":"summary_large_image","twitter_misc":{"Dur\u00e9e de lecture estim\u00e9e":"1 minute"},"schema":{"@context":"https:\/\/schema.org","@graph":[{"@type":"WebPage","@id":"https:\/\/aufildespierres.com\/index.php\/product\/bracelet-onyx-et-agate\/","url":"https:\/\/aufildespierres.com\/index.php\/product\/bracelet-onyx-et-agate\/","name":"Bracelet Onyx et Agate - Au fil des pierres","isPartOf":{"@id":"https:\/\/aufildespierres.com\/#website"},"primaryImageOfPage":{"@id":"https:\/\/aufildespierres.com\/index.php\/product\/bracelet-onyx-et-agate\/#primaryimage"},"image":{"@id":"https:\/\/aufildespierres.com\/index.php\/product\/bracelet-onyx-et-agate\/#primaryimage"},"thumbnailUrl":"https:\/\/aufildespierres.com\/wp-content\/uploads\/2023\/09\/20230924_131749-scaled.jpg","datePublished":"2023-09-24T14:28:51+00:00","dateModified":"2024-09-06T16:48:16+00:00","breadcrumb":{"@id":"https:\/\/aufildespierres.com\/index.php\/product\/bracelet-onyx-et-agate\/#breadcrumb"},"inLanguage":"fr-FR","potentialAction":[{"@type":"ReadAction","target":["https:\/\/aufildespierres.com\/index.php\/product\/bracelet-onyx-et-agate\/"]}]},{"@type":"ImageObject","inLanguage":"fr-FR","@id":"https:\/\/aufildespierres.com\/index.php\/product\/bracelet-onyx-et-agate\/#primaryimage","url":"https:\/\/aufildespierres.com\/wp-content\/uploads\/2023\/09\/20230924_131749-scaled.jpg","contentUrl":"https:\/\/aufildespierres.com\/wp-content\/uploads\/2023\/09\/20230924_131749-scaled.jpg","width":1815,"height":2560},{"@type":"BreadcrumbList","@id":"https:\/\/aufildespierres.com\/index.php\/product\/bracelet-onyx-et-agate\/#breadcrumb","itemListElement":[{"@type":"ListItem","position":1,"name":"Accueil","item":"https:\/\/aufildespierres.com\/"},{"@type":"ListItem","position":2,"name":"Boutique de Lithoth\u00e9rapie","item":"https:\/\/aufildespierres.com\/index.php\/boutique-de-lithotherapie\/"},{"@type":"ListItem","position":3,"name":"Bracelet Onyx et Agate"}]},{"@type":"WebSite","@id":"https:\/\/aufildespierres.com\/#website","url":"https:\/\/aufildespierres.com\/","name":"Au fil des pierres","description":"Au fil des pierres","publisher":{"@id":"https:\/\/aufildespierres.com\/#organization"},"potentialAction":[{"@type":"SearchAction","target":{"@type":"EntryPoint","urlTemplate":"https:\/\/aufildespierres.com\/?s={search_term_string}"},"query-input":{"@type":"PropertyValueSpecification","valueRequired":true,"valueName":"search_term_string"}}],"inLanguage":"fr-FR"},{"@type":"Organization","@id":"https:\/\/aufildespierres.com\/#organization","name":"Au fil des pierres","url":"https:\/\/aufildespierres.com\/","logo":{"@type":"ImageObject","inLanguage":"fr-FR","@id":"https:\/\/aufildespierres.com\/#\/schema\/logo\/image\/","url":"https:\/\/aufildespierres.com\/wp-content\/uploads\/2023\/05\/cropped-Logo-PNG-Transparent.png","contentUrl":"https:\/\/aufildespierres.com\/wp-content\/uploads\/2023\/05\/cropped-Logo-PNG-Transparent.png","width":1776,"height":1625,"caption":"Au fil des pierres"},"image":{"@id":"https:\/\/aufildespierres.com\/#\/schema\/logo\/image\/"}}]}},"_links":{"self":[{"href":"https:\/\/aufildespierres.com\/index.php\/wp-json\/wp\/v2\/product\/735","targetHints":{"allow":["GET"]}}],"collection":[{"href":"https:\/\/aufildespierres.com\/index.php\/wp-json\/wp\/v2\/product"}],"about":[{"href":"https:\/\/aufildespierres.com\/index.php\/wp-json\/wp\/v2\/types\/product"}],"replies":[{"embeddable":true,"href":"https:\/\/aufildespierres.com\/index.php\/wp-json\/wp\/v2\/comments?post=735"}],"wp:featuredmedia":[{"embeddable":true,"href":"https:\/\/aufildespierres.com\/index.php\/wp-json\/wp\/v2\/media\/736"}],"wp:attachment":[{"href":"https:\/\/aufildespierres.com\/index.php\/wp-json\/wp\/v2\/media?parent=735"}],"wp:term":[{"taxonomy":"product_brand","embeddable":true,"href":"https:\/\/aufildespierres.com\/index.php\/wp-json\/wp\/v2\/product_brand?post=735"},{"taxonomy":"product_cat","embeddable":true,"href":"https:\/\/aufildespierres.com\/index.php\/wp-json\/wp\/v2\/product_cat?post=735"},{"taxonomy":"product_tag","embeddable":true,"href":"https:\/\/aufildespierres.com\/index.php\/wp-json\/wp\/v2\/product_tag?post=735"}],"curies":[{"name":"wp","href":"https:\/\/api.w.org\/{rel}","templated":true}]}}