{"id":789,"date":"2023-10-03T18:05:03","date_gmt":"2023-10-03T16:05:03","guid":{"rendered":"https:\/\/aufildespierres.com\/?post_type=product&#038;p=789"},"modified":"2025-09-14T17:31:54","modified_gmt":"2025-09-14T15:31:54","slug":"bracelet-en-jaspe-k2","status":"publish","type":"product","link":"https:\/\/aufildespierres.com\/index.php\/product\/bracelet-en-jaspe-k2\/","title":{"rendered":"Bracelet en Jaspe K2"},"content":{"rendered":"<p>Bracelet compos\u00e9 de 9 pierres de<strong> Jaspe K2<\/strong> en 8mm adapt\u00e9 a un poignet de 17 a 18 cm<\/p>\n<p>9 pierres en 10 mm<\/p>\n<p>entretoises acier<\/p>\n<p>JASPE HIMALAYA , KETONITE, OU JASPE K2<\/p>\n<p>Pierre\u00a0 qui ne se trouve qu&rsquo;en Himalaya sur la montagne du k2 .<\/p>\n<p>Au vu des conditions d&rsquo;altitude et de m\u00e9t\u00e9o elle est difficile \u00e0 extraire ce qui explique sa raret\u00e9 .<\/p>\n<p>Associ\u00e9 au chakra gorge et 3 \u00e8me \u0153il<\/p>\n<p>Ce n&rsquo;est pas un jaspe mais une pierre constitu\u00e9e de granit blanc avec des inclusions d&rsquo;azurite bleue .<\/p>\n<p><em>Propri\u00e9t\u00e9s psychiques :<\/em><\/p>\n<ul>\n<li>Pierre de protection qui ouvre \u00e0 la spiritualit\u00e9<\/li>\n<li>Absorbe les ondes et \u00e9nergies n\u00e9gatives<\/li>\n<li>Recentre les \u00e9nergies, prot\u00e8ge de ses propres faiblesses<\/li>\n<li>Favorise confiance en soi,\u00a0 exploitation de son potentiel,\u00a0 communication<\/li>\n<li>Aide \u00e0 d\u00e9passer ses peurs et angoisses<\/li>\n<li>Soutient les troubles du langage<\/li>\n<li>Apporte paix et harmonie, celle de la montagne<\/li>\n<li>Permet de se sentir bien dans son corps et dans sa t\u00eate<\/li>\n<li>Aide \u00e0 exprimer ce que l&rsquo;on a sur le c\u0153ur<\/li>\n<li>Favorise intuition, perspicacit\u00e9, s\u00e9r\u00e9nit\u00e9<\/li>\n<\/ul>\n<p><em>Propri\u00e9t\u00e9s physiques :<\/em><\/p>\n<ul>\n<li>Aide \u00e0 soigner les affections de la gorge,\u00a0 maux de t\u00eate<\/li>\n<li>Favorise la croissance osseuse<\/li>\n<li>Aide \u00e0 r\u00e9parer entorses et fractures<\/li>\n<li>Equilibre le yin et yang<\/li>\n<li>Aide \u00e0 prendre de la hauteur tout en gardant ses racines<\/li>\n<li>Bonne pierre de m\u00e9ditation.<\/li>\n<\/ul>\n","protected":false},"excerpt":{"rendered":"<p>Bracelet compos\u00e9 de 9 pierres de Jaspe K2 en 8mm adapt\u00e9 a un poignet de 17 a 18 cm 9 pierres en 10 mm entretoises acier JASPE HIMALAYA , KETONITE, OU JASPE K2 Pierre\u00a0 qui ne se trouve qu&rsquo;en Himalaya sur la montagne du k2 . Au vu des conditions d&rsquo;altitude et de m\u00e9t\u00e9o elle [&hellip;]<\/p>\n","protected":false},"featured_media":790,"comment_status":"open","ping_status":"closed","template":"","meta":{"site-sidebar-layout":"default","site-content-layout":"","ast-site-content-layout":"default","site-content-style":"default","site-sidebar-style":"default","ast-global-header-display":"","ast-banner-title-visibility":"","ast-main-header-display":"","ast-hfb-above-header-display":"","ast-hfb-below-header-display":"","ast-hfb-mobile-header-display":"","site-post-title":"","ast-breadcrumbs-content":"","ast-featured-img":"","footer-sml-layout":"","ast-disable-related-posts":"","theme-transparent-header-meta":"default","adv-header-id-meta":"","stick-header-meta":"","header-above-stick-meta":"","header-main-stick-meta":"","header-below-stick-meta":"","astra-migrate-meta-layouts":"set","ast-page-background-enabled":"default","ast-page-background-meta":{"desktop":{"background-color":"var(--ast-global-color-4)","background-image":"","background-repeat":"repeat","background-position":"center center","background-size":"auto","background-attachment":"scroll","background-type":"","background-media":"","overlay-type":"","overlay-color":"","overlay-opacity":"","overlay-gradient":""},"tablet":{"background-color":"","background-image":"","background-repeat":"repeat","background-position":"center center","background-size":"auto","background-attachment":"scroll","background-type":"","background-media":"","overlay-type":"","overlay-color":"","overlay-opacity":"","overlay-gradient":""},"mobile":{"background-color":"","background-image":"","background-repeat":"repeat","background-position":"center center","background-size":"auto","background-attachment":"scroll","background-type":"","background-media":"","overlay-type":"","overlay-color":"","overlay-opacity":"","overlay-gradient":""}},"ast-content-background-meta":{"desktop":{"background-color":"var(--ast-global-color-5)","background-image":"","background-repeat":"repeat","background-position":"center center","background-size":"auto","background-attachment":"scroll","background-type":"","background-media":"","overlay-type":"","overlay-color":"","overlay-opacity":"","overlay-gradient":""},"tablet":{"background-color":"var(--ast-global-color-5)","background-image":"","background-repeat":"repeat","background-position":"center center","background-size":"auto","background-attachment":"scroll","background-type":"","background-media":"","overlay-type":"","overlay-color":"","overlay-opacity":"","overlay-gradient":""},"mobile":{"background-color":"var(--ast-global-color-5)","background-image":"","background-repeat":"repeat","background-position":"center center","background-size":"auto","background-attachment":"scroll","background-type":"","background-media":"","overlay-type":"","overlay-color":"","overlay-opacity":"","overlay-gradient":""}},"_glsr_average":0,"_glsr_ranking":0,"_glsr_reviews":0},"product_brand":[],"product_cat":[55,54,72,56,59,71,81,137,63],"product_tag":[],"class_list":{"0":"post-789","1":"product","2":"type-product","3":"status-publish","4":"has-post-thumbnail","6":"product_cat-10-mm","7":"product_cat-8-mm","8":"product_cat-bleu","9":"product_cat-bracelets-de-lithotherapie","10":"product_cat-bracelets-de-lithotherapie-hommes","11":"product_cat-communication","12":"product_cat-connexion-spirituelle","13":"product_cat-jaspe-k2","14":"product_cat-stress-angoisses","15":"desktop-align-left","16":"tablet-align-left","17":"mobile-align-left","19":"first","20":"instock","21":"purchasable","22":"product-type-simple"},"yoast_head":"<!-- This site is optimized with the Yoast SEO plugin v27.5 - https:\/\/yoast.com\/product\/yoast-seo-wordpress\/ -->\n<title>Bracelet en Jaspe K2 - Au fil des pierres<\/title>\n<meta name=\"description\" content=\"Bracelet en Jaspe K2, une pierre rare alliant la force du granit et l\u2019\u00e9nergie de l\u2019azurite. Symbole d\u2019\u00e9quilibre et de sagesse, il favorise la connexion spirituelle et l\u2019ancrage au quotidien.&quot;\" \/>\n<meta name=\"robots\" content=\"index, follow, max-snippet:-1, max-image-preview:large, max-video-preview:-1\" \/>\n<link rel=\"canonical\" href=\"https:\/\/aufildespierres.com\/index.php\/product\/bracelet-en-jaspe-k2\/\" \/>\n<meta property=\"og:locale\" content=\"fr_FR\" \/>\n<meta property=\"og:type\" content=\"article\" \/>\n<meta property=\"og:title\" content=\"Bracelet en Jaspe K2 - Au fil des pierres\" \/>\n<meta property=\"og:description\" content=\"Bracelet en Jaspe K2, une pierre rare alliant la force du granit et l\u2019\u00e9nergie de l\u2019azurite. Symbole d\u2019\u00e9quilibre et de sagesse, il favorise la connexion spirituelle et l\u2019ancrage au quotidien.&quot;\" \/>\n<meta property=\"og:url\" content=\"https:\/\/aufildespierres.com\/index.php\/product\/bracelet-en-jaspe-k2\/\" \/>\n<meta property=\"og:site_name\" content=\"Au fil des pierres\" \/>\n<meta property=\"article:modified_time\" content=\"2025-09-14T15:31:54+00:00\" \/>\n<meta property=\"og:image\" content=\"https:\/\/aufildespierres.com\/wp-content\/uploads\/2023\/10\/20231001_145009-scaled.jpg\" \/>\n\t<meta property=\"og:image:width\" content=\"1748\" \/>\n\t<meta property=\"og:image:height\" content=\"2560\" \/>\n\t<meta property=\"og:image:type\" content=\"image\/jpeg\" \/>\n<meta name=\"twitter:card\" content=\"summary_large_image\" \/>\n<meta name=\"twitter:label1\" content=\"Dur\u00e9e de lecture estim\u00e9e\" \/>\n\t<meta name=\"twitter:data1\" content=\"2 minutes\" \/>\n<script type=\"application\/ld+json\" class=\"yoast-schema-graph\">{\"@context\":\"https:\\\/\\\/schema.org\",\"@graph\":[{\"@type\":\"WebPage\",\"@id\":\"https:\\\/\\\/aufildespierres.com\\\/index.php\\\/product\\\/bracelet-en-jaspe-k2\\\/\",\"url\":\"https:\\\/\\\/aufildespierres.com\\\/index.php\\\/product\\\/bracelet-en-jaspe-k2\\\/\",\"name\":\"Bracelet en Jaspe K2 - Au fil des pierres\",\"isPartOf\":{\"@id\":\"https:\\\/\\\/aufildespierres.com\\\/#website\"},\"primaryImageOfPage\":{\"@id\":\"https:\\\/\\\/aufildespierres.com\\\/index.php\\\/product\\\/bracelet-en-jaspe-k2\\\/#primaryimage\"},\"image\":{\"@id\":\"https:\\\/\\\/aufildespierres.com\\\/index.php\\\/product\\\/bracelet-en-jaspe-k2\\\/#primaryimage\"},\"thumbnailUrl\":\"https:\\\/\\\/aufildespierres.com\\\/wp-content\\\/uploads\\\/2023\\\/10\\\/20231001_145009-scaled.jpg\",\"datePublished\":\"2023-10-03T16:05:03+00:00\",\"dateModified\":\"2025-09-14T15:31:54+00:00\",\"description\":\"Bracelet en Jaspe K2, une pierre rare alliant la force du granit et l\u2019\u00e9nergie de l\u2019azurite. Symbole d\u2019\u00e9quilibre et de sagesse, il favorise la connexion spirituelle et l\u2019ancrage au quotidien.\\\"\",\"breadcrumb\":{\"@id\":\"https:\\\/\\\/aufildespierres.com\\\/index.php\\\/product\\\/bracelet-en-jaspe-k2\\\/#breadcrumb\"},\"inLanguage\":\"fr-FR\",\"potentialAction\":[{\"@type\":\"ReadAction\",\"target\":[\"https:\\\/\\\/aufildespierres.com\\\/index.php\\\/product\\\/bracelet-en-jaspe-k2\\\/\"]}]},{\"@type\":\"ImageObject\",\"inLanguage\":\"fr-FR\",\"@id\":\"https:\\\/\\\/aufildespierres.com\\\/index.php\\\/product\\\/bracelet-en-jaspe-k2\\\/#primaryimage\",\"url\":\"https:\\\/\\\/aufildespierres.com\\\/wp-content\\\/uploads\\\/2023\\\/10\\\/20231001_145009-scaled.jpg\",\"contentUrl\":\"https:\\\/\\\/aufildespierres.com\\\/wp-content\\\/uploads\\\/2023\\\/10\\\/20231001_145009-scaled.jpg\",\"width\":1748,\"height\":2560},{\"@type\":\"BreadcrumbList\",\"@id\":\"https:\\\/\\\/aufildespierres.com\\\/index.php\\\/product\\\/bracelet-en-jaspe-k2\\\/#breadcrumb\",\"itemListElement\":[{\"@type\":\"ListItem\",\"position\":1,\"name\":\"Accueil\",\"item\":\"https:\\\/\\\/aufildespierres.com\\\/\"},{\"@type\":\"ListItem\",\"position\":2,\"name\":\"Boutique de Lithoth\u00e9rapie\",\"item\":\"https:\\\/\\\/aufildespierres.com\\\/index.php\\\/boutique-de-lithotherapie\\\/\"},{\"@type\":\"ListItem\",\"position\":3,\"name\":\"Bracelet en Jaspe K2\"}]},{\"@type\":\"WebSite\",\"@id\":\"https:\\\/\\\/aufildespierres.com\\\/#website\",\"url\":\"https:\\\/\\\/aufildespierres.com\\\/\",\"name\":\"Au fil des pierres\",\"description\":\"Au fil des pierres\",\"publisher\":{\"@id\":\"https:\\\/\\\/aufildespierres.com\\\/#organization\"},\"potentialAction\":[{\"@type\":\"SearchAction\",\"target\":{\"@type\":\"EntryPoint\",\"urlTemplate\":\"https:\\\/\\\/aufildespierres.com\\\/?s={search_term_string}\"},\"query-input\":{\"@type\":\"PropertyValueSpecification\",\"valueRequired\":true,\"valueName\":\"search_term_string\"}}],\"inLanguage\":\"fr-FR\"},{\"@type\":\"Organization\",\"@id\":\"https:\\\/\\\/aufildespierres.com\\\/#organization\",\"name\":\"Au fil des pierres\",\"url\":\"https:\\\/\\\/aufildespierres.com\\\/\",\"logo\":{\"@type\":\"ImageObject\",\"inLanguage\":\"fr-FR\",\"@id\":\"https:\\\/\\\/aufildespierres.com\\\/#\\\/schema\\\/logo\\\/image\\\/\",\"url\":\"https:\\\/\\\/aufildespierres.com\\\/wp-content\\\/uploads\\\/2023\\\/05\\\/cropped-Logo-PNG-Transparent.png\",\"contentUrl\":\"https:\\\/\\\/aufildespierres.com\\\/wp-content\\\/uploads\\\/2023\\\/05\\\/cropped-Logo-PNG-Transparent.png\",\"width\":1776,\"height\":1625,\"caption\":\"Au fil des pierres\"},\"image\":{\"@id\":\"https:\\\/\\\/aufildespierres.com\\\/#\\\/schema\\\/logo\\\/image\\\/\"}}]}<\/script>\n<!-- \/ Yoast SEO plugin. -->","yoast_head_json":{"title":"Bracelet en Jaspe K2 - Au fil des pierres","description":"Bracelet en Jaspe K2, une pierre rare alliant la force du granit et l\u2019\u00e9nergie de l\u2019azurite. Symbole d\u2019\u00e9quilibre et de sagesse, il favorise la connexion spirituelle et l\u2019ancrage au quotidien.\"","robots":{"index":"index","follow":"follow","max-snippet":"max-snippet:-1","max-image-preview":"max-image-preview:large","max-video-preview":"max-video-preview:-1"},"canonical":"https:\/\/aufildespierres.com\/index.php\/product\/bracelet-en-jaspe-k2\/","og_locale":"fr_FR","og_type":"article","og_title":"Bracelet en Jaspe K2 - Au fil des pierres","og_description":"Bracelet en Jaspe K2, une pierre rare alliant la force du granit et l\u2019\u00e9nergie de l\u2019azurite. Symbole d\u2019\u00e9quilibre et de sagesse, il favorise la connexion spirituelle et l\u2019ancrage au quotidien.\"","og_url":"https:\/\/aufildespierres.com\/index.php\/product\/bracelet-en-jaspe-k2\/","og_site_name":"Au fil des pierres","article_modified_time":"2025-09-14T15:31:54+00:00","og_image":[{"width":1748,"height":2560,"url":"https:\/\/aufildespierres.com\/wp-content\/uploads\/2023\/10\/20231001_145009-scaled.jpg","type":"image\/jpeg"}],"twitter_card":"summary_large_image","twitter_misc":{"Dur\u00e9e de lecture estim\u00e9e":"2 minutes"},"schema":{"@context":"https:\/\/schema.org","@graph":[{"@type":"WebPage","@id":"https:\/\/aufildespierres.com\/index.php\/product\/bracelet-en-jaspe-k2\/","url":"https:\/\/aufildespierres.com\/index.php\/product\/bracelet-en-jaspe-k2\/","name":"Bracelet en Jaspe K2 - Au fil des pierres","isPartOf":{"@id":"https:\/\/aufildespierres.com\/#website"},"primaryImageOfPage":{"@id":"https:\/\/aufildespierres.com\/index.php\/product\/bracelet-en-jaspe-k2\/#primaryimage"},"image":{"@id":"https:\/\/aufildespierres.com\/index.php\/product\/bracelet-en-jaspe-k2\/#primaryimage"},"thumbnailUrl":"https:\/\/aufildespierres.com\/wp-content\/uploads\/2023\/10\/20231001_145009-scaled.jpg","datePublished":"2023-10-03T16:05:03+00:00","dateModified":"2025-09-14T15:31:54+00:00","description":"Bracelet en Jaspe K2, une pierre rare alliant la force du granit et l\u2019\u00e9nergie de l\u2019azurite. Symbole d\u2019\u00e9quilibre et de sagesse, il favorise la connexion spirituelle et l\u2019ancrage au quotidien.\"","breadcrumb":{"@id":"https:\/\/aufildespierres.com\/index.php\/product\/bracelet-en-jaspe-k2\/#breadcrumb"},"inLanguage":"fr-FR","potentialAction":[{"@type":"ReadAction","target":["https:\/\/aufildespierres.com\/index.php\/product\/bracelet-en-jaspe-k2\/"]}]},{"@type":"ImageObject","inLanguage":"fr-FR","@id":"https:\/\/aufildespierres.com\/index.php\/product\/bracelet-en-jaspe-k2\/#primaryimage","url":"https:\/\/aufildespierres.com\/wp-content\/uploads\/2023\/10\/20231001_145009-scaled.jpg","contentUrl":"https:\/\/aufildespierres.com\/wp-content\/uploads\/2023\/10\/20231001_145009-scaled.jpg","width":1748,"height":2560},{"@type":"BreadcrumbList","@id":"https:\/\/aufildespierres.com\/index.php\/product\/bracelet-en-jaspe-k2\/#breadcrumb","itemListElement":[{"@type":"ListItem","position":1,"name":"Accueil","item":"https:\/\/aufildespierres.com\/"},{"@type":"ListItem","position":2,"name":"Boutique de Lithoth\u00e9rapie","item":"https:\/\/aufildespierres.com\/index.php\/boutique-de-lithotherapie\/"},{"@type":"ListItem","position":3,"name":"Bracelet en Jaspe K2"}]},{"@type":"WebSite","@id":"https:\/\/aufildespierres.com\/#website","url":"https:\/\/aufildespierres.com\/","name":"Au fil des pierres","description":"Au fil des pierres","publisher":{"@id":"https:\/\/aufildespierres.com\/#organization"},"potentialAction":[{"@type":"SearchAction","target":{"@type":"EntryPoint","urlTemplate":"https:\/\/aufildespierres.com\/?s={search_term_string}"},"query-input":{"@type":"PropertyValueSpecification","valueRequired":true,"valueName":"search_term_string"}}],"inLanguage":"fr-FR"},{"@type":"Organization","@id":"https:\/\/aufildespierres.com\/#organization","name":"Au fil des pierres","url":"https:\/\/aufildespierres.com\/","logo":{"@type":"ImageObject","inLanguage":"fr-FR","@id":"https:\/\/aufildespierres.com\/#\/schema\/logo\/image\/","url":"https:\/\/aufildespierres.com\/wp-content\/uploads\/2023\/05\/cropped-Logo-PNG-Transparent.png","contentUrl":"https:\/\/aufildespierres.com\/wp-content\/uploads\/2023\/05\/cropped-Logo-PNG-Transparent.png","width":1776,"height":1625,"caption":"Au fil des pierres"},"image":{"@id":"https:\/\/aufildespierres.com\/#\/schema\/logo\/image\/"}}]}},"_links":{"self":[{"href":"https:\/\/aufildespierres.com\/index.php\/wp-json\/wp\/v2\/product\/789","targetHints":{"allow":["GET"]}}],"collection":[{"href":"https:\/\/aufildespierres.com\/index.php\/wp-json\/wp\/v2\/product"}],"about":[{"href":"https:\/\/aufildespierres.com\/index.php\/wp-json\/wp\/v2\/types\/product"}],"replies":[{"embeddable":true,"href":"https:\/\/aufildespierres.com\/index.php\/wp-json\/wp\/v2\/comments?post=789"}],"wp:featuredmedia":[{"embeddable":true,"href":"https:\/\/aufildespierres.com\/index.php\/wp-json\/wp\/v2\/media\/790"}],"wp:attachment":[{"href":"https:\/\/aufildespierres.com\/index.php\/wp-json\/wp\/v2\/media?parent=789"}],"wp:term":[{"taxonomy":"product_brand","embeddable":true,"href":"https:\/\/aufildespierres.com\/index.php\/wp-json\/wp\/v2\/product_brand?post=789"},{"taxonomy":"product_cat","embeddable":true,"href":"https:\/\/aufildespierres.com\/index.php\/wp-json\/wp\/v2\/product_cat?post=789"},{"taxonomy":"product_tag","embeddable":true,"href":"https:\/\/aufildespierres.com\/index.php\/wp-json\/wp\/v2\/product_tag?post=789"}],"curies":[{"name":"wp","href":"https:\/\/api.w.org\/{rel}","templated":true}]}}