{"id":822,"date":"2023-10-11T14:59:35","date_gmt":"2023-10-11T12:59:35","guid":{"rendered":"https:\/\/aufildespierres.com\/?post_type=product&#038;p=822"},"modified":"2024-09-06T18:48:15","modified_gmt":"2024-09-06T16:48:15","slug":"pendentif-labradorite","status":"publish","type":"product","link":"https:\/\/aufildespierres.com\/index.php\/product\/pendentif-labradorite\/","title":{"rendered":"Pendentif Labradorite"},"content":{"rendered":"<p><strong>Pendentif en Labradorite\u00a0<\/strong><\/p>\n<p>iridescence\u00a0 : reflet jaune cuivr\u00e9 orang\u00e9 et bleu<\/p>\n<p>35 x 20 mm<\/p>\n<p>&nbsp;<\/p>\n<p><em>Pierre d\u2019intuition, de clairvoyance et de protection <\/em><\/p>\n<p><strong><em>Syst\u00e8me cristallin triclinique \u00a0\u00a0groupe feldspaths\u00a0 chakra\u00a0 3 \u00e9me \u0153il et c\u0153ur <\/em><\/strong><\/p>\n<p><strong><em>Duret\u00e9 6 \u00e0 6,5 <\/em><\/strong><\/p>\n<p><strong><em>Couleurs \/ variantes\u00a0: gris plus ou moins fonc\u00e9 avec des irisations bleu ,vert jaune,orang\u00e9 , violet . Il existe de la labradorite blanche appel\u00e9e P\u00e9rist\u00e9rite et de la Larvikite ( gris sombre ) .<\/em><\/strong><\/p>\n<p><strong><em>Gisement\u00a0: Australie Canada Madagascar Mexique Russie USA .<\/em><\/strong><\/p>\n<p><strong><em>Propri\u00e9t\u00e9s psychiques\u00a0: <\/em><\/strong><\/p>\n<ul>\n<li>Prot\u00e8ge des interactions n\u00e9gatives et du mal \u00eatre d&rsquo;autrui en les absorbant<\/li>\n<li>Favorise les liens amicaux et le don de plaire, un rapport aux autres harmonieux , lutte contre la solitude<\/li>\n<li>Diminue les ruminations mentales ( fixe sur l\u2019essentiel ) et s\u00e9curise\u00a0: \u00e0 poser sur le 3 eme \u0153il\u00a0 si le mental est satur\u00e9 d\u00e9bord\u00e9<\/li>\n<li>Agit contre le stress, l&rsquo;anxi\u00e9t\u00e9, les id\u00e9es sombres, angoisses<\/li>\n<li>Favorise calme int\u00e9rieur, contr\u00f4le des \u00e9motions et \u00e9coute de soi et de ses besoins<\/li>\n<li>Aide \u00e0 l\u00e2cher prise, rend l\u2019esprit plus clair et plus positif<\/li>\n<li>Favorise l\u2019intuition, la voyance , aura et magn\u00e9tisme .<\/li>\n<\/ul>\n<p>Propri\u00e9t\u00e9s physiques\u00a0:<\/p>\n<ul>\n<li>Aide \u00e0 diminuer fatigue et \u00e9puisement physique ou intellectuel<\/li>\n<li>Renforce le syst\u00e8me immunitaire<\/li>\n<li>Stimule la circulation sanguine et art\u00e9rielle<\/li>\n<li>Facilite la digestion, r\u00e9gule les troubles hormonaux<\/li>\n<li>R\u00e9duit migraines et troubles oculaires<\/li>\n<li>Soutient les baisses de moral, fatigue<\/li>\n<li>Prot\u00e8ge des infections surtout en hiver<\/li>\n<\/ul>\n<p>Conseill\u00e9e aux th\u00e9rapeutes, professions ayant un contact social m\u00e9dical ou situation difficile pour les prot\u00e9ger du mal \u00eatre d\u2019autrui\u00a0; \u00a0et aux solitaires qui ont besoin d\u2019\u00eatre s\u00e9curis\u00e9s ou qui ont du mal \u00e0 sortir de leur zone de confort .<\/p>\n<p>Adapt\u00e9 aussi aux hypersensibles .<\/p>\n<p>Purification\u00a0: eau distill\u00e9e sal\u00e9e<\/p>\n<p>Recharge\u00a0: sur druse de quartz au soleil du matin \u00a01 \u00e0 2 heures<\/p>\n<p>Signes Astrologiques\u00a0: Sagittaire\u00a0 Cancer Poissons G\u00e9meaux<\/p>\n<p>Ne pas porter avec malachite \u00e9meraude p\u00e9ridot shungite.<\/p>\n<p>&nbsp;<\/p>\n<p><img loading=\"lazy\" decoding=\"async\" class=\"alignnone size-medium wp-image-824\" src=\"https:\/\/aufildespierres.com\/wp-content\/uploads\/2023\/10\/20231011_093503-183x300.jpg\" alt=\"\" width=\"183\" height=\"300\" srcset=\"https:\/\/aufildespierres.com\/wp-content\/uploads\/2023\/10\/20231011_093503-183x300.jpg 183w, https:\/\/aufildespierres.com\/wp-content\/uploads\/2023\/10\/20231011_093503-626x1024.jpg 626w, https:\/\/aufildespierres.com\/wp-content\/uploads\/2023\/10\/20231011_093503-768x1256.jpg 768w, https:\/\/aufildespierres.com\/wp-content\/uploads\/2023\/10\/20231011_093503-939x1536.jpg 939w, https:\/\/aufildespierres.com\/wp-content\/uploads\/2023\/10\/20231011_093503-1252x2048.jpg 1252w, https:\/\/aufildespierres.com\/wp-content\/uploads\/2023\/10\/20231011_093503-1000x1636.jpg 1000w, https:\/\/aufildespierres.com\/wp-content\/uploads\/2023\/10\/20231011_093503-scaled.jpg 1565w\" sizes=\"auto, (max-width: 183px) 100vw, 183px\" \/>\u00a0 <img loading=\"lazy\" decoding=\"async\" class=\"alignnone size-medium wp-image-825\" src=\"https:\/\/aufildespierres.com\/wp-content\/uploads\/2023\/10\/20231011_093520-197x300.jpg\" alt=\"\" width=\"197\" height=\"300\" srcset=\"https:\/\/aufildespierres.com\/wp-content\/uploads\/2023\/10\/20231011_093520-197x300.jpg 197w, https:\/\/aufildespierres.com\/wp-content\/uploads\/2023\/10\/20231011_093520-673x1024.jpg 673w, https:\/\/aufildespierres.com\/wp-content\/uploads\/2023\/10\/20231011_093520-768x1169.jpg 768w, https:\/\/aufildespierres.com\/wp-content\/uploads\/2023\/10\/20231011_093520-1009x1536.jpg 1009w, https:\/\/aufildespierres.com\/wp-content\/uploads\/2023\/10\/20231011_093520-1345x2048.jpg 1345w, https:\/\/aufildespierres.com\/wp-content\/uploads\/2023\/10\/20231011_093520-1000x1523.jpg 1000w, https:\/\/aufildespierres.com\/wp-content\/uploads\/2023\/10\/20231011_093520-scaled.jpg 1681w\" sizes=\"auto, (max-width: 197px) 100vw, 197px\" \/><\/p>\n<p>recto\u00a0 \u00a0 \u00a0 \u00a0 \u00a0 \u00a0 \u00a0 \u00a0 \u00a0 \u00a0 \u00a0 \u00a0 \u00a0 \u00a0 \u00a0 \u00a0 \u00a0 \u00a0 \u00a0 \u00a0 \u00a0 \u00a0 \u00a0 \u00a0 \u00a0 \u00a0 \u00a0verso<\/p>\n<p>&nbsp;<\/p>\n<p>&nbsp;<\/p>\n","protected":false},"excerpt":{"rendered":"<p>Pendentif en Labradorite\u00a0 iridescence\u00a0 : reflet jaune cuivr\u00e9 orang\u00e9 et bleu 35 x 20 mm &nbsp; Pierre d\u2019intuition, de clairvoyance et de protection Syst\u00e8me cristallin triclinique \u00a0\u00a0groupe feldspaths\u00a0 chakra\u00a0 3 \u00e9me \u0153il et c\u0153ur Duret\u00e9 6 \u00e0 6,5 Couleurs \/ variantes\u00a0: gris plus ou moins fonc\u00e9 avec des irisations bleu ,vert jaune,orang\u00e9 , violet . [&hellip;]<\/p>\n","protected":false},"featured_media":823,"comment_status":"open","ping_status":"closed","template":"","meta":{"site-sidebar-layout":"default","site-content-layout":"","ast-site-content-layout":"default","site-content-style":"default","site-sidebar-style":"default","ast-global-header-display":"","ast-banner-title-visibility":"","ast-main-header-display":"","ast-hfb-above-header-display":"","ast-hfb-below-header-display":"","ast-hfb-mobile-header-display":"","site-post-title":"","ast-breadcrumbs-content":"","ast-featured-img":"","footer-sml-layout":"","ast-disable-related-posts":"","theme-transparent-header-meta":"default","adv-header-id-meta":"","stick-header-meta":"","header-above-stick-meta":"","header-main-stick-meta":"","header-below-stick-meta":"","astra-migrate-meta-layouts":"set","ast-page-background-enabled":"default","ast-page-background-meta":{"desktop":{"background-color":"var(--ast-global-color-4)","background-image":"","background-repeat":"repeat","background-position":"center center","background-size":"auto","background-attachment":"scroll","background-type":"","background-media":"","overlay-type":"","overlay-color":"","overlay-opacity":"","overlay-gradient":""},"tablet":{"background-color":"","background-image":"","background-repeat":"repeat","background-position":"center center","background-size":"auto","background-attachment":"scroll","background-type":"","background-media":"","overlay-type":"","overlay-color":"","overlay-opacity":"","overlay-gradient":""},"mobile":{"background-color":"","background-image":"","background-repeat":"repeat","background-position":"center center","background-size":"auto","background-attachment":"scroll","background-type":"","background-media":"","overlay-type":"","overlay-color":"","overlay-opacity":"","overlay-gradient":""}},"ast-content-background-meta":{"desktop":{"background-color":"var(--ast-global-color-5)","background-image":"","background-repeat":"repeat","background-position":"center center","background-size":"auto","background-attachment":"scroll","background-type":"","background-media":"","overlay-type":"","overlay-color":"","overlay-opacity":"","overlay-gradient":""},"tablet":{"background-color":"var(--ast-global-color-5)","background-image":"","background-repeat":"repeat","background-position":"center center","background-size":"auto","background-attachment":"scroll","background-type":"","background-media":"","overlay-type":"","overlay-color":"","overlay-opacity":"","overlay-gradient":""},"mobile":{"background-color":"var(--ast-global-color-5)","background-image":"","background-repeat":"repeat","background-position":"center center","background-size":"auto","background-attachment":"scroll","background-type":"","background-media":"","overlay-type":"","overlay-color":"","overlay-opacity":"","overlay-gradient":""}},"_glsr_average":0,"_glsr_ranking":0,"_glsr_reviews":0},"product_brand":[],"product_cat":[49,81,99,104,21,42,63],"product_tag":[],"class_list":{"0":"post-822","1":"product","2":"type-product","3":"status-publish","4":"has-post-thumbnail","6":"product_cat-confiance-en-soi","7":"product_cat-connexion-spirituelle","8":"product_cat-gris","9":"product_cat-labradorite","10":"product_cat-pendentifs-de-lithotherapie","11":"product_cat-protection","12":"product_cat-stress-angoisses","13":"desktop-align-left","14":"tablet-align-left","15":"mobile-align-left","17":"first","18":"instock","19":"purchasable","20":"product-type-simple"},"yoast_head":"<!-- This site is optimized with the Yoast SEO plugin v27.4 - https:\/\/yoast.com\/product\/yoast-seo-wordpress\/ -->\n<title>Pendentif Labradorite - Au fil des pierres<\/title>\n<meta name=\"robots\" content=\"index, follow, max-snippet:-1, max-image-preview:large, max-video-preview:-1\" \/>\n<link rel=\"canonical\" href=\"https:\/\/aufildespierres.com\/index.php\/product\/pendentif-labradorite\/\" \/>\n<meta property=\"og:locale\" content=\"fr_FR\" \/>\n<meta property=\"og:type\" content=\"article\" \/>\n<meta property=\"og:title\" content=\"Pendentif Labradorite - Au fil des pierres\" \/>\n<meta property=\"og:description\" content=\"Pendentif en Labradorite\u00a0 iridescence\u00a0 : reflet jaune cuivr\u00e9 orang\u00e9 et bleu 35 x 20 mm &nbsp; Pierre d\u2019intuition, de clairvoyance et de protection Syst\u00e8me cristallin triclinique \u00a0\u00a0groupe feldspaths\u00a0 chakra\u00a0 3 \u00e9me \u0153il et c\u0153ur Duret\u00e9 6 \u00e0 6,5 Couleurs \/ variantes\u00a0: gris plus ou moins fonc\u00e9 avec des irisations bleu ,vert jaune,orang\u00e9 , violet . [&hellip;]\" \/>\n<meta property=\"og:url\" content=\"https:\/\/aufildespierres.com\/index.php\/product\/pendentif-labradorite\/\" \/>\n<meta property=\"og:site_name\" content=\"Au fil des pierres\" \/>\n<meta property=\"article:modified_time\" content=\"2024-09-06T16:48:15+00:00\" \/>\n<meta property=\"og:image\" content=\"https:\/\/aufildespierres.com\/wp-content\/uploads\/2023\/10\/20231011_093453-scaled.jpg\" \/>\n\t<meta property=\"og:image:width\" content=\"1770\" \/>\n\t<meta property=\"og:image:height\" content=\"2560\" \/>\n\t<meta property=\"og:image:type\" content=\"image\/jpeg\" \/>\n<meta name=\"twitter:card\" content=\"summary_large_image\" \/>\n<meta name=\"twitter:label1\" content=\"Dur\u00e9e de lecture estim\u00e9e\" \/>\n\t<meta name=\"twitter:data1\" content=\"2 minutes\" \/>\n<script type=\"application\/ld+json\" class=\"yoast-schema-graph\">{\"@context\":\"https:\\\/\\\/schema.org\",\"@graph\":[{\"@type\":\"WebPage\",\"@id\":\"https:\\\/\\\/aufildespierres.com\\\/index.php\\\/product\\\/pendentif-labradorite\\\/\",\"url\":\"https:\\\/\\\/aufildespierres.com\\\/index.php\\\/product\\\/pendentif-labradorite\\\/\",\"name\":\"Pendentif Labradorite - Au fil des pierres\",\"isPartOf\":{\"@id\":\"https:\\\/\\\/aufildespierres.com\\\/#website\"},\"primaryImageOfPage\":{\"@id\":\"https:\\\/\\\/aufildespierres.com\\\/index.php\\\/product\\\/pendentif-labradorite\\\/#primaryimage\"},\"image\":{\"@id\":\"https:\\\/\\\/aufildespierres.com\\\/index.php\\\/product\\\/pendentif-labradorite\\\/#primaryimage\"},\"thumbnailUrl\":\"https:\\\/\\\/aufildespierres.com\\\/wp-content\\\/uploads\\\/2023\\\/10\\\/20231011_093453-scaled.jpg\",\"datePublished\":\"2023-10-11T12:59:35+00:00\",\"dateModified\":\"2024-09-06T16:48:15+00:00\",\"breadcrumb\":{\"@id\":\"https:\\\/\\\/aufildespierres.com\\\/index.php\\\/product\\\/pendentif-labradorite\\\/#breadcrumb\"},\"inLanguage\":\"fr-FR\",\"potentialAction\":[{\"@type\":\"ReadAction\",\"target\":[\"https:\\\/\\\/aufildespierres.com\\\/index.php\\\/product\\\/pendentif-labradorite\\\/\"]}]},{\"@type\":\"ImageObject\",\"inLanguage\":\"fr-FR\",\"@id\":\"https:\\\/\\\/aufildespierres.com\\\/index.php\\\/product\\\/pendentif-labradorite\\\/#primaryimage\",\"url\":\"https:\\\/\\\/aufildespierres.com\\\/wp-content\\\/uploads\\\/2023\\\/10\\\/20231011_093453-scaled.jpg\",\"contentUrl\":\"https:\\\/\\\/aufildespierres.com\\\/wp-content\\\/uploads\\\/2023\\\/10\\\/20231011_093453-scaled.jpg\",\"width\":1770,\"height\":2560},{\"@type\":\"BreadcrumbList\",\"@id\":\"https:\\\/\\\/aufildespierres.com\\\/index.php\\\/product\\\/pendentif-labradorite\\\/#breadcrumb\",\"itemListElement\":[{\"@type\":\"ListItem\",\"position\":1,\"name\":\"Accueil\",\"item\":\"https:\\\/\\\/aufildespierres.com\\\/\"},{\"@type\":\"ListItem\",\"position\":2,\"name\":\"Boutique de Lithoth\u00e9rapie\",\"item\":\"https:\\\/\\\/aufildespierres.com\\\/index.php\\\/boutique-de-lithotherapie\\\/\"},{\"@type\":\"ListItem\",\"position\":3,\"name\":\"Pendentif Labradorite\"}]},{\"@type\":\"WebSite\",\"@id\":\"https:\\\/\\\/aufildespierres.com\\\/#website\",\"url\":\"https:\\\/\\\/aufildespierres.com\\\/\",\"name\":\"Au fil des pierres\",\"description\":\"Au fil des pierres\",\"publisher\":{\"@id\":\"https:\\\/\\\/aufildespierres.com\\\/#organization\"},\"potentialAction\":[{\"@type\":\"SearchAction\",\"target\":{\"@type\":\"EntryPoint\",\"urlTemplate\":\"https:\\\/\\\/aufildespierres.com\\\/?s={search_term_string}\"},\"query-input\":{\"@type\":\"PropertyValueSpecification\",\"valueRequired\":true,\"valueName\":\"search_term_string\"}}],\"inLanguage\":\"fr-FR\"},{\"@type\":\"Organization\",\"@id\":\"https:\\\/\\\/aufildespierres.com\\\/#organization\",\"name\":\"Au fil des pierres\",\"url\":\"https:\\\/\\\/aufildespierres.com\\\/\",\"logo\":{\"@type\":\"ImageObject\",\"inLanguage\":\"fr-FR\",\"@id\":\"https:\\\/\\\/aufildespierres.com\\\/#\\\/schema\\\/logo\\\/image\\\/\",\"url\":\"https:\\\/\\\/aufildespierres.com\\\/wp-content\\\/uploads\\\/2023\\\/05\\\/cropped-Logo-PNG-Transparent.png\",\"contentUrl\":\"https:\\\/\\\/aufildespierres.com\\\/wp-content\\\/uploads\\\/2023\\\/05\\\/cropped-Logo-PNG-Transparent.png\",\"width\":1776,\"height\":1625,\"caption\":\"Au fil des pierres\"},\"image\":{\"@id\":\"https:\\\/\\\/aufildespierres.com\\\/#\\\/schema\\\/logo\\\/image\\\/\"}}]}<\/script>\n<!-- \/ Yoast SEO plugin. -->","yoast_head_json":{"title":"Pendentif Labradorite - Au fil des pierres","robots":{"index":"index","follow":"follow","max-snippet":"max-snippet:-1","max-image-preview":"max-image-preview:large","max-video-preview":"max-video-preview:-1"},"canonical":"https:\/\/aufildespierres.com\/index.php\/product\/pendentif-labradorite\/","og_locale":"fr_FR","og_type":"article","og_title":"Pendentif Labradorite - Au fil des pierres","og_description":"Pendentif en Labradorite\u00a0 iridescence\u00a0 : reflet jaune cuivr\u00e9 orang\u00e9 et bleu 35 x 20 mm &nbsp; Pierre d\u2019intuition, de clairvoyance et de protection Syst\u00e8me cristallin triclinique \u00a0\u00a0groupe feldspaths\u00a0 chakra\u00a0 3 \u00e9me \u0153il et c\u0153ur Duret\u00e9 6 \u00e0 6,5 Couleurs \/ variantes\u00a0: gris plus ou moins fonc\u00e9 avec des irisations bleu ,vert jaune,orang\u00e9 , violet . [&hellip;]","og_url":"https:\/\/aufildespierres.com\/index.php\/product\/pendentif-labradorite\/","og_site_name":"Au fil des pierres","article_modified_time":"2024-09-06T16:48:15+00:00","og_image":[{"width":1770,"height":2560,"url":"https:\/\/aufildespierres.com\/wp-content\/uploads\/2023\/10\/20231011_093453-scaled.jpg","type":"image\/jpeg"}],"twitter_card":"summary_large_image","twitter_misc":{"Dur\u00e9e de lecture estim\u00e9e":"2 minutes"},"schema":{"@context":"https:\/\/schema.org","@graph":[{"@type":"WebPage","@id":"https:\/\/aufildespierres.com\/index.php\/product\/pendentif-labradorite\/","url":"https:\/\/aufildespierres.com\/index.php\/product\/pendentif-labradorite\/","name":"Pendentif Labradorite - Au fil des pierres","isPartOf":{"@id":"https:\/\/aufildespierres.com\/#website"},"primaryImageOfPage":{"@id":"https:\/\/aufildespierres.com\/index.php\/product\/pendentif-labradorite\/#primaryimage"},"image":{"@id":"https:\/\/aufildespierres.com\/index.php\/product\/pendentif-labradorite\/#primaryimage"},"thumbnailUrl":"https:\/\/aufildespierres.com\/wp-content\/uploads\/2023\/10\/20231011_093453-scaled.jpg","datePublished":"2023-10-11T12:59:35+00:00","dateModified":"2024-09-06T16:48:15+00:00","breadcrumb":{"@id":"https:\/\/aufildespierres.com\/index.php\/product\/pendentif-labradorite\/#breadcrumb"},"inLanguage":"fr-FR","potentialAction":[{"@type":"ReadAction","target":["https:\/\/aufildespierres.com\/index.php\/product\/pendentif-labradorite\/"]}]},{"@type":"ImageObject","inLanguage":"fr-FR","@id":"https:\/\/aufildespierres.com\/index.php\/product\/pendentif-labradorite\/#primaryimage","url":"https:\/\/aufildespierres.com\/wp-content\/uploads\/2023\/10\/20231011_093453-scaled.jpg","contentUrl":"https:\/\/aufildespierres.com\/wp-content\/uploads\/2023\/10\/20231011_093453-scaled.jpg","width":1770,"height":2560},{"@type":"BreadcrumbList","@id":"https:\/\/aufildespierres.com\/index.php\/product\/pendentif-labradorite\/#breadcrumb","itemListElement":[{"@type":"ListItem","position":1,"name":"Accueil","item":"https:\/\/aufildespierres.com\/"},{"@type":"ListItem","position":2,"name":"Boutique de Lithoth\u00e9rapie","item":"https:\/\/aufildespierres.com\/index.php\/boutique-de-lithotherapie\/"},{"@type":"ListItem","position":3,"name":"Pendentif Labradorite"}]},{"@type":"WebSite","@id":"https:\/\/aufildespierres.com\/#website","url":"https:\/\/aufildespierres.com\/","name":"Au fil des pierres","description":"Au fil des pierres","publisher":{"@id":"https:\/\/aufildespierres.com\/#organization"},"potentialAction":[{"@type":"SearchAction","target":{"@type":"EntryPoint","urlTemplate":"https:\/\/aufildespierres.com\/?s={search_term_string}"},"query-input":{"@type":"PropertyValueSpecification","valueRequired":true,"valueName":"search_term_string"}}],"inLanguage":"fr-FR"},{"@type":"Organization","@id":"https:\/\/aufildespierres.com\/#organization","name":"Au fil des pierres","url":"https:\/\/aufildespierres.com\/","logo":{"@type":"ImageObject","inLanguage":"fr-FR","@id":"https:\/\/aufildespierres.com\/#\/schema\/logo\/image\/","url":"https:\/\/aufildespierres.com\/wp-content\/uploads\/2023\/05\/cropped-Logo-PNG-Transparent.png","contentUrl":"https:\/\/aufildespierres.com\/wp-content\/uploads\/2023\/05\/cropped-Logo-PNG-Transparent.png","width":1776,"height":1625,"caption":"Au fil des pierres"},"image":{"@id":"https:\/\/aufildespierres.com\/#\/schema\/logo\/image\/"}}]}},"_links":{"self":[{"href":"https:\/\/aufildespierres.com\/index.php\/wp-json\/wp\/v2\/product\/822","targetHints":{"allow":["GET"]}}],"collection":[{"href":"https:\/\/aufildespierres.com\/index.php\/wp-json\/wp\/v2\/product"}],"about":[{"href":"https:\/\/aufildespierres.com\/index.php\/wp-json\/wp\/v2\/types\/product"}],"replies":[{"embeddable":true,"href":"https:\/\/aufildespierres.com\/index.php\/wp-json\/wp\/v2\/comments?post=822"}],"wp:featuredmedia":[{"embeddable":true,"href":"https:\/\/aufildespierres.com\/index.php\/wp-json\/wp\/v2\/media\/823"}],"wp:attachment":[{"href":"https:\/\/aufildespierres.com\/index.php\/wp-json\/wp\/v2\/media?parent=822"}],"wp:term":[{"taxonomy":"product_brand","embeddable":true,"href":"https:\/\/aufildespierres.com\/index.php\/wp-json\/wp\/v2\/product_brand?post=822"},{"taxonomy":"product_cat","embeddable":true,"href":"https:\/\/aufildespierres.com\/index.php\/wp-json\/wp\/v2\/product_cat?post=822"},{"taxonomy":"product_tag","embeddable":true,"href":"https:\/\/aufildespierres.com\/index.php\/wp-json\/wp\/v2\/product_tag?post=822"}],"curies":[{"name":"wp","href":"https:\/\/api.w.org\/{rel}","templated":true}]}}