{"id":827,"date":"2023-10-11T15:10:34","date_gmt":"2023-10-11T13:10:34","guid":{"rendered":"https:\/\/aufildespierres.com\/?post_type=product&#038;p=827"},"modified":"2025-04-06T19:06:22","modified_gmt":"2025-04-06T17:06:22","slug":"pendentif-en-chrysoprase","status":"publish","type":"product","link":"https:\/\/aufildespierres.com\/index.php\/product\/pendentif-en-chrysoprase\/","title":{"rendered":"Pendentif en CHRYSOPRASE"},"content":{"rendered":"<p><strong>Pendentif en Chrysoprase forme ronde avec breloque c\u0153ur\u00a0<\/strong><\/p>\n<p>environ 30 x 30 mm<\/p>\n<p>B\u00e9li\u00e8re acier inoxydable<\/p>\n<p>La pierre poss\u00e8de une tr\u00e8s l\u00e9g\u00e8re cicatrice naturelle\u00a0 visible au dos et polie .<\/p>\n<p>&nbsp;<\/p>\n<p>Chakra\u00a0: c\u0153ur , \u00e9galement plexus et gorge suivant les couleurs<\/p>\n<p>Purification\u00a0: Eau distill\u00e9e sal\u00e9e<\/p>\n<p>Rechargement\u00a0: Amas de quartz soleil<\/p>\n<p>Couleurs\u00a0: vert clair, vert pomme \u00e0 vert soutenu<\/p>\n<p>Signes astrologiques\u00a0: Cancer Balance<\/p>\n<p>Gisements\u00a0: Afrique du Sud Australie Inde Madagascar Russie USA<\/p>\n<p>Duret\u00e9\u00a0: 6,5 \u00e0 7<\/p>\n<p>Syst\u00e8me cristallin et groupe\u00a0: Rhombo\u00e9drique Quartz microcristallin<\/p>\n<p>&nbsp;<\/p>\n<p><strong>Propri\u00e9t\u00e9s psychiques <\/strong><\/p>\n<p>Temp\u00e8re le cot\u00e9 dominateur dans la douceur<\/p>\n<p>Aide \u00e0 avoir confiance en soi et ne pas se sentir inf\u00e9rieur, elle procure un sentiment de s\u00e9curit\u00e9 et de stabilit\u00e9 \u00e9motionnelle et de courage si on est en proie \u00e0 des doutes<\/p>\n<p>Favorise amour\u00a0 universel et\u00a0 compassion, et aide \u00e0 fermer un cycle ( amoureux par exemple ) pour en ouvrir un autre\u00a0; encourage la fid\u00e9lit\u00e9 et engagement tout en gardant son ind\u00e9pendance , le pardon et s\u2019oppose aux jugements<\/p>\n<p>Renforce la tendresse maternelle<\/p>\n<p>Favorise le d\u00e9veloppement personnel, la remise en question et la prise de recul, espoir et intuition personnelle, optimisme<\/p>\n<p>Charge les chakras en \u00e9nergie<\/p>\n<p>Stimule talents et cr\u00e9ativit\u00e9<\/p>\n<p>Incite \u00e0 l\u2019ouverture des autres leur acceptation et sa propre acceptation en lib\u00e9rant des complexes et inhibitions<\/p>\n<p>Aide \u00e0 gu\u00e9rir l\u2019enfant int\u00e9rieur en lib\u00e9rant les \u00e9motions refoul\u00e9es de l\u2019enfance , att\u00e9nue col\u00e8re jalousie sentiments d\u2019injustice<\/p>\n<p>Aide \u00e0 se d\u00e9tacher d\u2019une situation avec plus de courage augmentant sa bonne perception et en favorisant des d\u00e9cisions franches et d\u00e9termin\u00e9es\u00a0; l\u2019esprit sera apais\u00e9 et plus clair, plus inspir\u00e9<\/p>\n<p>Favorise introspection et d\u00e9veloppement personnel, accompagne les changements<\/p>\n<p>Attire amour et tendresse<\/p>\n<p>&nbsp;<\/p>\n<ul>\n<li>Pierre apaisante pour corps et esprit et p\u00e9riode de d\u00e9pression<\/li>\n<li>Diminue irritabilit\u00e9 et pens\u00e9es n\u00e9gatives et stress \u00e9motionne<\/li>\n<li>Apporte succ\u00e8s et prosp\u00e9rit\u00e9 dans les affaires .<\/li>\n<li>Att\u00e9nue claustrophobie et cauchemars<\/li>\n<\/ul>\n<p><strong>Propri\u00e9t\u00e9s physiques <\/strong><\/p>\n<ul>\n<li>Soutient syst\u00e8me digestif et hormonal, stimule le foie<\/li>\n<li>Favorise d\u00e9sintoxication et \u00e9limination<\/li>\n<li>Am\u00e9liore la fertilit\u00e9 et facilite l\u2019accouchement \u00a0et apaise les d\u00e9s\u00e9quilibres sexuels.<\/li>\n<li>R\u00e9gule la tension art\u00e9rielle<\/li>\n<li>Favorise relaxation concentration et meilleur sommeil<\/li>\n<\/ul>\n<ul>\n<li>Soutient la sant\u00e9 cardiaque et fait baisser la pression art\u00e9rielle<\/li>\n<li>Diminue le stress<\/li>\n<li>Anti infectieuse ORL<\/li>\n<li>Agit sur rhumatisme, goutte, pancr\u00e9as<\/li>\n<li>Apaise les troubles des ovaires ,soutient la grossesse, conseill\u00e9e en cas de st\u00e9rilit\u00e9 non m\u00e9dicale<\/li>\n<\/ul>\n<p>&nbsp;<\/p>\n<p>&nbsp;<\/p>\n<p><img loading=\"lazy\" decoding=\"async\" class=\"alignnone size-medium wp-image-828\" src=\"https:\/\/aufildespierres.com\/wp-content\/uploads\/2023\/10\/20231011_094509-146x300.jpg\" alt=\"\" width=\"146\" height=\"300\" srcset=\"https:\/\/aufildespierres.com\/wp-content\/uploads\/2023\/10\/20231011_094509-146x300.jpg 146w, https:\/\/aufildespierres.com\/wp-content\/uploads\/2023\/10\/20231011_094509-498x1024.jpg 498w, https:\/\/aufildespierres.com\/wp-content\/uploads\/2023\/10\/20231011_094509-768x1580.jpg 768w, https:\/\/aufildespierres.com\/wp-content\/uploads\/2023\/10\/20231011_094509-747x1536.jpg 747w, https:\/\/aufildespierres.com\/wp-content\/uploads\/2023\/10\/20231011_094509-996x2048.jpg 996w, https:\/\/aufildespierres.com\/wp-content\/uploads\/2023\/10\/20231011_094509-1000x2057.jpg 1000w, https:\/\/aufildespierres.com\/wp-content\/uploads\/2023\/10\/20231011_094509-scaled.jpg 1244w\" sizes=\"auto, (max-width: 146px) 100vw, 146px\" \/> <img loading=\"lazy\" decoding=\"async\" class=\"alignnone size-medium wp-image-829\" src=\"https:\/\/aufildespierres.com\/wp-content\/uploads\/2023\/10\/20231011_094519-146x300.jpg\" alt=\"\" width=\"146\" height=\"300\" srcset=\"https:\/\/aufildespierres.com\/wp-content\/uploads\/2023\/10\/20231011_094519-146x300.jpg 146w, https:\/\/aufildespierres.com\/wp-content\/uploads\/2023\/10\/20231011_094519-498x1024.jpg 498w, https:\/\/aufildespierres.com\/wp-content\/uploads\/2023\/10\/20231011_094519-768x1580.jpg 768w, https:\/\/aufildespierres.com\/wp-content\/uploads\/2023\/10\/20231011_094519-747x1536.jpg 747w, https:\/\/aufildespierres.com\/wp-content\/uploads\/2023\/10\/20231011_094519-996x2048.jpg 996w, https:\/\/aufildespierres.com\/wp-content\/uploads\/2023\/10\/20231011_094519-1000x2057.jpg 1000w, https:\/\/aufildespierres.com\/wp-content\/uploads\/2023\/10\/20231011_094519-scaled.jpg 1244w\" sizes=\"auto, (max-width: 146px) 100vw, 146px\" \/><\/p>\n","protected":false},"excerpt":{"rendered":"<p>Pendentif en Chrysoprase forme ronde avec breloque c\u0153ur\u00a0 environ 30 x 30 mm B\u00e9li\u00e8re acier inoxydable La pierre poss\u00e8de une tr\u00e8s l\u00e9g\u00e8re cicatrice naturelle\u00a0 visible au dos et polie . &nbsp; Chakra\u00a0: c\u0153ur , \u00e9galement plexus et gorge suivant les couleurs Purification\u00a0: Eau distill\u00e9e sal\u00e9e Rechargement\u00a0: Amas de quartz soleil Couleurs\u00a0: vert clair, vert pomme [&hellip;]<\/p>\n","protected":false},"featured_media":828,"comment_status":"open","ping_status":"closed","template":"","meta":{"site-sidebar-layout":"default","site-content-layout":"","ast-site-content-layout":"default","site-content-style":"default","site-sidebar-style":"default","ast-global-header-display":"","ast-banner-title-visibility":"","ast-main-header-display":"","ast-hfb-above-header-display":"","ast-hfb-below-header-display":"","ast-hfb-mobile-header-display":"","site-post-title":"","ast-breadcrumbs-content":"","ast-featured-img":"","footer-sml-layout":"","ast-disable-related-posts":"","theme-transparent-header-meta":"default","adv-header-id-meta":"","stick-header-meta":"","header-above-stick-meta":"","header-main-stick-meta":"","header-below-stick-meta":"","astra-migrate-meta-layouts":"set","ast-page-background-enabled":"default","ast-page-background-meta":{"desktop":{"background-color":"var(--ast-global-color-4)","background-image":"","background-repeat":"repeat","background-position":"center center","background-size":"auto","background-attachment":"scroll","background-type":"","background-media":"","overlay-type":"","overlay-color":"","overlay-opacity":"","overlay-gradient":""},"tablet":{"background-color":"","background-image":"","background-repeat":"repeat","background-position":"center center","background-size":"auto","background-attachment":"scroll","background-type":"","background-media":"","overlay-type":"","overlay-color":"","overlay-opacity":"","overlay-gradient":""},"mobile":{"background-color":"","background-image":"","background-repeat":"repeat","background-position":"center center","background-size":"auto","background-attachment":"scroll","background-type":"","background-media":"","overlay-type":"","overlay-color":"","overlay-opacity":"","overlay-gradient":""}},"ast-content-background-meta":{"desktop":{"background-color":"var(--ast-global-color-5)","background-image":"","background-repeat":"repeat","background-position":"center center","background-size":"auto","background-attachment":"scroll","background-type":"","background-media":"","overlay-type":"","overlay-color":"","overlay-opacity":"","overlay-gradient":""},"tablet":{"background-color":"var(--ast-global-color-5)","background-image":"","background-repeat":"repeat","background-position":"center center","background-size":"auto","background-attachment":"scroll","background-type":"","background-media":"","overlay-type":"","overlay-color":"","overlay-opacity":"","overlay-gradient":""},"mobile":{"background-color":"var(--ast-global-color-5)","background-image":"","background-repeat":"repeat","background-position":"center center","background-size":"auto","background-attachment":"scroll","background-type":"","background-media":"","overlay-type":"","overlay-color":"","overlay-opacity":"","overlay-gradient":""}},"_glsr_average":0,"_glsr_ranking":0,"_glsr_reviews":0},"product_brand":[],"product_cat":[140,49,21,78],"product_tag":[],"class_list":{"0":"post-827","1":"product","2":"type-product","3":"status-publish","4":"has-post-thumbnail","6":"product_cat-chrysoprase","7":"product_cat-confiance-en-soi","8":"product_cat-pendentifs-de-lithotherapie","9":"product_cat-vert","10":"desktop-align-left","11":"tablet-align-left","12":"mobile-align-left","14":"first","15":"instock","16":"purchasable","17":"product-type-simple"},"yoast_head":"<!-- This site is optimized with the Yoast SEO plugin v27.5 - https:\/\/yoast.com\/product\/yoast-seo-wordpress\/ -->\n<title>Pendentif en CHRYSOPRASE - Au fil des pierres<\/title>\n<meta name=\"robots\" content=\"index, follow, max-snippet:-1, max-image-preview:large, max-video-preview:-1\" \/>\n<link rel=\"canonical\" href=\"https:\/\/aufildespierres.com\/index.php\/product\/pendentif-en-chrysoprase\/\" \/>\n<meta property=\"og:locale\" content=\"fr_FR\" \/>\n<meta property=\"og:type\" content=\"article\" \/>\n<meta property=\"og:title\" content=\"Pendentif en CHRYSOPRASE - Au fil des pierres\" \/>\n<meta property=\"og:description\" content=\"Pendentif en Chrysoprase forme ronde avec breloque c\u0153ur\u00a0 environ 30 x 30 mm B\u00e9li\u00e8re acier inoxydable La pierre poss\u00e8de une tr\u00e8s l\u00e9g\u00e8re cicatrice naturelle\u00a0 visible au dos et polie . &nbsp; Chakra\u00a0: c\u0153ur , \u00e9galement plexus et gorge suivant les couleurs Purification\u00a0: Eau distill\u00e9e sal\u00e9e Rechargement\u00a0: Amas de quartz soleil Couleurs\u00a0: vert clair, vert pomme [&hellip;]\" \/>\n<meta property=\"og:url\" content=\"https:\/\/aufildespierres.com\/index.php\/product\/pendentif-en-chrysoprase\/\" \/>\n<meta property=\"og:site_name\" content=\"Au fil des pierres\" \/>\n<meta property=\"article:modified_time\" content=\"2025-04-06T17:06:22+00:00\" \/>\n<meta property=\"og:image\" content=\"https:\/\/aufildespierres.com\/wp-content\/uploads\/2023\/10\/20231011_094509-scaled.jpg\" \/>\n\t<meta property=\"og:image:width\" content=\"1244\" \/>\n\t<meta property=\"og:image:height\" content=\"2560\" \/>\n\t<meta property=\"og:image:type\" content=\"image\/jpeg\" \/>\n<meta name=\"twitter:card\" content=\"summary_large_image\" \/>\n<meta name=\"twitter:label1\" content=\"Dur\u00e9e de lecture estim\u00e9e\" \/>\n\t<meta name=\"twitter:data1\" content=\"3 minutes\" \/>\n<script type=\"application\/ld+json\" class=\"yoast-schema-graph\">{\"@context\":\"https:\\\/\\\/schema.org\",\"@graph\":[{\"@type\":\"WebPage\",\"@id\":\"https:\\\/\\\/aufildespierres.com\\\/index.php\\\/product\\\/pendentif-en-chrysoprase\\\/\",\"url\":\"https:\\\/\\\/aufildespierres.com\\\/index.php\\\/product\\\/pendentif-en-chrysoprase\\\/\",\"name\":\"Pendentif en CHRYSOPRASE - Au fil des pierres\",\"isPartOf\":{\"@id\":\"https:\\\/\\\/aufildespierres.com\\\/#website\"},\"primaryImageOfPage\":{\"@id\":\"https:\\\/\\\/aufildespierres.com\\\/index.php\\\/product\\\/pendentif-en-chrysoprase\\\/#primaryimage\"},\"image\":{\"@id\":\"https:\\\/\\\/aufildespierres.com\\\/index.php\\\/product\\\/pendentif-en-chrysoprase\\\/#primaryimage\"},\"thumbnailUrl\":\"https:\\\/\\\/aufildespierres.com\\\/wp-content\\\/uploads\\\/2023\\\/10\\\/20231011_094509-scaled.jpg\",\"datePublished\":\"2023-10-11T13:10:34+00:00\",\"dateModified\":\"2025-04-06T17:06:22+00:00\",\"breadcrumb\":{\"@id\":\"https:\\\/\\\/aufildespierres.com\\\/index.php\\\/product\\\/pendentif-en-chrysoprase\\\/#breadcrumb\"},\"inLanguage\":\"fr-FR\",\"potentialAction\":[{\"@type\":\"ReadAction\",\"target\":[\"https:\\\/\\\/aufildespierres.com\\\/index.php\\\/product\\\/pendentif-en-chrysoprase\\\/\"]}]},{\"@type\":\"ImageObject\",\"inLanguage\":\"fr-FR\",\"@id\":\"https:\\\/\\\/aufildespierres.com\\\/index.php\\\/product\\\/pendentif-en-chrysoprase\\\/#primaryimage\",\"url\":\"https:\\\/\\\/aufildespierres.com\\\/wp-content\\\/uploads\\\/2023\\\/10\\\/20231011_094509-scaled.jpg\",\"contentUrl\":\"https:\\\/\\\/aufildespierres.com\\\/wp-content\\\/uploads\\\/2023\\\/10\\\/20231011_094509-scaled.jpg\",\"width\":1244,\"height\":2560},{\"@type\":\"BreadcrumbList\",\"@id\":\"https:\\\/\\\/aufildespierres.com\\\/index.php\\\/product\\\/pendentif-en-chrysoprase\\\/#breadcrumb\",\"itemListElement\":[{\"@type\":\"ListItem\",\"position\":1,\"name\":\"Accueil\",\"item\":\"https:\\\/\\\/aufildespierres.com\\\/\"},{\"@type\":\"ListItem\",\"position\":2,\"name\":\"Boutique de Lithoth\u00e9rapie\",\"item\":\"https:\\\/\\\/aufildespierres.com\\\/index.php\\\/boutique-de-lithotherapie\\\/\"},{\"@type\":\"ListItem\",\"position\":3,\"name\":\"Pendentif en CHRYSOPRASE\"}]},{\"@type\":\"WebSite\",\"@id\":\"https:\\\/\\\/aufildespierres.com\\\/#website\",\"url\":\"https:\\\/\\\/aufildespierres.com\\\/\",\"name\":\"Au fil des pierres\",\"description\":\"Au fil des pierres\",\"publisher\":{\"@id\":\"https:\\\/\\\/aufildespierres.com\\\/#organization\"},\"potentialAction\":[{\"@type\":\"SearchAction\",\"target\":{\"@type\":\"EntryPoint\",\"urlTemplate\":\"https:\\\/\\\/aufildespierres.com\\\/?s={search_term_string}\"},\"query-input\":{\"@type\":\"PropertyValueSpecification\",\"valueRequired\":true,\"valueName\":\"search_term_string\"}}],\"inLanguage\":\"fr-FR\"},{\"@type\":\"Organization\",\"@id\":\"https:\\\/\\\/aufildespierres.com\\\/#organization\",\"name\":\"Au fil des pierres\",\"url\":\"https:\\\/\\\/aufildespierres.com\\\/\",\"logo\":{\"@type\":\"ImageObject\",\"inLanguage\":\"fr-FR\",\"@id\":\"https:\\\/\\\/aufildespierres.com\\\/#\\\/schema\\\/logo\\\/image\\\/\",\"url\":\"https:\\\/\\\/aufildespierres.com\\\/wp-content\\\/uploads\\\/2023\\\/05\\\/cropped-Logo-PNG-Transparent.png\",\"contentUrl\":\"https:\\\/\\\/aufildespierres.com\\\/wp-content\\\/uploads\\\/2023\\\/05\\\/cropped-Logo-PNG-Transparent.png\",\"width\":1776,\"height\":1625,\"caption\":\"Au fil des pierres\"},\"image\":{\"@id\":\"https:\\\/\\\/aufildespierres.com\\\/#\\\/schema\\\/logo\\\/image\\\/\"}}]}<\/script>\n<!-- \/ Yoast SEO plugin. -->","yoast_head_json":{"title":"Pendentif en CHRYSOPRASE - Au fil des pierres","robots":{"index":"index","follow":"follow","max-snippet":"max-snippet:-1","max-image-preview":"max-image-preview:large","max-video-preview":"max-video-preview:-1"},"canonical":"https:\/\/aufildespierres.com\/index.php\/product\/pendentif-en-chrysoprase\/","og_locale":"fr_FR","og_type":"article","og_title":"Pendentif en CHRYSOPRASE - Au fil des pierres","og_description":"Pendentif en Chrysoprase forme ronde avec breloque c\u0153ur\u00a0 environ 30 x 30 mm B\u00e9li\u00e8re acier inoxydable La pierre poss\u00e8de une tr\u00e8s l\u00e9g\u00e8re cicatrice naturelle\u00a0 visible au dos et polie . &nbsp; Chakra\u00a0: c\u0153ur , \u00e9galement plexus et gorge suivant les couleurs Purification\u00a0: Eau distill\u00e9e sal\u00e9e Rechargement\u00a0: Amas de quartz soleil Couleurs\u00a0: vert clair, vert pomme [&hellip;]","og_url":"https:\/\/aufildespierres.com\/index.php\/product\/pendentif-en-chrysoprase\/","og_site_name":"Au fil des pierres","article_modified_time":"2025-04-06T17:06:22+00:00","og_image":[{"width":1244,"height":2560,"url":"https:\/\/aufildespierres.com\/wp-content\/uploads\/2023\/10\/20231011_094509-scaled.jpg","type":"image\/jpeg"}],"twitter_card":"summary_large_image","twitter_misc":{"Dur\u00e9e de lecture estim\u00e9e":"3 minutes"},"schema":{"@context":"https:\/\/schema.org","@graph":[{"@type":"WebPage","@id":"https:\/\/aufildespierres.com\/index.php\/product\/pendentif-en-chrysoprase\/","url":"https:\/\/aufildespierres.com\/index.php\/product\/pendentif-en-chrysoprase\/","name":"Pendentif en CHRYSOPRASE - Au fil des pierres","isPartOf":{"@id":"https:\/\/aufildespierres.com\/#website"},"primaryImageOfPage":{"@id":"https:\/\/aufildespierres.com\/index.php\/product\/pendentif-en-chrysoprase\/#primaryimage"},"image":{"@id":"https:\/\/aufildespierres.com\/index.php\/product\/pendentif-en-chrysoprase\/#primaryimage"},"thumbnailUrl":"https:\/\/aufildespierres.com\/wp-content\/uploads\/2023\/10\/20231011_094509-scaled.jpg","datePublished":"2023-10-11T13:10:34+00:00","dateModified":"2025-04-06T17:06:22+00:00","breadcrumb":{"@id":"https:\/\/aufildespierres.com\/index.php\/product\/pendentif-en-chrysoprase\/#breadcrumb"},"inLanguage":"fr-FR","potentialAction":[{"@type":"ReadAction","target":["https:\/\/aufildespierres.com\/index.php\/product\/pendentif-en-chrysoprase\/"]}]},{"@type":"ImageObject","inLanguage":"fr-FR","@id":"https:\/\/aufildespierres.com\/index.php\/product\/pendentif-en-chrysoprase\/#primaryimage","url":"https:\/\/aufildespierres.com\/wp-content\/uploads\/2023\/10\/20231011_094509-scaled.jpg","contentUrl":"https:\/\/aufildespierres.com\/wp-content\/uploads\/2023\/10\/20231011_094509-scaled.jpg","width":1244,"height":2560},{"@type":"BreadcrumbList","@id":"https:\/\/aufildespierres.com\/index.php\/product\/pendentif-en-chrysoprase\/#breadcrumb","itemListElement":[{"@type":"ListItem","position":1,"name":"Accueil","item":"https:\/\/aufildespierres.com\/"},{"@type":"ListItem","position":2,"name":"Boutique de Lithoth\u00e9rapie","item":"https:\/\/aufildespierres.com\/index.php\/boutique-de-lithotherapie\/"},{"@type":"ListItem","position":3,"name":"Pendentif en CHRYSOPRASE"}]},{"@type":"WebSite","@id":"https:\/\/aufildespierres.com\/#website","url":"https:\/\/aufildespierres.com\/","name":"Au fil des pierres","description":"Au fil des pierres","publisher":{"@id":"https:\/\/aufildespierres.com\/#organization"},"potentialAction":[{"@type":"SearchAction","target":{"@type":"EntryPoint","urlTemplate":"https:\/\/aufildespierres.com\/?s={search_term_string}"},"query-input":{"@type":"PropertyValueSpecification","valueRequired":true,"valueName":"search_term_string"}}],"inLanguage":"fr-FR"},{"@type":"Organization","@id":"https:\/\/aufildespierres.com\/#organization","name":"Au fil des pierres","url":"https:\/\/aufildespierres.com\/","logo":{"@type":"ImageObject","inLanguage":"fr-FR","@id":"https:\/\/aufildespierres.com\/#\/schema\/logo\/image\/","url":"https:\/\/aufildespierres.com\/wp-content\/uploads\/2023\/05\/cropped-Logo-PNG-Transparent.png","contentUrl":"https:\/\/aufildespierres.com\/wp-content\/uploads\/2023\/05\/cropped-Logo-PNG-Transparent.png","width":1776,"height":1625,"caption":"Au fil des pierres"},"image":{"@id":"https:\/\/aufildespierres.com\/#\/schema\/logo\/image\/"}}]}},"_links":{"self":[{"href":"https:\/\/aufildespierres.com\/index.php\/wp-json\/wp\/v2\/product\/827","targetHints":{"allow":["GET"]}}],"collection":[{"href":"https:\/\/aufildespierres.com\/index.php\/wp-json\/wp\/v2\/product"}],"about":[{"href":"https:\/\/aufildespierres.com\/index.php\/wp-json\/wp\/v2\/types\/product"}],"replies":[{"embeddable":true,"href":"https:\/\/aufildespierres.com\/index.php\/wp-json\/wp\/v2\/comments?post=827"}],"wp:featuredmedia":[{"embeddable":true,"href":"https:\/\/aufildespierres.com\/index.php\/wp-json\/wp\/v2\/media\/828"}],"wp:attachment":[{"href":"https:\/\/aufildespierres.com\/index.php\/wp-json\/wp\/v2\/media?parent=827"}],"wp:term":[{"taxonomy":"product_brand","embeddable":true,"href":"https:\/\/aufildespierres.com\/index.php\/wp-json\/wp\/v2\/product_brand?post=827"},{"taxonomy":"product_cat","embeddable":true,"href":"https:\/\/aufildespierres.com\/index.php\/wp-json\/wp\/v2\/product_cat?post=827"},{"taxonomy":"product_tag","embeddable":true,"href":"https:\/\/aufildespierres.com\/index.php\/wp-json\/wp\/v2\/product_tag?post=827"}],"curies":[{"name":"wp","href":"https:\/\/api.w.org\/{rel}","templated":true}]}}