{"id":868,"date":"2023-10-12T19:43:26","date_gmt":"2023-10-12T17:43:26","guid":{"rendered":"https:\/\/aufildespierres.com\/?post_type=product&#038;p=868"},"modified":"2025-08-04T16:06:16","modified_gmt":"2025-08-04T14:06:16","slug":"pendentif-en-unakite","status":"publish","type":"product","link":"https:\/\/aufildespierres.com\/index.php\/product\/pendentif-en-unakite\/","title":{"rendered":"Pendentif en UNAKITE"},"content":{"rendered":"<p><strong>Pendentif en Unakite\u00a0<\/strong><\/p>\n<p>35 x 20 mm environ<\/p>\n<p>poids : 7 grammes<\/p>\n<p>Unakite\u00a0 \/ Epidote<\/p>\n<p>L\u2019Epidote est verte<\/p>\n<p>L\u2019unakite a des taches roses ou orang\u00e9es du a du feldspath<\/p>\n<p>&nbsp;<\/p>\n<p>Apporte confiance en soi , diminue la timidit\u00e9<\/p>\n<p>Aide \u00e0 diminuer le stress et canaliser les \u00e9motions<\/p>\n<p>Aide \u00e0 se relever d\u2019un deuil ou d\u2019un traumatisme pass\u00e9 , apporte de la force en convalescence<\/p>\n<p>Aide \u00e0 s\u2019accepter soi m\u00eame ,lien vers soi et aussi en ouverture aux autres<\/p>\n<p>Conseill\u00e9e aux personnes qui se d\u00e9pr\u00e9cient et sont peu sures d\u2019elles m\u00eames,\u00a0 elle aidera \u00e0 d\u00e9passer les \u00e9checs et les vieux traumatismes<\/p>\n<p>Temp\u00e8re jalousie et col\u00e8re<\/p>\n<p>Favorise introspection et connaissance de soi . Diminue hypertension et ulc\u00e8res, soutient le syst\u00e8me immunitaire<\/p>\n<p>Agit sur les probl\u00e8mes osseux comme fractures et d\u00e9calcification .<\/p>\n<p>Soutient poumons et respiration , digestion( foie, v\u00e9sicule, intestins ) et aide \u00e0 diminuer graisses et toxines<\/p>\n<p>Am\u00e9liore la dur\u00e9e d\u2019endormissement et la qualit\u00e9 du sommeil<\/p>\n<p>Diminue maux de t\u00eate et migraines .<\/p>\n<p>&nbsp;<\/p>\n<p>&nbsp;<\/p>\n","protected":false},"excerpt":{"rendered":"<p>Pendentif en Unakite\u00a0 35 x 20 mm environ poids : 7 grammes Unakite\u00a0 \/ Epidote L\u2019Epidote est verte L\u2019unakite a des taches roses ou orang\u00e9es du a du feldspath &nbsp; Apporte confiance en soi , diminue la timidit\u00e9 Aide \u00e0 diminuer le stress et canaliser les \u00e9motions Aide \u00e0 se relever d\u2019un deuil ou d\u2019un [&hellip;]<\/p>\n","protected":false},"featured_media":869,"comment_status":"open","ping_status":"closed","template":"","meta":{"site-sidebar-layout":"default","site-content-layout":"","ast-site-content-layout":"default","site-content-style":"default","site-sidebar-style":"default","ast-global-header-display":"","ast-banner-title-visibility":"","ast-main-header-display":"","ast-hfb-above-header-display":"","ast-hfb-below-header-display":"","ast-hfb-mobile-header-display":"","site-post-title":"","ast-breadcrumbs-content":"","ast-featured-img":"","footer-sml-layout":"","ast-disable-related-posts":"","theme-transparent-header-meta":"default","adv-header-id-meta":"","stick-header-meta":"","header-above-stick-meta":"","header-main-stick-meta":"","header-below-stick-meta":"","astra-migrate-meta-layouts":"set","ast-page-background-enabled":"default","ast-page-background-meta":{"desktop":{"background-color":"var(--ast-global-color-4)","background-image":"","background-repeat":"repeat","background-position":"center center","background-size":"auto","background-attachment":"scroll","background-type":"","background-media":"","overlay-type":"","overlay-color":"","overlay-opacity":"","overlay-gradient":""},"tablet":{"background-color":"","background-image":"","background-repeat":"repeat","background-position":"center center","background-size":"auto","background-attachment":"scroll","background-type":"","background-media":"","overlay-type":"","overlay-color":"","overlay-opacity":"","overlay-gradient":""},"mobile":{"background-color":"","background-image":"","background-repeat":"repeat","background-position":"center center","background-size":"auto","background-attachment":"scroll","background-type":"","background-media":"","overlay-type":"","overlay-color":"","overlay-opacity":"","overlay-gradient":""}},"ast-content-background-meta":{"desktop":{"background-color":"var(--ast-global-color-5)","background-image":"","background-repeat":"repeat","background-position":"center center","background-size":"auto","background-attachment":"scroll","background-type":"","background-media":"","overlay-type":"","overlay-color":"","overlay-opacity":"","overlay-gradient":""},"tablet":{"background-color":"var(--ast-global-color-5)","background-image":"","background-repeat":"repeat","background-position":"center center","background-size":"auto","background-attachment":"scroll","background-type":"","background-media":"","overlay-type":"","overlay-color":"","overlay-opacity":"","overlay-gradient":""},"mobile":{"background-color":"var(--ast-global-color-5)","background-image":"","background-repeat":"repeat","background-position":"center center","background-size":"auto","background-attachment":"scroll","background-type":"","background-media":"","overlay-type":"","overlay-color":"","overlay-opacity":"","overlay-gradient":""}},"_glsr_average":0,"_glsr_ranking":0,"_glsr_reviews":0},"product_brand":[],"product_cat":[21,65,63,83,78],"product_tag":[],"class_list":{"0":"post-868","1":"product","2":"type-product","3":"status-publish","4":"has-post-thumbnail","6":"product_cat-pendentifs-de-lithotherapie","7":"product_cat-rose","8":"product_cat-stress-angoisses","9":"product_cat-unakite","10":"product_cat-vert","11":"desktop-align-left","12":"tablet-align-left","13":"mobile-align-left","15":"first","16":"outofstock","17":"purchasable","18":"product-type-simple"},"yoast_head":"<!-- This site is optimized with the Yoast SEO plugin v27.4 - https:\/\/yoast.com\/product\/yoast-seo-wordpress\/ -->\n<title>Pendentif en UNAKITE - Au fil des pierres<\/title>\n<meta name=\"robots\" content=\"index, follow, max-snippet:-1, max-image-preview:large, max-video-preview:-1\" \/>\n<link rel=\"canonical\" href=\"https:\/\/aufildespierres.com\/index.php\/product\/pendentif-en-unakite\/\" \/>\n<meta property=\"og:locale\" content=\"fr_FR\" \/>\n<meta property=\"og:type\" content=\"article\" \/>\n<meta property=\"og:title\" content=\"Pendentif en UNAKITE - Au fil des pierres\" \/>\n<meta property=\"og:description\" content=\"Pendentif en Unakite\u00a0 35 x 20 mm environ poids : 7 grammes Unakite\u00a0 \/ Epidote L\u2019Epidote est verte L\u2019unakite a des taches roses ou orang\u00e9es du a du feldspath &nbsp; Apporte confiance en soi , diminue la timidit\u00e9 Aide \u00e0 diminuer le stress et canaliser les \u00e9motions Aide \u00e0 se relever d\u2019un deuil ou d\u2019un [&hellip;]\" \/>\n<meta property=\"og:url\" content=\"https:\/\/aufildespierres.com\/index.php\/product\/pendentif-en-unakite\/\" \/>\n<meta property=\"og:site_name\" content=\"Au fil des pierres\" \/>\n<meta property=\"article:modified_time\" content=\"2025-08-04T14:06:16+00:00\" \/>\n<meta property=\"og:image\" content=\"https:\/\/aufildespierres.com\/wp-content\/uploads\/2023\/10\/20231012_150015-scaled.jpg\" \/>\n\t<meta property=\"og:image:width\" content=\"2166\" \/>\n\t<meta property=\"og:image:height\" content=\"2560\" \/>\n\t<meta property=\"og:image:type\" content=\"image\/jpeg\" \/>\n<meta name=\"twitter:card\" content=\"summary_large_image\" \/>\n<meta name=\"twitter:label1\" content=\"Dur\u00e9e de lecture estim\u00e9e\" \/>\n\t<meta name=\"twitter:data1\" content=\"1 minute\" \/>\n<script type=\"application\/ld+json\" class=\"yoast-schema-graph\">{\"@context\":\"https:\\\/\\\/schema.org\",\"@graph\":[{\"@type\":\"WebPage\",\"@id\":\"https:\\\/\\\/aufildespierres.com\\\/index.php\\\/product\\\/pendentif-en-unakite\\\/\",\"url\":\"https:\\\/\\\/aufildespierres.com\\\/index.php\\\/product\\\/pendentif-en-unakite\\\/\",\"name\":\"Pendentif en UNAKITE - Au fil des pierres\",\"isPartOf\":{\"@id\":\"https:\\\/\\\/aufildespierres.com\\\/#website\"},\"primaryImageOfPage\":{\"@id\":\"https:\\\/\\\/aufildespierres.com\\\/index.php\\\/product\\\/pendentif-en-unakite\\\/#primaryimage\"},\"image\":{\"@id\":\"https:\\\/\\\/aufildespierres.com\\\/index.php\\\/product\\\/pendentif-en-unakite\\\/#primaryimage\"},\"thumbnailUrl\":\"https:\\\/\\\/aufildespierres.com\\\/wp-content\\\/uploads\\\/2023\\\/10\\\/20231012_150015-scaled.jpg\",\"datePublished\":\"2023-10-12T17:43:26+00:00\",\"dateModified\":\"2025-08-04T14:06:16+00:00\",\"breadcrumb\":{\"@id\":\"https:\\\/\\\/aufildespierres.com\\\/index.php\\\/product\\\/pendentif-en-unakite\\\/#breadcrumb\"},\"inLanguage\":\"fr-FR\",\"potentialAction\":[{\"@type\":\"ReadAction\",\"target\":[\"https:\\\/\\\/aufildespierres.com\\\/index.php\\\/product\\\/pendentif-en-unakite\\\/\"]}]},{\"@type\":\"ImageObject\",\"inLanguage\":\"fr-FR\",\"@id\":\"https:\\\/\\\/aufildespierres.com\\\/index.php\\\/product\\\/pendentif-en-unakite\\\/#primaryimage\",\"url\":\"https:\\\/\\\/aufildespierres.com\\\/wp-content\\\/uploads\\\/2023\\\/10\\\/20231012_150015-scaled.jpg\",\"contentUrl\":\"https:\\\/\\\/aufildespierres.com\\\/wp-content\\\/uploads\\\/2023\\\/10\\\/20231012_150015-scaled.jpg\",\"width\":2166,\"height\":2560},{\"@type\":\"BreadcrumbList\",\"@id\":\"https:\\\/\\\/aufildespierres.com\\\/index.php\\\/product\\\/pendentif-en-unakite\\\/#breadcrumb\",\"itemListElement\":[{\"@type\":\"ListItem\",\"position\":1,\"name\":\"Accueil\",\"item\":\"https:\\\/\\\/aufildespierres.com\\\/\"},{\"@type\":\"ListItem\",\"position\":2,\"name\":\"Boutique de Lithoth\u00e9rapie\",\"item\":\"https:\\\/\\\/aufildespierres.com\\\/index.php\\\/boutique-de-lithotherapie\\\/\"},{\"@type\":\"ListItem\",\"position\":3,\"name\":\"Pendentif en UNAKITE\"}]},{\"@type\":\"WebSite\",\"@id\":\"https:\\\/\\\/aufildespierres.com\\\/#website\",\"url\":\"https:\\\/\\\/aufildespierres.com\\\/\",\"name\":\"Au fil des pierres\",\"description\":\"Au fil des pierres\",\"publisher\":{\"@id\":\"https:\\\/\\\/aufildespierres.com\\\/#organization\"},\"potentialAction\":[{\"@type\":\"SearchAction\",\"target\":{\"@type\":\"EntryPoint\",\"urlTemplate\":\"https:\\\/\\\/aufildespierres.com\\\/?s={search_term_string}\"},\"query-input\":{\"@type\":\"PropertyValueSpecification\",\"valueRequired\":true,\"valueName\":\"search_term_string\"}}],\"inLanguage\":\"fr-FR\"},{\"@type\":\"Organization\",\"@id\":\"https:\\\/\\\/aufildespierres.com\\\/#organization\",\"name\":\"Au fil des pierres\",\"url\":\"https:\\\/\\\/aufildespierres.com\\\/\",\"logo\":{\"@type\":\"ImageObject\",\"inLanguage\":\"fr-FR\",\"@id\":\"https:\\\/\\\/aufildespierres.com\\\/#\\\/schema\\\/logo\\\/image\\\/\",\"url\":\"https:\\\/\\\/aufildespierres.com\\\/wp-content\\\/uploads\\\/2023\\\/05\\\/cropped-Logo-PNG-Transparent.png\",\"contentUrl\":\"https:\\\/\\\/aufildespierres.com\\\/wp-content\\\/uploads\\\/2023\\\/05\\\/cropped-Logo-PNG-Transparent.png\",\"width\":1776,\"height\":1625,\"caption\":\"Au fil des pierres\"},\"image\":{\"@id\":\"https:\\\/\\\/aufildespierres.com\\\/#\\\/schema\\\/logo\\\/image\\\/\"}}]}<\/script>\n<!-- \/ Yoast SEO plugin. -->","yoast_head_json":{"title":"Pendentif en UNAKITE - Au fil des pierres","robots":{"index":"index","follow":"follow","max-snippet":"max-snippet:-1","max-image-preview":"max-image-preview:large","max-video-preview":"max-video-preview:-1"},"canonical":"https:\/\/aufildespierres.com\/index.php\/product\/pendentif-en-unakite\/","og_locale":"fr_FR","og_type":"article","og_title":"Pendentif en UNAKITE - Au fil des pierres","og_description":"Pendentif en Unakite\u00a0 35 x 20 mm environ poids : 7 grammes Unakite\u00a0 \/ Epidote L\u2019Epidote est verte L\u2019unakite a des taches roses ou orang\u00e9es du a du feldspath &nbsp; Apporte confiance en soi , diminue la timidit\u00e9 Aide \u00e0 diminuer le stress et canaliser les \u00e9motions Aide \u00e0 se relever d\u2019un deuil ou d\u2019un [&hellip;]","og_url":"https:\/\/aufildespierres.com\/index.php\/product\/pendentif-en-unakite\/","og_site_name":"Au fil des pierres","article_modified_time":"2025-08-04T14:06:16+00:00","og_image":[{"width":2166,"height":2560,"url":"https:\/\/aufildespierres.com\/wp-content\/uploads\/2023\/10\/20231012_150015-scaled.jpg","type":"image\/jpeg"}],"twitter_card":"summary_large_image","twitter_misc":{"Dur\u00e9e de lecture estim\u00e9e":"1 minute"},"schema":{"@context":"https:\/\/schema.org","@graph":[{"@type":"WebPage","@id":"https:\/\/aufildespierres.com\/index.php\/product\/pendentif-en-unakite\/","url":"https:\/\/aufildespierres.com\/index.php\/product\/pendentif-en-unakite\/","name":"Pendentif en UNAKITE - Au fil des pierres","isPartOf":{"@id":"https:\/\/aufildespierres.com\/#website"},"primaryImageOfPage":{"@id":"https:\/\/aufildespierres.com\/index.php\/product\/pendentif-en-unakite\/#primaryimage"},"image":{"@id":"https:\/\/aufildespierres.com\/index.php\/product\/pendentif-en-unakite\/#primaryimage"},"thumbnailUrl":"https:\/\/aufildespierres.com\/wp-content\/uploads\/2023\/10\/20231012_150015-scaled.jpg","datePublished":"2023-10-12T17:43:26+00:00","dateModified":"2025-08-04T14:06:16+00:00","breadcrumb":{"@id":"https:\/\/aufildespierres.com\/index.php\/product\/pendentif-en-unakite\/#breadcrumb"},"inLanguage":"fr-FR","potentialAction":[{"@type":"ReadAction","target":["https:\/\/aufildespierres.com\/index.php\/product\/pendentif-en-unakite\/"]}]},{"@type":"ImageObject","inLanguage":"fr-FR","@id":"https:\/\/aufildespierres.com\/index.php\/product\/pendentif-en-unakite\/#primaryimage","url":"https:\/\/aufildespierres.com\/wp-content\/uploads\/2023\/10\/20231012_150015-scaled.jpg","contentUrl":"https:\/\/aufildespierres.com\/wp-content\/uploads\/2023\/10\/20231012_150015-scaled.jpg","width":2166,"height":2560},{"@type":"BreadcrumbList","@id":"https:\/\/aufildespierres.com\/index.php\/product\/pendentif-en-unakite\/#breadcrumb","itemListElement":[{"@type":"ListItem","position":1,"name":"Accueil","item":"https:\/\/aufildespierres.com\/"},{"@type":"ListItem","position":2,"name":"Boutique de Lithoth\u00e9rapie","item":"https:\/\/aufildespierres.com\/index.php\/boutique-de-lithotherapie\/"},{"@type":"ListItem","position":3,"name":"Pendentif en UNAKITE"}]},{"@type":"WebSite","@id":"https:\/\/aufildespierres.com\/#website","url":"https:\/\/aufildespierres.com\/","name":"Au fil des pierres","description":"Au fil des pierres","publisher":{"@id":"https:\/\/aufildespierres.com\/#organization"},"potentialAction":[{"@type":"SearchAction","target":{"@type":"EntryPoint","urlTemplate":"https:\/\/aufildespierres.com\/?s={search_term_string}"},"query-input":{"@type":"PropertyValueSpecification","valueRequired":true,"valueName":"search_term_string"}}],"inLanguage":"fr-FR"},{"@type":"Organization","@id":"https:\/\/aufildespierres.com\/#organization","name":"Au fil des pierres","url":"https:\/\/aufildespierres.com\/","logo":{"@type":"ImageObject","inLanguage":"fr-FR","@id":"https:\/\/aufildespierres.com\/#\/schema\/logo\/image\/","url":"https:\/\/aufildespierres.com\/wp-content\/uploads\/2023\/05\/cropped-Logo-PNG-Transparent.png","contentUrl":"https:\/\/aufildespierres.com\/wp-content\/uploads\/2023\/05\/cropped-Logo-PNG-Transparent.png","width":1776,"height":1625,"caption":"Au fil des pierres"},"image":{"@id":"https:\/\/aufildespierres.com\/#\/schema\/logo\/image\/"}}]}},"_links":{"self":[{"href":"https:\/\/aufildespierres.com\/index.php\/wp-json\/wp\/v2\/product\/868","targetHints":{"allow":["GET"]}}],"collection":[{"href":"https:\/\/aufildespierres.com\/index.php\/wp-json\/wp\/v2\/product"}],"about":[{"href":"https:\/\/aufildespierres.com\/index.php\/wp-json\/wp\/v2\/types\/product"}],"replies":[{"embeddable":true,"href":"https:\/\/aufildespierres.com\/index.php\/wp-json\/wp\/v2\/comments?post=868"}],"wp:featuredmedia":[{"embeddable":true,"href":"https:\/\/aufildespierres.com\/index.php\/wp-json\/wp\/v2\/media\/869"}],"wp:attachment":[{"href":"https:\/\/aufildespierres.com\/index.php\/wp-json\/wp\/v2\/media?parent=868"}],"wp:term":[{"taxonomy":"product_brand","embeddable":true,"href":"https:\/\/aufildespierres.com\/index.php\/wp-json\/wp\/v2\/product_brand?post=868"},{"taxonomy":"product_cat","embeddable":true,"href":"https:\/\/aufildespierres.com\/index.php\/wp-json\/wp\/v2\/product_cat?post=868"},{"taxonomy":"product_tag","embeddable":true,"href":"https:\/\/aufildespierres.com\/index.php\/wp-json\/wp\/v2\/product_tag?post=868"}],"curies":[{"name":"wp","href":"https:\/\/api.w.org\/{rel}","templated":true}]}}