{"id":890,"date":"2023-10-14T17:10:26","date_gmt":"2023-10-14T15:10:26","guid":{"rendered":"https:\/\/aufildespierres.com\/?post_type=product&#038;p=890"},"modified":"2026-03-26T22:04:33","modified_gmt":"2026-03-26T21:04:33","slug":"pendentif-aragonite-bleue","status":"publish","type":"product","link":"https:\/\/aufildespierres.com\/index.php\/product\/pendentif-aragonite-bleue\/","title":{"rendered":"Pendentif Aragonite bleue"},"content":{"rendered":"<p><strong>Pendentif\u00a0 Aragonite bleue\u00a0<\/strong><\/p>\n<p>environ 25 x 25 mm<\/p>\n<p>B\u00e9li\u00e8re acier inoxydable<\/p>\n<p>Patience , soin du squelette<\/p>\n<p>Ancrage recentrage apaisement<\/p>\n<p>Syst\u00e8me cristallin\u00a0: Orthorhombique\u00a0 Carbonate de calcium Famille des Carbonates<\/p>\n<p>Duret\u00e9\u00a0: 3,5 \u00e0 4<\/p>\n<p>Chakra\u00a0: sacr\u00e9 mais plut\u00f4t en utilisation sur le chakra du c\u0153ur comme outil de centrage du squelette.<\/p>\n<p>Couleurs\u00a0: incolore blanc beige marron \u00e0 rouge pale, bleue<\/p>\n<p>Gisements\u00a0: Espagne Maroc Gr\u00e8ce USA\u00a0; France Bahamas Namibie pour la bleue<\/p>\n<p>Purification\u00a0: eau distill\u00e9e ou terre \u00a0( jamais de sel )<\/p>\n<p>Rechargement : amas de quartz soleil ou lune<\/p>\n<p>Signes Astrologiques\u00a0: Lion Capricorne Poissons Vierge Taureau<\/p>\n<p>&nbsp;<\/p>\n<p>ARAGONITE BLEUE<\/p>\n<p>REEQUILIBRAGE EMOTIONNEL<\/p>\n<p>Encore appel\u00e9e calcite des Caraibes .<\/p>\n<p>L\u2019aragonite est souvent brune et la bleue est de cette couleur par rapport \u00e0 la pr\u00e9sence de cuivre . elle est plus recherch\u00e9e que la marron .<\/p>\n<p>&nbsp;<\/p>\n<p>Equilibre les \u00e9nergies Yin \/ Yang , purifie et aligne les chakras sup\u00e9rieurs<\/p>\n<p>Aide \u00e0 gu\u00e9rir les blessures \u00e9motionnelles du pass\u00e9 ou du pr\u00e9sent ,elle stabilise les \u00e9motions accordant une empathie juste et non d\u00e9bordante. Elle diminue stress et anxi\u00e9t\u00e9, \u00e9vite d\u2019\u00eatre submerg\u00e9e par ses \u00e9motions, \u00a0et soutient la confiance en soi<\/p>\n<p>Aide \u00e0 exprimer ses sentiments avec compassion et non violence ,apaise la col\u00e8re<\/p>\n<p>Favorise acceptation patience tol\u00e9rance et souplesse<\/p>\n<p>Aide a relever les d\u00e9fis et responsabilit\u00e9s\u00a0 que l\u2019on se donne tout en gardant notre sensibilit\u00e9<\/p>\n<p>Aide \u00e0 l\u2019absorption du calcium et stimule le syst\u00e8me immunitaire et respiratoire<\/p>\n<p>Renforce les os , peut apaiser les douleurs du bas du dos cons\u00e9cutives \u00e0 une col\u00e8re<\/p>\n<p>Aide \u00e0 apaiser son enfant int\u00e9rieur.<\/p>\n<p>&nbsp;<\/p>\n<p>&nbsp;<\/p>\n<p>&nbsp;<\/p>\n<p>&nbsp;<\/p>\n<p>&nbsp;<\/p>\n","protected":false},"excerpt":{"rendered":"<p>Pendentif\u00a0 Aragonite bleue\u00a0 environ 25 x 25 mm B\u00e9li\u00e8re acier inoxydable Patience , soin du squelette Ancrage recentrage apaisement Syst\u00e8me cristallin\u00a0: Orthorhombique\u00a0 Carbonate de calcium Famille des Carbonates Duret\u00e9\u00a0: 3,5 \u00e0 4 Chakra\u00a0: sacr\u00e9 mais plut\u00f4t en utilisation sur le chakra du c\u0153ur comme outil de centrage du squelette. Couleurs\u00a0: incolore blanc beige marron \u00e0 [&hellip;]<\/p>\n","protected":false},"featured_media":892,"comment_status":"open","ping_status":"closed","template":"","meta":{"site-sidebar-layout":"default","site-content-layout":"","ast-site-content-layout":"default","site-content-style":"default","site-sidebar-style":"default","ast-global-header-display":"","ast-banner-title-visibility":"","ast-main-header-display":"","ast-hfb-above-header-display":"","ast-hfb-below-header-display":"","ast-hfb-mobile-header-display":"","site-post-title":"","ast-breadcrumbs-content":"","ast-featured-img":"","footer-sml-layout":"","ast-disable-related-posts":"","theme-transparent-header-meta":"default","adv-header-id-meta":"","stick-header-meta":"","header-above-stick-meta":"","header-main-stick-meta":"","header-below-stick-meta":"","astra-migrate-meta-layouts":"set","ast-page-background-enabled":"default","ast-page-background-meta":{"desktop":{"background-color":"var(--ast-global-color-4)","background-image":"","background-repeat":"repeat","background-position":"center center","background-size":"auto","background-attachment":"scroll","background-type":"","background-media":"","overlay-type":"","overlay-color":"","overlay-opacity":"","overlay-gradient":""},"tablet":{"background-color":"","background-image":"","background-repeat":"repeat","background-position":"center center","background-size":"auto","background-attachment":"scroll","background-type":"","background-media":"","overlay-type":"","overlay-color":"","overlay-opacity":"","overlay-gradient":""},"mobile":{"background-color":"","background-image":"","background-repeat":"repeat","background-position":"center center","background-size":"auto","background-attachment":"scroll","background-type":"","background-media":"","overlay-type":"","overlay-color":"","overlay-opacity":"","overlay-gradient":""}},"ast-content-background-meta":{"desktop":{"background-color":"var(--ast-global-color-5)","background-image":"","background-repeat":"repeat","background-position":"center center","background-size":"auto","background-attachment":"scroll","background-type":"","background-media":"","overlay-type":"","overlay-color":"","overlay-opacity":"","overlay-gradient":""},"tablet":{"background-color":"var(--ast-global-color-5)","background-image":"","background-repeat":"repeat","background-position":"center center","background-size":"auto","background-attachment":"scroll","background-type":"","background-media":"","overlay-type":"","overlay-color":"","overlay-opacity":"","overlay-gradient":""},"mobile":{"background-color":"var(--ast-global-color-5)","background-image":"","background-repeat":"repeat","background-position":"center center","background-size":"auto","background-attachment":"scroll","background-type":"","background-media":"","overlay-type":"","overlay-color":"","overlay-opacity":"","overlay-gradient":""}},"_glsr_average":0,"_glsr_ranking":0,"_glsr_reviews":0},"product_brand":[],"product_cat":[148,72,49,21],"product_tag":[],"class_list":{"0":"post-890","1":"product","2":"type-product","3":"status-publish","4":"has-post-thumbnail","6":"product_cat-aragonite","7":"product_cat-bleu","8":"product_cat-confiance-en-soi","9":"product_cat-pendentifs-de-lithotherapie","10":"desktop-align-left","11":"tablet-align-left","12":"mobile-align-left","14":"first","15":"instock","16":"purchasable","17":"product-type-simple"},"yoast_head":"<!-- This site is optimized with the Yoast SEO plugin v27.5 - https:\/\/yoast.com\/product\/yoast-seo-wordpress\/ -->\n<title>Pendentif Aragonite bleue - Au fil des pierres<\/title>\n<meta name=\"description\" content=\"Pendentif en aragonite bleue aux vertus apaisantes, id\u00e9al pour favoriser calme, communication et \u00e9quilibre \u00e9motionnel tout en apportant une touche \u00e9l\u00e9gante et naturelle \u00e0 votre style\" \/>\n<meta name=\"robots\" content=\"index, follow, max-snippet:-1, max-image-preview:large, max-video-preview:-1\" \/>\n<link rel=\"canonical\" href=\"https:\/\/aufildespierres.com\/index.php\/product\/pendentif-aragonite-bleue\/\" \/>\n<meta property=\"og:locale\" content=\"fr_FR\" \/>\n<meta property=\"og:type\" content=\"article\" \/>\n<meta property=\"og:title\" content=\"Pendentif Aragonite bleue - Au fil des pierres\" \/>\n<meta property=\"og:description\" content=\"Pendentif en aragonite bleue aux vertus apaisantes, id\u00e9al pour favoriser calme, communication et \u00e9quilibre \u00e9motionnel tout en apportant une touche \u00e9l\u00e9gante et naturelle \u00e0 votre style\" \/>\n<meta property=\"og:url\" content=\"https:\/\/aufildespierres.com\/index.php\/product\/pendentif-aragonite-bleue\/\" \/>\n<meta property=\"og:site_name\" content=\"Au fil des pierres\" \/>\n<meta property=\"article:modified_time\" content=\"2026-03-26T21:04:33+00:00\" \/>\n<meta property=\"og:image\" content=\"https:\/\/aufildespierres.com\/wp-content\/uploads\/2023\/10\/20231013_180100.jpg\" \/>\n\t<meta property=\"og:image:width\" content=\"2240\" \/>\n\t<meta property=\"og:image:height\" content=\"2530\" \/>\n\t<meta property=\"og:image:type\" content=\"image\/jpeg\" \/>\n<meta name=\"twitter:card\" content=\"summary_large_image\" \/>\n<meta name=\"twitter:label1\" content=\"Dur\u00e9e de lecture estim\u00e9e\" \/>\n\t<meta name=\"twitter:data1\" content=\"2 minutes\" \/>\n<script type=\"application\/ld+json\" class=\"yoast-schema-graph\">{\"@context\":\"https:\\\/\\\/schema.org\",\"@graph\":[{\"@type\":\"WebPage\",\"@id\":\"https:\\\/\\\/aufildespierres.com\\\/index.php\\\/product\\\/pendentif-aragonite-bleue\\\/\",\"url\":\"https:\\\/\\\/aufildespierres.com\\\/index.php\\\/product\\\/pendentif-aragonite-bleue\\\/\",\"name\":\"Pendentif Aragonite bleue - Au fil des pierres\",\"isPartOf\":{\"@id\":\"https:\\\/\\\/aufildespierres.com\\\/#website\"},\"primaryImageOfPage\":{\"@id\":\"https:\\\/\\\/aufildespierres.com\\\/index.php\\\/product\\\/pendentif-aragonite-bleue\\\/#primaryimage\"},\"image\":{\"@id\":\"https:\\\/\\\/aufildespierres.com\\\/index.php\\\/product\\\/pendentif-aragonite-bleue\\\/#primaryimage\"},\"thumbnailUrl\":\"https:\\\/\\\/aufildespierres.com\\\/wp-content\\\/uploads\\\/2023\\\/10\\\/20231013_180100.jpg\",\"datePublished\":\"2023-10-14T15:10:26+00:00\",\"dateModified\":\"2026-03-26T21:04:33+00:00\",\"description\":\"Pendentif en aragonite bleue aux vertus apaisantes, id\u00e9al pour favoriser calme, communication et \u00e9quilibre \u00e9motionnel tout en apportant une touche \u00e9l\u00e9gante et naturelle \u00e0 votre style\",\"breadcrumb\":{\"@id\":\"https:\\\/\\\/aufildespierres.com\\\/index.php\\\/product\\\/pendentif-aragonite-bleue\\\/#breadcrumb\"},\"inLanguage\":\"fr-FR\",\"potentialAction\":[{\"@type\":\"ReadAction\",\"target\":[\"https:\\\/\\\/aufildespierres.com\\\/index.php\\\/product\\\/pendentif-aragonite-bleue\\\/\"]}]},{\"@type\":\"ImageObject\",\"inLanguage\":\"fr-FR\",\"@id\":\"https:\\\/\\\/aufildespierres.com\\\/index.php\\\/product\\\/pendentif-aragonite-bleue\\\/#primaryimage\",\"url\":\"https:\\\/\\\/aufildespierres.com\\\/wp-content\\\/uploads\\\/2023\\\/10\\\/20231013_180100.jpg\",\"contentUrl\":\"https:\\\/\\\/aufildespierres.com\\\/wp-content\\\/uploads\\\/2023\\\/10\\\/20231013_180100.jpg\",\"width\":2240,\"height\":2530},{\"@type\":\"BreadcrumbList\",\"@id\":\"https:\\\/\\\/aufildespierres.com\\\/index.php\\\/product\\\/pendentif-aragonite-bleue\\\/#breadcrumb\",\"itemListElement\":[{\"@type\":\"ListItem\",\"position\":1,\"name\":\"Accueil\",\"item\":\"https:\\\/\\\/aufildespierres.com\\\/\"},{\"@type\":\"ListItem\",\"position\":2,\"name\":\"Boutique de Lithoth\u00e9rapie\",\"item\":\"https:\\\/\\\/aufildespierres.com\\\/index.php\\\/boutique-de-lithotherapie\\\/\"},{\"@type\":\"ListItem\",\"position\":3,\"name\":\"Pendentif Aragonite bleue\"}]},{\"@type\":\"WebSite\",\"@id\":\"https:\\\/\\\/aufildespierres.com\\\/#website\",\"url\":\"https:\\\/\\\/aufildespierres.com\\\/\",\"name\":\"Au fil des pierres\",\"description\":\"Au fil des pierres\",\"publisher\":{\"@id\":\"https:\\\/\\\/aufildespierres.com\\\/#organization\"},\"potentialAction\":[{\"@type\":\"SearchAction\",\"target\":{\"@type\":\"EntryPoint\",\"urlTemplate\":\"https:\\\/\\\/aufildespierres.com\\\/?s={search_term_string}\"},\"query-input\":{\"@type\":\"PropertyValueSpecification\",\"valueRequired\":true,\"valueName\":\"search_term_string\"}}],\"inLanguage\":\"fr-FR\"},{\"@type\":\"Organization\",\"@id\":\"https:\\\/\\\/aufildespierres.com\\\/#organization\",\"name\":\"Au fil des pierres\",\"url\":\"https:\\\/\\\/aufildespierres.com\\\/\",\"logo\":{\"@type\":\"ImageObject\",\"inLanguage\":\"fr-FR\",\"@id\":\"https:\\\/\\\/aufildespierres.com\\\/#\\\/schema\\\/logo\\\/image\\\/\",\"url\":\"https:\\\/\\\/aufildespierres.com\\\/wp-content\\\/uploads\\\/2023\\\/05\\\/cropped-Logo-PNG-Transparent.png\",\"contentUrl\":\"https:\\\/\\\/aufildespierres.com\\\/wp-content\\\/uploads\\\/2023\\\/05\\\/cropped-Logo-PNG-Transparent.png\",\"width\":1776,\"height\":1625,\"caption\":\"Au fil des pierres\"},\"image\":{\"@id\":\"https:\\\/\\\/aufildespierres.com\\\/#\\\/schema\\\/logo\\\/image\\\/\"}}]}<\/script>\n<!-- \/ Yoast SEO plugin. -->","yoast_head_json":{"title":"Pendentif Aragonite bleue - Au fil des pierres","description":"Pendentif en aragonite bleue aux vertus apaisantes, id\u00e9al pour favoriser calme, communication et \u00e9quilibre \u00e9motionnel tout en apportant une touche \u00e9l\u00e9gante et naturelle \u00e0 votre style","robots":{"index":"index","follow":"follow","max-snippet":"max-snippet:-1","max-image-preview":"max-image-preview:large","max-video-preview":"max-video-preview:-1"},"canonical":"https:\/\/aufildespierres.com\/index.php\/product\/pendentif-aragonite-bleue\/","og_locale":"fr_FR","og_type":"article","og_title":"Pendentif Aragonite bleue - Au fil des pierres","og_description":"Pendentif en aragonite bleue aux vertus apaisantes, id\u00e9al pour favoriser calme, communication et \u00e9quilibre \u00e9motionnel tout en apportant une touche \u00e9l\u00e9gante et naturelle \u00e0 votre style","og_url":"https:\/\/aufildespierres.com\/index.php\/product\/pendentif-aragonite-bleue\/","og_site_name":"Au fil des pierres","article_modified_time":"2026-03-26T21:04:33+00:00","og_image":[{"width":2240,"height":2530,"url":"https:\/\/aufildespierres.com\/wp-content\/uploads\/2023\/10\/20231013_180100.jpg","type":"image\/jpeg"}],"twitter_card":"summary_large_image","twitter_misc":{"Dur\u00e9e de lecture estim\u00e9e":"2 minutes"},"schema":{"@context":"https:\/\/schema.org","@graph":[{"@type":"WebPage","@id":"https:\/\/aufildespierres.com\/index.php\/product\/pendentif-aragonite-bleue\/","url":"https:\/\/aufildespierres.com\/index.php\/product\/pendentif-aragonite-bleue\/","name":"Pendentif Aragonite bleue - Au fil des pierres","isPartOf":{"@id":"https:\/\/aufildespierres.com\/#website"},"primaryImageOfPage":{"@id":"https:\/\/aufildespierres.com\/index.php\/product\/pendentif-aragonite-bleue\/#primaryimage"},"image":{"@id":"https:\/\/aufildespierres.com\/index.php\/product\/pendentif-aragonite-bleue\/#primaryimage"},"thumbnailUrl":"https:\/\/aufildespierres.com\/wp-content\/uploads\/2023\/10\/20231013_180100.jpg","datePublished":"2023-10-14T15:10:26+00:00","dateModified":"2026-03-26T21:04:33+00:00","description":"Pendentif en aragonite bleue aux vertus apaisantes, id\u00e9al pour favoriser calme, communication et \u00e9quilibre \u00e9motionnel tout en apportant une touche \u00e9l\u00e9gante et naturelle \u00e0 votre style","breadcrumb":{"@id":"https:\/\/aufildespierres.com\/index.php\/product\/pendentif-aragonite-bleue\/#breadcrumb"},"inLanguage":"fr-FR","potentialAction":[{"@type":"ReadAction","target":["https:\/\/aufildespierres.com\/index.php\/product\/pendentif-aragonite-bleue\/"]}]},{"@type":"ImageObject","inLanguage":"fr-FR","@id":"https:\/\/aufildespierres.com\/index.php\/product\/pendentif-aragonite-bleue\/#primaryimage","url":"https:\/\/aufildespierres.com\/wp-content\/uploads\/2023\/10\/20231013_180100.jpg","contentUrl":"https:\/\/aufildespierres.com\/wp-content\/uploads\/2023\/10\/20231013_180100.jpg","width":2240,"height":2530},{"@type":"BreadcrumbList","@id":"https:\/\/aufildespierres.com\/index.php\/product\/pendentif-aragonite-bleue\/#breadcrumb","itemListElement":[{"@type":"ListItem","position":1,"name":"Accueil","item":"https:\/\/aufildespierres.com\/"},{"@type":"ListItem","position":2,"name":"Boutique de Lithoth\u00e9rapie","item":"https:\/\/aufildespierres.com\/index.php\/boutique-de-lithotherapie\/"},{"@type":"ListItem","position":3,"name":"Pendentif Aragonite bleue"}]},{"@type":"WebSite","@id":"https:\/\/aufildespierres.com\/#website","url":"https:\/\/aufildespierres.com\/","name":"Au fil des pierres","description":"Au fil des pierres","publisher":{"@id":"https:\/\/aufildespierres.com\/#organization"},"potentialAction":[{"@type":"SearchAction","target":{"@type":"EntryPoint","urlTemplate":"https:\/\/aufildespierres.com\/?s={search_term_string}"},"query-input":{"@type":"PropertyValueSpecification","valueRequired":true,"valueName":"search_term_string"}}],"inLanguage":"fr-FR"},{"@type":"Organization","@id":"https:\/\/aufildespierres.com\/#organization","name":"Au fil des pierres","url":"https:\/\/aufildespierres.com\/","logo":{"@type":"ImageObject","inLanguage":"fr-FR","@id":"https:\/\/aufildespierres.com\/#\/schema\/logo\/image\/","url":"https:\/\/aufildespierres.com\/wp-content\/uploads\/2023\/05\/cropped-Logo-PNG-Transparent.png","contentUrl":"https:\/\/aufildespierres.com\/wp-content\/uploads\/2023\/05\/cropped-Logo-PNG-Transparent.png","width":1776,"height":1625,"caption":"Au fil des pierres"},"image":{"@id":"https:\/\/aufildespierres.com\/#\/schema\/logo\/image\/"}}]}},"_links":{"self":[{"href":"https:\/\/aufildespierres.com\/index.php\/wp-json\/wp\/v2\/product\/890","targetHints":{"allow":["GET"]}}],"collection":[{"href":"https:\/\/aufildespierres.com\/index.php\/wp-json\/wp\/v2\/product"}],"about":[{"href":"https:\/\/aufildespierres.com\/index.php\/wp-json\/wp\/v2\/types\/product"}],"replies":[{"embeddable":true,"href":"https:\/\/aufildespierres.com\/index.php\/wp-json\/wp\/v2\/comments?post=890"}],"wp:featuredmedia":[{"embeddable":true,"href":"https:\/\/aufildespierres.com\/index.php\/wp-json\/wp\/v2\/media\/892"}],"wp:attachment":[{"href":"https:\/\/aufildespierres.com\/index.php\/wp-json\/wp\/v2\/media?parent=890"}],"wp:term":[{"taxonomy":"product_brand","embeddable":true,"href":"https:\/\/aufildespierres.com\/index.php\/wp-json\/wp\/v2\/product_brand?post=890"},{"taxonomy":"product_cat","embeddable":true,"href":"https:\/\/aufildespierres.com\/index.php\/wp-json\/wp\/v2\/product_cat?post=890"},{"taxonomy":"product_tag","embeddable":true,"href":"https:\/\/aufildespierres.com\/index.php\/wp-json\/wp\/v2\/product_tag?post=890"}],"curies":[{"name":"wp","href":"https:\/\/api.w.org\/{rel}","templated":true}]}}