{"id":930,"date":"2023-10-15T16:31:06","date_gmt":"2023-10-15T14:31:06","guid":{"rendered":"https:\/\/aufildespierres.com\/?post_type=product&#038;p=930"},"modified":"2024-09-06T18:48:11","modified_gmt":"2024-09-06T16:48:11","slug":"pendentif-en-malachite-2","status":"publish","type":"product","link":"https:\/\/aufildespierres.com\/index.php\/product\/pendentif-en-malachite-2\/","title":{"rendered":"Pendentif en MALACHITE"},"content":{"rendered":"<p><strong>Pendentif en Malachite\u00a0<\/strong><\/p>\n<p>35 x 23 mm<\/p>\n<p><strong>\u00a0\u00a0\u00a0\u00a0\u00a0\u00a0\u00a0\u00a0\u00a0\u00a0\u00a0\u00a0\u00a0\u00a0\u00a0\u00a0\u00a0\u00a0\u00a0\u00a0\u00a0\u00a0\u00a0\u00a0\u00a0\u00a0\u00a0\u00a0\u00a0\u00a0\u00a0\u00a0\u00a0\u00a0\u00a0\u00a0\u00a0\u00a0\u00a0\u00a0\u00a0\u00a0\u00a0\u00a0\u00a0\u00a0\u00a0\u00a0\u00a0\u00a0\u00a0\u00a0\u00a0\u00a0\u00a0\u00a0\u00a0\u00a0\u00a0\u00a0\u00a0\u00a0\u00a0\u00a0\u00a0\u00a0\u00a0\u00a0\u00a0\u00a0\u00a0\u00a0\u00a0\u00a0\u00a0\u00a0\u00a0\u00a0\u00a0\u00a0\u00a0\u00a0\u00a0\u00a0\u00a0\u00a0\u00a0\u00a0\u00a0\u00a0\u00a0\u00a0\u00a0\u00a0\u00a0\u00a0\u00a0\u00a0\u00a0\u00a0 MALACHITE <\/strong><\/p>\n<p>Pierre qui absorbe les \u00e9nergies et lib\u00e8re le mal physique ou \u00e9motionnel .<\/p>\n<p>Syst\u00e8me cristallin\u00a0: monoclinique\u00a0 Famille\u00a0: Carbonates ( Carbonate de cuivre )<\/p>\n<p>Chakra\u00a0: c\u0153ur<\/p>\n<p>Duret\u00e9\u00a0: 3 &#8211; 4<\/p>\n<p>Couleurs\u00a0\/variantes\u00a0: vert plus ou moins fonc\u00e9 avec des circonvolutions<\/p>\n<p>Malachite fibreuse<\/p>\n<p>Gisements\u00a0: Afrique (Congo ) Russie Etats Unis Br\u00e9sil Chili Australie Maroc Roumanie France (Var Chessy ,Aveyron ..)<\/p>\n<p>&nbsp;<\/p>\n<p><u>Propri\u00e9t\u00e9s psychiques et \u00e9motionnelles <\/u><\/p>\n<p>Augmente la confiance en soi et encourage \u00e0 trouver les ressources au plus profond de soi pour faire face aux adversit\u00e9s<\/p>\n<p>Aide \u00e0 trouver notre lumi\u00e8re int\u00e9rieure et accepter nos ombres, \u00a0mieux nous aimer<\/p>\n<p>Equilibre entre le mental et les sentiments<\/p>\n<p>Pierre de transformation persuasion et discernement qui encourage aux changements , \u00e0 la prise de risques<\/p>\n<p>Augmente l\u2019intuition et observation et permet d\u2019assumer ses responsabilit\u00e9s<\/p>\n<p>Apaisante calmante diminue le stress anxi\u00e9t\u00e9 d\u00e9pression, angoisses et peurs\u00a0 favorise la paix int\u00e9rieure , c\u2019est un anti d\u00e9presseur naturel .Aide \u00e0 la compr\u00e9hension des r\u00eaves.<\/p>\n<p>Ouvre le c\u0153ur \u00e0 l\u2019amour inconditionnel en donnant assurance et \u00e9nergie positive<\/p>\n<p>Lib\u00e8re les blocages \u00e9motionnels du pass\u00e9 enfouis profond\u00e9ment, \u00a0peut faire venir les larmes en lib\u00e9ration\u00a0; utile \u00e0 ceux qui r\u00e9p\u00e8tent les m\u00eames sch\u00e9mas et pour rompre les liens ind\u00e9sirables.<\/p>\n<p>&nbsp;<\/p>\n<p><u>Propri\u00e9t\u00e9s physiques <\/u><\/p>\n<p>Efficace contre les douleurs comme rage de dent, arthrose, fractures entorses crampes, colique, h\u00e9matome, otites angines\u00a0; pos\u00e9e sur la douleur elle l\u2019estompera, la laisser en place jusqu\u2019\u00e0 diminution.<\/p>\n<p>Anti inflammatoire naturel , antispasmodique\u00a0; agit sur le syst\u00e8me circulatoire c\u0153ur et sang \u00a0calme le syst\u00e8me nerveux , stimule le syst\u00e8me immunitaire<\/p>\n<p>Diminue les insomnies surtout si li\u00e9es \u00e0 l\u2019anxi\u00e9t\u00e9 ( aussi pour les enfants pour diminuer les cauchemars et pour les adapter \u00e0 de nouvelles situations )<\/p>\n<p>Prot\u00e8ge la grossesse et facilite l\u2019accouchement, r\u00e9gule le cycle menstruel<\/p>\n<p>Facilite la \u00a0respiration pulmonaire .<\/p>\n<p>&nbsp;<\/p>\n<p><strong><u>Purification <\/u><\/strong><\/p>\n<p>Absorbe et doit donc \u00eatre purifi\u00e9e souvent, \u00a0utiliser la sauge ou le palo santo<\/p>\n<p>La malachite n\u2019aime pas l\u2019eau et ternit si elle est mouill\u00e9e<\/p>\n<p>Recharge\u00a0: soleil, lumi\u00e8re naturelle du matin sans forte chaleur 1 \u00e0 2 heures, ou \u00e0 la pleine lune\u00a0 \u00a0enfouissement .<\/p>\n<p>&nbsp;<\/p>\n<p>Signes Astrologiques\u00a0: Taureau Balance Capricorne Scorpion.<\/p>\n<p>&nbsp;<\/p>\n<p><img loading=\"lazy\" decoding=\"async\" class=\"alignnone size-medium wp-image-931\" src=\"https:\/\/aufildespierres.com\/wp-content\/uploads\/2023\/10\/20231013_180546-183x300.jpg\" alt=\"\" width=\"183\" height=\"300\" srcset=\"https:\/\/aufildespierres.com\/wp-content\/uploads\/2023\/10\/20231013_180546-183x300.jpg 183w, https:\/\/aufildespierres.com\/wp-content\/uploads\/2023\/10\/20231013_180546-624x1024.jpg 624w, https:\/\/aufildespierres.com\/wp-content\/uploads\/2023\/10\/20231013_180546-768x1259.jpg 768w, https:\/\/aufildespierres.com\/wp-content\/uploads\/2023\/10\/20231013_180546-937x1536.jpg 937w, https:\/\/aufildespierres.com\/wp-content\/uploads\/2023\/10\/20231013_180546-1249x2048.jpg 1249w, https:\/\/aufildespierres.com\/wp-content\/uploads\/2023\/10\/20231013_180546-1000x1640.jpg 1000w, https:\/\/aufildespierres.com\/wp-content\/uploads\/2023\/10\/20231013_180546-scaled.jpg 1561w\" sizes=\"auto, (max-width: 183px) 100vw, 183px\" \/> <img loading=\"lazy\" decoding=\"async\" class=\"alignnone size-medium wp-image-932\" src=\"https:\/\/aufildespierres.com\/wp-content\/uploads\/2023\/10\/20231013_180601-188x300.jpg\" alt=\"\" width=\"188\" height=\"300\" srcset=\"https:\/\/aufildespierres.com\/wp-content\/uploads\/2023\/10\/20231013_180601-188x300.jpg 188w, https:\/\/aufildespierres.com\/wp-content\/uploads\/2023\/10\/20231013_180601-641x1024.jpg 641w, https:\/\/aufildespierres.com\/wp-content\/uploads\/2023\/10\/20231013_180601-768x1227.jpg 768w, https:\/\/aufildespierres.com\/wp-content\/uploads\/2023\/10\/20231013_180601-961x1536.jpg 961w, https:\/\/aufildespierres.com\/wp-content\/uploads\/2023\/10\/20231013_180601-1281x2048.jpg 1281w, https:\/\/aufildespierres.com\/wp-content\/uploads\/2023\/10\/20231013_180601-1000x1598.jpg 1000w, https:\/\/aufildespierres.com\/wp-content\/uploads\/2023\/10\/20231013_180601-scaled.jpg 1602w\" sizes=\"auto, (max-width: 188px) 100vw, 188px\" \/><\/p>\n<p>&nbsp;<\/p>\n<p>&nbsp;<\/p>\n<p>&nbsp;<\/p>\n<p>&nbsp;<\/p>\n","protected":false},"excerpt":{"rendered":"<p>Pendentif en Malachite\u00a0 35 x 23 mm \u00a0\u00a0\u00a0\u00a0\u00a0\u00a0\u00a0\u00a0\u00a0\u00a0\u00a0\u00a0\u00a0\u00a0\u00a0\u00a0\u00a0\u00a0\u00a0\u00a0\u00a0\u00a0\u00a0\u00a0\u00a0\u00a0\u00a0\u00a0\u00a0\u00a0\u00a0\u00a0\u00a0\u00a0\u00a0\u00a0\u00a0\u00a0\u00a0\u00a0\u00a0\u00a0\u00a0\u00a0\u00a0\u00a0\u00a0\u00a0\u00a0\u00a0\u00a0\u00a0\u00a0\u00a0\u00a0\u00a0\u00a0\u00a0\u00a0\u00a0\u00a0\u00a0\u00a0\u00a0\u00a0\u00a0\u00a0\u00a0\u00a0\u00a0\u00a0\u00a0\u00a0\u00a0\u00a0\u00a0\u00a0\u00a0\u00a0\u00a0\u00a0\u00a0\u00a0\u00a0\u00a0\u00a0\u00a0\u00a0\u00a0\u00a0\u00a0\u00a0\u00a0\u00a0\u00a0\u00a0\u00a0\u00a0\u00a0\u00a0 MALACHITE Pierre qui absorbe les \u00e9nergies et lib\u00e8re le mal physique ou \u00e9motionnel . Syst\u00e8me cristallin\u00a0: monoclinique\u00a0 Famille\u00a0: Carbonates ( Carbonate de cuivre ) Chakra\u00a0: c\u0153ur Duret\u00e9\u00a0: 3 &#8211; 4 Couleurs\u00a0\/variantes\u00a0: vert plus ou moins fonc\u00e9 avec des circonvolutions Malachite fibreuse Gisements\u00a0: Afrique (Congo ) Russie Etats [&hellip;]<\/p>\n","protected":false},"featured_media":931,"comment_status":"open","ping_status":"closed","template":"","meta":{"site-sidebar-layout":"default","site-content-layout":"","ast-site-content-layout":"default","site-content-style":"default","site-sidebar-style":"default","ast-global-header-display":"","ast-banner-title-visibility":"","ast-main-header-display":"","ast-hfb-above-header-display":"","ast-hfb-below-header-display":"","ast-hfb-mobile-header-display":"","site-post-title":"","ast-breadcrumbs-content":"","ast-featured-img":"","footer-sml-layout":"","ast-disable-related-posts":"","theme-transparent-header-meta":"default","adv-header-id-meta":"","stick-header-meta":"","header-above-stick-meta":"","header-main-stick-meta":"","header-below-stick-meta":"","astra-migrate-meta-layouts":"set","ast-page-background-enabled":"default","ast-page-background-meta":{"desktop":{"background-color":"var(--ast-global-color-4)","background-image":"","background-repeat":"repeat","background-position":"center center","background-size":"auto","background-attachment":"scroll","background-type":"","background-media":"","overlay-type":"","overlay-color":"","overlay-opacity":"","overlay-gradient":""},"tablet":{"background-color":"","background-image":"","background-repeat":"repeat","background-position":"center center","background-size":"auto","background-attachment":"scroll","background-type":"","background-media":"","overlay-type":"","overlay-color":"","overlay-opacity":"","overlay-gradient":""},"mobile":{"background-color":"","background-image":"","background-repeat":"repeat","background-position":"center center","background-size":"auto","background-attachment":"scroll","background-type":"","background-media":"","overlay-type":"","overlay-color":"","overlay-opacity":"","overlay-gradient":""}},"ast-content-background-meta":{"desktop":{"background-color":"var(--ast-global-color-5)","background-image":"","background-repeat":"repeat","background-position":"center center","background-size":"auto","background-attachment":"scroll","background-type":"","background-media":"","overlay-type":"","overlay-color":"","overlay-opacity":"","overlay-gradient":""},"tablet":{"background-color":"var(--ast-global-color-5)","background-image":"","background-repeat":"repeat","background-position":"center center","background-size":"auto","background-attachment":"scroll","background-type":"","background-media":"","overlay-type":"","overlay-color":"","overlay-opacity":"","overlay-gradient":""},"mobile":{"background-color":"var(--ast-global-color-5)","background-image":"","background-repeat":"repeat","background-position":"center center","background-size":"auto","background-attachment":"scroll","background-type":"","background-media":"","overlay-type":"","overlay-color":"","overlay-opacity":"","overlay-gradient":""}},"_glsr_average":0,"_glsr_ranking":0,"_glsr_reviews":0},"product_brand":[],"product_cat":[121,21,78],"product_tag":[],"class_list":{"0":"post-930","1":"product","2":"type-product","3":"status-publish","4":"has-post-thumbnail","6":"product_cat-malachite","7":"product_cat-pendentifs-de-lithotherapie","8":"product_cat-vert","9":"desktop-align-left","10":"tablet-align-left","11":"mobile-align-left","13":"first","14":"instock","15":"purchasable","16":"product-type-simple"},"yoast_head":"<!-- This site is optimized with the Yoast SEO plugin v27.5 - https:\/\/yoast.com\/product\/yoast-seo-wordpress\/ -->\n<title>Pendentif en MALACHITE - Au fil des pierres<\/title>\n<meta name=\"robots\" content=\"index, follow, max-snippet:-1, max-image-preview:large, max-video-preview:-1\" \/>\n<link rel=\"canonical\" href=\"https:\/\/aufildespierres.com\/index.php\/product\/pendentif-en-malachite-2\/\" \/>\n<meta property=\"og:locale\" content=\"fr_FR\" \/>\n<meta property=\"og:type\" content=\"article\" \/>\n<meta property=\"og:title\" content=\"Pendentif en MALACHITE - Au fil des pierres\" \/>\n<meta property=\"og:description\" content=\"Pendentif en Malachite\u00a0 35 x 23 mm \u00a0\u00a0\u00a0\u00a0\u00a0\u00a0\u00a0\u00a0\u00a0\u00a0\u00a0\u00a0\u00a0\u00a0\u00a0\u00a0\u00a0\u00a0\u00a0\u00a0\u00a0\u00a0\u00a0\u00a0\u00a0\u00a0\u00a0\u00a0\u00a0\u00a0\u00a0\u00a0\u00a0\u00a0\u00a0\u00a0\u00a0\u00a0\u00a0\u00a0\u00a0\u00a0\u00a0\u00a0\u00a0\u00a0\u00a0\u00a0\u00a0\u00a0\u00a0\u00a0\u00a0\u00a0\u00a0\u00a0\u00a0\u00a0\u00a0\u00a0\u00a0\u00a0\u00a0\u00a0\u00a0\u00a0\u00a0\u00a0\u00a0\u00a0\u00a0\u00a0\u00a0\u00a0\u00a0\u00a0\u00a0\u00a0\u00a0\u00a0\u00a0\u00a0\u00a0\u00a0\u00a0\u00a0\u00a0\u00a0\u00a0\u00a0\u00a0\u00a0\u00a0\u00a0\u00a0\u00a0\u00a0\u00a0\u00a0\u00a0 MALACHITE Pierre qui absorbe les \u00e9nergies et lib\u00e8re le mal physique ou \u00e9motionnel . Syst\u00e8me cristallin\u00a0: monoclinique\u00a0 Famille\u00a0: Carbonates ( Carbonate de cuivre ) Chakra\u00a0: c\u0153ur Duret\u00e9\u00a0: 3 &#8211; 4 Couleurs\u00a0\/variantes\u00a0: vert plus ou moins fonc\u00e9 avec des circonvolutions Malachite fibreuse Gisements\u00a0: Afrique (Congo ) Russie Etats [&hellip;]\" \/>\n<meta property=\"og:url\" content=\"https:\/\/aufildespierres.com\/index.php\/product\/pendentif-en-malachite-2\/\" \/>\n<meta property=\"og:site_name\" content=\"Au fil des pierres\" \/>\n<meta property=\"article:modified_time\" content=\"2024-09-06T16:48:11+00:00\" \/>\n<meta property=\"og:image\" content=\"https:\/\/aufildespierres.com\/wp-content\/uploads\/2023\/10\/20231013_180546-scaled.jpg\" \/>\n\t<meta property=\"og:image:width\" content=\"1561\" \/>\n\t<meta property=\"og:image:height\" content=\"2560\" \/>\n\t<meta property=\"og:image:type\" content=\"image\/jpeg\" \/>\n<meta name=\"twitter:card\" content=\"summary_large_image\" \/>\n<meta name=\"twitter:label1\" content=\"Dur\u00e9e de lecture estim\u00e9e\" \/>\n\t<meta name=\"twitter:data1\" content=\"2 minutes\" \/>\n<script type=\"application\/ld+json\" class=\"yoast-schema-graph\">{\"@context\":\"https:\\\/\\\/schema.org\",\"@graph\":[{\"@type\":\"WebPage\",\"@id\":\"https:\\\/\\\/aufildespierres.com\\\/index.php\\\/product\\\/pendentif-en-malachite-2\\\/\",\"url\":\"https:\\\/\\\/aufildespierres.com\\\/index.php\\\/product\\\/pendentif-en-malachite-2\\\/\",\"name\":\"Pendentif en MALACHITE - Au fil des pierres\",\"isPartOf\":{\"@id\":\"https:\\\/\\\/aufildespierres.com\\\/#website\"},\"primaryImageOfPage\":{\"@id\":\"https:\\\/\\\/aufildespierres.com\\\/index.php\\\/product\\\/pendentif-en-malachite-2\\\/#primaryimage\"},\"image\":{\"@id\":\"https:\\\/\\\/aufildespierres.com\\\/index.php\\\/product\\\/pendentif-en-malachite-2\\\/#primaryimage\"},\"thumbnailUrl\":\"https:\\\/\\\/aufildespierres.com\\\/wp-content\\\/uploads\\\/2023\\\/10\\\/20231013_180546-scaled.jpg\",\"datePublished\":\"2023-10-15T14:31:06+00:00\",\"dateModified\":\"2024-09-06T16:48:11+00:00\",\"breadcrumb\":{\"@id\":\"https:\\\/\\\/aufildespierres.com\\\/index.php\\\/product\\\/pendentif-en-malachite-2\\\/#breadcrumb\"},\"inLanguage\":\"fr-FR\",\"potentialAction\":[{\"@type\":\"ReadAction\",\"target\":[\"https:\\\/\\\/aufildespierres.com\\\/index.php\\\/product\\\/pendentif-en-malachite-2\\\/\"]}]},{\"@type\":\"ImageObject\",\"inLanguage\":\"fr-FR\",\"@id\":\"https:\\\/\\\/aufildespierres.com\\\/index.php\\\/product\\\/pendentif-en-malachite-2\\\/#primaryimage\",\"url\":\"https:\\\/\\\/aufildespierres.com\\\/wp-content\\\/uploads\\\/2023\\\/10\\\/20231013_180546-scaled.jpg\",\"contentUrl\":\"https:\\\/\\\/aufildespierres.com\\\/wp-content\\\/uploads\\\/2023\\\/10\\\/20231013_180546-scaled.jpg\",\"width\":1561,\"height\":2560},{\"@type\":\"BreadcrumbList\",\"@id\":\"https:\\\/\\\/aufildespierres.com\\\/index.php\\\/product\\\/pendentif-en-malachite-2\\\/#breadcrumb\",\"itemListElement\":[{\"@type\":\"ListItem\",\"position\":1,\"name\":\"Accueil\",\"item\":\"https:\\\/\\\/aufildespierres.com\\\/\"},{\"@type\":\"ListItem\",\"position\":2,\"name\":\"Boutique de Lithoth\u00e9rapie\",\"item\":\"https:\\\/\\\/aufildespierres.com\\\/index.php\\\/boutique-de-lithotherapie\\\/\"},{\"@type\":\"ListItem\",\"position\":3,\"name\":\"Pendentif en MALACHITE\"}]},{\"@type\":\"WebSite\",\"@id\":\"https:\\\/\\\/aufildespierres.com\\\/#website\",\"url\":\"https:\\\/\\\/aufildespierres.com\\\/\",\"name\":\"Au fil des pierres\",\"description\":\"Au fil des pierres\",\"publisher\":{\"@id\":\"https:\\\/\\\/aufildespierres.com\\\/#organization\"},\"potentialAction\":[{\"@type\":\"SearchAction\",\"target\":{\"@type\":\"EntryPoint\",\"urlTemplate\":\"https:\\\/\\\/aufildespierres.com\\\/?s={search_term_string}\"},\"query-input\":{\"@type\":\"PropertyValueSpecification\",\"valueRequired\":true,\"valueName\":\"search_term_string\"}}],\"inLanguage\":\"fr-FR\"},{\"@type\":\"Organization\",\"@id\":\"https:\\\/\\\/aufildespierres.com\\\/#organization\",\"name\":\"Au fil des pierres\",\"url\":\"https:\\\/\\\/aufildespierres.com\\\/\",\"logo\":{\"@type\":\"ImageObject\",\"inLanguage\":\"fr-FR\",\"@id\":\"https:\\\/\\\/aufildespierres.com\\\/#\\\/schema\\\/logo\\\/image\\\/\",\"url\":\"https:\\\/\\\/aufildespierres.com\\\/wp-content\\\/uploads\\\/2023\\\/05\\\/cropped-Logo-PNG-Transparent.png\",\"contentUrl\":\"https:\\\/\\\/aufildespierres.com\\\/wp-content\\\/uploads\\\/2023\\\/05\\\/cropped-Logo-PNG-Transparent.png\",\"width\":1776,\"height\":1625,\"caption\":\"Au fil des pierres\"},\"image\":{\"@id\":\"https:\\\/\\\/aufildespierres.com\\\/#\\\/schema\\\/logo\\\/image\\\/\"}}]}<\/script>\n<!-- \/ Yoast SEO plugin. -->","yoast_head_json":{"title":"Pendentif en MALACHITE - Au fil des pierres","robots":{"index":"index","follow":"follow","max-snippet":"max-snippet:-1","max-image-preview":"max-image-preview:large","max-video-preview":"max-video-preview:-1"},"canonical":"https:\/\/aufildespierres.com\/index.php\/product\/pendentif-en-malachite-2\/","og_locale":"fr_FR","og_type":"article","og_title":"Pendentif en MALACHITE - Au fil des pierres","og_description":"Pendentif en Malachite\u00a0 35 x 23 mm \u00a0\u00a0\u00a0\u00a0\u00a0\u00a0\u00a0\u00a0\u00a0\u00a0\u00a0\u00a0\u00a0\u00a0\u00a0\u00a0\u00a0\u00a0\u00a0\u00a0\u00a0\u00a0\u00a0\u00a0\u00a0\u00a0\u00a0\u00a0\u00a0\u00a0\u00a0\u00a0\u00a0\u00a0\u00a0\u00a0\u00a0\u00a0\u00a0\u00a0\u00a0\u00a0\u00a0\u00a0\u00a0\u00a0\u00a0\u00a0\u00a0\u00a0\u00a0\u00a0\u00a0\u00a0\u00a0\u00a0\u00a0\u00a0\u00a0\u00a0\u00a0\u00a0\u00a0\u00a0\u00a0\u00a0\u00a0\u00a0\u00a0\u00a0\u00a0\u00a0\u00a0\u00a0\u00a0\u00a0\u00a0\u00a0\u00a0\u00a0\u00a0\u00a0\u00a0\u00a0\u00a0\u00a0\u00a0\u00a0\u00a0\u00a0\u00a0\u00a0\u00a0\u00a0\u00a0\u00a0\u00a0\u00a0\u00a0\u00a0 MALACHITE Pierre qui absorbe les \u00e9nergies et lib\u00e8re le mal physique ou \u00e9motionnel . Syst\u00e8me cristallin\u00a0: monoclinique\u00a0 Famille\u00a0: Carbonates ( Carbonate de cuivre ) Chakra\u00a0: c\u0153ur Duret\u00e9\u00a0: 3 &#8211; 4 Couleurs\u00a0\/variantes\u00a0: vert plus ou moins fonc\u00e9 avec des circonvolutions Malachite fibreuse Gisements\u00a0: Afrique (Congo ) Russie Etats [&hellip;]","og_url":"https:\/\/aufildespierres.com\/index.php\/product\/pendentif-en-malachite-2\/","og_site_name":"Au fil des pierres","article_modified_time":"2024-09-06T16:48:11+00:00","og_image":[{"width":1561,"height":2560,"url":"https:\/\/aufildespierres.com\/wp-content\/uploads\/2023\/10\/20231013_180546-scaled.jpg","type":"image\/jpeg"}],"twitter_card":"summary_large_image","twitter_misc":{"Dur\u00e9e de lecture estim\u00e9e":"2 minutes"},"schema":{"@context":"https:\/\/schema.org","@graph":[{"@type":"WebPage","@id":"https:\/\/aufildespierres.com\/index.php\/product\/pendentif-en-malachite-2\/","url":"https:\/\/aufildespierres.com\/index.php\/product\/pendentif-en-malachite-2\/","name":"Pendentif en MALACHITE - Au fil des pierres","isPartOf":{"@id":"https:\/\/aufildespierres.com\/#website"},"primaryImageOfPage":{"@id":"https:\/\/aufildespierres.com\/index.php\/product\/pendentif-en-malachite-2\/#primaryimage"},"image":{"@id":"https:\/\/aufildespierres.com\/index.php\/product\/pendentif-en-malachite-2\/#primaryimage"},"thumbnailUrl":"https:\/\/aufildespierres.com\/wp-content\/uploads\/2023\/10\/20231013_180546-scaled.jpg","datePublished":"2023-10-15T14:31:06+00:00","dateModified":"2024-09-06T16:48:11+00:00","breadcrumb":{"@id":"https:\/\/aufildespierres.com\/index.php\/product\/pendentif-en-malachite-2\/#breadcrumb"},"inLanguage":"fr-FR","potentialAction":[{"@type":"ReadAction","target":["https:\/\/aufildespierres.com\/index.php\/product\/pendentif-en-malachite-2\/"]}]},{"@type":"ImageObject","inLanguage":"fr-FR","@id":"https:\/\/aufildespierres.com\/index.php\/product\/pendentif-en-malachite-2\/#primaryimage","url":"https:\/\/aufildespierres.com\/wp-content\/uploads\/2023\/10\/20231013_180546-scaled.jpg","contentUrl":"https:\/\/aufildespierres.com\/wp-content\/uploads\/2023\/10\/20231013_180546-scaled.jpg","width":1561,"height":2560},{"@type":"BreadcrumbList","@id":"https:\/\/aufildespierres.com\/index.php\/product\/pendentif-en-malachite-2\/#breadcrumb","itemListElement":[{"@type":"ListItem","position":1,"name":"Accueil","item":"https:\/\/aufildespierres.com\/"},{"@type":"ListItem","position":2,"name":"Boutique de Lithoth\u00e9rapie","item":"https:\/\/aufildespierres.com\/index.php\/boutique-de-lithotherapie\/"},{"@type":"ListItem","position":3,"name":"Pendentif en MALACHITE"}]},{"@type":"WebSite","@id":"https:\/\/aufildespierres.com\/#website","url":"https:\/\/aufildespierres.com\/","name":"Au fil des pierres","description":"Au fil des pierres","publisher":{"@id":"https:\/\/aufildespierres.com\/#organization"},"potentialAction":[{"@type":"SearchAction","target":{"@type":"EntryPoint","urlTemplate":"https:\/\/aufildespierres.com\/?s={search_term_string}"},"query-input":{"@type":"PropertyValueSpecification","valueRequired":true,"valueName":"search_term_string"}}],"inLanguage":"fr-FR"},{"@type":"Organization","@id":"https:\/\/aufildespierres.com\/#organization","name":"Au fil des pierres","url":"https:\/\/aufildespierres.com\/","logo":{"@type":"ImageObject","inLanguage":"fr-FR","@id":"https:\/\/aufildespierres.com\/#\/schema\/logo\/image\/","url":"https:\/\/aufildespierres.com\/wp-content\/uploads\/2023\/05\/cropped-Logo-PNG-Transparent.png","contentUrl":"https:\/\/aufildespierres.com\/wp-content\/uploads\/2023\/05\/cropped-Logo-PNG-Transparent.png","width":1776,"height":1625,"caption":"Au fil des pierres"},"image":{"@id":"https:\/\/aufildespierres.com\/#\/schema\/logo\/image\/"}}]}},"_links":{"self":[{"href":"https:\/\/aufildespierres.com\/index.php\/wp-json\/wp\/v2\/product\/930","targetHints":{"allow":["GET"]}}],"collection":[{"href":"https:\/\/aufildespierres.com\/index.php\/wp-json\/wp\/v2\/product"}],"about":[{"href":"https:\/\/aufildespierres.com\/index.php\/wp-json\/wp\/v2\/types\/product"}],"replies":[{"embeddable":true,"href":"https:\/\/aufildespierres.com\/index.php\/wp-json\/wp\/v2\/comments?post=930"}],"wp:featuredmedia":[{"embeddable":true,"href":"https:\/\/aufildespierres.com\/index.php\/wp-json\/wp\/v2\/media\/931"}],"wp:attachment":[{"href":"https:\/\/aufildespierres.com\/index.php\/wp-json\/wp\/v2\/media?parent=930"}],"wp:term":[{"taxonomy":"product_brand","embeddable":true,"href":"https:\/\/aufildespierres.com\/index.php\/wp-json\/wp\/v2\/product_brand?post=930"},{"taxonomy":"product_cat","embeddable":true,"href":"https:\/\/aufildespierres.com\/index.php\/wp-json\/wp\/v2\/product_cat?post=930"},{"taxonomy":"product_tag","embeddable":true,"href":"https:\/\/aufildespierres.com\/index.php\/wp-json\/wp\/v2\/product_tag?post=930"}],"curies":[{"name":"wp","href":"https:\/\/api.w.org\/{rel}","templated":true}]}}